{"id":2505,"date":"2022-01-28T09:02:54","date_gmt":"2022-01-28T09:02:54","guid":{"rendered":"https:\/\/taizyfarmequipment.com\/?page_id=2505"},"modified":"2022-02-28T09:47:13","modified_gmt":"2022-02-28T09:47:13","slug":"vision-general-de-la-fabrica","status":"publish","type":"page","link":"https:\/\/taizyfarmequipment.com\/es\/factory-overview\/","title":{"rendered":"Descripci\u00f3n general de la f\u00e1brica"},"content":{"rendered":"<p>Desde la creaci\u00f3n de la empresa, hemos construido m\u00e1s de 30.000 metros cuadrados de f\u00e1bricas. Nuestra f\u00e1brica cuenta con diferentes departamentos, incluido el departamento de I+D, el departamento de dise\u00f1o, el departamento de fabricaci\u00f3n, el departamento de montaje y el departamento de embalaje. <\/p>    <p>Desde la producci\u00f3n hasta la fabricaci\u00f3n, cada paso est\u00e1 a cargo de t\u00e9cnicos profesionales. Esto garantiza una transici\u00f3n fluida entre cada paso de producci\u00f3n. Adem\u00e1s, nuestras instalaciones de producci\u00f3n son avanzadas y precisas, garantizando as\u00ed la precisi\u00f3n y compacidad de las m\u00e1quinas.<\/p>    <p>Nuestra f\u00e1brica produce m\u00e1quinas de acuerdo con los est\u00e1ndares internacionales desde sus inicios. Todas las m\u00e1quinas est\u00e1n fabricadas con materiales de alta calidad. Por lo tanto, la m\u00e1quina producida es resistente al desgaste y tiene una larga vida \u00fatil.<\/p>    <h2 class=\"wp-block-heading\" id=\"h-what-agricultural-machinery-do-we-produce\">\u00bfQu\u00e9 maquinaria agr\u00edcola producimos?<\/h2>    <p>Nuestra f\u00e1brica produce una gama completa de maquinaria agr\u00edcola para satisfacer diversas necesidades agr\u00edcolas. Incluye principalmente unidad de descascarado de man\u00ed, m\u00e1quina empacadora y envolvedora, m\u00e1quina granuladora de alimento para peces, trilladora multifuncional, fresadora de arroz, m\u00e1quina para criar viveros de pl\u00e1ntulas, etc. Otros son trilladora, desgranadora, cortadora de paja, cultivadora, trituradora de granos, molinera de arroz, Maquinaria de ma\u00edz, cosechadora, aglutinadora, sembradora, trasplantadora, peletizadora, etc.<\/p>    <figure class=\"wp-block-gallery has-nested-images columns-default is-cropped wp-block-gallery-2 is-layout-flex wp-block-gallery-is-layout-flex\"> <figure class=\"wp-block-image size-large\"><img loading=\"lazy\" decoding=\"async\" width=\"720\" height=\"540\" data-id=\"2779\" src=\"https:\/\/taizyfarmequipment.com\/wp-content\/uploads\/2022\/02\/factory-1-720_540.jpg\" alt=\"existencias de la m\u00e1quina\" class=\"wp-image-2779\" title=\"existencias de la m\u00e1quina\" srcset=\"https:\/\/taizyfarmequipment.com\/wp-content\/uploads\/2022\/02\/factory-1-720_540.jpg 720w, https:\/\/taizyfarmequipment.com\/wp-content\/uploads\/2022\/02\/factory-1-720_540-300x225.jpg 300w\" sizes=\"auto, (max-width: 720px) 100vw, 720px\" \/><figcaption>existencias de la m\u00e1quina<\/figcaption><\/figure>    <figure class=\"wp-block-image size-large\"><img loading=\"lazy\" decoding=\"async\" width=\"720\" height=\"540\" data-id=\"2778\" src=\"https:\/\/taizyfarmequipment.com\/wp-content\/uploads\/2022\/02\/factory-720_540.jpg\" alt=\"m\u00e1quina agr\u00edcola empacada\" class=\"wp-image-2778\" title=\"m\u00e1quina agr\u00edcola empacada\" srcset=\"https:\/\/taizyfarmequipment.com\/wp-content\/uploads\/2022\/02\/factory-720_540.jpg 720w, https:\/\/taizyfarmequipment.com\/wp-content\/uploads\/2022\/02\/factory-720_540-300x225.jpg 300w\" sizes=\"auto, (max-width: 720px) 100vw, 720px\" \/><figcaption>m\u00e1quina agr\u00edcola empacada<\/figcaption><\/figure> <figcaption class=\"blocks-gallery-caption\">maquinaria de agricultura<\/figcaption><\/figure>    <h2 class=\"wp-block-heading\">\u00bfCu\u00e1les son los principales pa\u00edses a los que vendemos?<\/h2>    <p>Con el desarrollo continuo de la empresa, nuestros productos se han vendido en muchos pa\u00edses, como \u00c1frica, Sudeste Asi\u00e1tico y Am\u00e9rica del Sur, como Nigeria, Ghana, Per\u00fa, Indonesia, etc.<\/p>    <h2 class=\"wp-block-heading\">Rica experiencia en exportaci\u00f3n<\/h2>    <p>En el proceso de comercio de exportaci\u00f3n continuo, hemos acumulado mucha experiencia en exportaci\u00f3n.<\/p>    <p>1. Ser capaz de recomendar m\u00e1quinas adecuadas seg\u00fan la situaci\u00f3n del cliente.<\/p>    <p>2. Tambi\u00e9n podemos personalizar las m\u00e1quinas para los clientes seg\u00fan sus necesidades espec\u00edficas.<\/p>    <p>3. Aceptamos varios m\u00e9todos de pago, como Trade Assurance, T\/T, Western Union, Money Gram, L\/C, Pay Pal, Efectivo, etc. Los clientes pueden elegir el m\u00e9todo de pago que les resulte m\u00e1s conveniente.<\/p>    <p>4. Contamos con certificados completos. Nuestra empresa cuenta con el certificado ISO 9001 y la mayor\u00eda de los productos tienen el certificado CE. Tambi\u00e9n podemos obtener PVOC, SONCAP, SABRE y Preferencial C\/O para ayudar a los clientes a realizar el despacho de importaci\u00f3n f\u00e1cilmente.<\/p>    <p>5. Adem\u00e1s, contamos con un sistema log\u00edstico completo, que puede ofrecer a los clientes varios modos de transporte. Por ejemplo LCL o FCL por mar o por aire, expreso internacional.<\/p>    <p>Desde el establecimiento de la f\u00e1brica, hemos establecido relaciones de cooperaci\u00f3n con muchos pa\u00edses extranjeros. Y tenemos una rica experiencia en la realizaci\u00f3n de proyectos de licitaci\u00f3n de ONG, la FAO, el PNUD y adquisiciones gubernamentales.\u00a0<\/p>    <h2 class=\"wp-block-heading\">Nuestro lema<\/h2>    <p>Para los agricultores, para la agricultura, para una vida mejor.<\/p>","protected":false},"excerpt":{"rendered":"<p>Since the establishment of the company, we have built more than 30,000 square meters of factories. Our factory has different departments, including R&amp;D department, design department, manufacturing department, assembly department and packing department. From production to manufacturing, every step is handled by professional technicians. This ensures a smooth transition between each production step. Besides, our [&hellip;]<\/p>\n","protected":false},"author":1,"featured_media":2772,"parent":0,"menu_order":0,"comment_status":"closed","ping_status":"closed","template":"","meta":{"footnotes":""},"class_list":["post-2505","page","type-page","status-publish","has-post-thumbnail","hentry"],"_links":{"self":[{"href":"https:\/\/taizyfarmequipment.com\/es\/wp-json\/wp\/v2\/pages\/2505","targetHints":{"allow":["GET"]}}],"collection":[{"href":"https:\/\/taizyfarmequipment.com\/es\/wp-json\/wp\/v2\/pages"}],"about":[{"href":"https:\/\/taizyfarmequipment.com\/es\/wp-json\/wp\/v2\/types\/page"}],"author":[{"embeddable":true,"href":"https:\/\/taizyfarmequipment.com\/es\/wp-json\/wp\/v2\/users\/1"}],"replies":[{"embeddable":true,"href":"https:\/\/taizyfarmequipment.com\/es\/wp-json\/wp\/v2\/comments?post=2505"}],"version-history":[{"count":0,"href":"https:\/\/taizyfarmequipment.com\/es\/wp-json\/wp\/v2\/pages\/2505\/revisions"}],"wp:featuredmedia":[{"embeddable":true,"href":"https:\/\/taizyfarmequipment.com\/es\/wp-json\/wp\/v2\/media\/2772"}],"wp:attachment":[{"href":"https:\/\/taizyfarmequipment.com\/es\/wp-json\/wp\/v2\/media?parent=2505"}],"curies":[{"name":"wp","href":"https:\/\/api.w.org\/{rel}","templated":true}]}}