{"id":7,"date":"2021-12-10T07:35:19","date_gmt":"2021-12-10T07:35:19","guid":{"rendered":"http:\/\/taizyfarmequipment.local\/?page_id=7"},"modified":"2022-03-23T03:23:16","modified_gmt":"2022-03-23T03:23:16","slug":"sobre-nosotros","status":"publish","type":"page","link":"https:\/\/taizyfarmequipment.com\/es\/about-us\/","title":{"rendered":"Sobre nosotros"},"content":{"rendered":"<p><\/p>    <h2 class=\"wp-block-heading\" id=\"h-who-we-are\">Quienes somos  <\/h2>    <p class=\"translation-block\">Zhengzhou Taizy Machinery Co., Ltd es una empresa especializada en la investigaci\u00f3n, fabricaci\u00f3n, desarrollo y venta de<a href=\"\/es\/producto-2\/\">maquinaria agr\u00edcola<\/a>. Con el aumento continuo en la escala de la agricultura y la mejora constante en los rendimientos de los cultivos, la maquinaria agr\u00edcola se ha convertido en una necesidad diaria para las personas en todos los pa\u00edses. Por lo tanto, nuestra empresa fue fundada en 2011 con la misi\u00f3n corporativa de \u201chacer que las m\u00e1quinas chinas cambien cada rinc\u00f3n del mundo\u201d. Desde la creaci\u00f3n de nuestra empresa, hemos construido m\u00e1s de 30,000 metros cuadrados de talleres y contamos con 200 t\u00e9cnicos profesionales. Est\u00e1n comprometidos en crear mejores m\u00e1quinas y equipos. Al mismo tiempo, nuestra maquinaria agr\u00edcola tambi\u00e9n ha sido bien recibida tanto en el pa\u00eds como en el extranjero. Hoy en d\u00eda, nuestros productos gozan de gran popularidad en \u00c1frica, Sudeste Asi\u00e1tico y Sudam\u00e9rica, como Nigeria, Ghana, Per\u00fa, Indonesia, etc. Adem\u00e1s, tenemos una amplia experiencia en la realizaci\u00f3n de proyectos de licitaci\u00f3n de ONG, FAO, PNUD y compras gubernamentales.<\/p>    <figure class=\"wp-block-gallery has-nested-images columns-default is-cropped wp-block-gallery-2 is-layout-flex wp-block-gallery-is-layout-flex\"> <figure class=\"wp-block-image size-large\"><img loading=\"lazy\" decoding=\"async\" width=\"720\" height=\"540\" data-id=\"2736\" src=\"https:\/\/taizyfarmequipment.com\/wp-content\/uploads\/2022\/02\/55-tuya-tuya-tuya_720_540.jpg\" alt=\"nuestra f\u00e1brica\" class=\"wp-image-2736\" title=\"nuestra f\u00e1brica\" srcset=\"https:\/\/taizyfarmequipment.com\/wp-content\/uploads\/2022\/02\/55-tuya-tuya-tuya_720_540.jpg 720w, https:\/\/taizyfarmequipment.com\/wp-content\/uploads\/2022\/02\/55-tuya-tuya-tuya_720_540-300x225.jpg 300w\" sizes=\"auto, (max-width: 720px) 100vw, 720px\" \/><figcaption>nuestra f\u00e1brica<\/figcaption><\/figure>    <figure class=\"wp-block-image size-large\"><img loading=\"lazy\" decoding=\"async\" width=\"720\" height=\"540\" data-id=\"2737\" src=\"https:\/\/taizyfarmequipment.com\/wp-content\/uploads\/2022\/02\/53-tuya_720_540.jpg\" alt=\"maquina produciendo\" class=\"wp-image-2737\" title=\"maquina produciendo\" srcset=\"https:\/\/taizyfarmequipment.com\/wp-content\/uploads\/2022\/02\/53-tuya_720_540.jpg 720w, https:\/\/taizyfarmequipment.com\/wp-content\/uploads\/2022\/02\/53-tuya_720_540-300x225.jpg 300w\" sizes=\"auto, (max-width: 720px) 100vw, 720px\" \/><figcaption>maquina produciendo<\/figcaption><\/figure> <figcaption class=\"blocks-gallery-caption\">pantalla de f\u00e1brica<\/figcaption><\/figure>    <h2 class=\"wp-block-heading\" id=\"h-our-main-products\">Nuestros principales productos<\/h2>    <p class=\"translation-block\">Nuestros principales productos incluyen Segadora, Desgranadora,\u00a0<a href=\"https:\/\/www.agriculture-machine.com\/the-functions-uses-and-prices-of-the-combined-chaff-cutter-and-grain-grinder\/\" target=\"_blank\" rel=\"noopener\">Cortadora de paja<\/a>, Cultivador, Molinillo de granos,\u00a0Molino de arroz,\u00a0<a href=\"https:\/\/cornmachines.com\/\" target=\"_blank\" rel=\"noopener\">Maquinaria de ma\u00edz<\/a>, Cosechadora, Recolectora, Sembradora,Transplantadora,\u00a0<a href=\"https:\/\/pelletmillmachine.com\/\" target=\"_blank\" rel=\"noopener\">m\u00e1quinas de molino de tabletas<\/a>, etc. Hoy en d\u00eda, nuestros productos son preferidos por los mercados de \u00c1frica y el Sudeste Asi\u00e1tico, como Nigeria, Kenia, Sud\u00e1frica, Ghana, Congo, Etiop\u00eda, Namibia, Marruecos, Botsuana, Zimbabue, Uganda, Argelia, Camer\u00fan, etc.<\/p>    <h2 class=\"wp-block-heading\" id=\"h-our-address\">Nuestra direcci\u00f3n<\/h2>    <p>Nuestra empresa est\u00e1 ubicada en la plaza Zhengshang Jingkai, East Hanghai Road, ETDZ, Zhengzhou, Henan, China. La regi\u00f3n es un importante centro econ\u00f3mico y comercial. Aqu\u00ed contamos con abundantes recursos humanos y materiales.<\/p>    <figure class=\"wp-block-gallery has-nested-images columns-default is-cropped wp-block-gallery-3 is-layout-flex wp-block-gallery-is-layout-flex\"> <figure class=\"wp-block-image size-large\"><img loading=\"lazy\" decoding=\"async\" width=\"720\" height=\"540\" data-id=\"2738\" src=\"https:\/\/taizyfarmequipment.com\/wp-content\/uploads\/2022\/02\/44_720_540.jpg\" alt=\"nuestra oficina\" class=\"wp-image-2738\" title=\"nuestra oficina\" srcset=\"https:\/\/taizyfarmequipment.com\/wp-content\/uploads\/2022\/02\/44_720_540.jpg 720w, https:\/\/taizyfarmequipment.com\/wp-content\/uploads\/2022\/02\/44_720_540-300x225.jpg 300w\" sizes=\"auto, (max-width: 720px) 100vw, 720px\" \/><figcaption>nuestra oficina<\/figcaption><\/figure>    <figure class=\"wp-block-image size-large\"><img loading=\"lazy\" decoding=\"async\" width=\"720\" height=\"540\" data-id=\"2739\" src=\"https:\/\/taizyfarmequipment.com\/wp-content\/uploads\/2022\/02\/88-tuya_720_540.jpg\" alt=\"edificio de oficinas\" class=\"wp-image-2739\" title=\"edificio de oficinas\" srcset=\"https:\/\/taizyfarmequipment.com\/wp-content\/uploads\/2022\/02\/88-tuya_720_540.jpg 720w, https:\/\/taizyfarmequipment.com\/wp-content\/uploads\/2022\/02\/88-tuya_720_540-300x225.jpg 300w\" sizes=\"auto, (max-width: 720px) 100vw, 720px\" \/><figcaption>edificio de oficinas<\/figcaption><\/figure> <figcaption class=\"blocks-gallery-caption\">Nuestra direcci\u00f3n<\/figcaption><\/figure>    <h2 class=\"wp-block-heading\" id=\"h-our-service\">Nuestro servicio<\/h2>    <p>Contamos con gerentes profesionales para comunicarnos con usted. Pueden responder r\u00e1pidamente a diversas preguntas, proporcionar informaci\u00f3n completa sobre las m\u00e1quinas y soluciones de m\u00e1quinas razonables. El siguiente es el contenido de nuestro servicio:<\/p>    <p>Preventa<\/p>    <ol class=\"wp-block-list\" type=\"1\"><li>Entienda completamente sus necesidades. Le preguntaremos sobre sus materias primas, la cantidad de materias primas que desea procesar, su presupuesto y m\u00e1s. Para recomendarle la m\u00e1quina adecuada.<\/li><li>Despu\u00e9s de confirmar sus necesidades, le haremos una cotizaci\u00f3n. La cotizaci\u00f3n contiene los par\u00e1metros y detalles de la m\u00e1quina. Tambi\u00e9n enumeraremos otras m\u00e1quinas que cumplan con sus requisitos para su referencia.<\/li><\/ol>    <p>En venta<\/p>    <ol class=\"wp-block-list\" type=\"1\"><li>Ofrecemos m\u00e9todos de pago seguros y r\u00e1pidos. Aceptamos Trade Assurance, T\/T, Money Gram, L\/C, Pay Pal, Western Union, efectivo, etc. Puede elegir seg\u00fan su conveniencia.<\/li><li>Embalaje visual y transporte. Le enviaremos fotograf\u00edas de la m\u00e1quina antes y despu\u00e9s del embalaje. Tambi\u00e9n podemos proporcionarle un v\u00eddeo de su m\u00e1quina inactiva si es necesario.<\/li><\/ol>    <p>Despu\u00e9s de las ventas<\/p>    <ol class=\"wp-block-list\" type=\"1\"><li>Informar la informaci\u00f3n de log\u00edstica oportunamente. Verificaremos la informaci\u00f3n de env\u00edo de la m\u00e1quina y le notificaremos sobre el progreso del env\u00edo.<\/li><li>Servicio de instalaci\u00f3n en sitio. Si necesitas. Podemos enviar un ingeniero profesional a su lugar local y proporcionarle instrucciones de instalaci\u00f3n y uso.<\/li><li>Gu\u00eda en l\u00ednea. Tambi\u00e9n proporcionamos la gu\u00eda en l\u00ednea. Nos comprometemos a ayudarle a utilizar bien la m\u00e1quina despu\u00e9s de comprarla.<\/li><\/ol>    <figure class=\"wp-block-gallery has-nested-images columns-default is-cropped wp-block-gallery-4 is-layout-flex wp-block-gallery-is-layout-flex\"> <figure class=\"wp-block-image size-large\"><img loading=\"lazy\" decoding=\"async\" width=\"720\" height=\"540\" data-id=\"2741\" src=\"https:\/\/taizyfarmequipment.com\/wp-content\/uploads\/2022\/02\/11-tuya_720_540.jpg\" alt=\"Exposici\u00f3n en el extranjero\" class=\"wp-image-2741\" title=\"Exposici\u00f3n en el extranjero\" srcset=\"https:\/\/taizyfarmequipment.com\/wp-content\/uploads\/2022\/02\/11-tuya_720_540.jpg 720w, https:\/\/taizyfarmequipment.com\/wp-content\/uploads\/2022\/02\/11-tuya_720_540-300x225.jpg 300w\" sizes=\"auto, (max-width: 720px) 100vw, 720px\" \/><figcaption>Exposici\u00f3n en el extranjero<\/figcaption><\/figure>    <figure class=\"wp-block-image size-large\"><img loading=\"lazy\" decoding=\"async\" width=\"720\" height=\"540\" data-id=\"2743\" src=\"https:\/\/taizyfarmequipment.com\/wp-content\/uploads\/2022\/02\/08-tuya-tuya_720_540.jpg\" alt=\"Visita de f\u00e1brica\" class=\"wp-image-2743\" title=\"Visita de f\u00e1brica\" srcset=\"https:\/\/taizyfarmequipment.com\/wp-content\/uploads\/2022\/02\/08-tuya-tuya_720_540.jpg 720w, https:\/\/taizyfarmequipment.com\/wp-content\/uploads\/2022\/02\/08-tuya-tuya_720_540-300x225.jpg 300w\" sizes=\"auto, (max-width: 720px) 100vw, 720px\" \/><figcaption>Visita de f\u00e1brica<\/figcaption><\/figure> <figcaption class=\"blocks-gallery-caption\">Exposici\u00f3n en el extranjero y visita a la f\u00e1brica.<\/figcaption><\/figure>    <p><\/p>    <p><\/p>    <p><\/p>    <p><\/p>    <p><\/p>    <p><\/p>","protected":false},"excerpt":{"rendered":"<p>Who we are Zhengzhou Taizy Machinery Co., Ltd is a company specializing in the research, manufacture, development and sale of agricultural machinery. With the continuous increase in the scale of agricultural planting and the constant improvement of crop yields, agricultural machinery has become the daily needs of people in all countries. Therefore, our company was [&hellip;]<\/p>\n","protected":false},"author":1,"featured_media":2747,"parent":0,"menu_order":0,"comment_status":"closed","ping_status":"closed","template":"","meta":{"footnotes":""},"class_list":["post-7","page","type-page","status-publish","has-post-thumbnail","hentry"],"_links":{"self":[{"href":"https:\/\/taizyfarmequipment.com\/es\/wp-json\/wp\/v2\/pages\/7","targetHints":{"allow":["GET"]}}],"collection":[{"href":"https:\/\/taizyfarmequipment.com\/es\/wp-json\/wp\/v2\/pages"}],"about":[{"href":"https:\/\/taizyfarmequipment.com\/es\/wp-json\/wp\/v2\/types\/page"}],"author":[{"embeddable":true,"href":"https:\/\/taizyfarmequipment.com\/es\/wp-json\/wp\/v2\/users\/1"}],"replies":[{"embeddable":true,"href":"https:\/\/taizyfarmequipment.com\/es\/wp-json\/wp\/v2\/comments?post=7"}],"version-history":[{"count":0,"href":"https:\/\/taizyfarmequipment.com\/es\/wp-json\/wp\/v2\/pages\/7\/revisions"}],"wp:featuredmedia":[{"embeddable":true,"href":"https:\/\/taizyfarmequipment.com\/es\/wp-json\/wp\/v2\/media\/2747"}],"wp:attachment":[{"href":"https:\/\/taizyfarmequipment.com\/es\/wp-json\/wp\/v2\/media?parent=7"}],"curies":[{"name":"wp","href":"https:\/\/api.w.org\/{rel}","templated":true}]}}