{"id":2542,"date":"2022-02-08T08:27:48","date_gmt":"2022-02-08T08:27:48","guid":{"rendered":"https:\/\/taizyfarmequipment.com\/"},"modified":"2025-11-26T15:25:32","modified_gmt":"2025-11-26T07:25:32","slug":"peladora-automatica-de-semillas-de-sesamo","status":"publish","type":"product","link":"https:\/\/taizyfarmequipment.com\/es\/product\/automatic-sesame-seeds-peeling-hulling-machine\/","title":{"rendered":"Gran m\u00e1quina peladora autom\u00e1tica de semillas de s\u00e9samo"},"content":{"rendered":"<div class=\"kk-star-ratings kksr-auto kksr-align-left kksr-valign-top\"     data-payload='{&quot;align&quot;:&quot;left&quot;,&quot;id&quot;:&quot;2542&quot;,&quot;slug&quot;:&quot;default&quot;,&quot;valign&quot;:&quot;top&quot;,&quot;ignore&quot;:&quot;&quot;,&quot;reference&quot;:&quot;auto&quot;,&quot;class&quot;:&quot;&quot;,&quot;count&quot;:&quot;26&quot;,&quot;legendonly&quot;:&quot;&quot;,&quot;readonly&quot;:&quot;&quot;,&quot;score&quot;:&quot;4.8&quot;,&quot;starsonly&quot;:&quot;&quot;,&quot;best&quot;:&quot;5&quot;,&quot;gap&quot;:&quot;5&quot;,&quot;greet&quot;:&quot;Rate this product&quot;,&quot;legend&quot;:&quot;4.8\\\/5 - (26 votos)&quot;,&quot;size&quot;:&quot;24&quot;,&quot;title&quot;:&quot;Great automatic sesame seeds peeling hulling machine&quot;,&quot;width&quot;:&quot;136.7&quot;,&quot;_legend&quot;:&quot;{score}\\\/{best} - ({count} {votes})&quot;,&quot;font_factor&quot;:&quot;1.25&quot;}'>              <div class=\"kksr-stars\">      <div class=\"kksr-stars-inactive\">             <div class=\"kksr-star\" data-star=\"1\" style=\"padding-right: 5px\">               <div class=\"kksr-icon\" style=\"width: 24px; height: 24px;\"><\/div>         <\/div>             <div class=\"kksr-star\" data-star=\"2\" style=\"padding-right: 5px\">               <div class=\"kksr-icon\" style=\"width: 24px; height: 24px;\"><\/div>         <\/div>             <div class=\"kksr-star\" data-star=\"3\" style=\"padding-right: 5px\">               <div class=\"kksr-icon\" style=\"width: 24px; height: 24px;\"><\/div>         <\/div>             <div class=\"kksr-star\" data-star=\"4\" style=\"padding-right: 5px\">               <div class=\"kksr-icon\" style=\"width: 24px; height: 24px;\"><\/div>         <\/div>             <div class=\"kksr-star\" data-star=\"5\" style=\"padding-right: 5px\">               <div class=\"kksr-icon\" style=\"width: 24px; height: 24px;\"><\/div>         <\/div>     <\/div>      <div class=\"kksr-stars-active\" style=\"width: 136.7px;\">             <div class=\"kksr-star\" style=\"padding-right: 5px\">               <div class=\"kksr-icon\" style=\"width: 24px; height: 24px;\"><\/div>         <\/div>             <div class=\"kksr-star\" style=\"padding-right: 5px\">               <div class=\"kksr-icon\" style=\"width: 24px; height: 24px;\"><\/div>         <\/div>             <div class=\"kksr-star\" style=\"padding-right: 5px\">               <div class=\"kksr-icon\" style=\"width: 24px; height: 24px;\"><\/div>         <\/div>             <div class=\"kksr-star\" style=\"padding-right: 5px\">               <div class=\"kksr-icon\" style=\"width: 24px; height: 24px;\"><\/div>         <\/div>             <div class=\"kksr-star\" style=\"padding-right: 5px\">               <div class=\"kksr-icon\" style=\"width: 24px; height: 24px;\"><\/div>         <\/div>     <\/div> <\/div>                   <div class=\"kksr-legend\" style=\"font-size: 19.2px;\">             4,8\/5 - (26 votos)    <\/div>     <\/div>  <p>La m\u00e1quina peladora y peladora autom\u00e1tica de semillas de s\u00e9samo es un equipo que puede pelar limpiamente la piel exterior del s\u00e9samo. Su funci\u00f3n principal es remojar, pelar y separar la piel y el grano despu\u00e9s de pelarlos.<\/p>    <p class=\"translation-block\">Cuando el s\u00e9samo se usa como alimento para proporcionar recursos de prote\u00ednas a los humanos, generalmente requiere pelado. Y el s\u00e9samo pelado tiene un sabor m\u00e1s suave y es m\u00e1s f\u00e1cilmente absorbido por nuestros cuerpos. Para un procesamiento adicional, pelaremos muchos granos. Y tambi\u00e9n tenemos <a href=\"https:\/\/taizyfarmequipment.com\/es\/producto-2\/peladora-de-soja\/\">peladores de frijoles<\/a> para pelar la soja. <\/p>    <p>La m\u00e1quina es f\u00e1cil de operar, asequible y ahorra mano de obra. Por eso es una ayuda indispensable para las personas.<\/p>    <h2 class=\"wp-block-heading\" id=\"h-introduction-of-the-sesame-peeling-machine\">Introducci\u00f3n de la m\u00e1quina peladora y peladora autom\u00e1tica de semillas de s\u00e9samo.<\/h2>    <p class=\"translation-block\">La <a href=\"https:\/\/www.agriculture-machine.com\/corn-grits-making-machine\/\" target=\"_blank\" rel=\"noopener\">m\u00e1quina autom\u00e1tica peladora y descascarilladora de semillas de s\u00e9samo<\/a> es una estructura vertical que nos permite utilizar plenamente el espacio interno. Al mismo tiempo, el volumen es peque\u00f1o, la estructura es simple, la operaci\u00f3n es c\u00f3moda y la tasa de mantenimiento es baja.<\/p>    <p>La m\u00e1quina peladora y peladora autom\u00e1tica de semillas de s\u00e9samo adopta un agitador compuesto. Este tipo de agitador puede producir desviaci\u00f3n axial, desviaci\u00f3n radial y desviaci\u00f3n circular. Por lo tanto, puede voltear el material completamente sin esquinas muertas y tiene una alta tasa de pelado.<\/p>    <p>El uso de un agitador compuesto acorta el tiempo de remojo, pelado y separaci\u00f3n de las semillas de s\u00e9samo. Por tanto, mejora la eficiencia de la producci\u00f3n y mejora la calidad del producto.<\/p>    <figure class=\"wp-block-image aligncenter size-full\"><img loading=\"lazy\" decoding=\"async\" width=\"720\" height=\"540\" src=\"https:\/\/taizyfarmequipment.com\/wp-content\/uploads\/2022\/02\/AUTOMATIC-SESAME-SEEDS-PEELING-HULLING-MACHINE.webp\" alt=\"MAQUINA AUTOM\u00c1TICA DE PELADO Y DESCASCARADO DE SEMILLAS DE S\u00c9SAMO\" class=\"wp-image-4966\" title=\"Peladora autom\u00e1tica de semillas de s\u00e9samo\" srcset=\"https:\/\/taizyfarmequipment.com\/wp-content\/uploads\/2022\/02\/AUTOMATIC-SESAME-SEEDS-PEELING-HULLING-MACHINE.webp 720w, https:\/\/taizyfarmequipment.com\/wp-content\/uploads\/2022\/02\/AUTOMATIC-SESAME-SEEDS-PEELING-HULLING-MACHINE-300x225.webp 300w, https:\/\/taizyfarmequipment.com\/wp-content\/uploads\/2022\/02\/AUTOMATIC-SESAME-SEEDS-PEELING-HULLING-MACHINE-16x12.webp 16w\" sizes=\"auto, (max-width: 720px) 100vw, 720px\" \/><figcaption class=\"wp-element-caption\">MAQUINA AUTOM\u00c1TICA DE PELADO Y DESCASCARADO DE SEMILLAS DE S\u00c9SAMO<\/figcaption><\/figure>    <h2 class=\"wp-block-heading\" id=\"structure-of-the-sesame-seeds-peeling-machine\">Estructura de la m\u00e1quina peladora y peladora autom\u00e1tica de semillas de s\u00e9samo<\/h2>    <p>La m\u00e1quina peladora y peladora autom\u00e1tica de semillas de s\u00e9samo incluye principalmente un reductor, un tanque, un agitador compuesto, un separador, un calentador, un dispositivo de posicionamiento y varios tubos de entrada y salida.<\/p>    <h2 class=\"wp-block-heading\" id=\"the-working-process-of-automatic-sesame-peeling-machine\">El proceso de trabajo de la peladora autom\u00e1tica de s\u00e9samo.<\/h2>    <p>Primero, enciende la m\u00e1quina y vierte las semillas de s\u00e9samo filtradas en el primer barril de la peladora. Y el tiempo de pelado es de unos 3-5 minutos.<\/p>    <p>Antes de poner las semillas de s\u00e9samo peladas en el segundo barril separador, a\u00f1ada un tercio de agua al separador para evitar que las c\u00e1scaras de s\u00e9samo bloqueen la malla.<\/p>    <p>Al separar, aseg\u00farese de utilizar un tercio de la proporci\u00f3n (agua 3 s\u00e9samo 1) para separar los granos y la piel y, al mismo tiempo, abra la v\u00e1lvula inferior para escurrir la piel del s\u00e9samo con agua. La cantidad de agua que entra es igual a la cantidad de agua que se descarga.<\/p>    <p>Despu\u00e9s de unos 5 a 10 minutos de tiempo de separaci\u00f3n, escurrir y limpiar las semillas de s\u00e9samo.<\/p>    <figure class=\"wp-block-image size-full\"><img loading=\"lazy\" decoding=\"async\" width=\"720\" height=\"540\" src=\"https:\/\/taizyfarmequipment.com\/wp-content\/uploads\/2022\/02\/AUTOMATIC-SESAME-SEEDS-PEELING-HULLING-MACHINE-for-sale.webp\" alt=\"MAQUINA AUTOM\u00c1TICA DE PELADO Y DESCASCARADO DE SEMILLAS DE S\u00c9SAMO en venta\" class=\"wp-image-4967\" srcset=\"https:\/\/taizyfarmequipment.com\/wp-content\/uploads\/2022\/02\/AUTOMATIC-SESAME-SEEDS-PEELING-HULLING-MACHINE-for-sale.webp 720w, https:\/\/taizyfarmequipment.com\/wp-content\/uploads\/2022\/02\/AUTOMATIC-SESAME-SEEDS-PEELING-HULLING-MACHINE-for-sale-300x225.webp 300w, https:\/\/taizyfarmequipment.com\/wp-content\/uploads\/2022\/02\/AUTOMATIC-SESAME-SEEDS-PEELING-HULLING-MACHINE-for-sale-16x12.webp 16w\" sizes=\"auto, (max-width: 720px) 100vw, 720px\" \/><figcaption class=\"wp-element-caption\">MAQUINA AUTOM\u00c1TICA DE PELADO Y DESCASCARADO DE SEMILLAS DE S\u00c9SAMO en venta<\/figcaption><\/figure>    <h2 class=\"wp-block-heading\" id=\"the-working-principle-of-sesame-seed-hulling-machine\">El principio de funcionamiento de la descascaradora de semillas de s\u00e9samo.<\/h2>    <h3 class=\"wp-block-heading\" id=\"overview\">Descripci\u00f3n general:<\/h3>    <p>La m\u00e1quina autom\u00e1tica de descascarado y pelado de semillas de s\u00e9samo se impulsa mediante el eje de engranaje agitador para girar y remover, de modo que el s\u00e9samo remojado en el cubo pueda ser volteado r\u00e1pidamente hacia arriba y hacia abajo. Y la fricci\u00f3n entre las semillas de s\u00e9samo se combina con la fuerza de rotaci\u00f3n del agitador para separar la c\u00e1scara del s\u00e9samo del n\u00facleo.<\/p>    <p>Despu\u00e9s de operar durante un cierto per\u00edodo de tiempo, las semillas de s\u00e9samo se pelaron hasta alcanzar el objetivo, se abri\u00f3 el deflector de la compuerta y la mezcla de c\u00e1scaras de semillas de s\u00e9samo se descarg\u00f3 de la m\u00e1quina con la rotaci\u00f3n del mezclador.<\/p>    <h3 class=\"wp-block-heading\" id=\"principle-of-soaking-process\">Principio del proceso de remojo:<\/h3>    <p>Pon las semillas de s\u00e9samo en agua caliente con una peque\u00f1a cantidad de sosa c\u00e1ustica. Luego remoja las semillas de s\u00e9samo durante unos minutos.<\/p>    <p>Luego enciende el equipo, el reductor hace girar el agitador, debido a las caracter\u00edsticas estructurales del agitador compuesto, el material circula hacia arriba y hacia abajo, y el s\u00e9samo y el l\u00edquido de remojo se mezclan de manera uniforme y completa.<\/p>    <h3 class=\"wp-block-heading\" id=\"working-principle-of-black-sesame-peeling-process\">Principio de funcionamiento del proceso de pelado de s\u00e9samo negro:<\/h3>    <p>La fricci\u00f3n relativa entre el agitador y el s\u00e9samo, entre el s\u00e9samo y el s\u00e9samo, separa la piel y la semilla del s\u00e9samo, para lograr el prop\u00f3sito de pelar el s\u00e9samo.<\/p>    <figure class=\"wp-block-image size-full\"><img loading=\"lazy\" decoding=\"async\" width=\"720\" height=\"540\" src=\"https:\/\/taizyfarmequipment.com\/wp-content\/uploads\/2022\/02\/AUTOMATIC-SESAME-SEEDS-PEELING-HULLING-MACHINE-price.webp\" alt=\"Precio de la MAQUINA AUTOM\u00c1TICA DE PELADO Y DESCASCARADO DE SEMILLAS DE S\u00c9SAMO\" class=\"wp-image-4968\" srcset=\"https:\/\/taizyfarmequipment.com\/wp-content\/uploads\/2022\/02\/AUTOMATIC-SESAME-SEEDS-PEELING-HULLING-MACHINE-price.webp 720w, https:\/\/taizyfarmequipment.com\/wp-content\/uploads\/2022\/02\/AUTOMATIC-SESAME-SEEDS-PEELING-HULLING-MACHINE-price-300x225.webp 300w, https:\/\/taizyfarmequipment.com\/wp-content\/uploads\/2022\/02\/AUTOMATIC-SESAME-SEEDS-PEELING-HULLING-MACHINE-price-16x12.webp 16w\" sizes=\"auto, (max-width: 720px) 100vw, 720px\" \/><figcaption class=\"wp-element-caption\">Precio de la MAQUINA AUTOM\u00c1TICA DE PELADO Y DESCASCARADO DE SEMILLAS DE S\u00c9SAMO<\/figcaption><\/figure>    <h2 class=\"wp-block-heading\" id=\"parameter-of-the-sesame-seeds-peeling-machine\">Par\u00e1metro de la peladora de semillas de s\u00e9samo.<\/h2>    <figure class=\"wp-block-table\"><table><tbody><tr><td>Fuerza<\/td><td>motor de descascarillado 2.2kw, motor de separaci\u00f3n 1.5 kw<\/td><\/tr><tr><td>Capacidad<\/td><td>400-500 kg\/h, 30-50 kg\/barril<\/td><\/tr><tr><td>Tasa de descascarillado<\/td><td>80%-85%<\/td><\/tr><tr><td>Peso<\/td><td>250 kilos<\/td><\/tr><tr><td>Tama\u00f1o<\/td><td>1400*700*2000mm<\/td><\/tr><tr><td>Material<\/td><td>hecho de acero inoxidable<\/td><\/tr><\/tbody><\/table><figcaption class=\"wp-element-caption\">Par\u00e1metro de la peladora de semillas de s\u00e9samo.<\/figcaption><\/figure>    <h2 class=\"wp-block-heading\" id=\"advantages-of-the-sesame-peeling-machine\">Ventajas de la m\u00e1quina peladora y peladora autom\u00e1tica de semillas de s\u00e9samo:<\/h2>    <p>1. Pelar bien. Las semillas de s\u00e9samo tratadas no tienen otras impurezas.<\/p>    <p>2. El s\u00e9samo procesado es blanco y brillante, lo que tiene alta calidad. <\/p>    <p>3. Igual sin piel tiene buen sabor.<\/p>    <p>2. Alta calidad.  Muchos clientes de Tanzania, Nigeria, Qatar, Ghana, Yemen, etc. est\u00e1n satisfechos con la calidad de nuestra m\u00e1quina.<\/p>","protected":false},"excerpt":{"rendered":"<p>La m\u00e1quina peladora y peladora autom\u00e1tica de semillas de s\u00e9samo es un equipo que puede pelar limpiamente la piel exterior del s\u00e9samo. Su funci\u00f3n principal es remojar, pelar y separar la piel y el grano despu\u00e9s de pelarlos.<\/p>","protected":false},"author":1,"featured_media":2543,"parent":0,"template":"","tags":[162,161,163,164],"product-type":[131],"class_list":["post-2542","product","type-product","status-publish","has-post-thumbnail","hentry","tag-automatic-sesame-peeling-machine","tag-sesame-peeling-machine","tag-sesame-seed-hulling-machine","tag-sesame-washing-and-peeling-machine","product-type-grains-peeling-machine"],"_links":{"self":[{"href":"https:\/\/taizyfarmequipment.com\/es\/wp-json\/wp\/v2\/product\/2542","targetHints":{"allow":["GET"]}}],"collection":[{"href":"https:\/\/taizyfarmequipment.com\/es\/wp-json\/wp\/v2\/product"}],"about":[{"href":"https:\/\/taizyfarmequipment.com\/es\/wp-json\/wp\/v2\/types\/product"}],"author":[{"embeddable":true,"href":"https:\/\/taizyfarmequipment.com\/es\/wp-json\/wp\/v2\/users\/1"}],"wp:featuredmedia":[{"embeddable":true,"href":"https:\/\/taizyfarmequipment.com\/es\/wp-json\/wp\/v2\/media\/2543"}],"wp:attachment":[{"href":"https:\/\/taizyfarmequipment.com\/es\/wp-json\/wp\/v2\/media?parent=2542"}],"wp:term":[{"taxonomy":"post_tag","embeddable":true,"href":"https:\/\/taizyfarmequipment.com\/es\/wp-json\/wp\/v2\/tags?post=2542"},{"taxonomy":"product-type","embeddable":true,"href":"https:\/\/taizyfarmequipment.com\/es\/wp-json\/wp\/v2\/product-type?post=2542"}],"curies":[{"name":"wp","href":"https:\/\/api.w.org\/{rel}","templated":true}]}}