{"id":2562,"date":"2022-02-14T08:28:39","date_gmt":"2022-02-14T08:28:39","guid":{"rendered":"https:\/\/taizyfarmequipment.com\/"},"modified":"2025-11-26T16:09:13","modified_gmt":"2025-11-26T08:09:13","slug":"tractor-de-paseo-2","status":"publish","type":"product","link":"https:\/\/taizyfarmequipment.com\/es\/product\/walking-tractor-2\/","title":{"rendered":"Tractor de arrastre | Tractor de dos ruedas que camina detr\u00e1s"},"content":{"rendered":"<div class=\"kk-star-ratings kksr-auto kksr-align-left kksr-valign-top\"     data-payload='{&quot;align&quot;:&quot;left&quot;,&quot;id&quot;:&quot;2562&quot;,&quot;slug&quot;:&quot;default&quot;,&quot;valign&quot;:&quot;top&quot;,&quot;ignore&quot;:&quot;&quot;,&quot;reference&quot;:&quot;auto&quot;,&quot;class&quot;:&quot;&quot;,&quot;count&quot;:&quot;16&quot;,&quot;legendonly&quot;:&quot;&quot;,&quot;readonly&quot;:&quot;&quot;,&quot;score&quot;:&quot;4.6&quot;,&quot;starsonly&quot;:&quot;&quot;,&quot;best&quot;:&quot;5&quot;,&quot;gap&quot;:&quot;5&quot;,&quot;greet&quot;:&quot;Rate this product&quot;,&quot;legend&quot;:&quot;4.6\\\/5 - (16 votos)&quot;,&quot;size&quot;:&quot;24&quot;,&quot;title&quot;:&quot;Walking tractor | Two wheel walk behind tractor&quot;,&quot;width&quot;:&quot;130.9&quot;,&quot;_legend&quot;:&quot;{score}\\\/{best} - ({count} {votes})&quot;,&quot;font_factor&quot;:&quot;1.25&quot;}'>              <div class=\"kksr-stars\">      <div class=\"kksr-stars-inactive\">             <div class=\"kksr-star\" data-star=\"1\" style=\"padding-right: 5px\">               <div class=\"kksr-icon\" style=\"width: 24px; height: 24px;\"><\/div>         <\/div>             <div class=\"kksr-star\" data-star=\"2\" style=\"padding-right: 5px\">               <div class=\"kksr-icon\" style=\"width: 24px; height: 24px;\"><\/div>         <\/div>             <div class=\"kksr-star\" data-star=\"3\" style=\"padding-right: 5px\">               <div class=\"kksr-icon\" style=\"width: 24px; height: 24px;\"><\/div>         <\/div>             <div class=\"kksr-star\" data-star=\"4\" style=\"padding-right: 5px\">               <div class=\"kksr-icon\" style=\"width: 24px; height: 24px;\"><\/div>         <\/div>             <div class=\"kksr-star\" data-star=\"5\" style=\"padding-right: 5px\">               <div class=\"kksr-icon\" style=\"width: 24px; height: 24px;\"><\/div>         <\/div>     <\/div>      <div class=\"kksr-stars-active\" style=\"width: 130.9px;\">             <div class=\"kksr-star\" style=\"padding-right: 5px\">               <div class=\"kksr-icon\" style=\"width: 24px; height: 24px;\"><\/div>         <\/div>             <div class=\"kksr-star\" style=\"padding-right: 5px\">               <div class=\"kksr-icon\" style=\"width: 24px; height: 24px;\"><\/div>         <\/div>             <div class=\"kksr-star\" style=\"padding-right: 5px\">               <div class=\"kksr-icon\" style=\"width: 24px; height: 24px;\"><\/div>         <\/div>             <div class=\"kksr-star\" style=\"padding-right: 5px\">               <div class=\"kksr-icon\" style=\"width: 24px; height: 24px;\"><\/div>         <\/div>             <div class=\"kksr-star\" style=\"padding-right: 5px\">               <div class=\"kksr-icon\" style=\"width: 24px; height: 24px;\"><\/div>         <\/div>     <\/div> <\/div>                   <div class=\"kksr-legend\" style=\"font-size: 19.2px;\">             4,6\/5 - (16 votos)    <\/div>     <\/div>  <p>El motocultor de dos ruedas con accesorio es un equipo sencillo que puede funcionar con diversas maquinarias agr\u00edcolas. Este motobloque tiene dos ruedas, que son buenas para ir a cualquier parte. Y el motor di\u00e9sel es la potencia del motocultor de dos ruedas. Normalmente, el motor di\u00e9sel es de 15 o 18 CV. Los clientes pueden elegir la potencia adecuada seg\u00fan sus necesidades.<\/p>    <p>Para ahorrar mano de obra, el motor di\u00e9sel de gran potencia normalmente se arranca a trav\u00e9s de la caja el\u00e9ctrica. Puede arrancar el tractor manual f\u00e1cilmente con s\u00f3lo la llave. Por lo tanto, con las ventajas de ser f\u00e1cil de usar, barato y poder combinarse con una variedad de m\u00e1quinas, es bienvenido en muchos pa\u00edses. <\/p>    <figure class=\"wp-block-image size-full\"><img loading=\"lazy\" decoding=\"async\" width=\"720\" height=\"540\" src=\"https:\/\/taizyfarmequipment.com\/wp-content\/uploads\/2022\/02\/walking-tractor-2.jpg\" alt=\"\" class=\"wp-image-2604\" srcset=\"https:\/\/taizyfarmequipment.com\/wp-content\/uploads\/2022\/02\/walking-tractor-2.jpg 720w, https:\/\/taizyfarmequipment.com\/wp-content\/uploads\/2022\/02\/walking-tractor-2-300x225.jpg 300w\" sizes=\"auto, (max-width: 720px) 100vw, 720px\" \/><figcaption class=\"wp-element-caption\">Motocultor<\/figcaption><\/figure>    <h2 class=\"wp-block-heading\" id=\"h-what-equipment-can-work-with-a-walking-tractor\">\u00bfQu\u00e9 equipo puede funcionar con un motocultor?<\/h2>    <p class=\"translation-block\">Hay cultivadores rotativos, arados, zanjadoras, sembradoras de ma\u00edz, arados dobles, arados de disco, bombas, segadoras, ruedas de barro, remolques, cosechadoras, cosechadoras de patatas, <a href=\"https:\/\/www.agriculture-machine.com\/peanut-harvester\/\" target=\"_blank\" rel=\"noopener\">cosechadoras de cacahuetes<\/a>, etc. que pueden trabajar con el tractor de marcha. Puedes elegir cualquiera de los equipos agr\u00edcolas mencionados para combinarlo con el tractor manual. Y tambi\u00e9n te recomendaremos el tractor manual adecuado seg\u00fan tus necesidades.<\/p>    <figure class=\"wp-block-image size-full is-resized\"><img loading=\"lazy\" decoding=\"async\" src=\"https:\/\/taizyfarmequipment.com\/wp-content\/uploads\/2022\/02\/small-tractor-_02_14_2022-1.jpg\" alt=\"accesorios con motocultor\" class=\"wp-image-2609\" width=\"720\" height=\"541\" title=\"accesorios con motocultor\" srcset=\"https:\/\/taizyfarmequipment.com\/wp-content\/uploads\/2022\/02\/small-tractor-_02_14_2022-1.jpg 720w, https:\/\/taizyfarmequipment.com\/wp-content\/uploads\/2022\/02\/small-tractor-_02_14_2022-1-300x225.jpg 300w\" sizes=\"auto, (max-width: 720px) 100vw, 720px\" \/><figcaption class=\"wp-element-caption\">accesorios con motocultor<\/figcaption><\/figure>    <figure class=\"wp-block-image size-full is-resized\"><img loading=\"lazy\" decoding=\"async\" src=\"https:\/\/taizyfarmequipment.com\/wp-content\/uploads\/2022\/02\/small-tractor1_02_14_2022-1.jpg\" alt=\"accesorios con tractor de dos ruedas\" class=\"wp-image-2610\" width=\"720\" height=\"540\" title=\"accesorios con tractor de dos ruedas\" srcset=\"https:\/\/taizyfarmequipment.com\/wp-content\/uploads\/2022\/02\/small-tractor1_02_14_2022-1.jpg 720w, https:\/\/taizyfarmequipment.com\/wp-content\/uploads\/2022\/02\/small-tractor1_02_14_2022-1-300x225.jpg 300w\" sizes=\"auto, (max-width: 720px) 100vw, 720px\" \/><figcaption class=\"wp-element-caption\">accesorios con tractor de dos ruedas<\/figcaption><\/figure>    <h2 class=\"wp-block-heading\" id=\"what-type-of-fields-can-two-wheel-walking-tractor-work-on\">\u00bfEn qu\u00e9 tipo de campos puede trabajar el motocultor de dos ruedas?<\/h2>    <p>La aplicabilidad de los motocultores de dos ruedas es amplia. Por tanto, puede funcionar en todo tipo de campos. Por ejemplo,\u00a0cultivar en llanuras, monta\u00f1as, colinas, arrozales, tierras secas, huertos y huertas. Adem\u00e1s, con la maquinaria agr\u00edcola correspondiente, un motocultor puede realizar diversas operaciones como arado, labranza rotativa, cosecha, siembra, trabajo en el campo y bombeo de agua.<\/p>    <h2 class=\"wp-block-heading\" id=\"structure-of-walk-behind-tractor\">Estructura del tractor a pie.<\/h2>    <p>Los motobloques incluyen principalmente bastidor, motor di\u00e9sel, sistema de transmisi\u00f3n, dispositivo de marcha, sistema de direcci\u00f3n, freno y mecanismo operativo. Los tractores agr\u00edcolas tambi\u00e9n son m\u00e1quinas andantes polivalentes que se utilizan principalmente para tracci\u00f3n y transporte.<\/p>    <figure class=\"wp-block-gallery has-nested-images columns-default is-cropped wp-block-gallery-2 is-layout-flex wp-block-gallery-is-layout-flex\"> <figure class=\"wp-block-image size-large\"><img loading=\"lazy\" decoding=\"async\" width=\"720\" height=\"540\" data-id=\"2611\" src=\"https:\/\/taizyfarmequipment.com\/wp-content\/uploads\/2022\/02\/\u7ed3\u67841_720_540.jpg\" alt=\"motocultor sencillo\" class=\"wp-image-2611\" title=\"motocultor sencillo\" srcset=\"https:\/\/taizyfarmequipment.com\/wp-content\/uploads\/2022\/02\/\u7ed3\u67841_720_540.jpg 720w, https:\/\/taizyfarmequipment.com\/wp-content\/uploads\/2022\/02\/\u7ed3\u67841_720_540-300x225.jpg 300w\" sizes=\"auto, (max-width: 720px) 100vw, 720px\" \/><\/figure>    <figure class=\"wp-block-image size-large\"><img loading=\"lazy\" decoding=\"async\" width=\"720\" height=\"540\" data-id=\"2612\" src=\"https:\/\/taizyfarmequipment.com\/wp-content\/uploads\/2022\/02\/\u7ed3\u67842_720_540.jpg\" alt=\"caminar detr\u00e1s del tractor\" class=\"wp-image-2612\" title=\"caminar detr\u00e1s del tractor\" srcset=\"https:\/\/taizyfarmequipment.com\/wp-content\/uploads\/2022\/02\/\u7ed3\u67842_720_540.jpg 720w, https:\/\/taizyfarmequipment.com\/wp-content\/uploads\/2022\/02\/\u7ed3\u67842_720_540-300x225.jpg 300w\" sizes=\"auto, (max-width: 720px) 100vw, 720px\" \/><\/figure> <figcaption class=\"blocks-gallery-caption wp-element-caption\">Estructura del tractor a pie.<\/figcaption><\/figure>    <h2 class=\"wp-block-heading\" id=\"how-does-a-walking-tractor-with-attachments-work\">\u00bfC\u00f3mo funciona un motocultor con accesorios?<\/h2>    <p>El motocultor con accesorios puede viajar gracias a la potencia del motor de combusti\u00f3n interna a trav\u00e9s del sistema de transmisi\u00f3n. Las ruedas motrices que reciben la tracci\u00f3n empujan el tractor hacia adelante d\u00e1ndole al suelo una fuerza hacia atr\u00e1s a trav\u00e9s de la banda de rodadura y la superficie de los neum\u00e1ticos. El conductor sostiene el marco del pasamano para tirar o impulsar los implementos agr\u00edcolas de soporte para su operaci\u00f3n.<\/p>    <p>La potencia se transmite al tren motriz a trav\u00e9s de la correa trapezoidal. Y el embrague controla la velocidad de la potencia. La caja de cambios est\u00e1 engranada.<\/p>    <p>El mecanismo operativo est\u00e1 montado en el pasamanos para controlar el acelerador, los cambios, la direcci\u00f3n, el frenado y la potencia.<\/p>    <h2 class=\"wp-block-heading\" id=\"working-video-of-walking-behind-tractor\">Video de trabajo de caminar detr\u00e1s del tractor.<\/h2>    <figure class=\"wp-block-embed is-type-video is-provider-youtube wp-block-embed-youtube wp-embed-aspect-16-9 wp-has-aspect-ratio\"><div class=\"wp-block-embed__wrapper\"> <iframe loading=\"lazy\" title=\"\u00bfQu\u00e9 se puede hacer con un motocultor?#tractor andante, #aradora, #tractores de dos ruedas\" width=\"500\" height=\"281\" src=\"https:\/\/www.youtube.com\/embed\/fxYFIychRc4?feature=oembed\" frameborder=\"0\" allow=\"accelerometer; autoplay; clipboard-write; encrypted-media; gyroscope; picture-in-picture; web-share\" referrerpolicy=\"strict-origin-when-cross-origin\" allowfullscreen><\/iframe> <\/div><\/figure>    <h2 class=\"wp-block-heading\" id=\"parameter-of-walking-tractor-with-plough\">Par\u00e1metro del motocultor con arado.<\/h2>    <figure class=\"wp-block-table\"><table><tbody><tr><td>Modelo<\/td><td>15 CV<\/td><\/tr><tr><td>Modelo de motor<\/td><td>ZS1100<\/td><\/tr><tr><td>Modo de enfriamiento<\/td><td>Evaporativo\/condensante<\/td><\/tr><tr><td>Dimensiones<\/td><td>2680\u00d7960\u00d71250mm<\/td><\/tr><tr><td>Distancia m\u00ednima al suelo<\/td><td>185mm<\/td><\/tr><tr><td>Distancia entre ejes<\/td><td>580-600 mm<\/td><\/tr><tr><td>Peso<\/td><td>350 kilos<\/td><\/tr><tr><td>M\u00e9todo de inicio<\/td><td>arranque manual\/arranque el\u00e9ctrico<\/td><\/tr><\/tbody><\/table><figcaption class=\"wp-element-caption\">Par\u00e1metro del motocultor con arado.<\/figcaption><\/figure>    <h2 class=\"wp-block-heading\" id=\"advantages-of-two-wheel-walk-behind-tractor\">Ventajas del tractor de dos ruedas con operador a pie<\/h2>    <ol class=\"wp-block-list\" type=\"1\"> <li>Estructura simple y compacta, operaci\u00f3n liviana y flexible. Esta m\u00e1quina tractora con operador a pie de dos ruedas ocupa un espacio total peque\u00f1o. Y puede moverse con flexibilidad en el campo.<\/li>    <li>Peso ligero, f\u00e1cil arranque y bajo consumo de combustible. El m\u00e9todo de arranque puede ser arranque manual o arranque el\u00e9ctrico. Ambos m\u00e9todos son f\u00e1ciles.<\/li>    <li>Buena confiabilidad, mantenimiento conveniente, buena transitabilidad y gran adaptabilidad.<\/li>    <li>El motocultor con accesorios puede arrastrar un remolque para un transporte corto. Adem\u00e1s, el tractor manual est\u00e1 equipado con iluminaci\u00f3n y se puede conducir de noche.<\/li> <\/ol>    <figure class=\"wp-block-gallery has-nested-images columns-default is-cropped wp-block-gallery-3 is-layout-flex wp-block-gallery-is-layout-flex\"> <figure class=\"wp-block-image size-large\"><img loading=\"lazy\" decoding=\"async\" width=\"720\" height=\"540\" data-id=\"2607\" src=\"https:\/\/taizyfarmequipment.com\/wp-content\/uploads\/2022\/02\/manual-tractor.jpg\" alt=\"\" class=\"wp-image-2607\" srcset=\"https:\/\/taizyfarmequipment.com\/wp-content\/uploads\/2022\/02\/manual-tractor.jpg 720w, https:\/\/taizyfarmequipment.com\/wp-content\/uploads\/2022\/02\/manual-tractor-300x225.jpg 300w\" sizes=\"auto, (max-width: 720px) 100vw, 720px\" \/><\/figure>    <figure class=\"wp-block-image size-large\"><img loading=\"lazy\" decoding=\"async\" width=\"720\" height=\"540\" data-id=\"2608\" src=\"https:\/\/taizyfarmequipment.com\/wp-content\/uploads\/2022\/02\/two-wheel-tractor-.jpg\" alt=\"\" class=\"wp-image-2608\" srcset=\"https:\/\/taizyfarmequipment.com\/wp-content\/uploads\/2022\/02\/two-wheel-tractor-.jpg 720w, https:\/\/taizyfarmequipment.com\/wp-content\/uploads\/2022\/02\/two-wheel-tractor--300x225.jpg 300w\" sizes=\"auto, (max-width: 720px) 100vw, 720px\" \/><\/figure> <figcaption class=\"blocks-gallery-caption wp-element-caption\">tractor de dos ruedas con operador a pie<\/figcaption><\/figure>","protected":false},"excerpt":{"rendered":"<p>El motocultor de dos ruedas con accesorio es un equipo que puede funcionar con diversas maquinarias agr\u00edcolas.<\/p>","protected":false},"author":1,"featured_media":2603,"parent":0,"template":"","tags":[223,224,222,225],"product-type":[135],"class_list":["post-2562","product","type-product","status-publish","has-post-thumbnail","hentry","tag-two-wheel-walking-tractor","tag-walk-behind-tractor","tag-walking-tractor","tag-walking-tractor-with-plough","product-type-manual-tractor"],"_links":{"self":[{"href":"https:\/\/taizyfarmequipment.com\/es\/wp-json\/wp\/v2\/product\/2562","targetHints":{"allow":["GET"]}}],"collection":[{"href":"https:\/\/taizyfarmequipment.com\/es\/wp-json\/wp\/v2\/product"}],"about":[{"href":"https:\/\/taizyfarmequipment.com\/es\/wp-json\/wp\/v2\/types\/product"}],"author":[{"embeddable":true,"href":"https:\/\/taizyfarmequipment.com\/es\/wp-json\/wp\/v2\/users\/1"}],"wp:featuredmedia":[{"embeddable":true,"href":"https:\/\/taizyfarmequipment.com\/es\/wp-json\/wp\/v2\/media\/2603"}],"wp:attachment":[{"href":"https:\/\/taizyfarmequipment.com\/es\/wp-json\/wp\/v2\/media?parent=2562"}],"wp:term":[{"taxonomy":"post_tag","embeddable":true,"href":"https:\/\/taizyfarmequipment.com\/es\/wp-json\/wp\/v2\/tags?post=2562"},{"taxonomy":"product-type","embeddable":true,"href":"https:\/\/taizyfarmequipment.com\/es\/wp-json\/wp\/v2\/product-type?post=2562"}],"curies":[{"name":"wp","href":"https:\/\/api.w.org\/{rel}","templated":true}]}}