{"id":2565,"date":"2022-03-24T10:05:46","date_gmt":"2022-03-24T10:05:46","guid":{"rendered":"https:\/\/taizyfarmequipment.com\/"},"modified":"2025-11-26T17:23:34","modified_gmt":"2025-11-26T09:23:34","slug":"sembradora-de-semillas-de-trigo","status":"publish","type":"product","link":"https:\/\/taizyfarmequipment.com\/es\/product\/wheat-seed-planter\/","title":{"rendered":"Sembradora de semillas de trigo con fertilizante, m\u00e1quina sembradora de trigo"},"content":{"rendered":"<div class=\"kk-star-ratings kksr-auto kksr-align-left kksr-valign-top\"     data-payload='{&quot;align&quot;:&quot;left&quot;,&quot;id&quot;:&quot;2565&quot;,&quot;slug&quot;:&quot;default&quot;,&quot;valign&quot;:&quot;top&quot;,&quot;ignore&quot;:&quot;&quot;,&quot;reference&quot;:&quot;auto&quot;,&quot;class&quot;:&quot;&quot;,&quot;count&quot;:&quot;19&quot;,&quot;legendonly&quot;:&quot;&quot;,&quot;readonly&quot;:&quot;&quot;,&quot;score&quot;:&quot;4.8&quot;,&quot;starsonly&quot;:&quot;&quot;,&quot;best&quot;:&quot;5&quot;,&quot;gap&quot;:&quot;5&quot;,&quot;greet&quot;:&quot;Rate this product&quot;,&quot;legend&quot;:&quot;4.8\\\/5 - (19 votos)&quot;,&quot;size&quot;:&quot;24&quot;,&quot;title&quot;:&quot;Wheat seed planter with fertilizer wheat planting machine&quot;,&quot;width&quot;:&quot;136.7&quot;,&quot;_legend&quot;:&quot;{score}\\\/{best} - ({count} {votes})&quot;,&quot;font_factor&quot;:&quot;1.25&quot;}'>              <div class=\"kksr-stars\">      <div class=\"kksr-stars-inactive\">             <div class=\"kksr-star\" data-star=\"1\" style=\"padding-right: 5px\">               <div class=\"kksr-icon\" style=\"width: 24px; height: 24px;\"><\/div>         <\/div>             <div class=\"kksr-star\" data-star=\"2\" style=\"padding-right: 5px\">               <div class=\"kksr-icon\" style=\"width: 24px; height: 24px;\"><\/div>         <\/div>             <div class=\"kksr-star\" data-star=\"3\" style=\"padding-right: 5px\">               <div class=\"kksr-icon\" style=\"width: 24px; height: 24px;\"><\/div>         <\/div>             <div class=\"kksr-star\" data-star=\"4\" style=\"padding-right: 5px\">               <div class=\"kksr-icon\" style=\"width: 24px; height: 24px;\"><\/div>         <\/div>             <div class=\"kksr-star\" data-star=\"5\" style=\"padding-right: 5px\">               <div class=\"kksr-icon\" style=\"width: 24px; height: 24px;\"><\/div>         <\/div>     <\/div>      <div class=\"kksr-stars-active\" style=\"width: 136.7px;\">             <div class=\"kksr-star\" style=\"padding-right: 5px\">               <div class=\"kksr-icon\" style=\"width: 24px; height: 24px;\"><\/div>         <\/div>             <div class=\"kksr-star\" style=\"padding-right: 5px\">               <div class=\"kksr-icon\" style=\"width: 24px; height: 24px;\"><\/div>         <\/div>             <div class=\"kksr-star\" style=\"padding-right: 5px\">               <div class=\"kksr-icon\" style=\"width: 24px; height: 24px;\"><\/div>         <\/div>             <div class=\"kksr-star\" style=\"padding-right: 5px\">               <div class=\"kksr-icon\" style=\"width: 24px; height: 24px;\"><\/div>         <\/div>             <div class=\"kksr-star\" style=\"padding-right: 5px\">               <div class=\"kksr-icon\" style=\"width: 24px; height: 24px;\"><\/div>         <\/div>     <\/div> <\/div>                   <div class=\"kksr-legend\" style=\"font-size: 19.2px;\">             4,8\/5 - (19 votos)    <\/div>     <\/div>  <p>Con la automatizaci\u00f3n de la producci\u00f3n agr\u00edcola, se ha generalizado el uso de sembradoras de trigo. Y debido a que la gente planta trigo principalmente en llanuras y colinas, el \u00e1rea de siembra es grande. Entonces, si la gente planta trigo, la eficiencia es baja y la intensidad del trabajo es alta. Adem\u00e1s, es posible que el efecto de la siembra no satisfaga las expectativas de la gente.<\/p>    <p class=\"translation-block\">La plantadora de trigo es altamente eficiente y econ\u00f3mica, con buena calidad de siembra y alta eficiencia, lo que ahorra mucho tiempo y mano de obra. Tambi\u00e9n disponemos de <a href=\"https:\/\/www.agriculture-machine.com\/multifunctional-thresher-mt-860-for-corn-wheat-sorghum-rice\/\" target=\"_blank\" rel=\"noopener\">trilladoras de trigo<\/a> para ahorrar tiempo y energ\u00eda. <\/p>    <h2 class=\"wp-block-heading\" id=\"h-brief-introduction-of-the-wheat-planter\">Breve introducci\u00f3n de la sembradora de trigo.<\/h2>    <p>La sembradora de trigo es un tipo de equipo mec\u00e1nico que planta semillas de trigo en el suelo mediante un sistema mec\u00e1nico de siembra. Y la sembradora de trigo es adecuada para fertilizar y sembrar trigo en llanuras y zonas monta\u00f1osas. Adem\u00e1s, tiene las caracter\u00edsticas de buen rendimiento general, amplio rango de aplicaci\u00f3n y siembra uniforme. <\/p>    <p>La sembradora de trigo es adecuada para operaci\u00f3n directa despu\u00e9s de la labranza rotativa, sin preparaci\u00f3n del suelo, ahorrando tiempo y esfuerzo. Una sola operaci\u00f3n puede completar operaciones como nivelar, combinar humedad, sembrar, cubrir, suprimir y levantar bordes verticales.<\/p>    <p class=\"translation-block\">Los tractores proporcionar\u00e1n potencia a las plantadoras de trigo a trav\u00e9s de la suspensi\u00f3n de tres puntos. Seg\u00fan las necesidades del cliente, existen principalmente modelos de 12 hileras, 14 hileras, 16 hileras y 20 hileras. Tambi\u00e9n tenemos otros modelos para satisfacer diferentes necesidades de plantaci\u00f3n. Podemos equipar la m\u00e1quina con diferentes funciones como labranza rotativa y fertilizaci\u00f3n para cumplir con sus diferentes requerimientos. Adem\u00e1s, contamos con <a href=\"https:\/\/www.agriculture-machine.com\/multifunctional-thresher-mt-860-for-corn-wheat-sorghum-rice\/\" target=\"_blank\" rel=\"noopener\">trilladoras multifuncionales<\/a> que pueden ayudar al agricultor a ahorrar mucha energ\u00eda.  <\/p>    <figure class=\"wp-block-gallery has-nested-images columns-2 is-cropped wp-block-gallery-2 is-layout-flex wp-block-gallery-is-layout-flex\"> <figure class=\"wp-block-image size-large\"><img loading=\"lazy\" decoding=\"async\" width=\"720\" height=\"540\" data-id=\"3071\" src=\"https:\/\/taizyfarmequipment.com\/wp-content\/uploads\/2022\/03\/wheat-planting-machine1.jpg\" alt=\"maquina para sembrar trigo\" class=\"wp-image-3071\" title=\"maquina para sembrar trigo\"\/><figcaption class=\"wp-element-caption\">maquina para sembrar trigo<\/figcaption><\/figure>    <figure class=\"wp-block-image size-large\"><img loading=\"lazy\" decoding=\"async\" width=\"720\" height=\"540\" data-id=\"3073\" src=\"https:\/\/taizyfarmequipment.com\/wp-content\/uploads\/2022\/03\/three-row-wheat-planter1.jpg\" alt=\"sembradora de trigo de tres hileras\" class=\"wp-image-3073\" title=\"sembradora de trigo de tres hileras\"\/><figcaption class=\"wp-element-caption\">sembradora de trigo de tres hileras<\/figcaption><\/figure> <figcaption class=\"blocks-gallery-caption wp-element-caption\">plantador de trigo<\/figcaption><\/figure>    <h2 class=\"wp-block-heading\" id=\"structure-of-the-multi-row-wheat-seed-planter\">Estructura de la sembradora de semillas de trigo de varias hileras<\/h2>    <p>La sembradora de trigo incluye un marco, una caja para semillas, una caja para fertilizante, un abridor de disco, un tambor giratorio de presi\u00f3n, una tabla para cubrir el suelo y similares.<\/p>    <p>El marco adopta tubos cuadrados de alta calidad que conectan todas las partes funcionales. Y lo conectamos al tractor a trav\u00e9s de los brazos de suspensi\u00f3n superior e inferior del bastidor. Conf\u00ede en el control del elevador del tractor para completar la siembra y transferir las parcelas.<\/p>    <p>(1) El marco es principalmente del tipo de viga \u00fanica. Instalaremos todas las piezas funcionales y daremos soporte a toda la m\u00e1quina.<\/p>    <p>(2) Componentes de siembra. Un dispositivo dosificador de semillas mec\u00e1nico o neum\u00e1tico conectado con la caja de semillas puede lograr una siembra precisa. Se conecta con un raspador de semillas ajustable y un empujador de semillas.<\/p>    <p>(3) Piezas de descarga de fertilizante, incluida la caja de descarga, el dispositivo de descarga, la tuber\u00eda de fertilizante y el abridor de fertilizaci\u00f3n.<\/p>    <p>(4) Piezas de trabajo del suelo. Incluye abridor de zanjas, cubierta de suelo, rueda perfiladora, rueda prensadora, rueda prensadora de semillas, su mecanismo de articulaci\u00f3n, etc.<\/p>    <figure class=\"wp-block-image size-full is-resized\"><img loading=\"lazy\" decoding=\"async\" width=\"720\" height=\"540\" src=\"https:\/\/taizyfarmequipment.com\/wp-content\/uploads\/2022\/03\/wheat-planters-structure-.jpg\" alt=\"Estructura de la sembradora de semillas de trigo de varias hileras.\" class=\"wp-image-3078\" style=\"width:720px;height:540px\" title=\"Estructura de la sembradora de semillas de trigo de varias hileras.\"\/><figcaption class=\"wp-element-caption\">Estructura de la sembradora de semillas de trigo de varias hileras.<\/figcaption><\/figure>    <h2 class=\"wp-block-heading\" id=\"work-flow-of-the-wheat-planting-machine\">Flujo de trabajo de la m\u00e1quina sembradora de trigo.<\/h2>    <p>El tractor tira del dispositivo de siembra y del dispositivo de fertilizaci\u00f3n de la sembradora de trigo para fertilizar y sembrar la tierra.<\/p>    <p>Primero, el tractor acciona la reja para abrir el suelo y el tubo de fertilizante ingresa al abridor para comenzar a fertilizar la zanja ya abierta. Luego activa el dispositivo de siembra para sembrar en el suelo. Luego, la rueda compactadora afloja la tierra de la zanja y la compacta para completar la operaci\u00f3n de plantaci\u00f3n de trigo.<\/p>    <h2 class=\"wp-block-heading\" id=\"parameter-of-the-6-rows-wheat-planter\">Par\u00e1metro de la sembradora de trigo de 6 hileras.<\/h2>    <figure class=\"wp-block-table\"><table><tbody><tr><td>Tama\u00f1o (mm)<\/td><td>Peso (kg)<\/td><td>CV<\/td><td>Numero de fila<\/td><td>Volumen de la caja de semillas (L)<\/td><td>Volumen del tanque de fertilizante (L)<\/td><td>Eficiencia de trabajo pura (hm\u00b2\/h)<\/td><\/tr><tr><td><br>1650*3600*1300<\/td><td>900<\/td><td>85 CV-130 CV<\/td><td>6<\/td><td>20*6<\/td><td>390<\/td><td>1-1.2<\/td><\/tr><\/tbody><\/table><figcaption class=\"wp-element-caption\">Par\u00e1metro de la sembradora de trigo.<\/figcaption><\/figure>    <h2 class=\"wp-block-heading\" id=\"advantages-of-the-wheat-planter-equipment\">Ventajas del equipo sembrador de trigo.<\/h2>    <ol class=\"wp-block-list\"> <li>Aseg\u00farese de distribuir las semillas de la manera m\u00e1s razonable en el campo y que la cantidad de siembra sea precisa.<\/li>    <li>La profundidad de siembra es la misma, creando las mejores condiciones para el crecimiento y desarrollo de las semillas. Por lo tanto, puede ahorrar muchas semillas, reducir la mano de obra de las pl\u00e1ntulas de campo y garantizar un rendimiento alto y estable de los cultivos.<\/li>    <li>El espacio entre hileras es estable, cubre bien el suelo, ahorra semillas y la eficiencia del trabajo es alta.<\/li> <\/ol>    <h2 class=\"wp-block-heading\" id=\"features-of-the-multi-rows-wheat-planter\">Caracter\u00edsticas de la sembradora de trigo de varias hileras <\/h2>    <ol class=\"wp-block-list\"> <li>Los dos juegos de discos ranurados son un conjunto de cuerpos de conexi\u00f3n y podemos simular cada disco individualmente.<\/li>    <li>El extremo superior de cada disco de zanjeo est\u00e1 equipado con manijas de ajuste, lo cual es conveniente y r\u00e1pido.<\/li>    <li>Para garantizar una profundidad constante, equipamos el disco de zanjeo en la m\u00e1quina.<\/li>    <li>Hay un juego de manijas de ajuste para la rueda trituradora de tierra y la tabla de cobertura de tierra, lo cual es conveniente y r\u00e1pido. Cada juego de losas de revestimiento est\u00e1 provisto de un juego de muelles. El ancho es igual al ancho de la pl\u00e1ntula y el espaciamiento es peque\u00f1o, y el efecto de cubrir el suelo y suprimirlo es bueno.<\/li>    <li>La viga extendida es f\u00e1cil de instalar y usar.<\/li> <\/ol>    <figure class=\"wp-block-gallery has-nested-images columns-default is-cropped wp-block-gallery-3 is-layout-flex wp-block-gallery-is-layout-flex\"> <figure class=\"wp-block-image size-large\"><img loading=\"lazy\" decoding=\"async\" width=\"720\" height=\"540\" data-id=\"3075\" src=\"https:\/\/taizyfarmequipment.com\/wp-content\/uploads\/2022\/03\/grain-planter-.jpg\" alt=\"sembradora de granos\" class=\"wp-image-3075\" title=\"sembradora de granos\"\/><figcaption class=\"wp-element-caption\">sembradora de granos<\/figcaption><\/figure>    <figure class=\"wp-block-image size-large\"><img loading=\"lazy\" decoding=\"async\" width=\"720\" height=\"540\" data-id=\"3076\" src=\"https:\/\/taizyfarmequipment.com\/wp-content\/uploads\/2022\/03\/manufacture-of-wheat-planter1.jpg\" alt=\"fabricaci\u00f3n de sembradora de trigo\" class=\"wp-image-3076\" title=\"fabricaci\u00f3n de sembradora de trigo\"\/><figcaption class=\"wp-element-caption\">fabricaci\u00f3n de sembradora de trigo<\/figcaption><\/figure> <\/figure>    <h2 class=\"wp-block-heading\" id=\"maintenance-of-wheat-planter-with-fertilizer\">Mantenimiento de sembradora de trigo con fertilizante.<\/h2>    <p>El uso de jardineras tiene una fuerte estacionalidad. El mantenimiento del equipo es para que tenga buenas condiciones de trabajo, reducir fallas y mejorar la eficiencia del trabajo.<\/p>    <p> 1. Cuando la m\u00e1quina circula a alta velocidad en la carretera, el elevador del tractor debe estar bloqueado. Est\u00e1 estrictamente prohibido conducir tirando de la m\u00e1quina.<\/p>    <p>2. Verifique todos los sujetadores y conectores antes de plantar. Si hay alguna holgura, apri\u00e9tela a tiempo.<\/p>    <p>3. Durante la operaci\u00f3n, el operador debe seguir estrictamente los procedimientos operativos seguros para reducir el desgaste innecesario de la m\u00e1quina.<\/p>    <p>4. Despu\u00e9s de cada turno, debemos quitar la tierra de todas las partes de la m\u00e1quina.<\/p>    <p>5. Verifique frecuentemente el movimiento de cada par giratorio. Si el desgaste es grave, debemos reemplazar las piezas correspondientes a tiempo. Y piezas despintadas.<\/p>    <p>6. Despu\u00e9s de su uso cada temporada, debemos limpiar y mantener a tiempo. Aseg\u00farese de enjuagar el fertilizante, revisar todas las piezas y agregar aceite antioxidante. Y luego ponlo en el inventario.<\/p>","protected":false},"excerpt":{"rendered":"<p>Los plantadores de trigo pueden plantar semillas de trigo mediante un sistema mec\u00e1nico de siembra. Es apta para plantar en llanuras y zonas monta\u00f1osas.<\/p>","protected":false},"author":1,"featured_media":3070,"parent":0,"template":"","tags":[],"product-type":[235],"class_list":["post-2565","product","type-product","status-publish","has-post-thumbnail","hentry","product-type-planter"],"_links":{"self":[{"href":"https:\/\/taizyfarmequipment.com\/es\/wp-json\/wp\/v2\/product\/2565","targetHints":{"allow":["GET"]}}],"collection":[{"href":"https:\/\/taizyfarmequipment.com\/es\/wp-json\/wp\/v2\/product"}],"about":[{"href":"https:\/\/taizyfarmequipment.com\/es\/wp-json\/wp\/v2\/types\/product"}],"author":[{"embeddable":true,"href":"https:\/\/taizyfarmequipment.com\/es\/wp-json\/wp\/v2\/users\/1"}],"wp:featuredmedia":[{"embeddable":true,"href":"https:\/\/taizyfarmequipment.com\/es\/wp-json\/wp\/v2\/media\/3070"}],"wp:attachment":[{"href":"https:\/\/taizyfarmequipment.com\/es\/wp-json\/wp\/v2\/media?parent=2565"}],"wp:term":[{"taxonomy":"post_tag","embeddable":true,"href":"https:\/\/taizyfarmequipment.com\/es\/wp-json\/wp\/v2\/tags?post=2565"},{"taxonomy":"product-type","embeddable":true,"href":"https:\/\/taizyfarmequipment.com\/es\/wp-json\/wp\/v2\/product-type?post=2565"}],"curies":[{"name":"wp","href":"https:\/\/api.w.org\/{rel}","templated":true}]}}