{"id":2577,"date":"2022-03-21T09:20:48","date_gmt":"2022-03-21T09:20:48","guid":{"rendered":"https:\/\/taizyfarmequipment.com\/"},"modified":"2025-11-26T13:45:47","modified_gmt":"2025-11-26T05:45:47","slug":"maquina-empacadora-de-paja-cuadrada","status":"publish","type":"product","link":"https:\/\/taizyfarmequipment.com\/es\/product\/square-straw-baler-machine\/","title":{"rendered":"M\u00e1quina empacadora de flejado de paja cuadrada con remolque de tractor \u4e28 empacadora de recogida redonda"},"content":{"rendered":"<div class=\"kk-star-ratings kksr-auto kksr-align-left kksr-valign-top\"     data-payload='{&quot;align&quot;:&quot;left&quot;,&quot;id&quot;:&quot;2577&quot;,&quot;slug&quot;:&quot;default&quot;,&quot;valign&quot;:&quot;top&quot;,&quot;ignore&quot;:&quot;&quot;,&quot;reference&quot;:&quot;auto&quot;,&quot;class&quot;:&quot;&quot;,&quot;count&quot;:&quot;25&quot;,&quot;legendonly&quot;:&quot;&quot;,&quot;readonly&quot;:&quot;&quot;,&quot;score&quot;:&quot;4.7&quot;,&quot;starsonly&quot;:&quot;&quot;,&quot;best&quot;:&quot;5&quot;,&quot;gap&quot;:&quot;5&quot;,&quot;greet&quot;:&quot;Rate this product&quot;,&quot;legend&quot;:&quot;4.7\\\/5 - (25 votos)&quot;,&quot;size&quot;:&quot;24&quot;,&quot;title&quot;:&quot;Tractor towing square straw strapping baler machine\u4e28round pickup baler&quot;,&quot;width&quot;:&quot;133.8&quot;,&quot;_legend&quot;:&quot;{score}\\\/{best} - ({count} {votes})&quot;,&quot;font_factor&quot;:&quot;1.25&quot;}'>              <div class=\"kksr-stars\">      <div class=\"kksr-stars-inactive\">             <div class=\"kksr-star\" data-star=\"1\" style=\"padding-right: 5px\">               <div class=\"kksr-icon\" style=\"width: 24px; height: 24px;\"><\/div>         <\/div>             <div class=\"kksr-star\" data-star=\"2\" style=\"padding-right: 5px\">               <div class=\"kksr-icon\" style=\"width: 24px; height: 24px;\"><\/div>         <\/div>             <div class=\"kksr-star\" data-star=\"3\" style=\"padding-right: 5px\">               <div class=\"kksr-icon\" style=\"width: 24px; height: 24px;\"><\/div>         <\/div>             <div class=\"kksr-star\" data-star=\"4\" style=\"padding-right: 5px\">               <div class=\"kksr-icon\" style=\"width: 24px; height: 24px;\"><\/div>         <\/div>             <div class=\"kksr-star\" data-star=\"5\" style=\"padding-right: 5px\">               <div class=\"kksr-icon\" style=\"width: 24px; height: 24px;\"><\/div>         <\/div>     <\/div>      <div class=\"kksr-stars-active\" style=\"width: 133.8px;\">             <div class=\"kksr-star\" style=\"padding-right: 5px\">               <div class=\"kksr-icon\" style=\"width: 24px; height: 24px;\"><\/div>         <\/div>             <div class=\"kksr-star\" style=\"padding-right: 5px\">               <div class=\"kksr-icon\" style=\"width: 24px; height: 24px;\"><\/div>         <\/div>             <div class=\"kksr-star\" style=\"padding-right: 5px\">               <div class=\"kksr-icon\" style=\"width: 24px; height: 24px;\"><\/div>         <\/div>             <div class=\"kksr-star\" style=\"padding-right: 5px\">               <div class=\"kksr-icon\" style=\"width: 24px; height: 24px;\"><\/div>         <\/div>             <div class=\"kksr-star\" style=\"padding-right: 5px\">               <div class=\"kksr-icon\" style=\"width: 24px; height: 24px;\"><\/div>         <\/div>     <\/div> <\/div>                   <div class=\"kksr-legend\" style=\"font-size: 19.2px;\">             4,7\/5 - (25 votos)    <\/div>     <\/div>  <p>Hoy en d\u00eda, la mayor\u00eda de los agricultores utilizan la m\u00e1quina empacadora y flejadora de paja cuadrada para recolectar pastos secos y verdes, arroz, trigo y tallos de ma\u00edz. Y la m\u00e1quina empacadora de tallos tiene las caracter\u00edsticas de estructura compacta, operaci\u00f3n conveniente y alta confiabilidad. As\u00ed, la paca formada es peque\u00f1a y compacta, y la paca queda suelta por dentro y apretada por fuera. Adem\u00e1s, la paca tiene buena permeabilidad al aire y es f\u00e1cil de transportar y almacenar.<\/p>    <h2 class=\"wp-block-heading has-theme-palette-4-color has-text-color\" id=\"h-brief-introduction-of-straw-picking-and-baling-machine\">Breve introducci\u00f3n a la m\u00e1quina recogedora y empacadora de paja.<\/h2>    <p class=\"translation-block\">Nuestro Taizy ha fabricado dos tipos de m\u00e1quinas para cortar y empacar ensilaje. Una es la m\u00e1quina empacadora de paja cuadrada con flejado 9YFQ-2.2 y la otra es la empacadora redonda de recogida ST-70*100. Ambas m\u00e1quinas pueden triturar, recoger y empacar diversos tallos. Son equipos profesionales. Y deben trabajar con un tractor para completar la recogida y atado de forraje, soja, paja de arroz, trigo y otros tallos de cultivo. La forma de la paja terminada puede ser redonda o cuadrada. Adem\u00e1s de estos dos tipos de m\u00e1quinas empacadoras de ensilaje, tambi\u00e9n tenemos <a href=\"https:\/\/taizyfarmequipment.com\/es\/producto-2\/rotoempacadora-de-ensilaje\/\">empacadoras de ensilaje<\/a>, que solo pueden empacar el material triturado y no pueden desplazarse en el campo. Por ello, debemos cortar el material utilizando las <a href=\"https:\/\/www.agriculture-machine.com\/4-15t-h-grass-cutting-machine-cutting-wet-grass-grass-cutter\/\" target=\"_blank\" rel=\"noopener\">m\u00e1quinas cortadoras de hierba<\/a> antes de usar esta empacadora de ensilaje. Y este pasaje trata principalmente sobre las m\u00e1quinas autom\u00e1ticas de corte y empacado cuadrado y redondo de ensilaje. <\/p>    <p>La popularizaci\u00f3n y el uso de estas m\u00e1quinas han jugado un papel muy importante en la soluci\u00f3n del reciclaje de paja. Y tambi\u00e9n pueden mejorar las condiciones ambientales gracias a la quema de paja en las zonas rurales. Y mejorar la calidad del uso de la paja. Adem\u00e1s, son equipos ideales para la recolecci\u00f3n de forraje y combustible de paja, y para el atado. Desde el lanzamiento de estas m\u00e1quinas, son la m\u00e1quina favorita de los agricultores. Por lo tanto, es una buena ayuda para hacer una fortuna.<\/p>    <figure class=\"wp-block-gallery has-nested-images columns-default is-cropped wp-block-gallery-2 is-layout-flex wp-block-gallery-is-layout-flex\"> <figure class=\"wp-block-image size-large\"><img loading=\"lazy\" decoding=\"async\" width=\"720\" height=\"540\" data-id=\"4950\" src=\"https:\/\/taizyfarmequipment.com\/wp-content\/uploads\/2022\/03\/round-straw-cutter-and-baler.webp\" alt=\"cortadora y empacadora de paja redonda\" class=\"wp-image-4950\" srcset=\"https:\/\/taizyfarmequipment.com\/wp-content\/uploads\/2022\/03\/round-straw-cutter-and-baler.webp 720w, https:\/\/taizyfarmequipment.com\/wp-content\/uploads\/2022\/03\/round-straw-cutter-and-baler-300x225.webp 300w, https:\/\/taizyfarmequipment.com\/wp-content\/uploads\/2022\/03\/round-straw-cutter-and-baler-16x12.webp 16w\" sizes=\"auto, (max-width: 720px) 100vw, 720px\" \/><figcaption class=\"wp-element-caption\">cortadora y empacadora de paja redonda<\/figcaption><\/figure>    <figure class=\"wp-block-image size-large\"><img loading=\"lazy\" decoding=\"async\" width=\"720\" height=\"540\" data-id=\"4951\" src=\"https:\/\/taizyfarmequipment.com\/wp-content\/uploads\/2022\/03\/square-straw-strapping-baler-machine.webp\" alt=\"M\u00e1quina empacadora flejadora de paja cuadrada\" class=\"wp-image-4951\" srcset=\"https:\/\/taizyfarmequipment.com\/wp-content\/uploads\/2022\/03\/square-straw-strapping-baler-machine.webp 720w, https:\/\/taizyfarmequipment.com\/wp-content\/uploads\/2022\/03\/square-straw-strapping-baler-machine-300x225.webp 300w, https:\/\/taizyfarmequipment.com\/wp-content\/uploads\/2022\/03\/square-straw-strapping-baler-machine-16x12.webp 16w\" sizes=\"auto, (max-width: 720px) 100vw, 720px\" \/><figcaption class=\"wp-element-caption\">M\u00e1quina empacadora flejadora de paja cuadrada<\/figcaption><\/figure> <\/figure>    <h2 class=\"wp-block-heading has-theme-palette-4-color has-text-color\" id=\"h-what-materials-can-the-tractor-baler-process\">\u00bfQu\u00e9 materiales puede procesar la empacadora de tractor?<\/h2>    <p>Estas m\u00e1quinas pueden procesar pastos verdes secos, arroz, trigo, tallos de ma\u00edz, forrajes, etc.<\/p>    <h2 class=\"wp-block-heading\">Tipo 1: M\u00e1quina empacadora flejadora de paja cuadrada<\/h2>    <p>Este tipo de m\u00e1quina cortadora y empacadora de paja cuadrada puede empacar las distintas pajas en forma cuadrada. La pajita cuadrada deber\u00eda funcionar con el tractor. Y la energ\u00eda se transportar\u00e1 a trav\u00e9s de la toma de fuerza. En cuanto al tama\u00f1o de la empacadora terminada, nuestra m\u00e1quina puede producir una empacadora cuadrada de 1100*400*300 mm. Hay dos tipos de materiales utilizados cuando la empacadora recogedora trituradora de paja est\u00e1 agrupando: cuerda de c\u00e1\u00f1amo y cuerda de red de pl\u00e1stico. La empacadora recogedora de trituraci\u00f3n de paja cuadrada solo puede usar cuerda de c\u00e1\u00f1amo.<\/p>    <figure class=\"wp-block-image size-full\"><img loading=\"lazy\" decoding=\"async\" width=\"720\" height=\"540\" src=\"https:\/\/taizyfarmequipment.com\/wp-content\/uploads\/2022\/04\/square-straw-strapping-baler-machine-0.jpg\" alt=\"M\u00e1quina empacadora flejadora de paja cuadrada \" class=\"wp-image-3207\" title=\"M\u00e1quina empacadora flejadora de paja cuadrada \"\/><figcaption class=\"wp-element-caption\">M\u00e1quina empacadora flejadora de paja cuadrada <\/figcaption><\/figure>    <h2 class=\"wp-block-heading has-theme-palette-4-color has-text-color\" id=\"h-structure-of-tractor-towing-square-stalk-baling-machine\">Estructura de la m\u00e1quina empacadora de tallos cuadrados con remolque de tractor<\/h2>    <p>La m\u00e1quina empacadora y flejadora de paja cuadrada incluye una viga de tracci\u00f3n, un recogedor, un transportador de tornillo, un mecanismo de alimentaci\u00f3n, un pist\u00f3n, una c\u00e1mara de empacado, un mecanismo de empacado, un dispositivo de ajuste de la densidad de la paca y un sistema de transmisi\u00f3n.<\/p>    <p>1. En primer lugar, la funci\u00f3n del recolector es recoger las tiras de c\u00e9sped colocadas en el suelo. Y luego levante la plataforma de alimentaci\u00f3n. El selector adopta una estructura de rodillos dentados con resorte de cuatro hileras.<\/p>    <p>2. En segundo lugar, la funci\u00f3n del mecanismo de transporte y alimentaci\u00f3n es recoger los materiales lateralmente y alimentarlos a la c\u00e1mara de empacado. El mecanismo de transporte y alimentaci\u00f3n incluye un transportador de tornillo sin fin y un mecanismo de horquilla de alimentaci\u00f3n.<\/p>    <p>3. En tercer lugar, el pist\u00f3n y la c\u00e1mara de empacado pueden comprimir el material introducido en la c\u00e1mara de empacado. Y el pist\u00f3n es un mecanismo de biela de manivela. La c\u00e1mara de uni\u00f3n es una cavidad rectangular formada por placas de acero soldadas.<\/p>    <p>4. Y el controlador de densidad de las pacas sirve para ajustar la densidad de las pacas. Seg\u00fan las especies de forraje y la humedad, el operador puede ajustar la tensi\u00f3n del resorte para obtener una paca moderadamente apretada.<\/p>    <figure class=\"wp-block-image size-full\"><img loading=\"lazy\" decoding=\"async\" width=\"720\" height=\"540\" src=\"https:\/\/taizyfarmequipment.com\/wp-content\/uploads\/2022\/03\/square-stalk-baling-machines-structure2-.jpg\" alt=\"estructura de la empacadora de tallos cuadrados \" class=\"wp-image-3019\" title=\"estructura de la empacadora de tallos cuadrados \"\/><figcaption class=\"wp-element-caption\">estructura de la empacadora de tallos cuadrados <\/figcaption><\/figure>    <h2 class=\"wp-block-heading has-theme-palette-4-color has-text-color\" id=\"h-working-principle-of-square-stalk-strapping-and-baling-machine\">Principio de funcionamiento de la m\u00e1quina empacadora y flejadora de tallos cuadrados. <\/h2>    <p>La m\u00e1quina empacadora y flejadora de paja puede funcionar con el polvo del tractor. Y durante el trabajo en el campo, los dientes el\u00e1sticos del recogedor recogen las tiras de hierba molida. Y luego lev\u00e1ntelos hasta la plataforma de transporte y alimentaci\u00f3n.<\/p>    <p>Luego, el transportador de tornillo sim\u00e9trico detr\u00e1s del recogedor empuja el material desde ambos lados hasta la entrada de alimentaci\u00f3n.<\/p>    <p>La horquilla de alimentaci\u00f3n agregar\u00e1 los materiales acumulados en la entrada de alimentaci\u00f3n a la c\u00e1mara de empacado durante su proceso de trabajo. Y bajo la acci\u00f3n ascendente del pist\u00f3n, el material se compacta gradualmente en la c\u00e1mara de empacado.<\/p>    <p>Cuando la longitud de la paca alcanza la longitud establecida. El embrague del mecanismo de flejado inicia el funcionamiento del mecanismo de flejado. Y durante el proceso de trabajo del anudador, los dos haces de cuerda envuelven la paca.<\/p>    <p>Luego, los materiales siguientes empujar\u00e1n gradualmente los fardos hacia la salida de la c\u00e1mara de empacado. Luego caiga al suelo a trav\u00e9s de la placa de empacado.<\/p>    <h2 class=\"wp-block-heading\">Par\u00e1metro de una empacadora de pacas con remolque autom\u00e1tico de tractor<\/h2>    <figure class=\"wp-block-table\"><table><tbody><tr><td>Modelo<\/td><td>Selector con<\/td><td>Tipo de estructura del selector<\/td><td>Tipo de anudador<\/td><td>N\u00famero de anudadores<\/td><td>Tiempos de movimiento alternativo del pist\u00f3n agrupado<\/td><td>Dimensiones (mm)<\/td><td>Poder de apoyo<\/td><\/tr><tr><td>9YFQ-2.2<\/td><td>2240 mm<\/td><td>diente de resorte<\/td><td>D<\/td><td>2<\/td><td>100\/minuto<\/td><td>4150\u00d72850\u00d71800<\/td><td>\u226536,7 kw<\/td><\/tr><\/tbody><\/table><figcaption class=\"wp-element-caption\"> Par\u00e1metro de una empacadora de pacas con remolque autom\u00e1tico de tractor <\/figcaption><\/figure>    <h2 class=\"wp-block-heading\">Tipo 2: Empacadora recolectora y trituradora de paja redonda<\/h2>    <p>Este tipo de empacadora de paja puede producir fardos de tallos redondos. La m\u00e1quina tambi\u00e9n necesita trabajar con un tractor, con enganche de tres puntos y toma de fuerza para transmitir la potencia al recogedor y a la empacadora. En cuanto al material a embalar, la m\u00e1quina puede utilizar cuerda de red o cuerda de c\u00e1\u00f1amo. Y el tama\u00f1o de la paca redonda terminada es de 70*100 mm. <\/p>    <h2 class=\"wp-block-heading\">\u00bfCu\u00e1les son la estructura de la m\u00e1quina empacadora y cortadora de heno redondo?<\/h2>    <p>La cortadora y empacadora de heno redondo tiene principalmente un cilindro hidr\u00e1ulico, cuerda de c\u00e1\u00f1amo, palanca del compartimiento del interruptor, toma de fuerza, guardabarros, etc. Es compacta y f\u00e1cil de operar.<\/p>    <figure class=\"wp-block-image size-full is-resized\"><img loading=\"lazy\" decoding=\"async\" width=\"720\" height=\"540\" src=\"https:\/\/taizyfarmequipment.com\/wp-content\/uploads\/2022\/04\/round-silage-cutting-and-baling-machine0.jpg\" alt=\"M\u00e1quina empacadora y cortadora de ensilado redondo\" class=\"wp-image-3209\" style=\"width:720px;height:540px\" title=\"M\u00e1quina empacadora y cortadora de ensilado redondo\"\/><figcaption class=\"wp-element-caption\">M\u00e1quina empacadora y cortadora de ensilado redondo<\/figcaption><\/figure>    <h2 class=\"wp-block-heading\">\u00bfCu\u00e1les son las especificaciones de una empacadora de heno redonda?<\/h2>    <figure class=\"wp-block-table\"><table><tbody><tr><td>Modelo<\/td><td>STF 70*100<\/td><\/tr><tr><td>Capacidad de trabajo<\/td><td>0,82-1,3 acres<\/td><\/tr><tr><td>Tama\u00f1o<\/td><td>2300*2200*1450mm<\/td><\/tr><\/tbody><\/table><figcaption class=\"wp-element-caption\">Par\u00e1metro de la empacadora de heno redonda<\/figcaption><\/figure>    <h2 class=\"wp-block-heading has-theme-palette-4-color has-text-color\" id=\"h-advantages-of-square-and-round-balers\">Ventajas de las empacadoras cuadradas y redondas<\/h2>    <p>1. Ambas m\u00e1quinas tienen alta eficiencia de empaquetado y alta densidad. Y es adecuado para extrusi\u00f3n y agrupamiento de tallos de ma\u00edz, paja de trigo, paja, pastos, etc.<\/p>    <p>2. Adem\u00e1s, puede reducir en gran medida el \u00e1rea de almacenamiento, mejorar la capacidad de transporte y reducir la posibilidad de incendio.<\/p>    <p>3. F\u00e1cil de guardar. El volumen de pasto agrupado es dos tercios m\u00e1s peque\u00f1o que el pasto sin empaquetar, lo que puede reducir en gran medida el \u00e1rea del pasto.<\/p>    <p>4. Conveniente para carga, descarga y transporte. Estas m\u00e1quinas pueden aprovechar al m\u00e1ximo la capacidad de carga del medio de transporte. Y, en general, la capacidad de transporte puede aumentar entre 2 y 3 veces. Por lo tanto, puede ahorrar costos de mano de obra y transporte en m\u00e1s de 50%.<\/p>    <figure class=\"wp-block-gallery has-nested-images columns-default is-cropped wp-block-gallery-3 is-layout-flex wp-block-gallery-is-layout-flex\"> <figure class=\"wp-block-image size-large\"><img loading=\"lazy\" decoding=\"async\" width=\"720\" height=\"540\" data-id=\"3020\" src=\"https:\/\/taizyfarmequipment.com\/wp-content\/uploads\/2022\/03\/factory-.jpg\" alt=\"f\u00e1brica de empacadoras de heno\" class=\"wp-image-3020\" title=\"f\u00e1brica de empacadoras de heno\"\/><figcaption class=\"wp-element-caption\">f\u00e1brica de empacadoras de heno<\/figcaption><\/figure>    <figure class=\"wp-block-image size-large\"><img loading=\"lazy\" decoding=\"async\" width=\"720\" height=\"540\" data-id=\"3021\" src=\"https:\/\/taizyfarmequipment.com\/wp-content\/uploads\/2022\/03\/stalk-baler-.jpg\" alt=\"empacadora de tallos\" class=\"wp-image-3021\" title=\"empacadora de tallos\"\/><figcaption class=\"wp-element-caption\">empacadora de tallos<\/figcaption><\/figure> <figcaption class=\"blocks-gallery-caption wp-element-caption\">empacadora de heno cuadrada<\/figcaption><\/figure>    <h2 class=\"wp-block-heading has-theme-palette-4-color has-text-color\" id=\"h-main-features-of-automatic-silage-balers\">Caracter\u00edsticas principales de las empacadoras de ensilado autom\u00e1ticas.<\/h2>    <p id=\"h-1-knotting-device-imported-from-germany-rasboa-germany-producing-the-reliability-is-high-and-the-bundling-rate-is-as-high-as-99\">1. Dispositivo de anudado importado de Alemania (Rasboa, productor de Alemania). Por lo tanto, la confiabilidad es alta y la tasa de agrupaci\u00f3n llega a 99%.<\/p>    <p>2. Adem\u00e1s, la apariencia es m\u00e1s bella y segura de usar.<\/p>    <p>3. Y el dispositivo de amortiguaci\u00f3n de agrupaci\u00f3n de frenos de doble lado hace que la acci\u00f3n de agrupaci\u00f3n sea m\u00e1s estable.<\/p>    <p>4. Adem\u00e1s, la cadena principal de doble hilera hace que la m\u00e1quina sea m\u00e1s adecuada para operaciones de agrupamiento de servicio pesado.<\/p>    <p>5. Los neum\u00e1ticos de secci\u00f3n ancha hacen que la operaci\u00f3n de caminar sea m\u00e1s estable.<\/p>    <p>6. Toda la m\u00e1quina adopta el dise\u00f1o de estructura sim\u00e9trica del eje longitudinal. Tracci\u00f3n central, buena estabilidad de conducci\u00f3n y radio de giro peque\u00f1o.<\/p>    <p>7. Usar una estructura de barrena hueca para que el cultivo avance m\u00e1s suavemente. Sin acumulaci\u00f3n, sin enredos.<\/p>","protected":false},"excerpt":{"rendered":"<p>La m\u00e1quina y flejadora de paja cuadrada funcionan con un tractor para completar la recolecci\u00f3n y el atado del forraje. Hoy en d\u00eda muchas granjas lo utilizan.<\/p>","protected":false},"author":1,"featured_media":3211,"parent":0,"template":"","tags":[],"product-type":[133],"class_list":["post-2577","product","type-product","status-publish","has-post-thumbnail","hentry","product-type-silage-machine"],"_links":{"self":[{"href":"https:\/\/taizyfarmequipment.com\/es\/wp-json\/wp\/v2\/product\/2577","targetHints":{"allow":["GET"]}}],"collection":[{"href":"https:\/\/taizyfarmequipment.com\/es\/wp-json\/wp\/v2\/product"}],"about":[{"href":"https:\/\/taizyfarmequipment.com\/es\/wp-json\/wp\/v2\/types\/product"}],"author":[{"embeddable":true,"href":"https:\/\/taizyfarmequipment.com\/es\/wp-json\/wp\/v2\/users\/1"}],"wp:featuredmedia":[{"embeddable":true,"href":"https:\/\/taizyfarmequipment.com\/es\/wp-json\/wp\/v2\/media\/3211"}],"wp:attachment":[{"href":"https:\/\/taizyfarmequipment.com\/es\/wp-json\/wp\/v2\/media?parent=2577"}],"wp:term":[{"taxonomy":"post_tag","embeddable":true,"href":"https:\/\/taizyfarmequipment.com\/es\/wp-json\/wp\/v2\/tags?post=2577"},{"taxonomy":"product-type","embeddable":true,"href":"https:\/\/taizyfarmequipment.com\/es\/wp-json\/wp\/v2\/product-type?post=2577"}],"curies":[{"name":"wp","href":"https:\/\/api.w.org\/{rel}","templated":true}]}}