{"id":2582,"date":"2022-02-21T07:00:32","date_gmt":"2022-02-21T07:00:32","guid":{"rendered":"https:\/\/taizyfarmequipment.com\/"},"modified":"2022-03-16T08:32:05","modified_gmt":"2022-03-16T08:32:05","slug":"clasificador-de-arroz","status":"publish","type":"product","link":"https:\/\/taizyfarmequipment.com\/es\/product\/rice-grader\/","title":{"rendered":"M\u00e1quina clasificadora de arroz en planta de molino de arroz"},"content":{"rendered":"<div class=\"kk-star-ratings kksr-auto kksr-align-left kksr-valign-top\"     data-payload='{&quot;align&quot;:&quot;left&quot;,&quot;id&quot;:&quot;2582&quot;,&quot;slug&quot;:&quot;default&quot;,&quot;valign&quot;:&quot;top&quot;,&quot;ignore&quot;:&quot;&quot;,&quot;reference&quot;:&quot;auto&quot;,&quot;class&quot;:&quot;&quot;,&quot;count&quot;:&quot;18&quot;,&quot;legendonly&quot;:&quot;&quot;,&quot;readonly&quot;:&quot;&quot;,&quot;score&quot;:&quot;4.6&quot;,&quot;starsonly&quot;:&quot;&quot;,&quot;best&quot;:&quot;5&quot;,&quot;gap&quot;:&quot;5&quot;,&quot;greet&quot;:&quot;Rate this product&quot;,&quot;legend&quot;:&quot;4.6\\\/5 - (18 votos)&quot;,&quot;size&quot;:&quot;24&quot;,&quot;title&quot;:&quot;Rice grader rice grading machine in rice mill plant&quot;,&quot;width&quot;:&quot;130.9&quot;,&quot;_legend&quot;:&quot;{score}\\\/{best} - ({count} {votes})&quot;,&quot;font_factor&quot;:&quot;1.25&quot;}'>              <div class=\"kksr-stars\">      <div class=\"kksr-stars-inactive\">             <div class=\"kksr-star\" data-star=\"1\" style=\"padding-right: 5px\">               <div class=\"kksr-icon\" style=\"width: 24px; height: 24px;\"><\/div>         <\/div>             <div class=\"kksr-star\" data-star=\"2\" style=\"padding-right: 5px\">               <div class=\"kksr-icon\" style=\"width: 24px; height: 24px;\"><\/div>         <\/div>             <div class=\"kksr-star\" data-star=\"3\" style=\"padding-right: 5px\">               <div class=\"kksr-icon\" style=\"width: 24px; height: 24px;\"><\/div>         <\/div>             <div class=\"kksr-star\" data-star=\"4\" style=\"padding-right: 5px\">               <div class=\"kksr-icon\" style=\"width: 24px; height: 24px;\"><\/div>         <\/div>             <div class=\"kksr-star\" data-star=\"5\" style=\"padding-right: 5px\">               <div class=\"kksr-icon\" style=\"width: 24px; height: 24px;\"><\/div>         <\/div>     <\/div>      <div class=\"kksr-stars-active\" style=\"width: 130.9px;\">             <div class=\"kksr-star\" style=\"padding-right: 5px\">               <div class=\"kksr-icon\" style=\"width: 24px; height: 24px;\"><\/div>         <\/div>             <div class=\"kksr-star\" style=\"padding-right: 5px\">               <div class=\"kksr-icon\" style=\"width: 24px; height: 24px;\"><\/div>         <\/div>             <div class=\"kksr-star\" style=\"padding-right: 5px\">               <div class=\"kksr-icon\" style=\"width: 24px; height: 24px;\"><\/div>         <\/div>             <div class=\"kksr-star\" style=\"padding-right: 5px\">               <div class=\"kksr-icon\" style=\"width: 24px; height: 24px;\"><\/div>         <\/div>             <div class=\"kksr-star\" style=\"padding-right: 5px\">               <div class=\"kksr-icon\" style=\"width: 24px; height: 24px;\"><\/div>         <\/div>     <\/div> <\/div>                   <div class=\"kksr-legend\" style=\"font-size: 19.2px;\">             4,6\/5 - (18 votos)    <\/div>     <\/div>  <h2 class=\"has-theme-palette-4-color has-text-color wp-block-heading\" id=\"h-introduction-of-the-rice-grader\">Introducci\u00f3n de la clasificadora de arroz.<\/h2>    <p class=\"translation-block\">Un clasificador de arroz es una m\u00e1quina que puede dividir el arroz seg\u00fan sus di\u00e1metros. Luego, el arroz con diferentes di\u00e1metros se descarga por diferentes salidas. Normalmente, el arroz completo entrar\u00e1 en la misma bolsa. Y el arroz partido entra en otra bolsa. Si desea dividir el arroz de forma m\u00e1s clara, puede recibir cada di\u00e1metro de arroz en diferentes bolsas. El motor proporciona la potencia a la m\u00e1quina. Esta m\u00e1quina funciona de manera estable y tiene una larga vida \u00fatil. Hay bolas de goma en el tamiz. Y la funci\u00f3n de estas bolas es evitar el bloqueo de la malla del tamiz. Esta m\u00e1quina tiene diferentes modelos seg\u00fan el tama\u00f1o de la malla y el ancho del tamiz. Puede elegir el modelo correspondiente en funci\u00f3n de sus necesidades. Es una parte integral de la unidad de molienda de arroz al igual que el <a href=\"https:\/\/taizyfarmequipment.com\/es\/rice-mill-production-line\/separador-de-arroz-por-gravedad\/\">separador de arroz por gravedad<\/a>.<\/p>    <figure class=\"wp-block-gallery has-nested-images columns-default is-cropped wp-block-gallery-2 is-layout-flex wp-block-gallery-is-layout-flex\"> <figure class=\"wp-block-image size-large\"><img loading=\"lazy\" decoding=\"async\" width=\"720\" height=\"540\" data-id=\"2694\" src=\"https:\/\/taizyfarmequipment.com\/wp-content\/uploads\/2022\/02\/front-of-the-rice-grader-.jpg\" alt=\"frente de la clasificadora de arroz\" class=\"wp-image-2694\" title=\"frente de la clasificadora de arroz\" srcset=\"https:\/\/taizyfarmequipment.com\/wp-content\/uploads\/2022\/02\/front-of-the-rice-grader-.jpg 720w, https:\/\/taizyfarmequipment.com\/wp-content\/uploads\/2022\/02\/front-of-the-rice-grader--300x225.jpg 300w\" sizes=\"auto, (max-width: 720px) 100vw, 720px\" \/><figcaption>frente de la clasificadora de arroz<\/figcaption><\/figure>    <figure class=\"wp-block-image size-large\"><img loading=\"lazy\" decoding=\"async\" width=\"720\" height=\"540\" data-id=\"2695\" src=\"https:\/\/taizyfarmequipment.com\/wp-content\/uploads\/2022\/02\/side-of-the-rice-grader1.jpg\" alt=\"lado de la clasificadora de arroz\" class=\"wp-image-2695\" title=\"lado de la clasificadora de arroz\" srcset=\"https:\/\/taizyfarmequipment.com\/wp-content\/uploads\/2022\/02\/side-of-the-rice-grader1.jpg 720w, https:\/\/taizyfarmequipment.com\/wp-content\/uploads\/2022\/02\/side-of-the-rice-grader1-300x225.jpg 300w\" sizes=\"auto, (max-width: 720px) 100vw, 720px\" \/><figcaption>lado de la clasificadora de arroz<\/figcaption><\/figure> <figcaption class=\"blocks-gallery-caption\">Introducci\u00f3n de la clasificadora de arroz.<\/figcaption><\/figure>    <h2 class=\"has-theme-palette-4-color has-text-color wp-block-heading\" id=\"h-structure-of-the-rice-grading-machine\">Estructura de la clasificadora de arroz.<\/h2>    <p>La m\u00e1quina clasificadora de arroz incluye salidas, mango en forma de estrella, tamiz, bola de goma, motor, marco, etc.<\/p>    <figure class=\"wp-block-gallery has-nested-images columns-default is-cropped wp-block-gallery-3 is-layout-flex wp-block-gallery-is-layout-flex\"> <figure class=\"wp-block-image size-large\"><img loading=\"lazy\" decoding=\"async\" width=\"720\" height=\"540\" data-id=\"2696\" src=\"https:\/\/taizyfarmequipment.com\/wp-content\/uploads\/2022\/02\/inlet.jpg\" alt=\"entrada de la m\u00e1quina clasificadora de arroz\" class=\"wp-image-2696\" title=\"entrada de la m\u00e1quina clasificadora de arroz\" srcset=\"https:\/\/taizyfarmequipment.com\/wp-content\/uploads\/2022\/02\/inlet.jpg 720w, https:\/\/taizyfarmequipment.com\/wp-content\/uploads\/2022\/02\/inlet-300x225.jpg 300w\" sizes=\"auto, (max-width: 720px) 100vw, 720px\" \/><figcaption>entrada de la m\u00e1quina clasificadora de arroz<\/figcaption><\/figure>    <figure class=\"wp-block-image size-large\"><img loading=\"lazy\" decoding=\"async\" width=\"720\" height=\"540\" data-id=\"2697\" src=\"https:\/\/taizyfarmequipment.com\/wp-content\/uploads\/2022\/02\/outlet1.jpg\" alt=\"salida del tamiz de clasificaci\u00f3n de arroz\" class=\"wp-image-2697\" title=\"salida del tamiz de clasificaci\u00f3n de arroz\" srcset=\"https:\/\/taizyfarmequipment.com\/wp-content\/uploads\/2022\/02\/outlet1.jpg 720w, https:\/\/taizyfarmequipment.com\/wp-content\/uploads\/2022\/02\/outlet1-300x225.jpg 300w\" sizes=\"auto, (max-width: 720px) 100vw, 720px\" \/><figcaption>salida del tamiz de clasificaci\u00f3n de arroz<\/figcaption><\/figure>    <figure class=\"wp-block-image size-large\"><img loading=\"lazy\" decoding=\"async\" width=\"720\" height=\"540\" data-id=\"2698\" src=\"https:\/\/taizyfarmequipment.com\/wp-content\/uploads\/2022\/02\/screen-.jpg\" alt=\"Pantalla de la m\u00e1quina clasificadora de arroz.\" class=\"wp-image-2698\" title=\"Pantalla de la m\u00e1quina clasificadora de arroz.\" srcset=\"https:\/\/taizyfarmequipment.com\/wp-content\/uploads\/2022\/02\/screen-.jpg 720w, https:\/\/taizyfarmequipment.com\/wp-content\/uploads\/2022\/02\/screen--300x225.jpg 300w\" sizes=\"auto, (max-width: 720px) 100vw, 720px\" \/><figcaption>Pantalla de la m\u00e1quina clasificadora de arroz.<\/figcaption><\/figure> <figcaption class=\"blocks-gallery-caption\">Estructura de la clasificadora de arroz.<\/figcaption><\/figure>    <h2 class=\"has-theme-palette-4-color has-text-color wp-block-heading\" id=\"h-the-functions-of-the-various-parts-that-make-up-the-rice-grading-sieve\">Las funciones de las distintas partes que componen el tamiz clasificador de arroz.<\/h2>    <ol class=\"wp-block-list\" type=\"1\"><li>Puntos de venta: diferentes modelos tienen diferentes capas de pantallas. Entonces el n\u00famero de puntos de venta es diferente. Pero no importa qu\u00e9 modelo sea, siempre hay una salida para descargar el arroz partido.<strong><\/strong><\/li><li>Mango en forma de estrella: gire el mango en forma de estrella para que quede paralelo al suelo y luego podr\u00e1 sacar la pantalla. <strong><\/strong><\/li><li>Tamiz: diferentes modelos tienen malla de diferentes tama\u00f1os. La malla de diferentes tama\u00f1os puede tamizar diferentes granos, como trigo, arroz y ma\u00edz, etc. Puede elegir el tama\u00f1o de malla adecuado seg\u00fan sus necesidades. <strong><\/strong><\/li><li>Pelota de goma: el rebote de la pelota de goma borrar\u00e1 la pantalla bloqueada.<strong><\/strong><\/li><li>Motor: Proporciona energ\u00eda a la m\u00e1quina.<strong><\/strong><\/li><\/ol>    <h2 class=\"has-theme-palette-4-color has-text-color wp-block-heading\" id=\"h-the-working-principle-of-the-rice-grader-machine\">El principio de funcionamiento de la m\u00e1quina clasificadora de arroz. &nbsp;<\/h2>    <p>Hace uso de la diferencia entre arroz partido y granos de arroz integral para realizar rotaciones superpuestas en la superficie de la pantalla del plano de rotaci\u00f3n. Luego, la fricci\u00f3n avanza para formar una clasificaci\u00f3n de calificaci\u00f3n autom\u00e1tica.<\/p>    <h2 class=\"has-theme-palette-4-color has-text-color wp-block-heading\" id=\"h-technical-parameter-of-the-rice-milling-machine\">Par\u00e1metro t\u00e9cnico de la fresadora de arroz.<\/h2>    <figure class=\"wp-block-table\"><table><tbody><tr><td>Modelo<\/td><td>Capacidad(t\/h)<\/td><td>Potencia (kilovatios)<\/td><td>Tama\u00f1o (largo x ancho x alto)<\/td><\/tr><tr><td>MMJP63*3<\/td><td>0.8-1.25<\/td><td>0.75<\/td><td>1462*740*1280<\/td><\/tr><tr><td>MMJP80*3<\/td><td>1.5-2<\/td><td>1.1<\/td><td>1600*1000*1315<\/td><\/tr><tr><td>MMJP100*3<\/td><td>2.5-3.3<\/td><td>1.1<\/td><td>1690*1090*1386<\/td><\/tr><tr><td>MMJP100*4<\/td><td>2.5-3.5<\/td><td>1.1<\/td><td>1690*1087*1420<\/td><\/tr><tr><td>MMJP112*3<\/td><td>3.5-4.2<\/td><td>1.1<\/td><td>1690*1208*1386<\/td><\/tr><tr><td>MMJP112*4<\/td><td>3.5-4.5<\/td><td>1.1<\/td><td>1690*1208*1420<\/td><\/tr><tr><td>MMJP125*3<\/td><td>4.5-5<\/td><td>1.5<\/td><td>1690*1458*1386<\/td><\/tr><tr><td>MMJP125*4<\/td><td>4.5-5.2<\/td><td>1.5<\/td><td>1690*1457*1420<\/td><\/tr><tr><td>MMJP150*4<\/td><td>5.5-6<\/td><td>1.5<\/td><td>1725*1580*1500<\/td><\/tr><\/tbody><\/table><figcaption>Par\u00e1metro t\u00e9cnico de la fresadora de arroz.<\/figcaption><\/figure>    <h2 class=\"has-theme-palette-4-color has-text-color wp-block-heading\" id=\"h-why-do-you-need-the-white-rice-grader-in-rice-mill-plant\">\u00bfPor qu\u00e9 se necesita la clasificadora de arroz blanco en un molino de arroz?<\/h2>    <ol class=\"wp-block-list\" type=\"1\"><li>La funci\u00f3n es clasificar y clasificar el arroz terminado y extraer el arroz partido que supere los requisitos. Su rendimiento afecta directamente la pureza del arroz terminado y es el equipo principal para determinar el contenido de arroz partido.<\/li><li>Los requisitos del mercado en cuanto a la calidad del arroz siguen aumentando y es necesario controlar eficazmente el contenido de arroz partido.<\/li><li>Cuanto menor sea el contenido de arroz partido, mayor ser\u00e1 el precio y el beneficio en el mercado.<\/li><li>Cuanto m\u00e1s detallada sea la clasificaci\u00f3n del arroz, mejor podr\u00e1 satisfacer las necesidades de diferentes personas y las necesidades del mercado. <\/li><\/ol>    <figure class=\"wp-block-image size-full is-resized\"><img loading=\"lazy\" decoding=\"async\" src=\"https:\/\/taizyfarmequipment.com\/wp-content\/uploads\/2022\/02\/rice-grader-usage-scenarios-.jpg\" alt=\"Clasificadora de arroz blanco en planta de molino de arroz\" class=\"wp-image-2699\" width=\"720\" height=\"540\" title=\"Clasificadora de arroz blanco en planta de molino de arroz\" srcset=\"https:\/\/taizyfarmequipment.com\/wp-content\/uploads\/2022\/02\/rice-grader-usage-scenarios-.jpg 720w, https:\/\/taizyfarmequipment.com\/wp-content\/uploads\/2022\/02\/rice-grader-usage-scenarios--300x225.jpg 300w\" sizes=\"auto, (max-width: 720px) 100vw, 720px\" \/><figcaption>Clasificadora de arroz blanco en planta de molino de arroz<\/figcaption><\/figure>","protected":false},"excerpt":{"rendered":"<p>Una clasificadora de arroz puede dividir el arroz seg\u00fan sus di\u00e1metros. Luego, el arroz con diferentes di\u00e1metros se descarga por diferentes salidas.\u00a0<\/p>","protected":false},"author":1,"featured_media":2700,"parent":0,"template":"","tags":[211,209,210,212],"product-type":[132],"class_list":["post-2582","product","type-product","status-publish","has-post-thumbnail","hentry","tag-rice-grader-machine","tag-rice-grading-machine","tag-rice-grading-sieve","tag-white-rice-grader","product-type-rice-mill"],"_links":{"self":[{"href":"https:\/\/taizyfarmequipment.com\/es\/wp-json\/wp\/v2\/product\/2582","targetHints":{"allow":["GET"]}}],"collection":[{"href":"https:\/\/taizyfarmequipment.com\/es\/wp-json\/wp\/v2\/product"}],"about":[{"href":"https:\/\/taizyfarmequipment.com\/es\/wp-json\/wp\/v2\/types\/product"}],"author":[{"embeddable":true,"href":"https:\/\/taizyfarmequipment.com\/es\/wp-json\/wp\/v2\/users\/1"}],"wp:featuredmedia":[{"embeddable":true,"href":"https:\/\/taizyfarmequipment.com\/es\/wp-json\/wp\/v2\/media\/2700"}],"wp:attachment":[{"href":"https:\/\/taizyfarmequipment.com\/es\/wp-json\/wp\/v2\/media?parent=2582"}],"wp:term":[{"taxonomy":"post_tag","embeddable":true,"href":"https:\/\/taizyfarmequipment.com\/es\/wp-json\/wp\/v2\/tags?post=2582"},{"taxonomy":"product-type","embeddable":true,"href":"https:\/\/taizyfarmequipment.com\/es\/wp-json\/wp\/v2\/product-type?post=2582"}],"curies":[{"name":"wp","href":"https:\/\/api.w.org\/{rel}","templated":true}]}}