{"id":2583,"date":"2022-02-21T02:46:08","date_gmt":"2022-02-21T02:46:08","guid":{"rendered":"https:\/\/taizyfarmequipment.com\/"},"modified":"2022-03-16T08:12:10","modified_gmt":"2022-03-16T08:12:10","slug":"unidad-de-maquina-de-molienda-de-arroz-de-60t-d","status":"publish","type":"product","link":"https:\/\/taizyfarmequipment.com\/es\/product\/60t-d-rice-milling-machine-unit\/","title":{"rendered":"Unidad de fresadora de arroz autom\u00e1tica integrada 60T\/D"},"content":{"rendered":"<div class=\"kk-star-ratings kksr-auto kksr-align-left kksr-valign-top\"     data-payload='{&quot;align&quot;:&quot;left&quot;,&quot;id&quot;:&quot;2583&quot;,&quot;slug&quot;:&quot;default&quot;,&quot;valign&quot;:&quot;top&quot;,&quot;ignore&quot;:&quot;&quot;,&quot;reference&quot;:&quot;auto&quot;,&quot;class&quot;:&quot;&quot;,&quot;count&quot;:&quot;26&quot;,&quot;legendonly&quot;:&quot;&quot;,&quot;readonly&quot;:&quot;&quot;,&quot;score&quot;:&quot;4.8&quot;,&quot;starsonly&quot;:&quot;&quot;,&quot;best&quot;:&quot;5&quot;,&quot;gap&quot;:&quot;5&quot;,&quot;greet&quot;:&quot;Rate this product&quot;,&quot;legend&quot;:&quot;4.8\\\/5 - (26 votos)&quot;,&quot;size&quot;:&quot;24&quot;,&quot;title&quot;:&quot;60T\\\/D integrated automatic rice milling machine unit&quot;,&quot;width&quot;:&quot;136.7&quot;,&quot;_legend&quot;:&quot;{score}\\\/{best} - ({count} {votes})&quot;,&quot;font_factor&quot;:&quot;1.25&quot;}'>              <div class=\"kksr-stars\">      <div class=\"kksr-stars-inactive\">             <div class=\"kksr-star\" data-star=\"1\" style=\"padding-right: 5px\">               <div class=\"kksr-icon\" style=\"width: 24px; height: 24px;\"><\/div>         <\/div>             <div class=\"kksr-star\" data-star=\"2\" style=\"padding-right: 5px\">               <div class=\"kksr-icon\" style=\"width: 24px; height: 24px;\"><\/div>         <\/div>             <div class=\"kksr-star\" data-star=\"3\" style=\"padding-right: 5px\">               <div class=\"kksr-icon\" style=\"width: 24px; height: 24px;\"><\/div>         <\/div>             <div class=\"kksr-star\" data-star=\"4\" style=\"padding-right: 5px\">               <div class=\"kksr-icon\" style=\"width: 24px; height: 24px;\"><\/div>         <\/div>             <div class=\"kksr-star\" data-star=\"5\" style=\"padding-right: 5px\">               <div class=\"kksr-icon\" style=\"width: 24px; height: 24px;\"><\/div>         <\/div>     <\/div>      <div class=\"kksr-stars-active\" style=\"width: 136.7px;\">             <div class=\"kksr-star\" style=\"padding-right: 5px\">               <div class=\"kksr-icon\" style=\"width: 24px; height: 24px;\"><\/div>         <\/div>             <div class=\"kksr-star\" style=\"padding-right: 5px\">               <div class=\"kksr-icon\" style=\"width: 24px; height: 24px;\"><\/div>         <\/div>             <div class=\"kksr-star\" style=\"padding-right: 5px\">               <div class=\"kksr-icon\" style=\"width: 24px; height: 24px;\"><\/div>         <\/div>             <div class=\"kksr-star\" style=\"padding-right: 5px\">               <div class=\"kksr-icon\" style=\"width: 24px; height: 24px;\"><\/div>         <\/div>             <div class=\"kksr-star\" style=\"padding-right: 5px\">               <div class=\"kksr-icon\" style=\"width: 24px; height: 24px;\"><\/div>         <\/div>     <\/div> <\/div>                   <div class=\"kksr-legend\" style=\"font-size: 19.2px;\">             4,8\/5 - (26 votos)    <\/div>     <\/div>  <h2 class=\"wp-block-heading\" id=\"h-introduction-of-60t-d-rice-milling-machine\">Introducci\u00f3n de la fresadora de arroz 60T\/D <\/h2>    <p class=\"translation-block\">60T\/D integrated automatic rice milling machine is the equipment that can process the paddy into rice. La versi\u00f3n b\u00e1sica del molino de arroz de 60 T\/D incluye limpiador combinado, removedor de piedras, descascarillador, separador de arroz por gravedad, molino de arroz y clasificador de arroz. Tambi\u00e9n se pueden a\u00f1adir otras m\u00e1quinas relacionadas para combinarse en una l\u00ednea de producci\u00f3n m\u00e1s completa. Tales como molino de arroz con agua, clasificador de color y m\u00e1quina de envasado, lo que ahorra m\u00e1s tiempo, energ\u00eda y ofrece mayor eficiencia, etc. Esta unidad de molino de arroz tiene ventajas de f\u00e1cil operaci\u00f3n, mantenimiento sencillo, baja temperatura del arroz, etc. Y este equipo es adecuado para todo tipo de granos crudos en diferentes regiones.  Besides, we also have small capacity <a href=\"https:\/\/www.agriculture-machine.com\/rice-mill\/\" target=\"_blank\" rel=\"noopener\">m\u00e1quinas de molino de arroz<\/a>. And these machines have the only the function of milling rice.<\/p>    <figure class=\"wp-block-gallery has-nested-images columns-2 is-cropped wp-block-gallery-2 is-layout-flex wp-block-gallery-is-layout-flex\"> <figure class=\"wp-block-image size-large\"><img loading=\"lazy\" decoding=\"async\" width=\"720\" height=\"541\" data-id=\"2674\" src=\"https:\/\/taizyfarmequipment.com\/wp-content\/uploads\/2022\/02\/5-tuya_720_541.jpg\" alt=\"Frente de la planta de molino de arroz de 60T\" class=\"wp-image-2674\" title=\"Frente de la planta de molino de arroz de 60T\" srcset=\"https:\/\/taizyfarmequipment.com\/wp-content\/uploads\/2022\/02\/5-tuya_720_541.jpg 720w, https:\/\/taizyfarmequipment.com\/wp-content\/uploads\/2022\/02\/5-tuya_720_541-300x225.jpg 300w\" sizes=\"auto, (max-width: 720px) 100vw, 720px\" \/><figcaption>Frente de la planta de molino de arroz de 60T<\/figcaption><\/figure>    <figure class=\"wp-block-image size-large\"><img loading=\"lazy\" decoding=\"async\" width=\"720\" height=\"540\" data-id=\"2675\" src=\"https:\/\/taizyfarmequipment.com\/wp-content\/uploads\/2022\/02\/6-tuya_720_540.jpg\" alt=\"Lado del equipo de molino de arroz 60T\" class=\"wp-image-2675\" title=\"Lado del equipo de molino de arroz 60T\" srcset=\"https:\/\/taizyfarmequipment.com\/wp-content\/uploads\/2022\/02\/6-tuya_720_540.jpg 720w, https:\/\/taizyfarmequipment.com\/wp-content\/uploads\/2022\/02\/6-tuya_720_540-300x225.jpg 300w\" sizes=\"auto, (max-width: 720px) 100vw, 720px\" \/><figcaption>Lado del equipo de molino de arroz 60T<\/figcaption><\/figure>    <figure class=\"wp-block-image size-large\"><img loading=\"lazy\" decoding=\"async\" width=\"720\" height=\"540\" data-id=\"2676\" src=\"https:\/\/taizyfarmequipment.com\/wp-content\/uploads\/2022\/02\/7-tuya_720_540.jpg\" alt=\"Lado derecho de la fresadora de arroz integrada.\" class=\"wp-image-2676\" title=\"Lado derecho de la fresadora de arroz integrada.\" srcset=\"https:\/\/taizyfarmequipment.com\/wp-content\/uploads\/2022\/02\/7-tuya_720_540.jpg 720w, https:\/\/taizyfarmequipment.com\/wp-content\/uploads\/2022\/02\/7-tuya_720_540-300x225.jpg 300w\" sizes=\"auto, (max-width: 720px) 100vw, 720px\" \/><figcaption>Lado derecho de la fresadora de arroz integrada.<\/figcaption><\/figure>    <figure class=\"wp-block-image size-large\"><img loading=\"lazy\" decoding=\"async\" width=\"720\" height=\"540\" data-id=\"2677\" src=\"https:\/\/taizyfarmequipment.com\/wp-content\/uploads\/2022\/02\/finished-production-show-.jpg\" alt=\"Producto terminado de la fresadora de arroz combinada\" class=\"wp-image-2677\" title=\"Producto terminado de la fresadora de arroz combinada\" srcset=\"https:\/\/taizyfarmequipment.com\/wp-content\/uploads\/2022\/02\/finished-production-show-.jpg 720w, https:\/\/taizyfarmequipment.com\/wp-content\/uploads\/2022\/02\/finished-production-show--300x225.jpg 300w\" sizes=\"auto, (max-width: 720px) 100vw, 720px\" \/><figcaption>Producto terminado de la fresadora de arroz combinada<\/figcaption><\/figure> <figcaption class=\"blocks-gallery-caption\">Fresadora de arroz 60T\/D<\/figcaption><\/figure>    <h2 class=\"wp-block-heading\" id=\"structure-of-the-60t-d-complete-set-rice-mill-plant\">Estructura de la planta de molino de arroz de conjunto completo 60T\/D<\/h2>    <p>Incluye limpiador combinado, removedor de piedras, descascarador, separador de arroz por gravedad, molino de arroz y clasificador de arroz.<\/p>    <div class=\"wp-block-image\"><figure class=\"aligncenter size-full is-resized\"><img loading=\"lazy\" decoding=\"async\" src=\"https:\/\/taizyfarmequipment.com\/wp-content\/uploads\/2022\/02\/3-tuya_720_540.jpg\" alt=\"Estructura de la planta de molino de arroz de conjunto completo 60T\/D\" class=\"wp-image-2678\" width=\"724\" height=\"543\" title=\"Estructura de la planta de molino de arroz de conjunto completo 60T\/D\" srcset=\"https:\/\/taizyfarmequipment.com\/wp-content\/uploads\/2022\/02\/3-tuya_720_540.jpg 720w, https:\/\/taizyfarmequipment.com\/wp-content\/uploads\/2022\/02\/3-tuya_720_540-300x225.jpg 300w\" sizes=\"auto, (max-width: 724px) 100vw, 724px\" \/><figcaption>Estructura de la planta de molino de arroz de conjunto completo 60T\/D<\/figcaption><\/figure><\/div>    <h2 class=\"wp-block-heading\" id=\"functions-of-every-part-of-the-integrated-rice-milling-machine\">Funciones de cada parte de la fresadora de arroz integrada.<\/h2>    <ol class=\"wp-block-list\" type=\"1\"><li>Limpiador combinado: elimina principalmente impurezas como palitos de paja, ramas e impurezas m\u00e1s peque\u00f1as del arroz.<\/li><li>Removedor de piedras: elimine las piedras peque\u00f1as y los escombros con una gravedad espec\u00edfica grande en el arroz para evitar da\u00f1os al equipo de procesamiento de arroz.<\/li><li>Descascarador: quitar la c\u00e1scara del arroz. El arroz se transforma en arroz integral.<\/li><li>Separador de arroz con c\u00e1scara por gravedad: puede tamizar arroz en arroz integral, la mezcla de arroz integral y arroz con c\u00e1scara, arroz con c\u00e1scara. Y el arroz volver\u00e1 a entrar en la descascarilladora.<\/li><li>Molino de arroz: procese el arroz integral hasta obtener arroz blanco y suave.<\/li><li>Clasificador de arroz: obtenga arroz integral en 3 grados. Uno es arroz integral grande. El segundo es el arroz integral peque\u00f1o. Y en tercer lugar est\u00e1 el arroz partido.<\/li><\/ol>    <h2 class=\"wp-block-heading\" id=\"working-flow-of-the-60t-d-combined-set-rice-milling-machine\">Flujo de trabajo de la fresadora de arroz de conjunto combinado 60T\/D<\/h2>    <ol class=\"wp-block-list\" type=\"1\"><li>Primero, poner el arroz en la tolva del ascensor. &nbsp;<\/li><li>En segundo lugar, el arroz entra en el removedor de piedras para quitar las piedras del arroz. &nbsp;<\/li><li>A continuaci\u00f3n entra en la descascarilladora para quitar la c\u00e1scara del arroz.<\/li><li>Luego ingresa al separador de arroz, el arroz a\u00fan con c\u00e1scara se env\u00eda nuevamente a la m\u00e1quina descascarilladora. Y el arroz integral ingresa a la fresadora de arroz.<\/li><li>Y luego\u00a0ingrese el calificador.<\/li><\/ol>    <h2 class=\"wp-block-heading\" id=\"parameter-of-automatic-rice-milling-machine-production-line\">Par\u00e1metro de la l\u00ednea de producci\u00f3n autom\u00e1tica de fresadora de arroz.<\/h2>    <figure class=\"wp-block-table\"><table><tbody><tr><td>M\u00e1quina<\/td><td>Capacidad(t\/h)<\/td><td>Velocidad de rotaci\u00f3n (r\/min)<\/td><td>Potencia (kilovatios)<\/td><td>Volumen de succi\u00f3n (m\u00b3\/h)<\/td><\/tr><tr><td>M\u00e1s claro combinado<\/td><td>6-7<\/td><td>920<\/td><td>2*0.37<\/td><td>4800<\/td><\/tr><tr><td>Quitapiedras<\/td><td>6-7<\/td><td>185+_15<\/td><td>0.75<\/td><td>3800-4200<\/td><\/tr><tr><td>desgranador<\/td><td>4.2-5<\/td><td>R\u00e1pido(1228-1673)Lento(1108-1362)<\/td><td>7.5<\/td><td>3200-3800<\/td><\/tr><tr><td>Separador de arroz por gravedad<\/td><td>3.4-4<\/td><td>255+_15<\/td><td>1.5<\/td><td>&nbsp;<\/td><\/tr><tr><td>Molino de arroz<\/td><td>2-3<\/td><td>1290<\/td><td>22-30<\/td><td>3500-3800<\/td><\/tr><tr><td>clasificadora de arroz<\/td><td>2.5-3.5<\/td><td>150+_15<\/td><td>1.1<\/td><td>&nbsp;<\/td><\/tr><tr><td>Ascensor<\/td><td>2.4-3.5<\/td><td>189<\/td><td>1.1<\/td><td>300<\/td><\/tr><\/tbody><\/table><figcaption>Par\u00e1metro de la l\u00ednea de producci\u00f3n autom\u00e1tica de fresadora de arroz.<\/figcaption><\/figure>    <h2 class=\"wp-block-heading\" id=\"high-capacity-60t-d-rice-milling-machine-s-features\">Caracter\u00edsticas de la fresadora de arroz de alta capacidad 60T\/D:<\/h2>    <p>1. Esta l\u00ednea de producci\u00f3n es adecuada para agregar varios tipos de arroz, con una amplia gama de aplicaciones, alto rendimiento de arroz y baja tasa de rotura de arroz.<\/p>    <p>2. M\u00faltiples fresadoras de arroz pueden producir arroz de alta precisi\u00f3n y alta calidad, que es m\u00e1s adecuado para las necesidades comerciales.<\/p>    <p>3. Se combina con una pantalla de limpieza separada y una m\u00e1quina quitapiedras, el efecto de eliminar impurezas y piedras es mejor.<\/p>    <p>4. Tambi\u00e9n puedes instalar una pulidora que dejar\u00e1 el arroz m\u00e1s cristalino y de mejor calidad.<\/p>    <p>5. Adopte una red de aire de succi\u00f3n externa para reducir la contaminaci\u00f3n por polvo y mejorar el entorno de trabajo.<\/p>    <p>6. Contar con un proceso t\u00e9cnico completo y un conjunto completo de equipos de producci\u00f3n, incluyendo limpieza, despedregado, desgranado, molienda de arroz, clasificaci\u00f3n, pulido, clasificaci\u00f3n por colores, selecci\u00f3n, pesaje autom\u00e1tico, envasado, etc.<\/p>    <h2 class=\"wp-block-heading\" id=\"packing-and-shipping-of-rice-milling-machine-unit\">Embalaje y env\u00edo de la unidad fresadora de arroz.<\/h2>    <figure class=\"wp-block-gallery has-nested-images columns-2 is-cropped wp-block-gallery-3 is-layout-flex wp-block-gallery-is-layout-flex\"> <figure class=\"wp-block-image size-large\"><img loading=\"lazy\" decoding=\"async\" width=\"720\" height=\"540\" data-id=\"2679\" src=\"https:\/\/taizyfarmequipment.com\/wp-content\/uploads\/2022\/02\/20-tuya_720_540.jpg\" alt=\"Envolver pel\u00edcula en molino de arroz\" class=\"wp-image-2679\" title=\"Envolver pel\u00edcula en molino de arroz\" srcset=\"https:\/\/taizyfarmequipment.com\/wp-content\/uploads\/2022\/02\/20-tuya_720_540.jpg 720w, https:\/\/taizyfarmequipment.com\/wp-content\/uploads\/2022\/02\/20-tuya_720_540-300x225.jpg 300w\" sizes=\"auto, (max-width: 720px) 100vw, 720px\" \/><figcaption>Envolver pel\u00edcula en molino de arroz<\/figcaption><\/figure>    <figure class=\"wp-block-image size-large\"><img loading=\"lazy\" decoding=\"async\" width=\"720\" height=\"540\" data-id=\"2682\" src=\"https:\/\/taizyfarmequipment.com\/wp-content\/uploads\/2022\/02\/21-tuya_720_540-1.jpg\" alt=\"Paquete de madera de molino de arroz 60T\" class=\"wp-image-2682\" title=\"Paquete de madera de molino de arroz 60T\" srcset=\"https:\/\/taizyfarmequipment.com\/wp-content\/uploads\/2022\/02\/21-tuya_720_540-1.jpg 720w, https:\/\/taizyfarmequipment.com\/wp-content\/uploads\/2022\/02\/21-tuya_720_540-1-300x225.jpg 300w\" sizes=\"auto, (max-width: 720px) 100vw, 720px\" \/><figcaption>Paquete de madera de molino de arroz 60T<\/figcaption><\/figure>    <figure class=\"wp-block-image size-large\"><img loading=\"lazy\" decoding=\"async\" width=\"720\" height=\"540\" data-id=\"2683\" src=\"https:\/\/taizyfarmequipment.com\/wp-content\/uploads\/2022\/02\/22-tuya_720_540.jpg\" alt=\"paquete de madera\" class=\"wp-image-2683\" title=\"paquete de madera\" srcset=\"https:\/\/taizyfarmequipment.com\/wp-content\/uploads\/2022\/02\/22-tuya_720_540.jpg 720w, https:\/\/taizyfarmequipment.com\/wp-content\/uploads\/2022\/02\/22-tuya_720_540-300x225.jpg 300w\" sizes=\"auto, (max-width: 720px) 100vw, 720px\" \/><figcaption>paquete de madera<\/figcaption><\/figure>    <figure class=\"wp-block-image size-large\"><img loading=\"lazy\" decoding=\"async\" width=\"720\" height=\"540\" data-id=\"2684\" src=\"https:\/\/taizyfarmequipment.com\/wp-content\/uploads\/2022\/02\/23-tuya_720_540-1.jpg\" alt=\"carga de la planta de molino de arroz\" class=\"wp-image-2684\" title=\"carga de la planta de molino de arroz\" srcset=\"https:\/\/taizyfarmequipment.com\/wp-content\/uploads\/2022\/02\/23-tuya_720_540-1.jpg 720w, https:\/\/taizyfarmequipment.com\/wp-content\/uploads\/2022\/02\/23-tuya_720_540-1-300x225.jpg 300w\" sizes=\"auto, (max-width: 720px) 100vw, 720px\" \/><figcaption>carga de la planta de molino de arroz<\/figcaption><\/figure> <figcaption class=\"blocks-gallery-caption\">Embalaje y env\u00edo de la unidad fresadora de arroz.<\/figcaption><\/figure>","protected":false},"excerpt":{"rendered":"<p>La fresadora de arroz puede procesar el arroz con c\u00e1scara. La versi\u00f3n b\u00e1sica de la fresadora de arroz 60T\/D incluye un limpiador combinado, un removedor de piedras, un descascarador, un separador de arroz por gravedad, un molino de arroz y una clasificadora de arroz. <\/p>","protected":false},"author":1,"featured_media":2673,"parent":0,"template":"","tags":[141,147,146,145,142],"product-type":[132],"class_list":["post-2583","product","type-product","status-publish","has-post-thumbnail","hentry","tag-automatic-rice-milling-machine","tag-automatic-rice-milling-machine-production-line","tag-combined-set-rice-milling-machine","tag-rice-mill-plant","tag-rice-milling-machine-unit","product-type-rice-mill"],"_links":{"self":[{"href":"https:\/\/taizyfarmequipment.com\/es\/wp-json\/wp\/v2\/product\/2583","targetHints":{"allow":["GET"]}}],"collection":[{"href":"https:\/\/taizyfarmequipment.com\/es\/wp-json\/wp\/v2\/product"}],"about":[{"href":"https:\/\/taizyfarmequipment.com\/es\/wp-json\/wp\/v2\/types\/product"}],"author":[{"embeddable":true,"href":"https:\/\/taizyfarmequipment.com\/es\/wp-json\/wp\/v2\/users\/1"}],"wp:featuredmedia":[{"embeddable":true,"href":"https:\/\/taizyfarmequipment.com\/es\/wp-json\/wp\/v2\/media\/2673"}],"wp:attachment":[{"href":"https:\/\/taizyfarmequipment.com\/es\/wp-json\/wp\/v2\/media?parent=2583"}],"wp:term":[{"taxonomy":"post_tag","embeddable":true,"href":"https:\/\/taizyfarmequipment.com\/es\/wp-json\/wp\/v2\/tags?post=2583"},{"taxonomy":"product-type","embeddable":true,"href":"https:\/\/taizyfarmequipment.com\/es\/wp-json\/wp\/v2\/product-type?post=2583"}],"curies":[{"name":"wp","href":"https:\/\/api.w.org\/{rel}","templated":true}]}}