{"id":2584,"date":"2022-02-21T06:13:05","date_gmt":"2022-02-21T06:13:05","guid":{"rendered":"https:\/\/taizyfarmequipment.com\/"},"modified":"2022-11-29T17:53:29","modified_gmt":"2022-11-29T09:53:29","slug":"separador-de-arroz-por-gravedad","status":"publish","type":"product","link":"https:\/\/taizyfarmequipment.com\/es\/product\/gravity-paddy-separator\/","title":{"rendered":"Separador de arroz por gravedad en la unidad de molino de arroz"},"content":{"rendered":"<div class=\"kk-star-ratings kksr-auto kksr-align-left kksr-valign-top\"     data-payload='{&quot;align&quot;:&quot;left&quot;,&quot;id&quot;:&quot;2584&quot;,&quot;slug&quot;:&quot;default&quot;,&quot;valign&quot;:&quot;top&quot;,&quot;ignore&quot;:&quot;&quot;,&quot;reference&quot;:&quot;auto&quot;,&quot;class&quot;:&quot;&quot;,&quot;count&quot;:&quot;9&quot;,&quot;legendonly&quot;:&quot;&quot;,&quot;readonly&quot;:&quot;&quot;,&quot;score&quot;:&quot;4.7&quot;,&quot;starsonly&quot;:&quot;&quot;,&quot;best&quot;:&quot;5&quot;,&quot;gap&quot;:&quot;5&quot;,&quot;greet&quot;:&quot;Rate this product&quot;,&quot;legend&quot;:&quot;4.7\\\/5 - (9 votos)&quot;,&quot;size&quot;:&quot;24&quot;,&quot;title&quot;:&quot;Gravity paddy separator in rice mill unit&quot;,&quot;width&quot;:&quot;133.8&quot;,&quot;_legend&quot;:&quot;{score}\\\/{best} - ({count} {votes})&quot;,&quot;font_factor&quot;:&quot;1.25&quot;}'>              <div class=\"kksr-stars\">      <div class=\"kksr-stars-inactive\">             <div class=\"kksr-star\" data-star=\"1\" style=\"padding-right: 5px\">               <div class=\"kksr-icon\" style=\"width: 24px; height: 24px;\"><\/div>         <\/div>             <div class=\"kksr-star\" data-star=\"2\" style=\"padding-right: 5px\">               <div class=\"kksr-icon\" style=\"width: 24px; height: 24px;\"><\/div>         <\/div>             <div class=\"kksr-star\" data-star=\"3\" style=\"padding-right: 5px\">               <div class=\"kksr-icon\" style=\"width: 24px; height: 24px;\"><\/div>         <\/div>             <div class=\"kksr-star\" data-star=\"4\" style=\"padding-right: 5px\">               <div class=\"kksr-icon\" style=\"width: 24px; height: 24px;\"><\/div>         <\/div>             <div class=\"kksr-star\" data-star=\"5\" style=\"padding-right: 5px\">               <div class=\"kksr-icon\" style=\"width: 24px; height: 24px;\"><\/div>         <\/div>     <\/div>      <div class=\"kksr-stars-active\" style=\"width: 133.8px;\">             <div class=\"kksr-star\" style=\"padding-right: 5px\">               <div class=\"kksr-icon\" style=\"width: 24px; height: 24px;\"><\/div>         <\/div>             <div class=\"kksr-star\" style=\"padding-right: 5px\">               <div class=\"kksr-icon\" style=\"width: 24px; height: 24px;\"><\/div>         <\/div>             <div class=\"kksr-star\" style=\"padding-right: 5px\">               <div class=\"kksr-icon\" style=\"width: 24px; height: 24px;\"><\/div>         <\/div>             <div class=\"kksr-star\" style=\"padding-right: 5px\">               <div class=\"kksr-icon\" style=\"width: 24px; height: 24px;\"><\/div>         <\/div>             <div class=\"kksr-star\" style=\"padding-right: 5px\">               <div class=\"kksr-icon\" style=\"width: 24px; height: 24px;\"><\/div>         <\/div>     <\/div> <\/div>                   <div class=\"kksr-legend\" style=\"font-size: 19.2px;\">             4,7\/5 - (9 votos)    <\/div>     <\/div>  <h2 class=\"wp-block-heading\" id=\"h-introduction-of-gravity-paddy-separator\">Introducci\u00f3n del separador de arroz por gravedad.<\/h2>    <p class=\"translation-block\">Un separador por gravedad de arroz en c\u00e1scara es una m\u00e1quina que separa el arroz integral del arroz en c\u00e1scara por la diferencia de gravedad y fricci\u00f3n superficial. Puede separar la mezcla de arroz en c\u00e1scara y arroz integral en tres tipos. Uno es el arroz integral que entrar\u00e1 en la m\u00e1quina del molino de arroz. Uno es la mezcla de arroz integral y arroz en c\u00e1scara que volver\u00e1 a entrar en el separador por gravedad. Y el otro es el arroz en c\u00e1scara, que volver\u00e1 a entrar en la descascarilladora para ser descascarillado una vez m\u00e1s. Normalmente, esta m\u00e1quina funcionar\u00e1 con la <a href=\"https:\/\/taizyfarmequipment.com\/es\/rice-mill-production-line\/unidad-de-maquina-de-molienda-de-arroz-de-60t-d\/\">planta de molino de arroz<\/a>. Esta m\u00e1quina tiene las caracter\u00edsticas de rendimiento de trabajo estable, mecanismo de ajuste flexible, excelente funci\u00f3n de separaci\u00f3n, buen rendimiento mec\u00e1nico, etc. <\/p>    <figure class=\"wp-block-gallery has-nested-images columns-2 is-cropped wp-block-gallery-2 is-layout-flex wp-block-gallery-is-layout-flex\"> <figure class=\"wp-block-image size-large\"><img loading=\"lazy\" decoding=\"async\" width=\"720\" height=\"540\" data-id=\"2686\" src=\"https:\/\/taizyfarmequipment.com\/wp-content\/uploads\/2022\/02\/7-tuya_720_540-1.jpg\" alt=\"frente del separador de arroz por gravedad\" class=\"wp-image-2686\" title=\"frente del separador de arroz por gravedad\" srcset=\"https:\/\/taizyfarmequipment.com\/wp-content\/uploads\/2022\/02\/7-tuya_720_540-1.jpg 720w, https:\/\/taizyfarmequipment.com\/wp-content\/uploads\/2022\/02\/7-tuya_720_540-1-300x225.jpg 300w\" sizes=\"auto, (max-width: 720px) 100vw, 720px\" \/><figcaption class=\"wp-element-caption\">frente del separador de arroz por gravedad<\/figcaption><\/figure>    <figure class=\"wp-block-image size-large\"><img loading=\"lazy\" decoding=\"async\" width=\"720\" height=\"540\" data-id=\"2687\" src=\"https:\/\/taizyfarmequipment.com\/wp-content\/uploads\/2022\/02\/8-tuya_720_540.jpg\" alt=\"lado del separador de arroz por gravedad\" class=\"wp-image-2687\" title=\"lado del separador de arroz por gravedad\" srcset=\"https:\/\/taizyfarmequipment.com\/wp-content\/uploads\/2022\/02\/8-tuya_720_540.jpg 720w, https:\/\/taizyfarmequipment.com\/wp-content\/uploads\/2022\/02\/8-tuya_720_540-300x225.jpg 300w\" sizes=\"auto, (max-width: 720px) 100vw, 720px\" \/><figcaption class=\"wp-element-caption\">lado del separador de arroz por gravedad<\/figcaption><\/figure>    <figure class=\"wp-block-image size-large\"><img loading=\"lazy\" decoding=\"async\" width=\"720\" height=\"541\" data-id=\"2688\" src=\"https:\/\/taizyfarmequipment.com\/wp-content\/uploads\/2022\/02\/9-tuya_720_541.jpg\" alt=\"parte posterior del separador de arroz por gravedad\" class=\"wp-image-2688\" title=\"parte posterior del separador de arroz por gravedad\" srcset=\"https:\/\/taizyfarmequipment.com\/wp-content\/uploads\/2022\/02\/9-tuya_720_541.jpg 720w, https:\/\/taizyfarmequipment.com\/wp-content\/uploads\/2022\/02\/9-tuya_720_541-300x225.jpg 300w\" sizes=\"auto, (max-width: 720px) 100vw, 720px\" \/><figcaption class=\"wp-element-caption\">parte posterior del separador de arroz por gravedad<\/figcaption><\/figure>    <figure class=\"wp-block-image size-large\"><img loading=\"lazy\" decoding=\"async\" width=\"720\" height=\"540\" data-id=\"2689\" src=\"https:\/\/taizyfarmequipment.com\/wp-content\/uploads\/2022\/02\/2-tuya-tuya_720_540.jpg\" alt=\"espect\u00e1culo del arroz separado\" class=\"wp-image-2689\" title=\"espect\u00e1culo del arroz separado\" srcset=\"https:\/\/taizyfarmequipment.com\/wp-content\/uploads\/2022\/02\/2-tuya-tuya_720_540.jpg 720w, https:\/\/taizyfarmequipment.com\/wp-content\/uploads\/2022\/02\/2-tuya-tuya_720_540-300x225.jpg 300w\" sizes=\"auto, (max-width: 720px) 100vw, 720px\" \/><figcaption class=\"wp-element-caption\">espect\u00e1culo del arroz separado<\/figcaption><\/figure> <\/figure>    <h2 class=\"wp-block-heading\" id=\"paddy-separator-s-structure\">Estructura del separador de arroz<\/h2>    <p>La criba de separaci\u00f3n rugosa por gravedad incluye ocho componentes, como el dispositivo de alimentaci\u00f3n y refinaci\u00f3n, el dispositivo de distribuci\u00f3n, la caja de separaci\u00f3n, el dispositivo de descarga, el mecanismo de ajuste de soporte, el mecanismo de transmisi\u00f3n exc\u00e9ntrica, el dispositivo amortiguador de resorte y la base de la m\u00e1quina.<\/p>    <figure class=\"wp-block-gallery has-nested-images columns-default is-cropped wp-block-gallery-3 is-layout-flex wp-block-gallery-is-layout-flex\"> <figure class=\"wp-block-image size-large\"><img loading=\"lazy\" decoding=\"async\" width=\"720\" height=\"540\" data-id=\"2690\" src=\"https:\/\/taizyfarmequipment.com\/wp-content\/uploads\/2022\/02\/4-tuya_720_540.jpg\" alt=\"Placa de tamiz del separador de arroz\" class=\"wp-image-2690\" title=\"Placa de tamiz del separador de arroz\" srcset=\"https:\/\/taizyfarmequipment.com\/wp-content\/uploads\/2022\/02\/4-tuya_720_540.jpg 720w, https:\/\/taizyfarmequipment.com\/wp-content\/uploads\/2022\/02\/4-tuya_720_540-300x225.jpg 300w\" sizes=\"auto, (max-width: 720px) 100vw, 720px\" \/><figcaption class=\"wp-element-caption\">Placa de tamiz del separador de arroz<\/figcaption><\/figure>    <figure class=\"wp-block-image size-large\"><img loading=\"lazy\" decoding=\"async\" width=\"720\" height=\"540\" data-id=\"2691\" src=\"https:\/\/taizyfarmequipment.com\/wp-content\/uploads\/2022\/02\/5-tuya_720_540.jpg\" alt=\"Motor de cobre del separador de arroz.\" class=\"wp-image-2691\" title=\"Motor de cobre del separador de arroz.\" srcset=\"https:\/\/taizyfarmequipment.com\/wp-content\/uploads\/2022\/02\/5-tuya_720_540.jpg 720w, https:\/\/taizyfarmequipment.com\/wp-content\/uploads\/2022\/02\/5-tuya_720_540-300x225.jpg 300w\" sizes=\"auto, (max-width: 720px) 100vw, 720px\" \/><figcaption class=\"wp-element-caption\">Motor de cobre del separador de arroz.<\/figcaption><\/figure> <\/figure>    <h2 class=\"wp-block-heading\" id=\"the-paddy-separator-working-principle\">El principio de funcionamiento del separador de arroz.<\/h2>    <p class=\"translation-block\">El principio de funcionamiento es usar la diferencia en el tama\u00f1o del grano basada en la clasificaci\u00f3n autom\u00e1tica del arroz integral y el arroz en c\u00e1scara. Y luego seleccionar los orificios de tamiz apropiados y cooperar con un proceso simple y eficaz para la separaci\u00f3n.<\/p>    <h2 class=\"wp-block-heading\" id=\"parameter-of-the-rice-paddy-separator-machine\">Par\u00e1metro de la m\u00e1quina separadora de arroz con c\u00e1scara.<\/h2>    <figure class=\"wp-block-table\"><table><tbody><tr><td>Modelo<\/td><td>Capacidad(t\/h)<\/td><td>Potencia (kilovatios)<\/td><td>Tama\u00f1o (largo x ancho x alto)<\/td><\/tr><tr><td>MGCZ80*6<\/td><td>0.8-1.3<\/td><td>1.1<\/td><td>1350*1000*1400<\/td><\/tr><tr><td>MGCZ80*7<\/td><td>1.1-1.5<\/td><td>1.1<\/td><td>1350*1000*1450<\/td><\/tr><tr><td>MGCZ100*6<\/td><td>1.2-1.6<\/td><td>1.1<\/td><td>1600*1250*1400<\/td><\/tr><tr><td>MGCZ100*7<\/td><td>1.6-2.1<\/td><td>1.1<\/td><td>1600*1250*1450<\/td><\/tr><tr><td>MGCZ100*8<\/td><td>2.1-2.4<\/td><td>1.1<\/td><td>1600*1250*1500<\/td><\/tr><tr><td>MGCZ100*10<\/td><td>2.5-3.2<\/td><td>1.5<\/td><td>1600*1250*1750<\/td><\/tr><tr><td>MGCZ100*12<\/td><td>3.4-4<\/td><td>1.5<\/td><td>1600*1250*1800<\/td><\/tr><tr><td>MGCZ100*14<\/td><td>4-4.9<\/td><td>1.5<\/td><td>1600*1250*1740<\/td><\/tr><tr><td>MGCZ100*16<\/td><td>4.5-5.6<\/td><td>1.5<\/td><td>1600*1250*1820<\/td><\/tr><\/tbody><\/table><figcaption class=\"wp-element-caption\">Separador de la m\u00e1quina separadora de arroz con c\u00e1scara<\/figcaption><\/figure>    <h2 class=\"wp-block-heading\" id=\"why-do-we-need-the-rice-mill-paddy-separator\">\u00bfPor qu\u00e9 necesitamos el separador de arroz con c\u00e1scara?<\/h2>    <p class=\"translation-block\">En el curso de procesado del arroz con el conjunto completo de <a href=\"https:\/\/www.agriculture-machine.com\/rice-milling-plant-machine\/\" target=\"_blank\" rel=\"noopener\">equipo combinado de molienda de arroz<\/a>, el arroz entra en la descascarilladora de rodillos de caucho tras la eliminaci\u00f3n de impurezas y piedras. Sin embargo, la descascarilladora de rodillos de caucho no puede eliminar 100% de la cascarilla. Por lo tanto, en este momento se necesita un separador por gravedad de arroz en c\u00e1scara para separar el arroz integral del arroz en c\u00e1scara. Y entonces el arroz en c\u00e1scara volver\u00e1 a entrar en la descascarilladora.<\/p>    <figure class=\"wp-block-gallery has-nested-images columns-default is-cropped wp-block-gallery-4 is-layout-flex wp-block-gallery-is-layout-flex\"> <figure class=\"wp-block-image size-large\"><img loading=\"lazy\" decoding=\"async\" width=\"720\" height=\"540\" data-id=\"2692\" src=\"https:\/\/taizyfarmequipment.com\/wp-content\/uploads\/2022\/02\/grain-seperator-.jpg\" alt=\"\" class=\"wp-image-2692\" srcset=\"https:\/\/taizyfarmequipment.com\/wp-content\/uploads\/2022\/02\/grain-seperator-.jpg 720w, https:\/\/taizyfarmequipment.com\/wp-content\/uploads\/2022\/02\/grain-seperator--300x225.jpg 300w\" sizes=\"auto, (max-width: 720px) 100vw, 720px\" \/><\/figure>    <figure class=\"wp-block-image size-full\"><img loading=\"lazy\" decoding=\"async\" width=\"720\" height=\"540\" data-id=\"2693\" src=\"https:\/\/taizyfarmequipment.com\/wp-content\/uploads\/2022\/02\/rice-separator-.jpg\" alt=\"\" class=\"wp-image-2693\" srcset=\"https:\/\/taizyfarmequipment.com\/wp-content\/uploads\/2022\/02\/rice-separator-.jpg 720w, https:\/\/taizyfarmequipment.com\/wp-content\/uploads\/2022\/02\/rice-separator--300x225.jpg 300w\" sizes=\"auto, (max-width: 720px) 100vw, 720px\" \/><\/figure> <figcaption class=\"blocks-gallery-caption wp-element-caption\">\u00bfPor qu\u00e9 necesitamos el separador de arroz con c\u00e1scara?<\/figcaption><\/figure>    <h2 class=\"wp-block-heading\" id=\"features-of-grain-separator\">Caracter\u00edsticas del separador de granos.<\/h2>    <ol class=\"wp-block-list\" type=\"1\"> <li>La estructura es compacta y el funcionamiento es pr\u00e1ctico.<\/li>    <li>Dise\u00f1o equilibrado \u00fanico, buen rendimiento mec\u00e1nico.<\/li>    <li>Tiene una gran adaptabilidad y un efecto de proceso estable.<\/li>    <li>Es un dispositivo para separar el arroz integral del <strong>mezcla<\/strong>&nbsp;de arroz integral y arroz con c\u00e1scara utilizando la diferencia en la gravedad espec\u00edfica y la fricci\u00f3n superficial del arroz integral.<\/li>    <li>La eficiencia de separaci\u00f3n es alta. Y la adaptabilidad a los cereales crudos es fuerte. Incluso si las variedades de arroz se mezclan y el tama\u00f1o del grano no es uniforme, el efecto sobre la eficiencia de separaci\u00f3n de la rugosidad sigue siendo relativamente grande.<\/li> <\/ol>","protected":false},"excerpt":{"rendered":"<p>Un separador de arroz con c\u00e1scara por gravedad es una m\u00e1quina que separa el arroz integral del arroz con c\u00e1scara por la diferencia de gravedad y fricci\u00f3n superficial.<\/p>","protected":false},"author":1,"featured_media":2685,"parent":0,"template":"","tags":[190,188],"product-type":[132],"class_list":["post-2584","product","type-product","status-publish","has-post-thumbnail","hentry","tag-grain-separator","tag-paddy-separator","product-type-rice-mill"],"_links":{"self":[{"href":"https:\/\/taizyfarmequipment.com\/es\/wp-json\/wp\/v2\/product\/2584","targetHints":{"allow":["GET"]}}],"collection":[{"href":"https:\/\/taizyfarmequipment.com\/es\/wp-json\/wp\/v2\/product"}],"about":[{"href":"https:\/\/taizyfarmequipment.com\/es\/wp-json\/wp\/v2\/types\/product"}],"author":[{"embeddable":true,"href":"https:\/\/taizyfarmequipment.com\/es\/wp-json\/wp\/v2\/users\/1"}],"wp:featuredmedia":[{"embeddable":true,"href":"https:\/\/taizyfarmequipment.com\/es\/wp-json\/wp\/v2\/media\/2685"}],"wp:attachment":[{"href":"https:\/\/taizyfarmequipment.com\/es\/wp-json\/wp\/v2\/media?parent=2584"}],"wp:term":[{"taxonomy":"post_tag","embeddable":true,"href":"https:\/\/taizyfarmequipment.com\/es\/wp-json\/wp\/v2\/tags?post=2584"},{"taxonomy":"product-type","embeddable":true,"href":"https:\/\/taizyfarmequipment.com\/es\/wp-json\/wp\/v2\/product-type?post=2584"}],"curies":[{"name":"wp","href":"https:\/\/api.w.org\/{rel}","templated":true}]}}