{"id":2586,"date":"2022-02-14T09:54:16","date_gmt":"2022-02-14T09:54:16","guid":{"rendered":"https:\/\/taizyfarmequipment.com\/"},"modified":"2025-07-15T18:00:19","modified_gmt":"2025-07-15T10:00:19","slug":"maquina-de-molienda-de-arroz-automatica-de-15-toneladas","status":"publish","type":"product","link":"https:\/\/taizyfarmequipment.com\/es\/product\/15t-d-automatic-rice-milling-machine\/","title":{"rendered":"M\u00e1quina de molienda de arroz autom\u00e1tica combinada de 15TPD"},"content":{"rendered":"<div class=\"kk-star-ratings kksr-auto kksr-align-left kksr-valign-top\"     data-payload='{&quot;align&quot;:&quot;left&quot;,&quot;id&quot;:&quot;2586&quot;,&quot;slug&quot;:&quot;default&quot;,&quot;valign&quot;:&quot;top&quot;,&quot;ignore&quot;:&quot;&quot;,&quot;reference&quot;:&quot;auto&quot;,&quot;class&quot;:&quot;&quot;,&quot;count&quot;:&quot;22&quot;,&quot;legendonly&quot;:&quot;&quot;,&quot;readonly&quot;:&quot;&quot;,&quot;score&quot;:&quot;4.6&quot;,&quot;starsonly&quot;:&quot;&quot;,&quot;best&quot;:&quot;5&quot;,&quot;gap&quot;:&quot;5&quot;,&quot;greet&quot;:&quot;Rate this product&quot;,&quot;legend&quot;:&quot;4.6\\\/5 - (22 votos)&quot;,&quot;size&quot;:&quot;24&quot;,&quot;title&quot;:&quot;15TPD combined automatic rice milling machine&quot;,&quot;width&quot;:&quot;130.9&quot;,&quot;_legend&quot;:&quot;{score}\\\/{best} - ({count} {votes})&quot;,&quot;font_factor&quot;:&quot;1.25&quot;}'>              <div class=\"kksr-stars\">      <div class=\"kksr-stars-inactive\">             <div class=\"kksr-star\" data-star=\"1\" style=\"padding-right: 5px\">               <div class=\"kksr-icon\" style=\"width: 24px; height: 24px;\"><\/div>         <\/div>             <div class=\"kksr-star\" data-star=\"2\" style=\"padding-right: 5px\">               <div class=\"kksr-icon\" style=\"width: 24px; height: 24px;\"><\/div>         <\/div>             <div class=\"kksr-star\" data-star=\"3\" style=\"padding-right: 5px\">               <div class=\"kksr-icon\" style=\"width: 24px; height: 24px;\"><\/div>         <\/div>             <div class=\"kksr-star\" data-star=\"4\" style=\"padding-right: 5px\">               <div class=\"kksr-icon\" style=\"width: 24px; height: 24px;\"><\/div>         <\/div>             <div class=\"kksr-star\" data-star=\"5\" style=\"padding-right: 5px\">               <div class=\"kksr-icon\" style=\"width: 24px; height: 24px;\"><\/div>         <\/div>     <\/div>      <div class=\"kksr-stars-active\" style=\"width: 130.9px;\">             <div class=\"kksr-star\" style=\"padding-right: 5px\">               <div class=\"kksr-icon\" style=\"width: 24px; height: 24px;\"><\/div>         <\/div>             <div class=\"kksr-star\" style=\"padding-right: 5px\">               <div class=\"kksr-icon\" style=\"width: 24px; height: 24px;\"><\/div>         <\/div>             <div class=\"kksr-star\" style=\"padding-right: 5px\">               <div class=\"kksr-icon\" style=\"width: 24px; height: 24px;\"><\/div>         <\/div>             <div class=\"kksr-star\" style=\"padding-right: 5px\">               <div class=\"kksr-icon\" style=\"width: 24px; height: 24px;\"><\/div>         <\/div>             <div class=\"kksr-star\" style=\"padding-right: 5px\">               <div class=\"kksr-icon\" style=\"width: 24px; height: 24px;\"><\/div>         <\/div>     <\/div> <\/div>                   <div class=\"kksr-legend\" style=\"font-size: 19.2px;\">             4,6\/5 - (22 votos)    <\/div>     <\/div>  <p>La m\u00e1quina de molienda de arroz autom\u00e1tica combinada de 15TPD es una l\u00ednea de producci\u00f3n eficiente y compacta dise\u00f1ada para el procesamiento de arroz a peque\u00f1a y mediana escala. Esta unidad integra funciones esenciales de molienda de arroz como la limpieza del arroz, la eliminaci\u00f3n de piedras, el descascarado, la separaci\u00f3n, la molienda y la clasificaci\u00f3n en un sistema completo. <\/p>    <p>Con una capacidad de procesamiento de 15 toneladas por d\u00eda, asegura una alta producci\u00f3n con una m\u00ednima participaci\u00f3n laboral. Ideal para molinos de arroz rurales, cooperativas agr\u00edcolas y peque\u00f1as plantas de procesamiento.<\/p>    <figure class=\"wp-block-embed is-type-video is-provider-youtube wp-block-embed-youtube wp-embed-aspect-16-9 wp-has-aspect-ratio\"><div class=\"wp-block-embed__wrapper\"> <iframe loading=\"lazy\" title=\"Instalaci\u00f3n de molino de arroz de 15TPD en \u00c1frica | Estudio de caso del cliente #arroz #molinodearroz #agricultura #cultivo\" width=\"500\" height=\"281\" src=\"https:\/\/www.youtube.com\/embed\/ABQTQ46Z1JI?feature=oembed\" frameborder=\"0\" allow=\"accelerometer; autoplay; clipboard-write; encrypted-media; gyroscope; picture-in-picture; web-share\" referrerpolicy=\"strict-origin-when-cross-origin\" allowfullscreen><\/iframe> <\/div><figcaption class=\"wp-element-caption\">Video de funcionamiento de la planta de m\u00e1quina de molino de arroz de 15 toneladas<\/figcaption><\/figure>    <h2 class=\"wp-block-heading\" id=\"introduction-of-the-emery-roller-rice-mill-machine\">M\u00e1quina de molino de arroz autom\u00e1tica de 15TPD en venta<\/h2>    <p>Las m\u00e1quinas autom\u00e1ticas de molienda de arroz convierten de manera eficiente el arroz integral en arroz blanco, especialmente adecuadas para variedades de grano largo gracias a sus rodillos de esmeril. Nuestros modelos\u2014MNMS15B, MNMS18 y MNMS25\u2014ofrecen diferentes capacidades horarias para satisfacer diversas necesidades de producci\u00f3n. <\/p>    <p>Compactos y eficientes, garantizan bajas tasas de rotura y una separaci\u00f3n efectiva del salvado. Cuando se utilizan en una l\u00ednea de molienda de arroz combinada, se pueden configurar m\u00faltiples m\u00e1quinas para un mayor rendimiento y un mejor desempe\u00f1o de molienda seg\u00fan sus requisitos espec\u00edficos.<\/p>    <figure class=\"wp-block-image size-full\"><img loading=\"lazy\" decoding=\"async\" width=\"720\" height=\"540\" src=\"https:\/\/taizyfarmequipment.com\/wp-content\/uploads\/2022\/02\/05_720_540-1.jpg\" alt=\"molino de arroz con rodillo de esmeril\" class=\"wp-image-2633\" title=\"molino de arroz con rodillo de esmeril\" srcset=\"https:\/\/taizyfarmequipment.com\/wp-content\/uploads\/2022\/02\/05_720_540-1.jpg 720w, https:\/\/taizyfarmequipment.com\/wp-content\/uploads\/2022\/02\/05_720_540-1-300x225.jpg 300w\" sizes=\"auto, (max-width: 720px) 100vw, 720px\" \/><figcaption class=\"wp-element-caption\">molino de arroz con rodillo de esmeril<\/figcaption><\/figure>    <h2 class=\"wp-block-heading\" id=\"the-structure-of-the-rice-milling-machine\">Estructura de la m\u00e1quina de molino de arroz<\/h2>    <div class=\"wp-block-media-text is-stacked-on-mobile\"><figure class=\"wp-block-media-text__media\"><img loading=\"lazy\" decoding=\"async\" width=\"720\" height=\"540\" src=\"https:\/\/taizyfarmequipment.com\/wp-content\/uploads\/2022\/02\/rice-milling-machines-structure_720_540.jpg\" alt=\"estructura de la fresadora de arroz\" class=\"wp-image-2634 size-full\" srcset=\"https:\/\/taizyfarmequipment.com\/wp-content\/uploads\/2022\/02\/rice-milling-machines-structure_720_540.jpg 720w, https:\/\/taizyfarmequipment.com\/wp-content\/uploads\/2022\/02\/rice-milling-machines-structure_720_540-300x225.jpg 300w\" sizes=\"auto, (max-width: 720px) 100vw, 720px\" \/><\/figure><div class=\"wp-block-media-text__content\"> <p>La fresadora autom\u00e1tica de arroz incluye tolva, rodillo esmeril, tamiz, mango, pesas, purificador de aire, salida, etc.<\/p> <\/div><\/div>    <h3 class=\"wp-block-heading\">La funci\u00f3n de cada parte de las unidades de la m\u00e1quina de molienda de arroz<\/h3>    <div class=\"wp-block-media-text has-media-on-the-right is-stacked-on-mobile\"><div class=\"wp-block-media-text__content\"> <ul class=\"wp-block-list\"> <li><strong>Tolva<\/strong>. El arroz integral se carga en la m\u00e1quina a trav\u00e9s de esta entrada.<\/li>    <li><strong>Rodillo de esmeril y tamiz<\/strong>. El arroz se muele mientras se frota entre el rodillo de esmeril y la malla, y el salvado cae a trav\u00e9s del tamiz.<\/li>    <li><strong>Mango<\/strong>. Se utiliza para controlar la cantidad de arroz integral que cae en la c\u00e1mara de molienda.<\/li>    <li><strong>Pesas<\/strong>. Ajusta la presi\u00f3n de molienda para controlar el grado de molienda del arroz.<\/li>    <li><strong>Purificador de aire<\/strong>. Expulsa el salvado de arroz separado de la m\u00e1quina.<\/li>    <li><strong>Toma de corriente<\/strong>. El arroz blanco procesado se descarga a trav\u00e9s de esta salida.<\/li> <\/ul> <\/div><figure class=\"wp-block-media-text__media\"><img loading=\"lazy\" decoding=\"async\" width=\"720\" height=\"540\" src=\"https:\/\/taizyfarmequipment.com\/wp-content\/uploads\/2022\/02\/15TD-combined-automatic-rice-milling-machine.webp\" alt=\"Fresadora de arroz autom\u00e1tica combinada 15TD\" class=\"wp-image-4541 size-full\" srcset=\"https:\/\/taizyfarmequipment.com\/wp-content\/uploads\/2022\/02\/15TD-combined-automatic-rice-milling-machine.webp 720w, https:\/\/taizyfarmequipment.com\/wp-content\/uploads\/2022\/02\/15TD-combined-automatic-rice-milling-machine-300x225.webp 300w, https:\/\/taizyfarmequipment.com\/wp-content\/uploads\/2022\/02\/15TD-combined-automatic-rice-milling-machine-16x12.webp 16w\" sizes=\"auto, (max-width: 720px) 100vw, 720px\" \/><\/figure><\/div>    <h2 class=\"wp-block-heading\" id=\"the-working-principle-of-the-rice-polisher\">\u00bfC\u00f3mo funciona la m\u00e1quina de molino de arroz?<\/h2>    <div class=\"wp-block-media-text is-stacked-on-mobile\"><figure class=\"wp-block-media-text__media\"><img loading=\"lazy\" decoding=\"async\" width=\"720\" height=\"540\" src=\"https:\/\/taizyfarmequipment.com\/wp-content\/uploads\/2022\/02\/15TD-combined-automatic-rice-milling-machine-for-sale.webp\" alt=\"Fresadora de arroz autom\u00e1tica combinada 15TD a la venta\" class=\"wp-image-4540 size-full\" srcset=\"https:\/\/taizyfarmequipment.com\/wp-content\/uploads\/2022\/02\/15TD-combined-automatic-rice-milling-machine-for-sale.webp 720w, https:\/\/taizyfarmequipment.com\/wp-content\/uploads\/2022\/02\/15TD-combined-automatic-rice-milling-machine-for-sale-300x225.webp 300w, https:\/\/taizyfarmequipment.com\/wp-content\/uploads\/2022\/02\/15TD-combined-automatic-rice-milling-machine-for-sale-16x12.webp 16w\" sizes=\"auto, (max-width: 720px) 100vw, 720px\" \/><\/figure><div class=\"wp-block-media-text__content\"> <ul class=\"wp-block-list\"> <li><strong>Tolva de alimentaci\u00f3n<\/strong>. El arroz integral se introduce en la m\u00e1quina a trav\u00e9s de la tolva de alimentaci\u00f3n.<\/li>    <li><strong>Cabeza de tornillo<\/strong>. Gu\u00eda el arroz hacia la c\u00e1mara de blanqueo y lo dirige al rodillo de esmeril.<\/li>    <li><strong>Rodillo de esmeril<\/strong>. A medida que el arroz gira a lo largo del rodillo giratorio, la superficie abrasiva muela la capa de c\u00e1scara.<\/li>    <li><strong>Soplador<\/strong>. Opera simult\u00e1neamente para ayudar a separar el polvo de salvado del arroz.<\/li>    <li><strong>Tamiz<\/strong>. Permite que el salvado sea expulsado de la c\u00e1mara, dejando arroz limpio y blanco.<\/li> <\/ul> <\/div><\/div>    <h2 class=\"wp-block-heading\" id=\"parameter-of-the-rice-polishing-machine\">Par\u00e1metros del <a href=\"https:\/\/en.wikipedia.org\/wiki\/Rice_mill\" data-type=\"link\" data-id=\"https:\/\/en.wikipedia.org\/wiki\/Rice_mill\" target=\"_blank\" rel=\"noopener\">molino de arroz<\/a> m\u00e1quina<\/h2>    <figure class=\"wp-block-table\"><table><tbody><tr><td>Modelo<\/td><td>Capacidad(t\/h)<\/td><td>Potencia (kilovatios)<\/td><td>Tama\u00f1o (largo x ancho x alto)<\/td><\/tr><tr><td>MNMS15B<\/td><td>0.8-1.25<\/td><td>18.5-22<\/td><td>1090*580*1420mm<\/td><\/tr><tr><td>MNMS18<\/td><td>2-3<\/td><td>22-30<\/td><td>1245*650*1660mm<\/td><\/tr><tr><td>MNMS25<\/td><td>3.5-4.5<\/td><td>37-45<\/td><td>1350*750*1800mm<\/td><\/tr><\/tbody><\/table><figcaption class=\"wp-element-caption\">Par\u00e1metro de la m\u00e1quina pulidora de arroz.<\/figcaption><\/figure>    <figure class=\"wp-block-image size-full\"><img loading=\"lazy\" decoding=\"async\" width=\"720\" height=\"540\" src=\"https:\/\/taizyfarmequipment.com\/wp-content\/uploads\/2022\/02\/automatic-rice-milling-machine.webp\" alt=\"fresadora autom\u00e1tica de arroz\" class=\"wp-image-4542\" srcset=\"https:\/\/taizyfarmequipment.com\/wp-content\/uploads\/2022\/02\/automatic-rice-milling-machine.webp 720w, https:\/\/taizyfarmequipment.com\/wp-content\/uploads\/2022\/02\/automatic-rice-milling-machine-300x225.webp 300w, https:\/\/taizyfarmequipment.com\/wp-content\/uploads\/2022\/02\/automatic-rice-milling-machine-16x12.webp 16w\" sizes=\"auto, (max-width: 720px) 100vw, 720px\" \/><figcaption class=\"wp-element-caption\">fresadora autom\u00e1tica de arroz<\/figcaption><\/figure>    <h2 class=\"wp-block-heading\" id=\"the-features-of-rice-milling-machine-for-sale\">Las caracter\u00edsticas de la fresadora de arroz a la venta.<\/h2>    <ol class=\"wp-block-list\"> <li>La m\u00e1quina produce arroz blanco de alta calidad con una separaci\u00f3n limpia del salvado de arroz.<\/li>    <li>El arroz terminado es blanco, brillante, de baja temperatura y tiene una baja tasa de granos rotos, lo que lo hace adecuado para almacenamiento a largo plazo.<\/li>    <li>Cuenta con un dise\u00f1o compacto, alta eficiencia y operaci\u00f3n simple.<\/li>    <li>El potente sistema de flujo de aire entrega el doble del volumen de aire de los modelos tradicionales, lo que resulta en una menor temperatura del arroz y una mayor eficiencia de molienda.<\/li>    <li>Equipado con un motor montado en la parte trasera y un dispositivo de tensi\u00f3n de correa, es f\u00e1cil de ajustar y mantener.<\/li>    <li>Compatible con rodillos de esmeril, rodillos de hierro, o una combinaci\u00f3n de ambos, admite blanqueo de m\u00faltiples etapas con mayor rendimiento, menor consumo de energ\u00eda y mayor eficiencia.<\/li> <\/ol>    <figure class=\"wp-block-gallery has-nested-images columns-default is-cropped wp-block-gallery-2 is-layout-flex wp-block-gallery-is-layout-flex\"> <figure class=\"wp-block-image size-large\"><img loading=\"lazy\" decoding=\"async\" width=\"720\" height=\"540\" data-id=\"2637\" src=\"https:\/\/taizyfarmequipment.com\/wp-content\/uploads\/2022\/02\/1_720_540-1.jpg\" alt=\"piezas de la fresadora de arroz\" class=\"wp-image-2637\" title=\"piezas de la fresadora de arroz\" srcset=\"https:\/\/taizyfarmequipment.com\/wp-content\/uploads\/2022\/02\/1_720_540-1.jpg 720w, https:\/\/taizyfarmequipment.com\/wp-content\/uploads\/2022\/02\/1_720_540-1-300x225.jpg 300w\" sizes=\"auto, (max-width: 720px) 100vw, 720px\" \/><\/figure>    <figure class=\"wp-block-image size-large\"><img loading=\"lazy\" decoding=\"async\" width=\"720\" height=\"541\" data-id=\"2639\" src=\"https:\/\/taizyfarmequipment.com\/wp-content\/uploads\/2022\/02\/07_720_541-1.jpg\" alt=\"f\u00e1brica de m\u00e1quinas de molino de arroz\" class=\"wp-image-2639\" title=\"f\u00e1brica de m\u00e1quinas de molino de arroz\" srcset=\"https:\/\/taizyfarmequipment.com\/wp-content\/uploads\/2022\/02\/07_720_541-1.jpg 720w, https:\/\/taizyfarmequipment.com\/wp-content\/uploads\/2022\/02\/07_720_541-1-300x225.jpg 300w\" sizes=\"auto, (max-width: 720px) 100vw, 720px\" \/><\/figure>    <figure class=\"wp-block-image size-large\"><img loading=\"lazy\" decoding=\"async\" width=\"720\" height=\"540\" data-id=\"2640\" src=\"https:\/\/taizyfarmequipment.com\/wp-content\/uploads\/2022\/02\/08_720_540.jpg\" alt=\" Caracter\u00edsticas de la fresadora de arroz.\" class=\"wp-image-2640\" title=\" Caracter\u00edsticas de la fresadora de arroz.\" srcset=\"https:\/\/taizyfarmequipment.com\/wp-content\/uploads\/2022\/02\/08_720_540.jpg 720w, https:\/\/taizyfarmequipment.com\/wp-content\/uploads\/2022\/02\/08_720_540-300x225.jpg 300w\" sizes=\"auto, (max-width: 720px) 100vw, 720px\" \/><\/figure> <figcaption class=\"blocks-gallery-caption wp-element-caption\"> Caracter\u00edsticas de la fresadora de arroz.<\/figcaption><\/figure>    <h2 class=\"wp-block-heading\">\u00a1Si\u00e9ntete libre de contactarnos!<\/h2>    <p>En conclusi\u00f3n, nuestras fresadoras autom\u00e1ticas de arroz ofrecen una eficiencia y precisi\u00f3n inigualables en el procesamiento del arroz. Con nuestro compromiso con la calidad y la innovaci\u00f3n, garantizamos que cada unidad ofrezca un rendimiento y confiabilidad \u00f3ptimos. Adem\u00e1s, ofrecemos una gama de modelos de molinos de arroz que se adaptan a diferentes capacidades de producci\u00f3n. <\/p>    <p class=\"translation-block\">Ya necesite una unidad de menor capacidad o una soluci\u00f3n de molienda de arroz a mayor escala <a href=\"https:\/\/taizyfarmequipment.com\/es\/producto-2\/molino-de-arroz\/\" data-type=\"link\" data-id=\"https:\/\/taizyfarmequipment.com\/product\/rice-mill\/\">soluci\u00f3n de molienda de arroz<\/a>, tenemos la experiencia y la tecnolog\u00eda para satisfacer sus necesidades. Cont\u00e1ctenos hoy para saber m\u00e1s y solicitar un presupuesto.<\/p>    <figure class=\"wp-block-image size-full\"><img loading=\"lazy\" decoding=\"async\" width=\"720\" height=\"540\" src=\"https:\/\/taizyfarmequipment.com\/wp-content\/uploads\/2022\/02\/commercial-automatic-rice-milling-machine.webp\" alt=\"fresadora de arroz autom\u00e1tica comercial\" class=\"wp-image-4543\" srcset=\"https:\/\/taizyfarmequipment.com\/wp-content\/uploads\/2022\/02\/commercial-automatic-rice-milling-machine.webp 720w, https:\/\/taizyfarmequipment.com\/wp-content\/uploads\/2022\/02\/commercial-automatic-rice-milling-machine-300x225.webp 300w, https:\/\/taizyfarmequipment.com\/wp-content\/uploads\/2022\/02\/commercial-automatic-rice-milling-machine-16x12.webp 16w\" sizes=\"auto, (max-width: 720px) 100vw, 720px\" \/><figcaption class=\"wp-element-caption\">fresadora de arroz autom\u00e1tica comercial<\/figcaption><\/figure>","protected":false},"excerpt":{"rendered":"<p>La m\u00e1quina de molienda de arroz autom\u00e1tica combinada de 15TPD es una l\u00ednea de producci\u00f3n eficiente y compacta dise\u00f1ada para el procesamiento de arroz a peque\u00f1a y mediana escala. <\/p>","protected":false},"author":1,"featured_media":2630,"parent":0,"template":"","tags":[137,138,139,140],"product-type":[132],"class_list":["post-2586","product","type-product","status-publish","has-post-thumbnail","hentry","tag-rice-mill-machine","tag-rice-milling-machine","tag-rice-polisher","tag-rice-polishing-machine","product-type-rice-mill"],"_links":{"self":[{"href":"https:\/\/taizyfarmequipment.com\/es\/wp-json\/wp\/v2\/product\/2586","targetHints":{"allow":["GET"]}}],"collection":[{"href":"https:\/\/taizyfarmequipment.com\/es\/wp-json\/wp\/v2\/product"}],"about":[{"href":"https:\/\/taizyfarmequipment.com\/es\/wp-json\/wp\/v2\/types\/product"}],"author":[{"embeddable":true,"href":"https:\/\/taizyfarmequipment.com\/es\/wp-json\/wp\/v2\/users\/1"}],"wp:featuredmedia":[{"embeddable":true,"href":"https:\/\/taizyfarmequipment.com\/es\/wp-json\/wp\/v2\/media\/2630"}],"wp:attachment":[{"href":"https:\/\/taizyfarmequipment.com\/es\/wp-json\/wp\/v2\/media?parent=2586"}],"wp:term":[{"taxonomy":"post_tag","embeddable":true,"href":"https:\/\/taizyfarmequipment.com\/es\/wp-json\/wp\/v2\/tags?post=2586"},{"taxonomy":"product-type","embeddable":true,"href":"https:\/\/taizyfarmequipment.com\/es\/wp-json\/wp\/v2\/product-type?post=2586"}],"curies":[{"name":"wp","href":"https:\/\/api.w.org\/{rel}","templated":true}]}}