{"id":2651,"date":"2022-02-16T08:55:20","date_gmt":"2022-02-16T08:55:20","guid":{"rendered":"https:\/\/taizyfarmequipment.com\/"},"modified":"2022-11-10T17:40:55","modified_gmt":"2022-11-10T09:40:55","slug":"maquina-automatica-de-plantulas-de-vivero","status":"publish","type":"product","link":"https:\/\/taizyfarmequipment.com\/es\/product\/automatic-nursery-seedling-machine\/","title":{"rendered":"M\u00e1quina autom\u00e1tica de pl\u00e1ntulas de vivero \u4e28 sembradora de viveros de hortalizas"},"content":{"rendered":"<div class=\"kk-star-ratings kksr-auto kksr-align-left kksr-valign-top\"     data-payload='{&quot;align&quot;:&quot;left&quot;,&quot;id&quot;:&quot;2651&quot;,&quot;slug&quot;:&quot;default&quot;,&quot;valign&quot;:&quot;top&quot;,&quot;ignore&quot;:&quot;&quot;,&quot;reference&quot;:&quot;auto&quot;,&quot;class&quot;:&quot;&quot;,&quot;count&quot;:&quot;20&quot;,&quot;legendonly&quot;:&quot;&quot;,&quot;readonly&quot;:&quot;&quot;,&quot;score&quot;:&quot;4.5&quot;,&quot;starsonly&quot;:&quot;&quot;,&quot;best&quot;:&quot;5&quot;,&quot;gap&quot;:&quot;5&quot;,&quot;greet&quot;:&quot;Rate this product&quot;,&quot;legend&quot;:&quot;4.5\\\/5 - (20 votos)&quot;,&quot;size&quot;:&quot;24&quot;,&quot;title&quot;:&quot;Automatic nursery seedling machine\u4e28vegetable nursery seeder&quot;,&quot;width&quot;:&quot;128&quot;,&quot;_legend&quot;:&quot;{score}\\\/{best} - ({count} {votes})&quot;,&quot;font_factor&quot;:&quot;1.25&quot;}'>              <div class=\"kksr-stars\">      <div class=\"kksr-stars-inactive\">             <div class=\"kksr-star\" data-star=\"1\" style=\"padding-right: 5px\">               <div class=\"kksr-icon\" style=\"width: 24px; height: 24px;\"><\/div>         <\/div>             <div class=\"kksr-star\" data-star=\"2\" style=\"padding-right: 5px\">               <div class=\"kksr-icon\" style=\"width: 24px; height: 24px;\"><\/div>         <\/div>             <div class=\"kksr-star\" data-star=\"3\" style=\"padding-right: 5px\">               <div class=\"kksr-icon\" style=\"width: 24px; height: 24px;\"><\/div>         <\/div>             <div class=\"kksr-star\" data-star=\"4\" style=\"padding-right: 5px\">               <div class=\"kksr-icon\" style=\"width: 24px; height: 24px;\"><\/div>         <\/div>             <div class=\"kksr-star\" data-star=\"5\" style=\"padding-right: 5px\">               <div class=\"kksr-icon\" style=\"width: 24px; height: 24px;\"><\/div>         <\/div>     <\/div>      <div class=\"kksr-stars-active\" style=\"width: 128px;\">             <div class=\"kksr-star\" style=\"padding-right: 5px\">               <div class=\"kksr-icon\" style=\"width: 24px; height: 24px;\"><\/div>         <\/div>             <div class=\"kksr-star\" style=\"padding-right: 5px\">               <div class=\"kksr-icon\" style=\"width: 24px; height: 24px;\"><\/div>         <\/div>             <div class=\"kksr-star\" style=\"padding-right: 5px\">               <div class=\"kksr-icon\" style=\"width: 24px; height: 24px;\"><\/div>         <\/div>             <div class=\"kksr-star\" style=\"padding-right: 5px\">               <div class=\"kksr-icon\" style=\"width: 24px; height: 24px;\"><\/div>         <\/div>             <div class=\"kksr-star\" style=\"padding-right: 5px\">               <div class=\"kksr-icon\" style=\"width: 24px; height: 24px;\"><\/div>         <\/div>     <\/div> <\/div>                   <div class=\"kksr-legend\" style=\"font-size: 19.2px;\">             4,5\/5 - (20 votos)    <\/div>     <\/div>  <p>Una m\u00e1quina autom\u00e1tica de pl\u00e1ntulas de vivero es un equipo que puede sembrar la semilla en la bandeja. Y esta m\u00e1quina para pl\u00e1ntulas de vivero puede completar la cobertura del suelo, el punzonado, la siembra, la cobertura secundaria y el riego al mismo tiempo. La m\u00e1quina plantadora de viveros tiene las caracter\u00edsticas de ahorro de tiempo y energ\u00eda, alta tasa de supervivencia y calidad de las pl\u00e1ntulas. Por lo tanto, esta sembradora de viveros de hortalizas es una gran venta en Am\u00e9rica del Norte, Medio Oriente, Sudeste Asi\u00e1tico y \u00c1frica. Por ejemplo, Canad\u00e1, EE. UU., Australia, Kenia, Brasil, Tailandia, Filipinas, Marruecos, Nigeria, Botswana, etc. Y est\u00e1n satisfechos con la calidad y el servicio de nuestra m\u00e1quina. Cada vez equiparemos cada m\u00e1quina con una gama completa de piezas de desgaste y boquillas adecuadas para el tama\u00f1o de semilla del cliente. Para prolongar el tiempo de servicio de la m\u00e1quina y garantizar que la m\u00e1quina pueda ser adecuada para varias semillas.<\/p>    <h2 class=\"wp-block-heading\" id=\"h-what-is-automatic-nursery-seedling-machine\">\u00bfQu\u00e9 es la m\u00e1quina autom\u00e1tica de pl\u00e1ntulas de vivero?<\/h2>    <p class=\"translation-block\">Una <a href=\"https:\/\/taizyfarmequipment.com\/es\/producto-2\/maquina-automatica-de-plantulas-de-vivero\/\">m\u00e1quina autom\u00e1tica de esquejes para vivero<\/a> puede sembrar todo tipo de semillas, como las de frutas, verduras y flores. Tenemos 3 modelos de sembradoras para vivero. Y este pasaje trata sobre la KMR-78-2, que es una sembradora autom\u00e1tica para invernadero. Para usar esta m\u00e1quina, solo hay que colocar la bandeja en la m\u00e1quina, y la sembradora realizar\u00e1 autom\u00e1ticamente una serie de acciones. No requiere mucho esfuerzo. Y su capacidad es de 500-600 bandejas por hora. Adem\u00e1s, la precisi\u00f3n de siembra de esta sembradora para vivero de hortalizas puede alcanzar el 97-98%. Una alta precisi\u00f3n de siembra puede permitir altas tasas de supervivencia.<\/p>    <p class=\"translation-block\">Para acomodar una variedad de semillas, producimos boquillas de diferentes tama\u00f1os. Por eso recomendamos las boquillas apropiadas a los clientes. Tambi\u00e9n contamos con la secci\u00f3n de aspersor. Puede elegir esta funci\u00f3n seg\u00fan sus necesidades. Tambi\u00e9n producimos <a href=\"https:\/\/www.agriculture-machine.com\/peony-transplant-cucumber-transplant-factory-direct\/\" target=\"_blank\" rel=\"noopener\">m\u00e1quinas trasplantadoras<\/a> para estas pl\u00e1ntulas en alv\u00e9olos, lo que facilita a\u00fan m\u00e1s la plantaci\u00f3n para las personas.<\/p>    <figure class=\"wp-block-image aligncenter size-full\"><img loading=\"lazy\" decoding=\"async\" width=\"720\" height=\"540\" src=\"https:\/\/taizyfarmequipment.com\/wp-content\/uploads\/2022\/02\/33_720_540.jpg\" alt=\"m\u00e1quina autom\u00e1tica de pl\u00e1ntulas de vivero\" class=\"wp-image-2656\" title=\"m\u00e1quina autom\u00e1tica de pl\u00e1ntulas de vivero\" srcset=\"https:\/\/taizyfarmequipment.com\/wp-content\/uploads\/2022\/02\/33_720_540.jpg 720w, https:\/\/taizyfarmequipment.com\/wp-content\/uploads\/2022\/02\/33_720_540-300x225.jpg 300w\" sizes=\"auto, (max-width: 720px) 100vw, 720px\" \/><figcaption class=\"wp-element-caption\">m\u00e1quina autom\u00e1tica de pl\u00e1ntulas de vivero<\/figcaption><\/figure>    <h2 class=\"wp-block-heading\" id=\"what-seeds-can-the-seeding-machine-nursery\">\u00bfQu\u00e9 semillas puede tener el vivero de la sembradora?<\/h2>    <p>La m\u00e1quina autom\u00e1tica de semillero para vivero puede cultivar tomates, lechugas, col china, okra, pepino, berenjena, sand\u00eda, chile, ma\u00edz dulce, flores de petunia, rosas, c\u00e1\u00f1amo, calabaza, colza, cebolla, etc. Por lo tanto, esta m\u00e1quina sembradora tiene una amplia aplicaci\u00f3n. . <\/p>    <figure class=\"wp-block-gallery has-nested-images columns-default is-cropped wp-block-gallery-2 is-layout-flex wp-block-gallery-is-layout-flex\"> <figure class=\"wp-block-image size-large\"><img loading=\"lazy\" decoding=\"async\" width=\"720\" height=\"541\" data-id=\"2653\" src=\"https:\/\/taizyfarmequipment.com\/wp-content\/uploads\/2022\/02\/02_720_541.jpg\" alt=\"semillas\" class=\"wp-image-2653\" title=\"semillas\" srcset=\"https:\/\/taizyfarmequipment.com\/wp-content\/uploads\/2022\/02\/02_720_541.jpg 720w, https:\/\/taizyfarmequipment.com\/wp-content\/uploads\/2022\/02\/02_720_541-300x225.jpg 300w\" sizes=\"auto, (max-width: 720px) 100vw, 720px\" \/><\/figure>    <figure class=\"wp-block-image size-large\"><img loading=\"lazy\" decoding=\"async\" width=\"720\" height=\"540\" data-id=\"2654\" src=\"https:\/\/taizyfarmequipment.com\/wp-content\/uploads\/2022\/02\/03_720_540.jpg\" alt=\"semillas\" class=\"wp-image-2654\" title=\"semillas\" srcset=\"https:\/\/taizyfarmequipment.com\/wp-content\/uploads\/2022\/02\/03_720_540.jpg 720w, https:\/\/taizyfarmequipment.com\/wp-content\/uploads\/2022\/02\/03_720_540-300x225.jpg 300w\" sizes=\"auto, (max-width: 720px) 100vw, 720px\" \/><\/figure> <figcaption class=\"blocks-gallery-caption wp-element-caption\">varias semillas <\/figcaption><\/figure>    <h2 class=\"wp-block-heading\" id=\"what-are-the-components-of-vegetable-nursery-seeder\">\u00bfCu\u00e1les son los componentes de la sembradora de vivero de hortalizas?<\/h2>    <p>Esta m\u00e1quina autom\u00e1tica para pl\u00e1ntulas de vivero tiene principalmente tableros de capas, contenedores de tierra, perforadoras, sembradoras, cepillos, aspersores, gabinetes de control el\u00e9ctrico, etc. Adem\u00e1s, hay varios sensores que ayudan a que la m\u00e1quina pueda completar el trabajo con alta precisi\u00f3n. Una sembradora de vivero puede realizar todos los procedimientos necesarios para cultivar pl\u00e1ntulas.<\/p>    <figure class=\"wp-block-image aligncenter size-full\"><img loading=\"lazy\" decoding=\"async\" width=\"720\" height=\"540\" src=\"https:\/\/taizyfarmequipment.com\/wp-content\/uploads\/2022\/02\/01_720_540.jpg\" alt=\"estructura de la sembradora de vivero de hortalizas\" class=\"wp-image-2655\" title=\"estructura de la sembradora de vivero de hortalizas\" srcset=\"https:\/\/taizyfarmequipment.com\/wp-content\/uploads\/2022\/02\/01_720_540.jpg 720w, https:\/\/taizyfarmequipment.com\/wp-content\/uploads\/2022\/02\/01_720_540-300x225.jpg 300w\" sizes=\"auto, (max-width: 720px) 100vw, 720px\" \/><figcaption class=\"wp-element-caption\">estructura de la sembradora de vivero de hortalizas<\/figcaption><\/figure>    <h2 class=\"wp-block-heading\" id=\"working-flow-of-the-tomatoes-nursery-seedling-machine\">Flujo de trabajo de la m\u00e1quina de pl\u00e1ntulas de vivero de tomates.<\/h2>    <ol class=\"wp-block-list\" type=\"1\"> <li>Primero, encienda la m\u00e1quina y luego coloque la tierra base en el contenedor de tierra.<\/li>    <li>En segundo lugar, la m\u00e1quina de pl\u00e1ntulas del vivero colocar\u00e1 la tierra en la bandeja. Y luego el cepillo eliminar\u00e1 el exceso de tierra.<\/li>    <li>En tercer lugar, la perforadora perfora agujeros limpios.<\/li>    <li>Luego, la boquilla succionar\u00e1 la semilla y luego caer\u00e1 en el orificio del suelo en la bandeja.<\/li>    <li>Finalmente, el recipiente de tierra posterior colocar\u00e1 la tierra para cubrir la semilla.<\/li>    <li>Si la m\u00e1quina de pl\u00e1ntulas de tomates tiene un aspersor, humedecer\u00e1 la tierra y las semillas al final. &nbsp;<\/li> <\/ol>    <h2 class=\"wp-block-heading\" id=\"how-dose-seedling-tray-machine-work\">\u00bfC\u00f3mo funciona la m\u00e1quina de bandejas de pl\u00e1ntulas?<\/h2>    <figure class=\"wp-block-embed is-type-video is-provider-youtube wp-block-embed-youtube wp-embed-aspect-16-9 wp-has-aspect-ratio\"><div class=\"wp-block-embed__wrapper\"> <iframe loading=\"lazy\" title=\"Bandeja de siembra de tabaco para vivero de bajo precio\/m\u00e1quina sembradora\/sembradora de pl\u00e1ntulas de arroz\/f\u00e1brica de m\u00e1quinas sembradoras\" width=\"500\" height=\"281\" src=\"https:\/\/www.youtube.com\/embed\/FSrfHCAigk0?feature=oembed\" frameborder=\"0\" allow=\"accelerometer; autoplay; clipboard-write; encrypted-media; gyroscope; picture-in-picture; web-share\" referrerpolicy=\"strict-origin-when-cross-origin\" allowfullscreen><\/iframe> <\/div><figcaption class=\"wp-element-caption\">Video de trabajo de la m\u00e1quina de bandejas de pl\u00e1ntulas.<\/figcaption><\/figure>    <h2 class=\"wp-block-heading\" id=\"specifications-of-the-nursery-seedling-machine\">Especificaciones de la m\u00e1quina de pl\u00e1ntulas de vivero.<\/h2>    <figure class=\"wp-block-table aligncenter\"><table><tbody><tr><td>Modelo<\/td><td>KMR-78-2<\/td><\/tr><tr><td>Precisi\u00f3n<\/td><td>&gt;97-98%<\/td><\/tr><tr><td>Principio<\/td><td>Compresor el\u00e9ctrico y de aire.<\/td><\/tr><tr><td>Tama\u00f1o<\/td><td>4800*800*1600mm<\/td><\/tr><tr><td>Peso<\/td><td>400 kilos<\/td><\/tr><tr><td>Voltaje<\/td><td>220V \/110V 600w<\/td><\/tr><tr><td>Tama\u00f1o para semilla<\/td><td>0,3-12 mm<\/td><\/tr><tr><td>Ancho de la bandeja<\/td><td>&lt;=540 mm<\/td><\/tr><\/tbody><\/table><figcaption class=\"wp-element-caption\">Especificaciones de la m\u00e1quina de pl\u00e1ntulas de vivero.<\/figcaption><\/figure>    <h2 class=\"wp-block-heading\" id=\"below-are-the-characteristics-of-nursery-tray-machine\">A continuaci\u00f3n se detallan las caracter\u00edsticas de la m\u00e1quina de bandejas para viveros.<\/h2>    <ol class=\"wp-block-list\" type=\"1\"> <li>La m\u00e1quina autom\u00e1tica de pl\u00e1ntulas de vivero ahorra tiempo y esfuerzo. Porque la eficiencia de la producci\u00f3n mecanizada es alta. Adem\u00e1s, la m\u00e1quina de pl\u00e1ntulas de vivero puede completar la siembra y la siembra de pl\u00e1ntulas al mismo tiempo.<\/li>    <li>La m\u00e1quina autom\u00e1tica para cultivo de pl\u00e1ntulas siembra semillas secas directamente, una semilla a la vez, y se cultivan pl\u00e1ntulas concentradas. Por lo tanto, la cantidad de pl\u00e1ntulas por unidad de \u00e1rea es mayor que la de las pl\u00e1ntulas convencionales, lo que puede reducir el espacio del piso.<\/li>    <li>Al utilizar esta m\u00e1quina autom\u00e1tica de pl\u00e1ntulas de vivero, las semillas tienen una fuerte resistencia al estr\u00e9s. Y las semillas son f\u00e1ciles de trasplantar y tienen una alta tasa de supervivencia.<\/li>    <li>El uso de bandejas de plugs es adecuado para el transporte a larga distancia y el trasplante mecanizado. Por tanto, ampl\u00eda las perspectivas de desarrollo del mercado de hortalizas.<\/li>    <li>Las semillas cultivadas en este vivero de pl\u00e1ntulas est\u00e1n relativamente dispersas, lo que puede reducir la propagaci\u00f3n de plagas y enfermedades y reducir la competencia de nutrientes entre las pl\u00e1ntulas. Al mismo tiempo, puede desarrollar completamente el sistema radicular y mejorar la calidad de las pl\u00e1ntulas.<\/li> <\/ol>","protected":false},"excerpt":{"rendered":"<p>La m\u00e1quina autom\u00e1tica de pl\u00e1ntulas de vivero es un equipo que puede sembrar la semilla en la bandeja. Puede cultivar frutas, verduras y flores.<\/p>","protected":false},"author":1,"featured_media":2652,"parent":0,"template":"","tags":[159,160,158],"product-type":[134],"class_list":["post-2651","product","type-product","status-publish","has-post-thumbnail","hentry","tag-automatic-nursery-seedling-machine","tag-tomatoes-nursery-seedling-machine","tag-vegetable-nursery-seeder","product-type-nursery-transplanter"],"_links":{"self":[{"href":"https:\/\/taizyfarmequipment.com\/es\/wp-json\/wp\/v2\/product\/2651","targetHints":{"allow":["GET"]}}],"collection":[{"href":"https:\/\/taizyfarmequipment.com\/es\/wp-json\/wp\/v2\/product"}],"about":[{"href":"https:\/\/taizyfarmequipment.com\/es\/wp-json\/wp\/v2\/types\/product"}],"author":[{"embeddable":true,"href":"https:\/\/taizyfarmequipment.com\/es\/wp-json\/wp\/v2\/users\/1"}],"wp:featuredmedia":[{"embeddable":true,"href":"https:\/\/taizyfarmequipment.com\/es\/wp-json\/wp\/v2\/media\/2652"}],"wp:attachment":[{"href":"https:\/\/taizyfarmequipment.com\/es\/wp-json\/wp\/v2\/media?parent=2651"}],"wp:term":[{"taxonomy":"post_tag","embeddable":true,"href":"https:\/\/taizyfarmequipment.com\/es\/wp-json\/wp\/v2\/tags?post=2651"},{"taxonomy":"product-type","embeddable":true,"href":"https:\/\/taizyfarmequipment.com\/es\/wp-json\/wp\/v2\/product-type?post=2651"}],"curies":[{"name":"wp","href":"https:\/\/api.w.org\/{rel}","templated":true}]}}