{"id":2658,"date":"2022-02-18T09:40:58","date_gmt":"2022-02-18T09:40:58","guid":{"rendered":"https:\/\/taizyfarmequipment.com\/"},"modified":"2025-11-26T16:05:41","modified_gmt":"2025-11-26T08:05:41","slug":"maquina-de-crianza-de-viveros","status":"publish","type":"product","link":"https:\/\/taizyfarmequipment.com\/es\/product\/nursery-raising-machine\/","title":{"rendered":"M\u00e1quina autom\u00e1tica de cultivo en vivero | Sembradora de vivero de hortalizas"},"content":{"rendered":"<div class=\"kk-star-ratings kksr-auto kksr-align-left kksr-valign-top\"     data-payload='{&quot;align&quot;:&quot;left&quot;,&quot;id&quot;:&quot;2658&quot;,&quot;slug&quot;:&quot;default&quot;,&quot;valign&quot;:&quot;top&quot;,&quot;ignore&quot;:&quot;&quot;,&quot;reference&quot;:&quot;auto&quot;,&quot;class&quot;:&quot;&quot;,&quot;count&quot;:&quot;22&quot;,&quot;legendonly&quot;:&quot;&quot;,&quot;readonly&quot;:&quot;&quot;,&quot;score&quot;:&quot;4.8&quot;,&quot;starsonly&quot;:&quot;&quot;,&quot;best&quot;:&quot;5&quot;,&quot;gap&quot;:&quot;5&quot;,&quot;greet&quot;:&quot;Rate this product&quot;,&quot;legend&quot;:&quot;4.8\\\/5 - (22 votos)&quot;,&quot;size&quot;:&quot;24&quot;,&quot;title&quot;:&quot;Automatic nursery raising machine | Vegetable nursery sowing machine&quot;,&quot;width&quot;:&quot;136.7&quot;,&quot;_legend&quot;:&quot;{score}\\\/{best} - ({count} {votes})&quot;,&quot;font_factor&quot;:&quot;1.25&quot;}'>              <div class=\"kksr-stars\">      <div class=\"kksr-stars-inactive\">             <div class=\"kksr-star\" data-star=\"1\" style=\"padding-right: 5px\">               <div class=\"kksr-icon\" style=\"width: 24px; height: 24px;\"><\/div>         <\/div>             <div class=\"kksr-star\" data-star=\"2\" style=\"padding-right: 5px\">               <div class=\"kksr-icon\" style=\"width: 24px; height: 24px;\"><\/div>         <\/div>             <div class=\"kksr-star\" data-star=\"3\" style=\"padding-right: 5px\">               <div class=\"kksr-icon\" style=\"width: 24px; height: 24px;\"><\/div>         <\/div>             <div class=\"kksr-star\" data-star=\"4\" style=\"padding-right: 5px\">               <div class=\"kksr-icon\" style=\"width: 24px; height: 24px;\"><\/div>         <\/div>             <div class=\"kksr-star\" data-star=\"5\" style=\"padding-right: 5px\">               <div class=\"kksr-icon\" style=\"width: 24px; height: 24px;\"><\/div>         <\/div>     <\/div>      <div class=\"kksr-stars-active\" style=\"width: 136.7px;\">             <div class=\"kksr-star\" style=\"padding-right: 5px\">               <div class=\"kksr-icon\" style=\"width: 24px; height: 24px;\"><\/div>         <\/div>             <div class=\"kksr-star\" style=\"padding-right: 5px\">               <div class=\"kksr-icon\" style=\"width: 24px; height: 24px;\"><\/div>         <\/div>             <div class=\"kksr-star\" style=\"padding-right: 5px\">               <div class=\"kksr-icon\" style=\"width: 24px; height: 24px;\"><\/div>         <\/div>             <div class=\"kksr-star\" style=\"padding-right: 5px\">               <div class=\"kksr-icon\" style=\"width: 24px; height: 24px;\"><\/div>         <\/div>             <div class=\"kksr-star\" style=\"padding-right: 5px\">               <div class=\"kksr-icon\" style=\"width: 24px; height: 24px;\"><\/div>         <\/div>     <\/div> <\/div>                   <div class=\"kksr-legend\" style=\"font-size: 19.2px;\">             4,8\/5 - (22 votos)    <\/div>     <\/div>  <p>La m\u00e1quina autom\u00e1tica para cultivo de viveros es un equipo que puede plantar semillas en una bandeja de plugs. La m\u00e1quina puede perforar y sembrar con precisi\u00f3n. Y la tasa de supervivencia de las pl\u00e1ntulas es alta y la calidad de las pl\u00e1ntulas es buena. Normalmente, la m\u00e1quina autom\u00e1tica para pl\u00e1ntulas de vivero puede completar el recubrimiento del suelo, el cepillado, la perforaci\u00f3n, la siembra y el segundo recubrimiento del suelo. Todo el proceso no requiere mucha mano de obra.<\/p>    <figure class=\"wp-block-embed is-type-video is-provider-youtube wp-block-embed-youtube wp-embed-aspect-16-9 wp-has-aspect-ratio\"><div class=\"wp-block-embed__wrapper\"> <iframe loading=\"lazy\" title=\"M\u00e1quina autom\u00e1tica de pl\u00e1ntulas en vivero para una siembra r\u00e1pida #vivero #agricultura #cultivo #semillas\" width=\"500\" height=\"281\" src=\"https:\/\/www.youtube.com\/embed\/52XUJAoRi7s?feature=oembed\" frameborder=\"0\" allow=\"accelerometer; autoplay; clipboard-write; encrypted-media; gyroscope; picture-in-picture; web-share\" referrerpolicy=\"strict-origin-when-cross-origin\" allowfullscreen><\/iframe> <\/div><figcaption class=\"wp-element-caption\">Video de funcionamiento de la m\u00e1quina autom\u00e1tica de cultivo en vivero<\/figcaption><\/figure>    <h2 class=\"wp-block-heading\" id=\"h-introduction-of-our-automatic-nursery-raising-machine\">Introducci\u00f3n de nuestra m\u00e1quina autom\u00e1tica de crianza de viveros.<\/h2>    <p>Para satisfacer una variedad de necesidades, contamos con 3 tipos de sembradoras de vivero. Son KMR-80, KMR-78-2 y KMR-78. De los tres tipos de m\u00e1quinas, la KMR-80 y la KMR-78-2 son completamente autom\u00e1ticas y la KMR-78 es semiautom\u00e1tica. Toda la potencia de estas m\u00e1quinas es el\u00e9ctrica y de compresor de aire. Y el compresor de aire controla principalmente las dos acciones de perforar y sembrar.<\/p>    <p class=\"translation-block\">Para taladrar y sembrar con precisi\u00f3n, nuestras m\u00e1quinas cuentan con m\u00faltiples sensores. Y nuestra m\u00e1quina autom\u00e1tica de cultivo en vivero puede sembrar muchos tipos diferentes de semillas, como verduras, frutas y flores. Para sembrar muchas semillas diferentes, tambi\u00e9n dise\u00f1amos boquillas de diferentes tama\u00f1os. Y le enviaremos todas las tallas de boquillas en la caja de herramientas. Tambi\u00e9n producimos <a href=\"https:\/\/www.agriculture-machine.com\/peony-transplant-cucumber-transplant-factory-direct\/\" target=\"_blank\" rel=\"noopener\">transplantadoras<\/a>, que son buenos ayudantes para las personas que trasplantan pl\u00e1ntulas. Debido a la larga vida \u00fatil y alta eficiencia de trabajo de la m\u00e1quina de pl\u00e1ntulas con tap\u00f3n, ha sido bien recibida por clientes en muchos pa\u00edses.<\/p>    <h2 class=\"wp-block-heading\" id=\"type-1-kmr-78-2-vegetable-nursery-sowing-machine\">Tipo 1: Sembradora de vivero de hortalizas KMR-78-2<\/h2>    <p>Este modelo de m\u00e1quina vivero es totalmente autom\u00e1tico. Puede completar las funciones de cobertura del suelo, perforaci\u00f3n, siembra, cobertura secundaria del suelo y riego al mismo tiempo. Un rociador de agua es una caracter\u00edstica adicional. Los clientes pueden elegir seg\u00fan sus propias necesidades.<\/p>    <figure class=\"wp-block-image aligncenter size-full is-resized\"><img loading=\"lazy\" decoding=\"async\" width=\"720\" height=\"540\" src=\"https:\/\/taizyfarmequipment.com\/wp-content\/uploads\/2022\/02\/nursery-seedling-machine1.jpg\" alt=\"m\u00e1quina autom\u00e1tica de crianza de viveros\" class=\"wp-image-2659\" style=\"width:720px;height:540px\" title=\"m\u00e1quina autom\u00e1tica de crianza de viveros\" srcset=\"https:\/\/taizyfarmequipment.com\/wp-content\/uploads\/2022\/02\/nursery-seedling-machine1.jpg 720w, https:\/\/taizyfarmequipment.com\/wp-content\/uploads\/2022\/02\/nursery-seedling-machine1-300x225.jpg 300w\" sizes=\"auto, (max-width: 720px) 100vw, 720px\" \/><figcaption class=\"wp-element-caption\">m\u00e1quina autom\u00e1tica de crianza de viveros<\/figcaption><\/figure>    <h3 class=\"wp-block-heading\" id=\"h-components-of-nursery-sowing-machine\">Componentes de la sembradora de vivero.<\/h3>    <p>Esta m\u00e1quina autom\u00e1tica para crianza de viveros KMR-78-2 incluye principalmente contenedores de tierra, cepillo, transportador, sensor, hoyo, excavaci\u00f3n, siembra, etc. La m\u00e1quina completa consta de tres partes. Y cada parte se puede dividir. De esta forma, los clientes pueden utilizar la m\u00e1quina de forma flexible seg\u00fan sus necesidades.<\/p>    <figure class=\"wp-block-image aligncenter size-full\"><img loading=\"lazy\" decoding=\"async\" width=\"720\" height=\"540\" src=\"https:\/\/taizyfarmequipment.com\/wp-content\/uploads\/2022\/02\/structure.jpg\" alt=\"Estructura de la sembradora de bandejas MKR-78-2\" class=\"wp-image-2660\" title=\"Estructura de la sembradora de bandejas MKR-78-2\" srcset=\"https:\/\/taizyfarmequipment.com\/wp-content\/uploads\/2022\/02\/structure.jpg 720w, https:\/\/taizyfarmequipment.com\/wp-content\/uploads\/2022\/02\/structure-300x225.jpg 300w\" sizes=\"auto, (max-width: 720px) 100vw, 720px\" \/><figcaption class=\"wp-element-caption\">Estructura de la sembradora de bandejas KMR-78-2<\/figcaption><\/figure>    <h3 class=\"wp-block-heading\" id=\"h-how-dose-the-automatic-nursery-seeding-machine-work\">\u00bfC\u00f3mo funciona la sembradora autom\u00e1tica de vivero?<\/h3>    <figure class=\"wp-block-embed is-type-video is-provider-youtube wp-block-embed-youtube wp-embed-aspect-16-9 wp-has-aspect-ratio\"><div class=\"wp-block-embed__wrapper\"> <iframe loading=\"lazy\" title=\"sembradora autom\u00e1tica para viveros\/sembradora para viveros\/m\u00e1quina cultivadora de pl\u00e1ntulas\/m\u00e1quina sembradora\" width=\"500\" height=\"281\" src=\"https:\/\/www.youtube.com\/embed\/2rLrp6o2l6o?feature=oembed\" frameborder=\"0\" allow=\"accelerometer; autoplay; clipboard-write; encrypted-media; gyroscope; picture-in-picture; web-share\" referrerpolicy=\"strict-origin-when-cross-origin\" allowfullscreen><\/iframe> <\/div><figcaption class=\"wp-element-caption\">V\u00eddeo de trabajo del KMR-78-2<\/figcaption><\/figure>    <h3 class=\"wp-block-heading\" id=\"technical-parameter-of-vegetable-nursery-machine\">Par\u00e1metros t\u00e9cnicos de la m\u00e1quina de vivero de hortalizas.<\/h3>    <figure class=\"wp-block-table\"><table><tbody><tr><td>Modelo<\/td><td>KMR-78-2<\/td><\/tr><tr><td>Capacidad<\/td><td>550-600 bandejas\/hora<\/td><\/tr><tr><td>Precisi\u00f3n<\/td><td>&gt;97-98%<\/td><\/tr><tr><td>Principio<\/td><td>Compresor el\u00e9ctrico y de aire.<\/td><\/tr><tr><td>Tama\u00f1o<\/td><td>4800*800*1600mm<\/td><\/tr><tr><td>Peso<\/td><td>400 kilos<\/td><\/tr><tr><td>Voltaje<\/td><td>220V \/110V 600w<\/td><\/tr><tr><td>Tama\u00f1o para semilla<\/td><td>0,3-12 mm<\/td><\/tr><tr><td>Ancho de la bandeja<\/td><td>&lt;=540 mm<\/td><\/tr><\/tbody><\/table><figcaption class=\"wp-element-caption\">Par\u00e1metro de la m\u00e1quina de vivero de hortalizas.<\/figcaption><\/figure>    <h3 class=\"wp-block-heading\" id=\"features-of-the-automatic-nursery-seeder\">Caracter\u00edsticas de la sembradora autom\u00e1tica para viveros.<\/h3>    <ol style=\"list-style-type:1\" class=\"wp-block-list\"> <li>Las tres partes se pueden separar. Los clientes pueden utilizarlo de forma flexible.<\/li>    <li>Completamente automatico. No es necesario gastar mucha energ\u00eda y tiempo en la guarder\u00eda. Simplemente ponga la tierra en el contenedor de tierra. La sembradora puede completar todas las dem\u00e1s acciones.<\/li>    <li>Esta m\u00e1quina elevadora autom\u00e1tica de viveros puede alojar bandejas de hasta 540 mm de ancho. Por lo tanto, esta m\u00e1quina tiene una mayor eficiencia de trabajo.<\/li> <\/ol>    <h2 class=\"wp-block-heading\" id=\"type-2-kmr-80-nursery-raising-machine\">Tipo 2: M\u00e1quina de crianza de viveros KMR-80<\/h2>    <p>El modelo KMR-80 es tambi\u00e9n la m\u00e1quina autom\u00e1tica para la crianza de viveros. Este modelo de m\u00e1quina autom\u00e1tica para crianza de viveros tiene el mismo flujo de trabajo que el Tipo 1 KMR-78-2. Son diferentes en apariencia. El modelo KMR-78-2 consta de tres partes. Cada parte se puede dividir. Y la m\u00e1quina autom\u00e1tica de crianza de viveros KMR-80 tiene dos partes que se pueden dividir. Y la m\u00e1quina de pl\u00e1ntulas de plugs KMR-80 puede funcionar con bandejas de plugs de hasta 320 mm.<\/p>    <figure class=\"wp-block-image size-full\"><img loading=\"lazy\" decoding=\"async\" width=\"720\" height=\"540\" src=\"https:\/\/taizyfarmequipment.com\/wp-content\/uploads\/2022\/02\/nursery-seeder-.jpg\" alt=\"m\u00e1quina de crianza de viveros\" class=\"wp-image-2662\" title=\"m\u00e1quina de crianza de viveros\" srcset=\"https:\/\/taizyfarmequipment.com\/wp-content\/uploads\/2022\/02\/nursery-seeder-.jpg 720w, https:\/\/taizyfarmequipment.com\/wp-content\/uploads\/2022\/02\/nursery-seeder--300x225.jpg 300w\" sizes=\"auto, (max-width: 720px) 100vw, 720px\" \/><figcaption class=\"wp-element-caption\">m\u00e1quina de crianza de viveros<\/figcaption><\/figure>    <h3 class=\"wp-block-heading\" id=\"h-what-are-the-main-components-of-the-automatic-tray-seeder\">\u00bfCu\u00e1les son los componentes principales de la sembradora autom\u00e1tica de bandejas?<\/h3>    <p>Esta sembradora autom\u00e1tica de bandejas KMR-80 consta de dos partes. Una parte incluye el dep\u00f3sito de tierra, el cepillado, la excavaci\u00f3n y la siembra. Y otra parte tiene segundo cubrimiento de tierra y cepillado. Adem\u00e1s, puedes elegir el riego al final de la m\u00e1quina.<\/p>    <figure class=\"wp-block-image size-full is-resized\"><img loading=\"lazy\" decoding=\"async\" width=\"720\" height=\"540\" src=\"https:\/\/taizyfarmequipment.com\/wp-content\/uploads\/2022\/02\/nursery-raising-machines-structure-1-1.jpg\" alt=\"Estructura de la m\u00e1quina de crianza de viveros MKR-80\" class=\"wp-image-2666\" style=\"width:720px;height:540px\" title=\"Estructura de la m\u00e1quina de crianza de viveros MKR-80\" srcset=\"https:\/\/taizyfarmequipment.com\/wp-content\/uploads\/2022\/02\/nursery-raising-machines-structure-1-1.jpg 720w, https:\/\/taizyfarmequipment.com\/wp-content\/uploads\/2022\/02\/nursery-raising-machines-structure-1-1-300x225.jpg 300w\" sizes=\"auto, (max-width: 720px) 100vw, 720px\" \/><figcaption class=\"wp-element-caption\">Estructura de la m\u00e1quina de crianza de viveros KMR-80<\/figcaption><\/figure>    <h3 class=\"wp-block-heading\" id=\"h-technical-specifications-of-plug-tray-nursery-seeding-machine\">Especificaciones t\u00e9cnicas de la sembradora de vivero con bandeja de plugs.<\/h3>    <figure class=\"wp-block-table\"><table><tbody><tr><td>Modelo<\/td><td>KMR-80<\/td><\/tr><tr><td>Capacidad<\/td><td>260-330 bandejas\/hora<\/td><\/tr><tr><td>Precisi\u00f3n<\/td><td>&gt;97-98%<\/td><\/tr><tr><td>Principio<\/td><td>Compresor el\u00e9ctrico y de aire.<\/td><\/tr><tr><td>Voltaje<\/td><td>220V \/110V 600w<\/td><\/tr><tr><td>Tama\u00f1o para semilla<\/td><td>0,3-12 mm<\/td><\/tr><tr><td>Ancho de la bandeja<\/td><td>320 mm<\/td><\/tr><tr><td>Peso<\/td><td>250 kilos<\/td><\/tr><tr><td>Tama\u00f1o<\/td><td>3300*600*1300mm<\/td><\/tr><\/tbody><\/table><figcaption class=\"wp-element-caption\">Par\u00e1metro de la m\u00e1quina sembradora de vivero con bandeja de plugs KMR-80 <\/figcaption><\/figure>    <h3 class=\"wp-block-heading\" id=\"what-advantages-dose-the-nursery-raising-machine-has\">\u00bfQu\u00e9 ventajas tiene la m\u00e1quina de crianza de viveros?<\/h3>    <ol style=\"list-style-type:1\" class=\"wp-block-list\"> <li>La m\u00e1quina elevadora autom\u00e1tica de viveros KMR-80 consta de dos partes, que tiene una apariencia compacta y un espacio reducido.<\/li>    <li>Misma funci\u00f3n que el KMR-78-2, que ahorra tiempo y energ\u00eda.<\/li>    <li>Se pueden acomodar bandejas de menor ancho. El ancho m\u00e1ximo de la bandeja de plugs debe ser de 320 mm.<\/li> <\/ol>    <h2 class=\"wp-block-heading\" id=\"type-3-kmr-78-nursery-planting-machine\">Tipo 3: M\u00e1quina plantadora de viveros KMR-78<\/h2>    <p class=\"translation-block\">Nuestra <a href=\"https:\/\/taizyfarmequipment.com\/es\/producto-2\/maquina-automatica-de-plantulas-de-vivero\/\">m\u00e1quina de plantaci\u00f3n para vivero KMR-78<\/a> es una m\u00e1quina sembradora semiautom\u00e1tica para invernadero. Este modelo de m\u00e1quina solo incluye partes de punzonado y siembra. Por lo tanto, su precio es inferior al de los tipos de m\u00e1quinas mencionados arriba. Adem\u00e1s, tiene un volumen y una huella m\u00e1s peque\u00f1os. La m\u00e1quina de bandejas para pl\u00e1ntulas KMR-78 puede sembrar las mismas semillas que las KMR-80 y KMR-78-2. Si su presupuesto no es suficiente, puede optar por este modelo de m\u00e1quina para siembra en bandejas.<\/p>    <figure class=\"wp-block-image aligncenter size-full\"><img loading=\"lazy\" decoding=\"async\" width=\"720\" height=\"540\" src=\"https:\/\/taizyfarmequipment.com\/wp-content\/uploads\/2022\/02\/78-tuya_720_540-tuya.jpg\" alt=\"M\u00e1quina plantadora de viveros MKR-78\" class=\"wp-image-2663\" title=\"M\u00e1quina plantadora de viveros MKR-78\" srcset=\"https:\/\/taizyfarmequipment.com\/wp-content\/uploads\/2022\/02\/78-tuya_720_540-tuya.jpg 720w, https:\/\/taizyfarmequipment.com\/wp-content\/uploads\/2022\/02\/78-tuya_720_540-tuya-300x225.jpg 300w\" sizes=\"auto, (max-width: 720px) 100vw, 720px\" \/><figcaption class=\"wp-element-caption\">M\u00e1quina plantadora de viveros KMR-78<\/figcaption><\/figure>    <h3 class=\"wp-block-heading\" id=\"structure-2\">Estructura de la sembradora de tomates.<\/h3>    <p>Esta m\u00e1quina sembradora de tomates KMR-78 tiene principalmente funciones de excavaci\u00f3n, plantaci\u00f3n, marco, etc. Esta m\u00e1quina sembradora de viveros de pimientos es conveniente para que usted pueda moverse a todas partes.<\/p>    <figure class=\"wp-block-image aligncenter size-full\"><img loading=\"lazy\" decoding=\"async\" width=\"720\" height=\"540\" src=\"https:\/\/taizyfarmequipment.com\/wp-content\/uploads\/2022\/02\/vegetable-ursery-seeding-machines-structure-.jpg\" alt=\"Estructura de jardinera para vivero MKR-78\" class=\"wp-image-2664\" title=\"Estructura de jardinera para vivero MKR-78\" srcset=\"https:\/\/taizyfarmequipment.com\/wp-content\/uploads\/2022\/02\/vegetable-ursery-seeding-machines-structure-.jpg 720w, https:\/\/taizyfarmequipment.com\/wp-content\/uploads\/2022\/02\/vegetable-ursery-seeding-machines-structure--300x225.jpg 300w\" sizes=\"auto, (max-width: 720px) 100vw, 720px\" \/><figcaption class=\"wp-element-caption\">Estructura de jardinera de vivero KMR-78<\/figcaption><\/figure>    <h3 class=\"wp-block-heading\" id=\"parameter-2\">Par\u00e1metro de la sembradora de vivero<\/h3>    <figure class=\"wp-block-table\"><table><tbody><tr><td>Modelo<\/td><td>KMR-78<\/td><\/tr><tr><td>Capacidad<\/td><td>200bandeja\/hora<\/td><\/tr><tr><td>Precisi\u00f3n<\/td><td>&gt;97-98%Precisi\u00f3n<\/td><\/tr><tr><td>principio<\/td><td>compresor de aire<\/td><\/tr><tr><td>Tama\u00f1o<\/td><td>1050*650*1150mm<\/td><\/tr><tr><td>Peso<\/td><td>68 kilos<\/td><\/tr><tr><td>Tama\u00f1o para semilla<\/td><td>0,3-12 mm<\/td><\/tr><\/tbody><\/table><figcaption class=\"wp-element-caption\">Tipo 3: Par\u00e1metro de la m\u00e1quina plantadora de viveros KMR-78<\/figcaption><\/figure>    <h3 class=\"wp-block-heading\" id=\"features-1\">Caracter\u00edsticas <\/h3>    <ol style=\"list-style-type:1\" class=\"wp-block-list\"> <li>Huella m\u00e1s peque\u00f1a. Ligero y f\u00e1cil de mover.<\/li>    <li>Esta m\u00e1quina sembradora de semillas de vivero tiene las funciones de sembrar y sembrar, y necesita colocar tierra y cubrirla manualmente.<\/li> <\/ol>    <h3 class=\"wp-block-heading\" id=\"wide-application-of-nursery-seed-sowing-machine\">Amplia aplicaci\u00f3n de la sembradora de semillas de vivero.<\/h3>    <p>Los tres tipos de m\u00e1quinas pueden sembrar una variedad de semillas. Como tomate, lechuga, repollo chino, repollo, ma\u00edz dulce, calabaza, semillas de c\u00e1\u00f1amo, okra, pepino, berenjena, mel\u00f3n, sand\u00eda, pimiento, chile, frijol, repollo de Taiw\u00e1n, Yu choi, Kan Kong, puerros, acelgas, bok. choi, apio, etc. &nbsp;<\/p>    <figure class=\"wp-block-image size-full\"><img loading=\"lazy\" decoding=\"async\" width=\"720\" height=\"540\" src=\"https:\/\/taizyfarmequipment.com\/wp-content\/uploads\/2022\/02\/seeds-_720_540.jpg\" alt=\"semillas\" class=\"wp-image-2667\" title=\"semillas\" srcset=\"https:\/\/taizyfarmequipment.com\/wp-content\/uploads\/2022\/02\/seeds-_720_540.jpg 720w, https:\/\/taizyfarmequipment.com\/wp-content\/uploads\/2022\/02\/seeds-_720_540-300x225.jpg 300w\" sizes=\"auto, (max-width: 720px) 100vw, 720px\" \/><figcaption class=\"wp-element-caption\">varias semillas de repollo, zanahoria, pepino, etc. <\/figcaption><\/figure>    <h2 class=\"wp-block-heading\" id=\"packing-and-shipping-of-nursery-sowing-machine\">Embalaje y env\u00edo de sembradora de vivero.<\/h2>    <p>A continuaci\u00f3n se muestran las im\u00e1genes del paquete y las im\u00e1genes de env\u00edo. Siempre antes de empacar, revisaremos estrictamente la m\u00e1quina. Adem\u00e1s, podemos probar la m\u00e1quina autom\u00e1tica de crianza de viveros de acuerdo con los requisitos del cliente. <\/p>    <figure class=\"wp-block-gallery has-nested-images columns-2 is-cropped wp-block-gallery-2 is-layout-flex wp-block-gallery-is-layout-flex\"> <figure class=\"wp-block-image size-large\"><img loading=\"lazy\" decoding=\"async\" width=\"720\" height=\"540\" data-id=\"2669\" src=\"https:\/\/taizyfarmequipment.com\/wp-content\/uploads\/2022\/02\/nursery-seedling-machine.jpg\" alt=\"Envolver la sembradora del vivero\" class=\"wp-image-2669\" title=\"Envolver la sembradora del vivero\" srcset=\"https:\/\/taizyfarmequipment.com\/wp-content\/uploads\/2022\/02\/nursery-seedling-machine.jpg 720w, https:\/\/taizyfarmequipment.com\/wp-content\/uploads\/2022\/02\/nursery-seedling-machine-300x225.jpg 300w\" sizes=\"auto, (max-width: 720px) 100vw, 720px\" \/><figcaption class=\"wp-element-caption\">Envolver la sembradora del vivero<\/figcaption><\/figure>    <figure class=\"wp-block-image size-large\"><img loading=\"lazy\" decoding=\"async\" width=\"720\" height=\"540\" data-id=\"2670\" src=\"https:\/\/taizyfarmequipment.com\/wp-content\/uploads\/2022\/02\/shipping-.jpg\" alt=\"Comprobaci\u00f3n de la m\u00e1quina de cultivo de viveros de hortalizas.\" class=\"wp-image-2670\" title=\"Comprobaci\u00f3n de la m\u00e1quina de cultivo de viveros de hortalizas.\" srcset=\"https:\/\/taizyfarmequipment.com\/wp-content\/uploads\/2022\/02\/shipping-.jpg 720w, https:\/\/taizyfarmequipment.com\/wp-content\/uploads\/2022\/02\/shipping--300x225.jpg 300w\" sizes=\"auto, (max-width: 720px) 100vw, 720px\" \/><figcaption class=\"wp-element-caption\">Comprobaci\u00f3n de la m\u00e1quina de cultivo de viveros de hortalizas.<\/figcaption><\/figure> <figcaption class=\"blocks-gallery-caption wp-element-caption\">Embalaje y env\u00edo de sembradora de vivero.<\/figcaption><\/figure>","protected":false},"excerpt":{"rendered":"<p>La m\u00e1quina autom\u00e1tica de cultivo de viveros puede plantar semillas en una bandeja de plugs. Y la tasa de supervivencia y la calidad de las pl\u00e1ntulas tambi\u00e9n son buenas.  <\/p>","protected":false},"author":1,"featured_media":2661,"parent":0,"template":"","tags":[148,151,154,156,153,150,155,157,152,149],"product-type":[134],"class_list":["post-2658","product","type-product","status-publish","has-post-thumbnail","hentry","tag-automatic-nursery-raising-machine","tag-automatic-nursery-seeding-machine","tag-automatic-tray-seeder","tag-nursery-planting-machine","tag-nursery-seeder","tag-nursery-sowing-machine","tag-plug-tray-nursery-seeding-machine","tag-tomato-seeding-machine","tag-vegetable-nursery-machine","tag-vegetable-nursery-sowing-machine","product-type-nursery-transplanter"],"_links":{"self":[{"href":"https:\/\/taizyfarmequipment.com\/es\/wp-json\/wp\/v2\/product\/2658","targetHints":{"allow":["GET"]}}],"collection":[{"href":"https:\/\/taizyfarmequipment.com\/es\/wp-json\/wp\/v2\/product"}],"about":[{"href":"https:\/\/taizyfarmequipment.com\/es\/wp-json\/wp\/v2\/types\/product"}],"author":[{"embeddable":true,"href":"https:\/\/taizyfarmequipment.com\/es\/wp-json\/wp\/v2\/users\/1"}],"wp:featuredmedia":[{"embeddable":true,"href":"https:\/\/taizyfarmequipment.com\/es\/wp-json\/wp\/v2\/media\/2661"}],"wp:attachment":[{"href":"https:\/\/taizyfarmequipment.com\/es\/wp-json\/wp\/v2\/media?parent=2658"}],"wp:term":[{"taxonomy":"post_tag","embeddable":true,"href":"https:\/\/taizyfarmequipment.com\/es\/wp-json\/wp\/v2\/tags?post=2658"},{"taxonomy":"product-type","embeddable":true,"href":"https:\/\/taizyfarmequipment.com\/es\/wp-json\/wp\/v2\/product-type?post=2658"}],"curies":[{"name":"wp","href":"https:\/\/api.w.org\/{rel}","templated":true}]}}