{"id":2783,"date":"2022-03-01T10:12:46","date_gmt":"2022-03-01T10:12:46","guid":{"rendered":"https:\/\/taizyfarmequipment.com\/"},"modified":"2025-11-26T15:47:21","modified_gmt":"2025-11-26T07:47:21","slug":"maquina-combinada-de-limpieza-y-descascarado-de-mani","status":"publish","type":"product","link":"https:\/\/taizyfarmequipment.com\/es\/product\/combined-peanut-shelling-and-cleaning-machine\/","title":{"rendered":"C\u00e1scara de man\u00ed | M\u00e1quina combinada de descascarado y limpieza de man\u00ed"},"content":{"rendered":"<div class=\"kk-star-ratings kksr-auto kksr-align-left kksr-valign-top\"     data-payload='{&quot;align&quot;:&quot;left&quot;,&quot;id&quot;:&quot;2783&quot;,&quot;slug&quot;:&quot;default&quot;,&quot;valign&quot;:&quot;top&quot;,&quot;ignore&quot;:&quot;&quot;,&quot;reference&quot;:&quot;auto&quot;,&quot;class&quot;:&quot;&quot;,&quot;count&quot;:&quot;25&quot;,&quot;legendonly&quot;:&quot;&quot;,&quot;readonly&quot;:&quot;&quot;,&quot;score&quot;:&quot;4.7&quot;,&quot;starsonly&quot;:&quot;&quot;,&quot;best&quot;:&quot;5&quot;,&quot;gap&quot;:&quot;5&quot;,&quot;greet&quot;:&quot;Rate this product&quot;,&quot;legend&quot;:&quot;4.7\\\/5 - (25 votos)&quot;,&quot;size&quot;:&quot;24&quot;,&quot;title&quot;:&quot;Peanut sheller | Combined peanut shelling and cleaning machine&quot;,&quot;width&quot;:&quot;133.8&quot;,&quot;_legend&quot;:&quot;{score}\\\/{best} - ({count} {votes})&quot;,&quot;font_factor&quot;:&quot;1.25&quot;}'>              <div class=\"kksr-stars\">      <div class=\"kksr-stars-inactive\">             <div class=\"kksr-star\" data-star=\"1\" style=\"padding-right: 5px\">               <div class=\"kksr-icon\" style=\"width: 24px; height: 24px;\"><\/div>         <\/div>             <div class=\"kksr-star\" data-star=\"2\" style=\"padding-right: 5px\">               <div class=\"kksr-icon\" style=\"width: 24px; height: 24px;\"><\/div>         <\/div>             <div class=\"kksr-star\" data-star=\"3\" style=\"padding-right: 5px\">               <div class=\"kksr-icon\" style=\"width: 24px; height: 24px;\"><\/div>         <\/div>             <div class=\"kksr-star\" data-star=\"4\" style=\"padding-right: 5px\">               <div class=\"kksr-icon\" style=\"width: 24px; height: 24px;\"><\/div>         <\/div>             <div class=\"kksr-star\" data-star=\"5\" style=\"padding-right: 5px\">               <div class=\"kksr-icon\" style=\"width: 24px; height: 24px;\"><\/div>         <\/div>     <\/div>      <div class=\"kksr-stars-active\" style=\"width: 133.8px;\">             <div class=\"kksr-star\" style=\"padding-right: 5px\">               <div class=\"kksr-icon\" style=\"width: 24px; height: 24px;\"><\/div>         <\/div>             <div class=\"kksr-star\" style=\"padding-right: 5px\">               <div class=\"kksr-icon\" style=\"width: 24px; height: 24px;\"><\/div>         <\/div>             <div class=\"kksr-star\" style=\"padding-right: 5px\">               <div class=\"kksr-icon\" style=\"width: 24px; height: 24px;\"><\/div>         <\/div>             <div class=\"kksr-star\" style=\"padding-right: 5px\">               <div class=\"kksr-icon\" style=\"width: 24px; height: 24px;\"><\/div>         <\/div>             <div class=\"kksr-star\" style=\"padding-right: 5px\">               <div class=\"kksr-icon\" style=\"width: 24px; height: 24px;\"><\/div>         <\/div>     <\/div> <\/div>                   <div class=\"kksr-legend\" style=\"font-size: 19.2px;\">             4,7\/5 - (25 votos)    <\/div>     <\/div>  <p class=\"translation-block\">Como uno de los principales cultivos oleaginosos del mundo, el cacahuete se cultiva en muchos pa\u00edses. Y la superficie de cultivo es grande. Y el cultivo a gran escala implica mucho trabajo y tiempo. Con el desarrollo continuo de la tecnolog\u00eda, la peladora de cacahuete se ha convertido en una ayudante para la agricultura de los agricultores. El uso de peladoras de cacahuete mejora en gran medida la eficiencia del trabajo. Y pela muy limpio. Y ahora hay diferentes modelos de unidades peladoras de cacahuete. Diferentes modelos tienen diferentes rendimientos. Adem\u00e1s de las peladoras de cacahuete, las <a href=\"https:\/\/www.agriculture-machine.com\/peanut-harvester\/\" target=\"_blank\" rel=\"noopener\">cosechadoras de cacahuete<\/a> y las <a href=\"https:\/\/taizyfarmequipment.com\/es\/producto-2\/recolector-de-mani\/\">recogedoras de cacahuete<\/a> tambi\u00e9n son buenos ayudantes para la agricultura cotidiana de las personas.<\/p>    <figure class=\"wp-block-embed is-type-video is-provider-youtube wp-block-embed-youtube wp-embed-aspect-16-9 wp-has-aspect-ratio\"><div class=\"wp-block-embed__wrapper\"> <iframe loading=\"lazy\" title=\"Equipo asequible para descascarar cacahuetes para su negocio #cacahuete #man\u00ed #c\u00e1scara #agricultura\" width=\"500\" height=\"281\" src=\"https:\/\/www.youtube.com\/embed\/yJV51sUT0kw?feature=oembed\" frameborder=\"0\" allow=\"accelerometer; autoplay; clipboard-write; encrypted-media; gyroscope; picture-in-picture; web-share\" referrerpolicy=\"strict-origin-when-cross-origin\" allowfullscreen><\/iframe> <\/div><figcaption class=\"wp-element-caption\">Video de funcionamiento de la c\u00e1scara de man\u00ed<\/figcaption><\/figure>    <h2 class=\"wp-block-heading\" id=\"h-what-is-combined-peanut-shelling-and-cleaning-machine\">\u00bfQu\u00e9 es la m\u00e1quina combinada de limpieza y descascarado de man\u00ed?<\/h2>    <p>Una m\u00e1quina combinada de limpieza y descascarado de man\u00ed es un equipo que separa las c\u00e1scaras y los granos de man\u00ed. Por lo general, la unidad descascaradora de man\u00ed incluye una m\u00e1quina limpiadora. La m\u00e1quina limpiadora es un dispositivo que elimina de antemano las impurezas del man\u00ed sin c\u00e1scara. Las impurezas son generalmente terrones, piedras, pl\u00e1ntulas de man\u00ed y hojas. La producci\u00f3n de la unidad de descascarado de man\u00ed es generalmente relativamente grande. Contamos con cuatro modelos de 6BHX-1500, 6BHX-3500, 6BHX-16000 y 6BHX-20000. Cada modelo maneja diferentes vol\u00famenes. Los clientes pueden elegir el modelo de m\u00e1quina que m\u00e1s les convenga seg\u00fan sus necesidades.<\/p>    <figure class=\"wp-block-image size-full\"><img loading=\"lazy\" decoding=\"async\" width=\"720\" height=\"540\" src=\"https:\/\/taizyfarmequipment.com\/wp-content\/uploads\/2022\/03\/04_720_540.jpg\" alt=\"\u00bfQu\u00e9 es la m\u00e1quina combinada de limpieza y descascarado de man\u00ed?\" class=\"wp-image-2785\" title=\"\u00bfQu\u00e9 es la m\u00e1quina combinada de limpieza y descascarado de man\u00ed?\" srcset=\"https:\/\/taizyfarmequipment.com\/wp-content\/uploads\/2022\/03\/04_720_540.jpg 720w, https:\/\/taizyfarmequipment.com\/wp-content\/uploads\/2022\/03\/04_720_540-300x225.jpg 300w\" sizes=\"auto, (max-width: 720px) 100vw, 720px\" \/><figcaption class=\"wp-element-caption\">\u00bfQu\u00e9 es la m\u00e1quina combinada de limpieza y descascarado de man\u00ed?<\/figcaption><\/figure>    <h2 class=\"wp-block-heading\">Tipo 1: Desgranadora de man\u00ed combinada 6BHX-1500<\/h2>    <p>En general, la m\u00e1quina combinada de limpieza y descascarado de man\u00ed 6BHX-1500 funciona con el limpiador. El producto final es mucho m\u00e1s limpio. Y es beneficioso prolongar la vida \u00fatil de la m\u00e1quina peladora. Cada desgranadora de man\u00ed tiene una criba y hay cribas con diferentes tama\u00f1os de malla. Por lo tanto, para recomendar pantallas adecuadas a los clientes, los clientes deben medir el ancho del cuerpo del man\u00ed. En circunstancias normales, la malla de la pantalla es de 7\/8\/9\/11 mm. Este modelo de desgranadora de man\u00ed requiere la instalaci\u00f3n de dos cribas. La potencia de este modelo es un motor el\u00e9ctrico. Este modelo de m\u00e1quina es el m\u00e1s peque\u00f1o comparado con otros modelos. Por lo tanto, la m\u00e1quina peladora de man\u00ed es de tama\u00f1o peque\u00f1o y liviana.<\/p>    <figure class=\"wp-block-image size-full\"><img loading=\"lazy\" decoding=\"async\" width=\"720\" height=\"540\" src=\"https:\/\/taizyfarmequipment.com\/wp-content\/uploads\/2022\/03\/03_\u526f\u672c-tuya_720_540-1.jpg\" alt=\"desgranadora de man\u00ed combinada\" class=\"wp-image-2787\" title=\"desgranadora de man\u00ed combinada\" srcset=\"https:\/\/taizyfarmequipment.com\/wp-content\/uploads\/2022\/03\/03_\u526f\u672c-tuya_720_540-1.jpg 720w, https:\/\/taizyfarmequipment.com\/wp-content\/uploads\/2022\/03\/03_\u526f\u672c-tuya_720_540-1-300x225.jpg 300w\" sizes=\"auto, (max-width: 720px) 100vw, 720px\" \/><figcaption class=\"wp-element-caption\">desgranadora de man\u00ed combinada<\/figcaption><\/figure>    <h3 class=\"wp-block-heading\">Par\u00e1metro t\u00e9cnico de la desgranadora y limpiadora de man\u00ed.<\/h3>    <figure class=\"wp-block-table\"><table><tbody><tr><td>Capacidad (kg\/h)<\/td><td>Tasa de bombardeo %<\/td><td>Tasa de rotura\u00a0%<\/td><td>Tasa de p\u00e9rdida<\/td><\/tr><tr><td>700-800<\/td><td>&gt;=99<\/td><td>&lt;=5<\/td><td>&lt;=0,5<\/td><\/tr><tr><td>Humedad de trabajo\u00a0%<\/td><td>Fuerza de motor<\/td><td>Peso (kg)<\/td><td>Tama\u00f1o de la m\u00e1quina<\/td><\/tr><tr><td>6,3&lt;=12<\/td><td>Nivel 2 1,5 kw\/nivel 4 3 kw<\/td><td>520<\/td><td>&nbsp;1500*1050*1460<\/td><\/tr><\/tbody><\/table><figcaption class=\"wp-element-caption\">par\u00e1metro de desgranadora y limpiadora de man\u00ed<\/figcaption><\/figure>    <h2 class=\"wp-block-heading\">Tipo 2: Desgranadora y limpiadora de man\u00ed combinada 6BHX-3500<\/h2>    <p>La m\u00e1quina combinada de limpieza y descascarado de man\u00ed 6BHX-3500 tiene una estructura similar al modelo 1500. Para la m\u00e1quina de limpieza, los clientes pueden elegir libremente seg\u00fan sus propias necesidades. Este modelo de m\u00e1quina puede equiparse con tres cribas. El tama\u00f1o de la pantalla debe determinarse de acuerdo con el tama\u00f1o del man\u00ed del cliente. La potencia de este tipo de m\u00e1quina es mayor que la del tipo 1500. La potencia de la m\u00e1quina es tambi\u00e9n el motor.<\/p>    <figure class=\"wp-block-image size-full\"><img loading=\"lazy\" decoding=\"async\" width=\"720\" height=\"540\" src=\"https:\/\/taizyfarmequipment.com\/wp-content\/uploads\/2022\/03\/212-tuya_720_540.jpg\" alt=\"desgranadora y limpiadora de man\u00ed combinada\" class=\"wp-image-2788\" title=\"desgranadora y limpiadora de man\u00ed combinada\" srcset=\"https:\/\/taizyfarmequipment.com\/wp-content\/uploads\/2022\/03\/212-tuya_720_540.jpg 720w, https:\/\/taizyfarmequipment.com\/wp-content\/uploads\/2022\/03\/212-tuya_720_540-300x225.jpg 300w\" sizes=\"auto, (max-width: 720px) 100vw, 720px\" \/><figcaption class=\"wp-element-caption\">desgranadora y limpiadora de man\u00ed combinada<\/figcaption><\/figure>    <h3 class=\"wp-block-heading\">Especificaciones t\u00e9cnicas de la m\u00e1quina de trillar man\u00ed<\/h3>    <figure class=\"wp-block-table\"><table><tbody><tr><td>Capacidad (kg\/h)<\/td><td>Tasa de bombardeo %<\/td><td>Tasa de rotura\u00a0%<\/td><td>Tasa de p\u00e9rdida<\/td><\/tr><tr><td>1500-2200<\/td><td>&gt;=99<\/td><td>&lt;=5<\/td><td>&lt;=0,5<\/td><\/tr><tr><td>Humedad de trabajo\u00a0%<\/td><td>Fuerza de motor<\/td><td>Peso (kg)<\/td><td>Tama\u00f1o de la m\u00e1quina<\/td><\/tr><tr><td>6,3&lt;=12<\/td><td>2 niveles 4 kw\/6 niveles 5,5 kw<\/td><td>1000<\/td><td>&nbsp;2500*1200*2450<\/td><\/tr><\/tbody><\/table><figcaption class=\"wp-element-caption\"> trilladora de man\u00ed<\/figcaption><\/figure>    <h2 class=\"wp-block-heading\">Tipo 3: Desgranadora de man\u00ed 6BHX-16000<\/h2>    <p>La m\u00e1quina combinada de limpieza y descascarado de man\u00ed 6BHX-16000 es un equipo cuya producci\u00f3n puede alcanzar 2500-3500 kg por hora. Se pueden procesar m\u00e1s cacahuetes a la vez. Este modelo puede equiparse con tres o cuatro mamparas. Debido a que el tama\u00f1o de cada pantalla es diferente, es conveniente pelar cacahuetes de diferentes tama\u00f1os y pelarlos de forma m\u00e1s limpia. Adem\u00e1s, puede reducir la tasa de trituraci\u00f3n del man\u00ed. La potencia de la m\u00e1quina para este modelo sigue siendo el motor.<\/p>    <figure class=\"wp-block-image size-full\"><img loading=\"lazy\" decoding=\"async\" width=\"720\" height=\"540\" src=\"https:\/\/taizyfarmequipment.com\/wp-content\/uploads\/2022\/03\/006-tuya_720_540.jpg\" alt=\"desgranadora de man\u00ed\" class=\"wp-image-2789\" title=\"desgranadora de man\u00ed\" srcset=\"https:\/\/taizyfarmequipment.com\/wp-content\/uploads\/2022\/03\/006-tuya_720_540.jpg 720w, https:\/\/taizyfarmequipment.com\/wp-content\/uploads\/2022\/03\/006-tuya_720_540-300x225.jpg 300w\" sizes=\"auto, (max-width: 720px) 100vw, 720px\" \/><figcaption class=\"wp-element-caption\">desgranadora de man\u00ed<\/figcaption><\/figure>    <h3 class=\"wp-block-heading\">Par\u00e1metro de la desgranadora de man\u00ed 6BHX-16000<\/h3>    <figure class=\"wp-block-table\"><table><tbody><tr><td>Capacidad (kg\/h)<\/td><td>Tasa de bombardeo %<\/td><td>Tasa de rotura\u00a0%<\/td><td>Tasa de p\u00e9rdida<\/td><\/tr><tr><td>2500-3500<\/td><td>&gt;=99<\/td><td>&lt;=5<\/td><td>&lt;=0,5<\/td><\/tr><tr><td>Humedad de trabajo\u00a0%<\/td><td>Fuerza de motor<\/td><td>Peso (kg)<\/td><td>Tama\u00f1o de la m\u00e1quina<\/td><\/tr><tr><td>6,3&lt;=12<\/td><td>2 niveles 11 kw\/6 niveles 11 kw\/6 niveles 4 kw<\/td><td>2300<\/td><td>&nbsp;2650*1690*3360<\/td><\/tr><\/tbody><\/table><figcaption class=\"wp-element-caption\">Desgranadora de man\u00ed 6BHX-16000<\/figcaption><\/figure>    <h2 class=\"wp-block-heading\">Tipo 4: Trilladora de man\u00ed 6BHX-20000<\/h2>    <p>La m\u00e1quina combinada de limpieza y desgranado de man\u00ed 6BHX-20000 es la m\u00e1quina combinada desgranadora de man\u00ed m\u00e1s grande. La estructura de este modelo es b\u00e1sicamente la misma que la de la desgranadora de man\u00ed 6BHX-16000. Instale dos o cuatro pantallas. Cada parte de la m\u00e1quina es impulsada por un motor. El \u00faltimo grano de man\u00ed est\u00e1 b\u00e1sicamente libre de impurezas porque, en el proceso de descascarado, existe un ventilador para extraer la c\u00e1scara del man\u00ed y las impurezas.<\/p>    <figure class=\"wp-block-image size-full is-resized\"><img loading=\"lazy\" decoding=\"async\" width=\"720\" height=\"540\" src=\"https:\/\/taizyfarmequipment.com\/wp-content\/uploads\/2022\/03\/060-tuya_720_540.jpg\" alt=\"trilladora de man\u00ed\" class=\"wp-image-2790\" style=\"width:720px;height:540px\" title=\"trilladora de man\u00ed\" srcset=\"https:\/\/taizyfarmequipment.com\/wp-content\/uploads\/2022\/03\/060-tuya_720_540.jpg 720w, https:\/\/taizyfarmequipment.com\/wp-content\/uploads\/2022\/03\/060-tuya_720_540-300x225.jpg 300w\" sizes=\"auto, (max-width: 720px) 100vw, 720px\" \/><figcaption class=\"wp-element-caption\">trilladora de man\u00ed<\/figcaption><\/figure>    <h3 class=\"wp-block-heading\">\u00bfCu\u00e1les son las especificaciones de la desgranadora de man\u00ed de gran rendimiento 6BHX-20000?<\/h3>    <figure class=\"wp-block-table\"><table><tbody><tr><td>Capacidad (kg\/h)<\/td><td>Tasa de bombardeo %<\/td><td>Tasa de rotura\u00a0%<\/td><td>Tasa de p\u00e9rdida<\/td><\/tr><tr><td>5000-8000<\/td><td>&gt;=99<\/td><td>&lt;=5<\/td><td>&lt;=0,5<\/td><\/tr><tr><td>Humedad de trabajo\u00a0%<\/td><td>Fuerza de motor<\/td><td>Peso (kg)<\/td><td>Tama\u00f1o de la m\u00e1quina<\/td><\/tr><tr><td>6,3&lt;=12<\/td><td>2 niveles 15 kw\/6 niveles 15 kw\/6 niveles 4 kw<\/td><td>2850<\/td><td>&nbsp;2750*1800*3360<\/td><\/tr><\/tbody><\/table><figcaption class=\"wp-element-caption\">Desgranadora de man\u00ed de gran rendimiento<\/figcaption><\/figure>    <h2 class=\"wp-block-heading\">\u00bfQu\u00e9 tal la estructura de la m\u00e1quina peladora autom\u00e1tica de man\u00ed?<\/h2>    <p>Los cuatro modelos de m\u00e1quinas combinadas de limpieza y descascarado de man\u00ed son similares en estructura. Incluye principalmente la salida de man\u00ed limpio, la entrada de man\u00ed, la salida de impurezas, el motor, el elevador de transporte, la caja de criba cerrada, la salida de los granos de man\u00ed, la caja de criba cerrada, las ruedas universales, etc.<\/p>    <figure class=\"wp-block-gallery has-nested-images columns-default is-cropped wp-block-gallery-2 is-layout-flex wp-block-gallery-is-layout-flex\"> <figure class=\"wp-block-image size-large\"><img loading=\"lazy\" decoding=\"async\" width=\"720\" height=\"540\" data-id=\"2791\" src=\"https:\/\/taizyfarmequipment.com\/wp-content\/uploads\/2022\/03\/02-tuya_720_540.jpg\" alt=\"\" class=\"wp-image-2791\" srcset=\"https:\/\/taizyfarmequipment.com\/wp-content\/uploads\/2022\/03\/02-tuya_720_540.jpg 720w, https:\/\/taizyfarmequipment.com\/wp-content\/uploads\/2022\/03\/02-tuya_720_540-300x225.jpg 300w\" sizes=\"auto, (max-width: 720px) 100vw, 720px\" \/><figcaption class=\"wp-element-caption\">estructura de la desgranadora de man\u00ed<\/figcaption><\/figure>    <figure class=\"wp-block-image size-large\"><img loading=\"lazy\" decoding=\"async\" width=\"720\" height=\"540\" data-id=\"2793\" src=\"https:\/\/taizyfarmequipment.com\/wp-content\/uploads\/2022\/03\/005-tuya_720_540.jpg\" alt=\"Estructura de la m\u00e1quina descascaradora de man\u00ed\" class=\"wp-image-2793\" title=\"Estructura de la m\u00e1quina descascaradora de man\u00ed\" srcset=\"https:\/\/taizyfarmequipment.com\/wp-content\/uploads\/2022\/03\/005-tuya_720_540.jpg 720w, https:\/\/taizyfarmequipment.com\/wp-content\/uploads\/2022\/03\/005-tuya_720_540-300x225.jpg 300w\" sizes=\"auto, (max-width: 720px) 100vw, 720px\" \/><figcaption class=\"wp-element-caption\">Estructura de la m\u00e1quina descascaradora de man\u00ed<\/figcaption><\/figure> <figcaption class=\"blocks-gallery-caption wp-element-caption\"> Estructura de la m\u00e1quina descascaradora autom\u00e1tica de man\u00ed.<\/figcaption><\/figure>    <h2 class=\"wp-block-heading\">El proceso de trabajo de la desgranadora de man\u00ed.<\/h2>    <p><\/p>    <p>1. En primer lugar, coloque el man\u00ed en la tolva de alimentaci\u00f3n de la m\u00e1quina de limpieza. Y la m\u00e1quina de limpieza eliminar\u00e1 la suciedad, las rocas, el polvo de hojas de man\u00ed y otras impurezas.<\/p>    <p>2. En segundo lugar, el man\u00ed ingresar\u00e1 a la m\u00e1quina descascaradora de man\u00ed a trav\u00e9s del elevador.<\/p>    <p>3. En tercer lugar, la descascaradora de man\u00ed descascarar\u00e1 el man\u00ed mediante la combinaci\u00f3n de una caja de malla cerrada y un ventilador especial.<\/p>    <p>4. Finalmente, despu\u00e9s de seleccionar y descascarar cuidadosamente, los granos de man\u00ed salen por el orificio de descarga.<\/p>    <figure class=\"wp-block-image size-full\"><img loading=\"lazy\" decoding=\"async\" width=\"720\" height=\"540\" src=\"https:\/\/taizyfarmequipment.com\/wp-content\/uploads\/2022\/03\/4-tuya_720_540.jpg\" alt=\"proceso de trabajo de la desgranadora de man\u00ed\" class=\"wp-image-2795\" title=\"proceso de trabajo de la desgranadora de man\u00ed\" srcset=\"https:\/\/taizyfarmequipment.com\/wp-content\/uploads\/2022\/03\/4-tuya_720_540.jpg 720w, https:\/\/taizyfarmequipment.com\/wp-content\/uploads\/2022\/03\/4-tuya_720_540-300x225.jpg 300w\" sizes=\"auto, (max-width: 720px) 100vw, 720px\" \/><figcaption class=\"wp-element-caption\">proceso de trabajo de la desgranadora de man\u00ed<\/figcaption><\/figure>    <h2 class=\"wp-block-heading\">Diferencias entre las cuatro desgranadoras de man\u00ed combinadas<\/h2>    <p>1. Los diferentes modelos tienen diferentes n\u00fameros de pantallas. El 1500 tiene dos pantallas, el 3500 tiene tres pantallas y el 16.000 y 20.000 tienen tres o cuatro pantallas. Cuanto mayor sea el n\u00famero de cribas, mayor ser\u00e1 la tasa de extracci\u00f3n y menor la tasa de trituraci\u00f3n.<\/p>    <p>2. El rendimiento de la m\u00e1quina combinada de limpieza y descascarado de man\u00ed es diferente. Cuanto m\u00e1s grande sea el modelo de desgranadora de man\u00ed, mayor ser\u00e1 el rendimiento.<\/p>    <p>3. La estructura combinada de la m\u00e1quina limpiadora y descascaradora de man\u00ed de diferentes modelos ser\u00e1 ligeramente diferente.<\/p>    <p>4. El tama\u00f1o del motor de la desgranadora de man\u00ed es diferente para cada modelo.<\/p>    <h2 class=\"wp-block-heading\">Caracter\u00edsticas de la m\u00e1quina para quitar c\u00e1scaras de man\u00ed.<\/h2>    <ol style=\"list-style-type:1\" class=\"wp-block-list\"> <li>La m\u00e1quina para quitar la c\u00e1scara del man\u00ed adopta principalmente el m\u00e9todo de pelado por rodillos. Este tipo de m\u00e9todo permitir\u00e1 que la trilladora de man\u00ed tenga un rendimiento estable y confiable y una larga vida \u00fatil.<\/li>    <li>Esta m\u00e1quina combinada de descascarado y limpieza de man\u00ed tambi\u00e9n tiene un buen efecto de pelado y alta productividad. Los man\u00edes que salen de la exportaci\u00f3n est\u00e1n b\u00e1sicamente libres de impurezas.<\/li>    <li>Baja tasa de p\u00e9rdidas y peque\u00f1a tasa de rotura. Adecuado para procesar man\u00ed de diversas especificaciones.<\/li> <\/ol>    <figure class=\"wp-block-image size-full\"><img loading=\"lazy\" decoding=\"async\" width=\"750\" height=\"554\" src=\"https:\/\/taizyfarmequipment.com\/wp-content\/uploads\/2022\/03\/\u6e90\u6587\u4ef6_07-tuya-tuya_750_554.jpg\" alt=\"m\u00e1quina para quitar la c\u00e1scara de man\u00ed\" class=\"wp-image-2796\" title=\"m\u00e1quina para quitar la c\u00e1scara de man\u00ed\" srcset=\"https:\/\/taizyfarmequipment.com\/wp-content\/uploads\/2022\/03\/\u6e90\u6587\u4ef6_07-tuya-tuya_750_554.jpg 750w, https:\/\/taizyfarmequipment.com\/wp-content\/uploads\/2022\/03\/\u6e90\u6587\u4ef6_07-tuya-tuya_750_554-300x222.jpg 300w\" sizes=\"auto, (max-width: 750px) 100vw, 750px\" \/><figcaption class=\"wp-element-caption\">m\u00e1quina para quitar la c\u00e1scara de man\u00ed<\/figcaption><\/figure>","protected":false},"excerpt":{"rendered":"<p>La m\u00e1quina combinada de limpieza y descascarado de man\u00ed puede descascarar man\u00ed limpiamente. Por lo general, la unidad descascaradora de man\u00ed funciona con una m\u00e1quina limpiadora.<\/p>","protected":false},"author":1,"featured_media":3139,"parent":0,"template":"","tags":[196,193,192,197,194,195,191],"product-type":[129],"class_list":["post-2783","product","type-product","status-publish","has-post-thumbnail","hentry","tag-automatic-peanut-shelling-machine","tag-combined-peanut-sheller","tag-combined-peanut-shelling-and-cleaning-machine","tag-features-of-the-peanut-shell-removing-machine","tag-groundnut-sheller-and-cleaner","tag-groundnut-threshing-machine","tag-peanut-sheller","product-type-thresher-and-sheller"],"_links":{"self":[{"href":"https:\/\/taizyfarmequipment.com\/es\/wp-json\/wp\/v2\/product\/2783","targetHints":{"allow":["GET"]}}],"collection":[{"href":"https:\/\/taizyfarmequipment.com\/es\/wp-json\/wp\/v2\/product"}],"about":[{"href":"https:\/\/taizyfarmequipment.com\/es\/wp-json\/wp\/v2\/types\/product"}],"author":[{"embeddable":true,"href":"https:\/\/taizyfarmequipment.com\/es\/wp-json\/wp\/v2\/users\/1"}],"wp:featuredmedia":[{"embeddable":true,"href":"https:\/\/taizyfarmequipment.com\/es\/wp-json\/wp\/v2\/media\/3139"}],"wp:attachment":[{"href":"https:\/\/taizyfarmequipment.com\/es\/wp-json\/wp\/v2\/media?parent=2783"}],"wp:term":[{"taxonomy":"post_tag","embeddable":true,"href":"https:\/\/taizyfarmequipment.com\/es\/wp-json\/wp\/v2\/tags?post=2783"},{"taxonomy":"product-type","embeddable":true,"href":"https:\/\/taizyfarmequipment.com\/es\/wp-json\/wp\/v2\/product-type?post=2783"}],"curies":[{"name":"wp","href":"https:\/\/api.w.org\/{rel}","templated":true}]}}