{"id":2798,"date":"2022-03-03T06:38:59","date_gmt":"2022-03-03T06:38:59","guid":{"rendered":"https:\/\/taizyfarmequipment.com\/"},"modified":"2024-02-02T16:47:07","modified_gmt":"2024-02-02T08:47:07","slug":"maquina-para-hacer-semola-de-maiz","status":"publish","type":"product","link":"https:\/\/taizyfarmequipment.com\/es\/product\/corn-grits-making-machine\/","title":{"rendered":"M\u00e1quina para fabricar s\u00e9mola de ma\u00edz \u4e28M\u00e1quina trituradora de harina de s\u00e9mola de ma\u00edz peque\u00f1a"},"content":{"rendered":"<div class=\"kk-star-ratings kksr-auto kksr-align-left kksr-valign-top\"     data-payload='{&quot;align&quot;:&quot;left&quot;,&quot;id&quot;:&quot;2798&quot;,&quot;slug&quot;:&quot;default&quot;,&quot;valign&quot;:&quot;top&quot;,&quot;ignore&quot;:&quot;&quot;,&quot;reference&quot;:&quot;auto&quot;,&quot;class&quot;:&quot;&quot;,&quot;count&quot;:&quot;8&quot;,&quot;legendonly&quot;:&quot;&quot;,&quot;readonly&quot;:&quot;&quot;,&quot;score&quot;:&quot;4.8&quot;,&quot;starsonly&quot;:&quot;&quot;,&quot;best&quot;:&quot;5&quot;,&quot;gap&quot;:&quot;5&quot;,&quot;greet&quot;:&quot;Rate this product&quot;,&quot;legend&quot;:&quot;4.8\\\/5 - (8 votos)&quot;,&quot;size&quot;:&quot;24&quot;,&quot;title&quot;:&quot;Corn grits making machine\u4e28Small maize grits flour grinding machine&quot;,&quot;width&quot;:&quot;136.7&quot;,&quot;_legend&quot;:&quot;{score}\\\/{best} - ({count} {votes})&quot;,&quot;font_factor&quot;:&quot;1.25&quot;}'>              <div class=\"kksr-stars\">      <div class=\"kksr-stars-inactive\">             <div class=\"kksr-star\" data-star=\"1\" style=\"padding-right: 5px\">               <div class=\"kksr-icon\" style=\"width: 24px; height: 24px;\"><\/div>         <\/div>             <div class=\"kksr-star\" data-star=\"2\" style=\"padding-right: 5px\">               <div class=\"kksr-icon\" style=\"width: 24px; height: 24px;\"><\/div>         <\/div>             <div class=\"kksr-star\" data-star=\"3\" style=\"padding-right: 5px\">               <div class=\"kksr-icon\" style=\"width: 24px; height: 24px;\"><\/div>         <\/div>             <div class=\"kksr-star\" data-star=\"4\" style=\"padding-right: 5px\">               <div class=\"kksr-icon\" style=\"width: 24px; height: 24px;\"><\/div>         <\/div>             <div class=\"kksr-star\" data-star=\"5\" style=\"padding-right: 5px\">               <div class=\"kksr-icon\" style=\"width: 24px; height: 24px;\"><\/div>         <\/div>     <\/div>      <div class=\"kksr-stars-active\" style=\"width: 136.7px;\">             <div class=\"kksr-star\" style=\"padding-right: 5px\">               <div class=\"kksr-icon\" style=\"width: 24px; height: 24px;\"><\/div>         <\/div>             <div class=\"kksr-star\" style=\"padding-right: 5px\">               <div class=\"kksr-icon\" style=\"width: 24px; height: 24px;\"><\/div>         <\/div>             <div class=\"kksr-star\" style=\"padding-right: 5px\">               <div class=\"kksr-icon\" style=\"width: 24px; height: 24px;\"><\/div>         <\/div>             <div class=\"kksr-star\" style=\"padding-right: 5px\">               <div class=\"kksr-icon\" style=\"width: 24px; height: 24px;\"><\/div>         <\/div>             <div class=\"kksr-star\" style=\"padding-right: 5px\">               <div class=\"kksr-icon\" style=\"width: 24px; height: 24px;\"><\/div>         <\/div>     <\/div> <\/div>                   <div class=\"kksr-legend\" style=\"font-size: 19.2px;\">             4,8\/5 - (8 votos)    <\/div>     <\/div>  <p>Las m\u00e1quinas para fabricar s\u00e9mola de ma\u00edz pueden procesar granos de ma\u00edz enteros en diferentes tama\u00f1os de part\u00edculas. El producto final suele ser s\u00e9mola de ma\u00edz y harina de ma\u00edz. En general, el tama\u00f1o de malla del producto terminado es ajustable. Por lo tanto, los clientes pueden ajustar la m\u00e1quina seg\u00fan sus propias necesidades para obtener un tama\u00f1o adecuado de granos de ma\u00edz.<\/p>    <p>La m\u00e1quina para fabricar s\u00e9mola de ma\u00edz tiene potentes funciones y puede completar una serie de procesos como limpieza, pelado, eliminaci\u00f3n de embriones, eliminaci\u00f3n de ra\u00edces, eliminaci\u00f3n del ombligo negro, trituraci\u00f3n, toma de arena, clasificaci\u00f3n, pulido, etc., del ma\u00edz al mismo tiempo. <\/p>    <p class=\"translation-block\">As\u00ed, los granos de ma\u00edz terminados son de color brillante y limpio y sin ombligo. Y pueden entrar directamente en supermercados y mercados mayoristas de cereales y aceites. Adem\u00e1s, tambi\u00e9n disponemos de la <a href=\"https:\/\/taizyfarmequipment.com\/es\/producto-2\/molino-de-martillos\/\">9FQ<\/a> que puede procesar diversos granos. <\/p>    <figure class=\"wp-block-embed is-type-video is-provider-youtube wp-block-embed-youtube wp-embed-aspect-16-9 wp-has-aspect-ratio\"><div class=\"wp-block-embed__wrapper\"> <iframe loading=\"lazy\" title=\"Saborea el sabor: Crea platos irresistibles con s\u00e9mola de ma\u00edz reci\u00e9n molida #corn #maize #grinding\" width=\"500\" height=\"281\" src=\"https:\/\/www.youtube.com\/embed\/gJ2bW_8b0Yw?start=8&#038;feature=oembed\" frameborder=\"0\" allow=\"accelerometer; autoplay; clipboard-write; encrypted-media; gyroscope; picture-in-picture; web-share\" referrerpolicy=\"strict-origin-when-cross-origin\" allowfullscreen><\/iframe> <\/div><figcaption class=\"wp-element-caption\">Video de funcionamiento de la m\u00e1quina para hacer s\u00e9mola de ma\u00edz<\/figcaption><\/figure>    <h2 class=\"wp-block-heading\">\u00bfQu\u00e9 tal nuestra m\u00e1quina para hacer s\u00e9mola de ma\u00edz?<\/h2>    <p>En la actualidad disponemos de una gama completa de modelos de m\u00e1quinas elaboradoras de s\u00e9mola de ma\u00edz. Son T1, T3, PH, PD2 y C2 respectivamente. Los diferentes modelos de m\u00e1quinas var\u00edan en potencia, rendimiento de la m\u00e1quina, tama\u00f1o y configuraci\u00f3n de la m\u00e1quina. Los clientes pueden elegir el modelo de m\u00e1quina adecuado seg\u00fan sus necesidades. <\/p>    <p>En general, nuestra m\u00e1quina trituradora de ma\u00edz puede producir tres tipos de productos terminados: s\u00e9mola de ma\u00edz grande, s\u00e9mola de ma\u00edz peque\u00f1a y harina de ma\u00edz.<\/p>    <p>Y entre ellos, nuestro modelo PD2 puede a\u00f1adir una m\u00e1quina de limpieza y un doble ascensor. El producto terminado producido por dicha combinaci\u00f3n de m\u00e1quinas es m\u00e1s limpio y productivo. El molinillo de s\u00e9mola de ma\u00edz tipo T3 est\u00e1 equipado con un cicl\u00f3n que puede eliminar eficazmente el salvado de ma\u00edz. <\/p>    <p>Entonces, cada modelo tiene sus caracter\u00edsticas. Antes de moler el ma\u00edz, los agricultores necesitan obtener granos de ma\u00edz. Y para un trabajo eficiente, utilizar una trilladora de ma\u00edz es una buena opci\u00f3n. Tambi\u00e9n tenemos muchos tipos de desgranadoras de ma\u00edz para su elecci\u00f3n.<\/p>    <figure class=\"wp-block-gallery has-nested-images columns-2 is-cropped wp-block-gallery-2 is-layout-flex wp-block-gallery-is-layout-flex\"> <figure class=\"wp-block-image size-large\"><img loading=\"lazy\" decoding=\"async\" width=\"720\" height=\"540\" data-id=\"2806\" src=\"https:\/\/taizyfarmequipment.com\/wp-content\/uploads\/2022\/03\/T11-tuya-tuya_720_540.jpg\" alt=\"M\u00e1quina para fabricar s\u00e9mola de ma\u00edz T1\" class=\"wp-image-2806\" title=\"M\u00e1quina para fabricar s\u00e9mola de ma\u00edz T1\" srcset=\"https:\/\/taizyfarmequipment.com\/wp-content\/uploads\/2022\/03\/T11-tuya-tuya_720_540.jpg 720w, https:\/\/taizyfarmequipment.com\/wp-content\/uploads\/2022\/03\/T11-tuya-tuya_720_540-300x225.jpg 300w\" sizes=\"auto, (max-width: 720px) 100vw, 720px\" \/><figcaption class=\"wp-element-caption\">M\u00e1quina para fabricar s\u00e9mola de ma\u00edz T1<\/figcaption><\/figure>    <figure class=\"wp-block-image size-large\"><img loading=\"lazy\" decoding=\"async\" width=\"720\" height=\"540\" data-id=\"2807\" src=\"https:\/\/taizyfarmequipment.com\/wp-content\/uploads\/2022\/03\/T33_720_540.jpg\" alt=\"Fresadora de harina de s\u00e9mola de ma\u00edz T3\" class=\"wp-image-2807\" title=\"Fresadora de harina de s\u00e9mola de ma\u00edz T3\" srcset=\"https:\/\/taizyfarmequipment.com\/wp-content\/uploads\/2022\/03\/T33_720_540.jpg 720w, https:\/\/taizyfarmequipment.com\/wp-content\/uploads\/2022\/03\/T33_720_540-300x225.jpg 300w\" sizes=\"auto, (max-width: 720px) 100vw, 720px\" \/><figcaption class=\"wp-element-caption\">Fresadora de harina de s\u00e9mola de ma\u00edz T3<\/figcaption><\/figure>    <figure class=\"wp-block-image size-large\"><img loading=\"lazy\" decoding=\"async\" width=\"720\" height=\"540\" data-id=\"2808\" src=\"https:\/\/taizyfarmequipment.com\/wp-content\/uploads\/2022\/03\/phH-tuya_720_540.jpg\" alt=\"Molinillo de ma\u00edz PH\" class=\"wp-image-2808\" title=\"Molinillo de ma\u00edz PH\" srcset=\"https:\/\/taizyfarmequipment.com\/wp-content\/uploads\/2022\/03\/phH-tuya_720_540.jpg 720w, https:\/\/taizyfarmequipment.com\/wp-content\/uploads\/2022\/03\/phH-tuya_720_540-300x225.jpg 300w\" sizes=\"auto, (max-width: 720px) 100vw, 720px\" \/><figcaption class=\"wp-element-caption\">Molinillo de ma\u00edz PH<\/figcaption><\/figure>    <figure class=\"wp-block-image size-large\"><img loading=\"lazy\" decoding=\"async\" width=\"720\" height=\"540\" data-id=\"2809\" src=\"https:\/\/taizyfarmequipment.com\/wp-content\/uploads\/2022\/03\/C22-tuya_720_540.jpg\" alt=\"M\u00e1quina para hacer s\u00e9mola de ma\u00edz C2\" class=\"wp-image-2809\" title=\"M\u00e1quina para hacer s\u00e9mola de ma\u00edz C2\" srcset=\"https:\/\/taizyfarmequipment.com\/wp-content\/uploads\/2022\/03\/C22-tuya_720_540.jpg 720w, https:\/\/taizyfarmequipment.com\/wp-content\/uploads\/2022\/03\/C22-tuya_720_540-300x225.jpg 300w\" sizes=\"auto, (max-width: 720px) 100vw, 720px\" \/><figcaption class=\"wp-element-caption\">M\u00e1quina para hacer s\u00e9mola de ma\u00edz C2<\/figcaption><\/figure> <figcaption class=\"blocks-gallery-caption wp-element-caption\">m\u00e1quina para hacer s\u00e9mola de ma\u00edz<\/figcaption><\/figure>    <h2 class=\"wp-block-heading\" id=\"h-type-1-t1-corn-grits-milling-machine\">Tipo 1: Fresadora de s\u00e9mola de ma\u00edz T1<\/h2>    <p>La potencia de la fresadora de s\u00e9mola de ma\u00edz T1 puede ser un motor el\u00e9ctrico o un motor di\u00e9sel. El flujo de trabajo de este modelo es pelar la piel primero y luego hacer la s\u00e9mola y la harina. <\/p>    <p>Una vez descascarados los granos de ma\u00edz, se convierten en grandes part\u00edculas lobuladas y se descargan por la salida. Despu\u00e9s de eso, el cliente debe abrir la parte de molienda y colocar los granos de ma\u00edz descascarados en la segunda entrada. <\/p>    <p>Y luego la m\u00e1quina lo procesar\u00e1 en tres formas diferentes de productos terminados. Tambi\u00e9n estaremos equipados con la potencia adecuada seg\u00fan la situaci\u00f3n concreta del cliente.<\/p>    <figure class=\"wp-block-image size-full is-resized\"><img loading=\"lazy\" decoding=\"async\" width=\"720\" height=\"540\" src=\"https:\/\/taizyfarmequipment.com\/wp-content\/uploads\/2022\/03\/20-tuya_720_540.jpg\" alt=\"Molinero de s\u00e9mola de ma\u00edz T1\" class=\"wp-image-2800\" title=\"Molinero de s\u00e9mola de ma\u00edz T1\" srcset=\"https:\/\/taizyfarmequipment.com\/wp-content\/uploads\/2022\/03\/20-tuya_720_540.jpg 720w, https:\/\/taizyfarmequipment.com\/wp-content\/uploads\/2022\/03\/20-tuya_720_540-300x225.jpg 300w\" sizes=\"auto, (max-width: 720px) 100vw, 720px\" \/><figcaption class=\"wp-element-caption\">Molinero de s\u00e9mola de ma\u00edz T1<\/figcaption><\/figure>    <h3 class=\"wp-block-heading\">Especificaci\u00f3n de la peque\u00f1a m\u00e1quina trituradora de harina de ma\u00edz<\/h3>    <figure class=\"wp-block-table\"><table><tbody><tr><td>Modelo<\/td><td>T1<\/td><\/tr><tr><td>pelado de maiz<\/td><td>350-450 kilos<\/td><\/tr><tr><td>Hacer s\u00e9mola de ma\u00edz<\/td><td>1000 kilos<\/td><\/tr><tr><td>Tensi\u00f3n nominal<\/td><td>380v<\/td><\/tr><tr><td>Fuerza<\/td><td>7,5 kw 4 polos<\/td><\/tr><tr><td>hacer harina de ma\u00edz<\/td><td>350 kilos<\/td><\/tr><tr><td>Eje de velocidad<\/td><td>1150 rpm<\/td><\/tr><\/tbody><\/table><figcaption class=\"wp-element-caption\"> Par\u00e1metro de la m\u00e1quina trituradora de harina de ma\u00edz a peque\u00f1a escala<\/figcaption><\/figure>    <h2 class=\"wp-block-heading\">Tipo 2: M\u00e1quina trituradora de harina de s\u00e9mola de ma\u00edz T3<\/h2>    <p>La m\u00e1quina para fabricar s\u00e9mola de ma\u00edz T3 funciona con dos motores. La m\u00e1quina peladora de ma\u00edz y s\u00e9mola de ma\u00edz pueden funcionar al mismo tiempo. Podemos empezar a pelar y hacer arena al mismo tiempo. Por lo tanto, la eficiencia del trabajo tambi\u00e9n es mayor. <\/p>    <p>Adem\u00e1s, este modelo de m\u00e1quina tambi\u00e9n est\u00e1 equipado con equipo de eliminaci\u00f3n de polvo. El equipo puede recolectar y descargar el salvado de ma\u00edz y el polvo generado durante el proceso de trabajo de la m\u00e1quina. Por tanto, el producto final tambi\u00e9n es m\u00e1s limpio e higi\u00e9nico.<\/p>    <figure class=\"wp-block-image size-full is-resized\"><img loading=\"lazy\" decoding=\"async\" width=\"720\" height=\"540\" src=\"https:\/\/taizyfarmequipment.com\/wp-content\/uploads\/2022\/03\/14-tuya_720_540.jpg\" alt=\"M\u00e1quina trituradora de ma\u00edz T3\" class=\"wp-image-2801\" title=\"M\u00e1quina trituradora de ma\u00edz T3\" srcset=\"https:\/\/taizyfarmequipment.com\/wp-content\/uploads\/2022\/03\/14-tuya_720_540.jpg 720w, https:\/\/taizyfarmequipment.com\/wp-content\/uploads\/2022\/03\/14-tuya_720_540-300x225.jpg 300w\" sizes=\"auto, (max-width: 720px) 100vw, 720px\" \/><figcaption class=\"wp-element-caption\">M\u00e1quina trituradora de ma\u00edz T3<\/figcaption><\/figure>    <h3 class=\"wp-block-heading\">\u00bfCu\u00e1les son los par\u00e1metros de la m\u00e1quina peladora y trituradora de s\u00e9mola de ma\u00edz?<\/h3>    <figure class=\"wp-block-table\"><table><tbody><tr><td>Modelo<\/td><td>T3<\/td><\/tr><tr><td>Fuerza<\/td><td>7,5 kilovatios +4 kw<\/td><\/tr><tr><td>Capacidad<\/td><td>300-400kg\/h<\/td><\/tr><tr><td>Tama\u00f1o<\/td><td>1400*2300*1300 mil\u00edmetros<\/td><\/tr><tr><td>Peso<\/td><td>680 kilogramos<\/td><\/tr><\/tbody><\/table><figcaption class=\"wp-element-caption\">Par\u00e1metros de la m\u00e1quina peladora y trituradora de s\u00e9mola de ma\u00edz.<\/figcaption><\/figure>    <h3 class=\"wp-block-heading\">Ventajas de la m\u00e1quina para fabricar s\u00e9mola de ma\u00edz T3<\/h3>    <p>1. El pelado de ma\u00edz y la s\u00e9mola de ma\u00edz se pueden realizar al mismo tiempo. No esperamos a que funcione el sistema de pelado para iniciar el sistema de triturado. Ahorre mano de obra y mejore la eficiencia.<\/p>    <p>2. La m\u00e1quina para fabricar s\u00e9mola de ma\u00edz est\u00e1 equipada con un cicl\u00f3n. As\u00ed el producto final ser\u00e1 m\u00e1s limpio y de mayor calidad.<\/p>    <h2 class=\"wp-block-heading\">Tipo 3: fabricante de s\u00e9mola de ma\u00edz PH<\/h2>    <p>Este modelo de m\u00e1quina para hacer s\u00e9mola de ma\u00edz es similar a la m\u00e1quina para hacer s\u00e9mola de ma\u00edz T3. La diferencia es que la m\u00e1quina no tiene dispositivo de eliminaci\u00f3n de polvo. Entonces el precio es relativamente barato. <\/p>    <p>Tiene las caracter\u00edsticas de tama\u00f1o reducido, alta eficiencia en el trabajo, ahorro de tiempo y mano de obra. Puede satisfacer las necesidades de la mayor\u00eda de los clientes.<\/p>    <figure class=\"wp-block-image size-full\"><img loading=\"lazy\" decoding=\"async\" width=\"720\" height=\"540\" src=\"https:\/\/taizyfarmequipment.com\/wp-content\/uploads\/2022\/03\/82-tuya_720_540.jpg\" alt=\"M\u00e1quina para fabricar s\u00e9mola de ma\u00edz PH\" class=\"wp-image-2802\" title=\"M\u00e1quina para fabricar s\u00e9mola de ma\u00edz PH\" srcset=\"https:\/\/taizyfarmequipment.com\/wp-content\/uploads\/2022\/03\/82-tuya_720_540.jpg 720w, https:\/\/taizyfarmequipment.com\/wp-content\/uploads\/2022\/03\/82-tuya_720_540-300x225.jpg 300w\" sizes=\"auto, (max-width: 720px) 100vw, 720px\" \/><figcaption class=\"wp-element-caption\">M\u00e1quina para fabricar s\u00e9mola de ma\u00edz PH<\/figcaption><\/figure>    <h3 class=\"wp-block-heading\">Especificaciones t\u00e9cnicas de la fresadora de s\u00e9mola de ma\u00edz agr\u00edcola.<\/h3>    <figure class=\"wp-block-table\"><table><tbody><tr><td>Modelo<\/td><td>PH<\/td><\/tr><tr><td>Capacidad<\/td><td>300 (kg\/h)<\/td><\/tr><tr><td>Fuerza<\/td><td>11(kilovatios)<\/td><\/tr><tr><td>Tama\u00f1o<\/td><td>200*130*65(cm)<\/td><\/tr><\/tbody><\/table><figcaption class=\"wp-element-caption\">especificaciones del tipo PH<\/figcaption><\/figure>    <h2 class=\"wp-block-heading\">Tipo 4: M\u00e1quina trituradora de harina de s\u00e9mola de ma\u00edz C2<\/h2>    <p>La m\u00e1quina trituradora de harina de s\u00e9mola de ma\u00edz C2 funciona igual que la m\u00e1quina para hacer s\u00e9mola de ma\u00edz PH. Tambi\u00e9n son similares en apariencia, con algunas diferencias. <\/p>    <p>Pero el precio de esta m\u00e1quina es menor. Los clientes pueden elegir la m\u00e1quina que m\u00e1s les convenga seg\u00fan su presupuesto.<\/p>    <figure class=\"wp-block-image size-full\"><img loading=\"lazy\" decoding=\"async\" width=\"720\" height=\"540\" src=\"https:\/\/taizyfarmequipment.com\/wp-content\/uploads\/2022\/03\/47-tuya_720_540.jpg\" alt=\"M\u00e1quina trituradora de ma\u00edz C2\" class=\"wp-image-2803\" title=\"M\u00e1quina trituradora de ma\u00edz C2\" srcset=\"https:\/\/taizyfarmequipment.com\/wp-content\/uploads\/2022\/03\/47-tuya_720_540.jpg 720w, https:\/\/taizyfarmequipment.com\/wp-content\/uploads\/2022\/03\/47-tuya_720_540-300x225.jpg 300w\" sizes=\"auto, (max-width: 720px) 100vw, 720px\" \/><figcaption class=\"wp-element-caption\">M\u00e1quina trituradora de ma\u00edz C2<\/figcaption><\/figure>    <h2 class=\"wp-block-heading\">Tipo 5: Fresadora de ma\u00edz PD2<\/h2>    <p>Este tipo de m\u00e1quina para fabricar s\u00e9mola de ma\u00edz es una unidad compuesta por un elevador doble y una m\u00e1quina para fabricar s\u00e9mola peladora de ma\u00edz. En concreto, consta de tres partes: tolva de alimentaci\u00f3n, elevador y pelado y elaboraci\u00f3n de s\u00e9mola. <\/p>    <p>Todo el proceso de procesamiento es un control totalmente autom\u00e1tico. La fresadora de ma\u00edz es f\u00e1cil de operar, lo que ahorra tiempo y esfuerzo. Tambi\u00e9n se puede combinar con una m\u00e1quina limpiadora, un sinf\u00edn transportador y un granero para formar una peque\u00f1a l\u00ednea de procesamiento de s\u00e9mola de ma\u00edz. <\/p>    <p>La m\u00e1quina limpiadora quitar\u00e1 la mazorca, las piedras y el moho del grano crudo. Luego, el sinf\u00edn transporta el grano limpio al granero. A continuaci\u00f3n, el elevador eleva el grano crudo a la m\u00e1quina procesadora para pelarlo, triturarlo y molerlo.<\/p>    <h3 class=\"wp-block-heading\">\u00bfCu\u00e1les son las especificaciones del molinillo de s\u00e9mola de ma\u00edz?<\/h3>    <figure class=\"wp-block-table\"><table><tbody><tr><td>Modelo<\/td><td>PD2<\/td><\/tr><tr><td>Fuerza<\/td><td>15kW<\/td><\/tr><tr><td>Capacidad<\/td><td>400kg\/h<\/td><\/tr><tr><td>Tama\u00f1o<\/td><td>265*125*320(cm)<\/td><\/tr><\/tbody><\/table><figcaption class=\"wp-element-caption\">Especificaciones del molinillo de s\u00e9mola de ma\u00edz.<\/figcaption><\/figure>    <h2 class=\"wp-block-heading\">Los principales componentes del molinillo de s\u00e9mola de ma\u00edz.<\/h2>    <p>Los cuatro modelos de m\u00e1quinas incluyen una tolva de materia prima de ma\u00edz, un motor el\u00e9ctrico o un motor di\u00e9sel, un sistema de pelado, un sistema de molienda, un orificio de descarga de s\u00e9mola de ma\u00edz grande, un orificio de descarga de s\u00e9mola de ma\u00edz mini, un orificio de descarga de harina de ma\u00edz, etc. Todos estos son modelos de componentes b\u00e1sicos de la m\u00e1quina. incluido. Cada modelo de m\u00e1quina tiene sus caracter\u00edsticas \u00fanicas.<\/p>    <figure class=\"wp-block-image size-full\"><img loading=\"lazy\" decoding=\"async\" width=\"720\" height=\"540\" src=\"https:\/\/taizyfarmequipment.com\/wp-content\/uploads\/2022\/03\/02-tuya_720_540-1.jpg\" alt=\"Componentes principales de la m\u00e1quina para fabricar s\u00e9mola de ma\u00edz.\" class=\"wp-image-2804\" title=\"componentes principales\" srcset=\"https:\/\/taizyfarmequipment.com\/wp-content\/uploads\/2022\/03\/02-tuya_720_540-1.jpg 720w, https:\/\/taizyfarmequipment.com\/wp-content\/uploads\/2022\/03\/02-tuya_720_540-1-300x225.jpg 300w\" sizes=\"auto, (max-width: 720px) 100vw, 720px\" \/><figcaption class=\"wp-element-caption\">Componentes principales de la m\u00e1quina para fabricar s\u00e9mola de ma\u00edz.<\/figcaption><\/figure>    <h2 class=\"wp-block-heading\">\u00bfCu\u00e1l es el flujo de trabajo de la fresadora de s\u00e9mola de ma\u00edz?<\/h2>   <div id=\"rank-math-howto\" class=\"rank-math-block\" > <div class=\"rank-math-howto-description\">  <\/div>  <div class=\"rank-math-steps\"> <div id=\"howto-step-1706860583608\" class=\"rank-math-step\"> <h3 class=\"rank-math-step-title\">1. <strong>Introducci\u00f3n de materia prima: inicio del proceso de elaboraci\u00f3n de s\u00e9mola de ma\u00edz<\/strong><\/h3> <div class=\"rank-math-step-content\"><p>Comience activando la m\u00e1quina para fabricar s\u00e9mola de ma\u00edz e introduciendo los granos de ma\u00edz en la tolva de materia prima. El sistema de pelado transforma estos granos de ma\u00edz en variantes m\u00e1s peque\u00f1as.<\/p> <\/div> <\/div> <div id=\"howto-step-1706860613790\" class=\"rank-math-step\"> <h3 class=\"rank-math-step-title\">2. <strong>Transformaci\u00f3n del sistema de molienda: refinaci\u00f3n de granos de ma\u00edz en formas variadas<\/strong><\/h3> <div class=\"rank-math-step-content\"><p>Avanzando hacia el sistema de molienda, los granos de ma\u00edz m\u00e1s peque\u00f1os se procesan. Una vez finalizado el sistema de molienda, los granos de ma\u00edz adoptan tres formas distintas: s\u00e9mola de ma\u00edz grande, s\u00e9mola de ma\u00edz peque\u00f1a y harina de ma\u00edz.<\/p> <\/div> <\/div> <div id=\"howto-step-1706860642329\" class=\"rank-math-step\"> <h3 class=\"rank-math-step-title\">3. <strong>Descarga de productos: producci\u00f3n diversificada de ma\u00edz desde tres puntos de venta<\/strong><\/h3> <div class=\"rank-math-step-content\"><p>La etapa final implica la descarga del ma\u00edz procesado en tres formas diferentes (s\u00e9mola de ma\u00edz grande, s\u00e9mola de ma\u00edz peque\u00f1a y harina de ma\u00edz) desde tres salidas separadas.<\/p> <\/div> <\/div> <\/div> <\/div>       <figure class=\"wp-block-image size-full\"><img loading=\"lazy\" decoding=\"async\" width=\"720\" height=\"540\" src=\"https:\/\/taizyfarmequipment.com\/wp-content\/uploads\/2022\/03\/482.jpg\" alt=\"productos terminados de molinero de ma\u00edz\" class=\"wp-image-2805\" title=\"productos terminados\" srcset=\"https:\/\/taizyfarmequipment.com\/wp-content\/uploads\/2022\/03\/482.jpg 720w, https:\/\/taizyfarmequipment.com\/wp-content\/uploads\/2022\/03\/482-300x225.jpg 300w\" sizes=\"auto, (max-width: 720px) 100vw, 720px\" \/><figcaption class=\"wp-element-caption\">productos terminados de molinero de ma\u00edz<\/figcaption><\/figure>    <h2 class=\"wp-block-heading\"><a href=\"https:\/\/www.eatingwell.com\/article\/7891738\/are-grits-healthy\/\" data-type=\"link\" data-id=\"https:\/\/www.eatingwell.com\/article\/7891738\/are-grits-healthy\/\" target=\"_blank\" rel=\"noopener\">Ventajas del ma\u00edz<\/a> pelador y molinillo<\/h2>    <p>1. F\u00e1cil de operar y de tama\u00f1o peque\u00f1o.<\/p>    <p>2. El grano y la cubierta de la semilla se separan combin\u00e1ndolos con la selecci\u00f3n del viento al mismo tiempo que se pela, lo que reduce en gran medida la tasa de rotura. Esto mejora m\u00e1s eficazmente la calidad del pelado y el rendimiento.<\/p>    <p>3. Una vez que al ma\u00edz se le ha quitado la c\u00e1scara dura y la parte del germen, se mejora el efecto de sabor comestible del ma\u00edz y se ampl\u00eda el \u00e1mbito de aplicaci\u00f3n del ma\u00edz.<\/p>    <p>4. La harina de ma\u00edz pelada se puede utilizar directamente para procesar fideos de ma\u00edz.<\/p>    <p>5. Es adecuado para pelar, romper, seleccionar aire y moler finamente trigo, arroz, ma\u00edz, sorgo y otros granos crudos en plantas procesadoras de granos y arroz peque\u00f1as y medianas.<\/p>    <p>6. El producto terminado procesado por la m\u00e1quina para pelar y fabricar s\u00e9mola de ma\u00edz puede ingresar directamente al supermercado y al mercado mayorista de granos y aceite.<\/p>    <figure class=\"wp-block-image size-full\"><img loading=\"lazy\" decoding=\"async\" width=\"720\" height=\"540\" src=\"https:\/\/taizyfarmequipment.com\/wp-content\/uploads\/2022\/10\/maize-grits-milling-machine-.jpg\" alt=\"m\u00e1quina para fabricar s\u00e9mola de ma\u00edz\" class=\"wp-image-3758\"\/><figcaption class=\"wp-element-caption\">m\u00e1quina para fabricar s\u00e9mola de ma\u00edz<\/figcaption><\/figure>    <h2 class=\"wp-block-heading\">Cont\u00e1ctenos<\/h2>    <p>Si busca una soluci\u00f3n de procesamiento de ma\u00edz confiable y eficiente que garantice resultados de alta calidad, nuestra m\u00e1quina para fabricar s\u00e9mola de ma\u00edz es la respuesta. <\/p>    <p>Cont\u00e1ctenos hoy para preguntar c\u00f3mo nuestra m\u00e1quina puede satisfacer sus necesidades de procesamiento \u00fanicas. Perm\u00edtanos potenciar su negocio con tecnolog\u00eda de punta y una eficiencia incomparable.<\/p>    <p><\/p>","protected":false},"excerpt":{"rendered":"<p>La m\u00e1quina para fabricar s\u00e9mola de ma\u00edz puede procesar granos de ma\u00edz enteros en diferentes tama\u00f1os de part\u00edculas. Y el producto final es s\u00e9mola de ma\u00edz y harina de ma\u00edz. <\/p>","protected":false},"author":1,"featured_media":3273,"parent":0,"template":"","tags":[173,170,172,166,171,168,174,167],"product-type":[130],"class_list":["post-2798","product","type-product","status-publish","has-post-thumbnail","hentry","tag-corn-grits-grinder","tag-corn-grits-maker","tag-corn-grits-making-machine-2","tag-corn-grits-milling-machine","tag-corn-peeling-and-grits-grinding-machine","tag-maize-grits-flour-grinding-machine","tag-maize-peeler-and-grinder","tag-small-maize-flour-grinding-machine","product-type-corn-grains-grinding-equipment"],"_links":{"self":[{"href":"https:\/\/taizyfarmequipment.com\/es\/wp-json\/wp\/v2\/product\/2798","targetHints":{"allow":["GET"]}}],"collection":[{"href":"https:\/\/taizyfarmequipment.com\/es\/wp-json\/wp\/v2\/product"}],"about":[{"href":"https:\/\/taizyfarmequipment.com\/es\/wp-json\/wp\/v2\/types\/product"}],"author":[{"embeddable":true,"href":"https:\/\/taizyfarmequipment.com\/es\/wp-json\/wp\/v2\/users\/1"}],"wp:featuredmedia":[{"embeddable":true,"href":"https:\/\/taizyfarmequipment.com\/es\/wp-json\/wp\/v2\/media\/3273"}],"wp:attachment":[{"href":"https:\/\/taizyfarmequipment.com\/es\/wp-json\/wp\/v2\/media?parent=2798"}],"wp:term":[{"taxonomy":"post_tag","embeddable":true,"href":"https:\/\/taizyfarmequipment.com\/es\/wp-json\/wp\/v2\/tags?post=2798"},{"taxonomy":"product-type","embeddable":true,"href":"https:\/\/taizyfarmequipment.com\/es\/wp-json\/wp\/v2\/product-type?post=2798"}],"curies":[{"name":"wp","href":"https:\/\/api.w.org\/{rel}","templated":true}]}}