{"id":3033,"date":"2022-03-23T09:01:15","date_gmt":"2022-03-23T09:01:15","guid":{"rendered":"https:\/\/taizyfarmequipment.com\/?post_type=product&#038;p=3033"},"modified":"2025-11-26T15:43:32","modified_gmt":"2025-11-26T07:43:32","slug":"trilladora-de-trigo-y-arroz","status":"publish","type":"product","link":"https:\/\/taizyfarmequipment.com\/es\/product\/thresher-machine-for-rice-wheat\/","title":{"rendered":"M\u00e1quina de trillar para arroz, trigo, ma\u00edz | Trilladora de soja"},"content":{"rendered":"<div class=\"kk-star-ratings kksr-auto kksr-align-left kksr-valign-top\"     data-payload='{&quot;align&quot;:&quot;left&quot;,&quot;id&quot;:&quot;3033&quot;,&quot;slug&quot;:&quot;default&quot;,&quot;valign&quot;:&quot;top&quot;,&quot;ignore&quot;:&quot;&quot;,&quot;reference&quot;:&quot;auto&quot;,&quot;class&quot;:&quot;&quot;,&quot;count&quot;:&quot;22&quot;,&quot;legendonly&quot;:&quot;&quot;,&quot;readonly&quot;:&quot;&quot;,&quot;score&quot;:&quot;4.7&quot;,&quot;starsonly&quot;:&quot;&quot;,&quot;best&quot;:&quot;5&quot;,&quot;gap&quot;:&quot;5&quot;,&quot;greet&quot;:&quot;Rate this product&quot;,&quot;legend&quot;:&quot;4.7\\\/5 - (22 votos)&quot;,&quot;size&quot;:&quot;24&quot;,&quot;title&quot;:&quot;Thresher machine for rice wheat corn | Soybean thresher&quot;,&quot;width&quot;:&quot;133.8&quot;,&quot;_legend&quot;:&quot;{score}\\\/{best} - ({count} {votes})&quot;,&quot;font_factor&quot;:&quot;1.25&quot;}'>              <div class=\"kksr-stars\">      <div class=\"kksr-stars-inactive\">             <div class=\"kksr-star\" data-star=\"1\" style=\"padding-right: 5px\">               <div class=\"kksr-icon\" style=\"width: 24px; height: 24px;\"><\/div>         <\/div>             <div class=\"kksr-star\" data-star=\"2\" style=\"padding-right: 5px\">               <div class=\"kksr-icon\" style=\"width: 24px; height: 24px;\"><\/div>         <\/div>             <div class=\"kksr-star\" data-star=\"3\" style=\"padding-right: 5px\">               <div class=\"kksr-icon\" style=\"width: 24px; height: 24px;\"><\/div>         <\/div>             <div class=\"kksr-star\" data-star=\"4\" style=\"padding-right: 5px\">               <div class=\"kksr-icon\" style=\"width: 24px; height: 24px;\"><\/div>         <\/div>             <div class=\"kksr-star\" data-star=\"5\" style=\"padding-right: 5px\">               <div class=\"kksr-icon\" style=\"width: 24px; height: 24px;\"><\/div>         <\/div>     <\/div>      <div class=\"kksr-stars-active\" style=\"width: 133.8px;\">             <div class=\"kksr-star\" style=\"padding-right: 5px\">               <div class=\"kksr-icon\" style=\"width: 24px; height: 24px;\"><\/div>         <\/div>             <div class=\"kksr-star\" style=\"padding-right: 5px\">               <div class=\"kksr-icon\" style=\"width: 24px; height: 24px;\"><\/div>         <\/div>             <div class=\"kksr-star\" style=\"padding-right: 5px\">               <div class=\"kksr-icon\" style=\"width: 24px; height: 24px;\"><\/div>         <\/div>             <div class=\"kksr-star\" style=\"padding-right: 5px\">               <div class=\"kksr-icon\" style=\"width: 24px; height: 24px;\"><\/div>         <\/div>             <div class=\"kksr-star\" style=\"padding-right: 5px\">               <div class=\"kksr-icon\" style=\"width: 24px; height: 24px;\"><\/div>         <\/div>     <\/div> <\/div>                   <div class=\"kksr-legend\" style=\"font-size: 19.2px;\">             4,7\/5 - (22 votos)    <\/div>     <\/div>  <p class=\"translation-block\">Hoy en d\u00eda, la mecanizaci\u00f3n agr\u00edcola est\u00e1 desarrollada y la m\u00e1quina trilladora para arroz y trigo se utiliza ampliamente. As\u00ed que procesamos los cultivos con una variedad de maquinaria para mejorar la eficiencia y la calidad del grano final. Por ejemplo el trigo com\u00fan y el ma\u00edz. Utilizar\u00edamos sembradoras de trigo y <a href=\"https:\/\/www.agriculture-machine.com\/corn-planter\/\" target=\"_blank\" rel=\"noopener\">sembradoras de ma\u00edz<\/a> para sembrar, y cuando los granos maduran usar\u00edamos cosechadoras para la siega. Y en la mayor\u00eda de los casos, los agricultores trillan el trigo y el ma\u00edz tras la cosecha. Por lo tanto, la trilladora tambi\u00e9n es una ayuda esencial para el agricultor. Hay muchos tipos de trilladoras en el mercado. En este art\u00edculo presentar\u00e9 nuestras trilladoras 5TD-50, 5TD-70, 5TD-90 y 5TD-125. Adem\u00e1s, tenemos una <a href=\"https:\/\/taizyfarmequipment.com\/es\/producto-2\/maquina-para-hacer-semola-de-maiz\/\">m\u00e1quina para fabricar s\u00e9mola de ma\u00edz<\/a> que puede usar para procesar granos de ma\u00edz en part\u00edculas.<\/p>    <h2 class=\"wp-block-heading\" id=\"h-what-is-the-thresher-machine-for-rice-wheat\">\u00bfQu\u00e9 es la trilladora de trigo y arroz?<\/h2>    <p>La m\u00e1quina trilladora puede separar los frutos y tallos de los granos cosechados. Y al mismo tiempo descargarlos por diferentes salidas. Esta m\u00e1quina trilladora de serie es una m\u00e1quina multifuncional. No s\u00f3lo puede procesar trigo, arroz, soja sino tambi\u00e9n ma\u00edz. Esta m\u00e1quina trilladora de trigo arroz es adecuada para zonas rurales, llanuras, zonas semimonta\u00f1osas y colinas. Y en cuanto a la potencia, la trilladora de soja puede funcionar con motor el\u00e9ctrico, di\u00e9sel y gasolina. Por lo tanto, la m\u00e1quina trilladora de trigo puede satisfacer los requisitos de fuentes de energ\u00eda de las diferentes regiones. Nuestras m\u00e1quinas tienen dos salidas de impurezas. Bigmouth saca grandes miscel\u00e1neos, peque\u00f1os agujeros sacan impurezas ligeras. Por tanto, las semillas de cereales tratadas contienen muy pocas impurezas. As\u00ed, los agricultores pueden almacenar el grano tras un proceso tambi\u00e9n sencillo.<\/p>    <figure class=\"wp-block-gallery has-nested-images columns-default is-cropped wp-block-gallery-2 is-layout-flex wp-block-gallery-is-layout-flex\"> <figure class=\"wp-block-image size-large\"><img loading=\"lazy\" decoding=\"async\" width=\"720\" height=\"540\" data-id=\"3035\" src=\"https:\/\/taizyfarmequipment.com\/wp-content\/uploads\/2022\/03\/stock-of-rice-thresher1.jpg\" alt=\"stock de trilladora de arroz\" class=\"wp-image-3035\" title=\"stock de trilladora de arroz\"\/><figcaption class=\"wp-element-caption\">stock de trilladora de arroz<\/figcaption><\/figure>    <figure class=\"wp-block-image size-large\"><img loading=\"lazy\" decoding=\"async\" width=\"720\" height=\"540\" data-id=\"3036\" src=\"https:\/\/taizyfarmequipment.com\/wp-content\/uploads\/2022\/03\/thresher-machine1.jpg\" alt=\"trilladora de trigo y arroz\" class=\"wp-image-3036\" title=\"trilladora de trigo y arroz\"\/><figcaption class=\"wp-element-caption\">trilladora de trigo y arroz<\/figcaption><\/figure> <figcaption class=\"blocks-gallery-caption wp-element-caption\">m\u00e1quina trilladora de arroz<\/figcaption><\/figure>    <h2 class=\"wp-block-heading\">\u00bfQu\u00e9 material puede procesar la trilladora de soja?<\/h2>    <p>Esta m\u00e1quina trilladora de arroz y trigo puede procesar varios granos comunes, como arroz (c\u00e1scara), trigo, soja, ma\u00edz, sorgo, etc. Pero solo la 5TD-50 puede trillar ma\u00edz al mismo tiempo. Otros modelos no pueden. Son m\u00e1quinas trilladoras multifuncionales.  <\/p>    <h2 class=\"wp-block-heading\">\u00bfCu\u00e1les son las partes principales de la m\u00e1quina trilladora de trigo?<\/h2>    <p>Muchas piezas componen la m\u00e1quina trilladora de trigo y arroz. Pero la parte m\u00e1s importante es la entrada, el dispositivo de trilla, la salida de grandes impurezas, la salida, el ventilador, el engranaje de transmisi\u00f3n, el dispositivo de potencia (motor el\u00e9ctrico, motor di\u00e9sel o de gasolina), etc.<\/p>    <h2 class=\"wp-block-heading\">Tipo 1: m\u00e1quina trilladora de arroz 5TD-50<\/h2>    <p>La m\u00e1quina trilladora 5TD-50 para arroz y trigo puede ser un motor el\u00e9ctrico, di\u00e9sel o de gasolina. La caracter\u00edstica m\u00e1s importante de esta m\u00e1quina es que puede trillar ma\u00edz. Y no es necesario reemplazar la criba al trillar otros granos. Es c\u00f3modo de usar.<\/p>    <figure class=\"wp-block-gallery has-nested-images columns-default is-cropped wp-block-gallery-3 is-layout-flex wp-block-gallery-is-layout-flex\"> <figure class=\"wp-block-image size-large\"><img loading=\"lazy\" decoding=\"async\" width=\"720\" height=\"540\" data-id=\"3037\" src=\"https:\/\/taizyfarmequipment.com\/wp-content\/uploads\/2022\/03\/paddy-thresher1.jpg\" alt=\"trilladora de arroz\" class=\"wp-image-3037\" title=\"trilladora de arroz\"\/><figcaption class=\"wp-element-caption\">trilladora de arroz<\/figcaption><\/figure>    <figure class=\"wp-block-image size-large\"><img loading=\"lazy\" decoding=\"async\" width=\"720\" height=\"540\" data-id=\"3038\" src=\"https:\/\/taizyfarmequipment.com\/wp-content\/uploads\/2022\/03\/thresher-for-wheat1.jpg\" alt=\"trilladora de trigo\" class=\"wp-image-3038\" title=\"trilladora de trigo\"\/><figcaption class=\"wp-element-caption\">trilladora de trigo<\/figcaption><\/figure> <figcaption class=\"blocks-gallery-caption wp-element-caption\">m\u00e1quina trilladora de arroz<\/figcaption><\/figure>    <h3 class=\"wp-block-heading\">Par\u00e1metro de la m\u00e1quina trilladora de mijo.<\/h3>    <figure class=\"wp-block-table\"><table><tbody><tr><td>Modelo<\/td><td>5TD-50<\/td><\/tr><tr><td>Fuerza<\/td><td>Motor de gasolina de 6 a 8 hp (di\u00e9sel) o motor de 2,2 a 3 kW<\/td><\/tr><tr><td>Velocidad de potencia<\/td><td><strong>2<\/strong>600-2800 rpm<\/td><\/tr><tr><td>Eje de velocidad<\/td><td>920-1000 rpm<\/td><\/tr><tr><td>Velocidad del ventilador<\/td><td>2100 rpm<\/td><\/tr><tr><td>Espacio de trilla (ajustable)<\/td><td>Espacio de entrada\u00a020-40 mm<\/td><\/tr><tr><td>Ranura de salida<\/td><td>5-10 mm<\/td><\/tr><tr><td>Capacidad<\/td><td>400-600 kg\/hora<\/td><\/tr><tr><td>Tama\u00f1o<\/td><td>150*136*86cm<\/td><\/tr><tr><td>Tama\u00f1o de paquete \u00fanico<\/td><td>105*95*100cm<\/td><\/tr><\/tbody><\/table><figcaption class=\"wp-element-caption\">Par\u00e1metro de la m\u00e1quina trilladora de mijo<\/figcaption><\/figure>    <h2 class=\"wp-block-heading\">Tipo 2: trilladora de trigo 5TD-70<\/h2>    <p>La m\u00e1quina trilladora para arroz y trigo 5TD-70 puede trillar soja, sorgo, trigo y arroz con c\u00e1scara, que no incluyen ma\u00edz. Y si necesita procesar la soja, personalizaremos la m\u00e1quina. Adem\u00e1s disponemos de diferentes cribas para trillar distintos granos. La potencia de este modelo puede ser el motor el\u00e9ctrico y el motor di\u00e9sel.<\/p>    <figure class=\"wp-block-gallery has-nested-images columns-default is-cropped wp-block-gallery-4 is-layout-flex wp-block-gallery-is-layout-flex\"> <figure class=\"wp-block-image size-large\"><img loading=\"lazy\" decoding=\"async\" width=\"720\" height=\"540\" data-id=\"3039\" src=\"https:\/\/taizyfarmequipment.com\/wp-content\/uploads\/2022\/03\/rice-thresher1.jpg\" alt=\"trilladora de arroz\" class=\"wp-image-3039\" title=\"trilladora de arroz\"\/><figcaption class=\"wp-element-caption\">trilladora de arroz<\/figcaption><\/figure>    <figure class=\"wp-block-image size-large\"><img loading=\"lazy\" decoding=\"async\" width=\"720\" height=\"540\" data-id=\"3040\" src=\"https:\/\/taizyfarmequipment.com\/wp-content\/uploads\/2022\/03\/grain-thresher1.jpg\" alt=\"trilladora de granos\" class=\"wp-image-3040\" title=\"trilladora de granos\"\/><figcaption class=\"wp-element-caption\">trilladora de granos<\/figcaption><\/figure> <figcaption class=\"blocks-gallery-caption wp-element-caption\">m\u00e1quina trilladora de trigo<\/figcaption><\/figure>    <h3 class=\"wp-block-heading\">Especificaci\u00f3n de la trilladora de semillas.<\/h3>    <figure class=\"wp-block-table\"><table><tbody><tr><td>Modelo<\/td><td>5TD-70<\/td><\/tr><tr><td>Fuerza<\/td><td>Motor di\u00e9sel de 12 a 15\u00a0hp o motor de 7,5 kW y 380 V<\/td><\/tr><tr><td>Peso<\/td><td>230 kilos<\/td><\/tr><tr><td>Eje de velocidad<\/td><td>1200 rpm<\/td><\/tr><tr><td>Velocidad del ventilador<\/td><td>2500 rpm<\/td><\/tr><tr><td>Capacidad<\/td><td>600-1000 kg\/h (arroz, trigo); 400-800 kg\/h (soja, sorgo)<\/td><\/tr><tr><td>Tama\u00f1o<\/td><td>1340*2030*1380 mil\u00edmetros<\/td><\/tr><tr><td>Tama\u00f1o de paquete \u00fanico<\/td><td>1050*850*1300cm<\/td><\/tr><\/tbody><\/table><figcaption class=\"wp-element-caption\">especificaciones de la trilladora de semillas<\/figcaption><\/figure>    <h2 class=\"wp-block-heading\">Tipo 3: trilladora moderna 5TD-90<\/h2>    <p>La trilladora de trigo y arroz 5TD-90 puede procesar el mismo material que el modelo 5TD-70. Si la m\u00e1quina est\u00e1 trillando soja, no es necesario personalizarla. Simplemente cambie la pantalla, puede trillar diferentes granos. Adem\u00e1s, esta moderna trilladora 5TD-90 puede equiparse con un motor el\u00e9ctrico y un motor di\u00e9sel.<\/p>    <figure class=\"wp-block-gallery has-nested-images columns-default is-cropped wp-block-gallery-5 is-layout-flex wp-block-gallery-is-layout-flex\"> <figure class=\"wp-block-image size-large\"><img loading=\"lazy\" decoding=\"async\" width=\"720\" height=\"540\" data-id=\"3046\" src=\"https:\/\/taizyfarmequipment.com\/wp-content\/uploads\/2022\/03\/modern-threshing-machine1.jpg\" alt=\"trilladora moderna\" class=\"wp-image-3046\" title=\"trilladora moderna\"\/><figcaption class=\"wp-element-caption\">trilladora moderna<\/figcaption><\/figure>    <figure class=\"wp-block-image size-large\"><img loading=\"lazy\" decoding=\"async\" width=\"720\" height=\"540\" data-id=\"3047\" src=\"https:\/\/taizyfarmequipment.com\/wp-content\/uploads\/2022\/03\/threshing-machine1.jpg\" alt=\"trilladora\" class=\"wp-image-3047\" title=\"trilladora\"\/><figcaption class=\"wp-element-caption\">trilladora<\/figcaption><\/figure> <figcaption class=\"blocks-gallery-caption wp-element-caption\">trilladora comercial<\/figcaption><\/figure>    <h3 class=\"wp-block-heading\">Informaci\u00f3n detallada sobre la trilladora de cereales.<\/h3>    <figure class=\"wp-block-table\"><table><tbody><tr><td>&nbsp;&nbsp;&nbsp;&nbsp;&nbsp;&nbsp;Modelo<\/td><td>&nbsp;&nbsp;&nbsp;&nbsp;&nbsp;&nbsp;&nbsp;5TD-90<\/td><\/tr><tr><td>Velocidad de rotaci\u00f3n del rodillo trillador<\/td><td>900-1040 rpm<\/td><\/tr><tr><td>Fuerza<\/td><td>Motor de 7,5 kw o motor di\u00e9sel de 12-15 HP<\/td><\/tr><tr><td>Formulario de compensaci\u00f3n<\/td><td>Tamiz vibratorio, gran ventilador<\/td><\/tr><tr><td>Frecuencia de vibraci\u00f3n<\/td><td>340<\/td><\/tr><tr><td>Velocidad de rotaci\u00f3n del ventilador<\/td><td>1040-1100 rpm<\/td><\/tr><tr><td>Di\u00e1metro\/longitud del tambor<\/td><td>D=520 mm (o 500); Largo=900mm<\/td><\/tr><tr><td>Amplitud de la criba vibratoria<\/td><td>30 mil\u00edmetros<\/td><\/tr><tr><td>Capacidad<\/td><td>800-1200 Kg\/h de arroz, trigo, mijo, sorgo, mijo africano, mijo perla y otros cereales;&nbsp;<\/td><\/tr><tr><td>Peso<\/td><td>260 Kg (sin incluir el peso del di\u00e9sel de los neum\u00e1ticos del chasis)<\/td><\/tr><tr><td>Tasa de rotura\uff08\uff05\uff09<\/td><td>\u22640,5<\/td><\/tr><tr><td>Tasa de impureza (%)<\/td><td>\u22641,0<\/td><\/tr><tr><td>Tama\u00f1o (incluye neum\u00e1tico y marco de tracci\u00f3n)<\/td><td>310*170*140cm<\/td><\/tr><\/tbody><\/table><figcaption class=\"wp-element-caption\">Informaci\u00f3n detallada de la trilladora de granos.<\/figcaption><\/figure>    <h2 class=\"wp-block-heading\">Tipo 4: Trilladora de sorgo 5TD-125<\/h2>    <p>La m\u00e1quina trilladora de arroz y trigo 5TD-125 es igual que la 5TD-70 en apariencia y funci\u00f3n. Pero la trilladora 5TD-125 tiene mayor rendimiento y tama\u00f1o. Adem\u00e1s, su potencia puede ser un motor el\u00e9ctrico o un motor di\u00e9sel.<\/p>    <figure class=\"wp-block-gallery has-nested-images columns-default is-cropped wp-block-gallery-6 is-layout-flex wp-block-gallery-is-layout-flex\"> <figure class=\"wp-block-image size-large\"><img loading=\"lazy\" decoding=\"async\" width=\"720\" height=\"540\" data-id=\"3052\" src=\"https:\/\/taizyfarmequipment.com\/wp-content\/uploads\/2022\/03\/paddy-thresher1-1.jpg\" alt=\"trilladora de arroz\" class=\"wp-image-3052\" title=\"trilladora de arroz\"\/><figcaption class=\"wp-element-caption\">trilladora de arroz<\/figcaption><\/figure>    <figure class=\"wp-block-image size-large\"><img loading=\"lazy\" decoding=\"async\" width=\"720\" height=\"540\" data-id=\"3053\" src=\"https:\/\/taizyfarmequipment.com\/wp-content\/uploads\/2022\/03\/sorghum-thresher1.jpg\" alt=\"trilladora de sorgo\" class=\"wp-image-3053\" title=\"trilladora de sorgo\"\/><figcaption class=\"wp-element-caption\">trilladora de sorgo<\/figcaption><\/figure> <figcaption class=\"blocks-gallery-caption wp-element-caption\">maquina trilladora para sorgo<\/figcaption><\/figure>    <h3 class=\"wp-block-heading\">\u00bfCu\u00e1l es la especificaci\u00f3n t\u00e9cnica de la trilladora de arroz?<\/h3>    <figure class=\"wp-block-table\"><table><tbody><tr><td>Modelo<\/td><td>5TD-125<\/td><\/tr><tr><td>Fuerza<\/td><td>Motor de 11-13kw o motor di\u00e9sel de 22HP<\/td><\/tr><tr><td>Peso<\/td><td>420 kg (sin incluir el peso del di\u00e9sel de los neum\u00e1ticos del chasis)<\/td><\/tr><tr><td>Eje de velocidad<\/td><td>1050 rpm<\/td><\/tr><tr><td>Tama\u00f1o<\/td><td>2500*1770*1550 mil\u00edmetros<\/td><\/tr><tr><td>Tama\u00f1o de paquete \u00fanico<\/td><td>1600*1200*1500cm<\/td><\/tr><tr><td>Velocidad del ventilador<\/td><td>2500 rpm<\/td><\/tr><tr><td>Capacidad<\/td><td>1000-1500 kg\/h (arroz, trigo), 600-800 kg\/h (soja)<\/td><\/tr><\/tbody><\/table><figcaption class=\"wp-element-caption\">Especificaciones t\u00e9cnicas de la trilladora de arroz.<\/figcaption><\/figure>    <h2 class=\"wp-block-heading\">Flujo de trabajo de la m\u00e1quina trilladora de soja.<\/h2>    <ol style=\"list-style-type:1\" class=\"wp-block-list\"> <li>En primer lugar, introduzca el grano con el tallo en la entrada.<\/li>    <li>En segundo lugar, el dispositivo de trilla frotar\u00e1 el grano.<\/li>    <li>Luego, el ventilador separar\u00e1 las impurezas del grano.<\/li>    <li>Finalmente, las impurezas y los granos se descargan por diferentes salidas.<\/li> <\/ol>    <h2 class=\"wp-block-heading\">Caracter\u00edsticas de la trilladora de trigo y arroz.<\/h2>    <ol style=\"list-style-type:1\" class=\"wp-block-list\"> <li>Operaci\u00f3n f\u00e1cil. En todo el proceso de uso de la m\u00e1quina trilladora de arroz y trigo, la gente s\u00f3lo necesita encender la m\u00e1quina y poner el grano en la m\u00e1quina. Y el producto final ser\u00e1 un grano limpio.<\/li>    <li>Las ventajas de una separaci\u00f3n limpia son peque\u00f1as p\u00e9rdidas y una alta tasa de eliminaci\u00f3n.<\/li>    <li>Amplio rango de uso. La m\u00e1quina trilladora para arroz y trigo puede trillar arroz (c\u00e1scara), trigo, soja, ma\u00edz, sorgo, mijo, etc. Especialmente, para trillar ma\u00edz. Nuestra nueva m\u00e1quina trilladora agrega capacidades de trilla de ma\u00edz que no estaban disponibles en m\u00e1quinas anteriores. Y no es necesario reemplazar la criba, sin importar qu\u00e9 tipo de granos se procesen.<\/li>    <li>Alta calidad y larga vida \u00fatil.<\/li> <\/ol>    <h2 class=\"wp-block-heading\">Env\u00edo de trilladora agr\u00edcola.<\/h2>    <p>Despu\u00e9s de a\u00f1os de desarrollo, hemos exportado trilladoras de arroz y trigo a muchos pa\u00edses extranjeros. Entre ellos, los pa\u00edses con m\u00e1s transacciones son Per\u00fa, Nigeria, Estados Unidos, Sierra Leona, Om\u00e1n, Ghana, Gambia, etc. Nuestra m\u00e1quina trilladora para arroz y trigo es de buena calidad y alta eficiencia de trabajo y es bien recibida por los clientes. A continuaci\u00f3n se muestran nuestras im\u00e1genes de entrega de paquetes.<\/p>    <figure class=\"wp-block-gallery has-nested-images columns-default is-cropped wp-block-gallery-7 is-layout-flex wp-block-gallery-is-layout-flex\"> <figure class=\"wp-block-image size-large\"><img loading=\"lazy\" decoding=\"async\" width=\"720\" height=\"540\" data-id=\"3054\" src=\"https:\/\/taizyfarmequipment.com\/wp-content\/uploads\/2022\/03\/packing-of-rapeseed-thresehr-1.jpg\" alt=\"embalaje de trilladora de colza\" class=\"wp-image-3054\" title=\"embalaje de trilladora de colza\"\/><figcaption class=\"wp-element-caption\">embalaje de trilladora de colza<\/figcaption><\/figure>    <figure class=\"wp-block-image size-large\"><img loading=\"lazy\" decoding=\"async\" width=\"720\" height=\"540\" data-id=\"3057\" src=\"https:\/\/taizyfarmequipment.com\/wp-content\/uploads\/2022\/03\/shipping-of-the-rice-thresher1.jpg\" alt=\"env\u00edo de la trilladora de arroz\" class=\"wp-image-3057\" title=\"env\u00edo de la trilladora de arroz\"\/><figcaption class=\"wp-element-caption\">env\u00edo de la trilladora de arroz<\/figcaption><\/figure> <figcaption class=\"blocks-gallery-caption wp-element-caption\">Env\u00edo de trilladora agr\u00edcola.<\/figcaption><\/figure>","protected":false},"excerpt":{"rendered":"<p>La m\u00e1quina trilladora de trigo y arroz puede procesar varios granos. No s\u00f3lo puede procesar trigo, arroz, soja sino tambi\u00e9n ma\u00edz.<\/p>","protected":false},"author":1,"featured_media":3034,"parent":0,"template":"","tags":[],"product-type":[129],"class_list":["post-3033","product","type-product","status-publish","has-post-thumbnail","hentry","product-type-thresher-and-sheller"],"_links":{"self":[{"href":"https:\/\/taizyfarmequipment.com\/es\/wp-json\/wp\/v2\/product\/3033","targetHints":{"allow":["GET"]}}],"collection":[{"href":"https:\/\/taizyfarmequipment.com\/es\/wp-json\/wp\/v2\/product"}],"about":[{"href":"https:\/\/taizyfarmequipment.com\/es\/wp-json\/wp\/v2\/types\/product"}],"author":[{"embeddable":true,"href":"https:\/\/taizyfarmequipment.com\/es\/wp-json\/wp\/v2\/users\/1"}],"wp:featuredmedia":[{"embeddable":true,"href":"https:\/\/taizyfarmequipment.com\/es\/wp-json\/wp\/v2\/media\/3034"}],"wp:attachment":[{"href":"https:\/\/taizyfarmequipment.com\/es\/wp-json\/wp\/v2\/media?parent=3033"}],"wp:term":[{"taxonomy":"post_tag","embeddable":true,"href":"https:\/\/taizyfarmequipment.com\/es\/wp-json\/wp\/v2\/tags?post=3033"},{"taxonomy":"product-type","embeddable":true,"href":"https:\/\/taizyfarmequipment.com\/es\/wp-json\/wp\/v2\/product-type?post=3033"}],"curies":[{"name":"wp","href":"https:\/\/api.w.org\/{rel}","templated":true}]}}