{"id":3080,"date":"2022-03-28T10:08:07","date_gmt":"2022-03-28T10:08:07","guid":{"rendered":"https:\/\/taizyfarmequipment.com\/?post_type=product&#038;p=3080"},"modified":"2025-04-30T17:43:32","modified_gmt":"2025-04-30T09:43:32","slug":"sembradora-de-maiz-de-4-hileras","status":"publish","type":"product","link":"https:\/\/taizyfarmequipment.com\/es\/product\/4-row-corn-planter\/","title":{"rendered":"Jardinera de ma\u00edz | Sembradora de ma\u00edz con fertilizante"},"content":{"rendered":"<div class=\"kk-star-ratings kksr-auto kksr-align-left kksr-valign-top\"     data-payload='{&quot;align&quot;:&quot;left&quot;,&quot;id&quot;:&quot;3080&quot;,&quot;slug&quot;:&quot;default&quot;,&quot;valign&quot;:&quot;top&quot;,&quot;ignore&quot;:&quot;&quot;,&quot;reference&quot;:&quot;auto&quot;,&quot;class&quot;:&quot;&quot;,&quot;count&quot;:&quot;20&quot;,&quot;legendonly&quot;:&quot;&quot;,&quot;readonly&quot;:&quot;&quot;,&quot;score&quot;:&quot;4.8&quot;,&quot;starsonly&quot;:&quot;&quot;,&quot;best&quot;:&quot;5&quot;,&quot;gap&quot;:&quot;5&quot;,&quot;greet&quot;:&quot;Rate this product&quot;,&quot;legend&quot;:&quot;4.8\\\/5 - (20 votos)&quot;,&quot;size&quot;:&quot;24&quot;,&quot;title&quot;:&quot;Corn planter | Corn seeder with fertilizer&quot;,&quot;width&quot;:&quot;136.7&quot;,&quot;_legend&quot;:&quot;{score}\\\/{best} - ({count} {votes})&quot;,&quot;font_factor&quot;:&quot;1.25&quot;}'>              <div class=\"kksr-stars\">      <div class=\"kksr-stars-inactive\">             <div class=\"kksr-star\" data-star=\"1\" style=\"padding-right: 5px\">               <div class=\"kksr-icon\" style=\"width: 24px; height: 24px;\"><\/div>         <\/div>             <div class=\"kksr-star\" data-star=\"2\" style=\"padding-right: 5px\">               <div class=\"kksr-icon\" style=\"width: 24px; height: 24px;\"><\/div>         <\/div>             <div class=\"kksr-star\" data-star=\"3\" style=\"padding-right: 5px\">               <div class=\"kksr-icon\" style=\"width: 24px; height: 24px;\"><\/div>         <\/div>             <div class=\"kksr-star\" data-star=\"4\" style=\"padding-right: 5px\">               <div class=\"kksr-icon\" style=\"width: 24px; height: 24px;\"><\/div>         <\/div>             <div class=\"kksr-star\" data-star=\"5\" style=\"padding-right: 5px\">               <div class=\"kksr-icon\" style=\"width: 24px; height: 24px;\"><\/div>         <\/div>     <\/div>      <div class=\"kksr-stars-active\" style=\"width: 136.7px;\">             <div class=\"kksr-star\" style=\"padding-right: 5px\">               <div class=\"kksr-icon\" style=\"width: 24px; height: 24px;\"><\/div>         <\/div>             <div class=\"kksr-star\" style=\"padding-right: 5px\">               <div class=\"kksr-icon\" style=\"width: 24px; height: 24px;\"><\/div>         <\/div>             <div class=\"kksr-star\" style=\"padding-right: 5px\">               <div class=\"kksr-icon\" style=\"width: 24px; height: 24px;\"><\/div>         <\/div>             <div class=\"kksr-star\" style=\"padding-right: 5px\">               <div class=\"kksr-icon\" style=\"width: 24px; height: 24px;\"><\/div>         <\/div>             <div class=\"kksr-star\" style=\"padding-right: 5px\">               <div class=\"kksr-icon\" style=\"width: 24px; height: 24px;\"><\/div>         <\/div>     <\/div> <\/div>                   <div class=\"kksr-legend\" style=\"font-size: 19.2px;\">             4,8\/5 - (20 votos)    <\/div>     <\/div>  <p class=\"translation-block\">Esta vers\u00e1til serie de <strong>sembradoras de ma\u00edz<\/strong> de Taizy est\u00e1 especialmente dise\u00f1ada para satisfacer diversas necesidades de siembra, ofreciendo m\u00faltiples modelos que incluyen configuraciones de 2 hileras, 3 hileras, 4 hileras, 5 hileras y 6 hileras\u2014ideal para explotaciones agr\u00edcolas peque\u00f1as, medianas y grandes. Estas m\u00e1quinas pueden realizar simult\u00e1neamente surcado, fertilizaci\u00f3n, siembra, cubrimiento y prensado, aumentando significativamente la eficiencia de siembra y reduciendo los costes de mano de obra. <\/p>    <p>Con profundidad de siembra ajustable, espaciamiento entre hileras y espaciamiento entre plantas, la sembradora de ma\u00edz es adecuada para varios cultivos como ma\u00edz, sorgo y frijoles. Compatible con tractores de 25 a 100 caballos de fuerza, la sembradora es una excelente opci\u00f3n para lograr una agricultura mecanizada eficiente.<\/p>    <figure class=\"wp-block-embed is-type-video is-provider-youtube wp-block-embed-youtube wp-embed-aspect-16-9 wp-has-aspect-ratio\"><div class=\"wp-block-embed__wrapper\"> <iframe loading=\"lazy\" title=\"M\u00e1quina de Plantaci\u00f3n de Ma\u00edz en Acci\u00f3n: Aumentando la Eficiencia de Plantaci\u00f3n #ma\u00edz #cultivo #agricultura\" width=\"500\" height=\"281\" src=\"https:\/\/www.youtube.com\/embed\/hHmbmFWSR3w?feature=oembed\" frameborder=\"0\" allow=\"accelerometer; autoplay; clipboard-write; encrypted-media; gyroscope; picture-in-picture; web-share\" referrerpolicy=\"strict-origin-when-cross-origin\" allowfullscreen><\/iframe> <\/div><figcaption class=\"wp-element-caption\">Video de funcionamiento de la sembradora de ma\u00edz<\/figcaption><\/figure>    <h2 class=\"wp-block-heading\">Varios tipos de m\u00e1quinas sembradoras de ma\u00edz<\/h2>    <p>Hoy en d\u00eda hay una amplia variedad de m\u00e1quinas para plantar ma\u00edz en el mercado. Como sembradoras de ma\u00edz de mano y sembradoras de ma\u00edz arrastradas por tractores. Entre ellas, las sembradoras de ma\u00edz arrastradas por tractores son adecuadas para el cultivo de ma\u00edz a gran escala. Porque los agricultores con grandes \u00e1reas de ma\u00edz elegir\u00e1n m\u00e1quinas de plantar ma\u00edz arrastradas por tractores.<\/p>    <p>Este modelo de m\u00e1quina sembradora de ma\u00edz puede sembrar varias hileras al mismo tiempo, con una alta eficiencia de trabajo. Adem\u00e1s de la funci\u00f3n de siembra, la m\u00e1quina tambi\u00e9n puede fertilizar mientras se siembra, ahorrando energ\u00eda a las personas para fertilizar.<\/p>    <figure class=\"wp-block-image size-full\"><img loading=\"lazy\" decoding=\"async\" width=\"720\" height=\"540\" src=\"https:\/\/taizyfarmequipment.com\/wp-content\/uploads\/2022\/03\/corn-planting-machine.webp\" alt=\"maquina sembradora de maiz\" class=\"wp-image-4535\" srcset=\"https:\/\/taizyfarmequipment.com\/wp-content\/uploads\/2022\/03\/corn-planting-machine.webp 720w, https:\/\/taizyfarmequipment.com\/wp-content\/uploads\/2022\/03\/corn-planting-machine-300x225.webp 300w, https:\/\/taizyfarmequipment.com\/wp-content\/uploads\/2022\/03\/corn-planting-machine-16x12.webp 16w\" sizes=\"auto, (max-width: 720px) 100vw, 720px\" \/><figcaption class=\"wp-element-caption\">maquina sembradora de maiz<\/figcaption><\/figure>    <h2 class=\"wp-block-heading\" id=\"h-brief-introduction-of-our-4-row-corn-planter\">Se vende maquina sembradora de maiz<\/h2>    <p class=\"translation-block\">Las sembradoras de ma\u00edz fabricadas por nuestra Taizy incluyen <a href=\"https:\/\/taizyfarmequipment.com\/es\/producto-2\/sembradora-de-maiz-de-mano\/\" data-type=\"link\" data-id=\"https:\/\/taizyfarmequipment.com\/product\/hand-held-corn-planter\/\">sembradoras de ma\u00edz de accionamiento manual<\/a> y sembradoras de ma\u00edz montadas en tractor.<\/p>    <p>Nuestra sembradora de ma\u00edz para tractor tiene 2,3,4,5,6,8 n\u00fameros de hilera diferentes. Y sus modelos son 2BYSF-2, 2BYSF-3, 2BYSF-4, 2BYSF-5, 2BYSF-6, 2BYSF-8.\u00a0Cuantas m\u00e1s l\u00edneas, mayor ser\u00e1 la eficiencia de trabajo de la m\u00e1quina y los clientes pueden elegir el n\u00famero de filas seg\u00fan sus necesidades.<\/p>    <figure class=\"wp-block-gallery has-nested-images columns-default is-cropped wp-block-gallery-2 is-layout-flex wp-block-gallery-is-layout-flex\"> <figure class=\"wp-block-image size-large\"><img loading=\"lazy\" decoding=\"async\" width=\"720\" height=\"540\" data-id=\"4533\" src=\"https:\/\/taizyfarmequipment.com\/wp-content\/uploads\/2022\/03\/corn-planter-machine.webp\" alt=\"maquina sembradora de maiz\" class=\"wp-image-4533\" srcset=\"https:\/\/taizyfarmequipment.com\/wp-content\/uploads\/2022\/03\/corn-planter-machine.webp 720w, https:\/\/taizyfarmequipment.com\/wp-content\/uploads\/2022\/03\/corn-planter-machine-300x225.webp 300w, https:\/\/taizyfarmequipment.com\/wp-content\/uploads\/2022\/03\/corn-planter-machine-16x12.webp 16w\" sizes=\"auto, (max-width: 720px) 100vw, 720px\" \/><figcaption class=\"wp-element-caption\">maquina sembradora de maiz<\/figcaption><\/figure>    <figure class=\"wp-block-image size-large\"><img loading=\"lazy\" decoding=\"async\" width=\"720\" height=\"540\" data-id=\"4534\" src=\"https:\/\/taizyfarmequipment.com\/wp-content\/uploads\/2022\/03\/Corn-seeder-machine.webp\" alt=\"maquina sembradora de maiz\" class=\"wp-image-4534\" srcset=\"https:\/\/taizyfarmequipment.com\/wp-content\/uploads\/2022\/03\/Corn-seeder-machine.webp 720w, https:\/\/taizyfarmequipment.com\/wp-content\/uploads\/2022\/03\/Corn-seeder-machine-300x225.webp 300w, https:\/\/taizyfarmequipment.com\/wp-content\/uploads\/2022\/03\/Corn-seeder-machine-16x12.webp 16w\" sizes=\"auto, (max-width: 720px) 100vw, 720px\" \/><figcaption class=\"wp-element-caption\">maquina sembradora de maiz<\/figcaption><\/figure> <\/figure>    <p>Este tipo de sembradora de ma\u00edz viene con una caja de fertilizante. El fertilizante se aplica al mismo tiempo que la siembra. En cuanto a la transmisi\u00f3n de potencia, la sembradora de ma\u00edz accionada por tractor es accionada por PTO. La m\u00e1quina es de alta calidad y tiene una larga vida \u00fatil. Los clientes no necesitan preocuparse por la calidad de la m\u00e1quina.<\/p>    <p class=\"translation-block\">Adem\u00e1s, tambi\u00e9n disponemos de <a href=\"https:\/\/taizyfarmequipment.com\/es\/producto-2\/sembradora-de-semillas-de-trigo\/\">sembradora de semillas de trigo<\/a>, que tambi\u00e9n puede sembrar m\u00faltiples hileras de trigo a la vez.<\/p>    <figure class=\"wp-block-image size-full\"><img loading=\"lazy\" decoding=\"async\" width=\"720\" height=\"540\" src=\"https:\/\/taizyfarmequipment.com\/wp-content\/uploads\/2022\/03\/wheat-planter-with-tractor.jpg\" alt=\"sembradora de trigo con tractor\" class=\"wp-image-3070\"\/><figcaption class=\"wp-element-caption\">sembradora de trigo con tractor<\/figcaption><\/figure>    <h2 class=\"wp-block-heading\">Estructura de la m\u00e1quina sembradora de ma\u00edz<\/h2>    <div class=\"wp-block-media-text is-stacked-on-mobile\"><figure class=\"wp-block-media-text__media\"><img loading=\"lazy\" decoding=\"async\" width=\"720\" height=\"540\" src=\"https:\/\/taizyfarmequipment.com\/wp-content\/uploads\/2022\/03\/4-row-corn-planters-structure2.jpg\" alt=\"Estructura de sembradora de ma\u00edz de 4 hileras.\" class=\"wp-image-3093 size-full\"\/><\/figure><div class=\"wp-block-media-text__content\"> <ul class=\"wp-block-list\"> <li>Caja de fertilizante. Contiene y dispensa fertilizante durante la siembra para mejorar la nutrici\u00f3n de los cultivos.<\/li>    <li>Caja de semillas de ma\u00edz. Almacena semillas de ma\u00edz para una siembra continua y eficiente.<\/li>    <li>Regulador de espacio entre hileras. Ajusta la distancia entre hileras para adaptarse a diferentes requisitos de espaciado de cultivos.<\/li>    <li>Regulador de distancia de semillas de ma\u00edz. Controla el espaciado entre semillas dentro de cada hilera para un crecimiento \u00f3ptimo de las plantas.<\/li>    <li>Apertura de zanjas. Crea surcos uniformes en el suelo para una colocaci\u00f3n precisa de las semillas.<\/li>    <li>Mecanismo de cubrir y presionar el suelo. Cubre las semillas con tierra y la presiona hacia abajo para asegurar un buen contacto con el suelo.<\/li>    <li>Dispositivo de reducci\u00f3n de vibraciones. Minimiza la vibraci\u00f3n operativa, mejorando la precisi\u00f3n de la siembra y la longevidad de la m\u00e1quina.<\/li> <\/ul> <\/div><\/div>    <h2 class=\"wp-block-heading\">\u00bfCu\u00e1l es el par\u00e1metro de la sembradora de ma\u00edz dulce?<\/h2>    <figure class=\"wp-block-table\"><table><tbody><tr><td>Modelo<\/td><td>2BYSF-2<\/td><td>2BYSF-3<\/td><td>2BYSF-4<\/td><td>2BYSF-5<\/td><td>2BYSF-6<\/td><td>2BYSF-8<\/td><\/tr><tr><td>Dimensiones generales (mm)<\/td><td>1570*1300*1200<\/td><td>1570*1700*1200<\/td><td>1620*2350*1200<\/td><td>1620*2750*1200<\/td><td>1620*3350*1200<\/td><td>1640*4600*1200<\/td><\/tr><tr><td>Filas<\/td><td>2<\/td><td>3<\/td><td>4<\/td><td>5<\/td><td>6<\/td><td>8<\/td><\/tr><tr><td>Espaciado entre filas (mm)<\/td><td>428-630<\/td><td>428-600<\/td><td>428-570<\/td><td>428-510<\/td><td>428-510<\/td><td>428-510<\/td><\/tr><tr><td>Profundidad de zanjeo (mm)<\/td><td>60-80<\/td><td>60-80<\/td><td>60-80<\/td><td>60-80<\/td><td>60-80<\/td><td>60-80<\/td><\/tr><tr><td>Profundidad de siembra(mm)<\/td><td>30-50<\/td><td>30-50<\/td><td>30-50<\/td><td>30-50<\/td><td>30-50<\/td><td>30-50<\/td><\/tr><tr><td>Capacidad del tanque de fertilizante (L)<\/td><td>42<\/td><td>68<\/td><td>86<\/td><td>86<\/td><td>86<\/td><td>86<\/td><\/tr><tr><td>Capacidad de caja de semillas (L)<\/td><td>8.5<\/td><td>8.5<\/td><td>8.5<\/td><td>8.5<\/td><td>8.5<\/td><td>8.5<\/td><\/tr><tr><td>Peso (kg)<\/td><td>140<\/td><td>190<\/td><td>270<\/td><td>300<\/td><td>350<\/td><td>490<\/td><\/tr><tr><td>Enlace<\/td><td>tres puntas<\/td><td>tres puntas<\/td><td>tres puntas<\/td><td>tres puntas<\/td><td>tres puntas<\/td><td>tres puntas<\/td><\/tr><tr><td>Potencia combinada (hp)<\/td><td>12-18<\/td><td>15-25<\/td><td>25-40<\/td><td>40-60<\/td><td>50-80<\/td><td>75-100<\/td><\/tr><\/tbody><\/table><figcaption class=\"wp-element-caption\">Par\u00e1metros de la m\u00e1quina de plantar ma\u00edz<\/figcaption><\/figure>    <figure class=\"wp-block-image size-full\"><img loading=\"lazy\" decoding=\"async\" width=\"720\" height=\"540\" src=\"https:\/\/taizyfarmequipment.com\/wp-content\/uploads\/2022\/03\/corn-seeding-machine.webp\" alt=\"maquina sembradora de maiz\" class=\"wp-image-4536\" srcset=\"https:\/\/taizyfarmequipment.com\/wp-content\/uploads\/2022\/03\/corn-seeding-machine.webp 720w, https:\/\/taizyfarmequipment.com\/wp-content\/uploads\/2022\/03\/corn-seeding-machine-300x225.webp 300w, https:\/\/taizyfarmequipment.com\/wp-content\/uploads\/2022\/03\/corn-seeding-machine-16x12.webp 16w\" sizes=\"auto, (max-width: 720px) 100vw, 720px\" \/><figcaption class=\"wp-element-caption\">maquina sembradora de maiz<\/figcaption><\/figure>    <h2 class=\"wp-block-heading\">\u00bfC\u00f3mo funciona la m\u00e1quina de plantar ma\u00edz?<\/h2>    <p>Durante la operaci\u00f3n de siembra, la potencia principal de la sembradora proviene del eje de toma de fuerza trasera del tractor. Bajo la tracci\u00f3n del tractor, el abridor abre una zanja de tierra para sembrar y fertilizar dentro de una profundidad preestablecida. <\/p>    <p>Debido a la acci\u00f3n de la fricci\u00f3n, la rueda de tierra rueda continuamente y pone en funcionamiento el medidor de semillas y el medidor de fertilizante, descargando semillas y fertilizantes en la zanja a trav\u00e9s de diferentes tuber\u00edas. Y luego utiliza el dispositivo de cobertura del suelo y el dispositivo de supresi\u00f3n para lograr que el suelo est\u00e9 cubierto y compacto.<\/p>    <figure class=\"wp-block-gallery has-nested-images columns-default is-cropped wp-block-gallery-3 is-layout-flex wp-block-gallery-is-layout-flex\"> <figure class=\"wp-block-image size-large\"><img loading=\"lazy\" decoding=\"async\" width=\"720\" height=\"540\" data-id=\"3083\" src=\"https:\/\/taizyfarmequipment.com\/wp-content\/uploads\/2022\/03\/corn-planter-1.jpg\" alt=\"Sembradora de ma\u00edz dulce de 4 hileras\" class=\"wp-image-3083\" title=\"Sembradora de ma\u00edz dulce de 4 hileras\"\/><figcaption class=\"wp-element-caption\">Sembradora de ma\u00edz dulce de 4 hileras<\/figcaption><\/figure>    <figure class=\"wp-block-image size-large\"><img loading=\"lazy\" decoding=\"async\" width=\"720\" height=\"540\" data-id=\"3084\" src=\"https:\/\/taizyfarmequipment.com\/wp-content\/uploads\/2022\/03\/sweet-corn-planter2.jpg\" alt=\"sembradora de ma\u00edz de 8 hileras\" class=\"wp-image-3084\" title=\"sembradora de ma\u00edz de 8 hileras\"\/><figcaption class=\"wp-element-caption\">sembradora de ma\u00edz de 8 hileras<\/figcaption><\/figure> <\/figure>    <h2 class=\"wp-block-heading\">Ventajas de la m\u00e1quina de plantar ma\u00edz<\/h2>    <div class=\"wp-block-media-text is-stacked-on-mobile\"><figure class=\"wp-block-media-text__media\"><img loading=\"lazy\" decoding=\"async\" width=\"720\" height=\"540\" src=\"https:\/\/taizyfarmequipment.com\/wp-content\/uploads\/2022\/03\/manufacturer-of-2-row-corn-planter1.jpg\" alt=\"fabricante de sembradora de ma\u00edz de 2 hileras\" class=\"wp-image-3089 size-full\"\/><\/figure><div class=\"wp-block-media-text__content\"> <ul class=\"wp-block-list\"> <li>Ahorra tiempo y mano de obra al completar la excavaci\u00f3n, siembra y fertilizaci\u00f3n en una sola operaci\u00f3n.<\/li>    <li>Soporta m\u00faltiples cultivos incluyendo ma\u00edz, frijoles y sorgo.<\/li>    <li>Espaciado de filas, espaciado de plantas y profundidad de siembra ajustables para adaptarse a diferentes condiciones de campo.<\/li>    <li>Asegura una distribuci\u00f3n uniforme de semillas y una profundidad de siembra consistente para mejores tasas de emergencia.<\/li>    <li>Siembra m\u00faltiples filas a la vez (disponible en modelos de 2, 3, 4, 5, 6 y 8 filas) para alta eficiencia.<\/li> <\/ul> <\/div><\/div>    <div class=\"wp-block-media-text has-media-on-the-right is-stacked-on-mobile\"><div class=\"wp-block-media-text__content\"> <ul class=\"wp-block-list\"> <li>Adecuado tanto para tierras planas como para campos previamente arados.<\/li>    <li>Estructura compacta y flexible que permite giros f\u00e1ciles y reduce el consumo de combustible.<\/li>    <li>Requiere menos potencia, lo que lo hace compatible con una gama m\u00e1s amplia de tractores.<\/li>    <li>Equipado con cajas de semillas y fertilizantes separadas para prevenir da\u00f1os del fertilizante a las semillas.<\/li>    <li>La siembra precisa reduce el desperdicio de semillas y mejora la calidad de las pl\u00e1ntulas.<\/li> <\/ul> <\/div><figure class=\"wp-block-media-text__media\"><img loading=\"lazy\" decoding=\"async\" width=\"720\" height=\"540\" src=\"https:\/\/taizyfarmequipment.com\/wp-content\/uploads\/2022\/03\/factory-of-corn-seeder1.jpg\" alt=\"fabrica de sembradora de maiz\" class=\"wp-image-3090 size-full\"\/><\/figure><\/div>    <h2 class=\"wp-block-heading\">Equipos para sembradoras de ma\u00edz enviados al extranjero<\/h2>    <p>Nuestro equipo de sembradoras de ma\u00edz se vende a menudo a Ghana, Zimbabue, Nigeria, Congo, M\u00e9xico, El Salvador, Burkina Faso y otros pa\u00edses. A continuaci\u00f3n se presentan las im\u00e1genes de embalaje y transporte para el env\u00edo a pa\u00edses extranjeros.<\/p>    <figure class=\"wp-block-gallery has-nested-images columns-2 is-cropped wp-block-gallery-4 is-layout-flex wp-block-gallery-is-layout-flex\"> <figure class=\"wp-block-image size-large\"><img loading=\"lazy\" decoding=\"async\" width=\"720\" height=\"540\" data-id=\"3085\" src=\"https:\/\/taizyfarmequipment.com\/wp-content\/uploads\/2022\/03\/wrap-film-4.jpg\" alt=\"M\u00e1quina de plantar ma\u00edz exportada\" class=\"wp-image-3085\"\/><figcaption class=\"wp-element-caption\">M\u00e1quina de plantar ma\u00edz exportada<\/figcaption><\/figure>    <figure class=\"wp-block-image size-large\"><img loading=\"lazy\" decoding=\"async\" width=\"720\" height=\"540\" data-id=\"3086\" src=\"https:\/\/taizyfarmequipment.com\/wp-content\/uploads\/2022\/03\/loading-2.jpg\" alt=\"cargando sembradora de ma\u00edz\" class=\"wp-image-3086\"\/><figcaption class=\"wp-element-caption\">cargando sembradora de ma\u00edz<\/figcaption><\/figure>    <figure class=\"wp-block-image size-large\"><img loading=\"lazy\" decoding=\"async\" width=\"720\" height=\"540\" data-id=\"3087\" src=\"https:\/\/taizyfarmequipment.com\/wp-content\/uploads\/2022\/03\/in-container1-.jpg\" alt=\"m\u00e1quina de plantar ma\u00edz en contenedor\" class=\"wp-image-3087\"\/><figcaption class=\"wp-element-caption\">m\u00e1quina de plantar ma\u00edz en contenedor<\/figcaption><\/figure>    <figure class=\"wp-block-image size-large\"><img loading=\"lazy\" decoding=\"async\" width=\"720\" height=\"540\" data-id=\"3088\" src=\"https:\/\/taizyfarmequipment.com\/wp-content\/uploads\/2022\/03\/shipping-3.jpg\" alt=\"env\u00edo de sembradora de ma\u00edz\" class=\"wp-image-3088\"\/><figcaption class=\"wp-element-caption\">env\u00edo de sembradora de ma\u00edz<\/figcaption><\/figure> <\/figure>    <h2 class=\"wp-block-heading\">Invierta en nuestra m\u00e1quina sembradora de ma\u00edz<\/h2>    <p class=\"translation-block\">Elegir nuestra <a href=\"https:\/\/en.wikipedia.org\/wiki\/Corn\" data-type=\"link\" data-id=\"https:\/\/en.wikipedia.org\/wiki\/Corn\" target=\"_blank\" rel=\"noopener\">ma\u00edz<\/a> sembradora es la decisi\u00f3n \u00f3ptima para mejorar la eficiencia de producci\u00f3n y agilizar su proceso de siembra. Reconocido por su tecnolog\u00eda de siembra eficiente y precisa, y su manejo f\u00e1cil de usar, nuestro equipo ofrece un apoyo fiable para sus labores agr\u00edcolas.<\/p>    <p>P\u00f3ngase en contacto con nuestro equipo de ventas ahora para conocer m\u00e1s detalles y obtener una cotizaci\u00f3n. \u00a1El\u00edjanos y observe c\u00f3mo prospera su producci\u00f3n agr\u00edcola!<\/p>    <figure class=\"wp-block-gallery has-nested-images columns-default is-cropped wp-block-gallery-5 is-layout-flex wp-block-gallery-is-layout-flex\"> <figure class=\"wp-block-image size-large\"><img loading=\"lazy\" decoding=\"async\" width=\"720\" height=\"540\" data-id=\"3091\" src=\"https:\/\/taizyfarmequipment.com\/wp-content\/uploads\/2022\/03\/6-row-corn-planter1.jpg\" alt=\"sembradora de ma\u00edz de 6 hileras\" class=\"wp-image-3091\" title=\"sembradora de ma\u00edz de 6 hileras\"\/><figcaption class=\"wp-element-caption\">sembradora de ma\u00edz de 6 hileras<\/figcaption><\/figure>    <figure class=\"wp-block-image size-large\"><img loading=\"lazy\" decoding=\"async\" width=\"720\" height=\"540\" data-id=\"3092\" src=\"https:\/\/taizyfarmequipment.com\/wp-content\/uploads\/2022\/03\/corn-planter-with-fertilizer1.jpg\" alt=\"sembradora de ma\u00edz con fertilizante\" class=\"wp-image-3092\" title=\"sembradora de ma\u00edz con fertilizante\"\/><figcaption class=\"wp-element-caption\">sembradora de ma\u00edz con fertilizante<\/figcaption><\/figure> <\/figure>","protected":false},"excerpt":{"rendered":"<p>Esta vers\u00e1til serie de sembradoras de ma\u00edz de Taizy est\u00e1 especialmente dise\u00f1ada para satisfacer diversas necesidades de siembra, ofreciendo m\u00faltiples modelos que incluyen configuraciones de 2 filas, 3 filas, 4 filas, 5 filas y 6 filas, ideales para granjas peque\u00f1as, medianas y grandes.<\/p>","protected":false},"author":1,"featured_media":3081,"parent":0,"template":"","tags":[236,240,241,243,238],"product-type":[235],"class_list":["post-3080","product","type-product","status-publish","has-post-thumbnail","hentry","tag-corn-planter","tag-corn-planter-for-sale","tag-corn-planter-for-tractor","tag-corn-seeder-with-fertilizer","tag-sweet-corn-planter","product-type-planter"],"_links":{"self":[{"href":"https:\/\/taizyfarmequipment.com\/es\/wp-json\/wp\/v2\/product\/3080","targetHints":{"allow":["GET"]}}],"collection":[{"href":"https:\/\/taizyfarmequipment.com\/es\/wp-json\/wp\/v2\/product"}],"about":[{"href":"https:\/\/taizyfarmequipment.com\/es\/wp-json\/wp\/v2\/types\/product"}],"author":[{"embeddable":true,"href":"https:\/\/taizyfarmequipment.com\/es\/wp-json\/wp\/v2\/users\/1"}],"wp:featuredmedia":[{"embeddable":true,"href":"https:\/\/taizyfarmequipment.com\/es\/wp-json\/wp\/v2\/media\/3081"}],"wp:attachment":[{"href":"https:\/\/taizyfarmequipment.com\/es\/wp-json\/wp\/v2\/media?parent=3080"}],"wp:term":[{"taxonomy":"post_tag","embeddable":true,"href":"https:\/\/taizyfarmequipment.com\/es\/wp-json\/wp\/v2\/tags?post=3080"},{"taxonomy":"product-type","embeddable":true,"href":"https:\/\/taizyfarmequipment.com\/es\/wp-json\/wp\/v2\/product-type?post=3080"}],"curies":[{"name":"wp","href":"https:\/\/api.w.org\/{rel}","templated":true}]}}