{"id":3095,"date":"2022-03-29T08:32:50","date_gmt":"2022-03-29T08:32:50","guid":{"rendered":"https:\/\/taizyfarmequipment.com\/?post_type=product&#038;p=3095"},"modified":"2025-12-23T17:44:56","modified_gmt":"2025-12-23T09:44:56","slug":"trilladora-multigrano","status":"publish","type":"product","link":"https:\/\/taizyfarmequipment.com\/es\/product\/multi-grain-thresher\/","title":{"rendered":"Trilladora autom\u00e1tica multigrano para ma\u00edz, mijo, sorgo, soja"},"content":{"rendered":"<div class=\"kk-star-ratings kksr-auto kksr-align-left kksr-valign-top\"     data-payload='{&quot;align&quot;:&quot;left&quot;,&quot;id&quot;:&quot;3095&quot;,&quot;slug&quot;:&quot;default&quot;,&quot;valign&quot;:&quot;top&quot;,&quot;ignore&quot;:&quot;&quot;,&quot;reference&quot;:&quot;auto&quot;,&quot;class&quot;:&quot;&quot;,&quot;count&quot;:&quot;7&quot;,&quot;legendonly&quot;:&quot;&quot;,&quot;readonly&quot;:&quot;&quot;,&quot;score&quot;:&quot;4.8&quot;,&quot;starsonly&quot;:&quot;&quot;,&quot;best&quot;:&quot;5&quot;,&quot;gap&quot;:&quot;5&quot;,&quot;greet&quot;:&quot;Rate this product&quot;,&quot;legend&quot;:&quot;4.8\\\/5 - (7 votos)&quot;,&quot;size&quot;:&quot;24&quot;,&quot;title&quot;:&quot;Automatic multi grain thresher for corn millet sorghum soybeans&quot;,&quot;width&quot;:&quot;136.7&quot;,&quot;_legend&quot;:&quot;{score}\\\/{best} - ({count} {votes})&quot;,&quot;font_factor&quot;:&quot;1.25&quot;}'>              <div class=\"kksr-stars\">      <div class=\"kksr-stars-inactive\">             <div class=\"kksr-star\" data-star=\"1\" style=\"padding-right: 5px\">               <div class=\"kksr-icon\" style=\"width: 24px; height: 24px;\"><\/div>         <\/div>             <div class=\"kksr-star\" data-star=\"2\" style=\"padding-right: 5px\">               <div class=\"kksr-icon\" style=\"width: 24px; height: 24px;\"><\/div>         <\/div>             <div class=\"kksr-star\" data-star=\"3\" style=\"padding-right: 5px\">               <div class=\"kksr-icon\" style=\"width: 24px; height: 24px;\"><\/div>         <\/div>             <div class=\"kksr-star\" data-star=\"4\" style=\"padding-right: 5px\">               <div class=\"kksr-icon\" style=\"width: 24px; height: 24px;\"><\/div>         <\/div>             <div class=\"kksr-star\" data-star=\"5\" style=\"padding-right: 5px\">               <div class=\"kksr-icon\" style=\"width: 24px; height: 24px;\"><\/div>         <\/div>     <\/div>      <div class=\"kksr-stars-active\" style=\"width: 136.7px;\">             <div class=\"kksr-star\" style=\"padding-right: 5px\">               <div class=\"kksr-icon\" style=\"width: 24px; height: 24px;\"><\/div>         <\/div>             <div class=\"kksr-star\" style=\"padding-right: 5px\">               <div class=\"kksr-icon\" style=\"width: 24px; height: 24px;\"><\/div>         <\/div>             <div class=\"kksr-star\" style=\"padding-right: 5px\">               <div class=\"kksr-icon\" style=\"width: 24px; height: 24px;\"><\/div>         <\/div>             <div class=\"kksr-star\" style=\"padding-right: 5px\">               <div class=\"kksr-icon\" style=\"width: 24px; height: 24px;\"><\/div>         <\/div>             <div class=\"kksr-star\" style=\"padding-right: 5px\">               <div class=\"kksr-icon\" style=\"width: 24px; height: 24px;\"><\/div>         <\/div>     <\/div> <\/div>                   <div class=\"kksr-legend\" style=\"font-size: 19.2px;\">             4,8\/5 - (7 votos)    <\/div>     <\/div>  <p class=\"translation-block\">La <strong>m\u00e1quina trilladora de m\u00faltiples granos<\/strong> es una m\u00e1quina agr\u00edcola vers\u00e1til para el procesamiento de cereales y legumbres, incluyendo ma\u00edz, mijo, sorgo y soja. Reduce significativamente el trabajo manual y mejora la eficiencia de la cosecha al separar autom\u00e1ticamente los granos de las c\u00e1scaras y las impurezas con un m\u00ednimo de entrada. <\/p>    <p class=\"translation-block\">El producto est\u00e1 disponible en dos modelos principales\u2014<strong>MT-860<\/strong> y <strong>MT-1200<\/strong>\u2014con capacidades de aproximadamente <strong>1.5\u20132 t\/h y 3 t\/h<\/strong>, respectivamente. Ambos modelos logran una alta <strong>tasa de trilla de aproximadamente 98%<\/strong>, cuentan con operaci\u00f3n sencilla con pantallas intercambiables para diferentes cultivos, y pueden ser alimentados por motores de gasolina o di\u00e9sel. <\/p>    <figure class=\"wp-block-embed is-type-video is-provider-youtube wp-block-embed-youtube wp-embed-aspect-16-9 wp-has-aspect-ratio\"><div class=\"wp-block-embed__wrapper\"> <iframe loading=\"lazy\" title=\"Multi Functional Thresher Test Run | Efficient Rice, Wheat &amp; Sorghum Threshing #thresh #farming\" width=\"500\" height=\"281\" src=\"https:\/\/www.youtube.com\/embed\/YkiYmEj5JFI?feature=oembed\" frameborder=\"0\" allow=\"accelerometer; autoplay; clipboard-write; encrypted-media; gyroscope; picture-in-picture; web-share\" referrerpolicy=\"strict-origin-when-cross-origin\" allowfullscreen><\/iframe> <\/div><figcaption class=\"wp-element-caption\">video de funcionamiento de la trilladora de m\u00faltiples granos<\/figcaption><\/figure>    <h2 class=\"wp-block-heading\" id=\"h-what-is-the-multi-grain-thresher\"><strong>Trilladora comercial de m\u00faltiples granos en venta<\/strong><\/h2>    <p class=\"translation-block\">Esta <strong>trilladora comercial de m\u00faltiples granos en venta<\/strong> est\u00e1 dise\u00f1ada para satisfacer las demandas de procesamiento diversificado de granos, integrando funciones de trilla para m\u00faltiples cultivos en una sola m\u00e1quina compacta. <\/p>    <p>Simplemente cambiando la pantalla interna, el equipo puede adaptarse a granos con diferentes tama\u00f1os de n\u00facleo, asegurando una separaci\u00f3n limpia y una descarga suave durante la operaci\u00f3n. Por ejemplo, al procesar ma\u00edz, se instala una pantalla de malla m\u00e1s grande para permitir que los granos pasen de manera eficiente sin bloqueo ni da\u00f1o.<\/p>    <figure class=\"wp-block-gallery has-nested-images columns-default is-cropped wp-block-gallery-2 is-layout-flex wp-block-gallery-is-layout-flex\"> <figure class=\"wp-block-image size-large\"><img loading=\"lazy\" decoding=\"async\" width=\"720\" height=\"540\" data-id=\"3099\" src=\"https:\/\/taizyfarmequipment.com\/wp-content\/uploads\/2022\/03\/millet-thresher1.jpg\" alt=\"Trilladora de mijo MT-860\" class=\"wp-image-3099\" title=\"Trilladora de mijo MT-860\"\/><figcaption class=\"wp-element-caption\">Trilladora de mijo MT-860<\/figcaption><\/figure>    <figure class=\"wp-block-image size-large\"><img loading=\"lazy\" decoding=\"async\" width=\"720\" height=\"540\" data-id=\"3100\" src=\"https:\/\/taizyfarmequipment.com\/wp-content\/uploads\/2022\/03\/multi-thresher1.jpg\" alt=\"Trilladora m\u00faltiple MT-860\" class=\"wp-image-3100\" title=\"Trilladora m\u00faltiple MT-860\"\/><figcaption class=\"wp-element-caption\"> Trilladora m\u00faltiple MT-860<\/figcaption><\/figure> <\/figure>    <p class=\"translation-block\">Para adaptarse a diversas condiciones de trabajo, la m\u00e1quina ofrece <strong>configuraciones de potencia flexibles<\/strong>, incluyendo motor el\u00e9ctrico, motor di\u00e9sel y motor de gasolina. Esto permite un funcionamiento estable tanto en \u00e1reas con red el\u00e9ctrica como en granjas remotas. Durante la trilla de ma\u00edz, la m\u00e1quina puede manejar material <strong>con o sin c\u00e1scaras<\/strong>, mejorando la adaptabilidad y reduciendo los requisitos de preprocesamiento.<\/p>    <p class=\"translation-block\">Dise\u00f1ada para <strong>eficiencia comercial<\/strong>, la trilladora de m\u00faltiples granos ofrece una alta producci\u00f3n minimizando la mano de obra y el consumo de energ\u00eda. Est\u00e1n disponibles dos modelos\u2014<strong>MT-860 y MT-1200<\/strong>\u2014cada uno con diferentes capacidades de procesamiento y tama\u00f1os estructurales, permitiendo a los usuarios seleccionar la soluci\u00f3n m\u00e1s adecuada seg\u00fan su escala de producci\u00f3n, tipo de cultivo y expectativas de rendimiento.<\/p>    <figure class=\"wp-block-gallery has-nested-images columns-default is-cropped wp-block-gallery-3 is-layout-flex wp-block-gallery-is-layout-flex\"> <figure class=\"wp-block-image size-large\"><img loading=\"lazy\" decoding=\"async\" width=\"720\" height=\"540\" data-id=\"3101\" src=\"https:\/\/taizyfarmequipment.com\/wp-content\/uploads\/2022\/03\/MT-1200-threshing-machine2.jpg\" alt=\"Trilladora MT-1200\" class=\"wp-image-3101\" title=\"Trilladora MT-1200\"\/><figcaption class=\"wp-element-caption\">Trilladora MT-1200<\/figcaption><\/figure>    <figure class=\"wp-block-image size-large\"><img loading=\"lazy\" decoding=\"async\" width=\"720\" height=\"540\" data-id=\"3102\" src=\"https:\/\/taizyfarmequipment.com\/wp-content\/uploads\/2022\/03\/MT-1200-maize-thresher-2.jpg\" alt=\"Trilladora de ma\u00edz MT-1200 \" class=\"wp-image-3102\" title=\"Trilladora de ma\u00edz MT-1200 \"\/><figcaption class=\"wp-element-caption\">Trilladora de ma\u00edz MT-1200 <\/figcaption><\/figure> <\/figure>    <h2 class=\"wp-block-heading\"><strong>Estructura de la trilladora de ma\u00edz en venta<\/strong><\/h2>    <div class=\"wp-block-media-text is-stacked-on-mobile\"><figure class=\"wp-block-media-text__media\"><img loading=\"lazy\" decoding=\"async\" width=\"720\" height=\"540\" src=\"https:\/\/taizyfarmequipment.com\/wp-content\/uploads\/2022\/03\/corn-shellers-structure2.jpg\" alt=\"estructura del desgranador de ma\u00edz\" class=\"wp-image-3097 size-full\"\/><\/figure><div class=\"wp-block-media-text__content\"> <p>La trilladora multigrano incluye principalmente una entrada, un dispositivo de trilla, un ventilador de tiro, una salida de impurezas, una exportaci\u00f3n de impurezas ligeras, una exportaci\u00f3n de granos, etc.<\/p> <\/div><\/div>    <div class=\"wp-block-media-text has-media-on-the-right is-stacked-on-mobile\"><div class=\"wp-block-media-text__content\"> <p class=\"translation-block\"><strong>La estructura interna del dispositivo de trilla<\/strong><\/p>    <p>Esta pieza incluye un martillo cil\u00edndrico de criba. Cuando procesamos diferentes granos debemos cambiar la criba con diferentes tama\u00f1os de pur\u00e9. Y es f\u00e1cil de operar.<\/p> <\/div><figure class=\"wp-block-media-text__media\"><img loading=\"lazy\" decoding=\"async\" width=\"720\" height=\"540\" src=\"https:\/\/taizyfarmequipment.com\/wp-content\/uploads\/2022\/03\/inner-structure-of-grain-thresher1.jpg\" alt=\"estructura interna de la trilladora de granos\" class=\"wp-image-3098 size-full\"\/><\/figure><\/div>    <h2 class=\"wp-block-heading\"><strong>\u00bfC\u00f3mo funciona la m\u00e1quina de descascarado de ma\u00edz?<\/strong><\/h2>    <div class=\"wp-block-media-text is-stacked-on-mobile\"><figure class=\"wp-block-media-text__media\"><img loading=\"lazy\" decoding=\"async\" width=\"720\" height=\"540\" src=\"https:\/\/taizyfarmequipment.com\/wp-content\/uploads\/2022\/03\/multi-grain-thresher.webp\" alt=\"trilladora multigrano\" class=\"wp-image-5001 size-full\" srcset=\"https:\/\/taizyfarmequipment.com\/wp-content\/uploads\/2022\/03\/multi-grain-thresher.webp 720w, https:\/\/taizyfarmequipment.com\/wp-content\/uploads\/2022\/03\/multi-grain-thresher-300x225.webp 300w, https:\/\/taizyfarmequipment.com\/wp-content\/uploads\/2022\/03\/multi-grain-thresher-16x12.webp 16w\" sizes=\"auto, (max-width: 720px) 100vw, 720px\" \/><\/figure><div class=\"wp-block-media-text__content\"> <ul class=\"wp-block-list\"> <li>Alimente el grano en la <strong>trilladora multigrano<\/strong> a trav\u00e9s de la entrada.<\/li>    <li>El grano entra en la c\u00e1mara de trilla y es impactado por el <strong>cilindro de martillos giratorio de alta velocidad<\/strong>, que rompe y trilla el material.<\/li>    <li>Los granos trillados pasan por la <strong>orificios de la criba<\/strong>, donde los n\u00facleos y residuos se separan seg\u00fan el tama\u00f1o.<\/li>    <li>Los n\u00facleos limpios y las impurezas se descargan <strong>de diferentes salidas<\/strong>, completando el proceso de trilla y separaci\u00f3n.<\/li> <\/ul> <\/div><\/div>    <h2 class=\"wp-block-heading\"><strong>Par\u00e1metros t\u00e9cnicos de la trilladora de granos en venta<\/strong><\/h2>    <figure class=\"wp-block-table\"><table><tbody><tr><td>Modelo&nbsp;<\/td><td>MT-860&nbsp;<\/td><td>MT-1200&nbsp;<\/td><\/tr><tr><td>Capacidad&nbsp;<\/td><td>1.5-2T\/H<\/td><td>3t\/h\u00a0<\/td><\/tr><tr><td>Tama\u00f1o<\/td><td>1150*860*1160mm<\/td><td>2100*1700*1400mm<\/td><\/tr><tr><td>Tasa de trilla&nbsp;<\/td><td>98%&nbsp;<\/td><td>98%&nbsp;<\/td><\/tr><tr><td>Rueda&nbsp;<\/td><td>cuatro&nbsp;<\/td><td>Seis&nbsp;<\/td><\/tr><tr><td>Peso<\/td><td>112 kilos<\/td><td>200 kilos<\/td><\/tr><tr><td>Fuerza<\/td><td>motor de gasolina<\/td><td>Motor di\u00e9sel de 10-12 CV&nbsp;<\/td><\/tr><\/tbody><\/table><figcaption class=\"wp-element-caption\">sorghum thresher&#8217;s parameters<\/figcaption><\/figure>    <h2 class=\"wp-block-heading\"><strong>Ventajas de la desgranadora de ma\u00edz motorizada<\/strong><strong><\/strong><\/h2>    <div class=\"wp-block-media-text is-stacked-on-mobile\"><figure class=\"wp-block-media-text__media\"><img loading=\"lazy\" decoding=\"async\" width=\"720\" height=\"540\" src=\"https:\/\/taizyfarmequipment.com\/wp-content\/uploads\/2022\/03\/stock-of-the-thresher1.jpg\" alt=\"stock de la trilladora\" class=\"wp-image-3103 size-full\"\/><\/figure><div class=\"wp-block-media-text__content\"> <ul class=\"wp-block-list\"> <li><strong>Alta eficiencia de trabajo:<\/strong> La capacidad de procesamiento alcanza <strong>1.5\u20132 T\/H o hasta 3 T\/H<\/strong>, apto para operaci\u00f3n continua.<\/li>    <li><strong>Operaci\u00f3n totalmente autom\u00e1tica:<\/strong> Una vez que el grano se alimenta en la m\u00e1quina, la trilla y la eliminaci\u00f3n de impurezas se realizan autom\u00e1ticamente sin intervenci\u00f3n manual.<\/li>    <li><strong>F\u00e1cil de operar:<\/strong> Simplemente encienda la trilladora de m\u00faltiples granos y alimente el grano; no se requieren ajustes complejos.<\/li> <\/ul> <\/div><\/div>    <div class=\"wp-block-media-text has-media-on-the-right is-stacked-on-mobile\"><div class=\"wp-block-media-text__content\"> <ul class=\"wp-block-list\"> <li><strong>Ahorro de tiempo y energ\u00eda:<\/strong> Todo el proceso puede ser manejado por <strong>un operador<\/strong>, con una eficiencia mucho mayor que la trilla manual tradicional.<\/li>    <li><strong>Aplicaci\u00f3n multiprop\u00f3sito:<\/strong> Una m\u00e1quina es capaz de trillar <strong>cuatro granos diferentes<\/strong>, incluyendo ma\u00edz, mijo, sorgo y soja.<\/li>    <li><strong>Salida limpia y terminada:<\/strong> La m\u00e1quina separa eficazmente los granos de las impurezas, asegurando un producto final claro y de alta calidad.<\/li> <\/ul> <\/div><figure class=\"wp-block-media-text__media\"><img loading=\"lazy\" decoding=\"async\" width=\"720\" height=\"540\" src=\"https:\/\/taizyfarmequipment.com\/wp-content\/uploads\/2022\/03\/corn-thresher.webp\" alt=\"trilladora de ma\u00edz\" class=\"wp-image-5002 size-full\" srcset=\"https:\/\/taizyfarmequipment.com\/wp-content\/uploads\/2022\/03\/corn-thresher.webp 720w, https:\/\/taizyfarmequipment.com\/wp-content\/uploads\/2022\/03\/corn-thresher-300x225.webp 300w, https:\/\/taizyfarmequipment.com\/wp-content\/uploads\/2022\/03\/corn-thresher-16x12.webp 16w\" sizes=\"auto, (max-width: 720px) 100vw, 720px\" \/><\/figure><\/div>    <h2 class=\"wp-block-heading\">Preguntas frecuentes sobre la trilladora de m\u00faltiples granos<\/h2>   <div id=\"rank-math-faq\" class=\"rank-math-block\"> <div class=\"rank-math-list\"> <div id=\"faq-question-1766482155545\" class=\"rank-math-list-item\"> <h3 class=\"rank-math-question\">\u00bfC\u00f3mo trillar diferentes cultivos?<\/h3> <div class=\"rank-math-answer\">  <p>Para ajustar la m\u00e1quina a diferentes granos, simplemente abra la tapa superior y reemplace la pantalla seg\u00fan el tama\u00f1o del grano. Al trillar ma\u00edz, se deben retirar los cuatro ejes internos para acomodar mejor los granos m\u00e1s grandes y garantizar un funcionamiento suave y eficiente.<\/p>  <\/div> <\/div> <div id=\"faq-question-1766482274992\" class=\"rank-math-list-item\"> <h3 class=\"rank-math-question\">\u00bfEs f\u00e1cil de mover?<\/h3> <div class=\"rank-math-answer\">  <p>Rueda + asa de empuje, f\u00e1cil de mover.<\/p>  <\/div> <\/div> <div id=\"faq-question-1766482288276\" class=\"rank-math-list-item\"> <h3 class=\"rank-math-question\">\u00bfPara qu\u00e9 cultivos puede usarse la trilladora de m\u00faltiples granos?<\/h3> <div class=\"rank-math-answer\">  <p>Ma\u00edz, trigo, soja, sorgo, etc.<\/p>  <\/div> <\/div> <div id=\"faq-question-1766482299155\" class=\"rank-math-list-item\"> <h3 class=\"rank-math-question\">\u00bfMotivaci\u00f3n?<\/h3> <div class=\"rank-math-answer\">  <p>Motor de 2,2-3kw, motor di\u00e9sel de 6-8Hp, motor de gasolina 170F.<\/p>  <\/div> <\/div> <div id=\"faq-question-1766482313562\" class=\"rank-math-list-item\"> <h3 class=\"rank-math-question\">\u00bfRendimiento, tasa de trilla?<\/h3> <div class=\"rank-math-answer\">  <p>1.5-2t\/h; 98%<\/p>  <\/div> <\/div> <\/div> <\/div>   <figure class=\"wp-block-gallery has-nested-images columns-default is-cropped wp-block-gallery-4 is-layout-flex wp-block-gallery-is-layout-flex\"> <figure class=\"wp-block-image size-large\"><img loading=\"lazy\" decoding=\"async\" width=\"720\" height=\"540\" data-id=\"5003\" src=\"https:\/\/taizyfarmequipment.com\/wp-content\/uploads\/2022\/03\/grain-threshing-machine.webp\" alt=\"trilladora de granos\" class=\"wp-image-5003\" srcset=\"https:\/\/taizyfarmequipment.com\/wp-content\/uploads\/2022\/03\/grain-threshing-machine.webp 720w, https:\/\/taizyfarmequipment.com\/wp-content\/uploads\/2022\/03\/grain-threshing-machine-300x225.webp 300w, https:\/\/taizyfarmequipment.com\/wp-content\/uploads\/2022\/03\/grain-threshing-machine-16x12.webp 16w\" sizes=\"auto, (max-width: 720px) 100vw, 720px\" \/><figcaption class=\"wp-element-caption\">trilladora de granos<\/figcaption><\/figure>    <figure class=\"wp-block-image size-large\"><img loading=\"lazy\" decoding=\"async\" width=\"720\" height=\"540\" data-id=\"5004\" src=\"https:\/\/taizyfarmequipment.com\/wp-content\/uploads\/2022\/03\/multi-grain-thresher-price.webp\" alt=\"precio de la trilladora de m\u00faltiples granos\" class=\"wp-image-5004\" srcset=\"https:\/\/taizyfarmequipment.com\/wp-content\/uploads\/2022\/03\/multi-grain-thresher-price.webp 720w, https:\/\/taizyfarmequipment.com\/wp-content\/uploads\/2022\/03\/multi-grain-thresher-price-300x225.webp 300w, https:\/\/taizyfarmequipment.com\/wp-content\/uploads\/2022\/03\/multi-grain-thresher-price-16x12.webp 16w\" sizes=\"auto, (max-width: 720px) 100vw, 720px\" \/><figcaption class=\"wp-element-caption\">precio de la trilladora de m\u00faltiples granos<\/figcaption><\/figure> <\/figure>    <h2 class=\"wp-block-heading\"><strong>Trilladora industrial de sorgo vendida a Burkina Faso<\/strong><\/h2>    <p class=\"translation-block\">La semana pasada, nuestro gerente de ventas recibi\u00f3 una RFQ de Alibaba y comunic\u00f3 inicialmente con el cliente por correo electr\u00f3nico, luego por WhatsApp. El cliente requer\u00eda una trilladora de m\u00faltiples granos a gasolina, un <a href=\"https:\/\/taizyfarmequipment.com\/es\/producto-2\/tractor-de-paseo-2\/\" data-type=\"link\" data-id=\"https:\/\/taizyfarmequipment.com\/product\/walking-tractor-2\/\">tractor caminante<\/a>, una sembradora de ma\u00edz y un arado de disco. Despu\u00e9s de confirmar todos los requisitos, nuestro vendedor proporcion\u00f3 r\u00e1pidamente una cotizaci\u00f3n. <\/p>    <p>La principal preocupaci\u00f3n del cliente era si los manuales de instrucciones estaban disponibles en franc\u00e9s. Aunque nuestros manuales suelen estar en ingl\u00e9s, ofrecimos traducciones al franc\u00e9s, lo que resolvi\u00f3 el problema. Como resultado, el cliente realiz\u00f3 el pedido con \u00e9xito. A continuaci\u00f3n, fotos del embalaje y env\u00edo.<\/p>    <figure class=\"wp-block-gallery has-nested-images columns-2 is-cropped wp-block-gallery-5 is-layout-flex wp-block-gallery-is-layout-flex\"> <figure class=\"wp-block-image size-large\"><img loading=\"lazy\" decoding=\"async\" width=\"720\" height=\"540\" data-id=\"3105\" src=\"https:\/\/taizyfarmequipment.com\/wp-content\/uploads\/2022\/03\/small-scale-grain-thresher1.jpg\" alt=\"trilladora de granos a peque\u00f1a escala\" class=\"wp-image-3105\" title=\"trilladora de granos a peque\u00f1a escala\"\/><figcaption class=\"wp-element-caption\">trilladora de granos a peque\u00f1a escala<\/figcaption><\/figure>    <figure class=\"wp-block-image size-large\"><img loading=\"lazy\" decoding=\"async\" width=\"720\" height=\"540\" data-id=\"3106\" src=\"https:\/\/taizyfarmequipment.com\/wp-content\/uploads\/2022\/03\/portable-maize-sheller1.jpg\" alt=\"desgranadora de ma\u00edz port\u00e1til\" class=\"wp-image-3106\" title=\"desgranadora de ma\u00edz port\u00e1til\"\/><figcaption class=\"wp-element-caption\">desgranadora de ma\u00edz port\u00e1til<\/figcaption><\/figure>    <figure class=\"wp-block-image size-large\"><img loading=\"lazy\" decoding=\"async\" width=\"720\" height=\"540\" data-id=\"3107\" src=\"https:\/\/taizyfarmequipment.com\/wp-content\/uploads\/2022\/03\/homemade-corn-thresher1.jpg\" alt=\"trilladora de ma\u00edz casera\" class=\"wp-image-3107\" title=\"trilladora de ma\u00edz casera\"\/><figcaption class=\"wp-element-caption\">trilladora de ma\u00edz casera<\/figcaption><\/figure>    <figure class=\"wp-block-image size-large\"><img loading=\"lazy\" decoding=\"async\" width=\"720\" height=\"540\" data-id=\"3108\" src=\"https:\/\/taizyfarmequipment.com\/wp-content\/uploads\/2022\/03\/small-grain-thresher-for-sale1.jpg\" alt=\"Se vende trilladora de granos peque\u00f1os.\" class=\"wp-image-3108\" title=\"Se vende trilladora de granos peque\u00f1os.\"\/><figcaption class=\"wp-element-caption\">Se vende trilladora de granos peque\u00f1os.<\/figcaption><\/figure> <figcaption class=\"blocks-gallery-caption wp-element-caption\">Embalaje y env\u00edo de trilladora de sorgo industrial.<\/figcaption><\/figure>    <h2 class=\"wp-block-heading\">Conclusi\u00f3n<\/h2>    <p class=\"translation-block\">En resumen, esta  trilladora m\u00faltiple  de granos  destaca por su alta eficiencia, amplia adaptabilidad a diferentes cultivos y rendimiento estable. Puede trillar r\u00e1pidamente diversos granos como ma\u00edz, arroz y trigo, reduciendo significativamente los costos de mano de obra y tiempo. <\/p>    <p>La m\u00e1quina soporta una opci\u00f3n de gasolina, lo que la hace adecuada para diferentes entornos de trabajo, y cuenta con operaci\u00f3n sencilla y mantenimiento conveniente. Adem\u00e1s, ofrecemos manuales de instrucciones multiling\u00fces y servicios personalizados seg\u00fan las necesidades del cliente, asegurando una instalaci\u00f3n y uso sin problemas. <\/p>    <p>Si busca una soluci\u00f3n confiable, pr\u00e1ctica y rentable para trillar m\u00faltiples granos, no dude en contactarnos para una cotizaci\u00f3n y una consulta detallada.<\/p>","protected":false},"excerpt":{"rendered":"<p>La m\u00e1quina de trillar de m\u00faltiples granos es una m\u00e1quina de procesamiento agr\u00edcola vers\u00e1til para trillar una amplia gama de cereales y legumbres, incluyendo ma\u00edz, mijo, sorgo y soja. <\/p>","protected":false},"author":1,"featured_media":3096,"parent":0,"template":"","tags":[],"product-type":[129],"class_list":["post-3095","product","type-product","status-publish","has-post-thumbnail","hentry","product-type-thresher-and-sheller"],"_links":{"self":[{"href":"https:\/\/taizyfarmequipment.com\/es\/wp-json\/wp\/v2\/product\/3095","targetHints":{"allow":["GET"]}}],"collection":[{"href":"https:\/\/taizyfarmequipment.com\/es\/wp-json\/wp\/v2\/product"}],"about":[{"href":"https:\/\/taizyfarmequipment.com\/es\/wp-json\/wp\/v2\/types\/product"}],"author":[{"embeddable":true,"href":"https:\/\/taizyfarmequipment.com\/es\/wp-json\/wp\/v2\/users\/1"}],"wp:featuredmedia":[{"embeddable":true,"href":"https:\/\/taizyfarmequipment.com\/es\/wp-json\/wp\/v2\/media\/3096"}],"wp:attachment":[{"href":"https:\/\/taizyfarmequipment.com\/es\/wp-json\/wp\/v2\/media?parent=3095"}],"wp:term":[{"taxonomy":"post_tag","embeddable":true,"href":"https:\/\/taizyfarmequipment.com\/es\/wp-json\/wp\/v2\/tags?post=3095"},{"taxonomy":"product-type","embeddable":true,"href":"https:\/\/taizyfarmequipment.com\/es\/wp-json\/wp\/v2\/product-type?post=3095"}],"curies":[{"name":"wp","href":"https:\/\/api.w.org\/{rel}","templated":true}]}}