{"id":3143,"date":"2022-04-07T08:43:57","date_gmt":"2022-04-07T08:43:57","guid":{"rendered":"https:\/\/taizyfarmequipment.com\/?post_type=product&#038;p=3143"},"modified":"2024-05-29T18:21:26","modified_gmt":"2024-05-29T10:21:26","slug":"sembradora-de-maiz-de-mano","status":"publish","type":"product","link":"https:\/\/taizyfarmequipment.com\/es\/product\/hand-held-corn-planter\/","title":{"rendered":"Jardinera de ma\u00edz de mano | Sembradora de ma\u00edz manual a peque\u00f1a escala"},"content":{"rendered":"<div class=\"kk-star-ratings kksr-auto kksr-align-left kksr-valign-top\"     data-payload='{&quot;align&quot;:&quot;left&quot;,&quot;id&quot;:&quot;3143&quot;,&quot;slug&quot;:&quot;default&quot;,&quot;valign&quot;:&quot;top&quot;,&quot;ignore&quot;:&quot;&quot;,&quot;reference&quot;:&quot;auto&quot;,&quot;class&quot;:&quot;&quot;,&quot;count&quot;:&quot;5&quot;,&quot;legendonly&quot;:&quot;&quot;,&quot;readonly&quot;:&quot;&quot;,&quot;score&quot;:&quot;4.6&quot;,&quot;starsonly&quot;:&quot;&quot;,&quot;best&quot;:&quot;5&quot;,&quot;gap&quot;:&quot;5&quot;,&quot;greet&quot;:&quot;Rate this product&quot;,&quot;legend&quot;:&quot;4.6\\\/5 - (5 votos)&quot;,&quot;size&quot;:&quot;24&quot;,&quot;title&quot;:&quot;Hand held corn planter | Small scale manual corn planter&quot;,&quot;width&quot;:&quot;130.9&quot;,&quot;_legend&quot;:&quot;{score}\\\/{best} - ({count} {votes})&quot;,&quot;font_factor&quot;:&quot;1.25&quot;}'>              <div class=\"kksr-stars\">      <div class=\"kksr-stars-inactive\">             <div class=\"kksr-star\" data-star=\"1\" style=\"padding-right: 5px\">               <div class=\"kksr-icon\" style=\"width: 24px; height: 24px;\"><\/div>         <\/div>             <div class=\"kksr-star\" data-star=\"2\" style=\"padding-right: 5px\">               <div class=\"kksr-icon\" style=\"width: 24px; height: 24px;\"><\/div>         <\/div>             <div class=\"kksr-star\" data-star=\"3\" style=\"padding-right: 5px\">               <div class=\"kksr-icon\" style=\"width: 24px; height: 24px;\"><\/div>         <\/div>             <div class=\"kksr-star\" data-star=\"4\" style=\"padding-right: 5px\">               <div class=\"kksr-icon\" style=\"width: 24px; height: 24px;\"><\/div>         <\/div>             <div class=\"kksr-star\" data-star=\"5\" style=\"padding-right: 5px\">               <div class=\"kksr-icon\" style=\"width: 24px; height: 24px;\"><\/div>         <\/div>     <\/div>      <div class=\"kksr-stars-active\" style=\"width: 130.9px;\">             <div class=\"kksr-star\" style=\"padding-right: 5px\">               <div class=\"kksr-icon\" style=\"width: 24px; height: 24px;\"><\/div>         <\/div>             <div class=\"kksr-star\" style=\"padding-right: 5px\">               <div class=\"kksr-icon\" style=\"width: 24px; height: 24px;\"><\/div>         <\/div>             <div class=\"kksr-star\" style=\"padding-right: 5px\">               <div class=\"kksr-icon\" style=\"width: 24px; height: 24px;\"><\/div>         <\/div>             <div class=\"kksr-star\" style=\"padding-right: 5px\">               <div class=\"kksr-icon\" style=\"width: 24px; height: 24px;\"><\/div>         <\/div>             <div class=\"kksr-star\" style=\"padding-right: 5px\">               <div class=\"kksr-icon\" style=\"width: 24px; height: 24px;\"><\/div>         <\/div>     <\/div> <\/div>                   <div class=\"kksr-legend\" style=\"font-size: 19.2px;\">             4,6\/5 - (5 votos)    <\/div>     <\/div>  <p>La sembradora de ma\u00edz manual es la elecci\u00f3n perfecta para plantar ma\u00edz. Su tecnolog\u00eda de siembra precisa garantiza la colocaci\u00f3n precisa de cada semilla, maximizando el rendimiento de los cultivos. <\/p>    <p>La m\u00e1quina sembradora de ma\u00edz es f\u00e1cil de operar, port\u00e1til y adecuada tanto para agricultores a gran escala como para peque\u00f1os productores. Ya sea que sea un sembrador principiante o experimentado, nuestra sembradora de ma\u00edz manual ser\u00e1 su asistente confiable en las tareas de siembra.<\/p>    <p>Adem\u00e1s de sembrar ma\u00edz, la m\u00e1quina tambi\u00e9n puede sembrar trigo, soja, sorgo y otras semillas. Adem\u00e1s de esto, tambi\u00e9n puedes fertilizar. Puede satisfacer las necesidades de siembra diarias de las personas y brindar comodidad a los agricultores.<\/p>    <figure class=\"wp-block-image size-full\"><img loading=\"lazy\" decoding=\"async\" width=\"720\" height=\"540\" src=\"https:\/\/taizyfarmequipment.com\/wp-content\/uploads\/2022\/04\/suitable-materials-of-maize-planting-machine.webp\" alt=\"Materiales adecuados de la m\u00e1quina sembradora de ma\u00edz.\" class=\"wp-image-4523\" srcset=\"https:\/\/taizyfarmequipment.com\/wp-content\/uploads\/2022\/04\/suitable-materials-of-maize-planting-machine.webp 720w, https:\/\/taizyfarmequipment.com\/wp-content\/uploads\/2022\/04\/suitable-materials-of-maize-planting-machine-300x225.webp 300w, https:\/\/taizyfarmequipment.com\/wp-content\/uploads\/2022\/04\/suitable-materials-of-maize-planting-machine-16x12.webp 16w\" sizes=\"auto, (max-width: 720px) 100vw, 720px\" \/><figcaption class=\"wp-element-caption\">Materiales adecuados de la m\u00e1quina sembradora de ma\u00edz.<\/figcaption><\/figure>    <h2 class=\"wp-block-heading\" id=\"h-what-is-hand-held-corn-planter\">\u00bfQu\u00e9 es la sembradora de ma\u00edz de mano?<\/h2>    <p>Nuestro Taizy, como fabricante y proveedor de maquinaria agr\u00edcola, dispone de diversas formas de sembradoras de ma\u00edz. Estos incluyen sembradoras de ma\u00edz con operador a pie, que est\u00e1n disponibles en tres modelos diferentes. Los diferentes modelos difieren en funci\u00f3n y apariencia. Este art\u00edculo presenta principalmente tres modelos de sembradoras de ma\u00edz con operador a pie. Los tres tipos de jardineras pueden sembrar diferentes semillas y fertilizantes. <\/p>    <p class=\"translation-block\">Son de peque\u00f1o tama\u00f1o y f\u00e1ciles de manejar. Adem\u00e1s, pueden realizar m\u00faltiples acciones al mismo tiempo, como abrir surcos, sembrar y compactar el suelo. Algunos modelos de m\u00e1quina tambi\u00e9n pueden ajustar la distancia entre plantas, y los clientes pueden ajustarla seg\u00fan sus propias necesidades. Adem\u00e1s, tambi\u00e9n disponemos de <a href=\"https:\/\/taizyfarmequipment.com\/es\/producto-2\/sembradora-de-maiz-de-4-hileras\/\">sembradora de ma\u00edz accionada por tractor<\/a> y <a href=\"https:\/\/taizyfarmequipment.com\/es\/producto-2\/sembradora-de-mani-de-4-hileras\/\" data-type=\"link\" data-id=\"https:\/\/taizyfarmequipment.com\/product\/4-row-peanut-planter\/\">sembradora de cacahuete<\/a>.<\/p>    <figure class=\"wp-block-gallery has-nested-images columns-2 is-cropped wp-block-gallery-2 is-layout-flex wp-block-gallery-is-layout-flex\"> <figure class=\"wp-block-image size-large\"><img loading=\"lazy\" decoding=\"async\" width=\"720\" height=\"540\" data-id=\"3145\" src=\"https:\/\/taizyfarmequipment.com\/wp-content\/uploads\/2022\/04\/corn-planter1.jpg\" alt=\"sembradora de maiz\" class=\"wp-image-3145\" title=\"sembradora de maiz\"\/><figcaption class=\"wp-element-caption\">sembradora de maiz<\/figcaption><\/figure>    <figure class=\"wp-block-image size-large\"><img loading=\"lazy\" decoding=\"async\" width=\"720\" height=\"540\" data-id=\"3146\" src=\"https:\/\/taizyfarmequipment.com\/wp-content\/uploads\/2022\/04\/small-scale-corn-planter-1.jpg\" alt=\" sembradora de ma\u00edz a peque\u00f1a escala\" class=\"wp-image-3146\" title=\" sembradora de ma\u00edz a peque\u00f1a escala\"\/><figcaption class=\"wp-element-caption\"> sembradora de ma\u00edz a peque\u00f1a escala<\/figcaption><\/figure>    <figure class=\"wp-block-image size-large\"><img loading=\"lazy\" decoding=\"async\" width=\"720\" height=\"540\" data-id=\"3147\" src=\"https:\/\/taizyfarmequipment.com\/wp-content\/uploads\/2022\/04\/small-corn-bean-planter1.jpg\" alt=\"peque\u00f1a plantadora de frijoles\" class=\"wp-image-3147\" title=\"peque\u00f1a plantadora de frijoles\"\/><figcaption class=\"wp-element-caption\">peque\u00f1a plantadora de frijoles<\/figcaption><\/figure>    <figure class=\"wp-block-image size-large\"><img loading=\"lazy\" decoding=\"async\" width=\"720\" height=\"540\" data-id=\"3148\" src=\"https:\/\/taizyfarmequipment.com\/wp-content\/uploads\/2022\/04\/grain-seeder1.jpg\" alt=\"sembradora de granos\" class=\"wp-image-3148\" title=\"sembradora de granos\"\/><figcaption class=\"wp-element-caption\">sembradora de granos<\/figcaption><\/figure> <\/figure>    <h2 class=\"wp-block-heading\">\u00bfQu\u00e9 semillas puede sembrar el sembrador de ma\u00edz a peque\u00f1a escala?<\/h2>    <p>La sembradora de ma\u00edz manual de peque\u00f1a escala puede sembrar trigo, ma\u00edz, man\u00ed, soja, frijoles rojos, mijo, sorgo, colza, etc. Por lo tanto, no se limita a sembrar una sola semilla, lo que representa la versatilidad de la m\u00e1quina. Estas m\u00e1quinas son aptas para todos los cultivos en campos secos.<\/p>    <figure class=\"wp-block-image size-full\"><img loading=\"lazy\" decoding=\"async\" width=\"720\" height=\"540\" src=\"https:\/\/taizyfarmequipment.com\/wp-content\/uploads\/2022\/04\/small-corn-planter-supplier.webp\" alt=\"proveedor de sembradoras de ma\u00edz peque\u00f1as\" class=\"wp-image-4528\" srcset=\"https:\/\/taizyfarmequipment.com\/wp-content\/uploads\/2022\/04\/small-corn-planter-supplier.webp 720w, https:\/\/taizyfarmequipment.com\/wp-content\/uploads\/2022\/04\/small-corn-planter-supplier-300x225.webp 300w, https:\/\/taizyfarmequipment.com\/wp-content\/uploads\/2022\/04\/small-corn-planter-supplier-16x12.webp 16w\" sizes=\"auto, (max-width: 720px) 100vw, 720px\" \/><figcaption class=\"wp-element-caption\">proveedor de sembradoras de ma\u00edz peque\u00f1as<\/figcaption><\/figure>    <h2 class=\"wp-block-heading\">Modelo 1: Sembradora manual de ma\u00edz y soja.<\/h2>    <p>Este tipo de sembradora de ma\u00edz manual tiene una estructura simple y funciones completas. Y de 1 a 2 personas pueden operar esta sembradora de ma\u00edz. Por lo tanto, ahorra m\u00e1s trabajo si lo operan 2 personas, con una persona tirando hacia adelante y la otra empujando hacia atr\u00e1s. <\/p>    <p>La m\u00e1quina sembradora de ma\u00edz manual puede completar el zanjeo, sembrar semillas mientras se zanja y luego cubrir el suelo para suprimir el suelo. Y si la sembradora de ma\u00edz manual se usa para sembrar semillas de ma\u00edz, generalmente es una camada de dos semillas. El n\u00famero de semillas var\u00eda de una semilla a otra.<\/p>    <figure class=\"wp-block-image size-full is-resized\"><img loading=\"lazy\" decoding=\"async\" width=\"720\" height=\"540\" src=\"https:\/\/taizyfarmequipment.com\/wp-content\/uploads\/2022\/04\/walk-behind-corn-planter1.jpg\" alt=\"sembradora de ma\u00edz con operador a pie\" class=\"wp-image-3149\" style=\"width:716px;height:536px\" title=\"sembradora de ma\u00edz con operador a pie\"\/><figcaption class=\"wp-element-caption\">sembradora de ma\u00edz con operador a pie<\/figcaption><\/figure>    <h3 class=\"wp-block-heading\">Estructura de la sembradora de ma\u00edz manual.<\/h3>    <p>La sembradora de ma\u00edz manual consta de caja de semillas, ruedas, manija, abridor, rueda prensadora de tierra, etc. La m\u00e1quina es liviana, de tama\u00f1o peque\u00f1o y ocupa un \u00e1rea peque\u00f1a.<\/p>    <figure class=\"wp-block-image size-full\"><img loading=\"lazy\" decoding=\"async\" width=\"720\" height=\"540\" src=\"https:\/\/taizyfarmequipment.com\/wp-content\/uploads\/2022\/04\/manual-corn-seeder-structure-1.jpg\" alt=\"estructura de sembradora de ma\u00edz manual\" class=\"wp-image-3150\" title=\"estructura de sembradora de ma\u00edz manual\"\/><figcaption class=\"wp-element-caption\">estructura de sembradora de ma\u00edz manual<\/figcaption><\/figure>    <h2 class=\"wp-block-heading\">Modelo 2: Sembradora manual de trigo y ma\u00edz<\/h2>    <p class=\"translation-block\">Esta <a href=\"https:\/\/en.wikipedia.org\/wiki\/Planter\" data-type=\"link\" data-id=\"https:\/\/en.wikipedia.org\/wiki\/Planter\" target=\"_blank\" rel=\"noopener\">sembradora<\/a> de ma\u00edz de mano es m\u00e1s ligera y la secci\u00f3n de siembra es como un rodillo. Y esta sembradora de ma\u00edz de empuje a pie puede ser operada por una sola persona. No es necesario remolcar la m\u00e1quina. Adem\u00e1s, la m\u00e1quina puede ajustar la distancia entre plantas, y los clientes pueden ajustarla seg\u00fan las necesidades de diferentes semillas. <\/p>    <p>Si necesita cambiar semillas para sembrar, deber\u00e1 reemplazar la caja de semillas dentro de la rueda de semillas. Y proporcionaremos a los clientes cajas de semillas completas. Por lo tanto, puede satisfacer las necesidades de sembrar la mayor\u00eda de las semillas. Los clientes pueden poner arena o piedras en la rueda compactadora de la m\u00e1quina para compactar el suelo despu\u00e9s de la siembra.<\/p>    <figure class=\"wp-block-image size-full is-resized\"><img loading=\"lazy\" decoding=\"async\" width=\"720\" height=\"540\" src=\"https:\/\/taizyfarmequipment.com\/wp-content\/uploads\/2022\/04\/hand-held-wheat-planter1.jpg\" alt=\"sembradora de trigo de mano\" class=\"wp-image-3151\" style=\"width:720px;height:540px\" title=\"sembradora de trigo de mano\"\/><figcaption class=\"wp-element-caption\">sembradora de trigo de mano<\/figcaption><\/figure>    <h3 class=\"wp-block-heading\">\u00bfCu\u00e1l es la estructura de la sembradora de ma\u00edz peque\u00f1a?&nbsp;<\/h3>    <p>Esta peque\u00f1a sembradora de ma\u00edz de mano tiene principalmente un mango, una sembradora, un cepillo, un pico de pato y una rueda de represi\u00f3n cubierta de tierra.<\/p>    <figure class=\"wp-block-image size-full is-resized\"><img loading=\"lazy\" decoding=\"async\" width=\"720\" height=\"540\" src=\"https:\/\/taizyfarmequipment.com\/wp-content\/uploads\/2022\/04\/small-corn-planter1.jpg\" alt=\"peque\u00f1a sembradora de ma\u00edz\" class=\"wp-image-3152\" style=\"width:720px;height:540px\" title=\"peque\u00f1a sembradora de ma\u00edz\"\/><figcaption class=\"wp-element-caption\">peque\u00f1a sembradora de ma\u00edz<\/figcaption><\/figure>    <h2 class=\"wp-block-heading\">Modelo 3: Sembradora manual de semillas a gasolina<\/h2>    <p>Esta sembradora de ma\u00edz de mano funciona con un motor de gasolina. Entonces la siembra ser\u00e1 m\u00e1s eficiente. La m\u00e1quina puede ser operada por una sola persona. <\/p>    <p>Encienda la m\u00e1quina y el motor de gasolina impulsa las ruedas delanteras para avanzar y luego impulsa la zanjadora y la parte de siembra para que avancen. Y finalmente, la rueda cubre-suelo se utiliza para cubrir el suelo.<\/p>    <figure class=\"wp-block-image size-full\"><img loading=\"lazy\" decoding=\"async\" width=\"720\" height=\"540\" src=\"https:\/\/taizyfarmequipment.com\/wp-content\/uploads\/2022\/04\/hand-seed-planter1.jpg\" alt=\"plantador de semillas de mano\" class=\"wp-image-3153\" title=\"plantador de semillas de mano\"\/><figcaption class=\"wp-element-caption\">plantador de semillas de mano<\/figcaption><\/figure>    <h3 class=\"wp-block-heading\">\u00bfQu\u00e9 tal la estructura de la sembradora de ma\u00edz manual?<\/h3>    <p>La sembradora de ma\u00edz de mano tiene pasamanos, ruedas, resortes, dispositivos de siembra, zanjas, motores de gasolina, ruedas para cubrir el suelo, etc.<\/p>    <figure class=\"wp-block-image size-full\"><img loading=\"lazy\" decoding=\"async\" width=\"720\" height=\"540\" src=\"https:\/\/taizyfarmequipment.com\/wp-content\/uploads\/2022\/04\/small-farm-corn-planter1.jpg\" alt=\"sembradora de ma\u00edz de peque\u00f1a granja\" class=\"wp-image-3154\" title=\"sembradora de ma\u00edz de peque\u00f1a granja\"\/><figcaption class=\"wp-element-caption\">sembradora de ma\u00edz de peque\u00f1a granja<\/figcaption><\/figure>    <h2 class=\"wp-block-heading\">\u00bfCu\u00e1les son las ventajas de las peque\u00f1as sembradoras de ma\u00edz?<\/h2>    <ul class=\"wp-block-list\"> <li>La calidad de la sembradora de ma\u00edz manual es buena. Todas las piezas de la m\u00e1quina est\u00e1n hechas de piezas de alta calidad y la m\u00e1quina es liviana y duradera.<\/li>    <li>Potente funci\u00f3n de la m\u00e1quina. Adem\u00e1s de sembrar ma\u00edz, las sembradoras de ma\u00edz con operador a pie pueden sembrar muchas otras semillas. Tambi\u00e9n se puede utilizar para fertilizaci\u00f3n. Sin embargo, cabe se\u00f1alar que el fertilizante y las semillas no se pueden sembrar juntos.<\/li>    <li>En comparaci\u00f3n con la siembra manual, la eficiencia de siembra al utilizar esta peque\u00f1a sembradora de ma\u00edz mejorar\u00e1 mucho. Estos recorridos de una sola hilera detr\u00e1s de las sembradoras de ma\u00edz son f\u00e1ciles de operar y se pueden aprender en minutos.<\/li>    <li>Se puede ajustar el espacio entre plantas y la profundidad de siembra de estas sembradoras de ma\u00edz port\u00e1tiles. Entonces estas m\u00e1quinas son m\u00e1s flexibles. Puede satisfacer las necesidades de las personas de sembrar una variedad de semillas. Y los clientes pueden adaptarse seg\u00fan su propia situaci\u00f3n.<\/li> <\/ul>    <figure class=\"wp-block-image size-full\"><img loading=\"lazy\" decoding=\"async\" width=\"720\" height=\"540\" src=\"https:\/\/taizyfarmequipment.com\/wp-content\/uploads\/2022\/04\/corn-planting-machine.webp\" alt=\"maquina sembradora de maiz\" class=\"wp-image-4524\" srcset=\"https:\/\/taizyfarmequipment.com\/wp-content\/uploads\/2022\/04\/corn-planting-machine.webp 720w, https:\/\/taizyfarmequipment.com\/wp-content\/uploads\/2022\/04\/corn-planting-machine-300x225.webp 300w, https:\/\/taizyfarmequipment.com\/wp-content\/uploads\/2022\/04\/corn-planting-machine-16x12.webp 16w\" sizes=\"auto, (max-width: 720px) 100vw, 720px\" \/><figcaption class=\"wp-element-caption\">maquina sembradora de maiz<\/figcaption><\/figure>    <h2 class=\"wp-block-heading\">\u00bfPor qu\u00e9 elegir la sembradora de ma\u00edz con operador a pie de Taizy?<\/h2>    <ol class=\"wp-block-list\"> <li>Recomendaremos m\u00e1quinas adecuadas seg\u00fan las necesidades espec\u00edficas de los clientes. Tambi\u00e9n podemos personalizar la m\u00e1quina para satisfacer las necesidades especiales de los clientes.<\/li>    <li>Servicio integral. Antes de la venta, nos comunicaremos plenamente con los clientes para comprender sus necesidades y recomendarles las m\u00e1quinas adecuadas. Admitimos una variedad de m\u00e9todos de pago durante la venta. Despu\u00e9s de recibir el dep\u00f3sito, controlaremos estrictamente todo el proceso de producci\u00f3n de la m\u00e1quina. Despu\u00e9s de la venta, empaquetaremos cuidadosamente la m\u00e1quina para organizar el transporte. Si el cliente tiene alg\u00fan problema en el proceso de uso de la m\u00e1quina, le proporcionaremos servicios en l\u00ednea o fuera de l\u00ednea.<\/li>    <li>Todas las m\u00e1quinas est\u00e1n fabricadas con materiales de alta calidad y son duraderas. Contamos con m\u00e1s de 10 a\u00f1os de experiencia exportadora. Se ha exportado a muchos pa\u00edses y ahora cuenta con una cooperaci\u00f3n a largo plazo con muchos pa\u00edses.<\/li> <\/ol>    <figure class=\"wp-block-gallery has-nested-images columns-default is-cropped wp-block-gallery-3 is-layout-flex wp-block-gallery-is-layout-flex\"> <figure class=\"wp-block-image size-large\"><img loading=\"lazy\" decoding=\"async\" width=\"720\" height=\"540\" data-id=\"4525\" src=\"https:\/\/taizyfarmequipment.com\/wp-content\/uploads\/2022\/04\/details-of-Hand-held-corn-planter.webp\" alt=\"Detalles de la sembradora de ma\u00edz de mano.\" class=\"wp-image-4525\" srcset=\"https:\/\/taizyfarmequipment.com\/wp-content\/uploads\/2022\/04\/details-of-Hand-held-corn-planter.webp 720w, https:\/\/taizyfarmequipment.com\/wp-content\/uploads\/2022\/04\/details-of-Hand-held-corn-planter-300x225.webp 300w, https:\/\/taizyfarmequipment.com\/wp-content\/uploads\/2022\/04\/details-of-Hand-held-corn-planter-16x12.webp 16w\" sizes=\"auto, (max-width: 720px) 100vw, 720px\" \/><figcaption class=\"wp-element-caption\">Detalles de la sembradora de ma\u00edz de mano.<\/figcaption><\/figure>    <figure class=\"wp-block-image size-large\"><img loading=\"lazy\" decoding=\"async\" width=\"720\" height=\"540\" data-id=\"4526\" src=\"https:\/\/taizyfarmequipment.com\/wp-content\/uploads\/2022\/04\/Hand-held-corn-planter-for-sale.webp\" alt=\"Se vende sembradora de ma\u00edz manual\" class=\"wp-image-4526\" srcset=\"https:\/\/taizyfarmequipment.com\/wp-content\/uploads\/2022\/04\/Hand-held-corn-planter-for-sale.webp 720w, https:\/\/taizyfarmequipment.com\/wp-content\/uploads\/2022\/04\/Hand-held-corn-planter-for-sale-300x225.webp 300w, https:\/\/taizyfarmequipment.com\/wp-content\/uploads\/2022\/04\/Hand-held-corn-planter-for-sale-16x12.webp 16w\" sizes=\"auto, (max-width: 720px) 100vw, 720px\" \/><figcaption class=\"wp-element-caption\">Se vende sembradora de ma\u00edz manual<\/figcaption><\/figure> <\/figure>    <h2 class=\"wp-block-heading\">Peque\u00f1a sembradora de ma\u00edz dulce vendida a Ghana<\/h2>    <p>La semana pasada, nuestro cliente de Ghana se puso en contacto con nuestros datos de contacto desde el sitio web. Despu\u00e9s de la comunicaci\u00f3n, nos enteramos de que el cliente quer\u00eda vender 30 sembradoras de ma\u00edz manuales. <\/p>    <p>Despu\u00e9s de presentar la m\u00e1quina al cliente, nuestro cliente necesita diez m\u00e1quinas de cada modelo. El siguiente es el diagrama de embalaje y entrega de la m\u00e1quina.<\/p>    <figure class=\"wp-block-gallery has-nested-images columns-default is-cropped wp-block-gallery-4 is-layout-flex wp-block-gallery-is-layout-flex\"> <figure class=\"wp-block-image size-large\"><img loading=\"lazy\" decoding=\"async\" width=\"720\" height=\"540\" data-id=\"3155\" src=\"https:\/\/taizyfarmequipment.com\/wp-content\/uploads\/2022\/04\/wooden-case-packaging0.jpg\" alt=\"\" class=\"wp-image-3155\"\/><figcaption class=\"wp-element-caption\">Embalaje en caja de madera de mini sembradora de ma\u00edz<\/figcaption><\/figure>    <figure class=\"wp-block-image size-large\"><img loading=\"lazy\" decoding=\"async\" width=\"720\" height=\"540\" data-id=\"3156\" src=\"https:\/\/taizyfarmequipment.com\/wp-content\/uploads\/2022\/04\/loading-and-shipping-of-small-pull-behind-corn-planter0.jpg\" alt=\"Carga y env\u00edo de sembradora de ma\u00edz peque\u00f1a.\" class=\"wp-image-3156\" title=\"Carga y env\u00edo de sembradora de ma\u00edz peque\u00f1a.\"\/><figcaption class=\"wp-element-caption\">Carga y env\u00edo de sembradora de ma\u00edz peque\u00f1a.<\/figcaption><\/figure> <\/figure>    <h2 class=\"wp-block-heading\">Conclusi\u00f3n<\/h2>    <p>\u00a1Elija nuestra m\u00e1quina sembradora de ma\u00edz manual hoy y experimente un nuevo nivel de eficiencia y conveniencia en sus tareas de siembra! Estamos comprometidos a brindarle soluciones de plantaci\u00f3n de la m\u00e1s alta calidad para garantizar un mayor \u00e9xito en sus esfuerzos agr\u00edcolas. <\/p>    <p class=\"translation-block\">Adem\u00e1s, ofrecemos otros equipos como <a href=\"https:\/\/taizyfarmequipment.com\/es\/producto-2\/maquina-para-hacer-semola-de-maiz\/\" data-type=\"link\" data-id=\"https:\/\/taizyfarmequipment.com\/product\/corn-grits-making-machine\/\">m\u00e1quinas para fabricar s\u00e9mola de ma\u00edz<\/a> y <a href=\"https:\/\/taizyfarmequipment.com\/es\/producto-2\/molino-de-martillos\/\" data-type=\"link\" data-id=\"https:\/\/taizyfarmequipment.com\/product\/hammer-mill-grinder\/\">trituradoras de ma\u00edz<\/a> para atender sus diversas necesidades de siembra.<\/p>    <figure class=\"wp-block-image size-full\"><img loading=\"lazy\" decoding=\"async\" width=\"720\" height=\"540\" src=\"https:\/\/taizyfarmequipment.com\/wp-content\/uploads\/2022\/04\/Hand-held-corn-planter-in-stock.webp\" alt=\"Sembradora de ma\u00edz de mano en stock\" class=\"wp-image-4527\" srcset=\"https:\/\/taizyfarmequipment.com\/wp-content\/uploads\/2022\/04\/Hand-held-corn-planter-in-stock.webp 720w, https:\/\/taizyfarmequipment.com\/wp-content\/uploads\/2022\/04\/Hand-held-corn-planter-in-stock-300x225.webp 300w, https:\/\/taizyfarmequipment.com\/wp-content\/uploads\/2022\/04\/Hand-held-corn-planter-in-stock-16x12.webp 16w\" sizes=\"auto, (max-width: 720px) 100vw, 720px\" \/><figcaption class=\"wp-element-caption\">Sembradora de ma\u00edz de mano en stock<\/figcaption><\/figure>","protected":false},"excerpt":{"rendered":"<p>La sembradora de ma\u00edz manual es la elecci\u00f3n perfecta para plantar ma\u00edz. Su tecnolog\u00eda de siembra precisa garantiza la colocaci\u00f3n precisa de cada semilla, maximizando el rendimiento de los cultivos. <\/p>","protected":false},"author":1,"featured_media":3144,"parent":0,"template":"","tags":[306,307,308],"product-type":[235],"class_list":["post-3143","product","type-product","status-publish","has-post-thumbnail","hentry","tag-corn","tag-maize","tag-planter","product-type-planter"],"_links":{"self":[{"href":"https:\/\/taizyfarmequipment.com\/es\/wp-json\/wp\/v2\/product\/3143","targetHints":{"allow":["GET"]}}],"collection":[{"href":"https:\/\/taizyfarmequipment.com\/es\/wp-json\/wp\/v2\/product"}],"about":[{"href":"https:\/\/taizyfarmequipment.com\/es\/wp-json\/wp\/v2\/types\/product"}],"author":[{"embeddable":true,"href":"https:\/\/taizyfarmequipment.com\/es\/wp-json\/wp\/v2\/users\/1"}],"wp:featuredmedia":[{"embeddable":true,"href":"https:\/\/taizyfarmequipment.com\/es\/wp-json\/wp\/v2\/media\/3144"}],"wp:attachment":[{"href":"https:\/\/taizyfarmequipment.com\/es\/wp-json\/wp\/v2\/media?parent=3143"}],"wp:term":[{"taxonomy":"post_tag","embeddable":true,"href":"https:\/\/taizyfarmequipment.com\/es\/wp-json\/wp\/v2\/tags?post=3143"},{"taxonomy":"product-type","embeddable":true,"href":"https:\/\/taizyfarmequipment.com\/es\/wp-json\/wp\/v2\/product-type?post=3143"}],"curies":[{"name":"wp","href":"https:\/\/api.w.org\/{rel}","templated":true}]}}