{"id":3157,"date":"2022-04-08T07:04:24","date_gmt":"2022-04-08T07:04:24","guid":{"rendered":"https:\/\/taizyfarmequipment.com\/?post_type=product&#038;p=3157"},"modified":"2025-11-26T16:26:03","modified_gmt":"2025-11-26T08:26:03","slug":"cosechadora-de-maiz-de-una-hilera","status":"publish","type":"product","link":"https:\/\/taizyfarmequipment.com\/es\/product\/single-row-corn-harvester\/","title":{"rendered":"Cosechadora de ma\u00edz de una sola fila | Peque\u00f1a recolectora de ma\u00edz"},"content":{"rendered":"<div class=\"kk-star-ratings kksr-auto kksr-align-left kksr-valign-top\"     data-payload='{&quot;align&quot;:&quot;left&quot;,&quot;id&quot;:&quot;3157&quot;,&quot;slug&quot;:&quot;default&quot;,&quot;valign&quot;:&quot;top&quot;,&quot;ignore&quot;:&quot;&quot;,&quot;reference&quot;:&quot;auto&quot;,&quot;class&quot;:&quot;&quot;,&quot;count&quot;:&quot;27&quot;,&quot;legendonly&quot;:&quot;&quot;,&quot;readonly&quot;:&quot;&quot;,&quot;score&quot;:&quot;4.7&quot;,&quot;starsonly&quot;:&quot;&quot;,&quot;best&quot;:&quot;5&quot;,&quot;gap&quot;:&quot;5&quot;,&quot;greet&quot;:&quot;Rate this product&quot;,&quot;legend&quot;:&quot;4.7\\\/5 - (27 votos)&quot;,&quot;size&quot;:&quot;24&quot;,&quot;title&quot;:&quot;Single row corn harvester | Small corn picker&quot;,&quot;width&quot;:&quot;133.8&quot;,&quot;_legend&quot;:&quot;{score}\\\/{best} - ({count} {votes})&quot;,&quot;font_factor&quot;:&quot;1.25&quot;}'>              <div class=\"kksr-stars\">      <div class=\"kksr-stars-inactive\">             <div class=\"kksr-star\" data-star=\"1\" style=\"padding-right: 5px\">               <div class=\"kksr-icon\" style=\"width: 24px; height: 24px;\"><\/div>         <\/div>             <div class=\"kksr-star\" data-star=\"2\" style=\"padding-right: 5px\">               <div class=\"kksr-icon\" style=\"width: 24px; height: 24px;\"><\/div>         <\/div>             <div class=\"kksr-star\" data-star=\"3\" style=\"padding-right: 5px\">               <div class=\"kksr-icon\" style=\"width: 24px; height: 24px;\"><\/div>         <\/div>             <div class=\"kksr-star\" data-star=\"4\" style=\"padding-right: 5px\">               <div class=\"kksr-icon\" style=\"width: 24px; height: 24px;\"><\/div>         <\/div>             <div class=\"kksr-star\" data-star=\"5\" style=\"padding-right: 5px\">               <div class=\"kksr-icon\" style=\"width: 24px; height: 24px;\"><\/div>         <\/div>     <\/div>      <div class=\"kksr-stars-active\" style=\"width: 133.8px;\">             <div class=\"kksr-star\" style=\"padding-right: 5px\">               <div class=\"kksr-icon\" style=\"width: 24px; height: 24px;\"><\/div>         <\/div>             <div class=\"kksr-star\" style=\"padding-right: 5px\">               <div class=\"kksr-icon\" style=\"width: 24px; height: 24px;\"><\/div>         <\/div>             <div class=\"kksr-star\" style=\"padding-right: 5px\">               <div class=\"kksr-icon\" style=\"width: 24px; height: 24px;\"><\/div>         <\/div>             <div class=\"kksr-star\" style=\"padding-right: 5px\">               <div class=\"kksr-icon\" style=\"width: 24px; height: 24px;\"><\/div>         <\/div>             <div class=\"kksr-star\" style=\"padding-right: 5px\">               <div class=\"kksr-icon\" style=\"width: 24px; height: 24px;\"><\/div>         <\/div>     <\/div> <\/div>                   <div class=\"kksr-legend\" style=\"font-size: 19.2px;\">             4,7\/5 - (27 votos)    <\/div>     <\/div>  <p class=\"translation-block\">Ahora, la cosechadora de ma\u00edz de una fila es popular en muchos pa\u00edses. Adem\u00e1s, el peque\u00f1o recolector de ma\u00edz es peque\u00f1o, ligero y f\u00e1cil de operar, lo que puede satisfacer las necesidades de muchos agricultores. Este peque\u00f1o recolector de ma\u00edz es asequible y cubre la necesidad de agricultores que tienen campos en colinas, monta\u00f1as y otros lugares donde las m\u00e1quinas grandes son dif\u00edciles de acceder y trabajar. Tambi\u00e9n, recomendamos cosechadoras de ma\u00edz peque\u00f1as a agricultores con campos de peque\u00f1a escala para cosechar ma\u00edz. Adem\u00e1s, tambi\u00e9n tenemos <a href=\"https:\/\/taizyfarmequipment.com\/es\/producto-2\/tractor-de-paseo-2\/\">tractores de arrastre<\/a> montados en cosechadoras de ma\u00edz, <a href=\"https:\/\/www.agriculture-machine.com\/potato-harvester-two-models-of-potato-harvester\/\" target=\"_blank\" rel=\"noopener\">cosechadoras de papa<\/a>, cosechadoras de cacahuete y <a href=\"https:\/\/www.agriculture-machine.com\/combine-harvester\/\" target=\"_blank\" rel=\"noopener\">cosechadoras de trigo y arroz<\/a>. Este art\u00edculo presenta principalmente la cosechadora de ma\u00edz de una fila.<\/p>    <h2 class=\"wp-block-heading\" id=\"h-what-is-a-single-row-corn-harvester\">\u00bfQu\u00e9 es una cosechadora de ma\u00edz de una hilera?<\/h2>    <p>Las peque\u00f1as cosechadoras de ma\u00edz de una sola hilera solo pueden cosechar una hilera de ma\u00edz a la vez. Y la m\u00e1quina puede arrancar el ma\u00edz y, al mismo tiempo, aplastar los tallos de ma\u00edz y devolverlos al campo. En cuanto a potencia, podemos equipar la cosechadora de ma\u00edz con motores de gasolina y di\u00e9sel. As\u00ed, los clientes pueden elegir seg\u00fan sus necesidades. Y este recolector de ma\u00edz es f\u00e1cil de operar y tiene cuatro ruedas para facilitar la movilidad. Adem\u00e1s, hay una cesta a un lado del recolector de ma\u00edz. Cuando la canasta est\u00e9 llena, el cliente puede abrirla y el ma\u00edz cosechado formar\u00e1 un mont\u00f3n. Adem\u00e1s, tambi\u00e9n puede instalar una bolsa debajo de la canasta para recoger f\u00e1cilmente el ma\u00edz. Y la cosechadora de ma\u00edz es aplicable a peque\u00f1os bloques de tierra, regiones monta\u00f1osas y terrenos monta\u00f1osos.<\/p>    <figure class=\"wp-block-gallery has-nested-images columns-default is-cropped wp-block-gallery-2 is-layout-flex wp-block-gallery-is-layout-flex\"> <figure class=\"wp-block-image size-large\"><img loading=\"lazy\" decoding=\"async\" width=\"720\" height=\"540\" data-id=\"3159\" src=\"https:\/\/taizyfarmequipment.com\/wp-content\/uploads\/2022\/04\/single-row-corn-harvester1.jpg\" alt=\"cosechadora de ma\u00edz de una hilera\" class=\"wp-image-3159\" title=\"cosechadora de ma\u00edz de una hilera\"\/><figcaption class=\"wp-element-caption\">cosechadora de ma\u00edz de una hilera<\/figcaption><\/figure>    <figure class=\"wp-block-image size-large\"><img loading=\"lazy\" decoding=\"async\" width=\"720\" height=\"540\" data-id=\"3160\" src=\"https:\/\/taizyfarmequipment.com\/wp-content\/uploads\/2022\/04\/corn-picker1-.jpg\" alt=\"recolector de ma\u00edz\" class=\"wp-image-3160\" title=\"recolector de ma\u00edz\"\/><figcaption class=\"wp-element-caption\">recolector de ma\u00edz<\/figcaption><\/figure> <\/figure>    <h2 class=\"wp-block-heading\">\u00bfQu\u00e9 partes componen un peque\u00f1o recolector de ma\u00edz?<\/h2>    <p>Este peque\u00f1o recolector de ma\u00edz incluye principalmente marco, tolva, potencia (motor de gasolina o di\u00e9sel), la rueda con neum\u00e1tico, mango, agarre para ajuste de altura, embrague para caminar, rodillo, dispositivo de trituraci\u00f3n, etc. La cosechadora de ma\u00edz arrastrada es de tama\u00f1o peque\u00f1o, f\u00e1cil de instalar, sencilla de operar y c\u00f3moda para caminar.<\/p>    <figure class=\"wp-block-image size-full\"><img loading=\"lazy\" decoding=\"async\" width=\"720\" height=\"540\" src=\"https:\/\/taizyfarmequipment.com\/wp-content\/uploads\/2022\/04\/small-corn-harvester1.jpg\" alt=\"peque\u00f1a cosechadora de ma\u00edz\" class=\"wp-image-3161\"\/><figcaption class=\"wp-element-caption\">peque\u00f1a cosechadora de ma\u00edz<\/figcaption><\/figure>    <h2 class=\"wp-block-heading\">\u00bfCu\u00e1les son las ventajas de la cosechadora de ma\u00edz con tracci\u00f3n trasera?<\/h2>    <p>1. Esta cosechadora de ma\u00edz de tracci\u00f3n es peque\u00f1a y adaptable, y podemos usarla para campos espor\u00e1dicos como colinas y monta\u00f1as por los que las cosechadoras de ma\u00edz grandes no pueden atravesar.&nbsp;<\/p>    <p>2. Funciones completas, como recoger mazorcas, encajonar, triturar y devolver la paja al campo, etc. Esta peque\u00f1a cosechadora de ma\u00edz dulce tiene casi las mismas funciones que la cosechadora de ma\u00edz grande.&nbsp; &nbsp;<\/p>    <p>3. Es f\u00e1cil de instalar y desmontar y realmente logra m\u00faltiples usos en una sola m\u00e1quina.&nbsp; &nbsp;<\/p>    <p>4. La operaci\u00f3n es flexible y el radio de giro es peque\u00f1o y f\u00e1cil de operar. La altura de corte se puede ajustar y los clientes pueden ajustarla seg\u00fan sus propias necesidades.<\/p>    <h2 class=\"wp-block-heading\">\u00bfC\u00f3mo elegir correctamente una cosechadora de ma\u00edz de uso dom\u00e9stico?<\/h2>    <p>1. Aplicabilidad regional. La cosechadora de ma\u00edz de una sola hilera es adecuada para campos peque\u00f1os, colinas, monta\u00f1as, etc.<\/p>    <p>2. Debe considerarse la cuesti\u00f3n de la recuperaci\u00f3n de costos despu\u00e9s de la inversi\u00f3n. Los clientes pueden elegir la cosechadora de ma\u00edz del tama\u00f1o adecuado seg\u00fan el beneficio.<\/p>    <p>3. Coincidencia de potencia. Elija la potencia adecuada seg\u00fan las condiciones locales, motor de gasolina o motor di\u00e9sel.<\/p>    <p>4. Considere m\u00e9todos de eliminaci\u00f3n de paja. La cosechadora de ma\u00edz de una sola hilera aplasta directamente los tallos y los devuelve al campo. Los clientes deben elegir una cosechadora de paja adecuada seg\u00fan sus propias necesidades.<\/p>    <figure class=\"wp-block-gallery has-nested-images columns-default is-cropped wp-block-gallery-3 is-layout-flex wp-block-gallery-is-layout-flex\"> <figure class=\"wp-block-image size-large\"><img loading=\"lazy\" decoding=\"async\" width=\"720\" height=\"540\" data-id=\"3162\" src=\"https:\/\/taizyfarmequipment.com\/wp-content\/uploads\/2022\/04\/corn-pickers-factory1.jpg\" alt=\"f\u00e1brica de recolectores de ma\u00edz\" class=\"wp-image-3162\" title=\"f\u00e1brica de recolectores de ma\u00edz\"\/><figcaption class=\"wp-element-caption\">f\u00e1brica de recolectores de ma\u00edz<\/figcaption><\/figure>    <figure class=\"wp-block-image size-large\"><img loading=\"lazy\" decoding=\"async\" width=\"720\" height=\"540\" data-id=\"3163\" src=\"https:\/\/taizyfarmequipment.com\/wp-content\/uploads\/2022\/04\/walk-behind-corn-harvester1.jpg\" alt=\"caminar detr\u00e1s de la cosechadora de ma\u00edz\" class=\"wp-image-3163\" title=\"caminar detr\u00e1s de la cosechadora de ma\u00edz\"\/><figcaption class=\"wp-element-caption\">caminar detr\u00e1s de la cosechadora de ma\u00edz<\/figcaption><\/figure> <\/figure>    <h2 class=\"wp-block-heading\">Preguntas m\u00e1s frecuentes<\/h2>    <p>1. \u00bfPuede esta cosechadora pelar la piel del ma\u00edz?<\/p>    <p>No, no puede<\/p>    <p>2. \u00bfD\u00f3nde queda la paja de ma\u00edz despu\u00e9s de la cosecha?<\/p>    <p>Regresar\u00e1n al campo despu\u00e9s de ser aplastados por 10 cuchillas en el fondo de la m\u00e1quina.<\/p>    <p>3. \u00bfCu\u00e1l es la altura del rastrojo?<\/p>    <p>Podemos ajustarlo, pero la altura m\u00ednima es de 10cm.<\/p>    <p>4. \u00bfCu\u00e1ntas cuchillas trituradoras?<\/p>    <p>Hay 10 cuchillas trituradoras en la parte inferior.<\/p>    <p>5. \u00bfLas cuchillas son piezas que se rompen f\u00e1cilmente? \u00bfCu\u00e1nto tiempo puedo usarlo?<\/p>    <p>S\u00ed, las palas son piezas que se rompen f\u00e1cilmente, especialmente al chocar con piedras grandes u otros obst\u00e1culos muy duros. Normalmente, podemos usarlo durante un a\u00f1o. Le enviamos 1 unidad adicional (10 unidades) gratis con la cosechadora de ma\u00edz en el momento de la entrega.<\/p>    <p>6. \u00bfHabr\u00e1 algo de ma\u00edz que no se podr\u00e1 cosechar?<\/p>    <p>Con experiencia pr\u00e1ctica, la tasa de cosecha de ma\u00edz es de m\u00e1s de 98%.<\/p>    <p>7. \u00bfCu\u00e1nto ma\u00edz se puede recoger en el contenedor al costado de la m\u00e1quina?<\/p>    <p>Dependiendo del tama\u00f1o del ma\u00edz, normalmente se pueden recolectar entre 30 y 50 unidades.<\/p>    <h2 class=\"wp-block-heading\">Peque\u00f1a recolectora de ma\u00edz dulce vendida a Malasia<\/h2>    <p>Our customers from Malaysia get our contact information from Alibaba. Our sales manager learned through communication that the customer needs a corn harvester. The client&#8217;s budget is not high and the area to be harvested is not large. So we recommend a small sweet corn harvester to the client. Since the customer wanted to buy one for a friend, the customer finally decided to buy two machines from us. Below are the packaging and shipping&nbsp;pictures&nbsp;of the&nbsp;home use corn harvester&nbsp;machine.<\/p>    <figure class=\"wp-block-gallery has-nested-images columns-default is-cropped wp-block-gallery-4 is-layout-flex wp-block-gallery-is-layout-flex\"> <figure class=\"wp-block-image size-large\"><img loading=\"lazy\" decoding=\"async\" width=\"720\" height=\"540\" data-id=\"3164\" src=\"https:\/\/taizyfarmequipment.com\/wp-content\/uploads\/2022\/04\/home-use-maize-harvester0.jpg\" alt=\"cosechadora de ma\u00edz para uso dom\u00e9stico\" class=\"wp-image-3164\" title=\"cosechadora de ma\u00edz para uso dom\u00e9stico\"\/><figcaption class=\"wp-element-caption\">cosechadora de ma\u00edz para uso dom\u00e9stico<\/figcaption><\/figure>    <figure class=\"wp-block-image size-large\"><img loading=\"lazy\" decoding=\"async\" width=\"720\" height=\"540\" data-id=\"3165\" src=\"https:\/\/taizyfarmequipment.com\/wp-content\/uploads\/2022\/04\/packing-of-small-corn-harvester0.jpg\" alt=\"embalaje de peque\u00f1a cosechadora de ma\u00edz\" class=\"wp-image-3165\" title=\"embalaje de peque\u00f1a cosechadora de ma\u00edz\"\/><figcaption class=\"wp-element-caption\">embalaje de peque\u00f1a cosechadora de ma\u00edz<\/figcaption><\/figure>    <figure class=\"wp-block-image size-large\"><img loading=\"lazy\" decoding=\"async\" width=\"720\" height=\"540\" data-id=\"3166\" src=\"https:\/\/taizyfarmequipment.com\/wp-content\/uploads\/2022\/04\/loading-and-shipping-of-small-scale-corn-harvester0.jpg\" alt=\"env\u00edo de cosechadora de ma\u00edz a peque\u00f1a escala\" class=\"wp-image-3166\" title=\"env\u00edo de cosechadora de ma\u00edz a peque\u00f1a escala\"\/><figcaption class=\"wp-element-caption\">env\u00edo de cosechadora de ma\u00edz a peque\u00f1a escala<\/figcaption><\/figure> <\/figure>","protected":false},"excerpt":{"rendered":"<p>La cosechadora de ma\u00edz de una hilera es peque\u00f1a, liviana y f\u00e1cil de operar, lo que puede satisfacer las necesidades de los agricultores. Es popular en muchos pa\u00edses.<\/p>","protected":false},"author":1,"featured_media":3158,"parent":0,"template":"","tags":[245,248,249,247,250,244,246],"product-type":[128],"class_list":["post-3157","product","type-product","status-publish","has-post-thumbnail","hentry","tag-corn-picker-for-sale","tag-home-use-maize-harvster","tag-mini-corn-harvester","tag-pull-behind-corn-harvester","tag-single-row-corn-harvester","tag-single-row-corn-picker","tag-small-scale-corn-harvester","product-type-harvester"],"_links":{"self":[{"href":"https:\/\/taizyfarmequipment.com\/es\/wp-json\/wp\/v2\/product\/3157","targetHints":{"allow":["GET"]}}],"collection":[{"href":"https:\/\/taizyfarmequipment.com\/es\/wp-json\/wp\/v2\/product"}],"about":[{"href":"https:\/\/taizyfarmequipment.com\/es\/wp-json\/wp\/v2\/types\/product"}],"author":[{"embeddable":true,"href":"https:\/\/taizyfarmequipment.com\/es\/wp-json\/wp\/v2\/users\/1"}],"wp:featuredmedia":[{"embeddable":true,"href":"https:\/\/taizyfarmequipment.com\/es\/wp-json\/wp\/v2\/media\/3158"}],"wp:attachment":[{"href":"https:\/\/taizyfarmequipment.com\/es\/wp-json\/wp\/v2\/media?parent=3157"}],"wp:term":[{"taxonomy":"post_tag","embeddable":true,"href":"https:\/\/taizyfarmequipment.com\/es\/wp-json\/wp\/v2\/tags?post=3157"},{"taxonomy":"product-type","embeddable":true,"href":"https:\/\/taizyfarmequipment.com\/es\/wp-json\/wp\/v2\/product-type?post=3157"}],"curies":[{"name":"wp","href":"https:\/\/api.w.org\/{rel}","templated":true}]}}