{"id":3167,"date":"2022-04-11T09:49:56","date_gmt":"2022-04-11T09:49:56","guid":{"rendered":"https:\/\/taizyfarmequipment.com\/?post_type=product&#038;p=3167"},"modified":"2025-11-26T14:39:17","modified_gmt":"2025-11-26T06:39:17","slug":"peladora-de-soja","status":"publish","type":"product","link":"https:\/\/taizyfarmequipment.com\/es\/product\/soybean-peeling-machine\/","title":{"rendered":"Peladora de soja | Pelador de frijoles dom\u00e9stico a peque\u00f1a escala"},"content":{"rendered":"<div class=\"kk-star-ratings kksr-auto kksr-align-left kksr-valign-top\"     data-payload='{&quot;align&quot;:&quot;left&quot;,&quot;id&quot;:&quot;3167&quot;,&quot;slug&quot;:&quot;default&quot;,&quot;valign&quot;:&quot;top&quot;,&quot;ignore&quot;:&quot;&quot;,&quot;reference&quot;:&quot;auto&quot;,&quot;class&quot;:&quot;&quot;,&quot;count&quot;:&quot;19&quot;,&quot;legendonly&quot;:&quot;&quot;,&quot;readonly&quot;:&quot;&quot;,&quot;score&quot;:&quot;4.7&quot;,&quot;starsonly&quot;:&quot;&quot;,&quot;best&quot;:&quot;5&quot;,&quot;gap&quot;:&quot;5&quot;,&quot;greet&quot;:&quot;Rate this product&quot;,&quot;legend&quot;:&quot;4.7\\\/5 - (19 votos)&quot;,&quot;size&quot;:&quot;24&quot;,&quot;title&quot;:&quot;Soybean peeling machine | Household small scale beans peeler&quot;,&quot;width&quot;:&quot;133.8&quot;,&quot;_legend&quot;:&quot;{score}\\\/{best} - ({count} {votes})&quot;,&quot;font_factor&quot;:&quot;1.25&quot;}'>              <div class=\"kksr-stars\">      <div class=\"kksr-stars-inactive\">             <div class=\"kksr-star\" data-star=\"1\" style=\"padding-right: 5px\">               <div class=\"kksr-icon\" style=\"width: 24px; height: 24px;\"><\/div>         <\/div>             <div class=\"kksr-star\" data-star=\"2\" style=\"padding-right: 5px\">               <div class=\"kksr-icon\" style=\"width: 24px; height: 24px;\"><\/div>         <\/div>             <div class=\"kksr-star\" data-star=\"3\" style=\"padding-right: 5px\">               <div class=\"kksr-icon\" style=\"width: 24px; height: 24px;\"><\/div>         <\/div>             <div class=\"kksr-star\" data-star=\"4\" style=\"padding-right: 5px\">               <div class=\"kksr-icon\" style=\"width: 24px; height: 24px;\"><\/div>         <\/div>             <div class=\"kksr-star\" data-star=\"5\" style=\"padding-right: 5px\">               <div class=\"kksr-icon\" style=\"width: 24px; height: 24px;\"><\/div>         <\/div>     <\/div>      <div class=\"kksr-stars-active\" style=\"width: 133.8px;\">             <div class=\"kksr-star\" style=\"padding-right: 5px\">               <div class=\"kksr-icon\" style=\"width: 24px; height: 24px;\"><\/div>         <\/div>             <div class=\"kksr-star\" style=\"padding-right: 5px\">               <div class=\"kksr-icon\" style=\"width: 24px; height: 24px;\"><\/div>         <\/div>             <div class=\"kksr-star\" style=\"padding-right: 5px\">               <div class=\"kksr-icon\" style=\"width: 24px; height: 24px;\"><\/div>         <\/div>             <div class=\"kksr-star\" style=\"padding-right: 5px\">               <div class=\"kksr-icon\" style=\"width: 24px; height: 24px;\"><\/div>         <\/div>             <div class=\"kksr-star\" style=\"padding-right: 5px\">               <div class=\"kksr-icon\" style=\"width: 24px; height: 24px;\"><\/div>         <\/div>     <\/div> <\/div>                   <div class=\"kksr-legend\" style=\"font-size: 19.2px;\">             4,7\/5 - (19 votos)    <\/div>     <\/div>  <p>La m\u00e1quina peladora de soja puede eliminar eficazmente la piel exterior de la soja. Esta m\u00e1quina ofrece varias ventajas clave, que incluyen una alta eficiencia de pelado, un da\u00f1o m\u00ednimo a los granos y un rendimiento constante. Cuenta con un mecanismo de pelado avanzado que garantiza una eliminaci\u00f3n completa de la piel y al mismo tiempo preserva la integridad de los granos.<\/p>    <p>Nosotros, Taizy, disponemos de tres tipos de m\u00e1quinas para pelar diferentes granos. Los frijoles pelados no tienen olor a pescado, lo que puede mejorar el sabor de los productos de soja y mejorar la calidad y el valor agregado de los productos de soja. <\/p>    <p>Ahora nuestra m\u00e1quina peladora de soja se ha exportado a muchos pa\u00edses extranjeros. Algunos ejemplos son Nigeria, Togo, Vietnam, Canad\u00e1, Pakist\u00e1n, Camer\u00fan, etc. Y los clientes est\u00e1n muy satisfechos con nuestras m\u00e1quinas.<\/p>    <figure class=\"wp-block-embed is-type-video is-provider-youtube wp-block-embed-youtube wp-embed-aspect-16-9 wp-has-aspect-ratio\"><div class=\"wp-block-embed__wrapper\"> <iframe loading=\"lazy\" title=\"Enfrentamiento del pelador de soja: elecci\u00f3n del mejor modelo para sus necesidades #soybean #soybeans\" width=\"500\" height=\"281\" src=\"https:\/\/www.youtube.com\/embed\/VODibd3Ve0U?feature=oembed\" frameborder=\"0\" allow=\"accelerometer; autoplay; clipboard-write; encrypted-media; gyroscope; picture-in-picture; web-share\" referrerpolicy=\"strict-origin-when-cross-origin\" allowfullscreen><\/iframe> <\/div><figcaption class=\"wp-element-caption\">V\u00eddeo de funcionamiento de la m\u00e1quina peladora de soja.<\/figcaption><\/figure>    <h2 class=\"wp-block-heading\" id=\"h-what-is-a-soybean-peeling-machine\">\u00bfQu\u00e9 es una peladora de soja?<\/h2>    <p>La m\u00e1quina peladora de soja es un equipo que puede quitar y separar la piel de varios frijoles. Esta m\u00e1quina es un modelo profesional de pelado en seco con una velocidad de pelado superior a 95%. Pelar todo tipo de frijoles puede mejorar el sabor de los productos de soya, la calidad y el valor agregado de los productos de soya. Por lo tanto, una peladora de soja es un equipo ideal para eliminar el olor de la soja y mejorar la calidad de los productos de soja.<\/p>    <p class=\"translation-block\">La m\u00e1quina peladora de legumbres tiene calidad fiable, alta eficiencia y ahorro de energ\u00eda, y es f\u00e1cil de operar. Es adecuada para plantas de procesamiento de alimentos, hoteles, hoteles, comedores, hogares profesionales, etc. Adem\u00e1s, tambi\u00e9n tenemos una <a href=\"https:\/\/taizyfarmequipment.com\/es\/producto-2\/peladora-automatica-de-semillas-de-sesamo\/\">m\u00e1quina peladora de semillas de s\u00e9samo<\/a>, que puede pelar el s\u00e9samo de forma limpia. Este art\u00edculo presenta principalmente las m\u00e1quinas peladoras de frijoles.<\/p>    <figure class=\"wp-block-gallery has-nested-images columns-default is-cropped wp-block-gallery-2 is-layout-flex wp-block-gallery-is-layout-flex\"> <figure class=\"wp-block-image size-full\"><img loading=\"lazy\" decoding=\"async\" width=\"720\" height=\"540\" data-id=\"4961\" src=\"https:\/\/taizyfarmequipment.com\/wp-content\/uploads\/2022\/04\/soybean-peeling-machine.webp\" alt=\"peladora de soja\" class=\"wp-image-4961\" title=\"peladora de soja\" srcset=\"https:\/\/taizyfarmequipment.com\/wp-content\/uploads\/2022\/04\/soybean-peeling-machine.webp 720w, https:\/\/taizyfarmequipment.com\/wp-content\/uploads\/2022\/04\/soybean-peeling-machine-300x225.webp 300w, https:\/\/taizyfarmequipment.com\/wp-content\/uploads\/2022\/04\/soybean-peeling-machine-16x12.webp 16w\" sizes=\"auto, (max-width: 720px) 100vw, 720px\" \/><figcaption class=\"wp-element-caption\">peladora de soja<\/figcaption><\/figure>    <figure class=\"wp-block-image size-large\"><img loading=\"lazy\" decoding=\"async\" width=\"720\" height=\"540\" data-id=\"3170\" src=\"https:\/\/taizyfarmequipment.com\/wp-content\/uploads\/2022\/04\/red-bean-peeling-machine1.jpg\" alt=\"\" class=\"wp-image-3170\"\/><figcaption class=\"wp-element-caption\">peladora de frijoles rojos<\/figcaption><\/figure>    <figure class=\"wp-block-image size-large\"><img loading=\"lazy\" decoding=\"async\" width=\"720\" height=\"540\" data-id=\"3171\" src=\"https:\/\/taizyfarmequipment.com\/wp-content\/uploads\/2022\/04\/broad-bean-peeler1.jpg\" alt=\"pelador de habas\" class=\"wp-image-3171\" title=\"pelador de habas\"\/><figcaption class=\"wp-element-caption\">pelador de habas<\/figcaption><\/figure> <\/figure>    <h2 class=\"wp-block-heading\">\u00bfQu\u00e9 materiales puede manejar el pelador de frijoles dom\u00e9stico?<\/h2>    <p>El pelador de frijoles dom\u00e9stico puede procesar garbanzos, frijoles negros, frijoles rojos, soja, lentejas, habas, guisantes, garbanzos, jud\u00edas verdes, frijoles negros, etc. Por lo tanto, este pelador de frijoles a peque\u00f1a escala es multifuncional y puede satisfacer la mayor\u00eda de los las necesidades del usuario.<\/p>    <figure class=\"wp-block-image size-full is-resized\"><img loading=\"lazy\" decoding=\"async\" width=\"720\" height=\"540\" src=\"https:\/\/taizyfarmequipment.com\/wp-content\/uploads\/2022\/04\/various-beans0.jpg\" alt=\"varios frijoles \" class=\"wp-image-3172\" title=\"varios frijoles \"\/><figcaption class=\"wp-element-caption\">varios frijoles <\/figcaption><\/figure>    <h2 class=\"wp-block-heading\">Modelo 1: M\u00e1quina quita piel de soja<\/h2>    <p>Este modelo de pelador de soja puede pelar la piel de frijoles redondos relativamente normales. Por ejemplo, frijoles de ojo negro, frijoles redondos puros, guisantes, frijoles mungo, frijoles negros, soja, frijoles rojos, etc. Esta m\u00e1quina peladora de frijol mungo es de tama\u00f1o peque\u00f1o, liviana, de potencia peque\u00f1a, ocupa menos \u00e1rea y es f\u00e1cil de operar.<\/p>    <figure class=\"wp-block-image size-full\"><img loading=\"lazy\" decoding=\"async\" width=\"720\" height=\"540\" src=\"https:\/\/taizyfarmequipment.com\/wp-content\/uploads\/2022\/04\/beans-peeling-machine-1.webp\" alt=\"peladora de frijoles\" class=\"wp-image-4962\" title=\"peladora de soja\" srcset=\"https:\/\/taizyfarmequipment.com\/wp-content\/uploads\/2022\/04\/beans-peeling-machine-1.webp 720w, https:\/\/taizyfarmequipment.com\/wp-content\/uploads\/2022\/04\/beans-peeling-machine-1-300x225.webp 300w, https:\/\/taizyfarmequipment.com\/wp-content\/uploads\/2022\/04\/beans-peeling-machine-1-16x12.webp 16w\" sizes=\"auto, (max-width: 720px) 100vw, 720px\" \/><figcaption class=\"wp-element-caption\">peladora de frijoles<\/figcaption><\/figure>    <h3 class=\"wp-block-heading\">\u00bfQu\u00e9 construcci\u00f3n es la m\u00e1quina peladora de frijoles rojos?<\/h3>    <p>La m\u00e1quina peladora de frijoles rojos incluye principalmente una caja de distribuci\u00f3n, un recipiente de alimentaci\u00f3n, un motor, un ventilador, una v\u00e1lvula de control de volumen de aire, una tuber\u00eda de red de aire, una salida de material, etc. La estructura general de la m\u00e1quina es compacta y ocupa un \u00e1rea peque\u00f1a.<\/p>    <figure class=\"wp-block-image size-full\"><img loading=\"lazy\" decoding=\"async\" width=\"720\" height=\"540\" src=\"https:\/\/taizyfarmequipment.com\/wp-content\/uploads\/2022\/04\/green-pea-peeling-machine1.jpg\" alt=\"pelador de soja\" class=\"wp-image-3174\" title=\"pelador de soja\"\/><figcaption class=\"wp-element-caption\">pelador de soja<\/figcaption><\/figure>    <h3 class=\"wp-block-heading\">\u00bfCu\u00e1l es la especificaci\u00f3n del pelador de frijol mungo?<\/h3>    <figure class=\"wp-block-table\"><table><tbody><tr><td>Modelo<\/td><td>TZ-10<\/td><\/tr><tr><td>Peso<\/td><td>200 kilos<\/td><\/tr><tr><td>Tama\u00f1o<\/td><td>190*140*75cm<\/td><\/tr><tr><td>Capacidad<\/td><td>300-400kg\/h<\/td><\/tr><tr><td>Fuerza<\/td><td>5,5 kw+1,5 kw<\/td><\/tr><\/tbody><\/table><figcaption class=\"wp-element-caption\">Especificaciones del pelador de frijol mungo<\/figcaption><\/figure>    <h2 class=\"wp-block-heading\">Modelo 2: Peladora de lentejas<\/h2>    <p>Esta m\u00e1quina peladora de lentejas puede quitar la piel de los frijoles tanto redonda como plana. La funci\u00f3n de la m\u00e1quina es m\u00e1s potente. Y el poder de esta m\u00e1quina es un motor el\u00e9ctrico. Se puede ajustar la intensidad del pelado de esta m\u00e1quina. Los clientes pueden ajustar la fuerza de la m\u00e1quina seg\u00fan sus necesidades. <\/p>    <p>La m\u00e1quina peladora de lentejas est\u00e1 equipada con un cicl\u00f3n que puede recoger diversas impurezas. Por tanto, los frijoles pelados quedan m\u00e1s limpios y se pueden vender directamente en bolsas.<\/p>    <figure class=\"wp-block-image size-full is-resized\"><img loading=\"lazy\" decoding=\"async\" width=\"720\" height=\"540\" src=\"https:\/\/taizyfarmequipment.com\/wp-content\/uploads\/2022\/04\/red-bean-peeling-machine1-1.jpg\" alt=\"pelador de soja\" class=\"wp-image-3175\" title=\"pelador de soja\"\/><figcaption class=\"wp-element-caption\">pelador de soja<\/figcaption><\/figure>    <h3 class=\"wp-block-heading\">\u00bfCu\u00e1l es la estructura de la m\u00e1quina peladora de frijoles?<\/h3>    <p>La m\u00e1quina peladora de frijoles incluye principalmente una tolva, un cicl\u00f3n, un dispositivo de pelado, un sistema de ajuste de presi\u00f3n de pelado, una salida, un motor, etc. Este tipo de m\u00e1quina peladora puede procesar m\u00e1s frijoles.<\/p>    <figure class=\"wp-block-image size-full\"><img loading=\"lazy\" decoding=\"async\" width=\"720\" height=\"540\" src=\"https:\/\/taizyfarmequipment.com\/wp-content\/uploads\/2022\/04\/soybean-peeling-machine-2.jpg\" alt=\"peladora de soja \" class=\"wp-image-3177\" title=\"peladora de soja \"\/><figcaption class=\"wp-element-caption\">peladora de soja <\/figcaption><\/figure>    <h3 class=\"wp-block-heading\">Especificaci\u00f3n de par\u00e1metros del <a href=\"https:\/\/en.wikipedia.org\/wiki\/Soybean\" data-type=\"link\" data-id=\"https:\/\/en.wikipedia.org\/wiki\/Soybean\" target=\"_blank\" rel=\"noopener\">haba de soja<\/a> peladora<\/h3>    <figure class=\"wp-block-table\"><table><tbody><tr><td>Modelo<\/td><td>T18<\/td><\/tr><tr><td>Fuerza<\/td><td>15kW<\/td><\/tr><tr><td>Capacidad<\/td><td>500 kg\/h<\/td><\/tr><tr><td>Tama\u00f1o<\/td><td>1800*1200*2150mm<\/td><\/tr><\/tbody><\/table><figcaption class=\"wp-element-caption\">Par\u00e1metro de la m\u00e1quina peladora de soja.<\/figcaption><\/figure>    <h2 class=\"wp-block-heading\">Modelo 3: Peladora de habas<\/h2>    <p>Esta peladora de habas tiene una forma muy diferente a los dos modelos anteriores. La m\u00e1quina peladora de habas se utiliza principalmente para frijoles con formas irregulares y part\u00edculas grandes, como habas y habas. <\/p>    <p>La m\u00e1quina peladora de habas es f\u00e1cil de operar, tiene pocas part\u00edculas rotas, buen efecto de pelado, tiene una apariencia hermosa, un rendimiento confiable y una protecci\u00f3n ambiental ecol\u00f3gica. Es adecuado para peque\u00f1as f\u00e1bricas de procesamiento de habas o f\u00e1bricas de alimentos. La potencia de la m\u00e1quina es tambi\u00e9n el motor.<\/p>    <figure class=\"wp-block-image size-full\"><img loading=\"lazy\" decoding=\"async\" width=\"720\" height=\"540\" src=\"https:\/\/taizyfarmequipment.com\/wp-content\/uploads\/2022\/04\/broad-bean-peeler-2.jpg\" alt=\"pelador de habas\" class=\"wp-image-3178\" title=\"pelador de habas\"\/><figcaption class=\"wp-element-caption\">pelador de habas<\/figcaption><\/figure>    <h3 class=\"wp-block-heading\">\u00bfCu\u00e1les son los componentes del pelador de piel de habas?<\/h3>    <p>Este pelador de habas tiene una estructura simple. Incluye principalmente una tolva de granos, un panel de control, un dispositivo pelador, una salida de granos, etc.<\/p>    <figure class=\"wp-block-image size-full\"><img loading=\"lazy\" decoding=\"async\" width=\"720\" height=\"540\" src=\"https:\/\/taizyfarmequipment.com\/wp-content\/uploads\/2022\/04\/Fava-beans-skin-peeler-2.jpg\" alt=\"Pelador de piel de habas \" class=\"wp-image-3179\" title=\"Pelador de piel de habas \"\/><figcaption class=\"wp-element-caption\">Pelador de piel de habas <\/figcaption><\/figure>    <h3 class=\"wp-block-heading\">Detalles de la peladora de soja.<\/h3>    <figure class=\"wp-block-table\"><table><tbody><tr><td>Tama\u00f1o<\/td><td>1000*1150*1400mm<\/td><\/tr><tr><td>Fuerza<\/td><td>5kW<\/td><\/tr><tr><td>Capacidad<\/td><td>200 kg\/h<\/td><\/tr><tr><td>Peso<\/td><td>400 kg<\/td><\/tr><\/tbody><\/table><figcaption class=\"wp-element-caption\">Informaci\u00f3n detallada de la m\u00e1quina peladora de soja<\/figcaption><\/figure>    <h2 class=\"wp-block-heading\">\u00bfC\u00f3mo funciona la peladora de frijoles secos?<\/h2>    <p>Durante el trabajo, el material se pela entre los dos discos trituradores desde la tolva de alimentaci\u00f3n a trav\u00e9s del dispositivo transportador de sinf\u00edn. El objetivo de pelar o triturar se consigue mediante la rotaci\u00f3n diferencial de los dos discos trituradores. <\/p>    <p>Cuando la soja pasa a trav\u00e9s de la c\u00e1mara de separaci\u00f3n despu\u00e9s de pelarla, bajo la acci\u00f3n del viento, la parte de la fruta se descarga a trav\u00e9s de la salida, y la piel y el polvo residual se descargan a trav\u00e9s de la salida con el aire, completando as\u00ed el proceso de pelado.<\/p>    <figure class=\"wp-block-gallery has-nested-images columns-default is-cropped wp-block-gallery-3 is-layout-flex wp-block-gallery-is-layout-flex\"> <figure class=\"wp-block-image size-full\"><img loading=\"lazy\" decoding=\"async\" width=\"720\" height=\"540\" data-id=\"4963\" src=\"https:\/\/taizyfarmequipment.com\/wp-content\/uploads\/2022\/04\/Lentils-peeling-machine-1.webp\" alt=\"Peladora de lentejas\" class=\"wp-image-4963\" srcset=\"https:\/\/taizyfarmequipment.com\/wp-content\/uploads\/2022\/04\/Lentils-peeling-machine-1.webp 720w, https:\/\/taizyfarmequipment.com\/wp-content\/uploads\/2022\/04\/Lentils-peeling-machine-1-300x225.webp 300w, https:\/\/taizyfarmequipment.com\/wp-content\/uploads\/2022\/04\/Lentils-peeling-machine-1-16x12.webp 16w\" sizes=\"auto, (max-width: 720px) 100vw, 720px\" \/><figcaption class=\"wp-element-caption\">Peladora de lentejas<\/figcaption><\/figure>    <figure class=\"wp-block-image size-full\"><img loading=\"lazy\" decoding=\"async\" width=\"720\" height=\"540\" data-id=\"4965\" src=\"https:\/\/taizyfarmequipment.com\/wp-content\/uploads\/2022\/04\/soybean-peeling-machine-price.webp\" alt=\"precio de la m\u00e1quina peladora de soja\" class=\"wp-image-4965\" srcset=\"https:\/\/taizyfarmequipment.com\/wp-content\/uploads\/2022\/04\/soybean-peeling-machine-price.webp 720w, https:\/\/taizyfarmequipment.com\/wp-content\/uploads\/2022\/04\/soybean-peeling-machine-price-300x225.webp 300w, https:\/\/taizyfarmequipment.com\/wp-content\/uploads\/2022\/04\/soybean-peeling-machine-price-16x12.webp 16w\" sizes=\"auto, (max-width: 720px) 100vw, 720px\" \/><figcaption class=\"wp-element-caption\">precio de la m\u00e1quina peladora de soja<\/figcaption><\/figure> <\/figure>    <h2 class=\"wp-block-heading\">\u00bfPor qu\u00e9 necesitamos pelar los frijoles?<\/h2>    <p>Productos de procesamiento profundo de soja, como tofu, yuba, leche de soja, aceite de soja, tambor de frijol, salsa de soja, leche de soja, harina de soja y otros productos de soja. Con la mejora continua de varios procesos, la mayor\u00eda de las f\u00e1bricas procesadoras de soja y de alimentos han comenzado a pelar la soja primero y luego a procesarla.<\/p>    <ol class=\"wp-block-list\"> <li>El descascarado puede reducir la cantidad de bacterias y mejorar el sabor de los productos de soya.<\/li>    <li>Reduzca la desnaturalizaci\u00f3n t\u00e9rmica de la prote\u00edna almacenada, acorte el tiempo de calentamiento necesario para la pasivaci\u00f3n de la lipoxigenasa y evite el oscurecimiento.<\/li>    <li>Mejorar el contenido de prote\u00ednas de la harina de soja y reducir el contenido de celulosa.<\/li> <\/ol>    <figure class=\"wp-block-image size-full\"><img loading=\"lazy\" decoding=\"async\" width=\"720\" height=\"541\" src=\"https:\/\/taizyfarmequipment.com\/wp-content\/uploads\/2022\/04\/Various-soy-products-.jpg\" alt=\"Varios productos de soja\" class=\"wp-image-3181\" title=\"Varios productos de soja\"\/><figcaption class=\"wp-element-caption\">Varios productos de soja<\/figcaption><\/figure>    <h2 class=\"wp-block-heading\">\u00bfCu\u00e1les son las ventajas de la m\u00e1quina peladora de soja a peque\u00f1a escala?<\/h2>    <ul class=\"wp-block-list\"> <li>Todos los modelos de m\u00e1quinas son f\u00e1ciles de operar. Simplemente encienda la m\u00e1quina y coloque el material en ella, no se requieren otras acciones.<\/li>    <li>El pelador de frijoles a peque\u00f1a escala puede separar limpiamente la piel, el grano y el ombligo negro. El producto terminado despu\u00e9s del pelado est\u00e1 limpio y se puede vender directamente sin limpieza secundaria.<\/li>    <li>El producto final tiene pocas part\u00edculas rotas, un buen efecto de exfoliaci\u00f3n y una apariencia hermosa.<\/li>    <li>El material del pelador de frijoles dom\u00e9stico es excelente, el rendimiento es confiable y es ecol\u00f3gico y ecol\u00f3gico.<\/li>    <li>Peladora de jud\u00edas multiusos. Una m\u00e1quina puede descascarar una variedad de granos. ahorrar tiempo y energ\u00eda.<\/li> <\/ul>    <h2 class=\"wp-block-heading\">\u00a1Dejen sus mensajes!<\/h2>    <figure class=\"wp-block-image size-full\"><img loading=\"lazy\" decoding=\"async\" width=\"720\" height=\"540\" src=\"https:\/\/taizyfarmequipment.com\/wp-content\/uploads\/2022\/04\/red-bean-peeler-machine.webp\" alt=\"peladora de frijoles rojos\" class=\"wp-image-4568\" srcset=\"https:\/\/taizyfarmequipment.com\/wp-content\/uploads\/2022\/04\/red-bean-peeler-machine.webp 720w, https:\/\/taizyfarmequipment.com\/wp-content\/uploads\/2022\/04\/red-bean-peeler-machine-300x225.webp 300w, https:\/\/taizyfarmequipment.com\/wp-content\/uploads\/2022\/04\/red-bean-peeler-machine-16x12.webp 16w\" sizes=\"auto, (max-width: 720px) 100vw, 720px\" \/><figcaption class=\"wp-element-caption\">peladora de frijoles rojos<\/figcaption><\/figure>    <p>La peladora de soja destaca por su eficiencia, durabilidad y versatilidad, convirti\u00e9ndola en una opci\u00f3n ideal para el procesamiento de soja. Ya sea que su operaci\u00f3n sea a peque\u00f1a o gran escala, esta m\u00e1quina puede mejorar significativamente la eficiencia de su producci\u00f3n y la calidad del producto. <\/p>    <p>Cont\u00e1ctenos hoy para obtener m\u00e1s informaci\u00f3n sobre la m\u00e1quina peladora de soja y solicitar los precios m\u00e1s recientes. \u00a1Esperamos asociarnos con usted para llevar su negocio al siguiente nivel!<\/p>","protected":false},"excerpt":{"rendered":"<p>Las m\u00e1quinas peladoras de soja pueden quitar y separar la piel de varios frijoles. Su tasa de pelado est\u00e1 por encima de 95%.<\/p>","protected":false},"author":1,"featured_media":3168,"parent":0,"template":"","tags":[317,316],"product-type":[131],"class_list":["post-3167","product","type-product","status-publish","has-post-thumbnail","hentry","tag-peeling-machine","tag-soybean","product-type-grains-peeling-machine"],"_links":{"self":[{"href":"https:\/\/taizyfarmequipment.com\/es\/wp-json\/wp\/v2\/product\/3167","targetHints":{"allow":["GET"]}}],"collection":[{"href":"https:\/\/taizyfarmequipment.com\/es\/wp-json\/wp\/v2\/product"}],"about":[{"href":"https:\/\/taizyfarmequipment.com\/es\/wp-json\/wp\/v2\/types\/product"}],"author":[{"embeddable":true,"href":"https:\/\/taizyfarmequipment.com\/es\/wp-json\/wp\/v2\/users\/1"}],"wp:featuredmedia":[{"embeddable":true,"href":"https:\/\/taizyfarmequipment.com\/es\/wp-json\/wp\/v2\/media\/3168"}],"wp:attachment":[{"href":"https:\/\/taizyfarmequipment.com\/es\/wp-json\/wp\/v2\/media?parent=3167"}],"wp:term":[{"taxonomy":"post_tag","embeddable":true,"href":"https:\/\/taizyfarmequipment.com\/es\/wp-json\/wp\/v2\/tags?post=3167"},{"taxonomy":"product-type","embeddable":true,"href":"https:\/\/taizyfarmequipment.com\/es\/wp-json\/wp\/v2\/product-type?post=3167"}],"curies":[{"name":"wp","href":"https:\/\/api.w.org\/{rel}","templated":true}]}}