{"id":3215,"date":"2022-04-13T08:39:45","date_gmt":"2022-04-13T08:39:45","guid":{"rendered":"https:\/\/taizyfarmequipment.com\/?post_type=product&#038;p=3215"},"modified":"2025-11-26T16:24:17","modified_gmt":"2025-11-26T08:24:17","slug":"equipo-de-cosecha-de-mani","status":"publish","type":"product","link":"https:\/\/taizyfarmequipment.com\/es\/product\/peanut-harvesting-equipment\/","title":{"rendered":"M\u00e1quina cosechadora de man\u00ed | Cosechadora de man\u00ed"},"content":{"rendered":"<div class=\"kk-star-ratings kksr-auto kksr-align-left kksr-valign-top\"     data-payload='{&quot;align&quot;:&quot;left&quot;,&quot;id&quot;:&quot;3215&quot;,&quot;slug&quot;:&quot;default&quot;,&quot;valign&quot;:&quot;top&quot;,&quot;ignore&quot;:&quot;&quot;,&quot;reference&quot;:&quot;auto&quot;,&quot;class&quot;:&quot;&quot;,&quot;count&quot;:&quot;26&quot;,&quot;legendonly&quot;:&quot;&quot;,&quot;readonly&quot;:&quot;&quot;,&quot;score&quot;:&quot;4.8&quot;,&quot;starsonly&quot;:&quot;&quot;,&quot;best&quot;:&quot;5&quot;,&quot;gap&quot;:&quot;5&quot;,&quot;greet&quot;:&quot;Rate this product&quot;,&quot;legend&quot;:&quot;4.8\\\/5 - (26 votos)&quot;,&quot;size&quot;:&quot;24&quot;,&quot;title&quot;:&quot;Peanut harvesting machine | Groundnut harvester&quot;,&quot;width&quot;:&quot;136.7&quot;,&quot;_legend&quot;:&quot;{score}\\\/{best} - ({count} {votes})&quot;,&quot;font_factor&quot;:&quot;1.25&quot;}'>              <div class=\"kksr-stars\">      <div class=\"kksr-stars-inactive\">             <div class=\"kksr-star\" data-star=\"1\" style=\"padding-right: 5px\">               <div class=\"kksr-icon\" style=\"width: 24px; height: 24px;\"><\/div>         <\/div>             <div class=\"kksr-star\" data-star=\"2\" style=\"padding-right: 5px\">               <div class=\"kksr-icon\" style=\"width: 24px; height: 24px;\"><\/div>         <\/div>             <div class=\"kksr-star\" data-star=\"3\" style=\"padding-right: 5px\">               <div class=\"kksr-icon\" style=\"width: 24px; height: 24px;\"><\/div>         <\/div>             <div class=\"kksr-star\" data-star=\"4\" style=\"padding-right: 5px\">               <div class=\"kksr-icon\" style=\"width: 24px; height: 24px;\"><\/div>         <\/div>             <div class=\"kksr-star\" data-star=\"5\" style=\"padding-right: 5px\">               <div class=\"kksr-icon\" style=\"width: 24px; height: 24px;\"><\/div>         <\/div>     <\/div>      <div class=\"kksr-stars-active\" style=\"width: 136.7px;\">             <div class=\"kksr-star\" style=\"padding-right: 5px\">               <div class=\"kksr-icon\" style=\"width: 24px; height: 24px;\"><\/div>         <\/div>             <div class=\"kksr-star\" style=\"padding-right: 5px\">               <div class=\"kksr-icon\" style=\"width: 24px; height: 24px;\"><\/div>         <\/div>             <div class=\"kksr-star\" style=\"padding-right: 5px\">               <div class=\"kksr-icon\" style=\"width: 24px; height: 24px;\"><\/div>         <\/div>             <div class=\"kksr-star\" style=\"padding-right: 5px\">               <div class=\"kksr-icon\" style=\"width: 24px; height: 24px;\"><\/div>         <\/div>             <div class=\"kksr-star\" style=\"padding-right: 5px\">               <div class=\"kksr-icon\" style=\"width: 24px; height: 24px;\"><\/div>         <\/div>     <\/div> <\/div>                   <div class=\"kksr-legend\" style=\"font-size: 19.2px;\">             4,8\/5 - (26 votos)    <\/div>     <\/div>  <p class=\"translation-block\">La <strong>m\u00e1quina cosechadora de cacahuete<\/strong> agiliza el proceso de recolecci\u00f3n, combinando funciones de excavaci\u00f3n, aflojado, transporte, sacudido y tendido. Accionada por tractores de m\u00e1s de 30 caballos de fuerza, esta m\u00e1quina ofrece una eficiencia excepcional y un proceso operativo fluido, minimizando la p\u00e9rdida de fruto y asegurando resultados de alta calidad. <\/p>    <p class=\"translation-block\">Con una capacidad de <strong>1300-2000\u33a1\/h<\/strong>, es ideal para el cultivo de cacahuete a gran escala. Nuestras m\u00e1quinas cosechadoras de cacahuete se han exportado ampliamente a pa\u00edses como Italia, Senegal, Sud\u00e1frica y Ghana, donde son muy apreciadas por su fiabilidad y rendimiento.<\/p>    <figure class=\"wp-block-embed is-type-video is-provider-youtube wp-block-embed-youtube wp-embed-aspect-16-9 wp-has-aspect-ratio\"><div class=\"wp-block-embed__wrapper\"> <iframe loading=\"lazy\" title=\"El arte del mantenimiento: mantener las cosechadoras de man\u00ed funcionando sin problemas #farming #peanut #groundnut\" width=\"500\" height=\"281\" src=\"https:\/\/www.youtube.com\/embed\/uj-5wb4jFbk?feature=oembed\" frameborder=\"0\" allow=\"accelerometer; autoplay; clipboard-write; encrypted-media; gyroscope; picture-in-picture; web-share\" referrerpolicy=\"strict-origin-when-cross-origin\" allowfullscreen><\/iframe> <\/div><figcaption class=\"wp-element-caption\">video de trabajo de la cosechadora de man\u00ed<\/figcaption><\/figure>    <h2 class=\"wp-block-heading\" id=\"h-introduction-of-the-peanut-harvesting-equipment\">Vendo maquina cosechadora de man\u00ed<\/h2>    <p class=\"translation-block\">La <strong>m\u00e1quina cosechadora de cacahuetes<\/strong> es un equipo montado en tractor, altamente eficiente, dise\u00f1ado para simplificar la recolecci\u00f3n de cacahuetes. Funciona transmitiendo potencia a trav\u00e9s de la Toma de Fuerza (TDF) del tractor. <\/p>    <p>Esta m\u00e1quina combina funciones de excavaci\u00f3n, sacudida del suelo y colocaci\u00f3n para proporcionar un proceso de cosecha perfecto, asegurando que el man\u00ed se extraiga con un da\u00f1o m\u00ednimo y se prepare para su posterior procesamiento.<\/p>    <figure class=\"wp-block-image size-full\"><img loading=\"lazy\" decoding=\"async\" width=\"720\" height=\"540\" src=\"https:\/\/taizyfarmequipment.com\/wp-content\/uploads\/2025\/04\/groundnut-collecting-machine.webp\" alt=\"m\u00e1quina de colecci\u00f3n de cacahuete\" class=\"wp-image-4825\" srcset=\"https:\/\/taizyfarmequipment.com\/wp-content\/uploads\/2025\/04\/groundnut-collecting-machine.webp 720w, https:\/\/taizyfarmequipment.com\/wp-content\/uploads\/2025\/04\/groundnut-collecting-machine-300x225.webp 300w, https:\/\/taizyfarmequipment.com\/wp-content\/uploads\/2025\/04\/groundnut-collecting-machine-16x12.webp 16w\" sizes=\"auto, (max-width: 720px) 100vw, 720px\" \/><figcaption class=\"wp-element-caption\">m\u00e1quina de colecci\u00f3n de cacahuete<\/figcaption><\/figure>    <h2 class=\"wp-block-heading\">Componentes principales de la m\u00e1quina cosechadora de man\u00ed.<\/h2>    <div class=\"wp-block-media-text has-media-on-the-right is-stacked-on-mobile\"><div class=\"wp-block-media-text__content\"> <p>La m\u00e1quina cosechadora de man\u00ed incluye principalmente una pala excavadora, toma de fuerza, bastidor, cinta transportadora, criba vibratoria, manija de transmisi\u00f3n, salida de bisel y ruedas. <\/p>    <p>Toda la m\u00e1quina tiene una estructura compacta, operaci\u00f3n simple y alta eficiencia de trabajo.<\/p> <\/div><figure class=\"wp-block-media-text__media\"><img loading=\"lazy\" decoding=\"async\" width=\"720\" height=\"540\" src=\"https:\/\/taizyfarmequipment.com\/wp-content\/uploads\/2022\/04\/groundnut-harvesting-machine0.jpg\" alt=\"m\u00e1quina cosechadora de man\u00ed\" class=\"wp-image-3219 size-full\"\/><\/figure><\/div>    <h2 class=\"wp-block-heading\"><strong>\u00bfC\u00f3mo funciona la m\u00e1quina de cosecha de man\u00ed?<\/strong>?<\/h2>    <div class=\"wp-block-media-text is-stacked-on-mobile\"><figure class=\"wp-block-media-text__media\"><img loading=\"lazy\" decoding=\"async\" width=\"720\" height=\"540\" src=\"https:\/\/taizyfarmequipment.com\/wp-content\/uploads\/2022\/04\/groundnut-harvester_720_540.jpg\" alt=\"cosechadora de man\u00ed\" class=\"wp-image-3217 size-full\"\/><\/figure><div class=\"wp-block-media-text__content\"> <ul class=\"wp-block-list\"> <li><strong>Excavar y levantar<\/strong> <ul class=\"wp-block-list\"> <li>La pala de excavaci\u00f3n corta la ra\u00edz principal de la planta de cacahuate aproximadamente 10 cm por debajo de la superficie del suelo.<\/li>    <li>Los cacahuetes emergen del suelo a lo largo de la superficie de la pala, minimizando la perturbaci\u00f3n.<\/li> <\/ul> <\/li>    <li><strong>Separaci\u00f3n del suelo<\/strong> <ul class=\"wp-block-list\"> <li>Las barras de rejilla en la parte posterior de la pala permiten que la tierra escape de manera eficiente.<\/li>    <li>Esta caracter\u00edstica garantiza que las plantas de man\u00ed limpias se coloquen en tiras, listas para ser recolectadas.<\/li> <\/ul> <\/li>    <li><strong>recogida manual<\/strong> <ul class=\"wp-block-list\"> <li>Despu\u00e9s de colocarlos en tiras, los cacahuetes se recogen manualmente y se preparan para su posterior procesamiento.<\/li> <\/ul> <\/li> <\/ul> <\/div><\/div>    <h2 class=\"wp-block-heading\"><strong>Equipo adicional para procesamiento de man\u00ed.<\/strong><\/h2>    <ul class=\"wp-block-list\"> <li><strong><a href=\"https:\/\/taizyfarmequipment.com\/es\/producto-2\/recolector-de-mani\/\" data-type=\"link\" data-id=\"https:\/\/taizyfarmequipment.com\/product\/peanut-picker\/\">Recolector de man\u00ed<\/a><\/strong>. Separa f\u00e1cilmente el man\u00ed de las pl\u00e1ntulas, agilizando las operaciones poscosecha.<\/li>    <li><strong><a href=\"https:\/\/taizyfarmequipment.com\/es\/producto-2\/maquina-combinada-de-limpieza-y-descascarado-de-mani\/\" data-type=\"link\" data-id=\"https:\/\/taizyfarmequipment.com\/product\/combined-peanut-shelling-and-cleaning-machine\/\">Desgranadora de man\u00ed<\/a><\/strong>. Procesa man\u00ed cosechado con un alto nivel de precisi\u00f3n, garantizando resultados limpios y una baja tasa de rotura.<\/li> <\/ul>    <figure class=\"wp-block-gallery has-nested-images columns-default is-cropped wp-block-gallery-2 is-layout-flex wp-block-gallery-is-layout-flex\"> <figure class=\"wp-block-image size-large\"><img loading=\"lazy\" decoding=\"async\" width=\"720\" height=\"540\" data-id=\"4315\" src=\"https:\/\/taizyfarmequipment.com\/wp-content\/uploads\/2024\/01\/peanut-picker-machine-price.webp\" alt=\"precio de la m\u00e1quina recolectora de man\u00ed\" class=\"wp-image-4315\" srcset=\"https:\/\/taizyfarmequipment.com\/wp-content\/uploads\/2024\/01\/peanut-picker-machine-price.webp 720w, https:\/\/taizyfarmequipment.com\/wp-content\/uploads\/2024\/01\/peanut-picker-machine-price-300x225.webp 300w\" sizes=\"auto, (max-width: 720px) 100vw, 720px\" \/><figcaption class=\"wp-element-caption\">precio de la m\u00e1quina recolectora de man\u00ed<\/figcaption><\/figure>    <figure class=\"wp-block-image size-large\"><img loading=\"lazy\" decoding=\"async\" width=\"720\" height=\"540\" data-id=\"4154\" src=\"https:\/\/taizyfarmequipment.com\/wp-content\/uploads\/2023\/07\/Automatic-peanut-sheller-1-1.webp\" alt=\"desgranadora de man\u00ed autom\u00e1tica\" class=\"wp-image-4154\"\/><figcaption class=\"wp-element-caption\">desgranadora de man\u00ed autom\u00e1tica<\/figcaption><\/figure> <\/figure>    <p class=\"translation-block\">Esta <strong>m\u00e1quina cosechadora de cacahuete<\/strong> es ideal para agricultores que buscan eficiencia y rendimiento de alta calidad. Su dise\u00f1o es adecuado para diversos tipos de suelo y condiciones de cosecha, lo que la convierte en una inversi\u00f3n valiosa para operaciones agr\u00edcolas a gran escala. \u00a1Cont\u00e1ctenos hoy para m\u00e1s detalles sobre disponibilidad y personalizaci\u00f3n!<\/p>    <h2 class=\"wp-block-heading\">\u00bfCu\u00e1l es la funci\u00f3n de cada parte de la cosechadora de man\u00ed?<\/h2>    <p class=\"translation-block\">La <strong>m\u00e1quina cosechadora de cacahuete<\/strong> es una herramienta agr\u00edcola sofisticada con varios componentes, cada uno dise\u00f1ado para realizar tareas espec\u00edficas. Estas partes trabajan juntas de forma armoniosa para garantizar una recolecci\u00f3n eficiente y de alta calidad.<\/p>    <h3 class=\"wp-block-heading\"><strong>Componentes clave y sus funciones.<\/strong><\/h3>    <div class=\"wp-block-media-text is-stacked-on-mobile\"><figure class=\"wp-block-media-text__media\"><img loading=\"lazy\" decoding=\"async\" width=\"720\" height=\"540\" src=\"https:\/\/taizyfarmequipment.com\/wp-content\/uploads\/2022\/04\/structure-of-the-peanut-harvesting-equipmeny-0.jpg\" alt=\"estructura de la m\u00e1quina cosechadora de man\u00ed\" class=\"wp-image-3226 size-full\"\/><\/figure><div class=\"wp-block-media-text__content\"> <ul class=\"wp-block-list\"> <li>La cuchilla excavadora se introduce suavemente en el suelo y saca los cacahuetes sin da\u00f1arlos, preservando su calidad para el procesamiento posterior a la cosecha.<\/li>    <li>El sistema de Toma de Fuerza (PTO) transfiere potencia del tractor a la cosechadora, impulsando m\u00faltiples funciones de la m\u00e1quina para un funcionamiento suave.<\/li> <\/ul> <\/div><\/div>    <div class=\"wp-block-media-text has-media-on-the-right is-stacked-on-mobile\"><div class=\"wp-block-media-text__content\"> <ul class=\"wp-block-list\"> <li>El mecanismo de la cinta transportadora transporta los cacahuetes excavados a la siguiente etapa de procesamiento, asegurando un flujo de trabajo continuo y eficiente.<\/li>    <li>La pantalla de vibraci\u00f3n elimina el suelo y los escombros de las vainas de cacahuete, manteni\u00e9ndolas limpias y listas para un manejo posterior.<\/li>    <li>La salida de \u00e1ngulo de precisi\u00f3n organiza los cacahuetes y pl\u00e1ntulas en filas ordenadas, facilitando la recolecci\u00f3n y haci\u00e9ndola m\u00e1s eficiente.<\/li> <\/ul> <\/div><figure class=\"wp-block-media-text__media\"><img loading=\"lazy\" decoding=\"async\" width=\"720\" height=\"540\" src=\"https:\/\/taizyfarmequipment.com\/wp-content\/uploads\/2022\/04\/automatic-Peanut-harvesting-equipment.webp\" alt=\"equipo autom\u00e1tico de recolecci\u00f3n de man\u00ed\" class=\"wp-image-4437 size-full\" srcset=\"https:\/\/taizyfarmequipment.com\/wp-content\/uploads\/2022\/04\/automatic-Peanut-harvesting-equipment.webp 720w, https:\/\/taizyfarmequipment.com\/wp-content\/uploads\/2022\/04\/automatic-Peanut-harvesting-equipment-300x225.webp 300w, https:\/\/taizyfarmequipment.com\/wp-content\/uploads\/2022\/04\/automatic-Peanut-harvesting-equipment-16x12.webp 16w\" sizes=\"auto, (max-width: 720px) 100vw, 720px\" \/><\/figure><\/div>    <p class=\"translation-block\">La <strong>m\u00e1quina cosechadora de cacahuete<\/strong> combina estos componentes para ofrecer un proceso de cosecha suave, eficiente y de alto rendimiento. Esto la convierte en una herramienta indispensable para las operaciones modernas de cultivo de cacahuete.<\/p>    <h2 class=\"wp-block-heading\">\u00bfCu\u00e1les son las especificaciones detalladas de una cosechadora autom\u00e1tica de man\u00ed?<\/h2>    <figure class=\"wp-block-table\"><table><tbody><tr><td>Modelo<\/td><td>HS-800<\/td><\/tr><tr><td>Fuerza<\/td><td>Tractor de 20-35 CV<\/td><\/tr><tr><td>Capacidad<\/td><td>1300-2000\u33a1\/h<\/td><\/tr><tr><td>Ancho de cosecha<\/td><td>800 mm<\/td><\/tr><tr><td>Peso<\/td><td>280 kilos<\/td><\/tr><tr><td>Tama\u00f1o<\/td><td>2100*1050*1030mm<\/td><\/tr><tr><td>Tasa de embalaje<\/td><td>\u226598%<\/td><\/tr><tr><td>Tasa de ruptura<\/td><td>\u22641%<\/td><\/tr><tr><td>Tasa de limpieza<\/td><td>\u226595%<\/td><\/tr><tr><td>Ancho de la cosechadora<\/td><td>dos filas<\/td><\/tr><tr><td>Distancia entre filas<\/td><td>750-850 mm<\/td><\/tr><tr><td>Distancia entre filas<\/td><td>180-250 mm<\/td><\/tr><tr><td>Dimensi\u00f3n<\/td><td>2100*1050*1030mm<\/td><\/tr><\/tbody><\/table><figcaption class=\"wp-element-caption\">Especificaciones de la cosechadora autom\u00e1tica de man\u00ed<\/figcaption><\/figure>    <h2 class=\"wp-block-heading\">\u00bfC\u00f3mo funciona una cosechadora autom\u00e1tica de man\u00ed?<\/h2>    <figure class=\"wp-block-embed is-type-video is-provider-youtube wp-block-embed-youtube wp-embed-aspect-16-9 wp-has-aspect-ratio\"><div class=\"wp-block-embed__wrapper\"> <iframe loading=\"lazy\" title=\"\u00a1C\u00f3mo una cosechadora de man\u00ed aumenta la productividad agr\u00edcola! #man\u00ed #man\u00ed #agricultura #agricultura\" width=\"500\" height=\"281\" src=\"https:\/\/www.youtube.com\/embed\/pwE8-4GJ9Hs?feature=oembed\" frameborder=\"0\" allow=\"accelerometer; autoplay; clipboard-write; encrypted-media; gyroscope; picture-in-picture; web-share\" referrerpolicy=\"strict-origin-when-cross-origin\" allowfullscreen><\/iframe> <\/div><figcaption class=\"wp-element-caption\">Proceso de trabajo de la m\u00e1quina recolectora de man\u00ed.<\/figcaption><\/figure>    <h2 class=\"wp-block-heading\">\u00bfCu\u00e1les son las ventajas de la cosechadora de cacahuetes?<\/h2>    <div class=\"wp-block-media-text is-stacked-on-mobile\"><figure class=\"wp-block-media-text__media\"><img loading=\"lazy\" decoding=\"async\" width=\"720\" height=\"540\" src=\"https:\/\/taizyfarmequipment.com\/wp-content\/uploads\/2022\/04\/peanut-harvesting-equipment-2.jpg\" alt=\"equipo de cosecha de man\u00ed\" class=\"wp-image-3220 size-full\"\/><\/figure><div class=\"wp-block-media-text__content\"> <ul class=\"wp-block-list\"> <li>La m\u00e1quina de cosecha de cacahuetes ofrece una eficiencia excepcional al mantener operaciones de cosecha suaves y continuas.<\/li>    <li>Una pantalla vibrante integrada asegura resultados de cosecha limpios al eliminar efectivamente el suelo y la arena de las vainas de man\u00ed.<\/li> <\/ul> <\/div><\/div>    <div class=\"wp-block-media-text has-media-on-the-right is-stacked-on-mobile\"><div class=\"wp-block-media-text__content\"> <ul class=\"wp-block-list\"> <li>La m\u00e1quina tiene una baja tasa de fallos gracias a su robusto sistema de cadena y dise\u00f1o bien ingenierizado.<\/li>    <li>Ofrece una versatilidad de adaptaci\u00f3n al suelo, funcionando bien en tierras secas, humedales, suelos arenosos y terrenos mixtos.<\/li>    <li>El sistema de cadena permite un suave movimiento del suelo y transporte de cacahuetes, reduciendo el mantenimiento y aumentando la durabilidad.<\/li> <\/ul> <\/div><figure class=\"wp-block-media-text__media\"><img loading=\"lazy\" decoding=\"async\" width=\"720\" height=\"540\" src=\"https:\/\/taizyfarmequipment.com\/wp-content\/uploads\/2022\/04\/small-groundnut-harvester-3.jpg\" alt=\"peque\u00f1a cosechadora de man\u00ed \" class=\"wp-image-3221 size-full\"\/><\/figure><\/div>    <h2 class=\"wp-block-heading\">Problemas comunes y soluciones de las cosechadoras de man\u00ed.<\/h2>   <div id=\"rank-math-faq\" class=\"rank-math-block\"> <div class=\"rank-math-list\"> <div id=\"faq-question-1709869754644\" class=\"rank-math-list-item\"> <h3 class=\"rank-math-question\">1. El fuselaje es inestable.<\/h3> <div class=\"rank-math-answer\">  <p>Hay un problema con el giro de la cosechadora de man\u00ed. <br \/>Soluci\u00f3n: ajusta la longitud de la barra de conexi\u00f3n para ajustar.<\/p>  <\/div> <\/div> <div id=\"faq-question-1709869762896\" class=\"rank-math-list-item\"> <h3 class=\"rank-math-question\">2. La eliminaci\u00f3n de la tierra no es buena<\/h3> <div class=\"rank-math-answer\">  <p>La raz\u00f3n es que la pala excavadora est\u00e1 demasiado profunda en el suelo, lo que resulta en una reducci\u00f3n de la fuerza de giro. <br \/>Soluci\u00f3n: ajusta la longitud de la barra de acoplamiento central.<\/p>  <\/div> <\/div> <div id=\"faq-question-1709869774526\" class=\"rank-math-list-item\"> <h3 class=\"rank-math-question\">3. Pierde m\u00e1s fruta<\/h3> <div class=\"rank-math-answer\">  <p>Una mayor ca\u00edda de frutos se debe a que la pala excavadora se eleva demasiado. <br \/>Soluci\u00f3n: extender la longitud del tirante central puede solucionar el problema de la ca\u00edda excesiva de fruta.<\/p>  <\/div> <\/div> <\/div> <\/div>   <figure class=\"wp-block-image size-large\"><img loading=\"lazy\" decoding=\"async\" width=\"720\" height=\"540\" src=\"https:\/\/taizyfarmequipment.com\/wp-content\/uploads\/2022\/04\/Peanut-harvesting-equipment-with-a-good-price.webp\" alt=\"Equipos de recolecci\u00f3n de man\u00ed a buen precio.\" class=\"wp-image-4439\" srcset=\"https:\/\/taizyfarmequipment.com\/wp-content\/uploads\/2022\/04\/Peanut-harvesting-equipment-with-a-good-price.webp 720w, https:\/\/taizyfarmequipment.com\/wp-content\/uploads\/2022\/04\/Peanut-harvesting-equipment-with-a-good-price-300x225.webp 300w, https:\/\/taizyfarmequipment.com\/wp-content\/uploads\/2022\/04\/Peanut-harvesting-equipment-with-a-good-price-16x12.webp 16w\" sizes=\"auto, (max-width: 720px) 100vw, 720px\" \/><figcaption class=\"wp-element-caption\">Equipos de recolecci\u00f3n de man\u00ed a buen precio.<\/figcaption><\/figure>    <h2 class=\"wp-block-heading\">Venden cosechadora de man\u00ed con motocultor a Senegal<\/h2>    <p class=\"translation-block\">Recientemente nuestra empresa ayud\u00f3 a un cliente de Senegal a seleccionar la <strong>m\u00e1quina cosechadora de cacahuetes<\/strong> ideal para sus necesidades agr\u00edcolas. Tras una consulta exhaustiva, la <strong>cosechadora de cacahuetes para motocultor<\/strong> result\u00f3 ser la soluci\u00f3n perfecta. As\u00ed fue como se desarroll\u00f3 el proceso:<\/p>    <h4 class=\"wp-block-heading\"><strong>1. Comunicaci\u00f3n fluida<\/strong><\/h4>    <ul class=\"wp-block-list\"> <li>Al recibir la consulta del cliente, nuestro gerente comercial inici\u00f3 r\u00e1pidamente el contacto a trav\u00e9s de WhatsApp, asegurando una comunicaci\u00f3n clara y eficiente.<\/li>    <li>Todas las dudas e inquietudes fueron atendidas en tiempo real, brindando al cliente confianza en su decisi\u00f3n de compra.<\/li> <\/ul>    <h4 class=\"wp-block-heading\"><strong>2. Soluciones personalizadas<\/strong><\/h4>    <ul class=\"wp-block-list\"> <li>el automatico <strong>m\u00e1quina cosechadora de man\u00ed<\/strong> se encontr\u00f3 que se alineaba perfectamente con los requisitos del cliente para las tareas de cosecha diarias.<\/li>    <li>Su asequibilidad garantiz\u00f3 que cumpliera con el presupuesto del cliente, convirti\u00e9ndolo en una excelente opci\u00f3n para sus operaciones.<\/li> <\/ul>    <figure class=\"wp-block-image size-large\"><img loading=\"lazy\" decoding=\"async\" width=\"720\" height=\"540\" src=\"https:\/\/taizyfarmequipment.com\/wp-content\/uploads\/2022\/04\/peanut-harvester1.jpg\" alt=\"cosechadora de man\u00ed\" class=\"wp-image-3218\" title=\"cosechadora de man\u00ed\"\/><figcaption class=\"wp-element-caption\">cosechadora de man\u00ed<\/figcaption><\/figure>    <h4 class=\"wp-block-heading\"><strong>3. Confirmaci\u00f3n del pedido<\/strong><\/h4>    <ul class=\"wp-block-list\"> <li>Despu\u00e9s de exhaustivas discusiones y evaluaciones, el cliente expres\u00f3 su satisfacci\u00f3n con el producto y realiz\u00f3 un pedido para el <strong>motocultor cosechadora de man\u00ed<\/strong>.<\/li> <\/ul>    <h4 class=\"wp-block-heading\"><strong>4. Embalaje y env\u00edo<\/strong><\/h4>    <ul class=\"wp-block-list\"> <li>El equipo fue embalado cuidadosamente para evitar da\u00f1os durante el transporte.<\/li>    <li>Se implement\u00f3 un plan de env\u00edo detallado, garantizando que el producto se entregar\u00eda puntualmente y en excelentes condiciones a Senegal.<\/li> <\/ul>    <p class=\"translation-block\">Esta colaboraci\u00f3n exitosa resalta nuestro compromiso de proporcionar <strong><a href=\"https:\/\/en.wikipedia.org\/wiki\/Peanut\" data-type=\"link\" data-id=\"https:\/\/en.wikipedia.org\/wiki\/Peanut\" target=\"_blank\" rel=\"noopener\">m\u00e1quinas cosechadoras de cacahuetes<\/a> <\/strong>de alta calidad que satisfacen las necesidades \u00fanicas de nuestros clientes internacionales.<\/p>    <figure class=\"wp-block-image size-large\"><img loading=\"lazy\" decoding=\"async\" width=\"720\" height=\"540\" src=\"https:\/\/taizyfarmequipment.com\/wp-content\/uploads\/2022\/04\/wooden-case-packing-od-peanut-harvesting-equipment-.jpg\" alt=\"Embalaje en caja de madera de equipos de recolecci\u00f3n de man\u00ed.\" class=\"wp-image-3222\" title=\"Embalaje en caja de madera de equipos de recolecci\u00f3n de man\u00ed. \"\/><figcaption class=\"wp-element-caption\">Embalaje en caja de madera de equipos de recolecci\u00f3n de man\u00ed.<\/figcaption><\/figure>    <h2 class=\"wp-block-heading\">Elija nuestra m\u00e1quina recolectora de man\u00ed<\/h2>    <p>Nuestra m\u00e1quina cosechadora de man\u00ed combina alta eficiencia, cosecha limpia y fuerte adaptabilidad a diferentes tipos de suelo, lo que la convierte en una soluci\u00f3n ideal para la agricultura moderna de man\u00ed. <\/p>    <p>Si est\u00e1s buscando mejorar tu proceso de cosecha, \u00a1cont\u00e1ctanos hoy para obtener un presupuesto competitivo y apoyo personalizado!<\/p>","protected":false},"excerpt":{"rendered":"<p>La m\u00e1quina cosechadora de man\u00ed agiliza el proceso de recolecci\u00f3n de man\u00ed, combinando funciones de excavaci\u00f3n, aflojamiento, transporte, agitaci\u00f3n y colocaci\u00f3n. <\/p>","protected":false},"author":1,"featured_media":3216,"parent":0,"template":"","tags":[267,269,272,266,270,271,268],"product-type":[128],"class_list":["post-3215","product","type-product","status-publish","has-post-thumbnail","hentry","tag-4-row-peanut-planter","tag-groundnut-planting-machine","tag-multi-functional-peanut-planter","tag-peanut-planter","tag-peanut-planter-for-sale","tag-peanut-sowing-machine","tag-twin-row-peanut-planter","product-type-harvester"],"_links":{"self":[{"href":"https:\/\/taizyfarmequipment.com\/es\/wp-json\/wp\/v2\/product\/3215","targetHints":{"allow":["GET"]}}],"collection":[{"href":"https:\/\/taizyfarmequipment.com\/es\/wp-json\/wp\/v2\/product"}],"about":[{"href":"https:\/\/taizyfarmequipment.com\/es\/wp-json\/wp\/v2\/types\/product"}],"author":[{"embeddable":true,"href":"https:\/\/taizyfarmequipment.com\/es\/wp-json\/wp\/v2\/users\/1"}],"wp:featuredmedia":[{"embeddable":true,"href":"https:\/\/taizyfarmequipment.com\/es\/wp-json\/wp\/v2\/media\/3216"}],"wp:attachment":[{"href":"https:\/\/taizyfarmequipment.com\/es\/wp-json\/wp\/v2\/media?parent=3215"}],"wp:term":[{"taxonomy":"post_tag","embeddable":true,"href":"https:\/\/taizyfarmequipment.com\/es\/wp-json\/wp\/v2\/tags?post=3215"},{"taxonomy":"product-type","embeddable":true,"href":"https:\/\/taizyfarmequipment.com\/es\/wp-json\/wp\/v2\/product-type?post=3215"}],"curies":[{"name":"wp","href":"https:\/\/api.w.org\/{rel}","templated":true}]}}