{"id":3228,"date":"2022-04-18T10:58:07","date_gmt":"2022-04-18T10:58:07","guid":{"rendered":"https:\/\/taizyfarmequipment.com\/?post_type=product&#038;p=3228"},"modified":"2025-11-07T17:58:57","modified_gmt":"2025-11-07T09:58:57","slug":"molino-de-martillos","status":"publish","type":"product","link":"https:\/\/taizyfarmequipment.com\/es\/product\/hammer-mill-grinder\/","title":{"rendered":"Molino de martillos | M\u00e1quina trituradora de molino de ma\u00edz"},"content":{"rendered":"<div class=\"kk-star-ratings kksr-auto kksr-align-left kksr-valign-top\"     data-payload='{&quot;align&quot;:&quot;left&quot;,&quot;id&quot;:&quot;3228&quot;,&quot;slug&quot;:&quot;default&quot;,&quot;valign&quot;:&quot;top&quot;,&quot;ignore&quot;:&quot;&quot;,&quot;reference&quot;:&quot;auto&quot;,&quot;class&quot;:&quot;&quot;,&quot;count&quot;:&quot;23&quot;,&quot;legendonly&quot;:&quot;&quot;,&quot;readonly&quot;:&quot;&quot;,&quot;score&quot;:&quot;4.8&quot;,&quot;starsonly&quot;:&quot;&quot;,&quot;best&quot;:&quot;5&quot;,&quot;gap&quot;:&quot;5&quot;,&quot;greet&quot;:&quot;Rate this product&quot;,&quot;legend&quot;:&quot;4.8\\\/5 - (23 votos)&quot;,&quot;size&quot;:&quot;24&quot;,&quot;title&quot;:&quot;Hammer mill grinder | Corn mill grinder machine&quot;,&quot;width&quot;:&quot;136.7&quot;,&quot;_legend&quot;:&quot;{score}\\\/{best} - ({count} {votes})&quot;,&quot;font_factor&quot;:&quot;1.25&quot;}'>              <div class=\"kksr-stars\">      <div class=\"kksr-stars-inactive\">             <div class=\"kksr-star\" data-star=\"1\" style=\"padding-right: 5px\">               <div class=\"kksr-icon\" style=\"width: 24px; height: 24px;\"><\/div>         <\/div>             <div class=\"kksr-star\" data-star=\"2\" style=\"padding-right: 5px\">               <div class=\"kksr-icon\" style=\"width: 24px; height: 24px;\"><\/div>         <\/div>             <div class=\"kksr-star\" data-star=\"3\" style=\"padding-right: 5px\">               <div class=\"kksr-icon\" style=\"width: 24px; height: 24px;\"><\/div>         <\/div>             <div class=\"kksr-star\" data-star=\"4\" style=\"padding-right: 5px\">               <div class=\"kksr-icon\" style=\"width: 24px; height: 24px;\"><\/div>         <\/div>             <div class=\"kksr-star\" data-star=\"5\" style=\"padding-right: 5px\">               <div class=\"kksr-icon\" style=\"width: 24px; height: 24px;\"><\/div>         <\/div>     <\/div>      <div class=\"kksr-stars-active\" style=\"width: 136.7px;\">             <div class=\"kksr-star\" style=\"padding-right: 5px\">               <div class=\"kksr-icon\" style=\"width: 24px; height: 24px;\"><\/div>         <\/div>             <div class=\"kksr-star\" style=\"padding-right: 5px\">               <div class=\"kksr-icon\" style=\"width: 24px; height: 24px;\"><\/div>         <\/div>             <div class=\"kksr-star\" style=\"padding-right: 5px\">               <div class=\"kksr-icon\" style=\"width: 24px; height: 24px;\"><\/div>         <\/div>             <div class=\"kksr-star\" style=\"padding-right: 5px\">               <div class=\"kksr-icon\" style=\"width: 24px; height: 24px;\"><\/div>         <\/div>             <div class=\"kksr-star\" style=\"padding-right: 5px\">               <div class=\"kksr-icon\" style=\"width: 24px; height: 24px;\"><\/div>         <\/div>     <\/div> <\/div>                   <div class=\"kksr-legend\" style=\"font-size: 19.2px;\">             4,8\/5 - (23 votos)    <\/div>     <\/div>  <p>El molinillo de martillos muele paja y granos en part\u00edculas finas con alta eficiencia. Procesa una amplia gama de materiales, incluyendo paja, hierba forrajera y ma\u00edz. Hay varios modelos disponibles en esta serie, y cada modelo ofrece una salida diferente para adaptarse a requisitos de producci\u00f3n espec\u00edficos.<\/p>    <p>En t\u00e9rminos de potencia, el molino de ma\u00edz puede equiparse con tres tipos de potencia: motor el\u00e9ctrico, motor di\u00e9sel y motor de gasolina. Los clientes pueden elegir seg\u00fan sus necesidades. <\/p>    <figure class=\"wp-block-embed is-type-video is-provider-youtube wp-block-embed-youtube wp-embed-aspect-16-9 wp-has-aspect-ratio\"><div class=\"wp-block-embed__wrapper\"> <iframe loading=\"lazy\" title=\"Soluciones de molienda innovadoras: c\u00f3mo los molinos de martillos revolucionan su flujo de trabajo #farming #corn\" width=\"500\" height=\"281\" src=\"https:\/\/www.youtube.com\/embed\/F0NbuZuJLAw?feature=oembed\" frameborder=\"0\" allow=\"accelerometer; autoplay; clipboard-write; encrypted-media; gyroscope; picture-in-picture; web-share\" referrerpolicy=\"strict-origin-when-cross-origin\" allowfullscreen><\/iframe> <\/div><figcaption class=\"wp-element-caption\">V\u00eddeo de trabajo del molino de martillos.<\/figcaption><\/figure>    <h2 class=\"wp-block-heading\">\u00bfQu\u00e9 materiales son adecuados para el molinillo de ma\u00edz?<\/h2>    <p>El molinillo de ma\u00edz es adecuado para procesar una amplia gama de materiales. Tritura eficientemente granos como ma\u00edz, trigo, arroz, soja y sorgo en polvo fino o part\u00edculas gruesas seg\u00fan sea necesario. <\/p>    <p>Adem\u00e1s de granos, tambi\u00e9n puede manejar subproductos agr\u00edcolas como paja, tallos, c\u00e1scaras y heno, lo que lo hace ideal para la preparaci\u00f3n de alimentos y el procesamiento de biomasa. Esta versatilidad permite que la m\u00e1quina sirva a varias industrias, incluyendo la producci\u00f3n de alimentos, alimentaci\u00f3n animal y fabricaci\u00f3n de combustibles de biomasa.<\/p>    <figure class=\"wp-block-gallery has-nested-images columns-default is-cropped wp-block-gallery-2 is-layout-flex wp-block-gallery-is-layout-flex\"> <figure class=\"wp-block-image size-large\"><img loading=\"lazy\" decoding=\"async\" width=\"720\" height=\"540\" data-id=\"3232\" src=\"https:\/\/taizyfarmequipment.com\/wp-content\/uploads\/2022\/04\/420-hammer-mill-grinder0.jpg\" alt=\"Molinillo de martillo 9FQ-420\" class=\"wp-image-3232\" title=\"Molinillo de martillo 9FQ-420\"\/><figcaption class=\"wp-element-caption\">Molinillo de martillo 9FQ-420<\/figcaption><\/figure>    <figure class=\"wp-block-image size-large\"><img loading=\"lazy\" decoding=\"async\" width=\"720\" height=\"540\" data-id=\"3233\" src=\"https:\/\/taizyfarmequipment.com\/wp-content\/uploads\/2022\/04\/500-high-speed-hammer-mill-0.jpg\" alt=\"Molino de martillos de alta velocidad 9FQ-500\" class=\"wp-image-3233\" title=\"Molino de martillos de alta velocidad 9FQ-500\"\/><figcaption class=\"wp-element-caption\">Molino de martillos de alta velocidad 9FQ-500<\/figcaption><\/figure> <\/figure>    <h2 class=\"wp-block-heading\" id=\"h-structure-of-hammer-mill-grinder\">Estructura del molino de martillos<\/h2>    <div class=\"wp-block-media-text is-stacked-on-mobile is-resized\"><figure class=\"wp-block-media-text__media\"><img loading=\"lazy\" decoding=\"async\" width=\"720\" height=\"540\" src=\"https:\/\/taizyfarmequipment.com\/wp-content\/uploads\/2022\/04\/hammer-mill-grinder0.jpg\" alt=\"molino de martillos\" class=\"wp-image-3229 size-full\"\/><\/figure><div class=\"wp-block-media-text__content\"> <ul class=\"wp-block-list\"> <li><strong>Base<\/strong>: Proporciona estabilidad durante la operaci\u00f3n.<\/li>    <li><strong>Rotor<\/strong>: Impulsa el movimiento de los martillos para una trituraci\u00f3n efectiva.<\/li>    <li><strong>Alimentador<\/strong>: Introduce materias primas en la m\u00e1quina.<\/li>    <li><strong>C\u00e1mara de trituraci\u00f3n<\/strong>: Cuenta con martillos duraderos de acero con alto contenido de carbono para una pulverizaci\u00f3n eficiente.<\/li>    <li><strong>Pantalla<\/strong>: Personalizable para controlar el tama\u00f1o de las part\u00edculas del producto final.<\/li>    <li><strong>Cicl\u00f3n<\/strong>: Recoge y descarga materiales procesados \u200b\u200bde manera eficiente, minimizando el polvo.<\/li> <\/ul> <\/div><\/div>    <h2 class=\"wp-block-heading\">\u00bfC\u00f3mo funciona la m\u00e1quina molinillo de ma\u00edz?<\/h2>    <div class=\"wp-block-media-text has-media-on-the-right is-stacked-on-mobile\"><div class=\"wp-block-media-text__content\"> <ul class=\"wp-block-list\"> <li><strong>Alimentaci\u00f3n de material<\/strong>. Las materias primas se introducen en la c\u00e1mara de trituraci\u00f3n a trav\u00e9s del alimentador para una entrada controlada.<\/li>    <li><strong>Trituraci\u00f3n de alta velocidad<\/strong>. Los martillos giratorios descomponen los materiales r\u00e1pidamente mediante impacto y trituraci\u00f3n.<\/li>    <li><strong>Detecci\u00f3n y alta<\/strong>. Los materiales triturados pasan a trav\u00e9s de la criba, que determina su tama\u00f1o final, y luego se descargan por la salida.<\/li> <\/ul> <\/div><figure class=\"wp-block-media-text__media\"><img loading=\"lazy\" decoding=\"async\" width=\"720\" height=\"540\" src=\"https:\/\/taizyfarmequipment.com\/wp-content\/uploads\/2022\/04\/hammer-mill0.jpg\" alt=\"molino de martillos\" class=\"wp-image-3234 size-full\"\/><\/figure><\/div>    <h2 class=\"wp-block-heading\">Par\u00e1metros de la m\u00e1quina trituradora de martillos.<\/h2>    <figure class=\"wp-block-table\"><table><tbody><tr><td>Modelo<\/td><td>Fuerza<\/td><td>Peso<\/td><td>Capacidad<\/td><td>Martillo<\/td><td>Dia del tamiz<\/td><td>Tama\u00f1o (mm)<\/td><\/tr><tr><td>9FQ-320<\/td><td>2,2 kw<\/td><td>85kg<\/td><td>200kg\/h<\/td><td>12 piezas<\/td><td>0,5-5mm<\/td><td>1200*500*1000<\/td><\/tr><tr><td>9FQ-360<\/td><td>5,5 kw<\/td><td>130kg<\/td><td>600kg\/hora<\/td><td>12 piezas<\/td><td>0,5-5mm<\/td><td>1200*600*1100<\/td><\/tr><tr><td>9FQ-420<\/td><td>7,5\/11kw<\/td><td>220 kilos<\/td><td>1000kg\/hora<\/td><td>16 piezas<\/td><td>1,2-3 mm<\/td><td>1500*800*1400<\/td><\/tr><tr><td>9FQ-500<\/td><td>11\/15kw<\/td><td>270 kilos<\/td><td>1500kg\/h<\/td><td>16 piezas<\/td><td>1,2-3 mm<\/td><td>1500*1000*1600<\/td><\/tr><\/tbody><\/table><figcaption class=\"wp-element-caption\">Par\u00e1metros del molinillo de ma\u00edz.<\/figcaption><\/figure>    <figure class=\"wp-block-gallery has-nested-images columns-default is-cropped wp-block-gallery-3 is-layout-flex wp-block-gallery-is-layout-flex\"> <figure class=\"wp-block-image size-large\"><img loading=\"lazy\" decoding=\"async\" width=\"720\" height=\"540\" data-id=\"3230\" src=\"https:\/\/taizyfarmequipment.com\/wp-content\/uploads\/2022\/04\/320-hammer-mill-crusher0.jpg\" alt=\"Molino de martillos 9FQ-320\" class=\"wp-image-3230\" title=\"Molino de martillos 9FQ-320\"\/><figcaption class=\"wp-element-caption\">Molino de martillos 9FQ-320<\/figcaption><\/figure>    <figure class=\"wp-block-image size-large\"><img loading=\"lazy\" decoding=\"async\" width=\"720\" height=\"540\" data-id=\"3231\" src=\"https:\/\/taizyfarmequipment.com\/wp-content\/uploads\/2022\/04\/360-corn-grinder0.jpg\" alt=\"Molinillo de ma\u00edz 9FQ-360\" class=\"wp-image-3231\" title=\"Molinillo de ma\u00edz 9FQ-360\"\/><figcaption class=\"wp-element-caption\">Molinillo de ma\u00edz 9FQ-360<\/figcaption><\/figure> <\/figure>    <h2 class=\"wp-block-heading\">\u00bfCu\u00e1les son las ventajas del molino de martillos?<\/h2>    <ul class=\"wp-block-list\"> <li><strong>Amplia aplicaci\u00f3n:<\/strong> Tritura granos, legumbres, paja, heno, astillas de madera y otras biomasa para uso alimentario, de alimentaci\u00f3n o combustible.<\/li>    <li><strong>Trituraci\u00f3n de alta eficiencia:<\/strong> Equipado con 24 cuchillas de martillo de alta velocidad para una pulverizaci\u00f3n fina y uniforme.<\/li>    <li><strong>Tama\u00f1o de salida ajustable:<\/strong> Las mallas de pantalla intercambiables permiten un control flexible del tama\u00f1o de part\u00edcula.<\/li>    <li><strong>Descarga a prueba de polvo:<\/strong> La salida de cicl\u00f3n minimiza la dispersi\u00f3n de polvo y mantiene limpio el espacio de trabajo.<\/li>    <li><strong>Duradero y f\u00e1cil de usar:<\/strong> Una construcci\u00f3n robusta garantiza un rendimiento estable con operaci\u00f3n y mantenimiento sencillos.<\/li> <\/ul>    <figure class=\"wp-block-image\"><img loading=\"lazy\" decoding=\"async\" width=\"720\" height=\"540\" src=\"https:\/\/taizyfarmequipment.com\/wp-content\/uploads\/2023\/12\/HAMMER-MILL-GRINDER.webp\" alt=\"MOLINO DE MARTILLOS\" class=\"wp-image-4245\" srcset=\"https:\/\/taizyfarmequipment.com\/wp-content\/uploads\/2023\/12\/HAMMER-MILL-GRINDER.webp 720w, https:\/\/taizyfarmequipment.com\/wp-content\/uploads\/2023\/12\/HAMMER-MILL-GRINDER-300x225.webp 300w\" sizes=\"auto, (max-width: 720px) 100vw, 720px\" \/><\/figure>    <h2 class=\"wp-block-heading\">Molino de martillos de alta capacidad en venta en Angola<\/h2>    <p>El cliente, radicado en Angola, est\u00e1 especializado en la cr\u00eda de ganado vacuno y ovino y buscaba una m\u00e1quina para mejorar la eficiencia y ahorrar tiempo. Despu\u00e9s de analizar sus requisitos espec\u00edficos, nuestro experimentado gerente de ventas recomend\u00f3 el molino de martillos 500, garantizando una soluci\u00f3n personalizada que satisfac\u00eda sus necesidades operativas.<\/p>    <p>Impresionado por nuestra profesionalidad y el soporte integral brindado, el cliente opt\u00f3 con confianza por comprar el molino de martillos 500. La m\u00e1quina fue empaquetada meticulosamente para garantizar un transporte seguro y enviada r\u00e1pidamente al cliente. A continuaci\u00f3n se muestra una representaci\u00f3n visual del cuidadoso embalaje y el proceso de entrega puntual.<\/p>    <figure class=\"wp-block-gallery has-nested-images columns-default is-cropped wp-block-gallery-4 is-layout-flex wp-block-gallery-is-layout-flex\"> <figure class=\"wp-block-image size-large\"><img loading=\"lazy\" decoding=\"async\" width=\"720\" height=\"540\" data-id=\"3238\" src=\"https:\/\/taizyfarmequipment.com\/wp-content\/uploads\/2022\/04\/wooden-case-packaging0-1.jpg\" alt=\"embalaje de caja de madera\" class=\"wp-image-3238\" title=\"embalaje de caja de madera\"\/><figcaption class=\"wp-element-caption\">embalaje de caja de madera<\/figcaption><\/figure>    <figure class=\"wp-block-image size-large\"><img loading=\"lazy\" decoding=\"async\" width=\"720\" height=\"540\" data-id=\"3237\" src=\"https:\/\/taizyfarmequipment.com\/wp-content\/uploads\/2022\/04\/shipping-of-high-speed-grain-grinder-1.jpg\" alt=\"Env\u00edo de molinillo de granos de alta velocidad. \" class=\"wp-image-3237\" title=\"Env\u00edo de molinillo de granos de alta velocidad. \"\/><figcaption class=\"wp-element-caption\">Env\u00edo de molinillo de granos de alta velocidad. <\/figcaption><\/figure> <\/figure>    <h2 class=\"wp-block-heading\">Preguntas frecuentes de <a href=\"https:\/\/en.wikipedia.org\/wiki\/Hammer_mill\" data-type=\"link\" data-id=\"https:\/\/en.wikipedia.org\/wiki\/Hammer_mill\" target=\"_blank\" rel=\"noopener\">molino de martillos<\/a> molino de molienda<\/h2>   <div id=\"rank-math-faq\" class=\"rank-math-block\"> <div class=\"rank-math-list\"> <div id=\"faq-question-1705893362789\" class=\"rank-math-list-item\"> <h3 class=\"rank-math-question\">1. \u00bfQu\u00e9 materiales puede manejar este molino de martillos?<\/h3> <div class=\"rank-math-answer\">  <p>Puede manipular paja, forraje, mazorcas de ma\u00edz, ma\u00edz, etc.<\/p>  <\/div> <\/div> <div id=\"faq-question-1705893371674\" class=\"rank-math-list-item\"> <h3 class=\"rank-math-question\">2. \u00bfCu\u00e1l es la potencia de la m\u00e1quina?<\/h3> <div class=\"rank-math-answer\">  <p>Motores el\u00e9ctricos, motores di\u00e9sel y gasolina.<\/p>  <\/div> <\/div> <div id=\"faq-question-1705893387700\" class=\"rank-math-list-item\"> <h3 class=\"rank-math-question\">3. \u00bfSe puede personalizar la pantalla del molino de martillos?<\/h3> <div class=\"rank-math-answer\">  <p>S\u00ed, los clientes deben informar sus requisitos con anticipaci\u00f3n.<\/p>  <\/div> <\/div> <div id=\"faq-question-1705893402977\" class=\"rank-math-list-item\"> <h3 class=\"rank-math-question\">4. \u00bfLa m\u00e1quina tiene un recolector de polvo?<\/h3> <div class=\"rank-math-answer\">  <p>Excepto los modelos 320, todos los dem\u00e1s modelos tienen ciclones.<\/p>  <\/div> <\/div> <\/div> <\/div>   <figure class=\"wp-block-image size-full\"><img loading=\"lazy\" decoding=\"async\" width=\"720\" height=\"540\" src=\"https:\/\/taizyfarmequipment.com\/wp-content\/uploads\/2023\/12\/HAMMER-MILL-GRINDER-for-business.webp\" alt=\"MOLINO DE MARTILLO PARA NEGOCIOS\" class=\"wp-image-4242\" srcset=\"https:\/\/taizyfarmequipment.com\/wp-content\/uploads\/2023\/12\/HAMMER-MILL-GRINDER-for-business.webp 720w, https:\/\/taizyfarmequipment.com\/wp-content\/uploads\/2023\/12\/HAMMER-MILL-GRINDER-for-business-300x225.webp 300w\" sizes=\"auto, (max-width: 720px) 100vw, 720px\" \/><figcaption class=\"wp-element-caption\">MOLINO DE MARTILLO PARA NEGOCIOS<\/figcaption><\/figure>    <h2 class=\"wp-block-heading\">\u00a1Cont\u00e1ctanos ahora!<\/h2>    <p class=\"translation-block\">El molinillo de martillos ofrece una soluci\u00f3n potente y eficiente para procesar una amplia gama de materiales, desde granos y legumbres hasta paja, tallos y astillas de madera. Tambi\u00e9n puede usarse junto con nuestro <strong><a href=\"https:\/\/taizyfarmequipment.com\/es\/producto-2\/maquina-picadora-de-pasto\/\" data-type=\"link\" data-id=\"https:\/\/taizyfarmequipment.com\/product\/grass-chopper-machine\/\">cortador de paja<\/a><\/strong> y <strong><a href=\"https:\/\/taizyfarmequipment.com\/es\/producto-2\/rotoempacadora-de-ensilaje\/\" data-type=\"link\" data-id=\"https:\/\/taizyfarmequipment.com\/product\/silage-round-baler\/\">embolsadora de ensilaje<\/a><\/strong> como un conjunto completo para el procesamiento de alimentos. <\/p>    <p class=\"translation-block\"><strong>\u00a1Cont\u00e1ctanos hoy para obtener una cotizaci\u00f3n personalizada y encontrar el modelo ideal para tus necesidades de producci\u00f3n!<\/strong><\/p>    <figure class=\"wp-block-image size-large\"><img loading=\"lazy\" decoding=\"async\" width=\"720\" height=\"540\" src=\"https:\/\/taizyfarmequipment.com\/wp-content\/uploads\/2022\/04\/hammer-mill-feed-grinder0.jpg\" alt=\"molino de martillos\" class=\"wp-image-3235\" title=\"molino de martillos\"\/><figcaption class=\"wp-element-caption\">molino de martillos<\/figcaption><\/figure>","protected":false},"excerpt":{"rendered":"<p>El molinillo de martillos muele paja y granos en part\u00edculas finas con alta eficiencia.<\/p>","protected":false},"author":1,"featured_media":3239,"parent":0,"template":"","tags":[256,251,252,254,253,257,255],"product-type":[130],"class_list":["post-3228","product","type-product","status-publish","has-post-thumbnail","hentry","tag-corn-mill-grinder-machine","tag-hammer-crusher","tag-hammer-mill","tag-hammer-mill-feed-grinder","tag-hammer-mill-grinder","tag-hammer-pulverizer-machine-price","tag-high-speed-hammer-mill","product-type-corn-grains-grinding-equipment"],"_links":{"self":[{"href":"https:\/\/taizyfarmequipment.com\/es\/wp-json\/wp\/v2\/product\/3228","targetHints":{"allow":["GET"]}}],"collection":[{"href":"https:\/\/taizyfarmequipment.com\/es\/wp-json\/wp\/v2\/product"}],"about":[{"href":"https:\/\/taizyfarmequipment.com\/es\/wp-json\/wp\/v2\/types\/product"}],"author":[{"embeddable":true,"href":"https:\/\/taizyfarmequipment.com\/es\/wp-json\/wp\/v2\/users\/1"}],"wp:featuredmedia":[{"embeddable":true,"href":"https:\/\/taizyfarmequipment.com\/es\/wp-json\/wp\/v2\/media\/3239"}],"wp:attachment":[{"href":"https:\/\/taizyfarmequipment.com\/es\/wp-json\/wp\/v2\/media?parent=3228"}],"wp:term":[{"taxonomy":"post_tag","embeddable":true,"href":"https:\/\/taizyfarmequipment.com\/es\/wp-json\/wp\/v2\/tags?post=3228"},{"taxonomy":"product-type","embeddable":true,"href":"https:\/\/taizyfarmequipment.com\/es\/wp-json\/wp\/v2\/product-type?post=3228"}],"curies":[{"name":"wp","href":"https:\/\/api.w.org\/{rel}","templated":true}]}}