{"id":3258,"date":"2022-04-20T09:44:09","date_gmt":"2022-04-20T09:44:09","guid":{"rendered":"https:\/\/taizyfarmequipment.com\/?post_type=product&#038;p=3258"},"modified":"2025-11-26T17:22:14","modified_gmt":"2025-11-26T09:22:14","slug":"sembradora-de-mani-de-4-hileras","status":"publish","type":"product","link":"https:\/\/taizyfarmequipment.com\/es\/product\/4-row-peanut-planter\/","title":{"rendered":"Plantadora de cacahuetes | M\u00e1quina multifuncional para plantar cacahuetes"},"content":{"rendered":"<div class=\"kk-star-ratings kksr-auto kksr-align-left kksr-valign-top\"     data-payload='{&quot;align&quot;:&quot;left&quot;,&quot;id&quot;:&quot;3258&quot;,&quot;slug&quot;:&quot;default&quot;,&quot;valign&quot;:&quot;top&quot;,&quot;ignore&quot;:&quot;&quot;,&quot;reference&quot;:&quot;auto&quot;,&quot;class&quot;:&quot;&quot;,&quot;count&quot;:&quot;17&quot;,&quot;legendonly&quot;:&quot;&quot;,&quot;readonly&quot;:&quot;&quot;,&quot;score&quot;:&quot;4.9&quot;,&quot;starsonly&quot;:&quot;&quot;,&quot;best&quot;:&quot;5&quot;,&quot;gap&quot;:&quot;5&quot;,&quot;greet&quot;:&quot;Rate this product&quot;,&quot;legend&quot;:&quot;4.9\\\/5 - (17 votos)&quot;,&quot;size&quot;:&quot;24&quot;,&quot;title&quot;:&quot;Peanut planter | Multi-functional groundnut planting machine&quot;,&quot;width&quot;:&quot;139.6&quot;,&quot;_legend&quot;:&quot;{score}\\\/{best} - ({count} {votes})&quot;,&quot;font_factor&quot;:&quot;1.25&quot;}'>              <div class=\"kksr-stars\">      <div class=\"kksr-stars-inactive\">             <div class=\"kksr-star\" data-star=\"1\" style=\"padding-right: 5px\">               <div class=\"kksr-icon\" style=\"width: 24px; height: 24px;\"><\/div>         <\/div>             <div class=\"kksr-star\" data-star=\"2\" style=\"padding-right: 5px\">               <div class=\"kksr-icon\" style=\"width: 24px; height: 24px;\"><\/div>         <\/div>             <div class=\"kksr-star\" data-star=\"3\" style=\"padding-right: 5px\">               <div class=\"kksr-icon\" style=\"width: 24px; height: 24px;\"><\/div>         <\/div>             <div class=\"kksr-star\" data-star=\"4\" style=\"padding-right: 5px\">               <div class=\"kksr-icon\" style=\"width: 24px; height: 24px;\"><\/div>         <\/div>             <div class=\"kksr-star\" data-star=\"5\" style=\"padding-right: 5px\">               <div class=\"kksr-icon\" style=\"width: 24px; height: 24px;\"><\/div>         <\/div>     <\/div>      <div class=\"kksr-stars-active\" style=\"width: 139.6px;\">             <div class=\"kksr-star\" style=\"padding-right: 5px\">               <div class=\"kksr-icon\" style=\"width: 24px; height: 24px;\"><\/div>         <\/div>             <div class=\"kksr-star\" style=\"padding-right: 5px\">               <div class=\"kksr-icon\" style=\"width: 24px; height: 24px;\"><\/div>         <\/div>             <div class=\"kksr-star\" style=\"padding-right: 5px\">               <div class=\"kksr-icon\" style=\"width: 24px; height: 24px;\"><\/div>         <\/div>             <div class=\"kksr-star\" style=\"padding-right: 5px\">               <div class=\"kksr-icon\" style=\"width: 24px; height: 24px;\"><\/div>         <\/div>             <div class=\"kksr-star\" style=\"padding-right: 5px\">               <div class=\"kksr-icon\" style=\"width: 24px; height: 24px;\"><\/div>         <\/div>     <\/div> <\/div>                   <div class=\"kksr-legend\" style=\"font-size: 19.2px;\">             4,9\/5 - (17 votos)    <\/div>     <\/div>  <p>La plantadora de cacahuetes asegura una siembra eficiente y precisa de los cacahuetes. Esta m\u00e1quina de 4 filas se acciona mediante un tractor a trav\u00e9s del eje PTO, garantizando un funcionamiento sincronizado y fiable en el campo. Las funciones est\u00e1ndar incluyen fertilizaci\u00f3n, siembra y cubrimiento de suelo, cumpliendo con los requisitos b\u00e1sicos de la siembra de cacahuetes.<\/p>    <p class=\"translation-block\">Para adaptarse a las pr\u00e1cticas agr\u00edcolas modernas y a las diversas demandas de los clientes, nuestra <strong>plantadora de cacahuetes<\/strong> puede actualizarse con funciones adicionales como cajas para medicamentos para la aplicaci\u00f3n de pesticidas, acolchado con pl\u00e1stico, ruedas prensadoras de suelo y labranza rotativa. Estas opciones personalizables permiten a los agricultores mejorar la eficiencia de siembra y la protecci\u00f3n del cultivo seg\u00fan las condiciones locales del campo.<\/p>    <p class=\"translation-block\">Con una capacidad de trabajo de <strong>0,5 a 3,2 acres por hora<\/strong>, esta <strong>plantadora de cacahuetes<\/strong> es ideal tanto para peque\u00f1as como medianas explotaciones. Su estructura simple, f\u00e1cil manejo y precio asequible la convierten en una opci\u00f3n popular entre los agricultores tanto a nivel nacional como internacional.<\/p>    <figure class=\"wp-block-embed is-type-video is-provider-youtube wp-block-embed-youtube wp-embed-aspect-16-9 wp-has-aspect-ratio\"><div class=\"wp-block-embed__wrapper\"> <iframe loading=\"lazy\" title=\"Aumente su productividad agr\u00edcola: consejos y trucos para la m\u00e1quina plantadora de man\u00ed #peanut #groundnut\" width=\"500\" height=\"281\" src=\"https:\/\/www.youtube.com\/embed\/9t2IQI40t0k?feature=oembed\" frameborder=\"0\" allow=\"accelerometer; autoplay; clipboard-write; encrypted-media; gyroscope; picture-in-picture; web-share\" referrerpolicy=\"strict-origin-when-cross-origin\" allowfullscreen><\/iframe> <\/div><figcaption class=\"wp-element-caption\">Video de trabajo de la m\u00e1quina plantadora de man\u00ed.<\/figcaption><\/figure>    <h2 class=\"wp-block-heading\" id=\"h-introduction-to-the-peanut-planter\">Plantadora de cacahuetes en venta<\/h2>    <p>Nuestras plantadoras de cacahuetes pueden sembrar varias filas de cacahuetes a la vez, como 2 filas, 4 filas y 6 filas. Sus modelos son 2BH-2, 2BH-4 y 2BH-6, que pueden satisfacer las necesidades de m\u00faltiples filas.<\/p>    <p>La sembradora de man\u00ed tiene funciones poderosas y puede completar operaciones como fertilizar, sembrar, rociar, cubrir con mantillo, cubrir el suelo y levantar caballetes al mismo tiempo. Adem\u00e1s, los clientes tambi\u00e9n pueden ajustar el espacio entre plantas y entre hileras seg\u00fan sus propias necesidades.<\/p>    <p>Durante todo el proceso de operaci\u00f3n, la m\u00e1quina es f\u00e1cil de operar, tiene una siembra uniforme, tiene una alta eficiencia de trabajo y es duradera. Y es una herramienta com\u00fan para que los agricultores siembren semillas diariamente. <\/p>    <figure class=\"wp-block-gallery has-nested-images columns-default is-cropped wp-block-gallery-2 is-layout-flex wp-block-gallery-is-layout-flex\"> <figure class=\"wp-block-image size-large\"><img loading=\"lazy\" decoding=\"async\" width=\"720\" height=\"540\" data-id=\"3261\" src=\"https:\/\/taizyfarmequipment.com\/wp-content\/uploads\/2022\/04\/4-rows-peanut-planter2.jpg\" alt=\"sembradora de man\u00ed de 4 hileras\" class=\"wp-image-3261\" title=\"sembradora de man\u00ed de 4 hileras\"\/><figcaption class=\"wp-element-caption\">sembradora de man\u00ed de 4 hileras<\/figcaption><\/figure>    <figure class=\"wp-block-image size-large\"><img loading=\"lazy\" decoding=\"async\" width=\"720\" height=\"540\" data-id=\"3263\" src=\"https:\/\/taizyfarmequipment.com\/wp-content\/uploads\/2022\/04\/8-row-peanut-planter-0.jpg\" alt=\"M\u00e1quina sembradora de cacahuetes de 6 filas\" class=\"wp-image-3263\" title=\"sembradora de man\u00ed de 8 hileras\"\/><figcaption class=\"wp-element-caption\">M\u00e1quina sembradora de cacahuetes de 6 filas<\/figcaption><\/figure> <\/figure>    <p class=\"translation-block\">Adem\u00e1s de las plantadoras de cacahuetes, tambi\u00e9n disponemos de una <a href=\"https:\/\/taizyfarmequipment.com\/es\/producto-2\/equipo-de-cosecha-de-mani\/\">cosechadora de cacahuetes<\/a>, desgranadora de cacahuetes, <a href=\"https:\/\/taizyfarmequipment.com\/es\/producto-2\/maquina-combinada-de-limpieza-y-descascarado-de-mani\/\">peladora y limpiadora combinada de cacahuetes<\/a>, etc. Estas m\u00e1quinas ayudan a ahorrar mucha energ\u00eda y tiempo en el proceso desde el cultivo de los cacahuetes hasta la obtenci\u00f3n de los granos.<\/p>    <figure class=\"wp-block-gallery has-nested-images columns-default is-cropped wp-block-gallery-3 is-layout-flex wp-block-gallery-is-layout-flex\"> <figure class=\"wp-block-image size-large\"><img loading=\"lazy\" decoding=\"async\" width=\"720\" height=\"540\" data-id=\"4059\" src=\"https:\/\/taizyfarmequipment.com\/wp-content\/uploads\/2023\/01\/peanut-harvester-.webp\" alt=\"\" class=\"wp-image-4059\"\/><\/figure>    <figure class=\"wp-block-image size-large\"><img loading=\"lazy\" decoding=\"async\" width=\"720\" height=\"540\" data-id=\"3907\" src=\"https:\/\/taizyfarmequipment.com\/wp-content\/uploads\/2022\/12\/peanut-sheller-.webp\" alt=\"m\u00e1quina descascaradora de man\u00ed\" class=\"wp-image-3907\"\/><figcaption class=\"wp-element-caption\">m\u00e1quina descascaradora de man\u00ed<\/figcaption><\/figure> <\/figure>    <h2 class=\"wp-block-heading\">Estructura de la m\u00e1quina sembradora de cacahuetes<\/h2>    <div class=\"wp-block-media-text is-stacked-on-mobile\"><figure class=\"wp-block-media-text__media\"><img loading=\"lazy\" decoding=\"async\" width=\"720\" height=\"540\" src=\"https:\/\/taizyfarmequipment.com\/wp-content\/uploads\/2022\/04\/tractor-mounted-peanut-planting-machine0.jpg\" alt=\"Estructura de sembradora de man\u00ed de 4 hileras\" class=\"wp-image-3264 size-full\"\/><\/figure><div class=\"wp-block-media-text__content\"> <p>La plantadora de cacahuetes de 4 filas consiste principalmente en una tolva de fertilizante, tolva de semillas, abridor y bastidor. Para funciones a\u00f1adidas como surcado, acolchado y pulverizaci\u00f3n, se pueden integrar componentes adicionales. <\/p>    <p>Garantiza un funcionamiento suave con siembra a profundidad, espaciamiento uniforme entre hileras y buen cubrimiento del suelo, favoreciendo el crecimiento sano de las pl\u00e1ntulas.<\/p> <\/div><\/div>    <h2 class=\"wp-block-heading\">Especificaci\u00f3n de la m\u00e1quina sembradora de man\u00ed multifuncional.<\/h2>    <figure class=\"wp-block-table\"><table><tbody><tr><td>Modelo<\/td><td>2BHMF-2<\/td><td>2BHMF-4<\/td><td>2BHMF-6<\/td><\/tr><tr><td>Potencia combinada (hp)<\/td><td>20-40<\/td><td>40-70<\/td><td>60-90<\/td><\/tr><tr><td>Tama\u00f1o<\/td><td>2940\u00d71200\u00d71300mm<\/td><td>2940\u00d71600\u00d71300mm<\/td><td>2940\u00d71900\u00d71300mm<\/td><\/tr><tr><td>Peso<\/td><td>180kg<\/td><td>350 kilos<\/td><td>450 kilos<\/td><\/tr><tr><td>Capacidad de la caja de semillas<\/td><td>10kg*2<\/td><td>10kg*4<\/td><td>10kg*6<\/td><\/tr><tr><td>No. de filas<\/td><td>2 filas<\/td><td>4 filas<\/td><td>6 filas<\/td><\/tr><tr><td>espacio de filas<\/td><td>300-350 mm<\/td><td>300-350 mm<\/td><td>300-350 mm<\/td><\/tr><tr><td>espacio de semilla<\/td><td>80-300 mm<\/td><td>80-300 mm<\/td><td>80-300 mm<\/td><\/tr><tr><td>Productividad<\/td><td>0,5-0,8 acres\/h<\/td><td>0,8-1,6 acres\/h<\/td><td>1,6-3,2 acres\/h<\/td><\/tr><tr><td>Tasa de siembra<\/td><td>&gt;98%<\/td><td>&gt;98%<\/td><td>&gt;98%<\/td><\/tr><\/tbody><\/table><figcaption class=\"wp-element-caption\">Par\u00e1metros de la m\u00e1quina plantadora de man\u00ed multifuncional<\/figcaption><\/figure>    <h2 class=\"wp-block-heading\">\u00bfC\u00f3mo utilizar una sembradora de man\u00ed multifuncional?<\/h2>    <div class=\"wp-block-media-text has-media-on-the-right is-stacked-on-mobile\"><div class=\"wp-block-media-text__content\"> <ul class=\"wp-block-list\"> <li>Comience inspeccionando la plantadora de cacahuetes para asegurarse de que todos los componentes funcionan correctamente.<\/li>    <li>Cargue fertilizante en la tolva de fertilizante y semillas en la tolva de semillas una vez que la m\u00e1quina funcione con normalidad.<\/li>    <li>Active el sistema de fertilizaci\u00f3n para que el fertilizante fluya a trav\u00e9s del aplicador y se coloque en el suelo mediante la pala fertilizadora.<\/li> <\/ul> <\/div><figure class=\"wp-block-media-text__media\"><img loading=\"lazy\" decoding=\"async\" width=\"720\" height=\"540\" src=\"https:\/\/taizyfarmequipment.com\/wp-content\/uploads\/2022\/04\/groundnut-planter-0.jpg\" alt=\"sembradora de man\u00ed en el trabajo\" class=\"wp-image-3269 size-full\"\/><\/figure><\/div>    <div class=\"wp-block-media-text is-stacked-on-mobile\"><figure class=\"wp-block-media-text__media\"><img loading=\"lazy\" decoding=\"async\" width=\"720\" height=\"540\" src=\"https:\/\/taizyfarmequipment.com\/wp-content\/uploads\/2022\/04\/peanut-planting-machine0.jpg\" alt=\"Resultados de trabajo de la m\u00e1quina plantadora de man\u00ed.\" class=\"wp-image-3270 size-full\"\/><\/figure><div class=\"wp-block-media-text__content\"> <ul class=\"wp-block-list\"> <li>Inicie el proceso de siembra donde las semillas se dosifican y se dejan caer en las zanjas mientras la m\u00e1quina excava y cubre el suelo simult\u00e1neamente.<\/li>    <li>Conecte el dep\u00f3sito de herbicida al sistema de compresor de aire del tractor para aplicar herbicida mientras realiza la siembra, la fertilizaci\u00f3n, la formaci\u00f3n de caballones y el acolchado en una sola pasada.<\/li> <\/ul> <\/div><\/div>    <h2 class=\"wp-block-heading\">Ventajas de la plantadora de cacahuetes multifuncional<\/h2>    <div class=\"wp-block-media-text has-media-on-the-right is-stacked-on-mobile\"><div class=\"wp-block-media-text__content\"> <ul class=\"wp-block-list\"> <li>La plantadora de cacahuetes de 4 filas presenta una estructura simple, dise\u00f1o ligero y puede ser operada f\u00e1cilmente por una sola persona.<\/li>    <li>Se adapta a diversos terrenos, incluidos zonas colinosas y monta\u00f1osas, con un impacto m\u00ednimo en la superficie del suelo.<\/li>    <li>El ancho de la l\u00e1mina es ajustable, soportando tanto la siembra en una sola fila como en varias filas, mientras que la rueda prensadora de laminado asegura un acolchado efectivo con da\u00f1os m\u00ednimos.<\/li> <\/ul> <\/div><figure class=\"wp-block-media-text__media\"><img loading=\"lazy\" decoding=\"async\" width=\"720\" height=\"539\" src=\"https:\/\/taizyfarmequipment.com\/wp-content\/uploads\/2022\/04\/groundnut-planting-machine9.jpg\" alt=\"M\u00e1quina sembradora de man\u00ed en exhibici\u00f3n\" class=\"wp-image-3265 size-full\"\/><\/figure><\/div>    <div class=\"wp-block-media-text is-stacked-on-mobile\"><figure class=\"wp-block-media-text__media\"><img loading=\"lazy\" decoding=\"async\" width=\"720\" height=\"540\" src=\"https:\/\/taizyfarmequipment.com\/wp-content\/uploads\/2022\/04\/groundnut-planting-machine-1.webp\" alt=\"maquina para plantar man\u00ed\" class=\"wp-image-4986 size-full\" srcset=\"https:\/\/taizyfarmequipment.com\/wp-content\/uploads\/2022\/04\/groundnut-planting-machine-1.webp 720w, https:\/\/taizyfarmequipment.com\/wp-content\/uploads\/2022\/04\/groundnut-planting-machine-1-300x225.webp 300w, https:\/\/taizyfarmequipment.com\/wp-content\/uploads\/2022\/04\/groundnut-planting-machine-1-16x12.webp 16w\" sizes=\"auto, (max-width: 720px) 100vw, 720px\" \/><\/figure><div class=\"wp-block-media-text__content\"> <ul class=\"wp-block-list\"> <li>La m\u00e1quina integra funciones de siembra, pulverizaci\u00f3n y acolchado, aumentando significativamente la eficiencia global de la plantaci\u00f3n.<\/li>    <li>El espaciamiento entre hileras puede ajustarse para adaptarse a diferentes necesidades de siembra.<\/li>    <li>Ofrece alta precisi\u00f3n de siembra, ahorrando semillas, asegurando una profundidad de siembra constante y logrando una alta tasa de germinaci\u00f3n.<\/li> <\/ul> <\/div><\/div>    <h2 class=\"wp-block-heading\">M\u00e1quina sembradora de cacahuetes vendida a Kenia<\/h2>    <p>Un cliente de Kenia se puso en contacto con nosotros a trav\u00e9s de Alibaba la semana pasada. Nuestros gerentes de ventas se comunican con los clientes mediante WhatsApp. Tras entender las necesidades del cliente, le recomendamos una sembradora de cacahuete de 4 hileras.<\/p>    <p>M\u00e1s tarde, el cliente se enter\u00f3 de que nuestra m\u00e1quina puede agregar dos funciones de cumbrera y laminaci\u00f3n y solicit\u00f3 agregar estas dos funciones. <\/p>    <p>Finalmente, el cliente decide realizar un pedido. Antes de la entrega, probamos la sembradora de man\u00ed de 4 hileras para el cliente y enviamos el video de prueba de acuerdo con la solicitud del cliente. A continuaci\u00f3n se muestran las im\u00e1genes de entrega del paquete.<\/p>    <figure class=\"wp-block-gallery has-nested-images columns-default is-cropped wp-block-gallery-4 is-layout-flex wp-block-gallery-is-layout-flex\"> <figure class=\"wp-block-image size-large\"><img loading=\"lazy\" decoding=\"async\" width=\"720\" height=\"540\" data-id=\"3267\" src=\"https:\/\/taizyfarmequipment.com\/wp-content\/uploads\/2022\/04\/wooden-case-packing-of-peanut-planter-.jpg\" alt=\"paquete de sembradora de man\u00ed\" class=\"wp-image-3267\" title=\"Embalaje en caja de madera de sembradora de man\u00ed  \"\/><figcaption class=\"wp-element-caption\">paquete de sembradora de man\u00ed<\/figcaption><\/figure>    <figure class=\"wp-block-image size-large\"><img loading=\"lazy\" decoding=\"async\" width=\"720\" height=\"540\" data-id=\"3268\" src=\"https:\/\/taizyfarmequipment.com\/wp-content\/uploads\/2022\/04\/shipping-of-6-row-peanut-planter-1.jpg\" alt=\"transporte de sembradora de man\u00ed\" class=\"wp-image-3268\" title=\"Env\u00edo de sembradora de man\u00ed de 6 hileras.\"\/><figcaption class=\"wp-element-caption\">transporte de sembradora de man\u00ed<\/figcaption><\/figure> <\/figure>    <h2 class=\"wp-block-heading\">\u00bfPor qu\u00e9 los clientes eligen nuestra sembradora de man\u00ed de 4 hileras?<\/h2>    <div class=\"wp-block-media-text is-stacked-on-mobile\"><figure class=\"wp-block-media-text__media\"><img loading=\"lazy\" decoding=\"async\" width=\"720\" height=\"540\" src=\"https:\/\/taizyfarmequipment.com\/wp-content\/uploads\/2022\/04\/peanut-planting-machine.webp\" alt=\"maquina para plantar man\u00ed\" class=\"wp-image-4319 size-full\" srcset=\"https:\/\/taizyfarmequipment.com\/wp-content\/uploads\/2022\/04\/peanut-planting-machine.webp 720w, https:\/\/taizyfarmequipment.com\/wp-content\/uploads\/2022\/04\/peanut-planting-machine-300x225.webp 300w\" sizes=\"auto, (max-width: 720px) 100vw, 720px\" \/><\/figure><div class=\"wp-block-media-text__content\"> <ul class=\"wp-block-list\"> <li>Nuestra plantadora de cacahuetes est\u00e1 fabricada con materiales de alta calidad y cumple con los est\u00e1ndares internacionales de durabilidad y rendimiento.<\/li>    <li>El personal de ventas profesional ofrece asesoramiento experto y ayuda a los clientes a elegir el modelo m\u00e1s adecuado.<\/li> <\/ul> <\/div><\/div>    <div class=\"wp-block-media-text has-media-on-the-right is-stacked-on-mobile\"><div class=\"wp-block-media-text__content\"> <ul class=\"wp-block-list\"> <li>Ofrecemos m\u00faltiples m\u00e9todos de pago seguros y flexibles para adaptarnos a las preferencias del cliente.<\/li>    <li>Los clientes reciben actualizaciones transparentes con fotos y v\u00eddeos detallados de la m\u00e1quina durante el proceso de compra.<\/li>    <li>Ofrecemos un servicio postventa fiable tanto en l\u00ednea como fuera de l\u00ednea para garantizar un funcionamiento sin problemas y la satisfacci\u00f3n del cliente.<\/li> <\/ul> <\/div><figure class=\"wp-block-media-text__media\"><img loading=\"lazy\" decoding=\"async\" width=\"720\" height=\"540\" src=\"https:\/\/taizyfarmequipment.com\/wp-content\/uploads\/2022\/04\/4-row-peanut-planter-1.webp\" alt=\"sembradora de man\u00ed de 4 hileras\" class=\"wp-image-4984 size-full\" srcset=\"https:\/\/taizyfarmequipment.com\/wp-content\/uploads\/2022\/04\/4-row-peanut-planter-1.webp 720w, https:\/\/taizyfarmequipment.com\/wp-content\/uploads\/2022\/04\/4-row-peanut-planter-1-300x225.webp 300w, https:\/\/taizyfarmequipment.com\/wp-content\/uploads\/2022\/04\/4-row-peanut-planter-1-16x12.webp 16w\" sizes=\"auto, (max-width: 720px) 100vw, 720px\" \/><\/figure><\/div>    <h2 class=\"wp-block-heading\">\u00a1Si\u00e9ntete libre de contactarnos!<\/h2>    <p class=\"translation-block\">Con su alta eficiencia, rendimiento fiable y dise\u00f1o f\u00e1cil de usar, nuestra <strong><a href=\"https:\/\/en.wikipedia.org\/wiki\/Peanut\" target=\"_blank\" rel=\"noopener\">m\u00e1quina recogedora de cacahuetes<\/a><\/strong> es una elecci\u00f3n ideal para agricultores y procesadores que buscan aumentar la productividad de la cosecha y reducir los costos de mano de obra. <\/p>    <p>Respaldado por nuestro equipo profesional, opciones de pago flexibles y un completo servicio postventa, puede invertir en nuestra maquinaria con confianza. Tanto si est\u00e1 ampliando las operaciones de su explotaci\u00f3n como si est\u00e1 renovando el equipo existente, estamos aqu\u00ed para ofrecer soluciones adaptadas a sus necesidades.<\/p>    <p class=\"translation-block\"><strong>\u00a1Cont\u00e1ctanos ahora para obtener un presupuesto gratuito y orientaci\u00f3n profesional sobre c\u00f3mo elegir la m\u00e1quina recogedora de cacahuetes adecuada para tu negocio!<\/strong><\/p>    <figure class=\"wp-block-gallery has-nested-images columns-default is-cropped wp-block-gallery-5 is-layout-flex wp-block-gallery-is-layout-flex\"> <figure class=\"wp-block-image size-full\"><img loading=\"lazy\" decoding=\"async\" width=\"720\" height=\"540\" data-id=\"4983\" src=\"https:\/\/taizyfarmequipment.com\/wp-content\/uploads\/2022\/04\/peanut-planter-with-ridge-and-film-mulching.webp\" alt=\"sembradora de man\u00ed con caballete y film mulching\" class=\"wp-image-4983\" srcset=\"https:\/\/taizyfarmequipment.com\/wp-content\/uploads\/2022\/04\/peanut-planter-with-ridge-and-film-mulching.webp 720w, https:\/\/taizyfarmequipment.com\/wp-content\/uploads\/2022\/04\/peanut-planter-with-ridge-and-film-mulching-300x225.webp 300w, https:\/\/taizyfarmequipment.com\/wp-content\/uploads\/2022\/04\/peanut-planter-with-ridge-and-film-mulching-16x12.webp 16w\" sizes=\"auto, (max-width: 720px) 100vw, 720px\" \/><figcaption class=\"wp-element-caption\">sembradora de man\u00ed con caballete y film mulching<\/figcaption><\/figure>    <figure class=\"wp-block-image size-large\"><img loading=\"lazy\" decoding=\"async\" width=\"720\" height=\"540\" data-id=\"4985\" src=\"https:\/\/taizyfarmequipment.com\/wp-content\/uploads\/2022\/04\/groundnut-planter-1.webp\" alt=\"plantador de man\u00ed\" class=\"wp-image-4985\" srcset=\"https:\/\/taizyfarmequipment.com\/wp-content\/uploads\/2022\/04\/groundnut-planter-1.webp 720w, https:\/\/taizyfarmequipment.com\/wp-content\/uploads\/2022\/04\/groundnut-planter-1-300x225.webp 300w, https:\/\/taizyfarmequipment.com\/wp-content\/uploads\/2022\/04\/groundnut-planter-1-16x12.webp 16w\" sizes=\"auto, (max-width: 720px) 100vw, 720px\" \/><figcaption class=\"wp-element-caption\">plantador de man\u00ed<\/figcaption><\/figure> <\/figure>","protected":false},"excerpt":{"rendered":"<p>Esta sembradora de man\u00ed de 4 hileras se utiliza especialmente para sembrar man\u00ed. Y el tractor impulsa la m\u00e1quina a trav\u00e9s de un enganche de tres puntos y una toma de fuerza.<\/p>","protected":false},"author":1,"featured_media":3259,"parent":0,"template":"","tags":[266],"product-type":[235],"class_list":["post-3258","product","type-product","status-publish","has-post-thumbnail","hentry","tag-peanut-planter","product-type-planter"],"_links":{"self":[{"href":"https:\/\/taizyfarmequipment.com\/es\/wp-json\/wp\/v2\/product\/3258","targetHints":{"allow":["GET"]}}],"collection":[{"href":"https:\/\/taizyfarmequipment.com\/es\/wp-json\/wp\/v2\/product"}],"about":[{"href":"https:\/\/taizyfarmequipment.com\/es\/wp-json\/wp\/v2\/types\/product"}],"author":[{"embeddable":true,"href":"https:\/\/taizyfarmequipment.com\/es\/wp-json\/wp\/v2\/users\/1"}],"wp:featuredmedia":[{"embeddable":true,"href":"https:\/\/taizyfarmequipment.com\/es\/wp-json\/wp\/v2\/media\/3259"}],"wp:attachment":[{"href":"https:\/\/taizyfarmequipment.com\/es\/wp-json\/wp\/v2\/media?parent=3258"}],"wp:term":[{"taxonomy":"post_tag","embeddable":true,"href":"https:\/\/taizyfarmequipment.com\/es\/wp-json\/wp\/v2\/tags?post=3258"},{"taxonomy":"product-type","embeddable":true,"href":"https:\/\/taizyfarmequipment.com\/es\/wp-json\/wp\/v2\/product-type?post=3258"}],"curies":[{"name":"wp","href":"https:\/\/api.w.org\/{rel}","templated":true}]}}