{"id":3275,"date":"2022-04-25T07:23:21","date_gmt":"2022-04-25T07:23:21","guid":{"rendered":"https:\/\/taizyfarmequipment.com\/?post_type=product&#038;p=3275"},"modified":"2024-10-18T15:05:53","modified_gmt":"2024-10-18T07:05:53","slug":"maquina-de-molino-de-disco","status":"publish","type":"product","link":"https:\/\/taizyfarmequipment.com\/es\/product\/disk-mill-machine\/","title":{"rendered":"Fresadora de discos | M\u00e1quina trituradora de granos | Trituradora de granos con cicl\u00f3n"},"content":{"rendered":"<div class=\"kk-star-ratings kksr-auto kksr-align-left kksr-valign-top\"     data-payload='{&quot;align&quot;:&quot;left&quot;,&quot;id&quot;:&quot;3275&quot;,&quot;slug&quot;:&quot;default&quot;,&quot;valign&quot;:&quot;top&quot;,&quot;ignore&quot;:&quot;&quot;,&quot;reference&quot;:&quot;auto&quot;,&quot;class&quot;:&quot;&quot;,&quot;count&quot;:&quot;17&quot;,&quot;legendonly&quot;:&quot;&quot;,&quot;readonly&quot;:&quot;&quot;,&quot;score&quot;:&quot;4.6&quot;,&quot;starsonly&quot;:&quot;&quot;,&quot;best&quot;:&quot;5&quot;,&quot;gap&quot;:&quot;5&quot;,&quot;greet&quot;:&quot;Rate this product&quot;,&quot;legend&quot;:&quot;4.6\\\/5 - (17 votos)&quot;,&quot;size&quot;:&quot;24&quot;,&quot;title&quot;:&quot;Disk mill machine | Grain grinder machine | Grain crusher with cyclone&quot;,&quot;width&quot;:&quot;130.9&quot;,&quot;_legend&quot;:&quot;{score}\\\/{best} - ({count} {votes})&quot;,&quot;font_factor&quot;:&quot;1.25&quot;}'>              <div class=\"kksr-stars\">      <div class=\"kksr-stars-inactive\">             <div class=\"kksr-star\" data-star=\"1\" style=\"padding-right: 5px\">               <div class=\"kksr-icon\" style=\"width: 24px; height: 24px;\"><\/div>         <\/div>             <div class=\"kksr-star\" data-star=\"2\" style=\"padding-right: 5px\">               <div class=\"kksr-icon\" style=\"width: 24px; height: 24px;\"><\/div>         <\/div>             <div class=\"kksr-star\" data-star=\"3\" style=\"padding-right: 5px\">               <div class=\"kksr-icon\" style=\"width: 24px; height: 24px;\"><\/div>         <\/div>             <div class=\"kksr-star\" data-star=\"4\" style=\"padding-right: 5px\">               <div class=\"kksr-icon\" style=\"width: 24px; height: 24px;\"><\/div>         <\/div>             <div class=\"kksr-star\" data-star=\"5\" style=\"padding-right: 5px\">               <div class=\"kksr-icon\" style=\"width: 24px; height: 24px;\"><\/div>         <\/div>     <\/div>      <div class=\"kksr-stars-active\" style=\"width: 130.9px;\">             <div class=\"kksr-star\" style=\"padding-right: 5px\">               <div class=\"kksr-icon\" style=\"width: 24px; height: 24px;\"><\/div>         <\/div>             <div class=\"kksr-star\" style=\"padding-right: 5px\">               <div class=\"kksr-icon\" style=\"width: 24px; height: 24px;\"><\/div>         <\/div>             <div class=\"kksr-star\" style=\"padding-right: 5px\">               <div class=\"kksr-icon\" style=\"width: 24px; height: 24px;\"><\/div>         <\/div>             <div class=\"kksr-star\" style=\"padding-right: 5px\">               <div class=\"kksr-icon\" style=\"width: 24px; height: 24px;\"><\/div>         <\/div>             <div class=\"kksr-star\" style=\"padding-right: 5px\">               <div class=\"kksr-icon\" style=\"width: 24px; height: 24px;\"><\/div>         <\/div>     <\/div> <\/div>                   <div class=\"kksr-legend\" style=\"font-size: 19.2px;\">             4,6\/5 - (17 votos)    <\/div>     <\/div>  <p>El molino de discos es un dispositivo de molienda altamente eficiente y vers\u00e1til dise\u00f1ado para procesar una amplia gama de materiales en polvo fino. Sus ventajas clave incluyen una alta eficiencia de molienda, una distribuci\u00f3n uniforme del tama\u00f1o de las part\u00edculas y una construcci\u00f3n robusta. <\/p>    <p>La m\u00e1quina trituradora de granos cuenta con configuraciones de molienda ajustables para lograr la finura deseada, lo que la hace adecuada para diversas aplicaciones, como procesamiento de alimentos, productos farmac\u00e9uticos y productos qu\u00edmicos. <\/p>    <p>Con discos duraderos fabricados con materiales de alta calidad, la m\u00e1quina fresadora de discos garantiza un rendimiento constante y un funcionamiento duradero. Su dise\u00f1o compacto y f\u00e1cil mantenimiento mejoran a\u00fan m\u00e1s su atractivo para operaciones industriales y de peque\u00f1a escala.<\/p>    <figure class=\"wp-block-gallery has-nested-images columns-default is-cropped wp-block-gallery-2 is-layout-flex wp-block-gallery-is-layout-flex\"> <figure class=\"wp-block-image size-large\"><img loading=\"lazy\" decoding=\"async\" width=\"720\" height=\"540\" data-id=\"4561\" src=\"https:\/\/taizyfarmequipment.com\/wp-content\/uploads\/2022\/04\/Disk-mill-machine-for-sale.webp\" alt=\"Venta de fresadora de discos\" class=\"wp-image-4561\" srcset=\"https:\/\/taizyfarmequipment.com\/wp-content\/uploads\/2022\/04\/Disk-mill-machine-for-sale.webp 720w, https:\/\/taizyfarmequipment.com\/wp-content\/uploads\/2022\/04\/Disk-mill-machine-for-sale-300x225.webp 300w, https:\/\/taizyfarmequipment.com\/wp-content\/uploads\/2022\/04\/Disk-mill-machine-for-sale-16x12.webp 16w\" sizes=\"auto, (max-width: 720px) 100vw, 720px\" \/><figcaption class=\"wp-element-caption\">Venta de fresadora de discos<\/figcaption><\/figure>    <figure class=\"wp-block-image size-large\"><img loading=\"lazy\" decoding=\"async\" width=\"720\" height=\"540\" data-id=\"4562\" src=\"https:\/\/taizyfarmequipment.com\/wp-content\/uploads\/2022\/04\/Disk-mill-machine.webp\" alt=\"fresadora de discos\" class=\"wp-image-4562\" srcset=\"https:\/\/taizyfarmequipment.com\/wp-content\/uploads\/2022\/04\/Disk-mill-machine.webp 720w, https:\/\/taizyfarmequipment.com\/wp-content\/uploads\/2022\/04\/Disk-mill-machine-300x225.webp 300w, https:\/\/taizyfarmequipment.com\/wp-content\/uploads\/2022\/04\/Disk-mill-machine-16x12.webp 16w\" sizes=\"auto, (max-width: 720px) 100vw, 720px\" \/><figcaption class=\"wp-element-caption\">fresadora de discos<\/figcaption><\/figure> <\/figure>    <h2 class=\"wp-block-heading\" id=\"h-introduction-to-grain-crushing-machine\">Introducci\u00f3n a la m\u00e1quina trituradora de granos.<\/h2>    <p>Nuestro Taizy fabrica una amplia variedad de trituradoras de granos. Existen molinos de discos, trituradoras de granos, trituradoras de granos con ciclones, etc.<\/p>    <p>Todas estas m\u00e1quinas pueden triturar granos, materiales medicinales, alimentos, piensos, etc. Podemos comer el material procesado o usarlo para criar aves, etc. Estas trituradoras de granos tienen una estructura simple, son f\u00e1ciles de instalar, f\u00e1ciles de operar y ahorran energ\u00eda. .<\/p>    <p class=\"translation-block\">Adem\u00e1s, tambi\u00e9n fabricamos m\u00e1quinas peladoras de granos y m\u00e1quinas para hacer s\u00e9mola de ma\u00edz <a href=\"https:\/\/taizyfarmequipment.com\/es\/producto-2\/maquina-para-hacer-semola-de-maiz\/\">m\u00e1quinas para hacer s\u00e9mola de ma\u00edz<\/a>. Todas estas m\u00e1quinas pueden ayudarte a procesar los granos f\u00e1cilmente.<\/p>    <figure class=\"wp-block-gallery has-nested-images columns-default is-cropped wp-block-gallery-3 is-layout-flex wp-block-gallery-is-layout-flex\"> <figure class=\"wp-block-image size-large\"><img loading=\"lazy\" decoding=\"async\" width=\"720\" height=\"540\" data-id=\"3278\" src=\"https:\/\/taizyfarmequipment.com\/wp-content\/uploads\/2022\/04\/disk-mill-machine0.jpg\" alt=\"m\u00e1quina de molino de disco\" class=\"wp-image-3278\" title=\"m\u00e1quina de molino de disco\"\/><figcaption class=\"wp-element-caption\">m\u00e1quina de molino de disco<\/figcaption><\/figure>    <figure class=\"wp-block-image size-large\"><img loading=\"lazy\" decoding=\"async\" width=\"720\" height=\"540\" data-id=\"3279\" src=\"https:\/\/taizyfarmequipment.com\/wp-content\/uploads\/2022\/04\/grain-grinder-machine0.jpg\" alt=\"\" class=\"wp-image-3279\"\/><figcaption class=\"wp-element-caption\">m\u00e1quina trituradora de granos<\/figcaption><\/figure>    <figure class=\"wp-block-image size-large\"><img loading=\"lazy\" decoding=\"async\" width=\"720\" height=\"540\" data-id=\"3280\" src=\"https:\/\/taizyfarmequipment.com\/wp-content\/uploads\/2022\/04\/corn-crushe0.jpg\" alt=\"\" class=\"wp-image-3280\"\/><figcaption class=\"wp-element-caption\">trituradora de maiz<\/figcaption><\/figure> <\/figure>    <h2 class=\"wp-block-heading\">Tipo 1: fresadora de discos<\/h2>    <p>Un molino de discos es un equipo que puede triturar especialmente todo tipo de granos, alimentos, materiales medicinales, piensos, etc. El material procesado es delicado y hermoso.<\/p>    <p>Esta fresa de disco tiene una estructura compacta, operaci\u00f3n segura y conveniente, apariencia hermosa, bajo consumo de energ\u00eda, rendimiento estable y confiable y es muy popular entre los usuarios. <\/p>    <p>La potencia del pulverizador puede ser un motor el\u00e9ctrico o un motor de gasolina. Los clientes pueden elegir la potencia seg\u00fan sus necesidades.<\/p>    <figure class=\"wp-block-image size-full\"><img loading=\"lazy\" decoding=\"async\" width=\"720\" height=\"540\" src=\"https:\/\/taizyfarmequipment.com\/wp-content\/uploads\/2022\/04\/disk-mill-machine10.jpg\" alt=\"m\u00e1quina de molino de disco\" class=\"wp-image-3281\" title=\"m\u00e1quina de molino de disco\"\/><figcaption class=\"wp-element-caption\">m\u00e1quina de molino de disco<\/figcaption><\/figure>    <h3 class=\"wp-block-heading\">\u00bfQu\u00e9 materiales puede manejar la fresadora de discos?<\/h3>    <p>El molino de disco es adecuado para triturar ma\u00edz, trigo, frijoles, paja, vides, papas frescas y secas, pimientos secos (frescos) con c\u00e1scara, materiales medicinales chinos, cereales integrales, piensos, etc. <\/p>    <p>Tambi\u00e9n puede triturar minerales de baja dureza como yeso, polvo de plomo, polvo de barbotina, tierras raras, industria qu\u00edmica, arcilla, carb\u00f3n, etc. Por lo tanto, es un equipo ideal para uso comercial y dom\u00e9stico.<\/p>    <figure class=\"wp-block-image size-full\"><img loading=\"lazy\" decoding=\"async\" width=\"720\" height=\"540\" src=\"https:\/\/taizyfarmequipment.com\/wp-content\/uploads\/2022\/04\/Grains0.jpg\" alt=\"Granos\" class=\"wp-image-3290\" title=\"Granos\"\/><figcaption class=\"wp-element-caption\">Granos<\/figcaption><\/figure>    <h3 class=\"wp-block-heading\">Estructura de la m\u00e1quina fresadora de discos.<\/h3>    <p>La m\u00e1quina de molino de discos incluye principalmente seis partes: el cuerpo superior, la cubierta, el conjunto del rotor, la criba, el dispositivo de alimentaci\u00f3n y el marco. El cuerpo y el conjunto del rotor forman juntos una c\u00e1mara de trituraci\u00f3n. El conjunto del rotor es la parte de trabajo principal. La trituraci\u00f3n se realiza en la c\u00e1mara de trituraci\u00f3n. La m\u00e1quina es de tama\u00f1o peque\u00f1o, ocupa un \u00e1rea peque\u00f1a y tiene una alta eficiencia de trabajo.<\/p>    <figure class=\"wp-block-image size-full\"><img loading=\"lazy\" decoding=\"async\" width=\"720\" height=\"540\" src=\"https:\/\/taizyfarmequipment.com\/wp-content\/uploads\/2022\/04\/disk-mill-machine-0.jpg\" alt=\"m\u00e1quina de molino de disco\" class=\"wp-image-3282\" title=\"m\u00e1quina de molino de disco\"\/><figcaption class=\"wp-element-caption\">m\u00e1quina de molino de disco<\/figcaption><\/figure>    <h3 class=\"wp-block-heading\">\u00bfCu\u00e1l es el principio de funcionamiento de la fresadora de discos?<\/h3>    <p>Cuando el material ingresa a la c\u00e1mara de trituraci\u00f3n, la estructura en forma de garra tritura r\u00e1pidamente la m\u00e1quina hasta convertirla en polvo fino y lodo bajo la acci\u00f3n del soplado parcial. Y tambi\u00e9n el amasado de los dientes redondos y planos. Luego se descarga a trav\u00e9s del orificio del tamiz bajo la acci\u00f3n de la fuerza centr\u00edfuga y el flujo de aire. <\/p>    <p>La amoladora de disco tiene las caracter\u00edsticas de estructura simple, instalaci\u00f3n, uso y mantenimiento convenientes y una amplia gama de uso.<\/p>    <h3 class=\"wp-block-heading\">Par\u00e1metros de la m\u00e1quina del molino de discos&nbsp;&nbsp;&nbsp;<\/h3>    <figure class=\"wp-block-table\"><table><tbody><tr><td>Modelo<\/td><td>9FZ-280<\/td><\/tr><tr><td>Capacidad<\/td><td>300-500kg\/h<\/td><\/tr><tr><td>Peso<\/td><td>60kg<\/td><\/tr><tr><td>Tama\u00f1o<\/td><td>530*420*440mm<\/td><\/tr><\/tbody><\/table><figcaption class=\"wp-element-caption\">par\u00e1metros del molinillo de ma\u00edz<\/figcaption><\/figure>    <h3 class=\"wp-block-heading\">\u00bfC\u00f3mo funciona el molinillo de ma\u00edz?<\/h3>    <figure class=\"wp-block-embed is-type-video is-provider-youtube wp-block-embed-youtube wp-embed-aspect-16-9 wp-has-aspect-ratio\"><div class=\"wp-block-embed__wrapper\"> <iframe loading=\"lazy\" title=\"polvo muy fino! M\u00e1quina trituradora de ma\u00edz con disco o molino de disco\/trituradora de ma\u00edz\/m\u00e1quina trituradora de ma\u00edz\" width=\"500\" height=\"281\" src=\"https:\/\/www.youtube.com\/embed\/GpSOvkaJMOE?feature=oembed\" frameborder=\"0\" allow=\"accelerometer; autoplay; clipboard-write; encrypted-media; gyroscope; picture-in-picture; web-share\" referrerpolicy=\"strict-origin-when-cross-origin\" allowfullscreen><\/iframe> <\/div><figcaption class=\"wp-element-caption\">video de trabajo de la maquina trituradora de maiz<\/figcaption><\/figure>    <h2 class=\"wp-block-heading\">Tipo 2: m\u00e1quina trituradora de granos<\/h2>    <p>La m\u00e1quina trituradora de granos es un producto que puede moler granos hasta convertirlos en polvo o procesar granos en h\u00famedo hasta convertirlos en pulpa. La m\u00e1quina trituradora de granos es potente y puede procesar todo tipo de harina de arroz, leche de arroz, harina, harina de ma\u00edz, harina de trigo, harina de soja, etc. <\/p>    <p>La m\u00e1quina tiene las caracter\u00edsticas de salida de polvo fino, doble uso seco y h\u00famedo y espesor ajustable. Por lo tanto, puede satisfacer una variedad de necesidades. Adem\u00e1s, la m\u00e1quina cuenta con un interruptor el\u00e9ctrico a prueba de fugas con alto rendimiento de seguridad.<\/p>    <figure class=\"wp-block-image size-full is-resized\"><img loading=\"lazy\" decoding=\"async\" width=\"720\" height=\"540\" src=\"https:\/\/taizyfarmequipment.com\/wp-content\/uploads\/2022\/04\/commercial-grain-grinder0.jpg\" alt=\"molinillo de granos comercial\" class=\"wp-image-3283\" title=\"molinillo de granos comercial\"\/><figcaption class=\"wp-element-caption\">molinillo de granos comercial<\/figcaption><\/figure>    <h3 class=\"wp-block-heading\">Componentes del molinillo de grano.<\/h3>    <p>La m\u00e1quina incluye principalmente un embudo de alimentaci\u00f3n, una perilla de ajuste de espesor, un motor, una salida, un soporte de espesamiento, un interruptor, etc. Este molinillo de granos es compacto y duradero, con alta eficiencia de trabajo.<\/p>    <figure class=\"wp-block-image size-full\"><img loading=\"lazy\" decoding=\"async\" width=\"720\" height=\"540\" src=\"https:\/\/taizyfarmequipment.com\/wp-content\/uploads\/2022\/04\/electric-grain-mill-for-sale-.jpg\" alt=\"Se vende molino de granos electrico\" class=\"wp-image-3284\" title=\"Se vende molino de granos electrico\"\/><figcaption class=\"wp-element-caption\">Se vende molino de granos electrico<\/figcaption><\/figure>    <h3 class=\"wp-block-heading\">\u00bfQu\u00e9 ventajas tiene el molino de martillos el\u00e9ctrico para granos?<\/h3>    <ol class=\"wp-block-list\"> <li>El molinillo de granos tiene una larga vida \u00fatil. Cabeza engrosada, disco abrasivo de acero, alta pureza del material, alta dureza y superficie fina, lo que hace que el pulido sea m\u00e1s delicado.<\/li>    <li>La finura del producto terminado es ajustable. La m\u00e1quina tiene una perilla de ajuste de espesor y los clientes pueden ajustarla seg\u00fan sus propias necesidades.<\/li>    <li>La m\u00e1quina tiene una amplia gama de aplicaciones y puede procesar diversos alimentos, medicamentos y otros materiales.<\/li>    <li>Motor de alta potencia, que utiliza alambre de cobre de alta temperatura. Entonces, la m\u00e1quina es duradera.<\/li>    <li>Ampliar y espesar el embudo, fuerte y firme.<\/li> <\/ol>    <h2 class=\"wp-block-heading\">Tipo 3: trituradora de granos con cicl\u00f3n  <\/h2>    <p>La trituradora de granos con cicl\u00f3n es un pulverizador que puede procesar arroz, chile seco, hierbas medicinales chinas, cereales integrales, piensos, etc. La diferencia entre esta trituradora de granos y los tipos 1 y 2 es que esta m\u00e1quina tiene un tubo que puede aspirar el material por s\u00ed solo, lo que ahorra tiempo y esfuerzo. <\/p>    <p>El grosor del pulverizador tambi\u00e9n se puede cambiar, pero es necesario reemplazar la rejilla dentro de la m\u00e1quina. Adem\u00e1s, este molino de granos tiene un tanque de eliminaci\u00f3n de polvo, que recoge el polvo cuando la m\u00e1quina est\u00e1 funcionando, lo que es beneficioso para la salud de las personas.<\/p>    <figure class=\"wp-block-image size-full is-resized\"><img loading=\"lazy\" decoding=\"async\" width=\"720\" height=\"540\" src=\"https:\/\/taizyfarmequipment.com\/wp-content\/uploads\/2022\/04\/grain-crusher-for-grain0.jpg\" alt=\"trituradora de grano para grano\" class=\"wp-image-3285\" title=\"trituradora de grano para grano\"\/><figcaption class=\"wp-element-caption\">trituradora de grano para grano<\/figcaption><\/figure>    <h3 class=\"wp-block-heading\">Componentes de la m\u00e1quina molino de granos con cicl\u00f3n.<\/h3>    <p>El molino de granos con cicl\u00f3n se compone principalmente de un puerto de alimentaci\u00f3n, un interruptor, una manguera de transporte, una c\u00e1mara de pulverizaci\u00f3n, un puerto de descarga y un tanque de eliminaci\u00f3n de polvo espesado.<\/p>    <figure class=\"wp-block-image size-full\"><img loading=\"lazy\" decoding=\"async\" width=\"720\" height=\"540\" src=\"https:\/\/taizyfarmequipment.com\/wp-content\/uploads\/2022\/04\/grain-mill-machine-with-cyclone-.jpg\" alt=\"molino de granos con cicl\u00f3n\" class=\"wp-image-3286\" title=\"molino de granos con cicl\u00f3n\"\/><figcaption class=\"wp-element-caption\">molino de granos con cicl\u00f3n<\/figcaption><\/figure>    <h3 class=\"wp-block-heading\">\u00bfCu\u00e1les son las caracter\u00edsticas de la trituradora de granos para granos?<\/h3>    <ol class=\"wp-block-list\"> <li>La estructura es simple, la c\u00e1mara de trituraci\u00f3n es relativamente estrecha, el volumen es peque\u00f1o y el peso es liviano.<\/li>    <li>El \u00e1ngulo envolvente de la pantalla es de 360 \u200b\u200bgrados, la eficiencia de producci\u00f3n es relativamente alta y la velocidad de trabajo es alta.<\/li>    <li>El producto tiene un tama\u00f1o de part\u00edcula fino y una amplia adaptabilidad al procesamiento de materiales y puede usarse ampliamente en la trituraci\u00f3n de granos, piensos, materias primas qu\u00edmicas y hierbas medicinales chinas.<\/li>    <li>El pulverizador autocebante est\u00e1 equipado con un cicl\u00f3n, con funci\u00f3n autocebante, que puede aspirar autom\u00e1ticamente las materias primas hacia la c\u00e1mara de trituraci\u00f3n. Por tanto, mejora la tasa de utilizaci\u00f3n de materias primas y evita el desperdicio. Despu\u00e9s de la trituraci\u00f3n, el cicl\u00f3n puede evitar eficazmente que los productos sean triturados, esparcidos y salpicados para garantizar el resultado de trituraci\u00f3n.<\/li> <\/ol>    <figure class=\"wp-block-gallery has-nested-images columns-default is-cropped wp-block-gallery-4 is-layout-flex wp-block-gallery-is-layout-flex\"> <figure class=\"wp-block-image size-large\"><img loading=\"lazy\" decoding=\"async\" width=\"720\" height=\"540\" data-id=\"3287\" src=\"https:\/\/taizyfarmequipment.com\/wp-content\/uploads\/2022\/04\/manufactuer-of-the-grain-grinder0.jpg\" alt=\"fabricaci\u00f3n de la trituradora de granos\" class=\"wp-image-3287\" title=\"fabricaci\u00f3n de la trituradora de granos\"\/><figcaption class=\"wp-element-caption\">fabricaci\u00f3n de la trituradora de granos<\/figcaption><\/figure>    <figure class=\"wp-block-image size-large\"><img loading=\"lazy\" decoding=\"async\" width=\"720\" height=\"540\" data-id=\"3288\" src=\"https:\/\/taizyfarmequipment.com\/wp-content\/uploads\/2022\/04\/stock-of-the-disk-mill-machine0.jpg\" alt=\"Stock de la m\u00e1quina fresadora de discos.\" class=\"wp-image-3288\" title=\"Stock de la m\u00e1quina fresadora de discos.\"\/><figcaption class=\"wp-element-caption\">Stock de la m\u00e1quina fresadora de discos.<\/figcaption><\/figure>    <figure class=\"wp-block-image size-large\"><img loading=\"lazy\" decoding=\"async\" width=\"720\" height=\"540\" data-id=\"3289\" src=\"https:\/\/taizyfarmequipment.com\/wp-content\/uploads\/2022\/04\/grain-grinder-for-maize0.jpg\" alt=\"molino de granos para maiz\" class=\"wp-image-3289\" title=\"molino de granos para maiz\"\/><figcaption class=\"wp-element-caption\">molino de granos para maiz<\/figcaption><\/figure> <\/figure>    <h2 class=\"wp-block-heading\">Operaci\u00f3n y mantenimiento seguros de la m\u00e1quina.<\/h2>    <ol class=\"wp-block-list\"> <li>Antes de poner en marcha la m\u00e1quina es necesario leer atentamente el manual de instrucciones, y realizar ajustes y mantenimiento normal.<\/li>    <li>La potencia de soporte debe cumplir con los requisitos y no debemos aumentar la velocidad del husillo sin permiso.<\/li>    <li>Antes de arrancar la m\u00e1quina, compruebe si la direcci\u00f3n de marcha es la misma que la direcci\u00f3n de corte; de \u200b\u200blo contrario, no debemos arrancar la m\u00e1quina.<\/li>    <li>Los materiales que deben cortarse no deben mezclarse con objetos duros como metales y piedras, de lo contrario se da\u00f1ar\u00e1 la m\u00e1quina.<\/li>    <li>Despu\u00e9s de poner en marcha la m\u00e1quina durante algunas horas, es necesario observar si las distintas piezas est\u00e1n flojas y los cojinetes deben rellenarse peri\u00f3dicamente con mantequilla.<\/li> <\/ol>    <figure class=\"wp-block-gallery has-nested-images columns-default is-cropped wp-block-gallery-5 is-layout-flex wp-block-gallery-is-layout-flex\"> <figure class=\"wp-block-image size-large\"><img loading=\"lazy\" decoding=\"async\" width=\"720\" height=\"540\" data-id=\"4559\" src=\"https:\/\/taizyfarmequipment.com\/wp-content\/uploads\/2022\/04\/disk-miller-machine.webp\" alt=\"fresadora de disco\" class=\"wp-image-4559\" srcset=\"https:\/\/taizyfarmequipment.com\/wp-content\/uploads\/2022\/04\/disk-miller-machine.webp 720w, https:\/\/taizyfarmequipment.com\/wp-content\/uploads\/2022\/04\/disk-miller-machine-300x225.webp 300w, https:\/\/taizyfarmequipment.com\/wp-content\/uploads\/2022\/04\/disk-miller-machine-16x12.webp 16w\" sizes=\"auto, (max-width: 720px) 100vw, 720px\" \/><figcaption class=\"wp-element-caption\">fresadora de disco<\/figcaption><\/figure>    <figure class=\"wp-block-image size-large\"><img loading=\"lazy\" decoding=\"async\" width=\"720\" height=\"540\" data-id=\"4560\" src=\"https:\/\/taizyfarmequipment.com\/wp-content\/uploads\/2022\/04\/disk-milling-machine.webp\" alt=\"fresadora de discos\" class=\"wp-image-4560\" srcset=\"https:\/\/taizyfarmequipment.com\/wp-content\/uploads\/2022\/04\/disk-milling-machine.webp 720w, https:\/\/taizyfarmequipment.com\/wp-content\/uploads\/2022\/04\/disk-milling-machine-300x225.webp 300w, https:\/\/taizyfarmequipment.com\/wp-content\/uploads\/2022\/04\/disk-milling-machine-16x12.webp 16w\" sizes=\"auto, (max-width: 720px) 100vw, 720px\" \/><figcaption class=\"wp-element-caption\">fresadora de discos<\/figcaption><\/figure> <\/figure>    <h2 class=\"wp-block-heading\">Conclusi\u00f3n<\/h2>    <p>La m\u00e1quina fresadora de discos combina eficiencia, durabilidad y versatilidad, lo que la convierte en una opci\u00f3n ideal para moler una amplia gama de materiales. Ya sea que trabaje en la industria de procesamiento de alimentos, farmac\u00e9utica o qu\u00edmica, esta m\u00e1quina satisfar\u00e1 sus necesidades y mejorar\u00e1 su eficiencia de producci\u00f3n. <\/p>    <p>Cont\u00e1ctenos hoy para obtener m\u00e1s informaci\u00f3n sobre la m\u00e1quina fresadora de discos y obtener los precios m\u00e1s recientes. Esperamos asociarnos con usted y ayudar a su negocio a alcanzar nuevas alturas.<\/p>","protected":false},"excerpt":{"rendered":"<p>Nosotros, Taizy, fabricamos varias trituradoras de granos. Y son molinos de discos, trituradoras de granos, trituradoras de granos con ciclones, etc. <\/p>","protected":false},"author":1,"featured_media":3277,"parent":0,"template":"","tags":[312,314,313],"product-type":[130],"class_list":["post-3275","product","type-product","status-publish","has-post-thumbnail","hentry","tag-disk-mill-machine","tag-grain-crusher","tag-grain-grinder","product-type-corn-grains-grinding-equipment"],"_links":{"self":[{"href":"https:\/\/taizyfarmequipment.com\/es\/wp-json\/wp\/v2\/product\/3275","targetHints":{"allow":["GET"]}}],"collection":[{"href":"https:\/\/taizyfarmequipment.com\/es\/wp-json\/wp\/v2\/product"}],"about":[{"href":"https:\/\/taizyfarmequipment.com\/es\/wp-json\/wp\/v2\/types\/product"}],"author":[{"embeddable":true,"href":"https:\/\/taizyfarmequipment.com\/es\/wp-json\/wp\/v2\/users\/1"}],"wp:featuredmedia":[{"embeddable":true,"href":"https:\/\/taizyfarmequipment.com\/es\/wp-json\/wp\/v2\/media\/3277"}],"wp:attachment":[{"href":"https:\/\/taizyfarmequipment.com\/es\/wp-json\/wp\/v2\/media?parent=3275"}],"wp:term":[{"taxonomy":"post_tag","embeddable":true,"href":"https:\/\/taizyfarmequipment.com\/es\/wp-json\/wp\/v2\/tags?post=3275"},{"taxonomy":"product-type","embeddable":true,"href":"https:\/\/taizyfarmequipment.com\/es\/wp-json\/wp\/v2\/product-type?post=3275"}],"curies":[{"name":"wp","href":"https:\/\/api.w.org\/{rel}","templated":true}]}}