{"id":3291,"date":"2022-04-25T09:47:06","date_gmt":"2022-04-25T09:47:06","guid":{"rendered":"https:\/\/taizyfarmequipment.com\/?post_type=product&#038;p=3291"},"modified":"2023-12-27T18:02:41","modified_gmt":"2023-12-27T10:02:41","slug":"pequena-peladora-de-maiz","status":"publish","type":"product","link":"https:\/\/taizyfarmequipment.com\/es\/product\/small-corn-peeling-machine\/","title":{"rendered":"Peladora de ma\u00edz peque\u00f1a \u4e28Peladora de piel de ma\u00edz"},"content":{"rendered":"<div class=\"kk-star-ratings kksr-auto kksr-align-left kksr-valign-top\"     data-payload='{&quot;align&quot;:&quot;left&quot;,&quot;id&quot;:&quot;3291&quot;,&quot;slug&quot;:&quot;default&quot;,&quot;valign&quot;:&quot;top&quot;,&quot;ignore&quot;:&quot;&quot;,&quot;reference&quot;:&quot;auto&quot;,&quot;class&quot;:&quot;&quot;,&quot;count&quot;:&quot;9&quot;,&quot;legendonly&quot;:&quot;&quot;,&quot;readonly&quot;:&quot;&quot;,&quot;score&quot;:&quot;4.7&quot;,&quot;starsonly&quot;:&quot;&quot;,&quot;best&quot;:&quot;5&quot;,&quot;gap&quot;:&quot;5&quot;,&quot;greet&quot;:&quot;Rate this product&quot;,&quot;legend&quot;:&quot;4.7\\\/5 - (9 votos)&quot;,&quot;size&quot;:&quot;24&quot;,&quot;title&quot;:&quot;Small corn peeling machine\u4e28Maize skin peeler&quot;,&quot;width&quot;:&quot;133.8&quot;,&quot;_legend&quot;:&quot;{score}\\\/{best} - ({count} {votes})&quot;,&quot;font_factor&quot;:&quot;1.25&quot;}'>              <div class=\"kksr-stars\">      <div class=\"kksr-stars-inactive\">             <div class=\"kksr-star\" data-star=\"1\" style=\"padding-right: 5px\">               <div class=\"kksr-icon\" style=\"width: 24px; height: 24px;\"><\/div>         <\/div>             <div class=\"kksr-star\" data-star=\"2\" style=\"padding-right: 5px\">               <div class=\"kksr-icon\" style=\"width: 24px; height: 24px;\"><\/div>         <\/div>             <div class=\"kksr-star\" data-star=\"3\" style=\"padding-right: 5px\">               <div class=\"kksr-icon\" style=\"width: 24px; height: 24px;\"><\/div>         <\/div>             <div class=\"kksr-star\" data-star=\"4\" style=\"padding-right: 5px\">               <div class=\"kksr-icon\" style=\"width: 24px; height: 24px;\"><\/div>         <\/div>             <div class=\"kksr-star\" data-star=\"5\" style=\"padding-right: 5px\">               <div class=\"kksr-icon\" style=\"width: 24px; height: 24px;\"><\/div>         <\/div>     <\/div>      <div class=\"kksr-stars-active\" style=\"width: 133.8px;\">             <div class=\"kksr-star\" style=\"padding-right: 5px\">               <div class=\"kksr-icon\" style=\"width: 24px; height: 24px;\"><\/div>         <\/div>             <div class=\"kksr-star\" style=\"padding-right: 5px\">               <div class=\"kksr-icon\" style=\"width: 24px; height: 24px;\"><\/div>         <\/div>             <div class=\"kksr-star\" style=\"padding-right: 5px\">               <div class=\"kksr-icon\" style=\"width: 24px; height: 24px;\"><\/div>         <\/div>             <div class=\"kksr-star\" style=\"padding-right: 5px\">               <div class=\"kksr-icon\" style=\"width: 24px; height: 24px;\"><\/div>         <\/div>             <div class=\"kksr-star\" style=\"padding-right: 5px\">               <div class=\"kksr-icon\" style=\"width: 24px; height: 24px;\"><\/div>         <\/div>     <\/div> <\/div>                   <div class=\"kksr-legend\" style=\"font-size: 19.2px;\">             4,7\/5 - (9 votos)    <\/div>     <\/div>  <p>La peque\u00f1a m\u00e1quina peladora de ma\u00edz es un equipo que la gente utiliza para descascarar el ma\u00edz en la vida diaria. La m\u00e1quina peladora de ma\u00edz es de tama\u00f1o peque\u00f1o, de estructura simple y f\u00e1cil de operar. Es una buena ayuda para pelar ma\u00edz en el hogar. El descascarado del ma\u00edz se ha convertido ahora en el primer paso en el procesamiento del ma\u00edz porque el ma\u00edz pelado tiene buen sabor y es f\u00e1cil de procesar. <\/p>    <p>Por lo tanto, el ma\u00edz pelado se puede procesar a\u00fan m\u00e1s para obtener bocadillos, bocadillos, harina, etc. Adem\u00e1s, tambi\u00e9n podemos procesar el ma\u00edz sin pelar para convertirlo en alimento, que es m\u00e1s nutritivo y f\u00e1cil de absorber.<\/p>    <figure class=\"wp-block-embed is-type-video is-provider-youtube wp-block-embed-youtube wp-embed-aspect-16-9 wp-has-aspect-ratio\"><div class=\"wp-block-embed__wrapper\"> <iframe loading=\"lazy\" title=\"Diga adi\u00f3s al trabajo manual: desempaquetado y prueba de la peladora de ma\u00edz peque\u00f1a #corn #maize\" width=\"500\" height=\"281\" src=\"https:\/\/www.youtube.com\/embed\/Fp8cYi34eMY?feature=oembed\" frameborder=\"0\" allow=\"accelerometer; autoplay; clipboard-write; encrypted-media; gyroscope; picture-in-picture; web-share\" referrerpolicy=\"strict-origin-when-cross-origin\" allowfullscreen><\/iframe> <\/div><figcaption class=\"wp-element-caption\">V\u00eddeo de funcionamiento de la m\u00e1quina peladora de ma\u00edz.<\/figcaption><\/figure>    <h2 class=\"wp-block-heading\" id=\"h-introduction-to-small-corn-peeling-machine\">Introducci\u00f3n a la peque\u00f1a peladora de ma\u00edz.<\/h2>    <p>La peque\u00f1a m\u00e1quina peladora de ma\u00edz que producimos tiene un buen efecto de pelado y una alta eficiencia de trabajo. Muele el ma\u00edz en varios l\u00f3bulos grandes mientras lo pela, y el ma\u00edz procesado queda suave, libre de germen negro y salvado. Adem\u00e1s, el producto terminado despu\u00e9s del pelado queda limpio. Y podemos enviarlo directamente al mercado para su venta. <\/p>    <p>En cuanto a la potencia, la potencia de la peladora de ma\u00edz puede ser un motor el\u00e9ctrico o un motor di\u00e9sel. Por lo tanto, puede satisfacer las necesidades de energ\u00eda de personas en diferentes regiones. <\/p>    <p class=\"translation-block\">Generalmente, la m\u00e1quina se utiliza en peque\u00f1as f\u00e1bricas de alimentos y hogares. Como fabricante de maquinaria agr\u00edcola, tambi\u00e9n producimos cosechadoras de ma\u00edz, <a href=\"https:\/\/taizyfarmequipment.com\/es\/producto-2\/trilladora-multigrano\/\">trilladoras de ma\u00edz<\/a>, <a href=\"https:\/\/taizyfarmequipment.com\/es\/producto-2\/maquina-para-hacer-semola-de-maiz\/\" data-type=\"link\" data-id=\"https:\/\/taizyfarmequipment.com\/product\/corn-grits-making-machine\/\">m\u00e1quinas para hacer s\u00e9mola de ma\u00edz<\/a> y m\u00e1quinas de harina de ma\u00edz. Puede resolver la mayor\u00eda de las necesidades de las personas para procesar ma\u00edz.<\/p>    <figure class=\"wp-block-gallery has-nested-images columns-2 is-cropped wp-block-gallery-2 is-layout-flex wp-block-gallery-is-layout-flex\"> <figure class=\"wp-block-image size-large\"><img loading=\"lazy\" decoding=\"async\" width=\"720\" height=\"540\" data-id=\"3294\" src=\"https:\/\/taizyfarmequipment.com\/wp-content\/uploads\/2022\/04\/small-corn-peeling-machine0.jpg\" alt=\"peque\u00f1a peladora de ma\u00edz\" class=\"wp-image-3294\" title=\"peque\u00f1a peladora de ma\u00edz\"\/><figcaption class=\"wp-element-caption\">peque\u00f1a peladora de ma\u00edz<\/figcaption><\/figure>    <figure class=\"wp-block-image size-large\"><img loading=\"lazy\" decoding=\"async\" width=\"720\" height=\"540\" data-id=\"3295\" src=\"https:\/\/taizyfarmequipment.com\/wp-content\/uploads\/2022\/04\/corn-skin-peeler0.jpg\" alt=\"pelador de piel de ma\u00edz\" class=\"wp-image-3295\" title=\"pelador de piel de ma\u00edz\"\/><figcaption class=\"wp-element-caption\">pelador de piel de ma\u00edz<\/figcaption><\/figure>    <figure class=\"wp-block-image size-large\"><img loading=\"lazy\" decoding=\"async\" width=\"720\" height=\"540\" data-id=\"3296\" src=\"https:\/\/taizyfarmequipment.com\/wp-content\/uploads\/2022\/04\/Maize-skin-peeling-machine-.jpg\" alt=\"M\u00e1quina peladora de piel de ma\u00edz\" class=\"wp-image-3296\" title=\"M\u00e1quina peladora de piel de ma\u00edz\"\/><figcaption class=\"wp-element-caption\">peladora de piel de ma\u00edz<\/figcaption><\/figure>    <figure class=\"wp-block-image size-large\"><img loading=\"lazy\" decoding=\"async\" width=\"720\" height=\"540\" data-id=\"3297\" src=\"https:\/\/taizyfarmequipment.com\/wp-content\/uploads\/2022\/04\/maize-peeler0.jpg\" alt=\"Pelador de piel de ma\u00edz\" class=\"wp-image-3297\" title=\"Pelador de piel de ma\u00edz\"\/><figcaption class=\"wp-element-caption\">pelador de piel de ma\u00edz<\/figcaption><\/figure> <\/figure>    <h2 class=\"wp-block-heading\">Estructura del pelador de piel de ma\u00edz.<\/h2>    <p>La peladora de piel de ma\u00edz incluye principalmente un puerto de alimentaci\u00f3n, perilla de ajuste de velocidad de alimentaci\u00f3n, cuchillo pelador, exportaci\u00f3n de c\u00e1scara de ma\u00edz, exportaci\u00f3n de producto terminado, etc. La estructura general de la peque\u00f1a m\u00e1quina peladora de ma\u00edz es compacta, ocupa un \u00e1rea peque\u00f1a, es fuerte y duradera. y tiene una larga vida \u00fatil.<\/p>    <figure class=\"wp-block-image size-full\"><img loading=\"lazy\" decoding=\"async\" width=\"720\" height=\"540\" src=\"https:\/\/taizyfarmequipment.com\/wp-content\/uploads\/2022\/04\/corn-skin-removers-structure-0.jpg\" alt=\"estructura del removedor de piel de ma\u00edz\" class=\"wp-image-3293\" title=\"estructura del removedor de piel de ma\u00edz\"\/><figcaption class=\"wp-element-caption\">estructura del removedor de piel de ma\u00edz<\/figcaption><\/figure>    <h2 class=\"wp-block-heading\">Par\u00e1metros de la peladora de ma\u00edz.<\/h2>    <figure class=\"wp-block-table\"><table><tbody><tr><td>Nombre<\/td><td>M\u00e1quina peladora de ma\u00edz<\/td><\/tr><tr><td>Fuerza<\/td><td>Motor el\u00e9ctrico de 5,5 kw o motor di\u00e9sel de 12 CV.<\/td><\/tr><tr><td>Capacidad<\/td><td>300-500kg\/h<\/td><\/tr><tr><td>Peso<\/td><td>100 kilos<\/td><\/tr><tr><td>Tama\u00f1o<\/td><td>660*450*1020mm<\/td><\/tr><\/tbody><\/table><figcaption class=\"wp-element-caption\">Par\u00e1metro de la m\u00e1quina peladora de ma\u00edz.<\/figcaption><\/figure>    <h2 class=\"wp-block-heading\">\u00bfPor qu\u00e9 necesitamos pelar el ma\u00edz?<\/h2>    <p>Los componentes principales de la hoja de ma\u00edz son fibra, almid\u00f3n y prote\u00ednas, y su nivel nutricional no es alto. Es m\u00e1s, las hojas de ma\u00edz son duras y dif\u00edciles de manipular para formar una pasta, lo que requiere mucho tiempo y mano de obra para su procesamiento profundo. <\/p>    <p>Adem\u00e1s, el sabor de las hojas de ma\u00edz es muy pobre, lo que afectar\u00e1 el consumo y el sabor de los alimentos procesados \u200b\u200bno b\u00e1sicos. Por lo tanto, al procesar harina de ma\u00edz, s\u00e9mola de ma\u00edz y alimentos de ma\u00edz, el fabricante pelar\u00e1 la piel del ma\u00edz antes de procesarlos.<\/p>    <figure class=\"wp-block-image size-full\"><img loading=\"lazy\" decoding=\"async\" width=\"720\" height=\"540\" src=\"https:\/\/taizyfarmequipment.com\/wp-content\/uploads\/2022\/04\/corn-peeling-machine-for-sale.webp\" alt=\"Vendo maquina peladora de maiz\" class=\"wp-image-4264\" srcset=\"https:\/\/taizyfarmequipment.com\/wp-content\/uploads\/2022\/04\/corn-peeling-machine-for-sale.webp 720w, https:\/\/taizyfarmequipment.com\/wp-content\/uploads\/2022\/04\/corn-peeling-machine-for-sale-300x225.webp 300w\" sizes=\"auto, (max-width: 720px) 100vw, 720px\" \/><figcaption class=\"wp-element-caption\">Vendo maquina peladora de maiz<\/figcaption><\/figure>    <h2 class=\"wp-block-heading\">\u00bfCu\u00e1les son los beneficios de descascarar el ma\u00edz?<\/h2>    <p>1. Al pelar el ma\u00edz, la c\u00e1scara de ma\u00edz producida por el equipo de procesamiento de ma\u00edz es peque\u00f1a y tambi\u00e9n se puede mejorar la calidad del producto.<\/p>    <p>2. El embri\u00f3n y el endospermo del ma\u00edz quedan envueltos por la piel. Despu\u00e9s del pelado, es f\u00e1cil de separar, lo que puede mejorar la eficiencia de la desgerminaci\u00f3n, lo que favorece un procesamiento fino adicional.<\/p>    <p>3. Despu\u00e9s de pelarlo, puede mejorar la calidad comestible de diversos alimentos producidos por el ma\u00edz.<\/p>    <p>4. Es probable que la capa de ma\u00edz contenga sustancias nocivas, que pueden eliminarse mediante la muda y mejorar la pureza del producto.<\/p>    <figure class=\"wp-block-image size-full\"><img loading=\"lazy\" decoding=\"async\" width=\"720\" height=\"540\" src=\"https:\/\/taizyfarmequipment.com\/wp-content\/uploads\/2022\/04\/corn-peeling-machine-for-business.webp\" alt=\"peladora de maiz para empresas\" class=\"wp-image-4265\" srcset=\"https:\/\/taizyfarmequipment.com\/wp-content\/uploads\/2022\/04\/corn-peeling-machine-for-business.webp 720w, https:\/\/taizyfarmequipment.com\/wp-content\/uploads\/2022\/04\/corn-peeling-machine-for-business-300x225.webp 300w\" sizes=\"auto, (max-width: 720px) 100vw, 720px\" \/><figcaption class=\"wp-element-caption\">peladora de maiz para empresas<\/figcaption><\/figure>    <h2 class=\"wp-block-heading\">Aplicaciones de la peladora de ma\u00edz.<\/h2>    <ol class=\"wp-block-list\"> <li><strong>Peque\u00f1as Granjas:<\/strong> <ul class=\"wp-block-list\"> <li>Adecuado para operaciones agr\u00edcolas de peque\u00f1a escala que cultivan ma\u00edz.<\/li>    <li>Ahorra tiempo y mano de obra en comparaci\u00f3n con el pelado manual, lo que permite a los agricultores procesar el ma\u00edz de manera m\u00e1s eficiente.<\/li> <\/ul> <\/li>    <li><strong>Vendedores ambulantes de comida:<\/strong> <ul class=\"wp-block-list\"> <li>Permite una preparaci\u00f3n de ma\u00edz r\u00e1pida y eficiente para los vendedores ambulantes de comida que incorporan ma\u00edz a sus ofertas.<\/li>    <li>Mejora la productividad durante los per\u00edodos de mayor actividad.<\/li> <\/ul> <\/li>    <li><strong>Empresas de procesamiento de alimentos:<\/strong> <ul class=\"wp-block-list\"> <li>\u00datil para empresas procesadoras de alimentos que utilizan ma\u00edz como ingrediente en diversos productos.<\/li>    <li>Aumenta la eficiencia de producci\u00f3n y la consistencia en el procesamiento del ma\u00edz.<\/li> <\/ul> <\/li>    <li><strong>Producci\u00f3n de alimentos enlatados y congelados:<\/strong> <ul class=\"wp-block-list\"> <li>Incorporado a l\u00edneas de producci\u00f3n de productos de ma\u00edz enlatados o congelados.<\/li>    <li>Ayuda a mantener la calidad del producto y reduce la mano de obra en el procesamiento a gran escala.<\/li> <\/ul> <\/li>    <li><strong>Fabricantes de productos de ma\u00edz:<\/strong> <ul class=\"wp-block-list\"> <li>Utilizado por empresas que fabrican productos a base de ma\u00edz, como harina de ma\u00edz, harina de ma\u00edz o snacks de ma\u00edz.<\/li>    <li>Contribuye a la eficiencia y rentabilidad del proceso productivo.<\/li> <\/ul> <\/li> <\/ol>    <figure class=\"wp-block-image size-large\"><img loading=\"lazy\" decoding=\"async\" width=\"720\" height=\"540\" src=\"https:\/\/taizyfarmequipment.com\/wp-content\/uploads\/2022\/04\/exported-corn-peeling-machine.webp\" alt=\"peladora de ma\u00edz exportada\" class=\"wp-image-4266\" srcset=\"https:\/\/taizyfarmequipment.com\/wp-content\/uploads\/2022\/04\/exported-corn-peeling-machine.webp 720w, https:\/\/taizyfarmequipment.com\/wp-content\/uploads\/2022\/04\/exported-corn-peeling-machine-300x225.webp 300w\" sizes=\"auto, (max-width: 720px) 100vw, 720px\" \/><figcaption class=\"wp-element-caption\">peladora de ma\u00edz exportada<\/figcaption><\/figure>    <h2 class=\"wp-block-heading\">Peque\u00f1a m\u00e1quina peladora de ma\u00edz vendida a Sud\u00e1frica<\/h2>    <p>La semana pasada enviamos 10 juegos de peque\u00f1as m\u00e1quinas peladoras de ma\u00edz a Sud\u00e1frica. Contactamos con los clientes a trav\u00e9s de sus mensajes en el sitio web. A trav\u00e9s de la comunicaci\u00f3n, supimos que el cliente quer\u00eda construir una peque\u00f1a planta peladora de ma\u00edz. <\/p>    <p>Como reci\u00e9n est\u00e1 comenzando, el cliente quiere comprar primero varias m\u00e1quinas peladoras de ma\u00edz peque\u00f1as. Por eso recomendamos esta m\u00e1quina a nuestros clientes. El cliente final decide realizar un pedido de diez juegos. Las siguientes son las im\u00e1genes de embalaje y entrega de la m\u00e1quina.<\/p>    <figure class=\"wp-block-gallery has-nested-images columns-default is-cropped wp-block-gallery-3 is-layout-flex wp-block-gallery-is-layout-flex\"> <figure class=\"wp-block-image size-large\"><img loading=\"lazy\" decoding=\"async\" width=\"720\" height=\"540\" data-id=\"3298\" src=\"https:\/\/taizyfarmequipment.com\/wp-content\/uploads\/2022\/04\/wooden-case-packaging0-2.jpg\" alt=\"embalaje de caja de madera\" class=\"wp-image-3298\" title=\"embalaje de caja de madera\"\/><figcaption class=\"wp-element-caption\">embalaje de caja de madera<\/figcaption><\/figure>    <figure class=\"wp-block-image size-large\"><img loading=\"lazy\" decoding=\"async\" width=\"720\" height=\"540\" data-id=\"3299\" src=\"https:\/\/taizyfarmequipment.com\/wp-content\/uploads\/2022\/04\/loading-of-the-maize-peller-machine0.jpg\" alt=\"carga de la peque\u00f1a peladora de ma\u00edz\" class=\"wp-image-3299\" title=\"carga de la peque\u00f1a peladora de ma\u00edz\"\/><figcaption class=\"wp-element-caption\">carga de la peque\u00f1a peladora de ma\u00edz<\/figcaption><\/figure>    <figure class=\"wp-block-image size-large\"><img loading=\"lazy\" decoding=\"async\" width=\"720\" height=\"540\" data-id=\"3300\" src=\"https:\/\/taizyfarmequipment.com\/wp-content\/uploads\/2022\/04\/shipping-of-the-machine0.jpg\" alt=\"env\u00edo de la m\u00e1quina\" class=\"wp-image-3300\" title=\"env\u00edo de la m\u00e1quina\"\/><figcaption class=\"wp-element-caption\">env\u00edo de la m\u00e1quina<\/figcaption><\/figure> <\/figure>    <h2 class=\"wp-block-heading\">Invierta en nuestra peladora de ma\u00edz<\/h2>    <p>En el ajetreo y el bullicio de la vida moderna, la m\u00e1quina peladora de ma\u00edz no es simplemente otro electrodom\u00e9stico de cocina: es su boleto para disfrutar de la comodidad de tener manos libres y una mayor eficiencia. \u00a1Diga adi\u00f3s al tedioso pelado manual y abrace una nueva era de experiencias de cocina sin esfuerzo!<\/p>    <p>Si buscas aumentar la eficiencia de tu cocina, saborear m\u00e1s momentos placenteros y agregar un toque de innovaci\u00f3n a tu cocina, la peque\u00f1a peladora de ma\u00edz es sin duda una opci\u00f3n indispensable. No permita que el trabajo manual apague su entusiasmo culinario: deje que la peque\u00f1a m\u00e1quina peladora de ma\u00edz sea la estrella brillante en su viaje culinario.<\/p>","protected":false},"excerpt":{"rendered":"<p>La peque\u00f1a m\u00e1quina peladora de ma\u00edz tiene un buen efecto de pelado y una alta eficiencia de trabajo. Y el ma\u00edz procesado queda suave, libre de germen negro y salvado.<\/p>","protected":false},"author":1,"featured_media":3301,"parent":0,"template":"","tags":[],"product-type":[131],"class_list":["post-3291","product","type-product","status-publish","has-post-thumbnail","hentry","product-type-grains-peeling-machine"],"_links":{"self":[{"href":"https:\/\/taizyfarmequipment.com\/es\/wp-json\/wp\/v2\/product\/3291","targetHints":{"allow":["GET"]}}],"collection":[{"href":"https:\/\/taizyfarmequipment.com\/es\/wp-json\/wp\/v2\/product"}],"about":[{"href":"https:\/\/taizyfarmequipment.com\/es\/wp-json\/wp\/v2\/types\/product"}],"author":[{"embeddable":true,"href":"https:\/\/taizyfarmequipment.com\/es\/wp-json\/wp\/v2\/users\/1"}],"wp:featuredmedia":[{"embeddable":true,"href":"https:\/\/taizyfarmequipment.com\/es\/wp-json\/wp\/v2\/media\/3301"}],"wp:attachment":[{"href":"https:\/\/taizyfarmequipment.com\/es\/wp-json\/wp\/v2\/media?parent=3291"}],"wp:term":[{"taxonomy":"post_tag","embeddable":true,"href":"https:\/\/taizyfarmequipment.com\/es\/wp-json\/wp\/v2\/tags?post=3291"},{"taxonomy":"product-type","embeddable":true,"href":"https:\/\/taizyfarmequipment.com\/es\/wp-json\/wp\/v2\/product-type?post=3291"}],"curies":[{"name":"wp","href":"https:\/\/api.w.org\/{rel}","templated":true}]}}