{"id":3302,"date":"2022-04-26T10:22:49","date_gmt":"2022-04-26T10:22:49","guid":{"rendered":"https:\/\/taizyfarmequipment.com\/?post_type=product&#038;p=3302"},"modified":"2025-11-26T15:37:56","modified_gmt":"2025-11-26T07:37:56","slug":"maquina-descascaradora-de-maiz-fresco","status":"publish","type":"product","link":"https:\/\/taizyfarmequipment.com\/es\/product\/fresh-corn-shelling-machine\/","title":{"rendered":"M\u00e1quina desgranadora de ma\u00edz fresco \u4e28 Equipo de m\u00e1quina trilladora de ma\u00edz dulce"},"content":{"rendered":"<div class=\"kk-star-ratings kksr-auto kksr-align-left kksr-valign-top\"     data-payload='{&quot;align&quot;:&quot;left&quot;,&quot;id&quot;:&quot;3302&quot;,&quot;slug&quot;:&quot;default&quot;,&quot;valign&quot;:&quot;top&quot;,&quot;ignore&quot;:&quot;&quot;,&quot;reference&quot;:&quot;auto&quot;,&quot;class&quot;:&quot;&quot;,&quot;count&quot;:&quot;18&quot;,&quot;legendonly&quot;:&quot;&quot;,&quot;readonly&quot;:&quot;&quot;,&quot;score&quot;:&quot;4.9&quot;,&quot;starsonly&quot;:&quot;&quot;,&quot;best&quot;:&quot;5&quot;,&quot;gap&quot;:&quot;5&quot;,&quot;greet&quot;:&quot;Rate this product&quot;,&quot;legend&quot;:&quot;4.9\\\/5 - (18 votos)&quot;,&quot;size&quot;:&quot;24&quot;,&quot;title&quot;:&quot;Fresh corn shelling machine\u4e28Sweet corn threshing machine equipment&quot;,&quot;width&quot;:&quot;139.6&quot;,&quot;_legend&quot;:&quot;{score}\\\/{best} - ({count} {votes})&quot;,&quot;font_factor&quot;:&quot;1.25&quot;}'>              <div class=\"kksr-stars\">      <div class=\"kksr-stars-inactive\">             <div class=\"kksr-star\" data-star=\"1\" style=\"padding-right: 5px\">               <div class=\"kksr-icon\" style=\"width: 24px; height: 24px;\"><\/div>         <\/div>             <div class=\"kksr-star\" data-star=\"2\" style=\"padding-right: 5px\">               <div class=\"kksr-icon\" style=\"width: 24px; height: 24px;\"><\/div>         <\/div>             <div class=\"kksr-star\" data-star=\"3\" style=\"padding-right: 5px\">               <div class=\"kksr-icon\" style=\"width: 24px; height: 24px;\"><\/div>         <\/div>             <div class=\"kksr-star\" data-star=\"4\" style=\"padding-right: 5px\">               <div class=\"kksr-icon\" style=\"width: 24px; height: 24px;\"><\/div>         <\/div>             <div class=\"kksr-star\" data-star=\"5\" style=\"padding-right: 5px\">               <div class=\"kksr-icon\" style=\"width: 24px; height: 24px;\"><\/div>         <\/div>     <\/div>      <div class=\"kksr-stars-active\" style=\"width: 139.6px;\">             <div class=\"kksr-star\" style=\"padding-right: 5px\">               <div class=\"kksr-icon\" style=\"width: 24px; height: 24px;\"><\/div>         <\/div>             <div class=\"kksr-star\" style=\"padding-right: 5px\">               <div class=\"kksr-icon\" style=\"width: 24px; height: 24px;\"><\/div>         <\/div>             <div class=\"kksr-star\" style=\"padding-right: 5px\">               <div class=\"kksr-icon\" style=\"width: 24px; height: 24px;\"><\/div>         <\/div>             <div class=\"kksr-star\" style=\"padding-right: 5px\">               <div class=\"kksr-icon\" style=\"width: 24px; height: 24px;\"><\/div>         <\/div>             <div class=\"kksr-star\" style=\"padding-right: 5px\">               <div class=\"kksr-icon\" style=\"width: 24px; height: 24px;\"><\/div>         <\/div>     <\/div> <\/div>                   <div class=\"kksr-legend\" style=\"font-size: 19.2px;\">             4,9\/5 - (18 votos)    <\/div>     <\/div>  <p>La m\u00e1quina descascaradora de ma\u00edz fresco es un dispositivo que puede separar los granos de ma\u00edz frescos y las mazorcas de ma\u00edz. Los granos de ma\u00edz tratados se pueden procesar o congelar para preparar alimentos congelados r\u00e1pidamente. <\/p>    <p>La m\u00e1quina trilladora de ma\u00edz dulce es f\u00e1cil de operar y tiene una alta eficiencia de trabajo. Y puede procesar todo tipo de ma\u00edz fresco, ma\u00edz dulce, ma\u00edz ceroso y ma\u00edz descongelado.<\/p>    <figure class=\"wp-block-embed is-type-video is-provider-youtube wp-block-embed-youtube wp-embed-aspect-16-9 wp-has-aspect-ratio\"><div class=\"wp-block-embed__wrapper\"> <iframe loading=\"lazy\" title=\"M\u00e1quina de Desgranado de Ma\u00edz Fresco | Desgranadora de Ma\u00edz de Alta Eficiencia para Ma\u00edz Dulce #ma\u00edz #mazorca #desgranado\" width=\"500\" height=\"281\" src=\"https:\/\/www.youtube.com\/embed\/iTv3jonA5pk?feature=oembed\" frameborder=\"0\" allow=\"accelerometer; autoplay; clipboard-write; encrypted-media; gyroscope; picture-in-picture; web-share\" referrerpolicy=\"strict-origin-when-cross-origin\" allowfullscreen><\/iframe> <\/div><figcaption class=\"wp-element-caption\">Video de funcionamiento de la m\u00e1quina de pelar ma\u00edz fresco<\/figcaption><\/figure>    <h2 class=\"wp-block-heading\" id=\"h-introduction-to-the-fresh-corn-shelling-machine\">Introducci\u00f3n a la m\u00e1quina desgranadora de ma\u00edz fresco.&nbsp;<\/h2>    <p>Nuestras m\u00e1quinas descascaradoras de ma\u00edz fresco son de acero inoxidable 304 y cumplen con los est\u00e1ndares GMP y USDA. La m\u00e1quina puede procesar ma\u00edz de todos los tama\u00f1os y formas. <\/p>    <p>Hay dos modelos de esta m\u00e1quina, son HYMZ-268 y HYMZ-368. La diferencia entre las dos m\u00e1quinas es la presencia o ausencia de una cinta transportadora y la salida. La m\u00e1quina con cinta transportadora tiene una mayor producci\u00f3n. <\/p>    <p>En cuanto a la potencia, la potencia de esta trilladora de ma\u00edz fresco es el motor. <\/p>    <p class=\"translation-block\">Adem\u00e1s, la m\u00e1quina trilladora de ma\u00edz tiene un ventilador, que soplar\u00e1 las impurezas de los granos de ma\u00edz. As\u00ed que el producto final de los granos de ma\u00edz queda limpio y bonito. Adem\u00e1s de esta m\u00e1quina, tambi\u00e9n disponemos de una <a href=\"https:\/\/taizyfarmequipment.com\/es\/producto-2\/trilladora-de-arroz-y-trigo\/\" data-type=\"link\" data-id=\"https:\/\/taizyfarmequipment.com\/product\/rice-and-wheat-thresher-machine\/\">trilladora de arroz y trigo<\/a>, peladora de ma\u00edz y <a href=\"https:\/\/taizyfarmequipment.com\/es\/producto-2\/maquina-para-hacer-semola-de-maiz\/\">m\u00e1quina para fabricar s\u00e9mola de ma\u00edz<\/a>, etc.<\/p>    <figure class=\"wp-block-gallery has-nested-images columns-default is-cropped wp-block-gallery-2 is-layout-flex wp-block-gallery-is-layout-flex\"> <figure class=\"wp-block-image size-large\"><img loading=\"lazy\" decoding=\"async\" width=\"720\" height=\"540\" data-id=\"3305\" src=\"https:\/\/taizyfarmequipment.com\/wp-content\/uploads\/2022\/04\/sweet-maize-thresher0.jpg\" alt=\"trilladora de ma\u00edz dulce\" class=\"wp-image-3305\" title=\"trilladora de ma\u00edz dulce\"\/><figcaption class=\"wp-element-caption\">trilladora de ma\u00edz dulce<\/figcaption><\/figure>    <figure class=\"wp-block-image size-large\"><img loading=\"lazy\" decoding=\"async\" width=\"720\" height=\"540\" data-id=\"3306\" src=\"https:\/\/taizyfarmequipment.com\/wp-content\/uploads\/2022\/04\/fresh-corn-thresher-machine0.jpg\" alt=\"m\u00e1quina trilladora de ma\u00edz fresco\" class=\"wp-image-3306\" title=\"m\u00e1quina trilladora de ma\u00edz fresco\"\/><figcaption class=\"wp-element-caption\">m\u00e1quina trilladora de ma\u00edz fresco<\/figcaption><\/figure> <\/figure>    <h2 class=\"wp-block-heading\">\u00bfCu\u00e1les son los usos de la trilladora de ma\u00edz dulce?<\/h2>    <p>Esta m\u00e1quina descascaradora de ma\u00edz fresco es adecuada para plantas procesadoras de alimentos tales como cocinas centrales, granos de ma\u00edz enlatados, jarabe de ma\u00edz de congelaci\u00f3n r\u00e1pida, f\u00e1bricas de granos de ma\u00edz, procesamiento de alimentos secos, procesamiento de productos agr\u00edcolas y secundarios, etc.<\/p>    <figure class=\"wp-block-image size-full\"><img loading=\"lazy\" decoding=\"async\" width=\"720\" height=\"541\" src=\"https:\/\/taizyfarmequipment.com\/wp-content\/uploads\/2022\/04\/Fresh-corn-thresher-tuya_720_541.jpg\" alt=\"Trilladora de ma\u00edz fresco.\" class=\"wp-image-3309\" title=\"Trilladora de ma\u00edz fresco.\"\/><figcaption class=\"wp-element-caption\">Trilladora de ma\u00edz fresco. Trilladora de ma\u00edz fresco.<\/figcaption><\/figure>    <h2 class=\"wp-block-heading\">Estructura de la trilladora de ma\u00edz fresco.<\/h2>    <p>La trilladora de ma\u00edz fresco incluye principalmente un marco, rueda, rodillo de goma, dispositivo de trilla, salida de granos de ma\u00edz, ventilador, salida de mazorcas de ma\u00edz, gabinete de control el\u00e9ctrico, etc. La m\u00e1quina desgranadora de ma\u00edz dulce ocupa poco espacio, tiene una apariencia hermosa y requiere mucho trabajo. eficiencia. <\/p>    <p>Adem\u00e1s, el material de esta trilladora de ma\u00edz fresco es acero inoxidable 304, y los granos de ma\u00edz despu\u00e9s de la trilla son m\u00e1s limpios e higi\u00e9nicos y se pueden comer con confianza.<\/p>    <figure class=\"wp-block-image size-full\"><img loading=\"lazy\" decoding=\"async\" width=\"720\" height=\"540\" src=\"https:\/\/taizyfarmequipment.com\/wp-content\/uploads\/2022\/04\/fresh-corn-shelling-machines-structure0.jpg\" alt=\"Estructura de la m\u00e1quina descascaradora de ma\u00edz fresco.\" class=\"wp-image-3307\" title=\"Estructura de la m\u00e1quina descascaradora de ma\u00edz fresco.\"\/><figcaption class=\"wp-element-caption\">Estructura de la m\u00e1quina desgranadora de ma\u00edz fresco.<\/figcaption><\/figure>    <h2 class=\"wp-block-heading\">\u00bfCu\u00e1les son las funciones y caracter\u00edsticas de cada parte de la desgranadora de ma\u00edz dulce?<\/h2>    <h3 class=\"wp-block-heading\">1. rodillo de goma<\/h3>    <p>Funci\u00f3n: Puede utilizar su fricci\u00f3n para enviar ma\u00edz al dispositivo de trilla de la m\u00e1quina.<\/p>    <p>Caracter\u00edsticas: Debido a que el material de caucho es relativamente suave y flexible, no da\u00f1ar\u00e1 la piel de los granos de ma\u00edz durante el proceso de trabajo, por lo que los granos de ma\u00edz mantienen una buena forma.<\/p>    <h3 class=\"wp-block-heading\">2. Dispositivo de trilla<\/h3>    <p>Funci\u00f3n: Esta parte puede cortar los granos de ma\u00edz de la mazorca de ma\u00edz.<\/p>    <p>Caracter\u00edsticas: La cuchilla del aparato es regulable, pudiendo ajustar la cuchilla seg\u00fan el di\u00e1metro de la mazorca que manejemos. Por eso puede procesar ma\u00edz de todos los tama\u00f1os. Adem\u00e1s de esto, el material y el dise\u00f1o de esta hoja est\u00e1n especialmente dise\u00f1ados para un corte razonable.<\/p>    <h3 class=\"wp-block-heading\">3. Salida de mazorcas de ma\u00edz<\/h3>    <p>Funci\u00f3n: Enviar la mazorca de ma\u00edz fuera de la m\u00e1quina.<\/p>    <p>Caracter\u00edsticas: 4 gu\u00edas de engranajes pueden guiar la mazorca de ma\u00edz, lo que puede evitar eficazmente el fen\u00f3meno de que la mazorca de ma\u00edz quede atrapada en la m\u00e1quina.<\/p>    <h3 class=\"wp-block-heading\">4. ventilador<\/h3>    <p>Funci\u00f3n: Puede eliminar eficazmente las impurezas de los granos de ma\u00edz.<\/p>    <figure class=\"wp-block-gallery has-nested-images columns-2 is-cropped wp-block-gallery-3 is-layout-flex wp-block-gallery-is-layout-flex\"> <figure class=\"wp-block-image size-large\"><img loading=\"lazy\" decoding=\"async\" width=\"720\" height=\"539\" data-id=\"3310\" src=\"https:\/\/taizyfarmequipment.com\/wp-content\/uploads\/2022\/04\/roller-9.jpg\" alt=\" rodillo de goma\" class=\"wp-image-3310\" title=\" rodillo de goma\"\/><figcaption class=\"wp-element-caption\"> rodillo de goma<\/figcaption><\/figure>    <figure class=\"wp-block-image size-large\"><img loading=\"lazy\" decoding=\"async\" width=\"720\" height=\"541\" data-id=\"3311\" src=\"https:\/\/taizyfarmequipment.com\/wp-content\/uploads\/2022\/04\/blade-01.jpg\" alt=\"dispositivo de cuchilla\" class=\"wp-image-3311\" title=\"dispositivo de cuchilla\"\/><figcaption class=\"wp-element-caption\">dispositivo de cuchilla<\/figcaption><\/figure>    <figure class=\"wp-block-image size-large\"><img loading=\"lazy\" decoding=\"async\" width=\"720\" height=\"539\" data-id=\"3312\" src=\"https:\/\/taizyfarmequipment.com\/wp-content\/uploads\/2022\/04\/blade-9.jpg\" alt=\"cuchilla\" class=\"wp-image-3312\" title=\"cuchilla\"\/><figcaption class=\"wp-element-caption\">cuchilla<\/figcaption><\/figure>    <figure class=\"wp-block-image size-large\"><img loading=\"lazy\" decoding=\"async\" width=\"720\" height=\"733\" data-id=\"3313\" src=\"https:\/\/taizyfarmequipment.com\/wp-content\/uploads\/2022\/04\/corn-cob-outlet-3.jpg\" alt=\"salida de mazorca de ma\u00edz \" class=\"wp-image-3313\" title=\"salida de mazorca de ma\u00edz \"\/><figcaption class=\"wp-element-caption\">salida de mazorca de ma\u00edz<\/figcaption><\/figure> <\/figure>    <h2 class=\"wp-block-heading\">Par\u00e1metro t\u00e9cnico de la trilladora de ma\u00edz fresco.<\/h2>    <figure class=\"wp-block-table\"><table><tbody><tr><td>Modelo<\/td><td>Voltaje<\/td><td>Motor<\/td><td>Producci\u00f3n<\/td><td>Tama\u00f1o del transportador de entrada<\/td><td>Tama\u00f1o de la m\u00e1quina<\/td><td>Peso de la m\u00e1quina<\/td><\/tr><tr><td>HYMZ-268<\/td><td>220V 1 fase<\/td><td>1CV+1\/2CV+1\/4CV<\/td><td>400-500 kg\/h (s\u00f3lo semillas)<\/td><td>Sin<\/td><td>630*620*1250mm<\/td><td>100 kg<\/td><\/tr><tr><td>HYMZ-368<\/td><td>220V 1 fase<\/td><td>1CV+1\/2CV+1\/4CV<\/td><td>600 kg\/h (s\u00f3lo semillas)<\/td><td>690*260*380mm<\/td><td>1320*620*1250mm<\/td><td>100 kg<\/td><\/tr><\/tbody><\/table><figcaption class=\"wp-element-caption\">Par\u00e1metro de la m\u00e1quina trilladora de ma\u00edz fresco<\/figcaption><\/figure>    <h2 class=\"wp-block-heading\">Flujo de trabajo de la trilladora de ma\u00edz autom\u00e1tica el\u00e9ctrica<\/h2>    <p>1. Primero, encienda la m\u00e1quina descascaradora de ma\u00edz fresco despu\u00e9s de confirmar que la m\u00e1quina est\u00e1 en uso normal, coloque la mazorca de ma\u00edz en la cinta transportadora frente a la m\u00e1quina o col\u00f3quela directamente en el dispositivo de rodillo de goma.<\/p>    <p>2. Luego, el rodillo de goma env\u00eda el ma\u00edz al dispositivo de trilla y la cuchilla trilla el ma\u00edz.<\/p>    <p>3. Luego, los granos de ma\u00edz salen por la salida y el soplador elimina las impurezas de los granos de ma\u00edz.<\/p>    <p>4. Al mismo tiempo se descarga la mazorca por la otra salida. La m\u00e1quina hace el trabajo.<\/p>    <h2 class=\"wp-block-heading\">\u00bfCu\u00e1les son las ventajas de la trilladora de ma\u00edz industrial?<\/h2>    <p>1. El material es seguro y toda la m\u00e1quina est\u00e1 hecha de acero inoxidable, limpia e higi\u00e9nica.<\/p>    <p>2. La trilladora de ma\u00edz fresco tiene ruedas que son f\u00e1ciles de mover.<\/p>    <p>3. El convertidor de frecuencia controla la velocidad y el funcionamiento es sencillo, adecuado para todo tipo de ma\u00edz fresco, dulce, glutinoso y ma\u00edz congelado despu\u00e9s de la trilla.<\/p>    <p>4. Fuerte adaptabilidad. No s\u00f3lo es adecuado para la producci\u00f3n a gran escala en f\u00e1bricas con l\u00edneas de montaje, sino tambi\u00e9n para el procesamiento en talleres familiares.<\/p>    <p>5. La tasa de utilizaci\u00f3n de la m\u00e1quina es alta. La m\u00e1quina descascaradora de ma\u00edz fresco se puede ajustar autom\u00e1ticamente seg\u00fan el tama\u00f1o de las mazorcas de ma\u00edz, adecuada para trillar ma\u00edz de varios tama\u00f1os, con una alta tasa de trilla. Y la profundidad de trilla de la m\u00e1quina es ajustable y la velocidad de pelado del ma\u00edz dulce puede alcanzar 100%.<\/p>    <p>6. La herramienta tiene una larga vida \u00fatil. Los cuchillos de esta m\u00e1quina est\u00e1n fabricados con materiales especiales de acero inoxidable, que no requieren un afilado prolongado y son m\u00e1s duraderos.<\/p>    <figure class=\"wp-block-image size-full\"><img loading=\"lazy\" decoding=\"async\" width=\"720\" height=\"540\" src=\"https:\/\/taizyfarmequipment.com\/wp-content\/uploads\/2022\/04\/finished-product0.jpg\" alt=\"producto terminado\" class=\"wp-image-3308\" title=\"producto terminado\"\/><figcaption class=\"wp-element-caption\">producto terminado<\/figcaption><\/figure>    <h2 class=\"wp-block-heading\">Preguntas m\u00e1s frecuentes<\/h2>    <p>1. \u00bfExiste alg\u00fan requisito para el di\u00e1metro de la mazorca de ma\u00edz?<\/p>    <p>No es necesario, ya que las cuchillas de la unidad de trilla de la m\u00e1quina se pueden ajustar seg\u00fan el di\u00e1metro de la mazorca de ma\u00edz.<\/p>    <p>2. \u00bfCu\u00e1l es la diferencia entre HYMZ-268 y HYMZ-368?<\/p>    <p>368 tiene una cinta transportadora m\u00e1s y la producci\u00f3n es mayor.<\/p>    <p>3.\u00a0\u00bfCu\u00e1l es el material de la m\u00e1quina desgranadora de ma\u00edz fresco?<\/p>    <p>Material de acero inoxidable 304.<\/p>    <p>4. \u00bfCu\u00e1l es la potencia de la m\u00e1quina?<\/p>    <p>Motor.<\/p>    <p>5. \u00bfCu\u00e1l es la longitud m\u00e1s corta de ma\u00edz tratado?<\/p>    <p>80 mm.<\/p>","protected":false},"excerpt":{"rendered":"<p>La m\u00e1quina descascaradora de ma\u00edz fresco puede separar los granos de ma\u00edz frescos de la mazorca de ma\u00edz. Y los granos de ma\u00edz se pueden procesar m\u00e1s.<\/p>","protected":false},"author":1,"featured_media":3304,"parent":0,"template":"","tags":[278,274,275,273,277,276,279,281,280],"product-type":[129],"class_list":["post-3302","product","type-product","status-publish","has-post-thumbnail","hentry","tag-electric-automatic-corn-thresher","tag-fresh-corn-sheller","tag-fresh-corn-shelling-machine","tag-fresh-corn-threshing-machine","tag-fresh-maize-thresher","tag-fresh-sweet-corn-thresher-machine","tag-stainless-steel-corn-sheller-machine","tag-sweet-corn-thresher-for-sale","tag-sweet-corn-threshing-machine-equipment","product-type-thresher-and-sheller"],"_links":{"self":[{"href":"https:\/\/taizyfarmequipment.com\/es\/wp-json\/wp\/v2\/product\/3302","targetHints":{"allow":["GET"]}}],"collection":[{"href":"https:\/\/taizyfarmequipment.com\/es\/wp-json\/wp\/v2\/product"}],"about":[{"href":"https:\/\/taizyfarmequipment.com\/es\/wp-json\/wp\/v2\/types\/product"}],"author":[{"embeddable":true,"href":"https:\/\/taizyfarmequipment.com\/es\/wp-json\/wp\/v2\/users\/1"}],"wp:featuredmedia":[{"embeddable":true,"href":"https:\/\/taizyfarmequipment.com\/es\/wp-json\/wp\/v2\/media\/3304"}],"wp:attachment":[{"href":"https:\/\/taizyfarmequipment.com\/es\/wp-json\/wp\/v2\/media?parent=3302"}],"wp:term":[{"taxonomy":"post_tag","embeddable":true,"href":"https:\/\/taizyfarmequipment.com\/es\/wp-json\/wp\/v2\/tags?post=3302"},{"taxonomy":"product-type","embeddable":true,"href":"https:\/\/taizyfarmequipment.com\/es\/wp-json\/wp\/v2\/product-type?post=3302"}],"curies":[{"name":"wp","href":"https:\/\/api.w.org\/{rel}","templated":true}]}}