{"id":3316,"date":"2022-04-27T10:08:41","date_gmt":"2022-04-27T10:08:41","guid":{"rendered":"https:\/\/taizyfarmequipment.com\/?post_type=product&#038;p=3316"},"modified":"2025-11-26T16:10:03","modified_gmt":"2025-11-26T08:10:03","slug":"secador-de-grano-circulante","status":"publish","type":"product","link":"https:\/\/taizyfarmequipment.com\/es\/product\/circulating-grain-dryer\/","title":{"rendered":"Secador de grano en circulaci\u00f3n | Secador mec\u00e1nico para arroz y ma\u00edz"},"content":{"rendered":"<div class=\"kk-star-ratings kksr-auto kksr-align-left kksr-valign-top\"     data-payload='{&quot;align&quot;:&quot;left&quot;,&quot;id&quot;:&quot;3316&quot;,&quot;slug&quot;:&quot;default&quot;,&quot;valign&quot;:&quot;top&quot;,&quot;ignore&quot;:&quot;&quot;,&quot;reference&quot;:&quot;auto&quot;,&quot;class&quot;:&quot;&quot;,&quot;count&quot;:&quot;20&quot;,&quot;legendonly&quot;:&quot;&quot;,&quot;readonly&quot;:&quot;&quot;,&quot;score&quot;:&quot;4.5&quot;,&quot;starsonly&quot;:&quot;&quot;,&quot;best&quot;:&quot;5&quot;,&quot;gap&quot;:&quot;5&quot;,&quot;greet&quot;:&quot;Rate this product&quot;,&quot;legend&quot;:&quot;4.5\\\/5 - (20 votos)&quot;,&quot;size&quot;:&quot;24&quot;,&quot;title&quot;:&quot;Circulating grain dryer | Mechanical dryer for rice and corn&quot;,&quot;width&quot;:&quot;128&quot;,&quot;_legend&quot;:&quot;{score}\\\/{best} - ({count} {votes})&quot;,&quot;font_factor&quot;:&quot;1.25&quot;}'>              <div class=\"kksr-stars\">      <div class=\"kksr-stars-inactive\">             <div class=\"kksr-star\" data-star=\"1\" style=\"padding-right: 5px\">               <div class=\"kksr-icon\" style=\"width: 24px; height: 24px;\"><\/div>         <\/div>             <div class=\"kksr-star\" data-star=\"2\" style=\"padding-right: 5px\">               <div class=\"kksr-icon\" style=\"width: 24px; height: 24px;\"><\/div>         <\/div>             <div class=\"kksr-star\" data-star=\"3\" style=\"padding-right: 5px\">               <div class=\"kksr-icon\" style=\"width: 24px; height: 24px;\"><\/div>         <\/div>             <div class=\"kksr-star\" data-star=\"4\" style=\"padding-right: 5px\">               <div class=\"kksr-icon\" style=\"width: 24px; height: 24px;\"><\/div>         <\/div>             <div class=\"kksr-star\" data-star=\"5\" style=\"padding-right: 5px\">               <div class=\"kksr-icon\" style=\"width: 24px; height: 24px;\"><\/div>         <\/div>     <\/div>      <div class=\"kksr-stars-active\" style=\"width: 128px;\">             <div class=\"kksr-star\" style=\"padding-right: 5px\">               <div class=\"kksr-icon\" style=\"width: 24px; height: 24px;\"><\/div>         <\/div>             <div class=\"kksr-star\" style=\"padding-right: 5px\">               <div class=\"kksr-icon\" style=\"width: 24px; height: 24px;\"><\/div>         <\/div>             <div class=\"kksr-star\" style=\"padding-right: 5px\">               <div class=\"kksr-icon\" style=\"width: 24px; height: 24px;\"><\/div>         <\/div>             <div class=\"kksr-star\" style=\"padding-right: 5px\">               <div class=\"kksr-icon\" style=\"width: 24px; height: 24px;\"><\/div>         <\/div>             <div class=\"kksr-star\" style=\"padding-right: 5px\">               <div class=\"kksr-icon\" style=\"width: 24px; height: 24px;\"><\/div>         <\/div>     <\/div> <\/div>                   <div class=\"kksr-legend\" style=\"font-size: 19.2px;\">             4,5\/5 - (20 votos)    <\/div>     <\/div>  <p>El secador de circulaci\u00f3n de granos tambi\u00e9n se denomina secador de circulaci\u00f3n de baja temperatura y puede secar varias semillas de granos en grandes cantidades. En general, la m\u00e1quina es adecuada para grandes estaciones de granos, granjas, etc. Los granos tratados son f\u00e1ciles de almacenar durante mucho tiempo, transportarse a largas distancias y procesarse posteriormente. <\/p>    <p>Actualmente existen en el mercado diferentes tipos de secadores de granos, con diferentes estructuras internas y diferentes m\u00e9todos de procesamiento de las m\u00e1quinas. La m\u00e1quina ha experimentado un desarrollo continuo y el \u00faltimo modelo es el secador de granos de flujo mixto de cuatro generaciones. Nuestras secadoras de granos de producci\u00f3n existentes son las m\u00e1quinas m\u00e1s modernas de este tipo.<\/p>    <h2 class=\"wp-block-heading\" id=\"h-introduction-to-circulating-grain-dryer\">Introducci\u00f3n al secador de granos circulante.<\/h2>    <p>Nuestros secadores de granos vienen en diferentes modelos con diferentes producciones por lote. Por lo general, los modelos 5H-15 y 5H-32 son los m\u00e1s utilizados. Esta m\u00e1quina secadora de granos tiene la \u00faltima forma de secado: la capa de secado de esquina. Y dicha estructura de secado puede prolongar el proceso de descenso del grano, de modo que el aire caliente pueda secar el material m\u00e1s completamente. Adem\u00e1s, la m\u00e1quina cuenta con varios m\u00e9todos de calentamiento, que pueden ser combustible de biomasa, estufa di\u00e9sel, quemador de gas natural y quemador el\u00e9ctrico. <\/p>    <p class=\"translation-block\">Los granos tratados est\u00e1n libres de moho, gusanos y sabores desagradables. Por lo tanto, secar granos es un buen asistente para secar grandes cantidades. Y podemos usar la trilladora para trillar los granos antes de el secado a granel. Contamos con <a href=\"https:\/\/www.agriculture-machine.com\/multifunctional-thresher-for-maize-beans-sorghum-millet\/\" target=\"_blank\" rel=\"noopener\">trilladora multifuncional<\/a>, <a href=\"https:\/\/taizyfarmequipment.com\/es\/producto-2\/trilladora-de-trigo-y-arroz\/\">trilladora para arroz y trigo<\/a>, trilladora de ma\u00edz, entre otras.<\/p>    <figure class=\"wp-block-gallery has-nested-images columns-default is-cropped wp-block-gallery-2 is-layout-flex wp-block-gallery-is-layout-flex\"> <figure class=\"wp-block-image size-large\"><img loading=\"lazy\" decoding=\"async\" width=\"720\" height=\"540\" data-id=\"3319\" src=\"https:\/\/taizyfarmequipment.com\/wp-content\/uploads\/2022\/04\/circulating-grain-dryer-0.jpg\" alt=\"\" class=\"wp-image-3319\"\/><figcaption class=\"wp-element-caption\">secador de grano circulante<\/figcaption><\/figure>    <figure class=\"wp-block-image size-large\"><img loading=\"lazy\" decoding=\"async\" width=\"720\" height=\"540\" data-id=\"3320\" src=\"https:\/\/taizyfarmequipment.com\/wp-content\/uploads\/2022\/04\/mechanical-dryer-for-rice-and-corn0.jpg\" alt=\"secador mecanico para arroz y maiz\" class=\"wp-image-3320\" title=\"secador mecanico para arroz y maiz\"\/><figcaption class=\"wp-element-caption\">secador mecanico para arroz y maiz<\/figcaption><\/figure> <\/figure>    <h2 class=\"wp-block-heading\">\u00bfCu\u00e1l es el \u00e1mbito de aplicaci\u00f3n del secador mec\u00e1nico de arroz?<\/h2>    <p>Granos adecuados: arroz, trigo, ma\u00edz, soja, sorgo, mijo, colza y girasol, etc.<\/p>    <p>Campos aplicables: granjas, estaciones de cereales y hogares profesionales que cultivan cereales.<\/p>    <figure class=\"wp-block-image size-full\"><img loading=\"lazy\" decoding=\"async\" width=\"720\" height=\"540\" src=\"https:\/\/taizyfarmequipment.com\/wp-content\/uploads\/2022\/04\/grains0.jpg\" alt=\"granos\" class=\"wp-image-3321\" title=\" granos\"\/><figcaption class=\"wp-element-caption\"> granos<\/figcaption><\/figure>    <h2 class=\"wp-block-heading\">Estructura del secador de grano circulante.<\/h2>    <p>El secador de grano circulante incluye un elevador, un silo, una capa calefactora, una parte de fuente de calor, un ventilador, etc.<\/p>    <figure class=\"wp-block-image size-full\"><img loading=\"lazy\" decoding=\"async\" width=\"720\" height=\"540\" src=\"https:\/\/taizyfarmequipment.com\/wp-content\/uploads\/2022\/04\/structure-of-the-circulating-grain-dryer0.jpg\" alt=\"estructura del secador de grano circulante\" class=\"wp-image-3322\" title=\"estructura del secador de grano circulante\"\/><figcaption class=\"wp-element-caption\">estructura del secador de grano circulante<\/figcaption><\/figure>    <h3 class=\"wp-block-heading\"><strong>\u00bfCu\u00e1les son las funciones de cada parte del secador de granos?<\/strong>?<\/h3>    <p>1. Elevador: entrega el grano al silo del secador de grano circulante.<\/p>    <p>2. Silo: La altura del silo es diferente para los diferentes modelos. Cuanto m\u00e1s grande sea el modelo, mayor ser\u00e1 la altura del contenedor.<\/p>    <p>3. Capa calefactora: Dentro de esta parte se encuentra la capa de la caja de la esquina. El aire caliente ingresa a la capa de secado para secar los granos que pasan a trav\u00e9s de esta capa. El dise\u00f1o de la capa de la caja de esquina puede prolongar el proceso de ca\u00edda del material, por lo que puede secar el material por completo. Y el aire caliente puede pasar a trav\u00e9s de la capa calefactora suavemente sin provocar obstrucciones de polvo.<\/p>    <p>4. Parte de la fuente de calor: Esta parte del secador de grano circulante puede ser una estufa de aire caliente de biomasa, una estufa di\u00e9sel, un quemador de gas natural y un quemador el\u00e9ctrico. El aire caliente producido por todas estas fuentes generadoras de calor es limpio e higi\u00e9nico.<\/p>    <p>5. Ventilador: Extrae el aire caliente de la capa de secado. Los ventiladores de alta calidad son duraderos y tienen una larga vida \u00fatil.<\/p>    <figure class=\"wp-block-gallery has-nested-images columns-2 is-cropped wp-block-gallery-3 is-layout-flex wp-block-gallery-is-layout-flex\"> <figure class=\"wp-block-image size-large\"><img loading=\"lazy\" decoding=\"async\" width=\"750\" height=\"563\" data-id=\"3323\" src=\"https:\/\/taizyfarmequipment.com\/wp-content\/uploads\/2022\/04\/elevator-3.jpg\" alt=\"ascensor\" class=\"wp-image-3323\" title=\"ascensor\"\/><figcaption class=\"wp-element-caption\">ascensor<\/figcaption><\/figure>    <figure class=\"wp-block-image size-large\"><img loading=\"lazy\" decoding=\"async\" width=\"720\" height=\"540\" data-id=\"3324\" src=\"https:\/\/taizyfarmequipment.com\/wp-content\/uploads\/2022\/04\/heating-sources0.jpg\" alt=\"fuentes de calor\" class=\"wp-image-3324\" title=\"fuentes de calor\"\/><figcaption class=\"wp-element-caption\">fuentes de calor<\/figcaption><\/figure>    <figure class=\"wp-block-image size-large\"><img loading=\"lazy\" decoding=\"async\" width=\"720\" height=\"540\" data-id=\"3325\" src=\"https:\/\/taizyfarmequipment.com\/wp-content\/uploads\/2022\/04\/PLC0.jpg\" alt=\"SOCIEDAD AN\u00d3NIMA\" class=\"wp-image-3325\" title=\"SOCIEDAD AN\u00d3NIMA\"\/><figcaption class=\"wp-element-caption\">SOCIEDAD AN\u00d3NIMA<\/figcaption><\/figure>    <figure class=\"wp-block-image size-large\"><img loading=\"lazy\" decoding=\"async\" width=\"720\" height=\"540\" data-id=\"3326\" src=\"https:\/\/taizyfarmequipment.com\/wp-content\/uploads\/2022\/04\/fan0.jpg\" alt=\"admirador\" class=\"wp-image-3326\" title=\"admirador\"\/><figcaption class=\"wp-element-caption\">admirador<\/figcaption><\/figure> <\/figure>    <h2 class=\"wp-block-heading\"><strong>El proceso de trabajo del secador de torre de granos.<\/strong><\/h2>    <p>El secador circulante de granos en su conjunto incluye muchas estructuras complejas. Incluye principalmente un sistema de energ\u00eda, un sistema de transmisi\u00f3n, un sistema de control y un sistema de secado.<\/p>    <p>1. Primero ponemos una gran cantidad de grano en el \u00e1rea de almacenamiento de granos.<\/p>    <p>2. Luego encienda la secadora de grano circulante, el elevador de la m\u00e1quina recoger\u00e1 el grano y lo transferir\u00e1 al silo de la secadora.<\/p>    <p>3. El grano sigue cayendo hasta llegar a la capa de secado.<\/p>    <p>4. El grano queda bloqueado por la estructura de esquina de la capa de secado, lo que reducir\u00e1 la velocidad de ca\u00edda. Al mismo tiempo, el aire caliente seca el grano a trav\u00e9s de esta capa.<\/p>    <p>5. El grano seco final se descarga por la salida.<\/p>    <h2 class=\"wp-block-heading\">\u00bfCu\u00e1les son las ventajas del secador de granos comercial?<\/h2>    <p>1. El secado es uniforme, la precipitaci\u00f3n es r\u00e1pida y la precipitaci\u00f3n por hora es de aproximadamente 1,21 TP3T, lo que acorta efectivamente el tiempo de secado y reduce el costo de secado.<\/p>    <p>2. El secado de granos uniformes tiene una tasa de rotura de cintura baja, que es dos veces menor que la de los secadores de flujo cruzado.<\/p>    <p>3. La tasa de germinaci\u00f3n de las semillas secadas con esta m\u00e1quina es alta y la tasa de germinaci\u00f3n identificada es 86%.<\/p>    <p>4. La entrada de aire tipo caja de esquina es suave y no es necesario limpiarla despu\u00e9s de a\u00f1os de uso.<\/p>    <p>5. El arroz seco tiene buena calidad, amplio mercado de ventas y beneficios considerables.<\/p>    <p>6. F\u00e1cil de operar. El sistema de control completamente autom\u00e1tico con pantalla t\u00e1ctil, f\u00e1cil de operar, puede determinar autom\u00e1ticamente el agua y detenerse autom\u00e1ticamente al alcanzar el valor establecido.<\/p>    <p>7. Limpieza respetuosa con el medio ambiente. Equipado con una estufa de aire caliente respetuosa con el medio ambiente para garantizar que los alimentos no se contaminen, con el mismo ruido intemporal que productos similares, vibraci\u00f3n d\u00e9bil, ahorro de combustible, bajo costo y larga vida \u00fatil.<\/p>    <figure class=\"wp-block-gallery has-nested-images columns-2 is-cropped wp-block-gallery-4 is-layout-flex wp-block-gallery-is-layout-flex\"> <figure class=\"wp-block-image size-large\"><img loading=\"lazy\" decoding=\"async\" width=\"720\" height=\"540\" data-id=\"3327\" src=\"https:\/\/taizyfarmequipment.com\/wp-content\/uploads\/2022\/04\/circulating-grain-dryer-0-1.jpg\" alt=\"secador de grano circulante\" class=\"wp-image-3327\" title=\"secador de grano circulante\"\/><figcaption class=\"wp-element-caption\">secador de grano circulante<\/figcaption><\/figure>    <figure class=\"wp-block-image size-large\"><img loading=\"lazy\" decoding=\"async\" width=\"720\" height=\"540\" data-id=\"3328\" src=\"https:\/\/taizyfarmequipment.com\/wp-content\/uploads\/2022\/04\/circulating-grain-dryer10.jpg\" alt=\"secador de granos por lotes\" class=\"wp-image-3328\" title=\"secador de granos por lotes\"\/><figcaption class=\"wp-element-caption\">C<br>secador de granos por lotes<\/figcaption><\/figure>    <figure class=\"wp-block-image size-large\"><img loading=\"lazy\" decoding=\"async\" width=\"720\" height=\"540\" data-id=\"3329\" src=\"https:\/\/taizyfarmequipment.com\/wp-content\/uploads\/2022\/04\/circulating-grain-dryer-40.jpg\" alt=\"secador de grano circulante\" class=\"wp-image-3329\" title=\"secador de grano circulante\"\/><figcaption class=\"wp-element-caption\">secador de grano circulante<\/figcaption><\/figure>    <figure class=\"wp-block-image size-large\"><img loading=\"lazy\" decoding=\"async\" width=\"720\" height=\"540\" data-id=\"3330\" src=\"https:\/\/taizyfarmequipment.com\/wp-content\/uploads\/2022\/04\/mechanical-dryer-for-rice-and-corn-0.jpg\" alt=\"secador mecanico para arroz y maiz\" class=\"wp-image-3330\" title=\"secador mecanico para arroz y maiz\"\/><figcaption class=\"wp-element-caption\">secador mecanico para arroz y maiz<\/figcaption><\/figure> <\/figure>    <h2 class=\"wp-block-heading\">Preguntas m\u00e1s frecuentes<\/h2>    <p>1. \u00bfCu\u00e1l es la tasa de eliminaci\u00f3n de agua por hora para el tipo 1,15?<\/p>    <p>1-1.2%.<\/p>    <p>2. \u00bfLa diferencia entre la capa de secado tipo 5H-15 y la capa de secado tipo 5H-32?<\/p>    <p>La altura es la misma, el ancho es diferente, el tipo 5H-32 es m\u00e1s ancho y largo, el doble de largo que el tipo 5H-15, el 5H-15 tiene una entrada de aire y el 5H-32 tiene dos entradas de aire.<\/p>    <p>3. \u00bfC\u00f3mo saber si el grano est\u00e1 lleno del secador?<\/p>    <p>Hay una luz de advertencia en el gabinete de control.<\/p>    <p>4. \u00bfCu\u00e1l es la temperatura interna del secador de granos circulante?<\/p>    <p>La temperatura de los diferentes lugares es diferente, el grano comercial generalmente ronda los 60 grados Celsius y las semillas rondan los 40 grados Celsius.<\/p>    <p>5. \u00bfCu\u00e1l es el material del elevador de cangilones?<\/p>    <p>Lona de nailon puro.<\/p>    <p>6. \u00bfCu\u00e1l es la marca y funci\u00f3n del gabinete de control?<\/p>    <p>Siemens, Alemania, caja de control de automatizaci\u00f3n PLC.<\/p>    <p><\/p>    <p><\/p>    <p><\/p>    <p><\/p>","protected":false},"excerpt":{"rendered":"<p>El secador de granos tambi\u00e9n se llama secador de circulaci\u00f3n de baja temperatura y puede secar varias semillas de granos en grandes cantidades.<\/p>","protected":false},"author":1,"featured_media":3318,"parent":0,"template":"","tags":[],"product-type":[282],"class_list":["post-3316","product","type-product","status-publish","has-post-thumbnail","hentry","product-type-grains-dryer"],"_links":{"self":[{"href":"https:\/\/taizyfarmequipment.com\/es\/wp-json\/wp\/v2\/product\/3316","targetHints":{"allow":["GET"]}}],"collection":[{"href":"https:\/\/taizyfarmequipment.com\/es\/wp-json\/wp\/v2\/product"}],"about":[{"href":"https:\/\/taizyfarmequipment.com\/es\/wp-json\/wp\/v2\/types\/product"}],"author":[{"embeddable":true,"href":"https:\/\/taizyfarmequipment.com\/es\/wp-json\/wp\/v2\/users\/1"}],"wp:featuredmedia":[{"embeddable":true,"href":"https:\/\/taizyfarmequipment.com\/es\/wp-json\/wp\/v2\/media\/3318"}],"wp:attachment":[{"href":"https:\/\/taizyfarmequipment.com\/es\/wp-json\/wp\/v2\/media?parent=3316"}],"wp:term":[{"taxonomy":"post_tag","embeddable":true,"href":"https:\/\/taizyfarmequipment.com\/es\/wp-json\/wp\/v2\/tags?post=3316"},{"taxonomy":"product-type","embeddable":true,"href":"https:\/\/taizyfarmequipment.com\/es\/wp-json\/wp\/v2\/product-type?post=3316"}],"curies":[{"name":"wp","href":"https:\/\/api.w.org\/{rel}","templated":true}]}}