{"id":3334,"date":"2022-05-05T11:34:45","date_gmt":"2022-05-05T11:34:45","guid":{"rendered":"https:\/\/taizyfarmequipment.com\/?post_type=product&#038;p=3334"},"modified":"2024-03-14T09:59:46","modified_gmt":"2024-03-14T01:59:46","slug":"maquina-recolectora-de-calabazas","status":"publish","type":"product","link":"https:\/\/taizyfarmequipment.com\/es\/product\/pumpkin-collecting-machine\/","title":{"rendered":"M\u00e1quina recolectora de calabazas \u4e28 m\u00e1quina recolectora de sand\u00edas"},"content":{"rendered":"<div class=\"kk-star-ratings kksr-auto kksr-align-left kksr-valign-top\"     data-payload='{&quot;align&quot;:&quot;left&quot;,&quot;id&quot;:&quot;3334&quot;,&quot;slug&quot;:&quot;default&quot;,&quot;valign&quot;:&quot;top&quot;,&quot;ignore&quot;:&quot;&quot;,&quot;reference&quot;:&quot;auto&quot;,&quot;class&quot;:&quot;&quot;,&quot;count&quot;:&quot;7&quot;,&quot;legendonly&quot;:&quot;&quot;,&quot;readonly&quot;:&quot;&quot;,&quot;score&quot;:&quot;4.5&quot;,&quot;starsonly&quot;:&quot;&quot;,&quot;best&quot;:&quot;5&quot;,&quot;gap&quot;:&quot;5&quot;,&quot;greet&quot;:&quot;Rate this product&quot;,&quot;legend&quot;:&quot;4.5\\\/5 - (7 votos)&quot;,&quot;size&quot;:&quot;24&quot;,&quot;title&quot;:&quot;Pumpkin collecting machine\u4e28watermelon harvest machine&quot;,&quot;width&quot;:&quot;128&quot;,&quot;_legend&quot;:&quot;{score}\\\/{best} - ({count} {votes})&quot;,&quot;font_factor&quot;:&quot;1.25&quot;}'>              <div class=\"kksr-stars\">      <div class=\"kksr-stars-inactive\">             <div class=\"kksr-star\" data-star=\"1\" style=\"padding-right: 5px\">               <div class=\"kksr-icon\" style=\"width: 24px; height: 24px;\"><\/div>         <\/div>             <div class=\"kksr-star\" data-star=\"2\" style=\"padding-right: 5px\">               <div class=\"kksr-icon\" style=\"width: 24px; height: 24px;\"><\/div>         <\/div>             <div class=\"kksr-star\" data-star=\"3\" style=\"padding-right: 5px\">               <div class=\"kksr-icon\" style=\"width: 24px; height: 24px;\"><\/div>         <\/div>             <div class=\"kksr-star\" data-star=\"4\" style=\"padding-right: 5px\">               <div class=\"kksr-icon\" style=\"width: 24px; height: 24px;\"><\/div>         <\/div>             <div class=\"kksr-star\" data-star=\"5\" style=\"padding-right: 5px\">               <div class=\"kksr-icon\" style=\"width: 24px; height: 24px;\"><\/div>         <\/div>     <\/div>      <div class=\"kksr-stars-active\" style=\"width: 128px;\">             <div class=\"kksr-star\" style=\"padding-right: 5px\">               <div class=\"kksr-icon\" style=\"width: 24px; height: 24px;\"><\/div>         <\/div>             <div class=\"kksr-star\" style=\"padding-right: 5px\">               <div class=\"kksr-icon\" style=\"width: 24px; height: 24px;\"><\/div>         <\/div>             <div class=\"kksr-star\" style=\"padding-right: 5px\">               <div class=\"kksr-icon\" style=\"width: 24px; height: 24px;\"><\/div>         <\/div>             <div class=\"kksr-star\" style=\"padding-right: 5px\">               <div class=\"kksr-icon\" style=\"width: 24px; height: 24px;\"><\/div>         <\/div>             <div class=\"kksr-star\" style=\"padding-right: 5px\">               <div class=\"kksr-icon\" style=\"width: 24px; height: 24px;\"><\/div>         <\/div>     <\/div> <\/div>                   <div class=\"kksr-legend\" style=\"font-size: 19.2px;\">             4,5\/5 - (7 votos)    <\/div>     <\/div>  <p>La m\u00e1quina recolectora de calabazas es un equipo que puede recolectar semillas de melones, calabazas, etc. La m\u00e1quina puede completar m\u00faltiples operaciones, como romper enredaderas, recolectar y formar tiras. Y volviendo a la fila de una vez. La m\u00e1quina es adecuada para recolectar eficientemente una gran cantidad de calabazas, semillas de mel\u00f3n, calabazas, etc. en el campo. Adem\u00e1s, esta m\u00e1quina recolectora de calabazas es resistente y duradera, f\u00e1cil de operar, tiene una alta eficiencia de trabajo y puede ahorrar mucha mano de obra.<\/p>    <h2 class=\"wp-block-heading\" id=\"h-introduction-of-pumpkin-collecting-machine\">Introducci\u00f3n de la m\u00e1quina recolectora de calabazas.<\/h2>    <p class=\"translation-block\"><br>Los recolectores de calabazas que producimos funcionan con tractores mediante toma de fuerza (PTO). El tractor acciona la m\u00e1quina para que trabaje. Y mientras la m\u00e1quina trabaja, enrolla las enredaderas y alinea la fruta. As\u00ed, las personas pueden manejar las calabazas m\u00e1s c\u00f3modamente. La m\u00e1quina tiene una gran capacidad de producci\u00f3n y un amplio rango de cosecha. Por lo tanto, es un equipo ideal para la recolecci\u00f3n a gran escala de calabazas, melones de semillas, etc. Adem\u00e1s, tambi\u00e9n disponemos de un <a href=\"https:\/\/taizyfarmequipment.com\/es\/producto-2\/extractor-de-semillas-de-calabaza\/\">extractor de semillas de calabaza<\/a>, que puede remover r\u00e1pidamente las semillas de calabazas, melones de semillas, etc.<\/p>    <h2 class=\"wp-block-heading\">Estructura de la cosechadora de sand\u00edas.<\/h2>    <p class=\"translation-block\"><br>Esta <a href=\"https:\/\/www.agriculture-machine.com\/watermelon-and-pumpkin-harvester-machine\/\" target=\"_blank\" rel=\"noopener\">cosechadora de sand\u00edas<\/a> tiene principalmente un armaz\u00f3n, una rueda colectora, un eje para remover las enredaderas, una rueda de soporte, una caja de cambios, un sistema de transmisi\u00f3n, una l\u00ednea hidr\u00e1ulica y otros componentes.<\/p>    <p><\/p>    <h2 class=\"wp-block-heading\">Par\u00e1metros de la cosechadora de semillas de mel\u00f3n.<\/h2>    <p><br>El marco adopta un marco combinado de tubo cuadrado; toda la caja de cambios distribuye la potencia; la estructura de rueda de barra de doble juego; Los principales par\u00e1metros t\u00e9cnicos son los siguientes:<\/p>    <figure class=\"wp-block-table\"><table><tbody><tr><td>Ancho de trabajo (cm)<\/td><td>Estructura divina<\/td><td>Establecer forma de barra<\/td><td>Di\u00e1metro espiral (cm)<\/td><td>Velocidad de trabajo (Km\/h)<\/td><td>Potencia (kW)<\/td><td>Peso (kg)<\/td><\/tr><tr><td>1200+1050<\/td><td>Martillo doble tira de goma<\/td><td>Doble h\u00e9lice<\/td><td>50<\/td><td>\u22655&nbsp;<\/td><td>22\uff5e44<\/td><td>518<\/td><\/tr><\/tbody><\/table><figcaption class=\"wp-element-caption\">par\u00e1metro de la cosechadora de sand\u00edas<\/figcaption><\/figure>    <h2 class=\"wp-block-heading\"> Principio de funcionamiento de una cosechadora de calabazas.<\/h2>    <ol class=\"wp-block-list\"> <li>Arranque el tractor, el tractor distribuir\u00e1 la potencia a cada sistema de eje paso a paso y de forma continua. Y la implementaci\u00f3n rotar\u00e1 en consecuencia.<\/li>    <li>Bajo la acci\u00f3n del varillaje de cuatro barras y el cilindro hidr\u00e1ulico, el cilindro de tornillo de la herramienta mantiene una posici\u00f3n relativa con el suelo;<\/li>    <li>Cuando la m\u00e1quina avanza, un grupo de cilindros de tornillo relativamente giratorios transporta las semillas de mel\u00f3n a ambos lados de la m\u00e1quina;<\/li>    <li>Bajo la acci\u00f3n del cilindro espiral y del eje de extracci\u00f3n de vides. La m\u00e1quina separa y corta las vides y las ramas de malas hierbas;<\/li>    <li>El cilindro de aceite levantar\u00e1 el tractor cuando gire;<\/li>    <li>A trav\u00e9s de dos ciclos de operaci\u00f3n, las semillas de mel\u00f3n transportadas a ambos lados se recogen en hileras;<\/li>    <li>Bajo la acci\u00f3n anterior, completa las operaciones de remoci\u00f3n de vides, transporte, formaci\u00f3n de tiras y recolecci\u00f3n de semillas de mel\u00f3n.<\/li> <\/ol>    <h2 class=\"wp-block-heading\">\u00bfCu\u00e1les son las ventajas de un recolector de calabazas?<\/h2>    <ol class=\"wp-block-list\"> <li>Utilizamos acero de alta calidad para soldar el recolector de calabazas. Entonces la m\u00e1quina tiene una estructura razonable, fuerte y duradera.<\/li>    <li>El exclusivo cilindro en espiral permite eliminar f\u00e1cilmente plantas como enredaderas y malas hierbas, y la eficiencia del trabajo es alta.<\/li>    <li>Adem\u00e1s, utilizamos troqueles especiales para estampar las piezas de chapa. Y adoptamos la estructura en forma de presi\u00f3n y en forma de arco, que tiene las caracter\u00edsticas de robustez y destreza.<\/li>    <li>Utilizando acero de alta calidad para fabricar el sistema de eje. Y procesarlos integralmente despu\u00e9s del montaje y soldadura, con alta precisi\u00f3n.<\/li>    <li>Adopte rodamientos y piezas est\u00e1ndar de alta calidad para garantizar la confiabilidad de toda la m\u00e1quina.<\/li>    <li>Las piezas y componentes del mismo modelo y categor\u00eda son intercambiables y f\u00e1ciles de reemplazar.<\/li>    <li>Adopta un m\u00e9todo de conexi\u00f3n flexible con la parte de potencia, que tiene una mejor adaptabilidad al suelo.<\/li>    <li>La estructura especial de la rueda de soporte trasera es f\u00e1cil de usar y liviana para caminar.<\/li> <\/ol>    <h2 class=\"wp-block-heading\">Precauciones de uso y funcionamiento de la m\u00e1quina recolectora de calabazas.<\/h2>    <ol class=\"wp-block-list\"> <li>La velocidad puede afectar significativamente la calidad de las semillas; opere a una velocidad de 2 km\/h a 5 km\/h.<\/li>    <li>Si se realizan tareas de limpieza o mantenimiento de los implementos, se debe apagar el tractor y detener completamente el eje de transmisi\u00f3n antes de continuar.<\/li>    <li>Siempre preste atenci\u00f3n a las condiciones de trabajo cuando el sistema de elevaci\u00f3n hidr\u00e1ulica del tractor est\u00e1 bajado al punto m\u00e1s bajo, de lo contrario, el implemento podr\u00eda quedar suspendido y el rendimiento del implemento se reducir\u00e1;<\/li>    <li>Si el terreno es irregular o demasiado pegajoso, reduzca adecuadamente la presi\u00f3n de los neum\u00e1ticos del tractor para mejorar la estabilidad de la operaci\u00f3n.<\/li>    <li>Si la superficie est\u00e1 cubierta de muchos restos o rizomas, siempre presta atenci\u00f3n a la limpieza para evitar que se enreden.<\/li>    <li>Limpie peri\u00f3dicamente el enredo de cada eje de la m\u00e1quina para evitar obstrucciones y no afectar el efecto de uso;<\/li>    <li>No retroceda cuando la m\u00e1quina se caiga al suelo, ya que podr\u00eda da\u00f1arla.<\/li>    <li>Una vez que el veh\u00edculo est\u00e9 en marcha atr\u00e1s, b\u00e1jese del veh\u00edculo inmediatamente y revise todas las piezas de la m\u00e1quina recolectora de calabazas.<\/li>    <li>Al girar, la m\u00e1quina debe estar suspendida.<\/li>    <li>Durante la operaci\u00f3n o el transporte, en caso de llamadas anormales, lanzamiento de piedras, lanzamiento de tierra, etc., det\u00e9ngase inmediatamente y averig\u00fce las razones.<\/li> <\/ol>","protected":false},"excerpt":{"rendered":"<p>La m\u00e1quina recolectora de calabazas es un equipo que puede recolectar semillas de melones, calabazas, etc. La m\u00e1quina puede completar m\u00faltiples operaciones, como romper enredaderas, recolectar y formar tiras.<\/p>","protected":false},"author":1,"featured_media":4037,"parent":0,"template":"","tags":[],"product-type":[128],"class_list":["post-3334","product","type-product","status-publish","has-post-thumbnail","hentry","product-type-harvester"],"_links":{"self":[{"href":"https:\/\/taizyfarmequipment.com\/es\/wp-json\/wp\/v2\/product\/3334","targetHints":{"allow":["GET"]}}],"collection":[{"href":"https:\/\/taizyfarmequipment.com\/es\/wp-json\/wp\/v2\/product"}],"about":[{"href":"https:\/\/taizyfarmequipment.com\/es\/wp-json\/wp\/v2\/types\/product"}],"author":[{"embeddable":true,"href":"https:\/\/taizyfarmequipment.com\/es\/wp-json\/wp\/v2\/users\/1"}],"wp:featuredmedia":[{"embeddable":true,"href":"https:\/\/taizyfarmequipment.com\/es\/wp-json\/wp\/v2\/media\/4037"}],"wp:attachment":[{"href":"https:\/\/taizyfarmequipment.com\/es\/wp-json\/wp\/v2\/media?parent=3334"}],"wp:term":[{"taxonomy":"post_tag","embeddable":true,"href":"https:\/\/taizyfarmequipment.com\/es\/wp-json\/wp\/v2\/tags?post=3334"},{"taxonomy":"product-type","embeddable":true,"href":"https:\/\/taizyfarmequipment.com\/es\/wp-json\/wp\/v2\/product-type?post=3334"}],"curies":[{"name":"wp","href":"https:\/\/api.w.org\/{rel}","templated":true}]}}