{"id":3337,"date":"2022-05-06T10:28:24","date_gmt":"2022-05-06T10:28:24","guid":{"rendered":"https:\/\/taizyfarmequipment.com\/?post_type=product&#038;p=3337"},"modified":"2025-11-26T17:02:07","modified_gmt":"2025-11-26T09:02:07","slug":"pequena-fresadora-de-arroz","status":"publish","type":"product","link":"https:\/\/taizyfarmequipment.com\/es\/product\/small-rice-milling-machine\/","title":{"rendered":"Peque\u00f1a fresadora de arroz | Molino de arroz dom\u00e9stico con molinillo."},"content":{"rendered":"<div class=\"kk-star-ratings kksr-auto kksr-align-left kksr-valign-top\"     data-payload='{&quot;align&quot;:&quot;left&quot;,&quot;id&quot;:&quot;3337&quot;,&quot;slug&quot;:&quot;default&quot;,&quot;valign&quot;:&quot;top&quot;,&quot;ignore&quot;:&quot;&quot;,&quot;reference&quot;:&quot;auto&quot;,&quot;class&quot;:&quot;&quot;,&quot;count&quot;:&quot;30&quot;,&quot;legendonly&quot;:&quot;&quot;,&quot;readonly&quot;:&quot;&quot;,&quot;score&quot;:&quot;4.8&quot;,&quot;starsonly&quot;:&quot;&quot;,&quot;best&quot;:&quot;5&quot;,&quot;gap&quot;:&quot;5&quot;,&quot;greet&quot;:&quot;Rate this product&quot;,&quot;legend&quot;:&quot;4.8\\\/5 - (30 votos)&quot;,&quot;size&quot;:&quot;24&quot;,&quot;title&quot;:&quot;Small rice milling machine | Household rice mill with grinder&quot;,&quot;width&quot;:&quot;136.7&quot;,&quot;_legend&quot;:&quot;{score}\\\/{best} - ({count} {votes})&quot;,&quot;font_factor&quot;:&quot;1.25&quot;}'>              <div class=\"kksr-stars\">      <div class=\"kksr-stars-inactive\">             <div class=\"kksr-star\" data-star=\"1\" style=\"padding-right: 5px\">               <div class=\"kksr-icon\" style=\"width: 24px; height: 24px;\"><\/div>         <\/div>             <div class=\"kksr-star\" data-star=\"2\" style=\"padding-right: 5px\">               <div class=\"kksr-icon\" style=\"width: 24px; height: 24px;\"><\/div>         <\/div>             <div class=\"kksr-star\" data-star=\"3\" style=\"padding-right: 5px\">               <div class=\"kksr-icon\" style=\"width: 24px; height: 24px;\"><\/div>         <\/div>             <div class=\"kksr-star\" data-star=\"4\" style=\"padding-right: 5px\">               <div class=\"kksr-icon\" style=\"width: 24px; height: 24px;\"><\/div>         <\/div>             <div class=\"kksr-star\" data-star=\"5\" style=\"padding-right: 5px\">               <div class=\"kksr-icon\" style=\"width: 24px; height: 24px;\"><\/div>         <\/div>     <\/div>      <div class=\"kksr-stars-active\" style=\"width: 136.7px;\">             <div class=\"kksr-star\" style=\"padding-right: 5px\">               <div class=\"kksr-icon\" style=\"width: 24px; height: 24px;\"><\/div>         <\/div>             <div class=\"kksr-star\" style=\"padding-right: 5px\">               <div class=\"kksr-icon\" style=\"width: 24px; height: 24px;\"><\/div>         <\/div>             <div class=\"kksr-star\" style=\"padding-right: 5px\">               <div class=\"kksr-icon\" style=\"width: 24px; height: 24px;\"><\/div>         <\/div>             <div class=\"kksr-star\" style=\"padding-right: 5px\">               <div class=\"kksr-icon\" style=\"width: 24px; height: 24px;\"><\/div>         <\/div>             <div class=\"kksr-star\" style=\"padding-right: 5px\">               <div class=\"kksr-icon\" style=\"width: 24px; height: 24px;\"><\/div>         <\/div>     <\/div> <\/div>                   <div class=\"kksr-legend\" style=\"font-size: 19.2px;\">             4,8\/5 - (30 votos)    <\/div>     <\/div>  <p>La peque\u00f1a fresadora de arroz es un dispositivo que puede procesar arroz integral hasta convertirlo en arroz. Con la mejora gradual del nivel de vida, la gente plantea mayores requisitos para la calidad del arroz, lo que hace que el proceso de molienda del arroz mejore r\u00e1pidamente. La producci\u00f3n del peque\u00f1o molino de arroz es adecuada para uso dom\u00e9stico o peque\u00f1os talleres, peque\u00f1as f\u00e1bricas, etc. <\/p>    <p>La peque\u00f1a fresadora de arroz tiene las caracter\u00edsticas de tama\u00f1o peque\u00f1o, alta velocidad, operaci\u00f3n conveniente, f\u00e1cil de mover y bajo nivel de ruido. Cuando utilizamos la m\u00e1quina fresadora de arroz, podemos ajustar el grado de molienda de arroz de la m\u00e1quina seg\u00fan nuestras propias necesidades. De esta manera la gente puede obtener arroz como se esperaba. El arroz tratado es blanco y libre de impurezas y puede venderse directamente.<\/p>    <figure class=\"wp-block-embed is-type-video is-provider-youtube wp-block-embed-youtube wp-embed-aspect-16-9 wp-has-aspect-ratio\"><div class=\"wp-block-embed__wrapper\"> <iframe loading=\"lazy\" title=\"La mejor fresadora de arroz para peque\u00f1as granjas #farming #agriculture #rice #ricemill\" width=\"500\" height=\"281\" src=\"https:\/\/www.youtube.com\/embed\/ZTTRcMJv0qY?feature=oembed\" frameborder=\"0\" allow=\"accelerometer; autoplay; clipboard-write; encrypted-media; gyroscope; picture-in-picture; web-share\" referrerpolicy=\"strict-origin-when-cross-origin\" allowfullscreen><\/iframe> <\/div><figcaption class=\"wp-element-caption\">V\u00eddeo de funcionamiento de la peque\u00f1a fresadora de arroz.<\/figcaption><\/figure>    <h2 class=\"wp-block-heading\" id=\"h-introduction-of-small-rice-milling-machine\">Introducci\u00f3n de la peque\u00f1a fresadora de arroz.<\/h2>    <p>Nuestros peque\u00f1os molinos de arroz producidos por Taizy tienen varios estilos y pueden satisfacer las necesidades de diferentes clientes. Por lo tanto, adem\u00e1s de la funci\u00f3n de molienda de arroz, tambi\u00e9n podemos equipar la m\u00e1quina trituradora de arroz con las funciones de triturar granos, batir, quitar piedras y cribar. Realmente es una m\u00e1quina multiusos y ahorra energ\u00eda. Al mismo tiempo, los clientes tambi\u00e9n pueden realizar una variedad de negocios y obtener m\u00e1s ganancias. <\/p>    <p>Respecto a la materia prima a procesar, se podr\u00e1 utilizar arroz de grano redondo o arroz de grano largo. Por lo tanto, pueden manipular el arroz com\u00fan en el mercado y los clientes pueden utilizarlo con confianza. Esta m\u00e1quina ha sido bien recibida por muchos pa\u00edses y la hemos exportado al Reino Unido, Ghana, Burkina Faso, Nigeria, Zambia, Congo, etc. <\/p>    <p class=\"translation-block\">Adem\u00e1s de esta m\u00e1quina, tambi\u00e9n disponemos de una <a href=\"https:\/\/taizyfarmequipment.com\/es\/producto-2\/maquina-de-molienda-de-arroz-automatica-de-15-toneladas\/\">l\u00ednea de molino de arroz grande<\/a> que puede manejar grandes lotes de arroz. La l\u00ednea de producci\u00f3n es un equipo m\u00e1s inteligente y totalmente autom\u00e1tico, lo que ahorrar\u00e1 mucha mano de obra y tiempo. Este art\u00edculo presenta diversas formas de m\u00e1quinas de molienda de arroz.<\/p>    <figure class=\"wp-block-gallery has-nested-images columns-default is-cropped wp-block-gallery-2 is-layout-flex wp-block-gallery-is-layout-flex\"> <figure class=\"wp-block-image size-large\"><img loading=\"lazy\" decoding=\"async\" width=\"720\" height=\"540\" data-id=\"3350\" src=\"https:\/\/taizyfarmequipment.com\/wp-content\/uploads\/2022\/05\/4-1.jpg\" alt=\"peque\u00f1a fresadora de arroz\" class=\"wp-image-3350\" title=\"peque\u00f1a fresadora de arroz\"\/><figcaption class=\"wp-element-caption\">peque\u00f1a fresadora de arroz<\/figcaption><\/figure>    <figure class=\"wp-block-image size-large\"><img loading=\"lazy\" decoding=\"async\" width=\"720\" height=\"540\" data-id=\"3351\" src=\"https:\/\/taizyfarmequipment.com\/wp-content\/uploads\/2022\/05\/5-1.jpg\" alt=\" fresadora de arroz\" class=\"wp-image-3351\" title=\" fresadora de arroz\"\/><figcaption class=\"wp-element-caption\"> fresadora de arroz<\/figcaption><\/figure>    <figure class=\"wp-block-image size-large\"><img loading=\"lazy\" decoding=\"async\" width=\"720\" height=\"540\" data-id=\"3352\" src=\"https:\/\/taizyfarmequipment.com\/wp-content\/uploads\/2022\/05\/2-1.jpg\" alt=\"mini molino de arroz\" class=\"wp-image-3352\" title=\"mini molino de arroz\"\/><figcaption class=\"wp-element-caption\">mini molino de arroz<\/figcaption><\/figure> <\/figure>    <h2 class=\"wp-block-heading\">El alcance del molino de arroz dom\u00e9stico con molinillo.<\/h2>    <p>Este molino de arroz es adecuado para familias, granjas, tiendas de medicina china, granjas, ranchos, f\u00e1bricas de pescado, f\u00e1bricas de piensos, peque\u00f1os molinos de arroz, etc. Puede procesar arroz, ma\u00edz, soja, frijol mungo, trigo, medicina tradicional china y otros. materias primas.<\/p>    <h2 class=\"wp-block-heading\">Tipo 1: Fresadora de arroz peque\u00f1a<\/h2>    <p>Este tipo de fresadora de arroz tiene solo una funci\u00f3n de moler arroz y no tiene otras funciones adicionales. El poder de la m\u00e1quina es el motor. Podemos ajustar el grado de molienda de arroz de la m\u00e1quina ajustando el tornillo en la parte frontal de la m\u00e1quina. <\/p>    <p>El molino de arroz generar\u00e1 calor durante la molienda del arroz, por lo que la malla est\u00e1 hecha de material resistente al calor y tiene una vida \u00fatil m\u00e1s larga.<\/p>    <figure class=\"wp-block-gallery has-nested-images columns-default is-cropped wp-block-gallery-3 is-layout-flex wp-block-gallery-is-layout-flex\"> <figure class=\"wp-block-image size-large\"><img loading=\"lazy\" decoding=\"async\" width=\"720\" height=\"540\" data-id=\"3345\" src=\"https:\/\/taizyfarmequipment.com\/wp-content\/uploads\/2022\/05\/3.jpg\" alt=\"molinero de arroz\" class=\"wp-image-3345\" title=\"molinero de arroz\"\/><figcaption class=\"wp-element-caption\">molinero de arroz<\/figcaption><\/figure>    <figure class=\"wp-block-image size-large\"><img loading=\"lazy\" decoding=\"async\" width=\"720\" height=\"540\" data-id=\"3344\" src=\"https:\/\/taizyfarmequipment.com\/wp-content\/uploads\/2022\/05\/4.jpg\" alt=\"molino de arroz casero\" class=\"wp-image-3344\" title=\"molino de arroz casero\"\/><figcaption class=\"wp-element-caption\">molino de arroz casero<\/figcaption><\/figure> <\/figure>    <h3 class=\"wp-block-heading\">La estructura del molino de arroz.<\/h3>    <p>La fresadora de arroz tiene una estructura simple, un funcionamiento conveniente, ahorra tiempo y trabajo. Incluye principalmente una rejilla, una tolva de alimentaci\u00f3n, energ\u00eda, una c\u00e1mara de molienda de arroz, un tornillo de ajuste, un puerto de descarga, una criba, etc.<\/p>    <figure class=\"wp-block-image size-full\"><img loading=\"lazy\" decoding=\"async\" width=\"720\" height=\"540\" src=\"https:\/\/taizyfarmequipment.com\/wp-content\/uploads\/2022\/05\/combined-mini-rice-mill.jpg\" alt=\"mini molino de arroz combinado\" class=\"wp-image-3357\" title=\"mini molino de arroz combinado\"\/><figcaption class=\"wp-element-caption\">mini molino de arroz combinado<\/figcaption><\/figure>    <h2 class=\"wp-block-heading\">Tipo 2: Molino de arroz con molinillo<\/h2>    <p>Adem\u00e1s de moler arroz, este tipo de molino de arroz tambi\u00e9n puede moler todo tipo de cereales. Este modelo de m\u00e1quina tiene una funci\u00f3n de trituraci\u00f3n m\u00e1s que el Tipo 1. La parte pulverizadora de este tipo es diferente, una es de tipo garra y la otra es tanto de trituraci\u00f3n como de batido. Los clientes pueden elegir m\u00e1quinas seg\u00fan sus necesidades. La potencia de este tipo de m\u00e1quinas es tambi\u00e9n el motor.<\/p>    <figure class=\"wp-block-gallery has-nested-images columns-default is-cropped wp-block-gallery-4 is-layout-flex wp-block-gallery-is-layout-flex\"> <figure class=\"wp-block-image size-large\"><img loading=\"lazy\" decoding=\"async\" width=\"720\" height=\"540\" data-id=\"3347\" src=\"https:\/\/taizyfarmequipment.com\/wp-content\/uploads\/2022\/05\/5.jpg\" alt=\"molino de arroz con molinillo\" class=\"wp-image-3347\" title=\"molino de arroz con molinillo\"\/><figcaption class=\"wp-element-caption\">molino de arroz con molinillo<\/figcaption><\/figure>    <figure class=\"wp-block-image size-large\"><img loading=\"lazy\" decoding=\"async\" width=\"720\" height=\"540\" data-id=\"3346\" src=\"https:\/\/taizyfarmequipment.com\/wp-content\/uploads\/2022\/05\/6.jpg\" alt=\"molino de arroz con trituradora\" class=\"wp-image-3346\" title=\"molino de arroz con trituradora\"\/><figcaption class=\"wp-element-caption\">molino de arroz con trituradora<\/figcaption><\/figure> <\/figure>    <h3 class=\"wp-block-heading\">La estructura del peque\u00f1o molino de arroz.<\/h3>    <p>La m\u00e1quina procesadora de arroz incluye principalmente una rejilla, una tolva de alimentaci\u00f3n, una fuente de alimentaci\u00f3n, una c\u00e1mara de molienda de arroz, un dispositivo triturador, un dispositivo de molienda y batido, un tornillo de ajuste, un puerto de descarga, una criba, etc.<\/p>    <figure class=\"wp-block-image size-full\"><img loading=\"lazy\" decoding=\"async\" width=\"720\" height=\"540\" src=\"https:\/\/taizyfarmequipment.com\/wp-content\/uploads\/2022\/05\/rice-mill-machine-with-grinder.jpg\" alt=\"molino de arroz con molinillo\" class=\"wp-image-3356\" title=\"molino de arroz con molinillo\"\/><figcaption class=\"wp-element-caption\">molino de arroz con molinillo<\/figcaption><\/figure>    <h2 class=\"wp-block-heading\">Tipo 3: Molino de arroz con deshuesador y criba vibratoria<\/h2>    <p>Este modelo de molino de arroz viene en muchas formas, podemos equiparlo con apedreadora, criba vibratoria y trituradora. Estas funciones adicionales los clientes pueden elegir seg\u00fan sus necesidades y tambi\u00e9n podemos personalizar la m\u00e1quina. El quitapiedras puede eliminar las piedras, arena y otras impurezas contenidas en el arroz sin tratar. Esto puede reducir el da\u00f1o al molino de arroz y prolongar su vida \u00fatil. <\/p>    <p>La funci\u00f3n de la criba vibratoria es filtrar el arroz partido contenido en el arroz molido. El arroz que queda despu\u00e9s del tamizado es un producto terminado completo, blanco y hermoso. El molino de arroz puede agregar tres funciones: m\u00e1quina de eliminaci\u00f3n de piedras, criba vibratoria y pulverizador al mismo tiempo. Este modelo de fresadora de arroz realmente es una m\u00e1quina multiprop\u00f3sito.<\/p>    <figure class=\"wp-block-gallery has-nested-images columns-default is-cropped wp-block-gallery-5 is-layout-flex wp-block-gallery-is-layout-flex\"> <figure class=\"wp-block-image size-large\"><img loading=\"lazy\" decoding=\"async\" width=\"720\" height=\"540\" data-id=\"3349\" src=\"https:\/\/taizyfarmequipment.com\/wp-content\/uploads\/2022\/05\/1.jpg\" alt=\"\" class=\"wp-image-3349\"\/><\/figure>    <figure class=\"wp-block-image size-large\"><img loading=\"lazy\" decoding=\"async\" width=\"720\" height=\"540\" data-id=\"3348\" src=\"https:\/\/taizyfarmequipment.com\/wp-content\/uploads\/2022\/05\/2.jpg\" alt=\"\" class=\"wp-image-3348\"\/><\/figure> <\/figure>    <h3 class=\"wp-block-heading\">Estructura de la fresadora de arroz multifuncional.<\/h3>    <p>La fresadora de arroz multifunci\u00f3n incluye principalmente una rejilla, una entrada, una alimentaci\u00f3n, una c\u00e1mara de molienda de arroz, un dispositivo triturador, un dispositivo de molienda y batido, un tornillo de ajuste, un puerto de descarga, una criba, un removedor de piedras, un vibrador. pantalla, etc<\/p>    <figure class=\"wp-block-image size-full\"><img loading=\"lazy\" decoding=\"async\" width=\"720\" height=\"540\" src=\"https:\/\/taizyfarmequipment.com\/wp-content\/uploads\/2022\/05\/modern-rice-mill-machinery.jpg\" alt=\"maquinaria moderna para molino de arroz\" class=\"wp-image-3355\" title=\"maquinaria moderna para molino de arroz\"\/><figcaption class=\"wp-element-caption\">maquinaria moderna para molino de arroz<\/figcaption><\/figure>    <h2 class=\"wp-block-heading\">Par\u00e1metros de la fresadora de arroz multifuncional.<\/h2>    <figure class=\"wp-block-table\"><table><tbody><tr><td>nombre del producto&nbsp;<\/td><td>M\u00e1quina combinada m\u00e1s criba vibratoria&nbsp;<\/td><\/tr><tr><td>N \u00ba de Modelo.&nbsp;<\/td><td>6N40C-9FZ21<\/td><\/tr><tr><td>Frecuencia de vibraci\u00f3n<\/td><td>484 latidos\/min<\/td><\/tr><tr><td>Funciones&nbsp;<\/td><td>Molino de arroz\/molino harinero\/separador de arroz partido<\/td><\/tr><tr><td>Motor impulsado<\/td><td>motor de 3HP<\/td><\/tr><tr><td>Detalles del motor<\/td><td>220V, 50HZ, monof\u00e1sico, cobre&nbsp;<\/td><\/tr><tr><td>tasa separada de arroz partido<\/td><td>90-93%<\/td><\/tr><tr><td>Capacidad&nbsp;<\/td><td>150kg\/hora<\/td><\/tr><\/tbody><\/table><figcaption class=\"wp-element-caption\">Par\u00e1metro de la fresadora de arroz multifuncional<\/figcaption><\/figure>    <h2 class=\"wp-block-heading\">Principio de funcionamiento del molino de arroz casero. <\/h2>    <figure class=\"wp-block-image size-full\"><img loading=\"lazy\" decoding=\"async\" width=\"720\" height=\"540\" src=\"https:\/\/taizyfarmequipment.com\/wp-content\/uploads\/2022\/05\/Small-rice-milling-machine-details.webp\" alt=\"Detalles de la peque\u00f1a fresadora de arroz\" class=\"wp-image-4545\" srcset=\"https:\/\/taizyfarmequipment.com\/wp-content\/uploads\/2022\/05\/Small-rice-milling-machine-details.webp 720w, https:\/\/taizyfarmequipment.com\/wp-content\/uploads\/2022\/05\/Small-rice-milling-machine-details-300x225.webp 300w, https:\/\/taizyfarmequipment.com\/wp-content\/uploads\/2022\/05\/Small-rice-milling-machine-details-16x12.webp 16w\" sizes=\"auto, (max-width: 720px) 100vw, 720px\" \/><figcaption class=\"wp-element-caption\">Detalles de la peque\u00f1a fresadora de arroz<\/figcaption><\/figure>    <p>El molino de arroz utiliza principalmente fuerza mec\u00e1nica para pelar y blanquear el arroz integral. El arroz integral ingresa al dispositivo de molienda de arroz desde la tolva de alimentaci\u00f3n a trav\u00e9s del mecanismo de regulaci\u00f3n de flujo. Luego, la cabeza del tornillo env\u00eda el arroz integral al rodillo de molienda de arroz, y el arroz sigue el rodillo de lijado en espiral.<\/p>    <p>Durante este proceso, los rodillos de arena frotar\u00e1n el arroz integral y, al mismo tiempo, habr\u00e1 fricci\u00f3n entre los granos de arroz y entre los granos de arroz y el colador de arroz. Finalmente, el arroz integral se convierte en arroz. <\/p>    <p>Al mismo tiempo, se trillar\u00e1 el salvado en polvo y se eliminar\u00e1n los granos de arroz mediante pulverizaci\u00f3n de aire, y se excluir\u00e1n los orificios del tamiz. Al final tendremos un arroz limpio y bonito.<\/p>    <h2 class=\"wp-block-heading\">\u00bfCu\u00e1les son las ventajas del molino de arroz multifuncional?<\/h2>    <figure class=\"wp-block-image size-full\"><img loading=\"lazy\" decoding=\"async\" width=\"720\" height=\"540\" src=\"https:\/\/taizyfarmequipment.com\/wp-content\/uploads\/2022\/05\/Small-rice-milling-machine-for-business.webp\" alt=\"Peque\u00f1a fresadora de arroz para empresas.\" class=\"wp-image-4546\" srcset=\"https:\/\/taizyfarmequipment.com\/wp-content\/uploads\/2022\/05\/Small-rice-milling-machine-for-business.webp 720w, https:\/\/taizyfarmequipment.com\/wp-content\/uploads\/2022\/05\/Small-rice-milling-machine-for-business-300x225.webp 300w, https:\/\/taizyfarmequipment.com\/wp-content\/uploads\/2022\/05\/Small-rice-milling-machine-for-business-16x12.webp 16w\" sizes=\"auto, (max-width: 720px) 100vw, 720px\" \/><figcaption class=\"wp-element-caption\">Peque\u00f1a fresadora de arroz para empresas.<\/figcaption><\/figure>    <ul class=\"wp-block-list\"> <li>Estructura simple y f\u00e1cil operaci\u00f3n. La gente no necesita aprender a operar el molino de arroz, solo necesitan verlo una vez para operarlo. La operaci\u00f3n por una sola persona ahorra tiempo y esfuerzo.<\/li>    <li>Las fresadoras de arroz dom\u00e9sticas son peque\u00f1as en tama\u00f1o y peso, y f\u00e1ciles de mover, por lo que las personas pueden moler arroz en cualquier lugar.<\/li>    <li>La fresadora de arroz tiene poca vibraci\u00f3n durante el trabajo, por lo que no debe repararse especialmente.<\/li>    <li>El molino de arroz dom\u00e9stico tiene un buen efecto de sellado y el derrame de polvo es muy peque\u00f1o cuando la m\u00e1quina est\u00e1 funcionando, lo cual es limpio e higi\u00e9nico.<\/li>    <li>El efecto de molienda del arroz es bueno, todo arroz. <a href=\"https:\/\/en.wikipedia.org\/wiki\/Grain\" data-type=\"link\" data-id=\"https:\/\/en.wikipedia.org\/wiki\/Grain\" target=\"_blank\" rel=\"noopener\">granos<\/a> son procesados. La tasa de fracci\u00f3n de granos de arroz terminados es baja y la calidad de los productos terminados es alta.<\/li> <\/ul>    <h2 class=\"wp-block-heading\">Venta de fresadora de arroz a Nigeria<\/h2>    <p>El cliente es de Nigeria y el cliente deja un mensaje a trav\u00e9s de nuestro sitio web. Nuestros responsables comerciales se comunican con los clientes a trav\u00e9s de WhatsApp. Despu\u00e9s de la comunicaci\u00f3n, supimos que el cliente quer\u00eda abrir un peque\u00f1o taller de molienda de arroz. <\/p>    <p>Recomendamos m\u00e1quinas trituradoras y trituradoras de arroz seg\u00fan las necesidades espec\u00edficas de los clientes. Finalmente, el cliente decidi\u00f3 encargar dos m\u00e1quinas integradas de molienda y trituraci\u00f3n de arroz. El siguiente es el diagrama de embalaje y entrega de la m\u00e1quina.<\/p>    <figure class=\"wp-block-gallery has-nested-images columns-default is-cropped wp-block-gallery-6 is-layout-flex wp-block-gallery-is-layout-flex\"> <figure class=\"wp-block-image size-large\"><img loading=\"lazy\" decoding=\"async\" width=\"720\" height=\"540\" data-id=\"3341\" src=\"https:\/\/taizyfarmequipment.com\/wp-content\/uploads\/2022\/05\/wooden-case-packaging0.jpg\" alt=\"\" class=\"wp-image-3341\"\/><\/figure>    <figure class=\"wp-block-image size-large\"><img loading=\"lazy\" decoding=\"async\" width=\"720\" height=\"540\" data-id=\"3342\" src=\"https:\/\/taizyfarmequipment.com\/wp-content\/uploads\/2022\/05\/loading-of-the-maize-peller-machine0.jpg\" alt=\"\" class=\"wp-image-3342\"\/><\/figure>    <figure class=\"wp-block-image size-large\"><img loading=\"lazy\" decoding=\"async\" width=\"720\" height=\"540\" data-id=\"3343\" src=\"https:\/\/taizyfarmequipment.com\/wp-content\/uploads\/2022\/05\/shipping-of-the-machine0.jpg\" alt=\"\" class=\"wp-image-3343\"\/><\/figure> <\/figure>    <h2 class=\"wp-block-heading\">\u00a1Cont\u00e1ctenos!<\/h2>    <p>En conclusi\u00f3n, nuestra peque\u00f1a fresadora de arroz ofrece una soluci\u00f3n compacta y eficiente para sus necesidades de procesamiento de arroz. Su peque\u00f1o tama\u00f1o contradice sus poderosas capacidades, proporcionando resultados de fresado de alta calidad con un m\u00ednimo espacio. <\/p>    <p>Con una operaci\u00f3n f\u00e1cil de usar y bajos requisitos de mantenimiento, nuestra peque\u00f1a fresadora de arroz es la opci\u00f3n perfecta para productores de arroz a peque\u00f1a escala o para uso dom\u00e9stico. <\/p>    <p>Experimente la conveniencia, eficiencia y calidad que nuestra m\u00e1quina brinda a sus operaciones de molienda de arroz. Elija nuestra peque\u00f1a fresadora de arroz para obtener un rendimiento confiable y resultados excepcionales.<\/p>    <figure class=\"wp-block-gallery has-nested-images columns-default is-cropped wp-block-gallery-7 is-layout-flex wp-block-gallery-is-layout-flex\"> <figure class=\"wp-block-image size-large\"><img loading=\"lazy\" decoding=\"async\" width=\"720\" height=\"540\" data-id=\"4547\" src=\"https:\/\/taizyfarmequipment.com\/wp-content\/uploads\/2022\/05\/Small-rice-milling-machine-for-sale.webp\" alt=\"Se vende peque\u00f1a fresadora de arroz\" class=\"wp-image-4547\" srcset=\"https:\/\/taizyfarmequipment.com\/wp-content\/uploads\/2022\/05\/Small-rice-milling-machine-for-sale.webp 720w, https:\/\/taizyfarmequipment.com\/wp-content\/uploads\/2022\/05\/Small-rice-milling-machine-for-sale-300x225.webp 300w, https:\/\/taizyfarmequipment.com\/wp-content\/uploads\/2022\/05\/Small-rice-milling-machine-for-sale-16x12.webp 16w\" sizes=\"auto, (max-width: 720px) 100vw, 720px\" \/><figcaption class=\"wp-element-caption\">Se vende peque\u00f1a fresadora de arroz<\/figcaption><\/figure>    <figure class=\"wp-block-image size-large\"><img loading=\"lazy\" decoding=\"async\" width=\"720\" height=\"540\" data-id=\"4548\" src=\"https:\/\/taizyfarmequipment.com\/wp-content\/uploads\/2022\/05\/Small-rice-milling-machine-stucture.webp\" alt=\"Estructura de fresadora de arroz peque\u00f1a\" class=\"wp-image-4548\" srcset=\"https:\/\/taizyfarmequipment.com\/wp-content\/uploads\/2022\/05\/Small-rice-milling-machine-stucture.webp 720w, https:\/\/taizyfarmequipment.com\/wp-content\/uploads\/2022\/05\/Small-rice-milling-machine-stucture-300x225.webp 300w, https:\/\/taizyfarmequipment.com\/wp-content\/uploads\/2022\/05\/Small-rice-milling-machine-stucture-16x12.webp 16w\" sizes=\"auto, (max-width: 720px) 100vw, 720px\" \/><figcaption class=\"wp-element-caption\">Estructura de fresadora de arroz peque\u00f1a<\/figcaption><\/figure> <\/figure>","protected":false},"excerpt":{"rendered":"<p>La peque\u00f1a fresadora de arroz puede procesar arroz integral en arroz. Su salida es apta para uso dom\u00e9stico, peque\u00f1os talleres, etc. <\/p>","protected":false},"author":1,"featured_media":3340,"parent":0,"template":"","tags":[284,286,288,287,283],"product-type":[132],"class_list":["post-3337","product","type-product","status-publish","has-post-thumbnail","hentry","tag-household-rice-mill-with-grinder","tag-mini-rice-milling-machine","tag-multifunctional-rice-milling-machine","tag-rice-mill-with-stoner-and-vibrating-screen","tag-small-rice-milling-machine","product-type-rice-mill"],"_links":{"self":[{"href":"https:\/\/taizyfarmequipment.com\/es\/wp-json\/wp\/v2\/product\/3337","targetHints":{"allow":["GET"]}}],"collection":[{"href":"https:\/\/taizyfarmequipment.com\/es\/wp-json\/wp\/v2\/product"}],"about":[{"href":"https:\/\/taizyfarmequipment.com\/es\/wp-json\/wp\/v2\/types\/product"}],"author":[{"embeddable":true,"href":"https:\/\/taizyfarmequipment.com\/es\/wp-json\/wp\/v2\/users\/1"}],"wp:featuredmedia":[{"embeddable":true,"href":"https:\/\/taizyfarmequipment.com\/es\/wp-json\/wp\/v2\/media\/3340"}],"wp:attachment":[{"href":"https:\/\/taizyfarmequipment.com\/es\/wp-json\/wp\/v2\/media?parent=3337"}],"wp:term":[{"taxonomy":"post_tag","embeddable":true,"href":"https:\/\/taizyfarmequipment.com\/es\/wp-json\/wp\/v2\/tags?post=3337"},{"taxonomy":"product-type","embeddable":true,"href":"https:\/\/taizyfarmequipment.com\/es\/wp-json\/wp\/v2\/product-type?post=3337"}],"curies":[{"name":"wp","href":"https:\/\/api.w.org\/{rel}","templated":true}]}}