{"id":3359,"date":"2022-05-09T10:07:18","date_gmt":"2022-05-09T10:07:18","guid":{"rendered":"https:\/\/taizyfarmequipment.com\/?post_type=product&#038;p=3359"},"modified":"2022-11-10T17:45:12","modified_gmt":"2022-11-10T09:45:12","slug":"combinacion-de-cortador-de-paja-y-molinillo-de-grano","status":"publish","type":"product","link":"https:\/\/taizyfarmequipment.com\/es\/product\/combined-straw-cutter-and-grain-grinder\/","title":{"rendered":"Combinaci\u00f3n de cortador de paja y molinillo de grano."},"content":{"rendered":"<div class=\"kk-star-ratings kksr-auto kksr-align-left kksr-valign-top\"     data-payload='{&quot;align&quot;:&quot;left&quot;,&quot;id&quot;:&quot;3359&quot;,&quot;slug&quot;:&quot;default&quot;,&quot;valign&quot;:&quot;top&quot;,&quot;ignore&quot;:&quot;&quot;,&quot;reference&quot;:&quot;auto&quot;,&quot;class&quot;:&quot;&quot;,&quot;count&quot;:&quot;7&quot;,&quot;legendonly&quot;:&quot;&quot;,&quot;readonly&quot;:&quot;&quot;,&quot;score&quot;:&quot;4.8&quot;,&quot;starsonly&quot;:&quot;&quot;,&quot;best&quot;:&quot;5&quot;,&quot;gap&quot;:&quot;5&quot;,&quot;greet&quot;:&quot;Rate this product&quot;,&quot;legend&quot;:&quot;4.8\\\/5 - (7 votos)&quot;,&quot;size&quot;:&quot;24&quot;,&quot;title&quot;:&quot;Combined straw cutter and grain grinder&quot;,&quot;width&quot;:&quot;136.7&quot;,&quot;_legend&quot;:&quot;{score}\\\/{best} - ({count} {votes})&quot;,&quot;font_factor&quot;:&quot;1.25&quot;}'>              <div class=\"kksr-stars\">      <div class=\"kksr-stars-inactive\">             <div class=\"kksr-star\" data-star=\"1\" style=\"padding-right: 5px\">               <div class=\"kksr-icon\" style=\"width: 24px; height: 24px;\"><\/div>         <\/div>             <div class=\"kksr-star\" data-star=\"2\" style=\"padding-right: 5px\">               <div class=\"kksr-icon\" style=\"width: 24px; height: 24px;\"><\/div>         <\/div>             <div class=\"kksr-star\" data-star=\"3\" style=\"padding-right: 5px\">               <div class=\"kksr-icon\" style=\"width: 24px; height: 24px;\"><\/div>         <\/div>             <div class=\"kksr-star\" data-star=\"4\" style=\"padding-right: 5px\">               <div class=\"kksr-icon\" style=\"width: 24px; height: 24px;\"><\/div>         <\/div>             <div class=\"kksr-star\" data-star=\"5\" style=\"padding-right: 5px\">               <div class=\"kksr-icon\" style=\"width: 24px; height: 24px;\"><\/div>         <\/div>     <\/div>      <div class=\"kksr-stars-active\" style=\"width: 136.7px;\">             <div class=\"kksr-star\" style=\"padding-right: 5px\">               <div class=\"kksr-icon\" style=\"width: 24px; height: 24px;\"><\/div>         <\/div>             <div class=\"kksr-star\" style=\"padding-right: 5px\">               <div class=\"kksr-icon\" style=\"width: 24px; height: 24px;\"><\/div>         <\/div>             <div class=\"kksr-star\" style=\"padding-right: 5px\">               <div class=\"kksr-icon\" style=\"width: 24px; height: 24px;\"><\/div>         <\/div>             <div class=\"kksr-star\" style=\"padding-right: 5px\">               <div class=\"kksr-icon\" style=\"width: 24px; height: 24px;\"><\/div>         <\/div>             <div class=\"kksr-star\" style=\"padding-right: 5px\">               <div class=\"kksr-icon\" style=\"width: 24px; height: 24px;\"><\/div>         <\/div>     <\/div> <\/div>                   <div class=\"kksr-legend\" style=\"font-size: 19.2px;\">             4,8\/5 - (7 votos)    <\/div>     <\/div>  <p>La combinaci\u00f3n de cortadora de paja y trituradora de granos es una m\u00e1quina agr\u00edcola multifuncional. Es una m\u00e1quina polivalente que puede realizar tres funciones: corte de paja, trituraci\u00f3n y molienda de grano. Por lo tanto, los agricultores pueden utilizar una m\u00e1quina para resolver las necesidades de alimentaci\u00f3n del proceso agr\u00edcola. Ahora hay varios tipos de cortadoras y trituradoras de paja en el mercado, y nosotros tambi\u00e9n tenemos este tipo de m\u00e1quinas. Y despu\u00e9s de una investigaci\u00f3n continua, hemos producido una m\u00e1quina que combina tres funciones en una. Es una buena ayuda para que los agricultores produzcan piensos.<\/p>    <h2 class=\"wp-block-heading\">Introducci\u00f3n de la combinaci\u00f3n de cortadora de paja y trituradora de granos<\/h2>    <p class=\"translation-block\">Nuestra <a href=\"https:\/\/www.agriculture-machine.com\/combined-chaff-cutter-and-grinder-straw-cutter-and-grain-grinder\/\" target=\"_blank\" rel=\"noopener\">cortadora de paja y molino de granos<\/a> puede equiparse con dos tipos de potencia: un motor el\u00e9ctrico y un motor di\u00e9sel. Los clientes pueden elegir seg\u00fan sus necesidades. La m\u00e1quina puede procesar todo tipo de forraje, como paja, hierba, arroz y paja de trigo, y tambi\u00e9n puede triturar todo tipo de granos. El forraje y los granos procesados pueden alimentarse al ganado como alimento o almacenarse. La guillotina y la trituradora son f\u00e1ciles de manejar, eficientes y multifuncionales, lo que es bien recibido tanto en el pa\u00eds como en el extranjero. Adem\u00e1s, tambi\u00e9n tenemos <a href=\"https:\/\/taizyfarmequipment.com\/es\/producto-2\/maquina-picadora-de-pasto\/\">cortadoras de forraje<\/a>, <a href=\"https:\/\/taizyfarmequipment.com\/es\/producto-2\/rotoempacadora-de-ensilaje\/\">empacadoras de ensilaje<\/a>, <a href=\"https:\/\/taizyfarmequipment.com\/es\/producto-2\/molino-de-martillos\/\">molinos de granos<\/a>, etc.<\/p>    <figure class=\"wp-block-gallery has-nested-images columns-default is-cropped wp-block-gallery-2 is-layout-flex wp-block-gallery-is-layout-flex\"> <figure class=\"wp-block-image size-large\"><img loading=\"lazy\" decoding=\"async\" width=\"720\" height=\"540\" data-id=\"3364\" src=\"https:\/\/taizyfarmequipment.com\/wp-content\/uploads\/2022\/05\/chaff-cutter-and-grain-grinder.jpg\" alt=\"cortadora de paja y trituradora de granos\" class=\"wp-image-3364\" title=\"cortadora de paja y trituradora de granos\"\/><figcaption class=\"wp-element-caption\">cortadora de paja y trituradora de granos<\/figcaption><\/figure>    <figure class=\"wp-block-image size-large\"><img loading=\"lazy\" decoding=\"async\" width=\"720\" height=\"540\" data-id=\"3365\" src=\"https:\/\/taizyfarmequipment.com\/wp-content\/uploads\/2022\/05\/straw-cutter-1.jpg\" alt=\"cortador de paja\" class=\"wp-image-3365\" title=\"cortador de paja\"\/><figcaption class=\"wp-element-caption\">cortador de paja<\/figcaption><\/figure> <\/figure>    <h2 class=\"wp-block-heading\" id=\"h-the-scope-of-application-of-the-combined-chaff-cutter\">El \u00e1mbito de aplicaci\u00f3n del cortador de paja combinado.<\/h2>    <p>El cortador de paja y el triturador de granos combinados pueden procesar pasto y paja h\u00famedos, como tallos de ma\u00edz, tallos de trigo, enredaderas de camote, etc. Los cereales como ma\u00edz, trigo, etc., mazorcas de ma\u00edz y c\u00e1scaras de man\u00ed tambi\u00e9n se pueden triturar con esta maquina.<\/p>    <p>Las materias primas procesadas se pueden utilizar para la cr\u00eda de caballos, vacas, ovejas, patos, gallinas, cerdos, conejos, etc.<\/p>    <figure class=\"wp-block-gallery has-nested-images columns-default is-cropped wp-block-gallery-3 is-layout-flex wp-block-gallery-is-layout-flex\"> <figure class=\"wp-block-image size-large\"><img loading=\"lazy\" decoding=\"async\" width=\"720\" height=\"540\" data-id=\"3361\" src=\"https:\/\/taizyfarmequipment.com\/wp-content\/uploads\/2022\/05\/raw-material-2.jpg\" alt=\"acechar\" class=\"wp-image-3361\" title=\"acechar \"\/><figcaption class=\"wp-element-caption\">acechar<\/figcaption><\/figure>    <figure class=\"wp-block-image size-large\"><img loading=\"lazy\" decoding=\"async\" width=\"720\" height=\"540\" data-id=\"3362\" src=\"https:\/\/taizyfarmequipment.com\/wp-content\/uploads\/2022\/05\/raw-material-1.jpg\" alt=\"grano\" class=\"wp-image-3362\" title=\"grano\"\/><figcaption class=\"wp-element-caption\">grano<\/figcaption><\/figure> <\/figure>    <h2 class=\"wp-block-heading\">Estructura del cortador de paja y del triturador de granos.<\/h2>    <p>Esta combinaci\u00f3n de cortadora de paja y trituradora de granos tiene principalmente un marco, entrada de grano, entrada de pasto, grillete, salida de trituraci\u00f3n, c\u00e1mara de trituraci\u00f3n, guillotina y c\u00e1mara de trituraci\u00f3n, ruedas, etc.<\/p>    <figure class=\"wp-block-image size-full is-resized\"><img loading=\"lazy\" decoding=\"async\" src=\"https:\/\/taizyfarmequipment.com\/wp-content\/uploads\/2022\/05\/straw-cutter-and-grain-grinders-structure.jpg\" alt=\"Estructura del cortador de paja y del molinillo de grano.\" class=\"wp-image-3373\" width=\"720\" height=\"540\" title=\"Estructura del cortador de paja y del molinillo de grano.\"\/><figcaption class=\"wp-element-caption\">Estructura del cortador de paja y del molinillo de grano.<\/figcaption><\/figure>    <h2 class=\"wp-block-heading\">Par\u00e1metros del cortador de paja.<\/h2>    <p>Disponemos de dos modelos de esta combinaci\u00f3n de cortadora de paja y trituradora de granos, tienen diferentes tama\u00f1os de potencia y potencia, lo que puede satisfacer las diferentes necesidades de los clientes.<\/p>    <figure class=\"wp-block-table\"><table><tbody><tr><td>Modelo<\/td><td>Fuerza<\/td><td>Capacidad<\/td><td>Longitud de la hoja<\/td><td>Cantidad de cuchillas<\/td><td>Tama\u00f1o global<\/td><\/tr><tr><td>9ZRF-3.8<\/td><td>bif\u00e1sico 4,5kW, trif\u00e1sico 3kW<\/td><td>3800kg\/h<\/td><td>220*70*6mm<\/td><td>5<\/td><td>1700*1200*1500mm<\/td><\/tr><tr><td>9ZRF-4.8<\/td><td>bif\u00e1sico 4,5kW, trif\u00e1sico 3kW<\/td><td>4000kg\/h<\/td><td>280*70*6mm<\/td><td>5<\/td><td>1950*1200*1800mm<\/td><\/tr><\/tbody><\/table><figcaption class=\"wp-element-caption\">par\u00e1metro del cortador de paja<\/figcaption><\/figure>    <h2 class=\"wp-block-heading\">\u00bfCu\u00e1les son las ventajas de la cortadora y trituradora de c\u00e9sped?<\/h2>    <p>1. El forraje procesado por la cortadora de paja y el triturador de granos combinados es suave, triturado y delicado, con buena palatabilidad. El ganado se alimenta en mayor cantidad, mastica m\u00e1s f\u00e1cilmente y tiene una mejor digesti\u00f3n, lo que tambi\u00e9n mejora la tasa de utilizaci\u00f3n de las materias primas.<\/p>    <p>2. Ajustable, podemos ajustar la longitud del forraje y el tama\u00f1o de las part\u00edculas de grano ajustando el mango.<\/p>    <p>3. La combinaci\u00f3n de cortadora de paja y trituradora de granos tiene un cuerpo estable, buen rendimiento, alta eficiencia y bajo nivel de ruido.<\/p>    <p>4. Adopta un mecanismo avanzado de alimentaci\u00f3n de pasto, alimentaci\u00f3n autom\u00e1tica, cadena transportadora que no enreda el pasto, alimentaci\u00f3n suave del pasto y alta productividad.<\/p>    <p>5. Amplia aplicaci\u00f3n, puede manejar todo tipo de pasto y granos para criar todo tipo de ganado.<\/p>    <figure class=\"wp-block-gallery has-nested-images columns-default is-cropped wp-block-gallery-4 is-layout-flex wp-block-gallery-is-layout-flex\"> <figure class=\"wp-block-image size-large\"><img loading=\"lazy\" decoding=\"async\" width=\"720\" height=\"540\" data-id=\"3366\" src=\"https:\/\/taizyfarmequipment.com\/wp-content\/uploads\/2022\/05\/combined-staw-cutter-and-grain-grinder.jpg\" alt=\"Combinaci\u00f3n de cortador de paja y molinillo de grano. \" class=\"wp-image-3366\" title=\"Combinaci\u00f3n de cortador de paja y molinillo de grano. \"\/><figcaption class=\"wp-element-caption\">Combinaci\u00f3n de cortador de paja y molinillo de grano. <\/figcaption><\/figure>    <figure class=\"wp-block-image size-large\"><img loading=\"lazy\" decoding=\"async\" width=\"720\" height=\"540\" data-id=\"3368\" src=\"https:\/\/taizyfarmequipment.com\/wp-content\/uploads\/2022\/05\/chaff-cutter.jpg\" alt=\"cortador de paja\" class=\"wp-image-3368\" title=\"cortador de paja\"\/><figcaption class=\"wp-element-caption\">cortador de paja<\/figcaption><\/figure>    <figure class=\"wp-block-image size-large\"><img loading=\"lazy\" decoding=\"async\" width=\"720\" height=\"540\" data-id=\"3369\" src=\"https:\/\/taizyfarmequipment.com\/wp-content\/uploads\/2022\/05\/grass-chopper.jpg\" alt=\"picador de hierba\" class=\"wp-image-3369\" title=\"picador de hierba\"\/><figcaption class=\"wp-element-caption\">picador de hierba<\/figcaption><\/figure> <\/figure>    <h2 class=\"wp-block-heading\">\u00bfPor qu\u00e9 elegir nuestra m\u00e1quina cortadora, amasadora y trituradora de paja?<\/h2>    <p>1. Utilizamos materiales de alta calidad para todas nuestras m\u00e1quinas agr\u00edcolas, desde la producci\u00f3n hasta el montaje, y nos los tomamos en serio.<\/p>    <p>2. Servicio de alta calidad. Recomendaremos la m\u00e1quina adecuada seg\u00fan la situaci\u00f3n del cliente. Brindamos soporte en l\u00ednea o fuera de l\u00ednea para resolver diversos problemas de nuestros clientes.<\/p>    <p>3. Nuestras m\u00e1quinas agr\u00edcolas de nuevo dise\u00f1o pueden satisfacer las m\u00faltiples necesidades de los clientes.<\/p>    <p>4. Ofrecemos un servicio de garant\u00eda de un a\u00f1o. Durante el per\u00edodo de garant\u00eda, ayudaremos a los clientes a resolver diversos problemas con la m\u00e1quina.<\/p>    <figure class=\"wp-block-gallery has-nested-images columns-default is-cropped wp-block-gallery-5 is-layout-flex wp-block-gallery-is-layout-flex\"> <figure class=\"wp-block-image size-large\"><img loading=\"lazy\" decoding=\"async\" width=\"720\" height=\"540\" data-id=\"3370\" src=\"https:\/\/taizyfarmequipment.com\/wp-content\/uploads\/2022\/05\/factory.jpg\" alt=\"f\u00e1brica\" class=\"wp-image-3370\" title=\"f\u00e1brica\"\/><figcaption class=\"wp-element-caption\">f\u00e1brica<\/figcaption><\/figure>    <figure class=\"wp-block-image size-large\"><img loading=\"lazy\" decoding=\"async\" width=\"720\" height=\"540\" data-id=\"3371\" src=\"https:\/\/taizyfarmequipment.com\/wp-content\/uploads\/2022\/05\/5-2.jpg\" alt=\"m\u00e1quina cortadora de c\u00e9sped\" class=\"wp-image-3371\" title=\"m\u00e1quina cortadora de c\u00e9sped\"\/><figcaption class=\"wp-element-caption\">m\u00e1quina cortadora de c\u00e9sped<\/figcaption><\/figure> <\/figure>","protected":false},"excerpt":{"rendered":"<p>La combinaci\u00f3n de cortador de paja y triturador de granos puede realizar tres funciones: corte de paja, trituraci\u00f3n y molienda de granos. Es una m\u00e1quina polivalente.<\/p>","protected":false},"author":1,"featured_media":3363,"parent":0,"template":"","tags":[289,292,290,291,294,293],"product-type":[133],"class_list":["post-3359","product","type-product","status-publish","has-post-thumbnail","hentry","tag-chaff-cutter","tag-chopper-cutter","tag-combined-straw-cutter-and-grain-grinder","tag-grass-cutter","tag-hay-cutter","tag-straw-chaff-cutter","product-type-silage-machine"],"_links":{"self":[{"href":"https:\/\/taizyfarmequipment.com\/es\/wp-json\/wp\/v2\/product\/3359","targetHints":{"allow":["GET"]}}],"collection":[{"href":"https:\/\/taizyfarmequipment.com\/es\/wp-json\/wp\/v2\/product"}],"about":[{"href":"https:\/\/taizyfarmequipment.com\/es\/wp-json\/wp\/v2\/types\/product"}],"author":[{"embeddable":true,"href":"https:\/\/taizyfarmequipment.com\/es\/wp-json\/wp\/v2\/users\/1"}],"wp:featuredmedia":[{"embeddable":true,"href":"https:\/\/taizyfarmequipment.com\/es\/wp-json\/wp\/v2\/media\/3363"}],"wp:attachment":[{"href":"https:\/\/taizyfarmequipment.com\/es\/wp-json\/wp\/v2\/media?parent=3359"}],"wp:term":[{"taxonomy":"post_tag","embeddable":true,"href":"https:\/\/taizyfarmequipment.com\/es\/wp-json\/wp\/v2\/tags?post=3359"},{"taxonomy":"product-type","embeddable":true,"href":"https:\/\/taizyfarmequipment.com\/es\/wp-json\/wp\/v2\/product-type?post=3359"}],"curies":[{"name":"wp","href":"https:\/\/api.w.org\/{rel}","templated":true}]}}