{"id":3450,"date":"2022-05-30T09:48:22","date_gmt":"2022-05-30T09:48:22","guid":{"rendered":"https:\/\/taizyfarmequipment.com\/?post_type=product&#038;p=3450"},"modified":"2024-01-11T17:56:56","modified_gmt":"2024-01-11T09:56:56","slug":"cortador-de-paja-de-pasto","status":"publish","type":"product","link":"https:\/\/taizyfarmequipment.com\/es\/product\/grass-chaff-cutter\/","title":{"rendered":"Cortadora de paja de pasto \u4e28 M\u00e1quina cortadora de forraje"},"content":{"rendered":"<div class=\"kk-star-ratings kksr-auto kksr-align-left kksr-valign-top\"     data-payload='{&quot;align&quot;:&quot;left&quot;,&quot;id&quot;:&quot;3450&quot;,&quot;slug&quot;:&quot;default&quot;,&quot;valign&quot;:&quot;top&quot;,&quot;ignore&quot;:&quot;&quot;,&quot;reference&quot;:&quot;auto&quot;,&quot;class&quot;:&quot;&quot;,&quot;count&quot;:&quot;22&quot;,&quot;legendonly&quot;:&quot;&quot;,&quot;readonly&quot;:&quot;&quot;,&quot;score&quot;:&quot;4.6&quot;,&quot;starsonly&quot;:&quot;&quot;,&quot;best&quot;:&quot;5&quot;,&quot;gap&quot;:&quot;5&quot;,&quot;greet&quot;:&quot;Rate this product&quot;,&quot;legend&quot;:&quot;4.6\\\/5 - (22 votos)&quot;,&quot;size&quot;:&quot;24&quot;,&quot;title&quot;:&quot;Grass chaff cutter\u4e28Fodder cutter machine&quot;,&quot;width&quot;:&quot;130.9&quot;,&quot;_legend&quot;:&quot;{score}\\\/{best} - ({count} {votes})&quot;,&quot;font_factor&quot;:&quot;1.25&quot;}'>              <div class=\"kksr-stars\">      <div class=\"kksr-stars-inactive\">             <div class=\"kksr-star\" data-star=\"1\" style=\"padding-right: 5px\">               <div class=\"kksr-icon\" style=\"width: 24px; height: 24px;\"><\/div>         <\/div>             <div class=\"kksr-star\" data-star=\"2\" style=\"padding-right: 5px\">               <div class=\"kksr-icon\" style=\"width: 24px; height: 24px;\"><\/div>         <\/div>             <div class=\"kksr-star\" data-star=\"3\" style=\"padding-right: 5px\">               <div class=\"kksr-icon\" style=\"width: 24px; height: 24px;\"><\/div>         <\/div>             <div class=\"kksr-star\" data-star=\"4\" style=\"padding-right: 5px\">               <div class=\"kksr-icon\" style=\"width: 24px; height: 24px;\"><\/div>         <\/div>             <div class=\"kksr-star\" data-star=\"5\" style=\"padding-right: 5px\">               <div class=\"kksr-icon\" style=\"width: 24px; height: 24px;\"><\/div>         <\/div>     <\/div>      <div class=\"kksr-stars-active\" style=\"width: 130.9px;\">             <div class=\"kksr-star\" style=\"padding-right: 5px\">               <div class=\"kksr-icon\" style=\"width: 24px; height: 24px;\"><\/div>         <\/div>             <div class=\"kksr-star\" style=\"padding-right: 5px\">               <div class=\"kksr-icon\" style=\"width: 24px; height: 24px;\"><\/div>         <\/div>             <div class=\"kksr-star\" style=\"padding-right: 5px\">               <div class=\"kksr-icon\" style=\"width: 24px; height: 24px;\"><\/div>         <\/div>             <div class=\"kksr-star\" style=\"padding-right: 5px\">               <div class=\"kksr-icon\" style=\"width: 24px; height: 24px;\"><\/div>         <\/div>             <div class=\"kksr-star\" style=\"padding-right: 5px\">               <div class=\"kksr-icon\" style=\"width: 24px; height: 24px;\"><\/div>         <\/div>     <\/div> <\/div>                   <div class=\"kksr-legend\" style=\"font-size: 19.2px;\">             4,6\/5 - (22 votos)    <\/div>     <\/div>  <p>El cortador de paja es una maquinaria de procesamiento de paja de desarrollo propio de nuestra empresa. Es un nuevo tipo de m\u00e1quina procesadora de pienso grueso que integra corte y amasado. La m\u00e1quina tiene las caracter\u00edsticas de rendimiento avanzado, estructura razonable y una amplia gama de aplicaciones. Adem\u00e1s, el rendimiento del material de procesamiento y la calidad del procesamiento se encuentran en un nivel avanzado. <\/p>    <p>Se utiliza principalmente para procesar pasto triturado, como tallos de ma\u00edz, pl\u00e1ntulas de man\u00ed, enredaderas de camote, pasto de bamb\u00fa real, pasto elefante dulce, ca\u00f1a de az\u00facar, etc. Este cortador de paja de c\u00e9sped es un equipo h\u00famedo y seco, por lo que se puede procesar ya sea material de pasto verde o material de pasto seco.<\/p>    <figure class=\"wp-block-embed is-type-video is-provider-youtube wp-block-embed-youtube wp-embed-aspect-16-9 wp-has-aspect-ratio\"><div class=\"wp-block-embed__wrapper\"> <iframe loading=\"lazy\" title=\"Del pasto al alimento: comprensi\u00f3n del proceso de corte de paja de pasto #grass #chaff #chaffcutter #cutting\" width=\"500\" height=\"281\" src=\"https:\/\/www.youtube.com\/embed\/zeVbOb07lEg?feature=oembed\" frameborder=\"0\" allow=\"accelerometer; autoplay; clipboard-write; encrypted-media; gyroscope; picture-in-picture; web-share\" referrerpolicy=\"strict-origin-when-cross-origin\" allowfullscreen><\/iframe> <\/div><figcaption class=\"wp-element-caption\">Proceso de trabajo del cortador de paja<\/figcaption><\/figure>    <h2 class=\"wp-block-heading\" id=\"h-introduction-of-grass-chaff-cutter\">Introducci\u00f3n del cortador de paja de c\u00e9sped.<\/h2>    <p>Producimos diferentes modelos de cortadoras de paja. Los clientes pueden elegir el modelo de m\u00e1quina seg\u00fan sus necesidades. Los modelos de m\u00e1quina son diferentes y el rendimiento tambi\u00e9n es diferente. <\/p>    <p>En cuanto a la potencia de la m\u00e1quina, la potencia puede ser un motor el\u00e9ctrico, un motor di\u00e9sel o un motor de gasolina. <\/p>    <p>Adem\u00e1s, cada modelo de nuestra m\u00e1quina cortadora de forraje tiene una cinta transportadora que puede alimentar autom\u00e1ticamente el material a la c\u00e1mara de corte. Esto ayuda a mejorar la eficiencia de la m\u00e1quina y ahorrar mano de obra. <\/p>    <p class=\"translation-block\">Tambi\u00e9n, tenemos la <a href=\"https:\/\/taizyfarmequipment.com\/es\/producto-2\/rotoempacadora-de-ensilaje\/\">m\u00e1quina empacadora de silaje<\/a>, que puede empacar el silaje procesado autom\u00e1ticamente. Aqu\u00ed est\u00e1n nuestras m\u00e1quinas para cada modelo.<\/p>    <figure class=\"wp-block-gallery has-nested-images columns-default is-cropped wp-block-gallery-2 is-layout-flex wp-block-gallery-is-layout-flex\"> <figure class=\"wp-block-image size-large\"><img loading=\"lazy\" decoding=\"async\" width=\"720\" height=\"540\" data-id=\"3463\" src=\"https:\/\/taizyfarmequipment.com\/wp-content\/uploads\/2022\/05\/2.5-grass-chaff-cutter-.jpg\" alt=\"Cortadora de paja 2,5\" class=\"wp-image-3463\" title=\"Cortadora de paja 2,5 \"\/><figcaption class=\"wp-element-caption\">Cortadora de paja 2,5<\/figcaption><\/figure>    <figure class=\"wp-block-image size-large\"><img loading=\"lazy\" decoding=\"async\" width=\"720\" height=\"540\" data-id=\"3459\" src=\"https:\/\/taizyfarmequipment.com\/wp-content\/uploads\/2022\/05\/3.8A-garss-chopper-.jpg\" alt=\"picadora de c\u00e9sped 3.8A\" class=\"wp-image-3459\" title=\"Picadora de gas 3.8A \"\/><figcaption class=\"wp-element-caption\">picadora de c\u00e9sped 3.8A<\/figcaption><\/figure>    <figure class=\"wp-block-image size-large\"><img loading=\"lazy\" decoding=\"async\" width=\"720\" height=\"540\" data-id=\"3464\" src=\"https:\/\/taizyfarmequipment.com\/wp-content\/uploads\/2022\/05\/3.8B-fodder-cutter-machine-.jpg\" alt=\"M\u00e1quina cortadora de forraje 3.8B\" class=\"wp-image-3464\" title=\"M\u00e1quina cortadora de forraje 3.8B \"\/><figcaption class=\"wp-element-caption\">M\u00e1quina cortadora de forraje 3.8B<\/figcaption><\/figure>    <figure class=\"wp-block-image size-large\"><img loading=\"lazy\" decoding=\"async\" width=\"720\" height=\"540\" data-id=\"3461\" src=\"https:\/\/taizyfarmequipment.com\/wp-content\/uploads\/2022\/05\/4.8-chaff-cutter-.jpg\" alt=\"cortador de paja 4.8\" class=\"wp-image-3461\" title=\"cortador de paja 4.8 \"\/><figcaption class=\"wp-element-caption\">cortador de paja 4.8<\/figcaption><\/figure>    <figure class=\"wp-block-image size-large\"><img loading=\"lazy\" decoding=\"async\" width=\"720\" height=\"540\" data-id=\"3460\" src=\"https:\/\/taizyfarmequipment.com\/wp-content\/uploads\/2022\/05\/6.8-choper-cutter-machine-.jpg\" alt=\"M\u00e1quina cortadora picadora 6.8\" class=\"wp-image-3460\"\/><figcaption class=\"wp-element-caption\">M\u00e1quina cortadora picadora 6.8<\/figcaption><\/figure>    <figure class=\"wp-block-image size-large\"><img loading=\"lazy\" decoding=\"async\" width=\"720\" height=\"540\" data-id=\"3462\" src=\"https:\/\/taizyfarmequipment.com\/wp-content\/uploads\/2022\/05\/8-chaff-cutter-.jpg\" alt=\"8 cortador de paja\" class=\"wp-image-3462\" title=\"8 cortador de paja \"\/><figcaption class=\"wp-element-caption\">8 cortador de paja<\/figcaption><\/figure> <\/figure>    <h2 class=\"wp-block-heading\">\u00c1mbito de aplicaci\u00f3n de la m\u00e1quina cortadora de forraje.<\/h2>    <p>La m\u00e1quina cortadora de forraje se utiliza principalmente para producir alimento para cerdos, vacas, ovejas, caballos, burros, mulas, conejos, pollos, patos, gansos y otras aves y ganado. <\/p>    <p>La m\u00e1quina puede manipular pajitas de ma\u00edz, pajitas de cereales, pajitas de arroz, pajitas de frijoles, vides de man\u00ed, alfalfa y otros materiales.<\/p>    <figure class=\"wp-block-gallery has-nested-images columns-default is-cropped wp-block-gallery-3 is-layout-flex wp-block-gallery-is-layout-flex\"> <figure class=\"wp-block-image size-large\"><img loading=\"lazy\" decoding=\"async\" width=\"720\" height=\"540\" data-id=\"3452\" src=\"https:\/\/taizyfarmequipment.com\/wp-content\/uploads\/2022\/05\/various-materials-1-1.jpg\" alt=\"Aplicaciones de la m\u00e1quina cortadora de paja.\" class=\"wp-image-3452\"\/><figcaption class=\"wp-element-caption\">Aplicaciones de la m\u00e1quina cortadora de paja.<\/figcaption><\/figure>    <figure class=\"wp-block-image size-large\"><img loading=\"lazy\" decoding=\"async\" width=\"720\" height=\"540\" data-id=\"3454\" src=\"https:\/\/taizyfarmequipment.com\/wp-content\/uploads\/2022\/05\/various-animals-0.jpg\" alt=\"uso de la m\u00e1quina cortadora de c\u00e9sped\" class=\"wp-image-3454\" title=\"objeto de alimentaci\u00f3n\"\/><figcaption class=\"wp-element-caption\">uso de la m\u00e1quina cortadora de c\u00e9sped<\/figcaption><\/figure> <\/figure>    <h2 class=\"wp-block-heading\">Estructura de la m\u00e1quina cortadora de paja.<\/h2>    <p>Los componentes principales del cortador de paja incluyen principalmente un transportador, entrada, sala de corte y amasado, salida, marco, ruedas de palanca de cambios, marco del motor, cubierta protectora, etc. <\/p>    <figure class=\"wp-block-image size-full\"><img loading=\"lazy\" decoding=\"async\" width=\"720\" height=\"470\" src=\"https:\/\/taizyfarmequipment.com\/wp-content\/uploads\/2022\/05\/straw-cutting-machine-structure.jpg\" alt=\"Estructura de la m\u00e1quina cortadora de paja\" class=\"wp-image-3453\" title=\"estructura de la m\u00e1quina cortadora de paja\"\/><figcaption class=\"wp-element-caption\">Estructura de la m\u00e1quina cortadora de paja<\/figcaption><\/figure>    <h2 class=\"wp-block-heading\">V\u00eddeo de trabajo del cortador de paja de c\u00e9sped.<\/h2>    <figure class=\"wp-block-embed is-type-video is-provider-youtube wp-block-embed-youtube wp-embed-aspect-16-9 wp-has-aspect-ratio\"><div class=\"wp-block-embed__wrapper\"> <iframe loading=\"lazy\" title=\"Cortador de paja | m\u00e1quina cortadora de c\u00e9sped | M\u00e1quina para fabricar alimentos para ganado para tallos de ma\u00edz, alfalfa, etc.\" width=\"500\" height=\"281\" src=\"https:\/\/www.youtube.com\/embed\/jraLJjs5Tig?feature=oembed\" frameborder=\"0\" allow=\"accelerometer; autoplay; clipboard-write; encrypted-media; gyroscope; picture-in-picture; web-share\" referrerpolicy=\"strict-origin-when-cross-origin\" allowfullscreen><\/iframe> <\/div><figcaption class=\"wp-element-caption\">Proceso de trabajo de la m\u00e1quina picadora de c\u00e9sped<\/figcaption><\/figure>    <h2 class=\"wp-block-heading\">Diferentes tipos de par\u00e1metros de la m\u00e1quina picadora de c\u00e9sped. <\/h2>    <figure class=\"wp-block-table\"><table><tbody><tr><td>Modelo<\/td><td>Fuerza<\/td><td>Capacidad<\/td><td>Tama\u00f1o<\/td><td>Peso<\/td><\/tr><tr><td>9ZR-2.5T<\/td><td>motor el\u00e9ctrico de 3-4,5 kw<\/td><td>2500kg\/hora<\/td><td>1350*490*750mm<\/td><td>67 kilos<\/td><\/tr><tr><td>9ZR-3.8A<\/td><td>motor el\u00e9ctrico de 3-4,5 kw<\/td><td>3800kg\/h<\/td><td>1650*550*900mm<\/td><td>88kg<\/td><\/tr><tr><td>9ZR-3.8B<\/td><td>motor el\u00e9ctrico de 3-4,5 kw<\/td><td>3800kg\/h<\/td><td>1750*550*900mm<\/td><td>93kg<\/td><\/tr><tr><td>9ZR-4.8T<strong><\/strong>&nbsp;<\/td><td>motor el\u00e9ctrico de 5,5 kw<\/td><td>4800kg\/h<\/td><td>1750*600*930mm<\/td><td>116kg<\/td><\/tr><tr><td>9ZR-6.8<strong><\/strong>&nbsp;<\/td><td>motor el\u00e9ctrico de 7,5 kw<\/td><td>6800kg\/hora<\/td><td>2283*740*1040mm<\/td><td>189kg<\/td><\/tr><tr><td>9ZR-8<\/td><td>motor electrico 11kw<\/td><td>8000kg\/h&nbsp;<\/td><td>3400*830*1200mm<\/td><td>320 kilos<\/td><\/tr><\/tbody><\/table><figcaption class=\"wp-element-caption\">Par\u00e1metros de la m\u00e1quina cortadora de paja de c\u00e9sped<\/figcaption><\/figure>    <h2 class=\"wp-block-heading\">\u00bfPor qu\u00e9 necesitamos utilizar una cortadora de paja para procesar materiales?<\/h2>    <p>Los tallos a procesar incluyen tallos de ma\u00edz, paja de cereales, paja de arroz, tallos de frijoles, vides de man\u00ed, alfalfa, etc., que son ricos en celulosa cruda, vitaminas, minerales, prote\u00ednas crudas, etc., y son alimento natural para el ganado. <\/p>    <p>Sin embargo, el ganado no digiere ni absorbe f\u00e1cilmente los tallos de las plantas sin procesar debido a su forma natural y su corteza dura, por lo que es necesario procesarlos m\u00e1s. <\/p>    <p>Se utilizan m\u00e9todos mec\u00e1nicos para cambiar la forma de los tallos de las plantas y hacerlos aptos para el consumo del ganado. En los equipos de procesamiento mec\u00e1nico de tallos de plantas, uno de los m\u00e1s utilizados es la maquinaria de corte y trituraci\u00f3n. Consiste en cortar los tallos de las plantas en peque\u00f1os trozos, para luego martillarlos y amasarlos mediante dispositivos mec\u00e1nicos hasta formar un forraje suave, corto y desmenuzado. <\/p>    <p>Esta forma de alimento puede mejorar la palatabilidad del consumo del ganado y favorece la digesti\u00f3n y absorci\u00f3n de nutrientes, mejorando as\u00ed en gran medida la tasa de utilizaci\u00f3n del forraje.<\/p>    <figure class=\"wp-block-image size-full\"><img loading=\"lazy\" decoding=\"async\" width=\"720\" height=\"540\" src=\"https:\/\/taizyfarmequipment.com\/wp-content\/uploads\/2022\/05\/grass-chaff-cutter-with-a-disel-engine.webp\" alt=\"cortadora de paja con motor diesel\" class=\"wp-image-4305\" srcset=\"https:\/\/taizyfarmequipment.com\/wp-content\/uploads\/2022\/05\/grass-chaff-cutter-with-a-disel-engine.webp 720w, https:\/\/taizyfarmequipment.com\/wp-content\/uploads\/2022\/05\/grass-chaff-cutter-with-a-disel-engine-300x225.webp 300w\" sizes=\"auto, (max-width: 720px) 100vw, 720px\" \/><figcaption class=\"wp-element-caption\">cortadora de paja con motor diesel<\/figcaption><\/figure>    <h2 class=\"wp-block-heading\">\u00bfCu\u00e1les son las ventajas de la cortadora de forraje?<\/h2>    <ol class=\"wp-block-list\"> <li>El c\u00e9sped <a href=\"https:\/\/en.wikipedia.org\/wiki\/Chaff\" data-type=\"link\" data-id=\"https:\/\/en.wikipedia.org\/wiki\/Chaff\" target=\"_blank\" rel=\"noopener\">paja<\/a> El cortador se compone principalmente de alimentar el marco, la carcasa, el rotor y otros componentes. Tiene las ventajas de una estructura razonable, operaci\u00f3n conveniente y alta eficiencia de producci\u00f3n.<\/li>    <li>Esta serie de productos cambi\u00f3 el principio de corte de cuchilla simple de la m\u00e1quina cortadora de paja anterior, el uso de cortar, golpear, amasar, frotar y otros efectos f\u00edsicos del material en una longitud uniforme, suave y finamente triturada, mientras que hay un aumento en el Dispositivo de alimentaci\u00f3n autom\u00e1tica, que previene eficazmente el bloqueo y el fen\u00f3meno de alimentaci\u00f3n desigual.<\/li>    <li>La m\u00e1quina integra el corte y la trituradora en uno, toda la m\u00e1quina consta de guillotina, hoja de martillo y hoja de viento, tres partes de trituraci\u00f3n, guillotina y otras funciones. <\/li>    <li>Estructura compacta, peque\u00f1o volumen y peso reducido.<\/li>    <li>El alto rendimiento, la estructura simple, la f\u00e1cil operaci\u00f3n y el procesamiento de la m\u00e1quina tienen una amplia gama de caracter\u00edsticas. <\/li>    <li>Las hojas grandes engrosadas de doble cara, m\u00e1s 32 cuchillos de amasar de doble cara, pueden romper completamente la hierba amas\u00e1ndola hasta convertirla en seda, mejorando la alimentaci\u00f3n del ganado vacuno y ovino, b\u00e1sicamente se utiliza toda la hierba para ahorrar el costo de cr\u00eda.<\/li> <\/ol>    <figure class=\"wp-block-image size-full\"><img loading=\"lazy\" decoding=\"async\" width=\"720\" height=\"540\" src=\"https:\/\/taizyfarmequipment.com\/wp-content\/uploads\/2022\/05\/grass-chopper-machine.webp\" alt=\"maquina picadora de pasto\" class=\"wp-image-4306\" srcset=\"https:\/\/taizyfarmequipment.com\/wp-content\/uploads\/2022\/05\/grass-chopper-machine.webp 720w, https:\/\/taizyfarmequipment.com\/wp-content\/uploads\/2022\/05\/grass-chopper-machine-300x225.webp 300w\" sizes=\"auto, (max-width: 720px) 100vw, 720px\" \/><figcaption class=\"wp-element-caption\">maquina picadora de pasto<\/figcaption><\/figure>    <h2 class=\"wp-block-heading\">Mantenimiento de la cortadora de paja<\/h2>    <ol class=\"wp-block-list\"> <li>Antes y despu\u00e9s de la operaci\u00f3n, inspeccione peri\u00f3dicamente todos los sujetadores para evitar que se aflojen y puedan da\u00f1ar la m\u00e1quina.<\/li>    <li>Durante la operaci\u00f3n, agregue una cantidad adecuada de aceite de motor 30# a cada orificio de inyecci\u00f3n de aceite cada 2 horas. Lubrique las posiciones de los cojinetes con grasa una vez al d\u00eda para garantizar una lubricaci\u00f3n adecuada durante el trabajo.<\/li>    <li>Mientras est\u00e9 en funcionamiento, afile las cuchillas m\u00f3viles y fijas cada 6 horas de trabajo para mantener el filo.<\/li>    <li>Despu\u00e9s de detener la operaci\u00f3n, limpie r\u00e1pidamente la m\u00e1quina de malezas y polvo, lubrique todos los puntos de lubricaci\u00f3n y gu\u00e1rdela en un almac\u00e9n seco si no se usa durante un per\u00edodo prolongado para evitar la corrosi\u00f3n por la exposici\u00f3n al viento y la lluvia.<\/li> <\/ol>    <figure class=\"wp-block-gallery has-nested-images columns-default is-cropped wp-block-gallery-4 is-layout-flex wp-block-gallery-is-layout-flex\"> <figure class=\"wp-block-image size-large\"><img loading=\"lazy\" decoding=\"async\" width=\"720\" height=\"540\" data-id=\"3455\" src=\"https:\/\/taizyfarmequipment.com\/wp-content\/uploads\/2022\/05\/grass-chaff-cutter-0.jpg\" alt=\"Cortadora de paja a buen precio.\" class=\"wp-image-3455\" title=\"cortador de paja de pasto\"\/><figcaption class=\"wp-element-caption\">Cortadora de paja a buen precio.<\/figcaption><\/figure>    <figure class=\"wp-block-image size-large\"><img loading=\"lazy\" decoding=\"async\" width=\"720\" height=\"540\" data-id=\"3456\" src=\"https:\/\/taizyfarmequipment.com\/wp-content\/uploads\/2022\/05\/grass-chaff-cutter-40.jpg\" alt=\"cortadora de forraje industrial\" class=\"wp-image-3456\" title=\"m\u00e1quina cortadora de forraje\"\/><figcaption class=\"wp-element-caption\">cortadora de forraje industrial<\/figcaption><\/figure> <\/figure>    <h2 class=\"wp-block-heading\">Caso exitoso<\/h2>    <p>La semana pasada, nuestro cliente de Kazajst\u00e1n nos compr\u00f3 una cortadora picadora 9ZR-3.8B. El cliente solicit\u00f3 que la m\u00e1quina fuera propulsada por un motor di\u00e9sel. El cliente es de Alibaba, nuestro gerente de ventas vio que el cliente envi\u00f3 una consulta sobre la m\u00e1quina cortadora de c\u00e9sped y se comunic\u00f3 de inmediato con el cliente. <\/p>    <p>Al comprender que el cliente hab\u00eda importado la m\u00e1quina de China, ten\u00eda experiencia en importaci\u00f3n y sab\u00eda m\u00e1s sobre la m\u00e1quina. Por tanto, todo el proceso de compra fue relativamente r\u00e1pido. La siguiente es una imagen del embalaje de la m\u00e1quina para su env\u00edo.<\/p>    <figure class=\"wp-block-gallery has-nested-images columns-default is-cropped wp-block-gallery-5 is-layout-flex wp-block-gallery-is-layout-flex\"> <figure class=\"wp-block-image size-large\"><img loading=\"lazy\" decoding=\"async\" width=\"720\" height=\"540\" data-id=\"3458\" src=\"https:\/\/taizyfarmequipment.com\/wp-content\/uploads\/2022\/05\/wooden-case-packaging0-3.jpg\" alt=\"paquete de m\u00e1quina cortadora de forraje\" class=\"wp-image-3458\" title=\"embalaje de caja de madera\"\/><figcaption class=\"wp-element-caption\">paquete de m\u00e1quina cortadora de forraje<\/figcaption><\/figure>    <figure class=\"wp-block-image size-large\"><img loading=\"lazy\" decoding=\"async\" width=\"720\" height=\"540\" data-id=\"3457\" src=\"https:\/\/taizyfarmequipment.com\/wp-content\/uploads\/2022\/05\/shipping-of-the-grass-chaff-cutter-0.jpg\" alt=\"cortadora de c\u00e9sped exportada\" class=\"wp-image-3457\" title=\"Env\u00edo del cortador de paja\"\/><figcaption class=\"wp-element-caption\">cortadora de c\u00e9sped exportada<\/figcaption><\/figure> <\/figure>    <h2 class=\"wp-block-heading\">Invierta en nuestra m\u00e1quina cortadora de paja<\/h2>    <p>En el \u00e1mbito de la agricultura moderna, la m\u00e1quina cortadora de paja es una herramienta indispensable para mejorar la eficiencia y agilizar las operaciones agr\u00edcolas. Su dise\u00f1o innovador y rendimiento excepcional garantizan resultados \u00f3ptimos en el procesamiento de forrajes. <\/p>    <p>Ya sea un gran agricultor o un peque\u00f1o productor, esta m\u00e1quina satisface sus necesidades y eleva su producci\u00f3n agr\u00edcola a nuevas alturas.<\/p>    <p>Si se siente intrigado por la m\u00e1quina cortadora de paja y desea conocer m\u00e1s detalles o recibir una cotizaci\u00f3n personalizada, no dude en comunicarse con nosotros. Nuestro equipo dedicado est\u00e1 listo para brindarle soporte total, asegur\u00e1ndole que elija el modelo que mejor se adapte a los requisitos de su granja. <\/p>    <p>No pierda la oportunidad de aumentar la productividad agr\u00edcola: \u00a1cont\u00e1ctenos ahora y emb\u00e1rquese en un nuevo cap\u00edtulo en la agricultura moderna!<\/p>    <figure class=\"wp-block-gallery has-nested-images columns-default is-cropped wp-block-gallery-6 is-layout-flex wp-block-gallery-is-layout-flex\"> <figure class=\"wp-block-image size-large\"><img loading=\"lazy\" decoding=\"async\" width=\"720\" height=\"540\" data-id=\"4303\" src=\"https:\/\/taizyfarmequipment.com\/wp-content\/uploads\/2022\/05\/chaff-cutter-for-business.webp\" alt=\"cortador de paja para negocios\" class=\"wp-image-4303\" srcset=\"https:\/\/taizyfarmequipment.com\/wp-content\/uploads\/2022\/05\/chaff-cutter-for-business.webp 720w, https:\/\/taizyfarmequipment.com\/wp-content\/uploads\/2022\/05\/chaff-cutter-for-business-300x225.webp 300w\" sizes=\"auto, (max-width: 720px) 100vw, 720px\" \/><figcaption class=\"wp-element-caption\">cortador de paja para negocios<\/figcaption><\/figure>    <figure class=\"wp-block-image size-large\"><img loading=\"lazy\" decoding=\"async\" width=\"720\" height=\"540\" data-id=\"4304\" src=\"https:\/\/taizyfarmequipment.com\/wp-content\/uploads\/2022\/05\/grass-chaff-cutter-for-sale.webp\" alt=\"Se vende cortadora de paja para pasto\" class=\"wp-image-4304\" srcset=\"https:\/\/taizyfarmequipment.com\/wp-content\/uploads\/2022\/05\/grass-chaff-cutter-for-sale.webp 720w, https:\/\/taizyfarmequipment.com\/wp-content\/uploads\/2022\/05\/grass-chaff-cutter-for-sale-300x225.webp 300w\" sizes=\"auto, (max-width: 720px) 100vw, 720px\" \/><figcaption class=\"wp-element-caption\">Se vende cortadora de paja para pasto<\/figcaption><\/figure> <\/figure>","protected":false},"excerpt":{"rendered":"<p>La cortadora de paja de c\u00e9sped es una m\u00e1quina procesadora de pienso grueso que integra corte y amasado. Se utiliza principalmente para procesar pasto triturado, como tallos de ma\u00edz, pl\u00e1ntulas de man\u00ed, enredaderas de camote, pasto de bamb\u00fa real, etc.<\/p>","protected":false},"author":1,"featured_media":3466,"parent":0,"template":"","tags":[298,300,296,299,295,297,182],"product-type":[133],"class_list":["post-3450","product","type-product","status-publish","has-post-thumbnail","hentry","tag-animal-feed-chaff-cutter-machine","tag-chaff-cutter-machine-for-agriculture","tag-fodder-cutter-machine","tag-forage-chopper","tag-grass-chaff-cutter","tag-silage-chaff-cutter-machine","tag-silage-chopper","product-type-silage-machine"],"_links":{"self":[{"href":"https:\/\/taizyfarmequipment.com\/es\/wp-json\/wp\/v2\/product\/3450","targetHints":{"allow":["GET"]}}],"collection":[{"href":"https:\/\/taizyfarmequipment.com\/es\/wp-json\/wp\/v2\/product"}],"about":[{"href":"https:\/\/taizyfarmequipment.com\/es\/wp-json\/wp\/v2\/types\/product"}],"author":[{"embeddable":true,"href":"https:\/\/taizyfarmequipment.com\/es\/wp-json\/wp\/v2\/users\/1"}],"wp:featuredmedia":[{"embeddable":true,"href":"https:\/\/taizyfarmequipment.com\/es\/wp-json\/wp\/v2\/media\/3466"}],"wp:attachment":[{"href":"https:\/\/taizyfarmequipment.com\/es\/wp-json\/wp\/v2\/media?parent=3450"}],"wp:term":[{"taxonomy":"post_tag","embeddable":true,"href":"https:\/\/taizyfarmequipment.com\/es\/wp-json\/wp\/v2\/tags?post=3450"},{"taxonomy":"product-type","embeddable":true,"href":"https:\/\/taizyfarmequipment.com\/es\/wp-json\/wp\/v2\/product-type?post=3450"}],"curies":[{"name":"wp","href":"https:\/\/api.w.org\/{rel}","templated":true}]}}