{"id":3516,"date":"2022-06-06T10:09:08","date_gmt":"2022-06-06T10:09:08","guid":{"rendered":"https:\/\/taizyfarmequipment.com\/?post_type=product&#038;p=3516"},"modified":"2024-01-22T15:36:04","modified_gmt":"2024-01-22T07:36:04","slug":"maquina-empacadora-de-recogida-de-heno","status":"publish","type":"product","link":"https:\/\/taizyfarmequipment.com\/es\/product\/hay-pick-up-baler-machine\/","title":{"rendered":"M\u00e1quina empacadora de heno \u4e28tractor con empacadora"},"content":{"rendered":"<div class=\"kk-star-ratings kksr-auto kksr-align-left kksr-valign-top\"     data-payload='{&quot;align&quot;:&quot;left&quot;,&quot;id&quot;:&quot;3516&quot;,&quot;slug&quot;:&quot;default&quot;,&quot;valign&quot;:&quot;top&quot;,&quot;ignore&quot;:&quot;&quot;,&quot;reference&quot;:&quot;auto&quot;,&quot;class&quot;:&quot;&quot;,&quot;count&quot;:&quot;30&quot;,&quot;legendonly&quot;:&quot;&quot;,&quot;readonly&quot;:&quot;&quot;,&quot;score&quot;:&quot;4.7&quot;,&quot;starsonly&quot;:&quot;&quot;,&quot;best&quot;:&quot;5&quot;,&quot;gap&quot;:&quot;5&quot;,&quot;greet&quot;:&quot;Rate this product&quot;,&quot;legend&quot;:&quot;4.7\\\/5 - (30 votos)&quot;,&quot;size&quot;:&quot;24&quot;,&quot;title&quot;:&quot;Hay pick up baler machine\u4e28tractor with baler&quot;,&quot;width&quot;:&quot;133.8&quot;,&quot;_legend&quot;:&quot;{score}\\\/{best} - ({count} {votes})&quot;,&quot;font_factor&quot;:&quot;1.25&quot;}'>              <div class=\"kksr-stars\">      <div class=\"kksr-stars-inactive\">             <div class=\"kksr-star\" data-star=\"1\" style=\"padding-right: 5px\">               <div class=\"kksr-icon\" style=\"width: 24px; height: 24px;\"><\/div>         <\/div>             <div class=\"kksr-star\" data-star=\"2\" style=\"padding-right: 5px\">               <div class=\"kksr-icon\" style=\"width: 24px; height: 24px;\"><\/div>         <\/div>             <div class=\"kksr-star\" data-star=\"3\" style=\"padding-right: 5px\">               <div class=\"kksr-icon\" style=\"width: 24px; height: 24px;\"><\/div>         <\/div>             <div class=\"kksr-star\" data-star=\"4\" style=\"padding-right: 5px\">               <div class=\"kksr-icon\" style=\"width: 24px; height: 24px;\"><\/div>         <\/div>             <div class=\"kksr-star\" data-star=\"5\" style=\"padding-right: 5px\">               <div class=\"kksr-icon\" style=\"width: 24px; height: 24px;\"><\/div>         <\/div>     <\/div>      <div class=\"kksr-stars-active\" style=\"width: 133.8px;\">             <div class=\"kksr-star\" style=\"padding-right: 5px\">               <div class=\"kksr-icon\" style=\"width: 24px; height: 24px;\"><\/div>         <\/div>             <div class=\"kksr-star\" style=\"padding-right: 5px\">               <div class=\"kksr-icon\" style=\"width: 24px; height: 24px;\"><\/div>         <\/div>             <div class=\"kksr-star\" style=\"padding-right: 5px\">               <div class=\"kksr-icon\" style=\"width: 24px; height: 24px;\"><\/div>         <\/div>             <div class=\"kksr-star\" style=\"padding-right: 5px\">               <div class=\"kksr-icon\" style=\"width: 24px; height: 24px;\"><\/div>         <\/div>             <div class=\"kksr-star\" style=\"padding-right: 5px\">               <div class=\"kksr-icon\" style=\"width: 24px; height: 24px;\"><\/div>         <\/div>     <\/div> <\/div>                   <div class=\"kksr-legend\" style=\"font-size: 19.2px;\">             4,7\/5 - (30 votos)    <\/div>     <\/div>  <p>La m\u00e1quina empacadora de heno es un tipo de equipo de recolecci\u00f3n y recolecci\u00f3n de paja, que puede completar autom\u00e1ticamente la recolecci\u00f3n, empacado y liberaci\u00f3n de pastos, arroz, trigo y tallos de ma\u00edz amasados, ampliamente utilizados para recolectar y empacar pastos secos y verdes. tallos de arroz, trigo y ma\u00edz. La m\u00e1quina recolectora y empacadora de paja tiene las caracter\u00edsticas de estructura compacta, operaci\u00f3n conveniente y alta confiabilidad. <\/p>    <p>La paca formada es peque\u00f1a y compacta, la paca est\u00e1 suelta por dentro y apretada por fuera, con buena permeabilidad al aire, lo cual es conveniente para el transporte y almacenamiento.<\/p>    <h2 class=\"wp-block-heading\" id=\"h-introduction-to-hay-pick-up-baler-machine\">Introducci\u00f3n a la m\u00e1quina empacadora de heno<\/h2>    <p class=\"translation-block\">Ahora producimos <a href=\"https:\/\/www.agriculture-machine.com\/round-silage-straw-harvester-and-baler-machine-picking-and-bundling-machine\/\" target=\"_blank\" rel=\"noopener\">m\u00e1quina de recogida y empacado de paja<\/a> que puede manejar productos terminados redondos y cuadrados. La m\u00e1quina de recogida y empacado de paja redonda puede empaquetar con cuerda de sisal o red, mientras que la cuadrada solo puede empacar con cuerda. Ambos modelos trabajan con un tractor a trav\u00e9s de un toma de fuerza (PTO). Sobre el ancho de cosecha de la m\u00e1quina. El ancho de cosecha del modelo cuadrado es de 2.2 metros y el redondo es de 1.8 metros. <\/p>    <p class=\"translation-block\">La promoci\u00f3n y el uso de esta m\u00e1quina han desempe\u00f1ado un papel importante en fomentar la soluci\u00f3n del reciclaje de la paja y en mejorar la contaminaci\u00f3n ambiental causada por la quema de paja en el medio rural. Adem\u00e1s, mejoran la calidad de la utilizaci\u00f3n de la paja y el pasto. Desde su lanzamiento, la m\u00e1quina ha sido apreciada por la mayor\u00eda de los agricultores y es una buena ayuda para que nuestros agricultores prosperen. Adem\u00e1s, tambi\u00e9n disponemos de la <a href=\"https:\/\/taizyfarmequipment.com\/es\/producto-2\/maquina-empacadora-de-paja-cuadrada\/\">empacadora pick-up para ensilaje<\/a> con funci\u00f3n de trituraci\u00f3n. <\/p>    <figure class=\"wp-block-gallery has-nested-images columns-default is-cropped wp-block-gallery-2 is-layout-flex wp-block-gallery-is-layout-flex\"> <figure class=\"wp-block-image size-large\"><img loading=\"lazy\" decoding=\"async\" width=\"720\" height=\"540\" data-id=\"3524\" src=\"https:\/\/taizyfarmequipment.com\/wp-content\/uploads\/2022\/06\/Pickup-Round-Baler-0.jpg\" alt=\"Empacadora redonda de recogida\" class=\"wp-image-3524\" title=\"Empacadora redonda de recogida\"\/><figcaption class=\"wp-element-caption\">Empacadora redonda de recogida<\/figcaption><\/figure>    <figure class=\"wp-block-image size-large\"><img loading=\"lazy\" decoding=\"async\" width=\"720\" height=\"540\" data-id=\"3525\" src=\"https:\/\/taizyfarmequipment.com\/wp-content\/uploads\/2022\/06\/hay-pick-up-baler-machine0.jpg\" alt=\"m\u00e1quina empacadora de recogida de heno\" class=\"wp-image-3525\" title=\"m\u00e1quina empacadora de recogida de heno\"\/><figcaption class=\"wp-element-caption\">m\u00e1quina empacadora de recogida de heno<\/figcaption><\/figure> <\/figure>    <h2 class=\"wp-block-heading\">\u00c1mbito de aplicaci\u00f3n del tractor con empacadora.<\/h2>    <p><br>El tractor con empacadora puede procesar paja de trigo, paja de arroz, pasto, pl\u00e1ntulas de man\u00ed, paja de ma\u00edz, arroz, trigo, paja de colza, soja, etc. <\/p>    <h2 class=\"wp-block-heading\">Estructura de la empacadora circular<\/h2>    <p><br>La m\u00e1quina se compone principalmente del recogedor, el tambor de heno, el mecanismo de transmisi\u00f3n de rueda dentada, la caja de cable, la varilla gu\u00eda del cable y el dispositivo de advertencia, el mecanismo de control hidr\u00e1ulico y otros componentes. Al empacar, puede guiar autom\u00e1ticamente la cuerda, recoger autom\u00e1ticamente la paja, empacar autom\u00e1ticamente y cortar la cuerda autom\u00e1ticamente. Y puede cambiar el c\u00edrculo de la cuerda y la densidad de la paca al empacar ajustando el tama\u00f1o de la rueda ranurada, para que la paca no quede esparcida ni ensuciada.<\/p>    <figure class=\"wp-block-image size-full is-resized\"><img loading=\"lazy\" decoding=\"async\" src=\"https:\/\/taizyfarmequipment.com\/wp-content\/uploads\/2022\/06\/square-stalk-baling-machines-structure2-.jpg\" alt=\"Estructura de la m\u00e1quina empacadora de tallos cuadrados\" class=\"wp-image-3520\" width=\"720\" height=\"540\" title=\"Estructura de la m\u00e1quina empacadora de tallos cuadrados\"\/><figcaption class=\"wp-element-caption\">Estructura de la m\u00e1quina empacadora de tallos cuadrados<\/figcaption><\/figure>    <h2 class=\"wp-block-heading\">Par\u00e1metros de la empacadora recogedora de heno<\/h2>    <figure class=\"wp-block-table\"><table><tbody><tr><td>Modelo<\/td><td><strong>ST80*100<\/strong><\/td><\/tr><tr><td>Peso<\/td><td>680 kilos<\/td><\/tr><tr><td>potencia del tractor<\/td><td>M\u00e1s de 40 CV<\/td><\/tr><tr><td>Dimensi\u00f3n global<\/td><td>1,63*1,37*1,43m<\/td><\/tr><tr><td>Tama\u00f1o de la empacadora<\/td><td>\u03a6800*1000mm<\/td><\/tr><tr><td>Peso de la empacadora<\/td><td>40-50 kg<\/td><\/tr><tr><td>Capacidad<\/td><td>1,3-1,65 acres\/h<\/td><\/tr><\/tbody><\/table><figcaption class=\"wp-element-caption\">Par\u00e1metro de la m\u00e1quina empacadora de recogida de heno<\/figcaption><\/figure>    <h2 class=\"wp-block-heading\">Ventajas de la empacadora cuadrada peque\u00f1a de alta capacidad<\/h2>    <ol class=\"wp-block-list\"> <li>Tama\u00f1o reducido, peso ligero, funcionamiento sencillo y alta eficiencia.<\/li>    <li>Alta eficiencia de trabajo, una hora puede recolectar paja en m\u00e1s de 5 acres, aproximadamente 800 kg de cosecha de paja.<\/li>    <li>La bala de paja tiene una estructura compacta, alta densidad y buena permeabilidad al aire.<\/li>    <li>La paja despu\u00e9s del empacado reduce la huella de la paja y reduce en gran medida la huella de almacenamiento.<\/li>    <li>Los fardos de paja son f\u00e1ciles de transportar y adem\u00e1s reducen la posibilidad de incendio.<\/li> <\/ol>    <figure class=\"wp-block-gallery has-nested-images columns-default is-cropped wp-block-gallery-3 is-layout-flex wp-block-gallery-is-layout-flex\"> <figure class=\"wp-block-image size-large\"><img loading=\"lazy\" decoding=\"async\" width=\"720\" height=\"540\" data-id=\"3521\" src=\"https:\/\/taizyfarmequipment.com\/wp-content\/uploads\/2022\/06\/square-straw-pick-up-baler-machine-.jpg\" alt=\"M\u00e1quina empacadora de paja cuadrada\" class=\"wp-image-3521\" title=\"M\u00e1quina empacadora de paja cuadrada\"\/><figcaption class=\"wp-element-caption\">M\u00e1quina empacadora de paja cuadrada<\/figcaption><\/figure>    <figure class=\"wp-block-image size-large\"><img loading=\"lazy\" decoding=\"async\" width=\"720\" height=\"540\" data-id=\"3522\" src=\"https:\/\/taizyfarmequipment.com\/wp-content\/uploads\/2022\/06\/tractor-with-baler-0.jpg\" alt=\"tractor con empacadora\" class=\"wp-image-3522\" title=\"tractor con empacadora\"\/><figcaption class=\"wp-element-caption\">tractor con empacadora<\/figcaption><\/figure> <\/figure>    <h2 class=\"wp-block-heading\">Principio de funcionamiento de la empacadora recogedora de tallos<\/h2>    <p><br>El eje de salida de potencia del tractor se alimenta al eje de entrada de la empacadora a trav\u00e9s del eje de transmisi\u00f3n universal, que impulsa el mecanismo del rodillo enrollador. Y el mecanismo de recogida de paja a trav\u00e9s de la rueda dentada y la cadena respectivamente. La interfaz de salida hidr\u00e1ulica del tractor se utiliza para controlar la expansi\u00f3n y contracci\u00f3n del pist\u00f3n del cilindro para realizar la operaci\u00f3n de liberaci\u00f3n de pacas.<\/p>    <h2 class=\"wp-block-heading\">Puntos t\u00e9cnicos del funcionamiento de la m\u00e1quina recogedora y empacadora de paja.<\/h2>    <ol class=\"wp-block-list\"> <li>El conductor debe dominar la tecnolog\u00eda de operaci\u00f3n de conducci\u00f3n. Durante la operaci\u00f3n, el conductor debe conducir en el centro para evitar que la paca tenga una cabeza grande.<\/li>    <li>Cuerda para balas con estructura de bombeo externa y menos nudos, alta resistencia, para evitar roturas de cuerda o cuerda de carda.<\/li>    <li>Env\u00ede la cuerda cuando el acelerador est\u00e9 estable, mantenga el acelerador en la velocidad media para garantizar la calidad del env\u00edo de la cuerda.<\/li>    <li>Cuando detenga la cuerda, mueva la v\u00e1lvula hidr\u00e1ulica inmediatamente, no se detenga, para que el rodillo de presi\u00f3n no frote la bala de paja. Al soltar la paca, no reducir la velocidad, ya que la paca se puede soltar por inercia giratoria.<\/li> <\/ol>    <figure class=\"wp-block-image size-full\"><img loading=\"lazy\" decoding=\"async\" width=\"720\" height=\"540\" src=\"https:\/\/taizyfarmequipment.com\/wp-content\/uploads\/2022\/06\/hay-pick-up-baler-machine-0.jpg\" alt=\"m\u00e1quina empacadora de recogida de heno \" class=\"wp-image-3523\" title=\"m\u00e1quina empacadora de recogida de heno \"\/><figcaption class=\"wp-element-caption\">m\u00e1quina empacadora de recogida de heno<\/figcaption><\/figure>","protected":false},"excerpt":{"rendered":"<p>La m\u00e1quina empacadora de heno puede completar autom\u00e1ticamente la recolecci\u00f3n, el empacado y la liberaci\u00f3n de pastos para arroz, trigo y tallos de ma\u00edz amasados.<\/p>","protected":false},"author":1,"featured_media":3518,"parent":0,"template":"","tags":[],"product-type":[133],"class_list":["post-3516","product","type-product","status-publish","has-post-thumbnail","hentry","product-type-silage-machine"],"_links":{"self":[{"href":"https:\/\/taizyfarmequipment.com\/es\/wp-json\/wp\/v2\/product\/3516","targetHints":{"allow":["GET"]}}],"collection":[{"href":"https:\/\/taizyfarmequipment.com\/es\/wp-json\/wp\/v2\/product"}],"about":[{"href":"https:\/\/taizyfarmequipment.com\/es\/wp-json\/wp\/v2\/types\/product"}],"author":[{"embeddable":true,"href":"https:\/\/taizyfarmequipment.com\/es\/wp-json\/wp\/v2\/users\/1"}],"wp:featuredmedia":[{"embeddable":true,"href":"https:\/\/taizyfarmequipment.com\/es\/wp-json\/wp\/v2\/media\/3518"}],"wp:attachment":[{"href":"https:\/\/taizyfarmequipment.com\/es\/wp-json\/wp\/v2\/media?parent=3516"}],"wp:term":[{"taxonomy":"post_tag","embeddable":true,"href":"https:\/\/taizyfarmequipment.com\/es\/wp-json\/wp\/v2\/tags?post=3516"},{"taxonomy":"product-type","embeddable":true,"href":"https:\/\/taizyfarmequipment.com\/es\/wp-json\/wp\/v2\/product-type?post=3516"}],"curies":[{"name":"wp","href":"https:\/\/api.w.org\/{rel}","templated":true}]}}