{"id":3529,"date":"2022-06-07T09:46:21","date_gmt":"2022-06-07T09:46:21","guid":{"rendered":"https:\/\/taizyfarmequipment.com\/?post_type=product&#038;p=3529"},"modified":"2025-11-26T17:05:14","modified_gmt":"2025-11-26T09:05:14","slug":"sembradora-de-hortalizas-de-empuje-manual","status":"publish","type":"product","link":"https:\/\/taizyfarmequipment.com\/es\/product\/hand-push-vegetable-seeder\/","title":{"rendered":"Sembradora de verduras manual | M\u00e1quina de siembra de semillas de verduras"},"content":{"rendered":"<div class=\"kk-star-ratings kksr-auto kksr-align-left kksr-valign-top\"     data-payload='{&quot;align&quot;:&quot;left&quot;,&quot;id&quot;:&quot;3529&quot;,&quot;slug&quot;:&quot;default&quot;,&quot;valign&quot;:&quot;top&quot;,&quot;ignore&quot;:&quot;&quot;,&quot;reference&quot;:&quot;auto&quot;,&quot;class&quot;:&quot;&quot;,&quot;count&quot;:&quot;12&quot;,&quot;legendonly&quot;:&quot;&quot;,&quot;readonly&quot;:&quot;&quot;,&quot;score&quot;:&quot;4.6&quot;,&quot;starsonly&quot;:&quot;&quot;,&quot;best&quot;:&quot;5&quot;,&quot;gap&quot;:&quot;5&quot;,&quot;greet&quot;:&quot;Rate this product&quot;,&quot;legend&quot;:&quot;4.6\\\/5 - (12 votos)&quot;,&quot;size&quot;:&quot;24&quot;,&quot;title&quot;:&quot;Hand push vegetable seeder | Vegetable seed planting machine&quot;,&quot;width&quot;:&quot;130.9&quot;,&quot;_legend&quot;:&quot;{score}\\\/{best} - ({count} {votes})&quot;,&quot;font_factor&quot;:&quot;1.25&quot;}'>              <div class=\"kksr-stars\">      <div class=\"kksr-stars-inactive\">             <div class=\"kksr-star\" data-star=\"1\" style=\"padding-right: 5px\">               <div class=\"kksr-icon\" style=\"width: 24px; height: 24px;\"><\/div>         <\/div>             <div class=\"kksr-star\" data-star=\"2\" style=\"padding-right: 5px\">               <div class=\"kksr-icon\" style=\"width: 24px; height: 24px;\"><\/div>         <\/div>             <div class=\"kksr-star\" data-star=\"3\" style=\"padding-right: 5px\">               <div class=\"kksr-icon\" style=\"width: 24px; height: 24px;\"><\/div>         <\/div>             <div class=\"kksr-star\" data-star=\"4\" style=\"padding-right: 5px\">               <div class=\"kksr-icon\" style=\"width: 24px; height: 24px;\"><\/div>         <\/div>             <div class=\"kksr-star\" data-star=\"5\" style=\"padding-right: 5px\">               <div class=\"kksr-icon\" style=\"width: 24px; height: 24px;\"><\/div>         <\/div>     <\/div>      <div class=\"kksr-stars-active\" style=\"width: 130.9px;\">             <div class=\"kksr-star\" style=\"padding-right: 5px\">               <div class=\"kksr-icon\" style=\"width: 24px; height: 24px;\"><\/div>         <\/div>             <div class=\"kksr-star\" style=\"padding-right: 5px\">               <div class=\"kksr-icon\" style=\"width: 24px; height: 24px;\"><\/div>         <\/div>             <div class=\"kksr-star\" style=\"padding-right: 5px\">               <div class=\"kksr-icon\" style=\"width: 24px; height: 24px;\"><\/div>         <\/div>             <div class=\"kksr-star\" style=\"padding-right: 5px\">               <div class=\"kksr-icon\" style=\"width: 24px; height: 24px;\"><\/div>         <\/div>             <div class=\"kksr-star\" style=\"padding-right: 5px\">               <div class=\"kksr-icon\" style=\"width: 24px; height: 24px;\"><\/div>         <\/div>     <\/div> <\/div>                   <div class=\"kksr-legend\" style=\"font-size: 19.2px;\">             4,6\/5 - (12 votos)    <\/div>     <\/div>  <p>Nuestra sembradora de hortalizas manual puede sembrar una variedad de semillas de hortalizas. Las sembradoras de vegetales tienen diferentes n\u00fameros de hileras, lo que puede satisfacer la demanda del cliente en cuanto a la cantidad de hileras. Por lo general, nuestras sembradoras de hortalizas son con motor de gasolina. Debido a que la m\u00e1quina tiene tracci\u00f3n el\u00e9ctrica, las personas no necesitan hacer mucho esfuerzo para usarla. Y la sembradora de hortalizas tiene una velocidad de siembra r\u00e1pida, alta eficiencia y ahorro de tiempo. <\/p>    <p class=\"translation-block\">Cuando la m\u00e1quina est\u00e1 en funcionamiento, puede completar las acciones de hacer surcos, sembrar y cubrir el suelo en una sola vez. Y la m\u00e1quina puede trabajar en campos llanos y con caballones, no es exigente con el terreno y tiene una gran adaptabilidad. Adem\u00e1s, tambi\u00e9n disponemos de una <a href=\"https:\/\/taizyfarmequipment.com\/es\/producto-2\/maquina-de-crianza-de-viveros\/\">m\u00e1quina de vivero para pl\u00e1ntulas<\/a> para sembrar semillas en bandejas alveoladas, adecuada para plantar en invernaderos.<\/p>    <figure class=\"wp-block-gallery has-nested-images columns-default is-cropped wp-block-gallery-2 is-layout-flex wp-block-gallery-is-layout-flex\"> <figure class=\"wp-block-image size-large\"><img loading=\"lazy\" decoding=\"async\" width=\"720\" height=\"540\" data-id=\"3535\" src=\"https:\/\/taizyfarmequipment.com\/wp-content\/uploads\/2022\/06\/hand-push-soybean-seeder-0.jpg\" alt=\"sembradora de soja de empuje manual \" class=\"wp-image-3535\" title=\"sembradora de soja de empuje manual \"\/><figcaption class=\"wp-element-caption\">sembradora de soja de empuje manual<\/figcaption><\/figure>    <figure class=\"wp-block-image size-large\"><img loading=\"lazy\" decoding=\"async\" width=\"720\" height=\"540\" data-id=\"3536\" src=\"https:\/\/taizyfarmequipment.com\/wp-content\/uploads\/2022\/06\/vegetable-seed-planting-machine-0.jpg\" alt=\"m\u00e1quina para plantar semillas de hortalizas\" class=\"wp-image-3536\" title=\"m\u00e1quina para plantar semillas de hortalizas\"\/><figcaption class=\"wp-element-caption\">m\u00e1quina para plantar semillas de hortalizas<\/figcaption><\/figure> <\/figure>    <h2 class=\"wp-block-heading\" id=\"h-application-scope-of-the-hand-push-vegetable-seeder\">\u00c1mbito de aplicaci\u00f3n de la sembradora de hortalizas manual<\/h2>    <p class=\"translation-block\">Esta <a href=\"https:\/\/www.agriculture-machine.com\/vegetable-seed-planters-vegetable-sowing-machine\/\" target=\"_blank\" rel=\"noopener\">sembradora manual de hortalizas<\/a> puede plantar zanahorias, r\u00e1banos daikon, nabos, remolachas, cebollas, espinacas, r\u00e1banos, r\u00e1banos daikon, zanahorias, nabos, remolachas, cebollas, brotes verdes, col, esp\u00e1rragos, girasol, lechuga, apio, col, col peque\u00f1a, col de beb\u00e9, choy sum, cebolla de verdeo, snow red, s\u00e9samo, uva, pimiento, coliflor, br\u00f3coli, colza, mijo, soja, trigo, pasto forrajero y otras semillas peque\u00f1as y medianas. Para semillas de diferentes tama\u00f1os, debemos cambiar las bandejas de siembra.<\/p>    <figure class=\"wp-block-gallery has-nested-images columns-default is-cropped wp-block-gallery-3 is-layout-flex wp-block-gallery-is-layout-flex\"> <figure class=\"wp-block-image size-large\"><img loading=\"lazy\" decoding=\"async\" width=\"720\" height=\"540\" data-id=\"3532\" src=\"https:\/\/taizyfarmequipment.com\/wp-content\/uploads\/2022\/06\/seeds-0.jpg\" alt=\"semillas\" class=\"wp-image-3532\" title=\"semillas\"\/><figcaption class=\"wp-element-caption\">semillas<\/figcaption><\/figure>    <figure class=\"wp-block-image size-large\"><img loading=\"lazy\" decoding=\"async\" width=\"720\" height=\"540\" data-id=\"3533\" src=\"https:\/\/taizyfarmequipment.com\/wp-content\/uploads\/2022\/06\/variuos-seeds-0.jpg\" alt=\"varias semillas\" class=\"wp-image-3533\" title=\"varias semillas\"\/><figcaption class=\"wp-element-caption\">varias semillas<\/figcaption><\/figure> <\/figure>    <h2 class=\"wp-block-heading\"><br><br>Estructura de la m\u00e1quina sembradora de semillas de hortalizas.<\/h2>    <p>La m\u00e1quina sembradora de semillas de hortalizas incluye principalmente motor, abridor, caja de semillas, pasamanos, rueda para cubrir el suelo, ruedas, etc.<\/p>    <figure class=\"wp-block-image size-full\"><img loading=\"lazy\" decoding=\"async\" width=\"720\" height=\"540\" src=\"https:\/\/taizyfarmequipment.com\/wp-content\/uploads\/2022\/06\/tomato-seed-planting-machine-0.jpg\" alt=\"maquina sembradora de semillas de tomate\" class=\"wp-image-3534\" title=\"maquina sembradora de semillas de tomate\"\/><figcaption class=\"wp-element-caption\">maquina sembradora de semillas de tomate<\/figcaption><\/figure>    <h2 class=\"wp-block-heading\">Principio de funcionamiento de la sembradora de semillas de tomate.<\/h2>    <p>Despu\u00e9s del control preciso del n\u00famero de semillas plantadas por el sistema de control de siembra local, las semillas son relativamente regulares y se descargan semillas individuales en la capa del suelo. Al final, el espaciamiento entre plantas es natural y razonable, lo que ahorra el laborioso v\u00ednculo de la plantaci\u00f3n artificial y el raleo. Al mismo tiempo, la eficiencia de la siembra es m\u00e1s de 15 veces mayor que la de la siembra manual. <\/p>    <h2 class=\"wp-block-heading\">Especificaci\u00f3n de la sembradora de hortalizas manual.<\/h2>    <figure class=\"wp-block-table\"><table><tbody><tr><td>M\u00e9todo de inicio<\/td><td>arranque manual<\/td><\/tr><tr><td>Fuerza<\/td><td>Motor de gasolina 170 4.0KW<\/td><\/tr><tr><td>Peso<\/td><td>160kg<\/td><\/tr><tr><td>Tama\u00f1o de embalaje<\/td><td>1160*1260*870mm<\/td><\/tr><\/tbody><\/table><figcaption class=\"wp-element-caption\">Par\u00e1metro de la sembradora de hortalizas de empuje manual<\/figcaption><\/figure>    <h2 class=\"wp-block-heading\"><br>\u00bfCu\u00e1les son las caracter\u00edsticas de la sembradora de hortalizas?<\/h2>    <ol class=\"wp-block-list\"> <li>La m\u00e1quina sembradora de hortalizas puede realizar excavaciones, siembras, coberturas de suelo y voladuras al mismo tiempo.<\/li>    <li>Con su propia central el\u00e9ctrica, es adecuado para operaciones a gran escala. Y puede trabajar en la cresta.<\/li>    <li>Las semillas peque\u00f1as tienen un buen efecto en la siembra intensiva.<\/li>    <li>F\u00e1cil de operar y diestro al girar.<\/li>    <li>La rueda de siembra hecha de materiales especiales puede dejar caer las semillas con precisi\u00f3n. Y tener una alta tasa de ca\u00edda de semillas. Entonces esta m\u00e1quina tambi\u00e9n ahorra semillas.<\/li>    <li>Ambos lados tienen ruedas de goma m\u00f3viles. Por lo tanto, es conveniente para el almacenamiento y movimiento de la jardinera cuando no est\u00e1 funcionando.<\/li>    <li>Tipo rueda de siembra, montaje libre. Por lo tanto, es desmontable para aumentar o disminuir el n\u00famero de filas.<\/li>    <li>Podremos cambiar la rueda de siembra para sembrar diferentes tipos de semillas.<\/li>    <li>Haga coincidir aleatoriamente diferentes tipos de engranajes para ajustar el espacio entre plantas.<\/li> <\/ol>    <p><\/p>","protected":false},"excerpt":{"rendered":"<p>La sembradora de hortalizas manual puede sembrar una variedad de semillas de hortalizas. Y tenemos diferentes filas, que pueden satisfacer las diferentes demandas de los clientes. <\/p>","protected":false},"author":1,"featured_media":3531,"parent":0,"template":"","tags":[],"product-type":[235],"class_list":["post-3529","product","type-product","status-publish","has-post-thumbnail","hentry","product-type-planter"],"_links":{"self":[{"href":"https:\/\/taizyfarmequipment.com\/es\/wp-json\/wp\/v2\/product\/3529","targetHints":{"allow":["GET"]}}],"collection":[{"href":"https:\/\/taizyfarmequipment.com\/es\/wp-json\/wp\/v2\/product"}],"about":[{"href":"https:\/\/taizyfarmequipment.com\/es\/wp-json\/wp\/v2\/types\/product"}],"author":[{"embeddable":true,"href":"https:\/\/taizyfarmequipment.com\/es\/wp-json\/wp\/v2\/users\/1"}],"wp:featuredmedia":[{"embeddable":true,"href":"https:\/\/taizyfarmequipment.com\/es\/wp-json\/wp\/v2\/media\/3531"}],"wp:attachment":[{"href":"https:\/\/taizyfarmequipment.com\/es\/wp-json\/wp\/v2\/media?parent=3529"}],"wp:term":[{"taxonomy":"post_tag","embeddable":true,"href":"https:\/\/taizyfarmequipment.com\/es\/wp-json\/wp\/v2\/tags?post=3529"},{"taxonomy":"product-type","embeddable":true,"href":"https:\/\/taizyfarmequipment.com\/es\/wp-json\/wp\/v2\/product-type?post=3529"}],"curies":[{"name":"wp","href":"https:\/\/api.w.org\/{rel}","templated":true}]}}