{"id":3552,"date":"2022-06-10T09:35:42","date_gmt":"2022-06-10T09:35:42","guid":{"rendered":"https:\/\/taizyfarmequipment.com\/?post_type=product&#038;p=3552"},"modified":"2025-06-18T17:34:51","modified_gmt":"2025-06-18T09:34:51","slug":"maquina-desgranadora-de-maiz","status":"publish","type":"product","link":"https:\/\/taizyfarmequipment.com\/es\/product\/maize-sheller-machine\/","title":{"rendered":"M\u00e1quina desgranadora de ma\u00edz | M\u00e1quina de trilla de ma\u00edz de alta capacidad"},"content":{"rendered":"<div class=\"kk-star-ratings kksr-auto kksr-align-left kksr-valign-top\"     data-payload='{&quot;align&quot;:&quot;left&quot;,&quot;id&quot;:&quot;3552&quot;,&quot;slug&quot;:&quot;default&quot;,&quot;valign&quot;:&quot;top&quot;,&quot;ignore&quot;:&quot;&quot;,&quot;reference&quot;:&quot;auto&quot;,&quot;class&quot;:&quot;&quot;,&quot;count&quot;:&quot;15&quot;,&quot;legendonly&quot;:&quot;&quot;,&quot;readonly&quot;:&quot;&quot;,&quot;score&quot;:&quot;4.7&quot;,&quot;starsonly&quot;:&quot;&quot;,&quot;best&quot;:&quot;5&quot;,&quot;gap&quot;:&quot;5&quot;,&quot;greet&quot;:&quot;Rate this product&quot;,&quot;legend&quot;:&quot;4.7\\\/5 - (15 votos)&quot;,&quot;size&quot;:&quot;24&quot;,&quot;title&quot;:&quot;Maize sheller machine | High capacity corn threshing machine&quot;,&quot;width&quot;:&quot;133.8&quot;,&quot;_legend&quot;:&quot;{score}\\\/{best} - ({count} {votes})&quot;,&quot;font_factor&quot;:&quot;1.25&quot;}'>              <div class=\"kksr-stars\">      <div class=\"kksr-stars-inactive\">             <div class=\"kksr-star\" data-star=\"1\" style=\"padding-right: 5px\">               <div class=\"kksr-icon\" style=\"width: 24px; height: 24px;\"><\/div>         <\/div>             <div class=\"kksr-star\" data-star=\"2\" style=\"padding-right: 5px\">               <div class=\"kksr-icon\" style=\"width: 24px; height: 24px;\"><\/div>         <\/div>             <div class=\"kksr-star\" data-star=\"3\" style=\"padding-right: 5px\">               <div class=\"kksr-icon\" style=\"width: 24px; height: 24px;\"><\/div>         <\/div>             <div class=\"kksr-star\" data-star=\"4\" style=\"padding-right: 5px\">               <div class=\"kksr-icon\" style=\"width: 24px; height: 24px;\"><\/div>         <\/div>             <div class=\"kksr-star\" data-star=\"5\" style=\"padding-right: 5px\">               <div class=\"kksr-icon\" style=\"width: 24px; height: 24px;\"><\/div>         <\/div>     <\/div>      <div class=\"kksr-stars-active\" style=\"width: 133.8px;\">             <div class=\"kksr-star\" style=\"padding-right: 5px\">               <div class=\"kksr-icon\" style=\"width: 24px; height: 24px;\"><\/div>         <\/div>             <div class=\"kksr-star\" style=\"padding-right: 5px\">               <div class=\"kksr-icon\" style=\"width: 24px; height: 24px;\"><\/div>         <\/div>             <div class=\"kksr-star\" style=\"padding-right: 5px\">               <div class=\"kksr-icon\" style=\"width: 24px; height: 24px;\"><\/div>         <\/div>             <div class=\"kksr-star\" style=\"padding-right: 5px\">               <div class=\"kksr-icon\" style=\"width: 24px; height: 24px;\"><\/div>         <\/div>             <div class=\"kksr-star\" style=\"padding-right: 5px\">               <div class=\"kksr-icon\" style=\"width: 24px; height: 24px;\"><\/div>         <\/div>     <\/div> <\/div>                   <div class=\"kksr-legend\" style=\"font-size: 19.2px;\">             4,7\/5 - (15 votos)    <\/div>     <\/div>  <p class=\"translation-block\"><strong>Salida de granos de ma\u00edz<\/strong> \u2013 Expulsa los granos separados tras el procesamiento. <\/p>    <p>Capaz de procesar hasta 6 toneladas de ma\u00edz seco por hora, esta m\u00e1quina asegura una impresionante tasa de descascarado de m\u00e1s del 99.5% con una tasa de da\u00f1o de menos del 1.5%. Combina el descascarado, la separaci\u00f3n, la limpieza y la descarga de granos en una operaci\u00f3n fluida. <\/p>    <p>Impulsada por un motor di\u00e9sel o un motor el\u00e9ctrico, la m\u00e1quina desgranadora de ma\u00edz cuenta con un sistema de alimentaci\u00f3n por cinta transportadora, un descargador de cicl\u00f3n y componentes ajustables para adaptarse a diversas condiciones de trabajo. <\/p>    <figure class=\"wp-block-embed is-type-video is-provider-youtube wp-block-embed-youtube wp-embed-aspect-16-9 wp-has-aspect-ratio\"><div class=\"wp-block-embed__wrapper\"> <iframe loading=\"lazy\" title=\"M\u00e1quina de Trilla de Ma\u00edz de Alto Rendimiento \u2013 \u00a1Maximiza tu Cosecha! #ma\u00edz #trilla #agricultura\" width=\"500\" height=\"281\" src=\"https:\/\/www.youtube.com\/embed\/R3A8AMbCGYA?feature=oembed\" frameborder=\"0\" allow=\"accelerometer; autoplay; clipboard-write; encrypted-media; gyroscope; picture-in-picture; web-share\" referrerpolicy=\"strict-origin-when-cross-origin\" allowfullscreen><\/iframe> <\/div><figcaption class=\"wp-element-caption\">video de funcionamiento de la m\u00e1quina desgranadora de ma\u00edz<\/figcaption><\/figure>    <h2 class=\"wp-block-heading\" id=\"h-what-is-a-sheller-machine\">M\u00e1quina desgranadora de ma\u00edz en venta<\/h2>    <p class=\"translation-block\"><strong>M\u00e1quina decorticadora de ma\u00edz en venta<\/strong> \u2013 dise\u00f1ada para quitar de forma eficiente los granos de ma\u00edz de la mazorca en grandes cantidades. Esta m\u00e1quina vers\u00e1til admite opciones tanto de motor di\u00e9sel como el\u00e9ctrico, permitiendo satisfacer las diversas necesidades de energ\u00eda de los clientes en diferentes regiones. <\/p>    <p>Para mejorar a\u00fan m\u00e1s la conveniencia, est\u00e1n disponibles accesorios opcionales como un tubo de transporte de grano y una cinta transportadora, que ayudan a reducir significativamente el esfuerzo manual durante la operaci\u00f3n. <\/p>    <p class=\"translation-block\"><strong>Ajuste el \u00e1ngulo de la criba vibratoria<\/strong> cambiando la altura de los dos marcos de soporte para controlar la velocidad de descarga de impurezas.<\/p>    <figure class=\"wp-block-gallery has-nested-images columns-default is-cropped wp-block-gallery-2 is-layout-flex wp-block-gallery-is-layout-flex\"> <figure class=\"wp-block-image size-large\"><img loading=\"lazy\" decoding=\"async\" width=\"720\" height=\"540\" data-id=\"3555\" src=\"https:\/\/taizyfarmequipment.com\/wp-content\/uploads\/2022\/06\/maize-sheller-machine-1.jpg\" alt=\"m\u00e1quina desgranadora de ma\u00edz\" class=\"wp-image-3555\" title=\"m\u00e1quina desgranadora de ma\u00edz\"\/><figcaption class=\"wp-element-caption\">m\u00e1quina desgranadora de ma\u00edz<\/figcaption><\/figure>    <figure class=\"wp-block-image size-large\"><img loading=\"lazy\" decoding=\"async\" width=\"720\" height=\"540\" data-id=\"3556\" src=\"https:\/\/taizyfarmequipment.com\/wp-content\/uploads\/2022\/06\/corn-thresher-machine-.jpg\" alt=\"m\u00e1quina trilladora de ma\u00edz \" class=\"wp-image-3556\" title=\"m\u00e1quina trilladora de ma\u00edz \"\/><figcaption class=\"wp-element-caption\">m\u00e1quina trilladora de ma\u00edz <\/figcaption><\/figure> <\/figure>    <h2 class=\"wp-block-heading\">Estructura de la m\u00e1quina desgranadora de ma\u00edz.<\/h2>    <p>La m\u00e1quina desgranadora de ma\u00edz cuenta con una estructura bien dise\u00f1ada que garantiza un trilla eficiente del ma\u00edz y una f\u00e1cil operaci\u00f3n. Est\u00e1 construida con componentes duraderos que trabajan juntos para separar los granos de ma\u00edz de la mazorca, minimizando el esfuerzo laboral.<\/p>    <div class=\"wp-block-media-text is-stacked-on-mobile\"><figure class=\"wp-block-media-text__media\"><img loading=\"lazy\" decoding=\"async\" width=\"720\" height=\"540\" src=\"https:\/\/taizyfarmequipment.com\/wp-content\/uploads\/2022\/06\/high-capacity-corn-threshing-machine-.jpg\" alt=\"trilladora de ma\u00edz de alta capacidad\" class=\"wp-image-3557 size-full\"\/><\/figure><div class=\"wp-block-media-text__content\"> <ul class=\"wp-block-list\"> <li><strong>Entrada de ma\u00edz<\/strong> \u2013 Donde se alimenta el ma\u00edz en la m\u00e1quina.<\/li>    <li><strong>Dispositivo interno de trilla y rodillo<\/strong> - Responsable de separar los granos de la mazorca mediante rotaci\u00f3n a alta velocidad y fricci\u00f3n.<\/li>    <li><strong>Salida de granos de ma\u00edz<\/strong> - Descarga los granos separados despu\u00e9s del procesamiento.<\/li>    <li><strong>Salida de mazorcas de ma\u00edz<\/strong> - Expulsa las mazorcas vac\u00edas por separado para mantener el proceso limpio y eficiente.<\/li>    <li><strong>Sistema de energ\u00eda<\/strong> - Equipado con un motor el\u00e9ctrico o un motor di\u00e9sel para adaptarse a la disponibilidad de energ\u00eda.<\/li>    <li><strong>Marco de la m\u00e1quina<\/strong> - Proporciona una base estable para soportar todos los componentes durante la operaci\u00f3n.<\/li> <\/ul> <\/div><\/div>    <p class=\"translation-block\"><strong>Transporte de grano eficiente<\/strong> \u2013 La tuber\u00eda opcional de transporte de granos ayuda a llevar los granos de ma\u00edz directamente a un lugar designado, reduciendo la mano de obra y aumentando la comodidad. <\/p>    <p>Mientras tanto, el tubo de transporte de grano permite la recolecci\u00f3n y el transporte centralizado de los granos pelados a un lugar designado. Ambas adiciones ayudan a ahorrar mano de obra y hacen que la operaci\u00f3n general sea m\u00e1s conveniente y eficiente.<\/p>    <h2 class=\"wp-block-heading\">Especificaci\u00f3n de desgranadora de ma\u00edz comercial.<\/h2>    <figure class=\"wp-block-table\"><table><tbody><tr><td>Modelo<\/td><td>5TY-80D (con alimentador elevador y transportador)<\/td><\/tr><tr><td>Fuerza<\/td><td>Motor di\u00e9sel de 15HP o motor de 7,5 KW<\/td><\/tr><tr><td>Capacidad<\/td><td>6t\/h (Semillas de ma\u00edz)<\/td><\/tr><tr><td>Tasa de trilla<\/td><td>\u226599,5%<\/td><\/tr><tr><td>Tasa de p\u00e9rdida<\/td><td>\u22642.0%<\/td><\/tr><tr><td>Tasa de rotura<\/td><td>\u22641.5%<\/td><\/tr><tr><td>Tasa de impureza<\/td><td>\u22641.0%<\/td><\/tr><tr><td>Peso<\/td><td>350 kilos<\/td><\/tr><tr><td>Tama\u00f1o<\/td><td>3860*1360*2480\u00a0mil\u00edmetro<\/td><\/tr><\/tbody><\/table><figcaption class=\"wp-element-caption\"><strong>desgranadora de ma\u00edz comercial<\/strong>los par\u00e1metros de<\/figcaption><\/figure>    <h2 class=\"wp-block-heading\">Procedimiento de trabajo de la m\u00e1quina desgranadora de ma\u00edz.<\/h2>    <div class=\"wp-block-media-text has-media-on-the-right is-stacked-on-mobile\"><div class=\"wp-block-media-text__content\"> <ul class=\"wp-block-list\"> <li><strong>Alimentaci\u00f3n de ma\u00edz en la cinta transportadora<\/strong> <ul class=\"wp-block-list\"> <li>El usuario comienza colocando el ma\u00edz en la cinta transportadora de la m\u00e1quina desgranadora de ma\u00edz.<\/li> <\/ul> <\/li>    <li><strong>Entrega de la cinta transportadora a la c\u00e1mara de trilla<\/strong> <ul class=\"wp-block-list\"> <li>La cinta transportadora se mueve continuamente, transportando el ma\u00edz y entreg\u00e1ndolo en la c\u00e1mara de trilla de la m\u00e1quina.<\/li> <\/ul> <\/li>    <li><strong>Acci\u00f3n de trilla dentro de la c\u00e1mara<\/strong> <ul class=\"wp-block-list\"> <li>Una vez en la c\u00e1mara de trilla, el ma\u00edz se encuentra con el rodillo de hierro y la malla.<\/li>    <li>El rodillo de hierro gira y, a trav\u00e9s de su interacci\u00f3n con la pantalla, aplica fuerzas de fricci\u00f3n e impacto al ma\u00edz. Esta acci\u00f3n trilla el ma\u00edz, aflojando los granos de las mazorcas.<\/li> <\/ul> <\/li> <\/ul> <\/div><figure class=\"wp-block-media-text__media\"><img loading=\"lazy\" decoding=\"async\" width=\"720\" height=\"540\" src=\"https:\/\/taizyfarmequipment.com\/wp-content\/uploads\/2022\/06\/automatic-corn-threshing-machine-.jpg\" alt=\"trilladora autom\u00e1tica de ma\u00edz \" class=\"wp-image-3559 size-full\"\/><\/figure><\/div>    <div class=\"wp-block-media-text is-stacked-on-mobile\"><figure class=\"wp-block-media-text__media\"><img loading=\"lazy\" decoding=\"async\" width=\"720\" height=\"540\" src=\"https:\/\/taizyfarmequipment.com\/wp-content\/uploads\/2022\/06\/high-speed-maize-sheller-machine-.jpg\" alt=\"Desgranadora de ma\u00edz de alta velocidad\" class=\"wp-image-3561 size-full\"\/><\/figure><div class=\"wp-block-media-text__content\"> <ul class=\"wp-block-list\"> <li><strong>Separaci\u00f3n de mazorcas de ma\u00edz y granos<\/strong> <ul class=\"wp-block-list\"> <li>Despu\u00e9s de la trilla, los mecanismos internos de la m\u00e1quina, que pueden depender de factores como el tama\u00f1o, la forma y las diferencias de peso, separan las mazorcas de ma\u00edz de los granos.<\/li> <\/ul> <\/li>    <li><strong>Descarga desde las salidas correspondientes<\/strong> <ul class=\"wp-block-list\"> <li>Los granos de ma\u00edz separados salen de la m\u00e1quina a trav\u00e9s de la salida designada para granos.<\/li>    <li>Las mazorcas de ma\u00edz se descargan por la salida de mazorcas, completando el proceso de desgranado.<\/li> <\/ul> <\/li> <\/ul> <\/div><\/div>    <h2 class=\"wp-block-heading\"><strong>Ventajas de la trilladora autom\u00e1tica de ma\u00edz.<\/strong><\/h2>    <div class=\"wp-block-media-text has-media-on-the-right is-stacked-on-mobile\"><div class=\"wp-block-media-text__content\"> <ul class=\"wp-block-list\"> <li><strong>M\u00faltiples funciones en un solo paso<\/strong> \u2013 Esta m\u00e1quina integra trilla, separaci\u00f3n, limpieza y apilamiento, completando todas las tareas en una sola operaci\u00f3n.<\/li>    <li><strong>Alta eficiencia<\/strong> \u2013 Con una producci\u00f3n de hasta 6 toneladas por hora, mejora enormemente la productividad.<\/li>    <li><strong>Excelente rendimiento<\/strong> \u2013 Asegura una alta tasa de eliminaci\u00f3n de granos y entrega un producto final limpio.<\/li>    <li><strong>Construcci\u00f3n duradera<\/strong> \u2013 Construida con materiales de alta calidad, la m\u00e1quina es robusta y confiable para un uso a largo plazo.<\/li>    <li><strong>Transporte de grano eficiente<\/strong> \u2013 El tubo de transporte de grano opcional ayuda a entregar granos de ma\u00edz directamente a un lugar designado, reduciendo la mano de obra y aumentando la conveniencia.<\/li> <\/ul> <\/div><figure class=\"wp-block-media-text__media\"><img loading=\"lazy\" decoding=\"async\" width=\"720\" height=\"540\" src=\"https:\/\/taizyfarmequipment.com\/wp-content\/uploads\/2022\/06\/Maize-sheller-machine.webp\" alt=\"M\u00e1quina desgranadora de ma\u00edz\" class=\"wp-image-4852 size-full\" srcset=\"https:\/\/taizyfarmequipment.com\/wp-content\/uploads\/2022\/06\/Maize-sheller-machine.webp 720w, https:\/\/taizyfarmequipment.com\/wp-content\/uploads\/2022\/06\/Maize-sheller-machine-300x225.webp 300w, https:\/\/taizyfarmequipment.com\/wp-content\/uploads\/2022\/06\/Maize-sheller-machine-16x12.webp 16w\" sizes=\"auto, (max-width: 720px) 100vw, 720px\" \/><\/figure><\/div>    <h2 class=\"wp-block-heading\">Instalaci\u00f3n y ajuste de desgranadora de ma\u00edz industrial.<\/h2>    <div class=\"wp-block-media-text is-stacked-on-mobile\"><figure class=\"wp-block-media-text__media\"><img loading=\"lazy\" decoding=\"async\" width=\"720\" height=\"540\" src=\"https:\/\/taizyfarmequipment.com\/wp-content\/uploads\/2022\/06\/industrial-corn-sheller-.jpg\" alt=\"desgranadora de ma\u00edz industrial\" class=\"wp-image-3560 size-full\"\/><\/figure><div class=\"wp-block-media-text__content\"> <ul class=\"wp-block-list\"> <li><strong>Instalar el motor di\u00e9sel<\/strong> en el marco. Ajuste la varilla de tornillo para apretar o aflojar el cintur\u00f3n. Desenrosque el tornillo de separaci\u00f3n para levantar el motor, aflojar el cintur\u00f3n y permitir el arranque sin carga.<\/li>    <li><strong>Verificar la tensi\u00f3n del cintur\u00f3n<\/strong> para el husillo, el sinf\u00edn, el elevador y el ventilador. Aseg\u00farese de que todas las correas est\u00e9n moderadamente tensas.<\/li>    <li><strong>Ajustar el \u00e1ngulo de la pantalla vibrante<\/strong> cambiando la altura de los dos marcos de soporte para controlar la velocidad de descarga de impurezas.<\/li>    <li><strong>Configurar la salida de impurezas<\/strong>. Ate una bolsa grande de tejido debajo de la malla para recoger las impurezas descargadas.<\/li>    <li><strong>Estabilizar la m\u00e1quina<\/strong> ajustando las varillas de soporte debajo del motor di\u00e9sel hasta que las ruedas est\u00e9n casi fuera del suelo para un funcionamiento estable.<\/li> <\/ul> <\/div><\/div>    <h2 class=\"wp-block-heading\">\u00a1Cont\u00e1ctanos ahora!<\/h2>    <p class=\"translation-block\">Adem\u00e1s de la decorticadora de ma\u00edz en seco, tambi\u00e9n ofrecemos una <strong><a href=\"https:\/\/taizyfarmequipment.com\/es\/producto-2\/maquina-descascaradora-de-maiz-fresco\/\" data-type=\"link\" data-id=\"https:\/\/taizyfarmequipment.com\/product\/fresh-corn-shelling-machine\/\">m\u00e1quina trilladora de ma\u00edz fresco<\/a><\/strong> especialmente dise\u00f1ada para procesar ma\u00edz no secado, proporcionando m\u00e1s flexibilidad para diferentes condiciones de cosecha. <\/p>    <p class=\"translation-block\">Adem\u00e1s de la decorticadora de ma\u00edz, ofrecemos una gama completa de equipos para el procesamiento del ma\u00edz, incluyendo <a href=\"https:\/\/taizyfarmequipment.com\/es\/producto-2\/maquina-de-molino-de-disco\/\" data-type=\"link\" data-id=\"https:\/\/taizyfarmequipment.com\/product\/disk-mill-machine\/\">molinos de ma\u00edz<\/a> y <a href=\"https:\/\/taizyfarmequipment.com\/es\/producto-2\/maquina-descascaradora-de-maiz-fresco\/\" data-type=\"link\" data-id=\"https:\/\/taizyfarmequipment.com\/product\/fresh-corn-shelling-machine\/\">trilladoras de ma\u00edz fresco<\/a>, dise\u00f1ados para ayudarle a gestionar cada paso de la producci\u00f3n de ma\u00edz con facilidad. <\/p>    <p>Si desea aumentar su productividad y reducir los costos laborales, no dude en ponerse en contacto con nosotros para una consulta detallada y precios competitivos. \u00a1Esperamos poder ayudarle a encontrar la soluci\u00f3n de maquinaria perfecta!<\/p>    <figure class=\"wp-block-image size-large\"><img loading=\"lazy\" decoding=\"async\" width=\"720\" height=\"540\" src=\"https:\/\/taizyfarmequipment.com\/wp-content\/uploads\/2022\/06\/corn-threshing-machine.webp\" alt=\"maquina trilladora de maiz\" class=\"wp-image-4854\" srcset=\"https:\/\/taizyfarmequipment.com\/wp-content\/uploads\/2022\/06\/corn-threshing-machine.webp 720w, https:\/\/taizyfarmequipment.com\/wp-content\/uploads\/2022\/06\/corn-threshing-machine-300x225.webp 300w, https:\/\/taizyfarmequipment.com\/wp-content\/uploads\/2022\/06\/corn-threshing-machine-16x12.webp 16w\" sizes=\"auto, (max-width: 720px) 100vw, 720px\" \/><figcaption class=\"wp-element-caption\">maquina trilladora de maiz<\/figcaption><\/figure>","protected":false},"excerpt":{"rendered":"<p>La m\u00e1quina desgranadora de ma\u00edz es un equipo de trilla de ma\u00edz de alta eficiencia que agiliza el proceso post-cosecha para los agricultores y procesadores de granos. <\/p>","protected":false},"author":1,"featured_media":3554,"parent":0,"template":"","tags":[340],"product-type":[129],"class_list":["post-3552","product","type-product","status-publish","has-post-thumbnail","hentry","tag-maize-sheller-machine","product-type-thresher-and-sheller"],"_links":{"self":[{"href":"https:\/\/taizyfarmequipment.com\/es\/wp-json\/wp\/v2\/product\/3552","targetHints":{"allow":["GET"]}}],"collection":[{"href":"https:\/\/taizyfarmequipment.com\/es\/wp-json\/wp\/v2\/product"}],"about":[{"href":"https:\/\/taizyfarmequipment.com\/es\/wp-json\/wp\/v2\/types\/product"}],"author":[{"embeddable":true,"href":"https:\/\/taizyfarmequipment.com\/es\/wp-json\/wp\/v2\/users\/1"}],"wp:featuredmedia":[{"embeddable":true,"href":"https:\/\/taizyfarmequipment.com\/es\/wp-json\/wp\/v2\/media\/3554"}],"wp:attachment":[{"href":"https:\/\/taizyfarmequipment.com\/es\/wp-json\/wp\/v2\/media?parent=3552"}],"wp:term":[{"taxonomy":"post_tag","embeddable":true,"href":"https:\/\/taizyfarmequipment.com\/es\/wp-json\/wp\/v2\/tags?post=3552"},{"taxonomy":"product-type","embeddable":true,"href":"https:\/\/taizyfarmequipment.com\/es\/wp-json\/wp\/v2\/product-type?post=3552"}],"curies":[{"name":"wp","href":"https:\/\/api.w.org\/{rel}","templated":true}]}}