{"id":3849,"date":"2022-11-21T17:58:07","date_gmt":"2022-11-21T09:58:07","guid":{"rendered":"https:\/\/taizyfarmequipment.com\/?post_type=product&#038;p=3849"},"modified":"2025-11-26T16:12:54","modified_gmt":"2025-11-26T08:12:54","slug":"se-vende-cosechadora-de-forraje","status":"publish","type":"product","link":"https:\/\/taizyfarmequipment.com\/es\/product\/forage-harvester-for-sale\/","title":{"rendered":"Venta de cosechadoras de forraje | Cosechadora de ensilaje"},"content":{"rendered":"<div class=\"kk-star-ratings kksr-auto kksr-align-left kksr-valign-top\"     data-payload='{&quot;align&quot;:&quot;left&quot;,&quot;id&quot;:&quot;3849&quot;,&quot;slug&quot;:&quot;default&quot;,&quot;valign&quot;:&quot;top&quot;,&quot;ignore&quot;:&quot;&quot;,&quot;reference&quot;:&quot;auto&quot;,&quot;class&quot;:&quot;&quot;,&quot;count&quot;:&quot;16&quot;,&quot;legendonly&quot;:&quot;&quot;,&quot;readonly&quot;:&quot;&quot;,&quot;score&quot;:&quot;4.6&quot;,&quot;starsonly&quot;:&quot;&quot;,&quot;best&quot;:&quot;5&quot;,&quot;gap&quot;:&quot;5&quot;,&quot;greet&quot;:&quot;Rate this product&quot;,&quot;legend&quot;:&quot;4.6\\\/5 - (16 votos)&quot;,&quot;size&quot;:&quot;24&quot;,&quot;title&quot;:&quot;Forage harvester for sale | Silage harvester&quot;,&quot;width&quot;:&quot;130.9&quot;,&quot;_legend&quot;:&quot;{score}\\\/{best} - ({count} {votes})&quot;,&quot;font_factor&quot;:&quot;1.25&quot;}'>              <div class=\"kksr-stars\">      <div class=\"kksr-stars-inactive\">             <div class=\"kksr-star\" data-star=\"1\" style=\"padding-right: 5px\">               <div class=\"kksr-icon\" style=\"width: 24px; height: 24px;\"><\/div>         <\/div>             <div class=\"kksr-star\" data-star=\"2\" style=\"padding-right: 5px\">               <div class=\"kksr-icon\" style=\"width: 24px; height: 24px;\"><\/div>         <\/div>             <div class=\"kksr-star\" data-star=\"3\" style=\"padding-right: 5px\">               <div class=\"kksr-icon\" style=\"width: 24px; height: 24px;\"><\/div>         <\/div>             <div class=\"kksr-star\" data-star=\"4\" style=\"padding-right: 5px\">               <div class=\"kksr-icon\" style=\"width: 24px; height: 24px;\"><\/div>         <\/div>             <div class=\"kksr-star\" data-star=\"5\" style=\"padding-right: 5px\">               <div class=\"kksr-icon\" style=\"width: 24px; height: 24px;\"><\/div>         <\/div>     <\/div>      <div class=\"kksr-stars-active\" style=\"width: 130.9px;\">             <div class=\"kksr-star\" style=\"padding-right: 5px\">               <div class=\"kksr-icon\" style=\"width: 24px; height: 24px;\"><\/div>         <\/div>             <div class=\"kksr-star\" style=\"padding-right: 5px\">               <div class=\"kksr-icon\" style=\"width: 24px; height: 24px;\"><\/div>         <\/div>             <div class=\"kksr-star\" style=\"padding-right: 5px\">               <div class=\"kksr-icon\" style=\"width: 24px; height: 24px;\"><\/div>         <\/div>             <div class=\"kksr-star\" style=\"padding-right: 5px\">               <div class=\"kksr-icon\" style=\"width: 24px; height: 24px;\"><\/div>         <\/div>             <div class=\"kksr-star\" style=\"padding-right: 5px\">               <div class=\"kksr-icon\" style=\"width: 24px; height: 24px;\"><\/div>         <\/div>     <\/div> <\/div>                   <div class=\"kksr-legend\" style=\"font-size: 19.2px;\">             4,6\/5 - (16 votos)    <\/div>     <\/div>  <p>La picadora de forraje es eficaz para triturar y recoger la paja. Puede triturar tallos de ma\u00edz y devolverlos al campo o recolectarlos para usarlos como alimento o forraje para el ganado. <\/p>    <p>Disponible en varios modelos con anchos de corte que van de 1 ma 2 m, la cosechadora es compatible con un tractor de 60 CV y \u200b\u200bfunciona a una capacidad de 0,25-0,48 m\u00b2\/h, logrando una tasa de recuperaci\u00f3n superior a 80%. <\/p>    <p>La altura ajustable del rastrojo y su eficiente capacidad de corte lo convierten en una herramienta esencial para el manejo eficaz de la paja en las operaciones agr\u00edcolas.<\/p>    <figure class=\"wp-block-embed is-type-video is-provider-youtube wp-block-embed-youtube wp-embed-aspect-16-9 wp-has-aspect-ratio\"><div class=\"wp-block-embed__wrapper\"> <iframe loading=\"lazy\" title=\"Conozca a los expertos: entrevistas con agricultores sobre las mejores pr\u00e1cticas en cosechadoras de forraje #silage #forage\" width=\"500\" height=\"281\" src=\"https:\/\/www.youtube.com\/embed\/GWtISYUIpYM?feature=oembed\" frameborder=\"0\" allow=\"accelerometer; autoplay; clipboard-write; encrypted-media; gyroscope; picture-in-picture; web-share\" referrerpolicy=\"strict-origin-when-cross-origin\" allowfullscreen><\/iframe> <\/div><figcaption class=\"wp-element-caption\">Proceso de trabajo de la cosechadora de ensilaje.<\/figcaption><\/figure>    <h2 class=\"wp-block-heading\">Campo de aplicaci\u00f3n de la cosechadora de ensilaje<\/h2>    <div class=\"wp-block-media-text is-stacked-on-mobile\"><figure class=\"wp-block-media-text__media\"><img loading=\"lazy\" decoding=\"async\" width=\"720\" height=\"540\" src=\"https:\/\/taizyfarmequipment.com\/wp-content\/uploads\/2022\/11\/straw-field.webp\" alt=\"campo de paja\" class=\"wp-image-4726 size-full\" srcset=\"https:\/\/taizyfarmequipment.com\/wp-content\/uploads\/2022\/11\/straw-field.webp 720w, https:\/\/taizyfarmequipment.com\/wp-content\/uploads\/2022\/11\/straw-field-300x225.webp 300w, https:\/\/taizyfarmequipment.com\/wp-content\/uploads\/2022\/11\/straw-field-16x12.webp 16w\" sizes=\"auto, (max-width: 720px) 100vw, 720px\" \/><\/figure><div class=\"wp-block-media-text__content\"> <p>La cosechadora de ensilaje puede procesar diversas materias primas, entre ellas:<\/p>    <ul class=\"wp-block-list\"> <li>Ma\u00edz <a href=\"https:\/\/en.wikipedia.org\/wiki\/Stalk\" data-type=\"link\" data-id=\"https:\/\/en.wikipedia.org\/wiki\/Stalk\" target=\"_blank\" rel=\"noopener\">tallos<\/a><\/li>    <li>Tallos de sorgo<\/li>    <li>Tallos de algodon<\/li>    <li>Tallos de trigo<\/li>    <li>Hierbas<\/li> <\/ul>    <p>Las materias primas trituradas pueden ser:<\/p>    <ul class=\"wp-block-list\"> <li>Embalado en ensilaje para almacenamiento.<\/li>    <li>Regreso directo al campo<\/li> <\/ul> <\/div><\/div>    <h2 class=\"wp-block-heading\">Se vende cosechadora de forraje<\/h2>    <div class=\"wp-block-media-text has-media-on-the-right is-stacked-on-mobile\"><div class=\"wp-block-media-text__content\"> <ul class=\"wp-block-list\"> <li>La cosechadora de forraje requiere un tractor para su funcionamiento, cuyo tama\u00f1o var\u00eda seg\u00fan el modelo.<\/li>    <li>Una cosechadora de ensilaje con un ancho de cosecha de 1 metro normalmente necesita un tractor con un m\u00ednimo de 60 caballos de fuerza.<\/li>    <li>Los anchos de cosecha disponibles incluyen 1 m, 1,3 m, 1,5 m, 1,65 m, 1,8 m, 2 m, 2,2 m y 2,4 m.<\/li>    <li>Para los clientes que buscan hacer ensilaje, un <a href=\"https:\/\/taizyfarmequipment.com\/es\/producto-2\/rotoempacadora-de-ensilaje\/\" data-type=\"link\" data-id=\"https:\/\/taizyfarmequipment.com\/product\/silage-round-baler\/\">rotoempacadora de ensilaje<\/a> Se puede utilizar para embalar la paja triturada.<\/li>    <li>El forraje embalado es conveniente para el almacenamiento y transporte.<\/li> <\/ul> <\/div><figure class=\"wp-block-media-text__media\"><img loading=\"lazy\" decoding=\"async\" width=\"720\" height=\"540\" src=\"https:\/\/taizyfarmequipment.com\/wp-content\/uploads\/2022\/11\/forage-harvester-for-sale-2.webp\" alt=\"Se vende cosechadora de forraje\" class=\"wp-image-3851 size-full\"\/><\/figure><\/div>    <h2 class=\"wp-block-heading\">Par\u00e1metros de la m\u00e1quina trituradora y recicladora de paja.<\/h2>    <figure class=\"wp-block-table\"><table><tbody><tr><td>Nombre<\/td><td>Cosechadora de paja<\/td><\/tr><tr><td>Motor<\/td><td>Tractor \u226560HP<\/td><\/tr><tr><td>Dimensi\u00f3n<\/td><td>1,6*1,2*2,8 m<\/td><\/tr><tr><td>Peso<\/td><td>800 kilos<\/td><\/tr><tr><td>Ancho de cosecha<\/td><td>1,3 m<\/td><\/tr><tr><td>Tasa de reciclaje<\/td><td>\u226580%<\/td><\/tr><tr><td>distancia de lanzamiento<\/td><td>3-5m<\/td><\/tr><tr><td>altura de lanzamiento<\/td><td>\u22652m<\/td><\/tr><tr><td>La longitud de la paja triturada.<\/td><td>Menos de 80 mm<\/td><\/tr><tr><td>Cuchilla giratoria<\/td><td>32 piezas<\/td><\/tr><tr><td>Velocidad del eje de corte<\/td><td>2160 rpm<\/td><\/tr><tr><td>Velocidad de trabajo<\/td><td>2-4 km\/h<\/td><\/tr><tr><td>Capacidad<\/td><td>0,25-0,48 h\u33a1\/h<\/td><\/tr><\/tbody><\/table><figcaption class=\"wp-element-caption\">Par\u00e1metro de la m\u00e1quina trituradora y recicladora de paja<\/figcaption><\/figure>    <h2 class=\"wp-block-heading\">Principio de funcionamiento de la cosechadora de forraje<\/h2>    <div class=\"wp-block-media-text is-stacked-on-mobile\"><figure class=\"wp-block-media-text__media\"><img loading=\"lazy\" decoding=\"async\" width=\"720\" height=\"540\" src=\"https:\/\/taizyfarmequipment.com\/wp-content\/uploads\/2022\/11\/Silage-harvester-with-a-good-price.webp\" alt=\"Cosechadora de ensilaje a buen precio.\" class=\"wp-image-4294 size-full\" srcset=\"https:\/\/taizyfarmequipment.com\/wp-content\/uploads\/2022\/11\/Silage-harvester-with-a-good-price.webp 720w, https:\/\/taizyfarmequipment.com\/wp-content\/uploads\/2022\/11\/Silage-harvester-with-a-good-price-300x225.webp 300w\" sizes=\"auto, (max-width: 720px) 100vw, 720px\" \/><\/figure><div class=\"wp-block-media-text__content\"> <p>La cosechadora de forraje funciona eficientemente empleando una cuchilla giratoria de alta velocidad que inicia el proceso de corte a medida que la paja es arrastrada hacia la carcasa. <\/p>    <p>El dise\u00f1o de la carcasa, con una pared interior en forma de l\u00ednea plegada, facilita m\u00faltiples cizallamientos del tallo, asegurando que la paja se triture finamente.<\/p> <\/div><\/div>    <div class=\"wp-block-media-text has-media-on-the-right is-stacked-on-mobile\"><div class=\"wp-block-media-text__content\"> <p>El ventilador juega entonces un papel crucial en la expulsi\u00f3n del material procesado, permitiendo una operaci\u00f3n optimizada. <\/p>    <p>Adem\u00e1s, la opci\u00f3n de incluir una tolva de recolecci\u00f3n mejora la comodidad al recolectar directamente la paja triturada.<\/p> <\/div><figure class=\"wp-block-media-text__media\"><img loading=\"lazy\" decoding=\"async\" width=\"720\" height=\"540\" src=\"https:\/\/taizyfarmequipment.com\/wp-content\/uploads\/2022\/11\/Silage-harvester-for-sale.webp\" alt=\"Se vende cosechadora de ensilaje\" class=\"wp-image-4293 size-full\" srcset=\"https:\/\/taizyfarmequipment.com\/wp-content\/uploads\/2022\/11\/Silage-harvester-for-sale.webp 720w, https:\/\/taizyfarmequipment.com\/wp-content\/uploads\/2022\/11\/Silage-harvester-for-sale-300x225.webp 300w\" sizes=\"auto, (max-width: 720px) 100vw, 720px\" \/><\/figure><\/div>    <h2 class=\"wp-block-heading\">Estructura de la m\u00e1quina recolectora de paja<\/h2>    <div class=\"wp-block-media-text is-stacked-on-mobile\"><figure class=\"wp-block-media-text__media\"><img loading=\"lazy\" decoding=\"async\" width=\"720\" height=\"540\" src=\"https:\/\/taizyfarmequipment.com\/wp-content\/uploads\/2022\/11\/Small-silage-chopper-.webp\" alt=\"cuchillas de picadora de ensilaje\" class=\"wp-image-3854 size-full\"\/><\/figure><div class=\"wp-block-media-text__content\"> <p>La m\u00e1quina recolectora de paja incluye principalmente una cubierta, bastidor, suspensi\u00f3n, conjunto de caja de cambios, rueda tensora grande, ventilador, pi\u00f1\u00f3n de transici\u00f3n, tubo de entrada, tornillo, espacio l\u00edquido, rueda de tierra y tubo de salida.<\/p> <\/div><\/div>    <h2 class=\"wp-block-heading\">Caracter\u00edsticas clave de la estructura de la picadora de forraje <\/h2>    <div class=\"wp-block-media-text has-media-on-the-right is-stacked-on-mobile\"><div class=\"wp-block-media-text__content\"> <ul class=\"wp-block-list\"> <li>Cuchilla giratoria de alta velocidad para un corte eficiente.<\/li>    <li>Pared interior plegada \u00fanica en forma de l\u00ednea para corte m\u00faltiple.<\/li>    <li>Transporte de paja triturada asistido por ventilador.<\/li>    <li>Tolva de recogida opcional para dep\u00f3sito directo.<\/li>    <li>Vers\u00e1til en el manejo de diversas materias primas como tallos de ma\u00edz, tallos de trigo y pastos.<\/li> <\/ul> <\/div><figure class=\"wp-block-media-text__media\"><img loading=\"lazy\" decoding=\"async\" width=\"720\" height=\"540\" src=\"https:\/\/taizyfarmequipment.com\/wp-content\/uploads\/2022\/11\/forage-harvester-for-sale-3.webp\" alt=\"estructura interna de la cosechadora de forraje\" class=\"wp-image-3855 size-full\"\/><\/figure><\/div>    <h2 class=\"wp-block-heading\">Ventajas de la cosechadora de forraje a la venta.<\/h2>    <ul class=\"wp-block-list\"> <li>La cosechadora de forraje a la venta adopta alimentaci\u00f3n autom\u00e1tica y tiene una alta eficiencia de producci\u00f3n. La calidad de fabricaci\u00f3n es confiable y tiene las caracter\u00edsticas de estructura simple, operaci\u00f3n conveniente, peque\u00f1o volumen y alta eficiencia.<\/li>    <li>La paja reciclada no est\u00e1 limitada por la sequedad y la humedad, y tambi\u00e9n puede procesar materiales h\u00famedos, lo que mejora la eficiencia del trabajo.<\/li>    <li>Durable. Componentes de estructura de acero, materiales s\u00f3lidos y confiables, rodamientos autoalineantes de alta potencia y larga vida \u00fatil.<\/li>    <li>De uso m\u00e1s amplio, la cosechadora de forraje a la venta no solo puede triturar tallos de ma\u00edz, sino tambi\u00e9n procesar paja de trigo, tallos de algod\u00f3n, paja, c\u00e1scaras de arroz, c\u00e1scaras de man\u00ed, mazorcas de ma\u00edz, ramas, hojas y aserr\u00edn.<\/li>    <li>La cosechadora de forraje a la venta es f\u00e1cil de mover, lo que resulta conveniente para la producci\u00f3n en el campo.<\/li> <\/ul>    <figure class=\"wp-block-image size-full\"><img loading=\"lazy\" decoding=\"async\" width=\"720\" height=\"540\" src=\"https:\/\/taizyfarmequipment.com\/wp-content\/uploads\/2022\/11\/forage-harvester-for-sale-4.webp\" alt=\"M\u00e1quina picadora de ensilaje en stock\" class=\"wp-image-3856\" title=\"Se vende cosechadora de forraje\"\/><figcaption class=\"wp-element-caption\">M\u00e1quina picadora de ensilaje en stock<\/figcaption><\/figure>    <h2 class=\"wp-block-heading\">Consejos de mantenimiento para la picadora de forraje<\/h2>    <div class=\"wp-block-media-text is-stacked-on-mobile\"><figure class=\"wp-block-media-text__media\"><img loading=\"lazy\" decoding=\"async\" width=\"720\" height=\"540\" src=\"https:\/\/taizyfarmequipment.com\/wp-content\/uploads\/2022\/11\/corn-chopper-.webp\" alt=\"f\u00e1brica de m\u00e1quinas picadoras de ma\u00edz\" class=\"wp-image-3857 size-full\"\/><\/figure><div class=\"wp-block-media-text__content\"> <ul class=\"wp-block-list\"> <li>Verifique y apriete los sujetadores de conexi\u00f3n.<\/li>    <li>Inspeccionar el estado de sellado de la caja de cambios.<\/li>    <li>Agregue aceite lubricante a todos los puntos de lubricaci\u00f3n.<\/li>    <li>Retire la arcilla para evitar una mayor carga de la m\u00e1quina.<\/li>    <li>Monitorear la temperatura del rodamiento; ajuste o reposte si es demasiado alto.<\/li>    <li>Abra la cubierta del ventilador para revisar y apretar los tornillos flojos del cubo de la rueda.<\/li> <\/ul> <\/div><\/div>    <h2 class=\"wp-block-heading\">Preguntas frecuentes sobre la m\u00e1quina cosechadora de ensilaje<\/h2>   <div id=\"rank-math-faq\" class=\"rank-math-block\"> <div class=\"rank-math-list\"> <div id=\"faq-question-1704854080661\" class=\"rank-math-list-item\"> <h3 class=\"rank-math-question\">\u00bfCu\u00e1les son los accesorios?<\/h3> <div class=\"rank-math-answer\">  <p>10 palas y palas en forma de Y.<\/p>  <\/div> <\/div> <div id=\"faq-question-1704854089320\" class=\"rank-math-list-item\"> <h3 class=\"rank-math-question\">\u00bfQu\u00e9 es la m\u00e1quina coincidente?<\/h3> <div class=\"rank-math-answer\">  <p>M\u00e1quina envolvedora de fardos.<\/p>  <\/div> <\/div> <div id=\"faq-question-1704854125511\" class=\"rank-math-list-item\"> <h3 class=\"rank-math-question\">\u00bfPuede la m\u00e1quina cosechar ma\u00edz, sorgo y otros cultivos?<\/h3> <div class=\"rank-math-answer\">  <p>No se puede cosechar, el sorgo de ma\u00edz ser\u00e1 triturado directamente por la m\u00e1quina.<\/p>  <\/div> <\/div> <div id=\"faq-question-1704854153905\" class=\"rank-math-list-item\"> <h3 class=\"rank-math-question\">\u00bfPuede la m\u00e1quina funcionar en el humedal?<\/h3> <div class=\"rank-math-answer\">  <p>No, da\u00f1ar\u00e1 la cuchilla y, en serio, bloquear\u00e1 el ascensor.<\/p>  <\/div> <\/div> <div id=\"faq-question-1704854190291\" class=\"rank-math-list-item\"> <h3 class=\"rank-math-question\">\u00bfCon qu\u00e9 frecuencia reemplazar la cuchilla?<\/h3> <div class=\"rank-math-answer\">  <p>La m\u00e1quina se puede sustituir despu\u00e9s de 2 a\u00f1os de uso.<\/p>  <\/div> <\/div> <\/div> <\/div>   <figure class=\"wp-block-image size-full\"><img loading=\"lazy\" decoding=\"async\" width=\"720\" height=\"540\" src=\"https:\/\/taizyfarmequipment.com\/wp-content\/uploads\/2022\/11\/silage-harvester-.webp\" alt=\"cosechadora de ensilaje comercial\" class=\"wp-image-3859\" title=\"cosechadora de ensilaje\"\/><figcaption class=\"wp-element-caption\">cosechadora de ensilaje comercial<\/figcaption><\/figure>    <h2 class=\"wp-block-heading\">Conexi\u00f3n del dispositivo de salida hidr\u00e1ulica de la m\u00e1quina cosechadora de tallos.<\/h2>    <figure class=\"wp-block-gallery has-nested-images columns-default is-cropped wp-block-gallery-2 is-layout-flex wp-block-gallery-is-layout-flex\"> <figure class=\"wp-block-image size-large\"><img loading=\"lazy\" decoding=\"async\" width=\"720\" height=\"540\" data-id=\"3852\" src=\"https:\/\/taizyfarmequipment.com\/wp-content\/uploads\/2022\/11\/stalk-harvester-machine-.webp\" alt=\"m\u00e1quina cosechadora de tallos\" class=\"wp-image-3852\" title=\"m\u00e1quina cosechadora de tallos\"\/><figcaption class=\"wp-element-caption\">m\u00e1quina cosechadora de tallos<\/figcaption><\/figure>    <figure class=\"wp-block-image size-large\"><img loading=\"lazy\" decoding=\"async\" width=\"720\" height=\"540\" data-id=\"3853\" src=\"https:\/\/taizyfarmequipment.com\/wp-content\/uploads\/2022\/11\/silage-chopper-.webp\" alt=\"conexi\u00f3n de la m\u00e1quina cosechadora de tallos\" class=\"wp-image-3853\" title=\"m\u00e1quina cosechadora de tallos\"\/><figcaption class=\"wp-element-caption\">conexi\u00f3n de la m\u00e1quina cosechadora de tallos<\/figcaption><\/figure> <\/figure>    <h2 class=\"wp-block-heading\">M\u00e1quina cosechadora de forraje vendida a Camboya<\/h2>    <p>Nuestro cliente camboyano acaba de comprarnos una cosechadora de forraje. Al comunicarnos con el cliente, supimos que el cliente tiene un campo de ma\u00edz y alimenta a las ovejas. <\/p>    <p>Por lo tanto, para hacer un uso m\u00e1s eficiente de estos tallos de ma\u00edz, el cliente espera comprar una m\u00e1quina que pueda procesar directamente los tallos de ma\u00edz en el campo. La superficie de plantaci\u00f3n del cliente no es muy grande y recomendamos un ancho de cosecha de 1,5 metros. <\/p>    <p>Como el cliente tiene su tractor, s\u00f3lo necesita comprar la pieza para recoger paja. Despu\u00e9s de que el cliente reciba la m\u00e1quina, lo guiaremos sobre c\u00f3mo conectar el tractor en l\u00ednea. Por tanto, los clientes pueden comprar con confianza.<\/p>    <figure class=\"wp-block-image size-full\"><img loading=\"lazy\" decoding=\"async\" width=\"720\" height=\"540\" src=\"https:\/\/taizyfarmequipment.com\/wp-content\/uploads\/2022\/11\/forage-chopper-packing-and-shipping-.webp\" alt=\"transportes de picadora de forraje\" class=\"wp-image-3858\" title=\"Embalaje y env\u00edo de picadoras de forraje.\"\/><figcaption class=\"wp-element-caption\">transportes de picadora de forraje<\/figcaption><\/figure>    <h2 class=\"wp-block-heading\">Cont\u00e1ctenos<\/h2>    <p>En la b\u00fasqueda de la cosechadora de ensilaje ideal, nuestro producto no solo ofrece un rendimiento y versatilidad excepcionales, sino que tambi\u00e9n est\u00e1 meticulosamente dise\u00f1ado para garantizar operaciones agr\u00edcolas eficientes y confiables. <\/p>    <p>No dude en comunicarse con nuestro equipo dedicado para obtener m\u00e1s informaci\u00f3n sobre nuestra cosechadora de ensilaje. Nos comprometemos a brindar consultas detalladas sobre el producto y recomendar el modelo m\u00e1s adecuado seg\u00fan las necesidades espec\u00edficas de su granja.<\/p>","protected":false},"excerpt":{"rendered":"<p>La cosechadora de forraje es eficiente para el triturado y la recolecci\u00f3n de paja.<\/p>","protected":false},"author":1,"featured_media":3850,"parent":0,"template":"","tags":[337,338],"product-type":[133],"class_list":["post-3849","product","type-product","status-publish","has-post-thumbnail","hentry","tag-forage-harvester","tag-silage-harvester","product-type-silage-machine"],"_links":{"self":[{"href":"https:\/\/taizyfarmequipment.com\/es\/wp-json\/wp\/v2\/product\/3849","targetHints":{"allow":["GET"]}}],"collection":[{"href":"https:\/\/taizyfarmequipment.com\/es\/wp-json\/wp\/v2\/product"}],"about":[{"href":"https:\/\/taizyfarmequipment.com\/es\/wp-json\/wp\/v2\/types\/product"}],"author":[{"embeddable":true,"href":"https:\/\/taizyfarmequipment.com\/es\/wp-json\/wp\/v2\/users\/1"}],"wp:featuredmedia":[{"embeddable":true,"href":"https:\/\/taizyfarmequipment.com\/es\/wp-json\/wp\/v2\/media\/3850"}],"wp:attachment":[{"href":"https:\/\/taizyfarmequipment.com\/es\/wp-json\/wp\/v2\/media?parent=3849"}],"wp:term":[{"taxonomy":"post_tag","embeddable":true,"href":"https:\/\/taizyfarmequipment.com\/es\/wp-json\/wp\/v2\/tags?post=3849"},{"taxonomy":"product-type","embeddable":true,"href":"https:\/\/taizyfarmequipment.com\/es\/wp-json\/wp\/v2\/product-type?post=3849"}],"curies":[{"name":"wp","href":"https:\/\/api.w.org\/{rel}","templated":true}]}}