{"id":3912,"date":"2022-12-13T15:43:34","date_gmt":"2022-12-13T07:43:34","guid":{"rendered":"https:\/\/taizyfarmequipment.com\/?post_type=product&#038;p=3912"},"modified":"2025-11-26T16:02:04","modified_gmt":"2025-11-26T08:02:04","slug":"trasplantador-de-arroz-para-plantulas-de-arroz","status":"publish","type":"product","link":"https:\/\/taizyfarmequipment.com\/es\/product\/rice-transplanter-for-rice-seedings\/","title":{"rendered":"Trasplantadora de arroz de 4 hileras para semillas de arroz"},"content":{"rendered":"<div class=\"kk-star-ratings kksr-auto kksr-align-left kksr-valign-top\"     data-payload='{&quot;align&quot;:&quot;left&quot;,&quot;id&quot;:&quot;3912&quot;,&quot;slug&quot;:&quot;default&quot;,&quot;valign&quot;:&quot;top&quot;,&quot;ignore&quot;:&quot;&quot;,&quot;reference&quot;:&quot;auto&quot;,&quot;class&quot;:&quot;&quot;,&quot;count&quot;:&quot;5&quot;,&quot;legendonly&quot;:&quot;&quot;,&quot;readonly&quot;:&quot;&quot;,&quot;score&quot;:&quot;4.7&quot;,&quot;starsonly&quot;:&quot;&quot;,&quot;best&quot;:&quot;5&quot;,&quot;gap&quot;:&quot;5&quot;,&quot;greet&quot;:&quot;Rate this product&quot;,&quot;legend&quot;:&quot;4.7\\\/5 - (5 votos)&quot;,&quot;size&quot;:&quot;24&quot;,&quot;title&quot;:&quot;4 row rice transplanter for rice seedings&quot;,&quot;width&quot;:&quot;133.8&quot;,&quot;_legend&quot;:&quot;{score}\\\/{best} - ({count} {votes})&quot;,&quot;font_factor&quot;:&quot;1.25&quot;}'>              <div class=\"kksr-stars\">      <div class=\"kksr-stars-inactive\">             <div class=\"kksr-star\" data-star=\"1\" style=\"padding-right: 5px\">               <div class=\"kksr-icon\" style=\"width: 24px; height: 24px;\"><\/div>         <\/div>             <div class=\"kksr-star\" data-star=\"2\" style=\"padding-right: 5px\">               <div class=\"kksr-icon\" style=\"width: 24px; height: 24px;\"><\/div>         <\/div>             <div class=\"kksr-star\" data-star=\"3\" style=\"padding-right: 5px\">               <div class=\"kksr-icon\" style=\"width: 24px; height: 24px;\"><\/div>         <\/div>             <div class=\"kksr-star\" data-star=\"4\" style=\"padding-right: 5px\">               <div class=\"kksr-icon\" style=\"width: 24px; height: 24px;\"><\/div>         <\/div>             <div class=\"kksr-star\" data-star=\"5\" style=\"padding-right: 5px\">               <div class=\"kksr-icon\" style=\"width: 24px; height: 24px;\"><\/div>         <\/div>     <\/div>      <div class=\"kksr-stars-active\" style=\"width: 133.8px;\">             <div class=\"kksr-star\" style=\"padding-right: 5px\">               <div class=\"kksr-icon\" style=\"width: 24px; height: 24px;\"><\/div>         <\/div>             <div class=\"kksr-star\" style=\"padding-right: 5px\">               <div class=\"kksr-icon\" style=\"width: 24px; height: 24px;\"><\/div>         <\/div>             <div class=\"kksr-star\" style=\"padding-right: 5px\">               <div class=\"kksr-icon\" style=\"width: 24px; height: 24px;\"><\/div>         <\/div>             <div class=\"kksr-star\" style=\"padding-right: 5px\">               <div class=\"kksr-icon\" style=\"width: 24px; height: 24px;\"><\/div>         <\/div>             <div class=\"kksr-star\" style=\"padding-right: 5px\">               <div class=\"kksr-icon\" style=\"width: 24px; height: 24px;\"><\/div>         <\/div>     <\/div> <\/div>                   <div class=\"kksr-legend\" style=\"font-size: 19.2px;\">             4,7\/5 - (5 votos)    <\/div>     <\/div>  <p>La trasplantadora de arroz ya es la primera opci\u00f3n para la mayor\u00eda de los productores de arroz. Hoy en d\u00eda, para realizar el trabajo agr\u00edcola de manera m\u00e1s eficiente, se ha convertido en un fen\u00f3meno com\u00fan el uso de m\u00e1quinas para trasplantar pl\u00e1ntulas de arroz. La m\u00e1quina sembradora de arroz es potente. <\/p>    <p>Y nuestra trasplantadora puede plantar 4 o 6 hileras de pl\u00e1ntulas a la vez. En comparaci\u00f3n con el trabajo manual, es m\u00e1s eficiente y el efecto del trasplante de pl\u00e1ntulas de arroz tambi\u00e9n es bueno.<\/p>    <h2 class=\"wp-block-heading\">Introducci\u00f3n de trasplantadora de arroz.<\/h2>    <p>Actualmente, producimos trasplantadoras de arroz en modelos de 4 y 6 hileras. En cuanto a la trasplantadora de arroz de 4 hileras, el usuario debe empujar la m\u00e1quina con la mano para funcionar. La trasplantadora de arroz funciona con un motor de gasolina. Cuando se utiliza la m\u00e1quina sembradora de arroz de 6 hileras, el cliente debe sentarse y conducir la trasplantadora de arroz. Para la trasplantadora de 6 hileras, la potencia es un motor di\u00e9sel.<br>Adem\u00e1s, podemos ajustar la profundidad de este modelo de trasplantadora de arroz desde 15 cm hasta 35 cm.<\/p>    <p class=\"translation-block\">En adici\u00f3n a estas m\u00e1quinas para transplantar arroz, tambi\u00e9n producimos <a href=\"https:\/\/taizyfarmequipment.com\/es\/producto-2\/sembradora-de-hortalizas-de-empuje-manual\/\">m\u00e1quinas transplantadoras de verduras<\/a>, que pueden transplantar pl\u00e1ntulas de diversas hortalizas.<\/p>    <figure class=\"wp-block-gallery has-nested-images columns-default is-cropped wp-block-gallery-2 is-layout-flex wp-block-gallery-is-layout-flex\"> <figure class=\"wp-block-image size-full\"><img loading=\"lazy\" decoding=\"async\" width=\"720\" height=\"540\" data-id=\"4974\" src=\"https:\/\/taizyfarmequipment.com\/wp-content\/uploads\/2022\/12\/rice-transplanter.webp\" alt=\"trasplantadora de arroz\" class=\"wp-image-4974\" title=\"Trasplantadora de arroz de 4 hileras\" srcset=\"https:\/\/taizyfarmequipment.com\/wp-content\/uploads\/2022\/12\/rice-transplanter.webp 720w, https:\/\/taizyfarmequipment.com\/wp-content\/uploads\/2022\/12\/rice-transplanter-300x225.webp 300w, https:\/\/taizyfarmequipment.com\/wp-content\/uploads\/2022\/12\/rice-transplanter-16x12.webp 16w\" sizes=\"auto, (max-width: 720px) 100vw, 720px\" \/><figcaption class=\"wp-element-caption\">trasplantadora de arroz<\/figcaption><\/figure>    <figure class=\"wp-block-image size-large\"><img loading=\"lazy\" decoding=\"async\" width=\"720\" height=\"540\" data-id=\"3918\" src=\"https:\/\/taizyfarmequipment.com\/wp-content\/uploads\/2022\/12\/6-row-rice-planting-machine-.webp\" alt=\"M\u00e1quina sembradora de arroz de 6 hileras\" class=\"wp-image-3918\" title=\"M\u00e1quina sembradora de arroz de 6 hileras\"\/><figcaption class=\"wp-element-caption\">M\u00e1quina sembradora de arroz de 6 hileras<\/figcaption><\/figure> <\/figure>    <h2 class=\"wp-block-heading\">\u00bfQu\u00e9 tipo de m\u00e1quina puede funcionar con la sembradora de arroz?<\/h2>    <p class=\"translation-block\">La transplantadora de arroz puede trabajar junto con las <a href=\"https:\/\/www.agriculture-machine.com\/rice-nursery-seedling-machine\/\" target=\"_blank\" rel=\"noopener\">m\u00e1quinas de vivero para pl\u00e1ntulas<\/a>. Podemos usar la m\u00e1quina de cultivo de pl\u00e1ntulas para cultivar las pl\u00e1ntulas de arroz primero. Y luego podemos transplantar las pl\u00e1ntulas de arroz cuando las pl\u00e1ntulas est\u00e9n maduras. Esto ahorra mucho tiempo en el cultivo manual de pl\u00e1ntulas y en el trasplante de arroz, y mejora la eficiencia.<\/p>    <figure class=\"wp-block-image size-full\"><img loading=\"lazy\" decoding=\"async\" width=\"720\" height=\"540\" src=\"https:\/\/taizyfarmequipment.com\/wp-content\/uploads\/2022\/12\/Rice-Nursery-Seedling-Machine-.jpg\" alt=\"m\u00e1quina de vivero de arroz\" class=\"wp-image-3919\" title=\"m\u00e1quina de vivero de arroz\"\/><figcaption class=\"wp-element-caption\">m\u00e1quina de vivero de arroz<\/figcaption><\/figure>    <h2 class=\"wp-block-heading\">\u00bfPor qu\u00e9 necesitamos utilizar una sembradora de arroz?<\/h2>    <ol class=\"wp-block-list\"> <li>Alta eficiencia en el trabajo. Todos sabemos que el trasplante manual requiere mucho tiempo. Y necesitan emplear mucho personal, por lo que acaban de mejorar el costo de la siembra de arroz. Por lo tanto, utilizar una m\u00e1quina sembradora de arroz puede resultar m\u00e1s eficiente y rentable.<\/li>    <li>La sembradora de arroz funciona bien. Porque el trabajo de la m\u00e1quina puede lograr y mantener el espacio est\u00e1ndar entre plantas y entre hileras. Esto tambi\u00e9n ayuda a que las pl\u00e1ntulas crezcan mejor.<\/li> <\/ol>    <h2 class=\"wp-block-heading\">La estructura de la m\u00e1quina sembradora de arroz.<\/h2>    <ol class=\"wp-block-list\"> <li>La primera es la m\u00e1quina sembradora de arroz con 4 hileras. Este tipo de plantaci\u00f3n de arroz se compone principalmente de una caja de pl\u00e1ntulas, un marco de bandeja de pl\u00e1ntulas, un motor, una rueda, etc. El siguiente es el diagrama estructural detallado de la m\u00e1quina.<\/li> <\/ol>    <figure class=\"wp-block-image size-full is-resized\"><img loading=\"lazy\" decoding=\"async\" width=\"720\" height=\"540\" src=\"https:\/\/taizyfarmequipment.com\/wp-content\/uploads\/2022\/12\/4-row-paddy-planting-machines-structure.webp\" alt=\"Estructura de la m\u00e1quina sembradora de arroz de 4 hileras\" class=\"wp-image-4975\" style=\"width:720px;height:540px\" title=\"Estructura de la m\u00e1quina sembradora de arroz de 4 hileras\" srcset=\"https:\/\/taizyfarmequipment.com\/wp-content\/uploads\/2022\/12\/4-row-paddy-planting-machines-structure.webp 720w, https:\/\/taizyfarmequipment.com\/wp-content\/uploads\/2022\/12\/4-row-paddy-planting-machines-structure-300x225.webp 300w, https:\/\/taizyfarmequipment.com\/wp-content\/uploads\/2022\/12\/4-row-paddy-planting-machines-structure-16x12.webp 16w\" sizes=\"auto, (max-width: 720px) 100vw, 720px\" \/><figcaption class=\"wp-element-caption\">Estructura de la m\u00e1quina sembradora de arroz de 4 hileras<\/figcaption><\/figure>    <p>2. El siguiente es el diagrama estructural de la trasplantadora de arroz de 6 hileras.<\/p>    <figure class=\"wp-block-image size-full\"><img loading=\"lazy\" decoding=\"async\" width=\"720\" height=\"540\" src=\"https:\/\/taizyfarmequipment.com\/wp-content\/uploads\/2022\/12\/6-row-rice-transplanter-strucure-.webp\" alt=\"Estructura trasplantadora de arroz de 6 hileras. \" class=\"wp-image-3921\" title=\"Estructura trasplantadora de arroz de 6 hileras. \"\/><figcaption class=\"wp-element-caption\">Estructura trasplantadora de arroz de 6 hileras.<\/figcaption><\/figure>    <h2 class=\"wp-block-heading\">Principio de funcionamiento de la m\u00e1quina de plantaci\u00f3n de arroz.<\/h2>    <p>Aunque el aspecto de la m\u00e1quina es diferente. Pero el flujo b\u00e1sico de c\u00f3mo funcionan las m\u00e1quinas es pr\u00e1cticamente el mismo. <\/p>    <ol class=\"wp-block-list\"> <li>El brote de arroz de toda la hoja se coloca en la caja de pl\u00e1ntulas. <\/li>    <li>Luego se mueve lateralmente con la caja de pl\u00e1ntulas y el dispositivo de toma de pl\u00e1ntulas retira una cierta cantidad de pl\u00e1ntulas en divisiones sucesivas. <\/li>    <li>Bajo la acci\u00f3n del mecanismo de control de trayectoria, las pl\u00e1ntulas se insertan en el suelo seg\u00fan los requisitos agron\u00f3micos. <\/li>    <li>Por \u00faltimo, el dispositivo de recogida de pl\u00e1ntulas regresa a la caja de pl\u00e1ntulas para recoger las pl\u00e1ntulas seg\u00fan una trayectoria determinada.<\/li> <\/ol>    <figure class=\"wp-block-gallery has-nested-images columns-default is-cropped wp-block-gallery-3 is-layout-flex wp-block-gallery-is-layout-flex\"> <figure class=\"wp-block-image size-large\"><img loading=\"lazy\" decoding=\"async\" width=\"720\" height=\"540\" data-id=\"3923\" src=\"https:\/\/taizyfarmequipment.com\/wp-content\/uploads\/2022\/12\/rice-plantation-machine-.webp\" alt=\"m\u00e1quina de plantaci\u00f3n de arroz\" class=\"wp-image-3923\" title=\"m\u00e1quina de plantaci\u00f3n de arroz\"\/><figcaption class=\"wp-element-caption\">m\u00e1quina de plantaci\u00f3n de arroz<\/figcaption><\/figure>    <figure class=\"wp-block-image size-large\"><img loading=\"lazy\" decoding=\"async\" width=\"720\" height=\"540\" data-id=\"3924\" src=\"https:\/\/taizyfarmequipment.com\/wp-content\/uploads\/2022\/12\/rice-planting-machine-.webp\" alt=\"maquina para plantar arroz \" class=\"wp-image-3924\" title=\"maquina para plantar arroz \"\/><figcaption class=\"wp-element-caption\">maquina para plantar arroz<\/figcaption><\/figure> <\/figure>    <h2 class=\"wp-block-heading\">Informaci\u00f3n t\u00e9cnica detallada sobre la m\u00e1quina sembradora de arroz.<\/h2>    <h2 class=\"wp-block-heading\">4 filas <\/h2>    <figure class=\"wp-block-table\"><table><tbody><tr><td>Modelo<\/td><td>2ZS-4<\/td><\/tr><tr><td>Tama\u00f1o<\/td><td>2140\u00d71630\u00d7910(mil\u00edmetros)<\/td><\/tr><tr><td>Peso<\/td><td>165 kilos<\/td><\/tr><tr><td>Potencia del motor<\/td><td>2,6\/3000 (kw\/rpm)<\/td><\/tr><tr><td>L\u00edneas de trabajo<\/td><td>4 lineas<\/td><\/tr><tr><td>Velocidad de trabajo<\/td><td>0,34-0,77 (m\/s)<\/td><\/tr><tr><td>Distancia de l\u00ednea<\/td><td>300(mil\u00edmetros)<\/td><\/tr><tr><td>Distancia de siembra<\/td><td>210;180;160;140;120(mm)<\/td><\/tr><tr><td>Profundidad de siembra<\/td><td>15-35(mil\u00edmetro)<\/td><\/tr><\/tbody><\/table><\/figure>    <h2 class=\"wp-block-heading\">6 filas <\/h2>    <figure class=\"wp-block-table\"><table><tbody><tr><td>Modelo<\/td><td>CY-6<\/td><\/tr><tr><td>Modelo de motor di\u00e9sel<\/td><td>175F arranque manual<\/td><\/tr><tr><td>Salida del motor di\u00e9sel (kw\/HP)<\/td><td>3.72\/5.5<\/td><\/tr><tr><td>Velocidad de rotaci\u00f3n del motor di\u00e9sel (r\/min)<\/td><td>2600<\/td><\/tr><tr><td>N\u00famero de filas de trasplante<\/td><td>6<\/td><\/tr><tr><td>Distancia de fila a fila (mm)<\/td><td>300 mm<\/td><\/tr><tr><td>Distancia de colina a colina (mm)<\/td><td>120\/140 mm<\/td><\/tr><tr><td>Eficiencia del trasplante<\/td><td>0,35-0,5 acres\/h<\/td><\/tr><tr><td>Peso neto<\/td><td>300 kilos<\/td><\/tr><\/tbody><\/table><\/figure>    <h2 class=\"wp-block-heading\">\u00bfCu\u00e1les son las caracter\u00edsticas de la sembradora de arroz?<\/h2>    <ol class=\"wp-block-list\"> <li>La trasplantadora de arroz funciona r\u00e1pido y siembra pl\u00e1ntulas de manera uniforme, lo que favorece la resistencia a las enfermedades y un alto rendimiento.<\/li>    <li>La trasplantadora de arroz de 4 hileras debe ser manual y la trasplantadora de arroz de 6 hileras se puede conducir. No es necesario que la gente se agache para plantar pl\u00e1ntulas de arroz. Esto reduce en gran medida la intensidad laboral de las personas.<\/li>    <li>El trabajo de la m\u00e1quina realiza un hoyo para cada pl\u00e1ntula, evitando el fen\u00f3meno de desperdicio de pl\u00e1ntulas.<\/li>    <li>El arroz plantado por la trasplantadora de arroz favorece la ventilaci\u00f3n del arroz y el sol. Estos granos de arroz est\u00e1n llenos y la tasa de c\u00e1scara vac\u00eda es baja.<\/li> <\/ol>    <figure class=\"wp-block-image size-full is-resized\"><img loading=\"lazy\" decoding=\"async\" width=\"720\" height=\"540\" src=\"https:\/\/taizyfarmequipment.com\/wp-content\/uploads\/2022\/12\/rice-sowing-machine-1-1.webp\" alt=\"maquina sembradora de arroz \" class=\"wp-image-3925\" style=\"width:720px;height:540px\" title=\"maquina sembradora de arroz \"\/><figcaption class=\"wp-element-caption\">maquina sembradora de arroz <\/figcaption><\/figure>    <h2 class=\"wp-block-heading\">Taizy Machinery: la mejor elecci\u00f3n del cliente<\/h2>    <ol class=\"wp-block-list\"> <li>Somos un fabricante profesional de maquinaria agr\u00edcola. Estamos comprometidos a investigar y dise\u00f1ar maquinaria agr\u00edcola m\u00e1s conveniente y de alta calidad.<\/li>    <li>M\u00e1quinas de alta calidad. Las m\u00e1quinas que fabricamos est\u00e1n fabricadas con los mejores materiales. De esta forma, la vida \u00fatil de la m\u00e1quina es mayor.<\/li>    <li>Equipo de servicio profesional. Nuestro gerente de ventas puede brindarle soluciones profesionales, bienvenido a consultarnos.<\/li>    <li>Un a\u00f1o de servicio postventa. Proporcionaremos a los clientes un a\u00f1o de servicio postventa en l\u00ednea o fuera de l\u00ednea.<\/li> <\/ol>    <figure class=\"wp-block-gallery has-nested-images columns-default is-cropped wp-block-gallery-4 is-layout-flex wp-block-gallery-is-layout-flex\"> <figure class=\"wp-block-image size-large\"><img loading=\"lazy\" decoding=\"async\" width=\"720\" height=\"540\" data-id=\"3926\" src=\"https:\/\/taizyfarmequipment.com\/wp-content\/uploads\/2022\/12\/paddy-seeding-machine-.webp\" alt=\"m\u00e1quina sembradora de arroz \" class=\"wp-image-3926\" title=\"m\u00e1quina sembradora de arroz \"\/><figcaption class=\"wp-element-caption\">m\u00e1quina sembradora de arroz<\/figcaption><\/figure>    <figure class=\"wp-block-image size-large\"><img loading=\"lazy\" decoding=\"async\" width=\"720\" height=\"540\" data-id=\"3928\" src=\"https:\/\/taizyfarmequipment.com\/wp-content\/uploads\/2022\/12\/exporting-of-the-paddy-saowing-machine-.webp\" alt=\"Exportaci\u00f3n de la m\u00e1quina cortadora de arroz.\" class=\"wp-image-3928\" title=\"Exportaci\u00f3n de la m\u00e1quina cortadora de arroz.\"\/><figcaption class=\"wp-element-caption\">Exportaci\u00f3n de la m\u00e1quina cortadora de arroz.<\/figcaption><\/figure> <\/figure>","protected":false},"excerpt":{"rendered":"<p>La trasplantadora de arroz ya es la primera opci\u00f3n para la mayor\u00eda de los productores de arroz. Hoy en d\u00eda, para realizar de forma m\u00e1s eficiente el trabajo agr\u00edcola, se ha convertido en un fen\u00f3meno com\u00fan.<\/p>","protected":false},"author":1,"featured_media":3915,"parent":0,"template":"","tags":[],"product-type":[134],"class_list":["post-3912","product","type-product","status-publish","has-post-thumbnail","hentry","product-type-nursery-transplanter"],"_links":{"self":[{"href":"https:\/\/taizyfarmequipment.com\/es\/wp-json\/wp\/v2\/product\/3912","targetHints":{"allow":["GET"]}}],"collection":[{"href":"https:\/\/taizyfarmequipment.com\/es\/wp-json\/wp\/v2\/product"}],"about":[{"href":"https:\/\/taizyfarmequipment.com\/es\/wp-json\/wp\/v2\/types\/product"}],"author":[{"embeddable":true,"href":"https:\/\/taizyfarmequipment.com\/es\/wp-json\/wp\/v2\/users\/1"}],"wp:featuredmedia":[{"embeddable":true,"href":"https:\/\/taizyfarmequipment.com\/es\/wp-json\/wp\/v2\/media\/3915"}],"wp:attachment":[{"href":"https:\/\/taizyfarmequipment.com\/es\/wp-json\/wp\/v2\/media?parent=3912"}],"wp:term":[{"taxonomy":"post_tag","embeddable":true,"href":"https:\/\/taizyfarmequipment.com\/es\/wp-json\/wp\/v2\/tags?post=3912"},{"taxonomy":"product-type","embeddable":true,"href":"https:\/\/taizyfarmequipment.com\/es\/wp-json\/wp\/v2\/product-type?post=3912"}],"curies":[{"name":"wp","href":"https:\/\/api.w.org\/{rel}","templated":true}]}}