{"id":3938,"date":"2022-12-19T17:18:33","date_gmt":"2022-12-19T09:18:33","guid":{"rendered":"https:\/\/taizyfarmequipment.com\/?post_type=product&#038;p=3938"},"modified":"2023-01-07T17:38:31","modified_gmt":"2023-01-07T09:38:31","slug":"atador-de-cosecha-para-arroz-y-trigo","status":"publish","type":"product","link":"https:\/\/taizyfarmequipment.com\/es\/product\/reaper-binder-for-rice-and-wheat\/","title":{"rendered":"Aglutinante para arroz y trigo."},"content":{"rendered":"<div class=\"kk-star-ratings kksr-auto kksr-align-left kksr-valign-top\"     data-payload='{&quot;align&quot;:&quot;left&quot;,&quot;id&quot;:&quot;3938&quot;,&quot;slug&quot;:&quot;default&quot;,&quot;valign&quot;:&quot;top&quot;,&quot;ignore&quot;:&quot;&quot;,&quot;reference&quot;:&quot;auto&quot;,&quot;class&quot;:&quot;&quot;,&quot;count&quot;:&quot;30&quot;,&quot;legendonly&quot;:&quot;&quot;,&quot;readonly&quot;:&quot;&quot;,&quot;score&quot;:&quot;4.7&quot;,&quot;starsonly&quot;:&quot;&quot;,&quot;best&quot;:&quot;5&quot;,&quot;gap&quot;:&quot;5&quot;,&quot;greet&quot;:&quot;Rate this product&quot;,&quot;legend&quot;:&quot;4.7\\\/5 - (30 votos)&quot;,&quot;size&quot;:&quot;24&quot;,&quot;title&quot;:&quot;Reaper binder for rice and wheat&quot;,&quot;width&quot;:&quot;133.8&quot;,&quot;_legend&quot;:&quot;{score}\\\/{best} - ({count} {votes})&quot;,&quot;font_factor&quot;:&quot;1.25&quot;}'>              <div class=\"kksr-stars\">      <div class=\"kksr-stars-inactive\">             <div class=\"kksr-star\" data-star=\"1\" style=\"padding-right: 5px\">               <div class=\"kksr-icon\" style=\"width: 24px; height: 24px;\"><\/div>         <\/div>             <div class=\"kksr-star\" data-star=\"2\" style=\"padding-right: 5px\">               <div class=\"kksr-icon\" style=\"width: 24px; height: 24px;\"><\/div>         <\/div>             <div class=\"kksr-star\" data-star=\"3\" style=\"padding-right: 5px\">               <div class=\"kksr-icon\" style=\"width: 24px; height: 24px;\"><\/div>         <\/div>             <div class=\"kksr-star\" data-star=\"4\" style=\"padding-right: 5px\">               <div class=\"kksr-icon\" style=\"width: 24px; height: 24px;\"><\/div>         <\/div>             <div class=\"kksr-star\" data-star=\"5\" style=\"padding-right: 5px\">               <div class=\"kksr-icon\" style=\"width: 24px; height: 24px;\"><\/div>         <\/div>     <\/div>      <div class=\"kksr-stars-active\" style=\"width: 133.8px;\">             <div class=\"kksr-star\" style=\"padding-right: 5px\">               <div class=\"kksr-icon\" style=\"width: 24px; height: 24px;\"><\/div>         <\/div>             <div class=\"kksr-star\" style=\"padding-right: 5px\">               <div class=\"kksr-icon\" style=\"width: 24px; height: 24px;\"><\/div>         <\/div>             <div class=\"kksr-star\" style=\"padding-right: 5px\">               <div class=\"kksr-icon\" style=\"width: 24px; height: 24px;\"><\/div>         <\/div>             <div class=\"kksr-star\" style=\"padding-right: 5px\">               <div class=\"kksr-icon\" style=\"width: 24px; height: 24px;\"><\/div>         <\/div>             <div class=\"kksr-star\" style=\"padding-right: 5px\">               <div class=\"kksr-icon\" style=\"width: 24px; height: 24px;\"><\/div>         <\/div>     <\/div> <\/div>                   <div class=\"kksr-legend\" style=\"font-size: 19.2px;\">             4,7\/5 - (30 votos)    <\/div>     <\/div>  <p class=\"translation-block\">La segadora atadora es una peque\u00f1a cosechadora especialmente utilizada para cosechar trigo, arroz y otros cultivos. Debido a que es una peque\u00f1a cosechadora, es muy adecuada para familias con campos peque\u00f1os. Adem\u00e1s de esta cosechadora, tambi\u00e9n tenemos una <a href=\"https:\/\/www.agriculture-machine.com\/reaper-binder\/\" target=\"_blank\" rel=\"noopener\">atadora cortadora de arroz<\/a>. Los materiales cosechados pueden ser cosechados y atados.<\/p>    <h2 class=\"wp-block-heading\">\u00bfQu\u00e9 es la m\u00e1quina encuadernadora segadora?<\/h2>    <p>Hay 3 modelos de carpetas Reaper producidas por Taizy. Los diferentes modelos de segadoras de arroz tienen diferentes anchos de cosecha. Recomendaremos la m\u00e1quina con el ancho de cosecha adecuado seg\u00fan la situaci\u00f3n espec\u00edfica del cliente. La m\u00e1quina cortadora de arroz funciona con un motor di\u00e9sel. <\/p>    <p>Disponemos de 3 tipos de cortac\u00e9sped. Uno es el que tiene una cuchilla vertical para cortar el c\u00e9sped enredado. Otro tipo es el que tiene un marco de soporte en la parte superior, que es adecuado para tallos m\u00e1s altos, como los de ma\u00edz. El tercero es el modelo normal, sin cuchillo vertical ni soporte.<\/p>    <figure class=\"wp-block-gallery has-nested-images columns-default is-cropped wp-block-gallery-2 is-layout-flex wp-block-gallery-is-layout-flex\"> <figure class=\"wp-block-image size-large\"><img loading=\"lazy\" decoding=\"async\" width=\"720\" height=\"540\" data-id=\"4031\" src=\"https:\/\/taizyfarmequipment.com\/wp-content\/uploads\/2023\/01\/reaper-binder-machine-.webp\" alt=\"m\u00e1quina encuadernadora segadora\" class=\"wp-image-4031\" title=\"m\u00e1quina encuadernadora segadora\"\/><figcaption class=\"wp-element-caption\">m\u00e1quina encuadernadora segadora<\/figcaption><\/figure>    <figure class=\"wp-block-image size-large\"><img loading=\"lazy\" decoding=\"async\" width=\"720\" height=\"540\" data-id=\"4032\" src=\"https:\/\/taizyfarmequipment.com\/wp-content\/uploads\/2023\/01\/wheat-cutting-and-binding-machine.webp\" alt=\"m\u00e1quina cortadora y encuadernadora de trigo\" class=\"wp-image-4032\" title=\"m\u00e1quina cortadora y encuadernadora de trigo\"\/><figcaption class=\"wp-element-caption\">m\u00e1quina cortadora y encuadernadora de trigo<\/figcaption><\/figure>    <figure class=\"wp-block-image size-large\"><img loading=\"lazy\" decoding=\"async\" width=\"720\" height=\"540\" data-id=\"4033\" src=\"https:\/\/taizyfarmequipment.com\/wp-content\/uploads\/2023\/01\/Hand-reaper-machine-.webp\" alt=\"M\u00e1quina segadora manual\" class=\"wp-image-4033\" title=\"M\u00e1quina segadora manual\"\/><figcaption class=\"wp-element-caption\">M\u00e1quina segadora manual<\/figcaption><\/figure> <\/figure>    <h2 class=\"wp-block-heading\">\u00bfQu\u00e9 plantas puede manejar la m\u00e1quina cortadora y atadora de arroz?<\/h2>    <p class=\"translation-block\">Nuestras m\u00e1quinas cortadoras y atadoras de arroz pueden manejar una amplia variedad de materiales. Estos materiales incluyen arroz, trigo, soja, hierba, mijo, granos, alfalfa, etc. Adem\u00e1s de la segadora atadora a la venta, tambi\u00e9n producimos <a href=\"https:\/\/taizyfarmequipment.com\/es\/producto-2\/cosechadora-de-maiz-de-una-hilera\/\">peque\u00f1as cosechadoras de ma\u00edz<\/a> especialmente para la cosecha de ma\u00edz. La cosechadora de ma\u00edz cosecha una sola fila de ma\u00edz a la vez, y una persona puede completar el trabajo.<\/p>    <figure class=\"wp-block-image size-full\"><img loading=\"lazy\" decoding=\"async\" width=\"720\" height=\"540\" src=\"https:\/\/taizyfarmequipment.com\/wp-content\/uploads\/2023\/01\/various-plants-.webp\" alt=\"varias plantas \" class=\"wp-image-4034\" title=\"varias plantas \"\/><figcaption class=\"wp-element-caption\">varias plantas<\/figcaption><\/figure>    <h2 class=\"wp-block-heading\">Par\u00e1metro de la m\u00e1quina segadora manual<\/h2>    <figure class=\"wp-block-table\"><table><tbody><tr><td>Ancho de cosecha<\/td><td>1000<\/td><\/tr><tr><td>Altura despu\u00e9s del corte<\/td><td>\u226550<\/td><\/tr><tr><td>Capacidad<\/td><td>0,41-0,66 acres\/h<\/td><\/tr><tr><td>\u00c1ngulo de colocaci\u00f3n (grados)<\/td><td>90 \u00b1 20<\/td><\/tr><tr><td>Forma de colocaci\u00f3n<\/td><td>oblicuo<\/td><\/tr><tr><td>Poder de apoyo<\/td><td>(3.64KW) 170F\/motor di\u00e9sel de tres anillos 4.5 caballos<\/td><\/tr><tr><td>Peso neto \/ kg)<\/td><td>210<\/td><\/tr><tr><td>Peso bruto (kg)<\/td><td>250<\/td><\/tr><tr><td>Tama\u00f1o del paquete (largo*ancho*alto) m<\/td><td>1.3*1.07*0.65<\/td><\/tr><\/tbody><\/table><figcaption class=\"wp-element-caption\">Par\u00e1metro de la m\u00e1quina segadora manual<\/figcaption><\/figure>    <h2 class=\"wp-block-heading\">Ventajas favorables de la segadora manual de arroz.<\/h2>    <ol class=\"wp-block-list\"> <li>Amplia gama de aplicaciones. Puede manejar los cultivos m\u00e1s comunes.<\/li>    <li>F\u00e1cil de usar. El rendimiento de la operaci\u00f3n es s\u00f3lido. Y todo el trabajo se puede completar con una sola operaci\u00f3n manual.<\/li>    <li>La estructura de la segadora manual de arroz es compacta, el volumen es peque\u00f1o y el \u00e1rea ocupada por la hileradora es el equipo m\u00e1s conveniente para que los agricultores cosechen sus cultivos.<\/li>    <li>La m\u00e1quina es adecuada para su uso en monta\u00f1as, colinas y campos peque\u00f1os.<\/li>    <li>Los neum\u00e1ticos compatibles durante la operaci\u00f3n son neum\u00e1ticos ensanchados de gran di\u00e1metro, que tienen una gran capacidad de adelantamiento y son especialmente adecuados para operaciones en terrenos h\u00famedos y podridos.<\/li>    <li>Embrague de direcci\u00f3n manual, direcci\u00f3n f\u00e1cil y flexible, radio de giro peque\u00f1o, sin desviaci\u00f3n en terreno mojado o en mal estado.<\/li> <\/ol>    <figure class=\"wp-block-image size-full\"><img loading=\"lazy\" decoding=\"async\" width=\"720\" height=\"540\" src=\"https:\/\/taizyfarmequipment.com\/wp-content\/uploads\/2023\/01\/manual-paddy-reaper-.webp\" alt=\"segadora manual de arroz\" class=\"wp-image-4035\" title=\"segadora manual de arroz\"\/><figcaption class=\"wp-element-caption\">segadora manual de arroz<\/figcaption><\/figure>    <h2 class=\"wp-block-heading\">\u00bfC\u00f3mo funciona la m\u00e1quina cortadora de arroz?<\/h2>    <p>A medida que avanza la segadora aglutinante, el divisor de cultivo separa el cultivo. Luego, los cuchillos cortan la cosecha. A continuaci\u00f3n, la cinta transportadora env\u00eda el cultivo en posici\u00f3n vertical hacia la izquierda. Finalmente, bajo la acci\u00f3n de la rueda estrellada y el d\u00e9bil resorte de presi\u00f3n, los cultivos se colocan en tiras y se colocan ordenadamente en el suelo.<\/p>    <h2 class=\"wp-block-heading\">V\u00eddeo de funcionamiento de la m\u00e1quina cortadora de trigo.<\/h2>    <figure class=\"wp-block-embed is-type-video is-provider-youtube wp-block-embed-youtube wp-embed-aspect-4-3 wp-has-aspect-ratio\"><div class=\"wp-block-embed__wrapper\"> <iframe loading=\"lazy\" title=\"\u00a1\u00a1\u00a1V\u00eddeo muy excelente!!! \u00bfC\u00f3mo instalar la m\u00e1quina segadora y aglutinadora de trigo y arroz?\" width=\"500\" height=\"375\" src=\"https:\/\/www.youtube.com\/embed\/qVnE7wE-lAI?feature=oembed\" frameborder=\"0\" allow=\"accelerometer; autoplay; clipboard-write; encrypted-media; gyroscope; picture-in-picture; web-share\" referrerpolicy=\"strict-origin-when-cross-origin\" allowfullscreen><\/iframe> <\/div><\/figure>    <h2 class=\"wp-block-heading\">Cosechadora de arroz Taizy: la mejor opci\u00f3n<\/h2>    <ol class=\"wp-block-list\"> <li>Somos un fabricante profesional de maquinaria agr\u00edcola. Se ha comprometido a fabricar productos de maquinaria agr\u00edcola duraderos y de alta calidad. Por ello, cada una de nuestra maquinaria agr\u00edcola es de alta calidad y bajo precio. Los clientes pueden comprar con confianza.<\/li>    <li>Hemos exportado m\u00e1quinas durante muchos a\u00f1os. Por lo tanto, se puede ayudar a los clientes extranjeros a resolver muchos de los problemas encontrados en el proceso de compra.<\/li>    <li>Servicio integral. Nuestro personal de ventas tiene conocimientos profesionales de m\u00e1quinas. Puede ayudar a los clientes a responder varias preguntas sobre la m\u00e1quina.<\/li>    <li>Un a\u00f1o de servicio postventa. Apoyamos un servicio postventa de un a\u00f1o para todas las m\u00e1quinas.<\/li> <\/ol>    <figure class=\"wp-block-image size-full\"><img loading=\"lazy\" decoding=\"async\" width=\"720\" height=\"540\" src=\"https:\/\/taizyfarmequipment.com\/wp-content\/uploads\/2023\/01\/rice-reaper-harvester-.webp\" alt=\"cosechadora de arroz\" class=\"wp-image-4036\" title=\"cosechadora de arroz\"\/><figcaption class=\"wp-element-caption\">cosechadora de arroz<\/figcaption><\/figure>","protected":false},"excerpt":{"rendered":"<p>La segadora aglutinante es una peque\u00f1a cosechadora que se utiliza especialmente para cosechar trigo, arroz y otros cultivos. Por ser una cosechadora peque\u00f1a, es muy adecuada para familias con campos peque\u00f1os.<\/p>","protected":false},"author":1,"featured_media":4029,"parent":0,"template":"","tags":[301],"product-type":[128],"class_list":["post-3938","product","type-product","status-publish","has-post-thumbnail","hentry","tag-reaper-binder","product-type-harvester"],"_links":{"self":[{"href":"https:\/\/taizyfarmequipment.com\/es\/wp-json\/wp\/v2\/product\/3938","targetHints":{"allow":["GET"]}}],"collection":[{"href":"https:\/\/taizyfarmequipment.com\/es\/wp-json\/wp\/v2\/product"}],"about":[{"href":"https:\/\/taizyfarmequipment.com\/es\/wp-json\/wp\/v2\/types\/product"}],"author":[{"embeddable":true,"href":"https:\/\/taizyfarmequipment.com\/es\/wp-json\/wp\/v2\/users\/1"}],"wp:featuredmedia":[{"embeddable":true,"href":"https:\/\/taizyfarmequipment.com\/es\/wp-json\/wp\/v2\/media\/4029"}],"wp:attachment":[{"href":"https:\/\/taizyfarmequipment.com\/es\/wp-json\/wp\/v2\/media?parent=3938"}],"wp:term":[{"taxonomy":"post_tag","embeddable":true,"href":"https:\/\/taizyfarmequipment.com\/es\/wp-json\/wp\/v2\/tags?post=3938"},{"taxonomy":"product-type","embeddable":true,"href":"https:\/\/taizyfarmequipment.com\/es\/wp-json\/wp\/v2\/product-type?post=3938"}],"curies":[{"name":"wp","href":"https:\/\/api.w.org\/{rel}","templated":true}]}}