{"id":3944,"date":"2022-12-21T17:06:49","date_gmt":"2022-12-21T09:06:49","guid":{"rendered":"https:\/\/taizyfarmequipment.com\/?post_type=product&#038;p=3944"},"modified":"2025-11-26T15:59:48","modified_gmt":"2025-11-26T07:59:48","slug":"maquina-automatica-de-siembra-de-semillas-de-arroz","status":"publish","type":"product","link":"https:\/\/taizyfarmequipment.com\/es\/product\/automatic-paddy-seed-sowing-machine\/","title":{"rendered":"M\u00e1quina autom\u00e1tica de siembra de semillas de arroz con c\u00e1scara"},"content":{"rendered":"<div class=\"kk-star-ratings kksr-auto kksr-align-left kksr-valign-top\"     data-payload='{&quot;align&quot;:&quot;left&quot;,&quot;id&quot;:&quot;3944&quot;,&quot;slug&quot;:&quot;default&quot;,&quot;valign&quot;:&quot;top&quot;,&quot;ignore&quot;:&quot;&quot;,&quot;reference&quot;:&quot;auto&quot;,&quot;class&quot;:&quot;&quot;,&quot;count&quot;:&quot;25&quot;,&quot;legendonly&quot;:&quot;&quot;,&quot;readonly&quot;:&quot;&quot;,&quot;score&quot;:&quot;4.7&quot;,&quot;starsonly&quot;:&quot;&quot;,&quot;best&quot;:&quot;5&quot;,&quot;gap&quot;:&quot;5&quot;,&quot;greet&quot;:&quot;Rate this product&quot;,&quot;legend&quot;:&quot;4.7\\\/5 - (25 votos)&quot;,&quot;size&quot;:&quot;24&quot;,&quot;title&quot;:&quot;Automatic rice paddy seed sowing machine&quot;,&quot;width&quot;:&quot;133.8&quot;,&quot;_legend&quot;:&quot;{score}\\\/{best} - ({count} {votes})&quot;,&quot;font_factor&quot;:&quot;1.25&quot;}'>              <div class=\"kksr-stars\">      <div class=\"kksr-stars-inactive\">             <div class=\"kksr-star\" data-star=\"1\" style=\"padding-right: 5px\">               <div class=\"kksr-icon\" style=\"width: 24px; height: 24px;\"><\/div>         <\/div>             <div class=\"kksr-star\" data-star=\"2\" style=\"padding-right: 5px\">               <div class=\"kksr-icon\" style=\"width: 24px; height: 24px;\"><\/div>         <\/div>             <div class=\"kksr-star\" data-star=\"3\" style=\"padding-right: 5px\">               <div class=\"kksr-icon\" style=\"width: 24px; height: 24px;\"><\/div>         <\/div>             <div class=\"kksr-star\" data-star=\"4\" style=\"padding-right: 5px\">               <div class=\"kksr-icon\" style=\"width: 24px; height: 24px;\"><\/div>         <\/div>             <div class=\"kksr-star\" data-star=\"5\" style=\"padding-right: 5px\">               <div class=\"kksr-icon\" style=\"width: 24px; height: 24px;\"><\/div>         <\/div>     <\/div>      <div class=\"kksr-stars-active\" style=\"width: 133.8px;\">             <div class=\"kksr-star\" style=\"padding-right: 5px\">               <div class=\"kksr-icon\" style=\"width: 24px; height: 24px;\"><\/div>         <\/div>             <div class=\"kksr-star\" style=\"padding-right: 5px\">               <div class=\"kksr-icon\" style=\"width: 24px; height: 24px;\"><\/div>         <\/div>             <div class=\"kksr-star\" style=\"padding-right: 5px\">               <div class=\"kksr-icon\" style=\"width: 24px; height: 24px;\"><\/div>         <\/div>             <div class=\"kksr-star\" style=\"padding-right: 5px\">               <div class=\"kksr-icon\" style=\"width: 24px; height: 24px;\"><\/div>         <\/div>             <div class=\"kksr-star\" style=\"padding-right: 5px\">               <div class=\"kksr-icon\" style=\"width: 24px; height: 24px;\"><\/div>         <\/div>     <\/div> <\/div>                   <div class=\"kksr-legend\" style=\"font-size: 19.2px;\">             4,7\/5 - (25 votos)    <\/div>     <\/div>  <p class=\"translation-block\">La m\u00e1quina sembradora de semillas de arroz puede mejorar la eficiencia del cultivo de pl\u00e1ntulas de arroz. Con una capacidad de <strong>969-1017 bandejas por hora<\/strong>, asegura una siembra r\u00e1pida y uniforme, reduciendo considerablemente la mano de obra. <\/p>    <p>Esta m\u00e1quina autom\u00e1tica sembradora de semillas de arrozal cuenta con dosificaci\u00f3n autom\u00e1tica de semillas y llenado de bandejas, ofreciendo resultados constantes que mejoran la calidad y crecimiento de las pl\u00e1ntulas. <\/p>    <figure class=\"wp-block-embed is-type-video is-provider-youtube wp-block-embed-youtube wp-embed-aspect-9-16 wp-has-aspect-ratio\"><div class=\"wp-block-embed__wrapper\"> <iframe loading=\"lazy\" title=\"M\u00e1quina autom\u00e1tica sembradora de semillas de arroz para agricultura de alta eficiencia #arroz #arrozal #sembrar #agricultura\" width=\"422\" height=\"750\" src=\"https:\/\/www.youtube.com\/embed\/XhMncCF22Iw?feature=oembed\" frameborder=\"0\" allow=\"accelerometer; autoplay; clipboard-write; encrypted-media; gyroscope; picture-in-picture; web-share\" referrerpolicy=\"strict-origin-when-cross-origin\" allowfullscreen><\/iframe> <\/div><figcaption class=\"wp-element-caption\">Video de funcionamiento de la m\u00e1quina autom\u00e1tica sembradora de semillas de arrozal<\/figcaption><\/figure>    <h2 class=\"wp-block-heading\">M\u00e1quina sembradora de arrozal en venta<\/h2>    <div class=\"wp-block-media-text is-stacked-on-mobile\"><figure class=\"wp-block-media-text__media\"><img loading=\"lazy\" decoding=\"async\" width=\"720\" height=\"540\" src=\"https:\/\/taizyfarmequipment.com\/wp-content\/uploads\/2023\/01\/paddy-seed-sowing-machine-2.webp\" alt=\"sembradora de semillas de arroz\" class=\"wp-image-4022 size-full\"\/><\/figure><div class=\"wp-block-media-text__content\"> <p>La m\u00e1quina autom\u00e1tica de siembra en arrozales de Taizy integra alimentaci\u00f3n de bandejas, carga de tierra, siembra, riego y apilado de bandejas en una sola. <\/p>    <p>Ahorra mano de obra y tiempo, asegura una siembra precisa, mejora la tasa de supervivencia de las pl\u00e1ntulas y reduce el desperdicio de semillas.<\/p> <\/div><\/div>    <h2 class=\"wp-block-heading\">Estructura de la m\u00e1quina de pl\u00e1ntulas de arroz<\/h2>    <div class=\"wp-block-media-text has-media-on-the-right is-stacked-on-mobile\"><div class=\"wp-block-media-text__content\"> <p>La m\u00e1quina contiene principalmente una cinta transportadora, caja de mulchificaci\u00f3n, parte de rociado de agua, dispositivo de siembra, parte de apilado de bandejas, parte de carga de suelo, etc.<\/p> <\/div><figure class=\"wp-block-media-text__media\"><img loading=\"lazy\" decoding=\"async\" width=\"720\" height=\"540\" src=\"https:\/\/taizyfarmequipment.com\/wp-content\/uploads\/2023\/01\/rice-seedling-machine-.webp\" alt=\"m\u00e1quina de pl\u00e1ntulas de arroz\" class=\"wp-image-4023 size-full\"\/><\/figure><\/div>    <h2 class=\"wp-block-heading\">\u00bfC\u00f3mo funciona la m\u00e1quina sembradora de arrozal?<\/h2>    <div class=\"wp-block-media-text is-stacked-on-mobile\"><figure class=\"wp-block-media-text__media\"><img loading=\"lazy\" decoding=\"async\" width=\"720\" height=\"540\" src=\"https:\/\/taizyfarmequipment.com\/wp-content\/uploads\/2023\/01\/automatic-paddy-rice-seeding-machine-.webp\" alt=\"M\u00e1quina sembradora de arroz con c\u00e1scara para empresas.\" class=\"wp-image-4020 size-full\"\/><\/figure><div class=\"wp-block-media-text__content\"> <ul class=\"wp-block-list\"> <li>Coloca una bandeja de pl\u00e1ntulas en el dispositivo autom\u00e1tico de alimentaci\u00f3n de bandejas y enciende la m\u00e1quina.<\/li>    <li>La cinta transportadora avanza la bandeja hacia la primera caja de suelo para cubrirla uniformemente.<\/li>    <li>Los cepillos eliminan el exceso de suelo de la bandeja.<\/li>    <li>El rociador de agua riega la bandeja.<\/li>    <li>La bandeja pasa por la secci\u00f3n de siembra, donde se siembran las semillas con precisi\u00f3n.<\/li>    <li>La bandeja se vuelve a mulching despu\u00e9s de la siembra para apoyar <a href=\"https:\/\/en.wikipedia.org\/wiki\/Seedling\" data-type=\"link\" data-id=\"https:\/\/en.wikipedia.org\/wiki\/Seedling\" target=\"_blank\" rel=\"noopener\">planta de semillero<\/a> crecimiento.<\/li>    <li>La m\u00e1quina apila autom\u00e1ticamente las bandejas de pl\u00e1ntulas, listas para ser recogidas por los trabajadores.<\/li> <\/ul> <\/div><\/div>    <h2 class=\"wp-block-heading\">Ventajas de la m\u00e1quina de pl\u00e1ntulas de vivero de arroz<\/h2>    <ol class=\"wp-block-list\"> <li><strong>Alta eficiencia de siembra<\/strong>. Combina mulching, siembra, riego y apilado autom\u00e1tico de bandejas en una sola m\u00e1quina para completar todas las tareas de siembra r\u00e1pidamente.<\/li>    <li><strong>Siembra precisa<\/strong>. Ahorra semillas de arroz y asegura que las pl\u00e1ntulas crezcan bien con una tasa de supervivencia alta.<\/li>    <li><strong>Alta automatizaci\u00f3n<\/strong>. Alimenta bandejas autom\u00e1ticamente, apila bandejas e incluye una cinta transportadora autom\u00e1tica de alimentaci\u00f3n de tierra, reduciendo los requisitos laborales.<\/li>    <li><strong>Operaci\u00f3n sencilla<\/strong>. La estructura sencilla permite que una persona complete todo el proceso de siembra de arroz de manera eficiente.<\/li> <\/ol>    <figure class=\"wp-block-gallery has-nested-images columns-default is-cropped wp-block-gallery-2 is-layout-flex wp-block-gallery-is-layout-flex\"> <figure class=\"wp-block-image size-large\"><img loading=\"lazy\" decoding=\"async\" width=\"720\" height=\"540\" data-id=\"4025\" src=\"https:\/\/taizyfarmequipment.com\/wp-content\/uploads\/2023\/01\/factory-.webp\" alt=\"M\u00e1quina de pl\u00e1ntulas de vivero de arroz en stock\" class=\"wp-image-4025\" title=\"Nuestra f\u00e1brica \"\/><figcaption class=\"wp-element-caption\">M\u00e1quina de pl\u00e1ntulas de vivero de arroz en stock<\/figcaption><\/figure>    <figure class=\"wp-block-image size-large\"><img loading=\"lazy\" decoding=\"async\" width=\"720\" height=\"540\" data-id=\"4027\" src=\"https:\/\/taizyfarmequipment.com\/wp-content\/uploads\/2023\/01\/part-of-our-factory-.webp\" alt=\"M\u00e1quina de pl\u00e1ntulas de vivero de arroz exportada\" class=\"wp-image-4027\" title=\"parte de nuestra f\u00e1brica \"\/><figcaption class=\"wp-element-caption\">M\u00e1quina de pl\u00e1ntulas de vivero de arroz exportada<\/figcaption><\/figure> <\/figure>    <h2 class=\"wp-block-heading\">Par\u00e1metros de la m\u00e1quina sembradora de semillas de arroz.<\/h2>    <figure class=\"wp-block-table\"><table><tbody><tr><td>Modelo<strong><\/strong><\/td><td>TZY-280A<strong><\/strong><\/td><\/tr><tr><td>Tama\u00f1o<\/td><td>6830*460*1020mm<strong><\/strong><\/td><\/tr><tr><td>Peso<\/td><td>190kg<strong><\/strong><\/td><\/tr><tr><td>Fuerza<\/td><td>240w para entrega 120w para siembra<strong><\/strong><\/td><\/tr><tr><td>Embudo auxiliar de suelo para semillero<\/td><td>45L<strong><\/strong><\/td><\/tr><tr><td>embudo de semillas<\/td><td>30L<strong><\/strong><\/td><\/tr><tr><td>Embudo auxiliar de suelo para semillero<\/td><td>45L<\/td><\/tr><tr><td>Cantidad de siembra (g\/bandeja)<\/td><td>95\uff5e304,5<strong><\/strong><\/td><\/tr><tr><td>Capacidad<\/td><td>969-1017bandeja\/hora<\/td><\/tr><tr><td>Espesor del subsuelo<\/td><td>18-25 mm<\/td><\/tr><tr><td>El espesor de la superficie del suelo.<\/td><td>3-9mm<\/td><\/tr><\/tbody><\/table><figcaption class=\"wp-element-caption\">Par\u00e1metros de la m\u00e1quina sembradora de semillas de arroz.<\/figcaption><\/figure>    <h2 class=\"wp-block-heading\">\u00bfCu\u00e1les son las m\u00e1quinas que pueden funcionar con la m\u00e1quina de pl\u00e1ntulas de arroz?<\/h2>    <div class=\"wp-block-media-text has-media-on-the-right is-stacked-on-mobile\"><div class=\"wp-block-media-text__content\"> <p class=\"translation-block\">La m\u00e1quina de pl\u00e1ntulas de arroz se puede usar en combinaci\u00f3n con un <a href=\"https:\/\/taizyfarmequipment.com\/es\/producto-2\/trasplantador-de-arroz-para-plantulas-de-arroz\/\" data-type=\"link\" data-id=\"https:\/\/taizyfarmequipment.com\/product\/rice-transplanter-for-rice-seedings\/\">trasplantador de arroz<\/a> para mejorar mucho la eficiencia. <\/p>    <p>Primero, la m\u00e1quina de pl\u00e1ntulas se utiliza para sembrar las semillas, y una vez que las pl\u00e1ntulas han crecido y madurado, se utiliza el trasplantador de arroz para plantarlas en el campo.<\/p> <\/div><figure class=\"wp-block-media-text__media\"><img loading=\"lazy\" decoding=\"async\" width=\"720\" height=\"540\" src=\"https:\/\/taizyfarmequipment.com\/wp-content\/uploads\/2022\/12\/rice-transplanter.webp\" alt=\"trasplantadora de arroz\" class=\"wp-image-4974 size-full\" srcset=\"https:\/\/taizyfarmequipment.com\/wp-content\/uploads\/2022\/12\/rice-transplanter.webp 720w, https:\/\/taizyfarmequipment.com\/wp-content\/uploads\/2022\/12\/rice-transplanter-300x225.webp 300w, https:\/\/taizyfarmequipment.com\/wp-content\/uploads\/2022\/12\/rice-transplanter-16x12.webp 16w\" sizes=\"auto, (max-width: 720px) 100vw, 720px\" \/><\/figure><\/div>    <h2 class=\"wp-block-heading\">M\u00e1quina de vivero de arroz vendida a Azerbaiy\u00e1n<\/h2>    <p>Un cliente de Azerbaiy\u00e1n nos compr\u00f3 una m\u00e1quina sembradora de semillas de arroz. El cliente se lo compr\u00f3 a su amigo. Mientras nos comunic\u00e1bamos con el cliente sobre la m\u00e1quina, le enviamos fotograf\u00edas, videos y par\u00e1metros de la m\u00e1quina. <\/p>    <p>Tambi\u00e9n presentamos al cliente dos modelos de nuestra m\u00e1quina de pl\u00e1ntulas de arroz. Uno es un modelo est\u00e1ndar y el otro es completamente autom\u00e1tico. Luego, el cliente decidi\u00f3 comprar la m\u00e1quina semillero de arroz completamente autom\u00e1tica despu\u00e9s de discutirlo con sus amigos.<\/p>    <figure class=\"wp-block-image size-large\"><img loading=\"lazy\" decoding=\"async\" width=\"720\" height=\"540\" src=\"https:\/\/taizyfarmequipment.com\/wp-content\/uploads\/2023\/01\/paddy-seed-sowing-machine-.jpg\" alt=\"Transporte de m\u00e1quina sembradora de semillas de arroz.\" class=\"wp-image-4028\" title=\"sembradora de semillas de arroz\"\/><figcaption class=\"wp-element-caption\">Transporte de m\u00e1quina sembradora de semillas de arroz.<\/figcaption><\/figure>    <h2 class=\"wp-block-heading\">\u00bfPor qu\u00e9 elegir comprar la m\u00e1quina autom\u00e1tica sembradora de semillas de arrozal con nosotros?<\/h2>    <p>Priorizamos la calidad y durabilidad del producto, asegurando que la m\u00e1quina sembradora de arroz con c\u00e1scara mantenga un rendimiento alto y estable durante per\u00edodos prolongados de uso. Adem\u00e1s, nuestro equipo de atenci\u00f3n al cliente est\u00e1 disponible para brindar soporte y responder cualquier pregunta sobre el uso y mantenimiento de la m\u00e1quina.<\/p>    <p>Si imagina mejorar la eficiencia de la siembra de arroz, reducir los costos laborales y mejorar el futuro de la producci\u00f3n agr\u00edcola, nuestra m\u00e1quina sembradora de arroz con c\u00e1scara es la opci\u00f3n ideal. <\/p>    <h2 class=\"wp-block-heading\">Conclusi\u00f3n<\/h2>    <p>No dude en contactarnos en cualquier momento; Esperamos poder brindarle informaci\u00f3n m\u00e1s detallada y dise\u00f1ar la soluci\u00f3n que mejor se adapte a sus necesidades agr\u00edcolas. Al elegir nuestra m\u00e1quina, est\u00e1 dando un paso hacia una producci\u00f3n agr\u00edcola m\u00e1s eficiente, sostenible y exitosa.<\/p>","protected":false},"excerpt":{"rendered":"<p>La m\u00e1quina sembradora de semillas de arroz puede mejorar la eficiencia del cultivo de pl\u00e1ntulas de arroz. <\/p>","protected":false},"author":1,"featured_media":4019,"parent":0,"template":"","tags":[343],"product-type":[134],"class_list":["post-3944","product","type-product","status-publish","has-post-thumbnail","hentry","tag-automatic-rice-paddy-seed-sowing-machine","product-type-nursery-transplanter"],"_links":{"self":[{"href":"https:\/\/taizyfarmequipment.com\/es\/wp-json\/wp\/v2\/product\/3944","targetHints":{"allow":["GET"]}}],"collection":[{"href":"https:\/\/taizyfarmequipment.com\/es\/wp-json\/wp\/v2\/product"}],"about":[{"href":"https:\/\/taizyfarmequipment.com\/es\/wp-json\/wp\/v2\/types\/product"}],"author":[{"embeddable":true,"href":"https:\/\/taizyfarmequipment.com\/es\/wp-json\/wp\/v2\/users\/1"}],"wp:featuredmedia":[{"embeddable":true,"href":"https:\/\/taizyfarmequipment.com\/es\/wp-json\/wp\/v2\/media\/4019"}],"wp:attachment":[{"href":"https:\/\/taizyfarmequipment.com\/es\/wp-json\/wp\/v2\/media?parent=3944"}],"wp:term":[{"taxonomy":"post_tag","embeddable":true,"href":"https:\/\/taizyfarmequipment.com\/es\/wp-json\/wp\/v2\/tags?post=3944"},{"taxonomy":"product-type","embeddable":true,"href":"https:\/\/taizyfarmequipment.com\/es\/wp-json\/wp\/v2\/product-type?post=3944"}],"curies":[{"name":"wp","href":"https:\/\/api.w.org\/{rel}","templated":true}]}}