{"id":3965,"date":"2023-01-04T11:05:05","date_gmt":"2023-01-04T03:05:05","guid":{"rendered":"https:\/\/taizyfarmequipment.com\/?post_type=product&#038;p=3965"},"modified":"2024-09-09T17:48:51","modified_gmt":"2024-09-09T09:48:51","slug":"arado-de-disco-en-venta","status":"publish","type":"product","link":"https:\/\/taizyfarmequipment.com\/es\/product\/disc-plow-for-sale\/","title":{"rendered":"Venta de arado de discos para tractor de 4 ruedas"},"content":{"rendered":"<div class=\"kk-star-ratings kksr-auto kksr-align-left kksr-valign-top\"     data-payload='{&quot;align&quot;:&quot;left&quot;,&quot;id&quot;:&quot;3965&quot;,&quot;slug&quot;:&quot;default&quot;,&quot;valign&quot;:&quot;top&quot;,&quot;ignore&quot;:&quot;&quot;,&quot;reference&quot;:&quot;auto&quot;,&quot;class&quot;:&quot;&quot;,&quot;count&quot;:&quot;26&quot;,&quot;legendonly&quot;:&quot;&quot;,&quot;readonly&quot;:&quot;&quot;,&quot;score&quot;:&quot;4.7&quot;,&quot;starsonly&quot;:&quot;&quot;,&quot;best&quot;:&quot;5&quot;,&quot;gap&quot;:&quot;5&quot;,&quot;greet&quot;:&quot;Rate this product&quot;,&quot;legend&quot;:&quot;4.7\\\/5 - (26 votos)&quot;,&quot;size&quot;:&quot;24&quot;,&quot;title&quot;:&quot;Tractor 4-wheeler disc plow for sale&quot;,&quot;width&quot;:&quot;133.8&quot;,&quot;_legend&quot;:&quot;{score}\\\/{best} - ({count} {votes})&quot;,&quot;font_factor&quot;:&quot;1.25&quot;}'>              <div class=\"kksr-stars\">      <div class=\"kksr-stars-inactive\">             <div class=\"kksr-star\" data-star=\"1\" style=\"padding-right: 5px\">               <div class=\"kksr-icon\" style=\"width: 24px; height: 24px;\"><\/div>         <\/div>             <div class=\"kksr-star\" data-star=\"2\" style=\"padding-right: 5px\">               <div class=\"kksr-icon\" style=\"width: 24px; height: 24px;\"><\/div>         <\/div>             <div class=\"kksr-star\" data-star=\"3\" style=\"padding-right: 5px\">               <div class=\"kksr-icon\" style=\"width: 24px; height: 24px;\"><\/div>         <\/div>             <div class=\"kksr-star\" data-star=\"4\" style=\"padding-right: 5px\">               <div class=\"kksr-icon\" style=\"width: 24px; height: 24px;\"><\/div>         <\/div>             <div class=\"kksr-star\" data-star=\"5\" style=\"padding-right: 5px\">               <div class=\"kksr-icon\" style=\"width: 24px; height: 24px;\"><\/div>         <\/div>     <\/div>      <div class=\"kksr-stars-active\" style=\"width: 133.8px;\">             <div class=\"kksr-star\" style=\"padding-right: 5px\">               <div class=\"kksr-icon\" style=\"width: 24px; height: 24px;\"><\/div>         <\/div>             <div class=\"kksr-star\" style=\"padding-right: 5px\">               <div class=\"kksr-icon\" style=\"width: 24px; height: 24px;\"><\/div>         <\/div>             <div class=\"kksr-star\" style=\"padding-right: 5px\">               <div class=\"kksr-icon\" style=\"width: 24px; height: 24px;\"><\/div>         <\/div>             <div class=\"kksr-star\" style=\"padding-right: 5px\">               <div class=\"kksr-icon\" style=\"width: 24px; height: 24px;\"><\/div>         <\/div>             <div class=\"kksr-star\" style=\"padding-right: 5px\">               <div class=\"kksr-icon\" style=\"width: 24px; height: 24px;\"><\/div>         <\/div>     <\/div> <\/div>                   <div class=\"kksr-legend\" style=\"font-size: 19.2px;\">             4,7\/5 - (26 votos)    <\/div>     <\/div>  <p>El arado de discos a la venta puede aflojar la tierra de manera eficiente despu\u00e9s de la cosecha. Impulsado por tractores de 18 a 160 CV, este equipo permite a los agricultores remover la tierra con facilidad, reduciendo significativamente el trabajo manual. <\/p>    <p>Al minimizar la compactaci\u00f3n del suelo y mejorar la aireaci\u00f3n y la penetraci\u00f3n del agua, el arado de discos crea condiciones \u00f3ptimas para un crecimiento saludable de los cultivos.<\/p>    <figure class=\"wp-block-embed is-type-video is-provider-youtube wp-block-embed-youtube wp-embed-aspect-16-9 wp-has-aspect-ratio\"><div class=\"wp-block-embed__wrapper\"> <iframe loading=\"lazy\" title=\"Por qu\u00e9 este arado de disco es imprescindible para todo agricultor #agriculture #farming #plowing\" width=\"500\" height=\"281\" src=\"https:\/\/www.youtube.com\/embed\/oKwRLv9Ahp8?feature=oembed\" frameborder=\"0\" allow=\"accelerometer; autoplay; clipboard-write; encrypted-media; gyroscope; picture-in-picture; web-share\" referrerpolicy=\"strict-origin-when-cross-origin\" allowfullscreen><\/iframe> <\/div><figcaption class=\"wp-element-caption\">video de trabajo del arado de disco<\/figcaption><\/figure>    <h2 class=\"wp-block-heading\">Se vende arado de disco<\/h2>    <p>El arado de discos que se vende se basa principalmente en su disco c\u00f3ncavo para un aflojamiento eficaz del suelo. Taizy ofrece varios modelos para satisfacer las diferentes necesidades agr\u00edcolas, con opciones que van desde dos discos en el modelo m\u00e1s peque\u00f1o hasta seis discos en el m\u00e1s grande. <\/p>    <p>Adem\u00e1s de m\u00faltiples tama\u00f1os, Taizy tambi\u00e9n ofrece tres estilos distintos de arados de disco: arados triangulares, de tubo redondo y para peces peque\u00f1os, ofreciendo a los clientes una amplia gama de opciones para satisfacer sus necesidades espec\u00edficas.<\/p>    <p class=\"translation-block\">Al usar el arado de discos, se conecta a un tractor mediante un sistema de suspensi\u00f3n de tres puntos. Para clientes que ya poseen tractores, determinamos el tama\u00f1o adecuado del arado en funci\u00f3n de la potencia del <a href=\"https:\/\/en.wikipedia.org\/wiki\/Tractor\" data-type=\"link\" data-id=\"https:\/\/en.wikipedia.org\/wiki\/Tractor\" target=\"_blank\" rel=\"noopener\">tractor<\/a>.<\/p>    <figure class=\"wp-block-image size-full\"><img loading=\"lazy\" decoding=\"async\" width=\"720\" height=\"540\" src=\"https:\/\/taizyfarmequipment.com\/wp-content\/uploads\/2023\/01\/disc-plow-for-sale-in-stock.webp\" alt=\"arado de disco a la venta en stock\" class=\"wp-image-4668\" srcset=\"https:\/\/taizyfarmequipment.com\/wp-content\/uploads\/2023\/01\/disc-plow-for-sale-in-stock.webp 720w, https:\/\/taizyfarmequipment.com\/wp-content\/uploads\/2023\/01\/disc-plow-for-sale-in-stock-300x225.webp 300w, https:\/\/taizyfarmequipment.com\/wp-content\/uploads\/2023\/01\/disc-plow-for-sale-in-stock-16x12.webp 16w\" sizes=\"auto, (max-width: 720px) 100vw, 720px\" \/><figcaption class=\"wp-element-caption\">arado de disco a la venta en stock<\/figcaption><\/figure>    <h3 class=\"wp-block-heading\"><strong>Caracter\u00edsticas clave<\/strong><\/h3>    <ul class=\"wp-block-list\"> <li><strong>Modelos de disco.<\/strong> Disponible con 2 a 6 discos.<\/li>    <li><strong>Estilos<\/strong>. Arados triangulares, de tubo redondo y para peces peque\u00f1os.<\/li>    <li><strong>Compatibilidad con tractores.<\/strong> Se fija al tractor mediante un sistema de suspensi\u00f3n de tres puntos.<\/li>    <li><strong>Personalizaci\u00f3n<\/strong>. El tama\u00f1o del arado se adapta a la potencia del tractor del cliente.<\/li> <\/ul>    <figure class=\"wp-block-gallery has-nested-images columns-default is-cropped wp-block-gallery-2 is-layout-flex wp-block-gallery-is-layout-flex\"> <figure class=\"wp-block-image size-large\"><img loading=\"lazy\" decoding=\"async\" width=\"720\" height=\"540\" data-id=\"3985\" src=\"https:\/\/taizyfarmequipment.com\/wp-content\/uploads\/2023\/01\/triangular-disc-plow-for-sale-.webp\" alt=\"Arado de disco triangular en venta\" class=\"wp-image-3985\" title=\"Arado de disco triangular en venta\"\/><figcaption class=\"wp-element-caption\">Arado de disco triangular en venta<\/figcaption><\/figure>    <figure class=\"wp-block-image size-large\"><img loading=\"lazy\" decoding=\"async\" width=\"720\" height=\"540\" data-id=\"3986\" src=\"https:\/\/taizyfarmequipment.com\/wp-content\/uploads\/2023\/01\/round-tube-disc-plough-.webp\" alt=\"arado de disco de tubo redondo \" class=\"wp-image-3986\" title=\"arado de disco de tubo redondo \"\/><figcaption class=\"wp-element-caption\">arado de disco de tubo redondo<\/figcaption><\/figure>    <figure class=\"wp-block-image size-large\"><img loading=\"lazy\" decoding=\"async\" width=\"720\" height=\"540\" data-id=\"3987\" src=\"https:\/\/taizyfarmequipment.com\/wp-content\/uploads\/2023\/01\/small-fish-plow-.webp\" alt=\"arado para peces peque\u00f1os\" class=\"wp-image-3987\" title=\"arado para peces peque\u00f1os\"\/><figcaption class=\"wp-element-caption\">arado para peces peque\u00f1os<\/figcaption><\/figure> <\/figure>    <h2 class=\"wp-block-heading\">Aplicaciones de arados de discos de 4 ruedas<\/h2>    <p>El arado de discos es ideal para manejar diversas condiciones desafiantes de tierras agr\u00edcolas. Destaca en arar regiones secas, romper tierras bald\u00edas y trabajar en suelos mezclados con escombros. <\/p>    <p>Su dise\u00f1o garantiza un rendimiento fiable en diferentes terrenos, lo que la convierte en una opci\u00f3n vers\u00e1til para la agricultura moderna.<\/p>    <figure class=\"wp-block-image size-full\"><img loading=\"lazy\" decoding=\"async\" width=\"720\" height=\"540\" src=\"https:\/\/taizyfarmequipment.com\/wp-content\/uploads\/2023\/01\/industrial-disc-plow-for-sale.webp\" alt=\"arado de disco industrial en venta\" class=\"wp-image-4673\" srcset=\"https:\/\/taizyfarmequipment.com\/wp-content\/uploads\/2023\/01\/industrial-disc-plow-for-sale.webp 720w, https:\/\/taizyfarmequipment.com\/wp-content\/uploads\/2023\/01\/industrial-disc-plow-for-sale-300x225.webp 300w, https:\/\/taizyfarmequipment.com\/wp-content\/uploads\/2023\/01\/industrial-disc-plow-for-sale-16x12.webp 16w\" sizes=\"auto, (max-width: 720px) 100vw, 720px\" \/><figcaption class=\"wp-element-caption\">arado de disco industrial en venta<\/figcaption><\/figure>    <h3 class=\"wp-block-heading\"><strong>\u00c1mbito de aplicaci\u00f3n:<\/strong><\/h3>    <ul class=\"wp-block-list\"> <li>Adecuado para arar terrenos maduros en zonas de cultivo de secano.<\/li>    <li>Eficaz para limpiar terrenos bald\u00edos cubiertos de malas hierbas.<\/li>    <li>Capaz de labrar suelos que contienen escombros de mamposter\u00eda.<\/li> <\/ul>    <figure class=\"wp-block-image size-full\"><img loading=\"lazy\" decoding=\"async\" width=\"720\" height=\"540\" src=\"https:\/\/taizyfarmequipment.com\/wp-content\/uploads\/2023\/01\/disc-plow-for-sale-2.webp\" alt=\" arado de disco en venta\" class=\"wp-image-3970\" title=\" arado de disco en venta\"\/><figcaption class=\"wp-element-caption\"> arado de disco en venta<\/figcaption><\/figure>    <h2 class=\"wp-block-heading\">Par\u00e1metros del arado de disco.<\/h2>    <figure class=\"wp-block-table\"><table><tbody><tr><td>Modelo<\/td><td>1LYQ-220<\/td><td>1LYQ-315<\/td><td>1LYQ-320<\/td><td>1LYQ-325<\/td><td>1LYQ-425<\/td><td>1LYQ-525<\/td><td>1LYQ-625<\/td><\/tr><tr><td>Ancho de corte(mm)<\/td><td>400<\/td><td>450<\/td><td>600<\/td><td>750<\/td><td>1000<\/td><td>1250<\/td><td>1500<\/td><\/tr><tr><td>Profundidad de corte (mm)<\/td><td>200<\/td><td>200<\/td><td>200<\/td><td>250-300<\/td><td>250-300<\/td><td>250-300<\/td><td>250-300<\/td><\/tr><tr><td>Di\u00e1metro del disco (mm)<\/td><td>510<\/td><td>460<\/td><td>510<\/td><td>600<\/td><td>600<\/td><td>600<\/td><td>600<\/td><\/tr><tr><td>cantidad de disco<\/td><td>2<\/td><td>3<\/td><td>3<\/td><td>3<\/td><td>4<\/td><td>5<\/td><td>6<\/td><\/tr><tr><td>Peso (kg)<\/td><td>140<\/td><td>160<\/td><td>190<\/td><td>420<\/td><td>490<\/td><td>565<\/td><td>640<\/td><\/tr><tr><td>Polvo de tractor (hp)<\/td><td>18<\/td><td>25<\/td><td>25-40<\/td><td>50<\/td><td>90<\/td><td>120<\/td><td>160<\/td><\/tr><tr><td>gato montado<\/td><td>Cat1: Suspensi\u00f3n de tres puntos<\/td><td>Cat1<\/td><td>Cat1<\/td><td>Cat2: Suspensi\u00f3n de tres puntos<\/td><td>Cat2<\/td><td>Cat2<\/td><td>Cat2<\/td><\/tr><\/tbody><\/table><figcaption class=\"wp-element-caption\">par\u00e1metro del arado de disco<\/figcaption><\/figure>    <h2 class=\"wp-block-heading\">Estructura del arado de discos de 4 ruedas.<\/h2>    <p>La estructura del arado de 4 ruedas est\u00e1 dise\u00f1ada para facilitar su operaci\u00f3n, permitiendo que una sola persona maneje diferentes modelos de manera efectiva. <\/p>    <p>Con un dise\u00f1o simple, el arado est\u00e1 construido para una preparaci\u00f3n confiable del suelo y un uso eficiente en tareas agr\u00edcolas. El arado de disco triangular, por ejemplo, consta de varios componentes esenciales que garantizan su buen funcionamiento.<\/p>    <figure class=\"wp-block-gallery has-nested-images columns-default is-cropped wp-block-gallery-3 is-layout-flex wp-block-gallery-is-layout-flex\"> <figure class=\"wp-block-image size-large\"><img loading=\"lazy\" decoding=\"async\" width=\"720\" height=\"540\" data-id=\"4669\" src=\"https:\/\/taizyfarmequipment.com\/wp-content\/uploads\/2023\/01\/disc-plow-for-sale-price.webp\" alt=\"arado de disco a precio de venta\" class=\"wp-image-4669\" srcset=\"https:\/\/taizyfarmequipment.com\/wp-content\/uploads\/2023\/01\/disc-plow-for-sale-price.webp 720w, https:\/\/taizyfarmequipment.com\/wp-content\/uploads\/2023\/01\/disc-plow-for-sale-price-300x225.webp 300w, https:\/\/taizyfarmequipment.com\/wp-content\/uploads\/2023\/01\/disc-plow-for-sale-price-16x12.webp 16w\" sizes=\"auto, (max-width: 720px) 100vw, 720px\" \/><figcaption class=\"wp-element-caption\">arado de disco a precio de venta<\/figcaption><\/figure>    <figure class=\"wp-block-image size-large\"><img loading=\"lazy\" decoding=\"async\" width=\"720\" height=\"540\" data-id=\"4670\" src=\"https:\/\/taizyfarmequipment.com\/wp-content\/uploads\/2023\/01\/disc-plow-for-sale.webp\" alt=\"arado de disco en venta\" class=\"wp-image-4670\" srcset=\"https:\/\/taizyfarmequipment.com\/wp-content\/uploads\/2023\/01\/disc-plow-for-sale.webp 720w, https:\/\/taizyfarmequipment.com\/wp-content\/uploads\/2023\/01\/disc-plow-for-sale-300x225.webp 300w, https:\/\/taizyfarmequipment.com\/wp-content\/uploads\/2023\/01\/disc-plow-for-sale-16x12.webp 16w\" sizes=\"auto, (max-width: 720px) 100vw, 720px\" \/><figcaption class=\"wp-element-caption\">arado de disco en venta<\/figcaption><\/figure> <\/figure>    <h3 class=\"wp-block-heading\"><strong>Componentes estructurales clave del arado de discos de 4 ruedas<\/strong><\/h3>    <ul class=\"wp-block-list\"> <li><strong>Cuerpo de arado de discos.<\/strong> La mayor parte es responsable de la penetraci\u00f3n y el aflojamiento del suelo.<\/li>    <li><strong>Rueda trasera.<\/strong> Ayuda a mantener el equilibrio y controla la profundidad de arado.<\/li>    <li><strong>Placa volteadora de suelo.<\/strong> Garantiza un giro del suelo suave y eficiente durante la operaci\u00f3n.<\/li>    <li><strong>Marco de arado.<\/strong> Proporciona soporte estructural para todo el conjunto.<\/li>    <li><strong>Marco de suspensi\u00f3n.<\/strong> Conecta el arado al tractor mediante un enganche de tres puntos.<\/li>    <li><strong>Mango de ajuste del eje de suspensi\u00f3n.<\/strong> Permite un f\u00e1cil ajuste de posici\u00f3n y profundidad.<\/li>    <li><strong>Eje de suspensi\u00f3n.<\/strong> Estabiliza la conexi\u00f3n entre el arado y el tractor.<\/li> <\/ul>    <p>Este dise\u00f1o bien estructurado garantiza que el arado de 4 ruedas funcione de manera confiable y eficiente en diversos entornos agr\u00edcolas.<\/p>    <figure class=\"wp-block-image size-full\"><img loading=\"lazy\" decoding=\"async\" width=\"720\" height=\"540\" src=\"https:\/\/taizyfarmequipment.com\/wp-content\/uploads\/2023\/01\/4-wheeler-disc-plow-.webp\" alt=\" arado de disco en venta\" class=\"wp-image-3969\" title=\" arado de disco en venta\"\/><figcaption class=\"wp-element-caption\"> arado de disco en venta<\/figcaption><\/figure>    <h2 class=\"wp-block-heading\">\u00bfC\u00f3mo funciona el arado de 3 discos?<\/h2>    <p>El arado de 3 discos funciona aprovechando la rotaci\u00f3n de sus discos c\u00f3ncavos para cortar, levantar y girar la tierra. A medida que el tractor empuja el arado hacia adelante, los discos giran alrededor de su eje central. <\/p>    <p>Los bordes afilados de los discos cortan el suelo, mientras que las superficies c\u00f3ncavas ayudan a levantar y voltear el suelo hacia un lado, lo que da como resultado surcos bien formados que preparan la tierra para plantar.<\/p>    <h3 class=\"wp-block-heading\"><strong>Pasos clave de c\u00f3mo funciona el arado<\/strong><\/h3>    <ul class=\"wp-block-list\"> <li>El tractor tira del arado iniciando la rotaci\u00f3n del disco.<\/li>    <li>Los bordes de los discos cortan el suelo a medida que avanzan.<\/li>    <li>Los discos c\u00f3ncavos levantan el suelo gir\u00e1ndolo hacia un lado y hacia atr\u00e1s.<\/li>    <li>Despu\u00e9s de remover la tierra se crea un surco, dejando el campo listo para el cultivo.<\/li> <\/ul>    <figure class=\"wp-block-image size-full\"><img loading=\"lazy\" decoding=\"async\" width=\"720\" height=\"540\" src=\"https:\/\/taizyfarmequipment.com\/wp-content\/uploads\/2023\/01\/3-disc-plough-.webp\" alt=\"arado de 3 discos\" class=\"wp-image-3971\" title=\"arado de 3 discos\"\/><figcaption class=\"wp-element-caption\">arado de 3 discos<\/figcaption><\/figure>    <h2 class=\"wp-block-heading\">Ventajas del arado de discos del tractor.<\/h2>    <ul class=\"wp-block-list\"> <li><strong>Operaci\u00f3n eficiente.<\/strong> Funciona sin enredarse en el c\u00e9sped, bloquearse ni verse afectado por la tierra joven.<\/li>    <li><strong>Uso vers\u00e1til.<\/strong> Adecuado para arar tierras agr\u00edcolas complejas con malezas, tallos y resistencia del suelo.<\/li>    <li><strong>Eficiencia mejorada.<\/strong> Reduce el tiempo de giro de la cabeza del tractor, mejorando la eficiencia laboral general.<\/li>    <li><strong>Rendimiento en condiciones secas.<\/strong> Opera eficazmente sin humedad, reduciendo las zanjas de humedad y nivelando la superficie.<\/li>    <li><strong>Compacto y rentable.<\/strong> El arado pendular horizontal tiene una estructura compacta, pesa aproximadamente un tercio menos que un arado giratorio y es m\u00e1s asequible.<\/li> <\/ul>    <figure class=\"wp-block-image size-full\"><img loading=\"lazy\" decoding=\"async\" width=\"720\" height=\"540\" src=\"https:\/\/taizyfarmequipment.com\/wp-content\/uploads\/2023\/01\/tractor-disc-plow-.webp\" alt=\"arado de disco para tractor\" class=\"wp-image-3972\" title=\"arado de disco para tractor\"\/><figcaption class=\"wp-element-caption\">arado de disco para tractor<\/figcaption><\/figure>    <h2 class=\"wp-block-heading\">\u00bfPor qu\u00e9 necesitamos arar?<\/h2>    <p>El arado es esencial para una preparaci\u00f3n eficaz del lecho de siembra y ofrece numerosos beneficios que mejoran la calidad del suelo y la productividad de los cultivos. <\/p>    <p>Desempe\u00f1a un papel crucial en la descomposici\u00f3n del suelo, el control de malezas y plagas y la mejora del manejo de los rastrojos. <\/p>    <p>Al incorporar diversos residuos de suelo y cultivos, el arado tambi\u00e9n aumenta la actividad y la estructura del suelo.<\/p>    <figure class=\"wp-block-image size-full\"><img loading=\"lazy\" decoding=\"async\" width=\"720\" height=\"540\" src=\"https:\/\/taizyfarmequipment.com\/wp-content\/uploads\/2023\/01\/high-quality-disc-plow-for-sale.webp\" alt=\"Arado de disco de alta calidad a la venta.\" class=\"wp-image-4672\" srcset=\"https:\/\/taizyfarmequipment.com\/wp-content\/uploads\/2023\/01\/high-quality-disc-plow-for-sale.webp 720w, https:\/\/taizyfarmequipment.com\/wp-content\/uploads\/2023\/01\/high-quality-disc-plow-for-sale-300x225.webp 300w, https:\/\/taizyfarmequipment.com\/wp-content\/uploads\/2023\/01\/high-quality-disc-plow-for-sale-16x12.webp 16w\" sizes=\"auto, (max-width: 720px) 100vw, 720px\" \/><figcaption class=\"wp-element-caption\">Arado de disco de alta calidad a la venta.<\/figcaption><\/figure>    <h3 class=\"wp-block-heading\"><strong>Razones para arar<\/strong><\/h3>    <ul class=\"wp-block-list\"> <li><strong>Rompimiento del suelo.<\/strong> Logra la fragmentaci\u00f3n del suelo y prepara un semillero adecuado.<\/li>    <li><strong>Control de malezas y plagas.<\/strong> Ayuda a controlar y reducir malezas y plagas.<\/li>    <li><strong>Mejora del manejo de los rastrojos.<\/strong> Facilita una mejor descomposici\u00f3n de los residuos de cultivos.<\/li>    <li><strong>Mejora de la estructura del suelo.<\/strong> Mezcla suelo y residuos de cultivos para mejorar la estructura general del suelo.<\/li>    <li><strong>Distribuci\u00f3n uniforme del suelo.<\/strong> Garantiza una estructura del suelo m\u00e1s uniforme y mejora la distribuci\u00f3n de la humedad, incluidos el agua, el ox\u00edgeno, los nutrientes y la aireaci\u00f3n.<\/li>    <li><strong>Uso reducido de productos qu\u00edmicos.<\/strong> Entierra profundamente paja y rastrojos, reduciendo la necesidad de herbicidas y reduciendo la contaminaci\u00f3n ambiental.<\/li> <\/ul>    <figure class=\"wp-block-image size-full\"><img loading=\"lazy\" decoding=\"async\" width=\"720\" height=\"540\" src=\"https:\/\/taizyfarmequipment.com\/wp-content\/uploads\/2023\/01\/effective-disc-plow-for-sale.webp\" alt=\"Arado de disco eficaz a la venta.\" class=\"wp-image-4671\" title=\"arado de disco\" srcset=\"https:\/\/taizyfarmequipment.com\/wp-content\/uploads\/2023\/01\/effective-disc-plow-for-sale.webp 720w, https:\/\/taizyfarmequipment.com\/wp-content\/uploads\/2023\/01\/effective-disc-plow-for-sale-300x225.webp 300w, https:\/\/taizyfarmequipment.com\/wp-content\/uploads\/2023\/01\/effective-disc-plow-for-sale-16x12.webp 16w\" sizes=\"auto, (max-width: 720px) 100vw, 720px\" \/><figcaption class=\"wp-element-caption\">Arado de disco eficaz a la venta.<\/figcaption><\/figure>    <h2 class=\"wp-block-heading\">\u00a1Cont\u00e1ctenos!<\/h2>    <p>En Taizy, nos enorgullecemos de ofrecer maquinaria agr\u00edcola de primer nivel con un rendimiento y confiabilidad excepcionales. Nuestro arado de discos es s\u00f3lo un ejemplo de nuestro compromiso con la calidad y la innovaci\u00f3n. <\/p>    <p class=\"translation-block\">Adem\u00e1s, ofrecemos un <a href=\"https:\/\/taizyfarmequipment.com\/es\/producto-2\/arado-de-disco-de-alta-resistencia-en-venta\/\">Grada de discos hidr\u00e1ulica de gran resistencia<\/a> en venta, dise\u00f1ada para manejar las condiciones de suelo m\u00e1s duras con facilidad.<\/p>    <p>Elija Taizy para obtener soluciones agr\u00edcolas avanzadas que impulsen su \u00e9xito. Cont\u00e1ctenos hoy para obtener m\u00e1s informaci\u00f3n sobre nuestros productos y c\u00f3mo podemos satisfacer sus necesidades agr\u00edcolas.<\/p>","protected":false},"excerpt":{"rendered":"<p>El arado de discos a la venta puede aflojar la tierra de manera eficiente despu\u00e9s de la cosecha. Impulsado por tractores de 18 a 160 CV, este equipo permite a los agricultores remover la tierra con facilidad, reduciendo significativamente el trabajo manual. <\/p>","protected":false},"author":1,"featured_media":3983,"parent":0,"template":"","tags":[336,334,335],"product-type":[302],"class_list":["post-3965","product","type-product","status-publish","has-post-thumbnail","hentry","tag-agriculture","tag-disc-plow","tag-farming","product-type-arable-plows"],"_links":{"self":[{"href":"https:\/\/taizyfarmequipment.com\/es\/wp-json\/wp\/v2\/product\/3965","targetHints":{"allow":["GET"]}}],"collection":[{"href":"https:\/\/taizyfarmequipment.com\/es\/wp-json\/wp\/v2\/product"}],"about":[{"href":"https:\/\/taizyfarmequipment.com\/es\/wp-json\/wp\/v2\/types\/product"}],"author":[{"embeddable":true,"href":"https:\/\/taizyfarmequipment.com\/es\/wp-json\/wp\/v2\/users\/1"}],"wp:featuredmedia":[{"embeddable":true,"href":"https:\/\/taizyfarmequipment.com\/es\/wp-json\/wp\/v2\/media\/3983"}],"wp:attachment":[{"href":"https:\/\/taizyfarmequipment.com\/es\/wp-json\/wp\/v2\/media?parent=3965"}],"wp:term":[{"taxonomy":"post_tag","embeddable":true,"href":"https:\/\/taizyfarmequipment.com\/es\/wp-json\/wp\/v2\/tags?post=3965"},{"taxonomy":"product-type","embeddable":true,"href":"https:\/\/taizyfarmequipment.com\/es\/wp-json\/wp\/v2\/product-type?post=3965"}],"curies":[{"name":"wp","href":"https:\/\/api.w.org\/{rel}","templated":true}]}}