{"id":3988,"date":"2023-01-05T14:40:47","date_gmt":"2023-01-05T06:40:47","guid":{"rendered":"https:\/\/taizyfarmequipment.com\/?post_type=product&#038;p=3988"},"modified":"2025-11-26T16:10:56","modified_gmt":"2025-11-26T08:10:56","slug":"arado-de-disco-de-alta-resistencia-en-venta","status":"publish","type":"product","link":"https:\/\/taizyfarmequipment.com\/es\/product\/heavy-duty-disc-harrow-for-sale\/","title":{"rendered":"Se vende grada de discos hidr\u00e1ulica de alta resistencia"},"content":{"rendered":"<div class=\"kk-star-ratings kksr-auto kksr-align-left kksr-valign-top\"     data-payload='{&quot;align&quot;:&quot;left&quot;,&quot;id&quot;:&quot;3988&quot;,&quot;slug&quot;:&quot;default&quot;,&quot;valign&quot;:&quot;top&quot;,&quot;ignore&quot;:&quot;&quot;,&quot;reference&quot;:&quot;auto&quot;,&quot;class&quot;:&quot;&quot;,&quot;count&quot;:&quot;8&quot;,&quot;legendonly&quot;:&quot;&quot;,&quot;readonly&quot;:&quot;&quot;,&quot;score&quot;:&quot;4.9&quot;,&quot;starsonly&quot;:&quot;&quot;,&quot;best&quot;:&quot;5&quot;,&quot;gap&quot;:&quot;5&quot;,&quot;greet&quot;:&quot;Rate this product&quot;,&quot;legend&quot;:&quot;4.9\\\/5 - (8 votos)&quot;,&quot;size&quot;:&quot;24&quot;,&quot;title&quot;:&quot;Hydraulic heavy duty disc harrow for sale&quot;,&quot;width&quot;:&quot;139.6&quot;,&quot;_legend&quot;:&quot;{score}\\\/{best} - ({count} {votes})&quot;,&quot;font_factor&quot;:&quot;1.25&quot;}'>              <div class=\"kksr-stars\">      <div class=\"kksr-stars-inactive\">             <div class=\"kksr-star\" data-star=\"1\" style=\"padding-right: 5px\">               <div class=\"kksr-icon\" style=\"width: 24px; height: 24px;\"><\/div>         <\/div>             <div class=\"kksr-star\" data-star=\"2\" style=\"padding-right: 5px\">               <div class=\"kksr-icon\" style=\"width: 24px; height: 24px;\"><\/div>         <\/div>             <div class=\"kksr-star\" data-star=\"3\" style=\"padding-right: 5px\">               <div class=\"kksr-icon\" style=\"width: 24px; height: 24px;\"><\/div>         <\/div>             <div class=\"kksr-star\" data-star=\"4\" style=\"padding-right: 5px\">               <div class=\"kksr-icon\" style=\"width: 24px; height: 24px;\"><\/div>         <\/div>             <div class=\"kksr-star\" data-star=\"5\" style=\"padding-right: 5px\">               <div class=\"kksr-icon\" style=\"width: 24px; height: 24px;\"><\/div>         <\/div>     <\/div>      <div class=\"kksr-stars-active\" style=\"width: 139.6px;\">             <div class=\"kksr-star\" style=\"padding-right: 5px\">               <div class=\"kksr-icon\" style=\"width: 24px; height: 24px;\"><\/div>         <\/div>             <div class=\"kksr-star\" style=\"padding-right: 5px\">               <div class=\"kksr-icon\" style=\"width: 24px; height: 24px;\"><\/div>         <\/div>             <div class=\"kksr-star\" style=\"padding-right: 5px\">               <div class=\"kksr-icon\" style=\"width: 24px; height: 24px;\"><\/div>         <\/div>             <div class=\"kksr-star\" style=\"padding-right: 5px\">               <div class=\"kksr-icon\" style=\"width: 24px; height: 24px;\"><\/div>         <\/div>             <div class=\"kksr-star\" style=\"padding-right: 5px\">               <div class=\"kksr-icon\" style=\"width: 24px; height: 24px;\"><\/div>         <\/div>     <\/div> <\/div>                   <div class=\"kksr-legend\" style=\"font-size: 19.2px;\">             4,9\/5 - (8 votos)    <\/div>     <\/div>  <p>La grada de discos de alta resistencia se utiliza principalmente para romper la tierra despu\u00e9s de arar. Esto cumple con los requisitos del suelo antes de la siembra. El disco del tractor de alta resistencia tambi\u00e9n se puede utilizar para desmalezar, labrar poco y eliminar rastrojos en terrenos de rastrojos. <\/p>    <p class=\"translation-block\">En general, un rastra de discos es un conjunto de rastras con m\u00faltiples discos c\u00f3ncavos o dentados fijados a un eje horizontal. Y todos aramos el terreno con un <a href=\"https:\/\/taizyfarmequipment.com\/es\/producto-2\/arado-de-disco-en-venta\/\">arado de discos<\/a> antes de rastrillarlo.<\/p>    <h2 class=\"wp-block-heading\">Introducci\u00f3n de la grada de discos de alta resistencia.<\/h2>    <p>Hay varios tipos de gradas de discos de alta resistencia producidas por Taizy. Y producimos gradas de discos opuestas para trabajos pesados, gradas de discos desplazadas para trabajos pesados, gradas pesadas plegables hidr\u00e1ulicas, etc.<\/p>    <p class=\"translation-block\">Estos tipos de <a href=\"https:\/\/www.agriculture-machine.com\/heavy-disc-harrow-hydraulic-trailed-heavy-duty-harrow\/\" target=\"_blank\" rel=\"noopener\">rastras de discos de servicio pesado<\/a> se accionan por presi\u00f3n hidr\u00e1ulica. La rastra de discos de servicio pesado se utiliza principalmente en campos antes de labrar rastrojos, rompiendo la superficie de los rastrojos y triturando la paja de vuelta al campo. Tambi\u00e9n realiza operaciones de suelo triturado despu\u00e9s del arado, nivelaci\u00f3n y conservaci\u00f3n de humedad.<\/p>    <p>Tiene las caracter\u00edsticas de estructura razonable, fuerte y duradera, transporte conveniente, radio de giro peque\u00f1o, f\u00e1cil ajuste, mantenimiento, etc. <\/p>    <figure class=\"wp-block-gallery has-nested-images columns-default is-cropped wp-block-gallery-2 is-layout-flex wp-block-gallery-is-layout-flex\"> <figure class=\"wp-block-image size-large\"><img loading=\"lazy\" decoding=\"async\" width=\"720\" height=\"540\" data-id=\"3991\" src=\"https:\/\/taizyfarmequipment.com\/wp-content\/uploads\/2023\/01\/opposed-heavy-duty-disc-harrows-.webp\" alt=\"gradas de discos opuestas para cargas pesadas\" class=\"wp-image-3991\" title=\"gradas de discos opuestas para cargas pesadas\"\/><figcaption class=\"wp-element-caption\">gradas de discos opuestas para cargas pesadas<\/figcaption><\/figure>    <figure class=\"wp-block-image size-large\"><img loading=\"lazy\" decoding=\"async\" width=\"720\" height=\"540\" data-id=\"3992\" src=\"https:\/\/taizyfarmequipment.com\/wp-content\/uploads\/2023\/01\/offset-heavy-duty-disc-harrows-.webp\" alt=\"gradas de discos compensadas para trabajos pesados\" class=\"wp-image-3992\" title=\"gradas de discos compensadas para trabajos pesados\"\/><figcaption class=\"wp-element-caption\">gradas de discos compensadas para trabajos pesados<\/figcaption><\/figure>    <figure class=\"wp-block-image size-large\"><img loading=\"lazy\" decoding=\"async\" width=\"720\" height=\"540\" data-id=\"3993\" src=\"https:\/\/taizyfarmequipment.com\/wp-content\/uploads\/2023\/01\/hydraulic-folding-heavy-harrows-.webp\" alt=\"gradas pesadas plegables hidr\u00e1ulicas\" class=\"wp-image-3993\" title=\"gradas pesadas plegables hidr\u00e1ulicas\"\/><figcaption class=\"wp-element-caption\">gradas pesadas plegables hidr\u00e1ulicas<\/figcaption><\/figure> <\/figure>    <h2 class=\"wp-block-heading\">Estructura de la grada de discos pesada<\/h2>    <p>La grada de discos de alta resistencia se compone principalmente de un disco, bastidor de grada, grupo de grada, dispositivo de tracci\u00f3n o suspensi\u00f3n, mecanismo de ajuste de declinaci\u00f3n, etc. Toda la m\u00e1quina tiene una estructura simple, operaci\u00f3n conveniente y f\u00e1cil de operar. Y es f\u00e1cil de mantener y reparar. Toda la estructura de la m\u00e1quina es simple, f\u00e1cil de operar y tiene buen efecto de trabajo.<\/p>    <figure class=\"wp-block-image size-full is-resized\"><img loading=\"lazy\" decoding=\"async\" width=\"720\" height=\"540\" src=\"https:\/\/taizyfarmequipment.com\/wp-content\/uploads\/2023\/01\/heavy-disc-harrow-.webp\" alt=\"grada de discos pesada\" class=\"wp-image-3994\" style=\"width:720px;height:540px\" title=\"grada de discos pesada\"\/><figcaption class=\"wp-element-caption\">grada de discos pesada<\/figcaption><\/figure>    <h2 class=\"wp-block-heading\">\u00bfC\u00f3mo funciona la grada de discos desplazada de alta resistencia?<\/h2>    <p>Cuando la grada de discos de alta resistencia funciona, la hoja del disco est\u00e1 perpendicular al suelo. Y la direcci\u00f3n de la m\u00e1quina hacia adelante para formar un \u00e1ngulo oblicuo. Luego, bajo la acci\u00f3n de la tracci\u00f3n del tractor y la fuerza de reacci\u00f3n del suelo, la hoja del rastrillo rueda a lo largo del eje angular. Bajo la acci\u00f3n de la gravedad de succi\u00f3n del rastrillo, la cuchilla de succi\u00f3n del rastrillo corta el suelo. <\/p>    <p>Al mismo tiempo, la hoja de la grada de discos cort\u00f3 las ra\u00edces y los rastrojos de los cultivos, cortando el surco. La tierra se eleva ligeramente a lo largo de la superficie del rastrillo y luego cae, lo que tiene un cierto efecto de mantillo.<\/p>    <figure class=\"wp-block-image size-full\"><img loading=\"lazy\" decoding=\"async\" width=\"720\" height=\"540\" src=\"https:\/\/taizyfarmequipment.com\/wp-content\/uploads\/2023\/01\/heavy-disc-harrow-2.webp\" alt=\"grada de discos pesada\" class=\"wp-image-3995\" title=\"grada de discos pesada\"\/><figcaption class=\"wp-element-caption\">grada de discos pesada<\/figcaption><\/figure>    <h2 class=\"wp-block-heading\">Par\u00e1metros t\u00e9cnicos del disco offset pesado.<\/h2>    <figure class=\"wp-block-table\"><table><tbody><tr><td>Modelo<\/td><td>Ancho de trabajo (mm)<\/td><td>Profundidad de trabajo (mm)<\/td><td>Di\u00e1metro del disco (mm)<\/td><td>No. de disco (piezas)<\/td><td>Peso (kg)<\/td><td>Potencia combinada (hp)<\/td><td>Enlace<\/td><\/tr><tr><td>1BZ-1.8<\/td><td>1800<\/td><td>200<\/td><td>660<\/td><td>16<\/td><td>1160<\/td><td>70<\/td><td>Remolcado hidr\u00e1ulico con tractor<\/td><\/tr><tr><td>1BZ-2.2<\/td><td>2200<\/td><td>200<\/td><td>660<\/td><td>20<\/td><td>1250<\/td><td>80<\/td><td>Remolcado hidr\u00e1ulico con tractor<\/td><\/tr><tr><td>1BZ-2.5<\/td><td>2500<\/td><td>200<\/td><td>660<\/td><td>24<\/td><td>1350<\/td><td>90<\/td><td>Remolcado hidr\u00e1ulico con tractor<\/td><\/tr><tr><td>1BZ-3.0<\/td><td>3000<\/td><td>200<\/td><td>660<\/td><td>28<\/td><td>1430<\/td><td>100<\/td><td>Remolcado hidr\u00e1ulico con tractor<\/td><\/tr><tr><td>1BZ-3.4<\/td><td>3400<\/td><td>200<\/td><td>660<\/td><td>32<\/td><td>1550<\/td><td>120<\/td><td>Remolcado hidr\u00e1ulico con tractor<\/td><\/tr><tr><td>1BZ-4.0<\/td><td>4000<\/td><td>200<\/td><td>660<\/td><td>36<\/td><td>1900<\/td><td>150<\/td><td>Remolcado hidr\u00e1ulico con tractor<\/td><\/tr><tr><td>1BZ-5.3<\/td><td>5300<\/td><td>200<\/td><td>660<\/td><td>48<\/td><td>2500<\/td><td>180<\/td><td>Remolcado hidr\u00e1ulico con tractor<\/td><\/tr><\/tbody><\/table><figcaption class=\"wp-element-caption\">par\u00e1metro del disco de compensaci\u00f3n pesada<\/figcaption><\/figure>    <h2 class=\"wp-block-heading\">\u00bfCu\u00e1les son las ventajas de la grada de discos desplazada pesada?<\/h2>    <ol class=\"wp-block-list\"> <li>La grada de discos de alta resistencia tiene una alta tasa de trituraci\u00f3n del suelo, lo que favorece la labranza.<\/li>    <li>La grada pesada de discos tiene las caracter\u00edsticas de pasto no enredado, alta calidad de operaci\u00f3n y alta eficiencia.<\/li>    <li>La grada de discos de alta resistencia puede cortar y mezclar mejor los residuos de cultivos para formar un tama\u00f1o de suelo m\u00e1s regular.<\/li>    <li>La grada de discos es fuerte y duradera y puede penetrar mejor en suelos duros y con costras.<\/li>    <li>Buen rendimiento de la m\u00e1quina y trabajo diario estable.<\/li> <\/ol>    <figure class=\"wp-block-image size-full\"><img loading=\"lazy\" decoding=\"async\" width=\"720\" height=\"540\" src=\"https:\/\/taizyfarmequipment.com\/wp-content\/uploads\/2023\/01\/heavy-disc-harrow-3.webp\" alt=\"grada de discos pesada\" class=\"wp-image-3996\" title=\"grada de discos pesada\"\/><figcaption class=\"wp-element-caption\">grada de discos pesada<\/figcaption><\/figure>    <h2 class=\"wp-block-heading\">La diferencia entre grada de discos y arado de discos.<\/h2>    <ol class=\"wp-block-list\"> <li>El objeto de operaci\u00f3n y el papel de la m\u00e1quina son diferentes. El arado de discos se utiliza principalmente para arar y labrar terrenos bald\u00edos. Y la grada de discos se utiliza para triturar y nivelar tierras cultivadas.<\/li>    <li>La forma de conexi\u00f3n con la locomotora es diferente. El arado de discos tiene una suspensi\u00f3n de tres puntos, la grada de discos tiene un tipo de tracci\u00f3n grande y tambi\u00e9n hay tipos de suspensi\u00f3n peque\u00f1a.<\/li>    <li>La estructura de la m\u00e1quina y el funcionamiento de la fuerza son diferentes. El arado de disco es una suspensi\u00f3n de tres puntos, un dispositivo para equilibrar la presi\u00f3n lateral de la rueda trasera; la unidad est\u00e1 sujeta a presi\u00f3n lateral durante el funcionamiento. La grada de discos se compone de un marco de tracci\u00f3n, un marco de grada y m\u00faltiples grupos de discos con simetr\u00eda izquierda y derecha. Y la fuerza est\u00e1 relativamente equilibrada durante la operaci\u00f3n.<\/li>    <li>La estructura de las principales piezas de trabajo y el dispositivo son diferentes. Disco de arado c\u00f3ncavo esf\u00e9rico, espesor del borde del disco entre 0,5 y 1 mm. Declinaci\u00f3n del trabajo de 40-45. Y la superficie vertical en 15-25 grados de inclinaci\u00f3n. La concavidad esf\u00e9rica de la grada de discos es relativamente peque\u00f1a y el grosor del borde del disco es de 0,3 a 0,8 mm. Y la declinaci\u00f3n de trabajo es de 0-10 grados, sin inclinaci\u00f3n.<\/li> <\/ol>    <figure class=\"wp-block-gallery has-nested-images columns-default is-cropped wp-block-gallery-3 is-layout-flex wp-block-gallery-is-layout-flex\"> <figure class=\"wp-block-image size-large\"><img loading=\"lazy\" decoding=\"async\" width=\"720\" height=\"540\" data-id=\"3997\" src=\"https:\/\/taizyfarmequipment.com\/wp-content\/uploads\/2023\/01\/disc-plow-.webp\" alt=\"\" class=\"wp-image-3997\"\/><figcaption class=\"wp-element-caption\">arado de disco<\/figcaption><\/figure>    <figure class=\"wp-block-image size-large\"><img loading=\"lazy\" decoding=\"async\" width=\"720\" height=\"540\" data-id=\"3999\" src=\"https:\/\/taizyfarmequipment.com\/wp-content\/uploads\/2023\/01\/disc-harrow-.webp\" alt=\"rastra de discos \" class=\"wp-image-3999\" title=\"rastra de discos \"\/><figcaption class=\"wp-element-caption\">rastra de discos <\/figcaption><\/figure> <\/figure>    <p><\/p>","protected":false},"excerpt":{"rendered":"<p>La grada de discos de alta resistencia se utiliza principalmente para romper la tierra despu\u00e9s de arar. Esto cumple con los requisitos del suelo antes de la siembra.<\/p>","protected":false},"author":1,"featured_media":3990,"parent":0,"template":"","tags":[],"product-type":[302],"class_list":["post-3988","product","type-product","status-publish","has-post-thumbnail","hentry","product-type-arable-plows"],"_links":{"self":[{"href":"https:\/\/taizyfarmequipment.com\/es\/wp-json\/wp\/v2\/product\/3988","targetHints":{"allow":["GET"]}}],"collection":[{"href":"https:\/\/taizyfarmequipment.com\/es\/wp-json\/wp\/v2\/product"}],"about":[{"href":"https:\/\/taizyfarmequipment.com\/es\/wp-json\/wp\/v2\/types\/product"}],"author":[{"embeddable":true,"href":"https:\/\/taizyfarmequipment.com\/es\/wp-json\/wp\/v2\/users\/1"}],"wp:featuredmedia":[{"embeddable":true,"href":"https:\/\/taizyfarmequipment.com\/es\/wp-json\/wp\/v2\/media\/3990"}],"wp:attachment":[{"href":"https:\/\/taizyfarmequipment.com\/es\/wp-json\/wp\/v2\/media?parent=3988"}],"wp:term":[{"taxonomy":"post_tag","embeddable":true,"href":"https:\/\/taizyfarmequipment.com\/es\/wp-json\/wp\/v2\/tags?post=3988"},{"taxonomy":"product-type","embeddable":true,"href":"https:\/\/taizyfarmequipment.com\/es\/wp-json\/wp\/v2\/product-type?post=3988"}],"curies":[{"name":"wp","href":"https:\/\/api.w.org\/{rel}","templated":true}]}}