{"id":4206,"date":"2023-11-16T16:54:32","date_gmt":"2023-11-16T08:54:32","guid":{"rendered":"https:\/\/taizyfarmequipment.com\/?post_type=product&#038;p=4206"},"modified":"2023-11-16T16:54:34","modified_gmt":"2023-11-16T08:54:34","slug":"trilladora-de-arroz-y-trigo","status":"publish","type":"product","link":"https:\/\/taizyfarmequipment.com\/es\/product\/rice-and-wheat-thresher-machine\/","title":{"rendered":"Trilladora de arroz y trigo."},"content":{"rendered":"<div class=\"kk-star-ratings kksr-auto kksr-align-left kksr-valign-top\"     data-payload='{&quot;align&quot;:&quot;left&quot;,&quot;id&quot;:&quot;4206&quot;,&quot;slug&quot;:&quot;default&quot;,&quot;valign&quot;:&quot;top&quot;,&quot;ignore&quot;:&quot;&quot;,&quot;reference&quot;:&quot;auto&quot;,&quot;class&quot;:&quot;&quot;,&quot;count&quot;:&quot;12&quot;,&quot;legendonly&quot;:&quot;&quot;,&quot;readonly&quot;:&quot;&quot;,&quot;score&quot;:&quot;4.6&quot;,&quot;starsonly&quot;:&quot;&quot;,&quot;best&quot;:&quot;5&quot;,&quot;gap&quot;:&quot;5&quot;,&quot;greet&quot;:&quot;Rate this product&quot;,&quot;legend&quot;:&quot;4.6\\\/5 - (12 votos)&quot;,&quot;size&quot;:&quot;24&quot;,&quot;title&quot;:&quot;Rice and wheat thresher machine&quot;,&quot;width&quot;:&quot;130.9&quot;,&quot;_legend&quot;:&quot;{score}\\\/{best} - ({count} {votes})&quot;,&quot;font_factor&quot;:&quot;1.25&quot;}'>              <div class=\"kksr-stars\">      <div class=\"kksr-stars-inactive\">             <div class=\"kksr-star\" data-star=\"1\" style=\"padding-right: 5px\">               <div class=\"kksr-icon\" style=\"width: 24px; height: 24px;\"><\/div>         <\/div>             <div class=\"kksr-star\" data-star=\"2\" style=\"padding-right: 5px\">               <div class=\"kksr-icon\" style=\"width: 24px; height: 24px;\"><\/div>         <\/div>             <div class=\"kksr-star\" data-star=\"3\" style=\"padding-right: 5px\">               <div class=\"kksr-icon\" style=\"width: 24px; height: 24px;\"><\/div>         <\/div>             <div class=\"kksr-star\" data-star=\"4\" style=\"padding-right: 5px\">               <div class=\"kksr-icon\" style=\"width: 24px; height: 24px;\"><\/div>         <\/div>             <div class=\"kksr-star\" data-star=\"5\" style=\"padding-right: 5px\">               <div class=\"kksr-icon\" style=\"width: 24px; height: 24px;\"><\/div>         <\/div>     <\/div>      <div class=\"kksr-stars-active\" style=\"width: 130.9px;\">             <div class=\"kksr-star\" style=\"padding-right: 5px\">               <div class=\"kksr-icon\" style=\"width: 24px; height: 24px;\"><\/div>         <\/div>             <div class=\"kksr-star\" style=\"padding-right: 5px\">               <div class=\"kksr-icon\" style=\"width: 24px; height: 24px;\"><\/div>         <\/div>             <div class=\"kksr-star\" style=\"padding-right: 5px\">               <div class=\"kksr-icon\" style=\"width: 24px; height: 24px;\"><\/div>         <\/div>             <div class=\"kksr-star\" style=\"padding-right: 5px\">               <div class=\"kksr-icon\" style=\"width: 24px; height: 24px;\"><\/div>         <\/div>             <div class=\"kksr-star\" style=\"padding-right: 5px\">               <div class=\"kksr-icon\" style=\"width: 24px; height: 24px;\"><\/div>         <\/div>     <\/div> <\/div>                   <div class=\"kksr-legend\" style=\"font-size: 19.2px;\">             4,6\/5 - (12 votos)    <\/div>     <\/div>  <p><br>La m\u00e1quina trilladora de arroz y trigo es adecuada para trillar una variedad de cultivos, incluidos trigo, arroz, soja, colza, mijo, sorgo y otros. Se caracteriza por su alta eficiencia productiva, una trilla minuciosa y sin da\u00f1os y un m\u00ednimo contenido de impurezas. <\/p>    <p>Esta m\u00e1quina puede funcionar con tres opciones diferentes: motor di\u00e9sel, motor de gasolina o motor el\u00e9ctrico, ofreciendo adaptabilidad en funci\u00f3n de requisitos espec\u00edficos.<\/p>    <figure class=\"wp-block-gallery has-nested-images columns-default is-cropped wp-block-gallery-2 is-layout-flex wp-block-gallery-is-layout-flex\"> <figure class=\"wp-block-image size-large\"><img loading=\"lazy\" decoding=\"async\" width=\"720\" height=\"540\" data-id=\"4216\" src=\"https:\/\/taizyfarmequipment.com\/wp-content\/uploads\/2023\/11\/commercial-thresher-machine.webp\" alt=\"m\u00e1quina trilladora comercial\" class=\"wp-image-4216\" srcset=\"https:\/\/taizyfarmequipment.com\/wp-content\/uploads\/2023\/11\/commercial-thresher-machine.webp 720w, https:\/\/taizyfarmequipment.com\/wp-content\/uploads\/2023\/11\/commercial-thresher-machine-300x225.webp 300w\" sizes=\"auto, (max-width: 720px) 100vw, 720px\" \/><figcaption class=\"wp-element-caption\">m\u00e1quina trilladora comercial<\/figcaption><\/figure>    <figure class=\"wp-block-image size-large\"><img loading=\"lazy\" decoding=\"async\" width=\"720\" height=\"540\" data-id=\"4217\" src=\"https:\/\/taizyfarmequipment.com\/wp-content\/uploads\/2023\/11\/industrial-thresher-machine.webp\" alt=\"trilladora industrial\" class=\"wp-image-4217\" srcset=\"https:\/\/taizyfarmequipment.com\/wp-content\/uploads\/2023\/11\/industrial-thresher-machine.webp 720w, https:\/\/taizyfarmequipment.com\/wp-content\/uploads\/2023\/11\/industrial-thresher-machine-300x225.webp 300w\" sizes=\"auto, (max-width: 720px) 100vw, 720px\" \/><figcaption class=\"wp-element-caption\">trilladora industrial<\/figcaption><\/figure>    <figure class=\"wp-block-image size-large\"><img loading=\"lazy\" decoding=\"async\" width=\"720\" height=\"540\" data-id=\"4218\" src=\"https:\/\/taizyfarmequipment.com\/wp-content\/uploads\/2023\/11\/thresher-machine-with-good-price.webp\" alt=\"trilladora a buen precio\" class=\"wp-image-4218\" srcset=\"https:\/\/taizyfarmequipment.com\/wp-content\/uploads\/2023\/11\/thresher-machine-with-good-price.webp 720w, https:\/\/taizyfarmequipment.com\/wp-content\/uploads\/2023\/11\/thresher-machine-with-good-price-300x225.webp 300w\" sizes=\"auto, (max-width: 720px) 100vw, 720px\" \/><figcaption class=\"wp-element-caption\">trilladora a buen precio<\/figcaption><\/figure> <\/figure>    <h2 class=\"wp-block-heading\">Principio de funcionamiento de la m\u00e1quina trilladora de arroz y trigo.<\/h2>    <p>Nuestra m\u00e1quina trilladora de arroz y trigo consta de una entrada, una salida de paja, una salida de semillas y un cilindro de trilla. A continuaci\u00f3n se ofrece una descripci\u00f3n general del principio de funcionamiento de la m\u00e1quina:<\/p>    <figure class=\"wp-block-image size-full\"><img loading=\"lazy\" decoding=\"async\" width=\"720\" height=\"540\" src=\"https:\/\/taizyfarmequipment.com\/wp-content\/uploads\/2023\/11\/thresher-machine.webp\" alt=\"maquina trilladora\" class=\"wp-image-4219\" srcset=\"https:\/\/taizyfarmequipment.com\/wp-content\/uploads\/2023\/11\/thresher-machine.webp 720w, https:\/\/taizyfarmequipment.com\/wp-content\/uploads\/2023\/11\/thresher-machine-300x225.webp 300w\" sizes=\"auto, (max-width: 720px) 100vw, 720px\" \/><figcaption class=\"wp-element-caption\">maquina trilladora<\/figcaption><\/figure>    <ol class=\"wp-block-list\"> <li><strong>Proceso de alimentaci\u00f3n:<\/strong> Los agricultores introducen los cultivos cosechados, como arroz o trigo, a trav\u00e9s de la entrada, dirigi\u00e9ndolos hacia la m\u00e1quina.<\/li>    <li><strong>Operaci\u00f3n del cilindro de trilla:<\/strong> Los cultivos entran en el cilindro de trilla, un componente crucial. El cilindro trillador, mediante rotaci\u00f3n u otros medios mec\u00e1nicos, separa los granos de la paja. Durante este proceso, la m\u00e1quina aplica la fuerza adecuada para garantizar una trilla eficaz.<\/li>    <li><strong>Separaci\u00f3n de Semillas y Paja:<\/strong> Una vez finalizada la trilla, las semillas (granos) y la paja se descargan a trav\u00e9s de la salida de semillas y la salida de paja, respectivamente. La salida de semillas se utiliza para recoger los granos separados, mientras que la salida de paja expulsa los restos de cosecha no utilizados.<\/li> <\/ol>    <figure class=\"wp-block-image size-full\"><img loading=\"lazy\" decoding=\"async\" width=\"720\" height=\"540\" src=\"https:\/\/taizyfarmequipment.com\/wp-content\/uploads\/2023\/11\/structure-of-rice-and-wheat-threshing-machine.webp\" alt=\"Estructura de la trilladora de arroz y trigo.\" class=\"wp-image-4209\" srcset=\"https:\/\/taizyfarmequipment.com\/wp-content\/uploads\/2023\/11\/structure-of-rice-and-wheat-threshing-machine.webp 720w, https:\/\/taizyfarmequipment.com\/wp-content\/uploads\/2023\/11\/structure-of-rice-and-wheat-threshing-machine-300x225.webp 300w\" sizes=\"auto, (max-width: 720px) 100vw, 720px\" \/><figcaption class=\"wp-element-caption\">Estructura de la trilladora de arroz y trigo.<\/figcaption><\/figure>    <h2 class=\"wp-block-heading\">Materias primas de la m\u00e1quina trilladora.<\/h2>    <p>Nuestra m\u00e1quina trilladora es una herramienta agr\u00edcola vers\u00e1til adecuada para una variedad de cultivos, incluidos soja, sorgo, trigo, mijo, arroz, colza, quinua, s\u00e9samo y m\u00e1s. Adaptada a las caracter\u00edsticas de los diferentes cultivos, esta m\u00e1quina est\u00e1 equipada con cribas de diferentes tama\u00f1os, lo que permite seleccionar el tama\u00f1o de malla adecuado en funci\u00f3n de las dimensiones del cultivo.<\/p>    <p>La flexibilidad de esta m\u00e1quina permite a los agricultores procesar de manera eficiente una amplia gama de cultivos utilizando un solo equipo. Al elegir el tama\u00f1o de criba adecuado, nuestra m\u00e1quina trilladora garantiza un rendimiento excepcional, garantizando una separaci\u00f3n eficiente y completa durante el proceso de trilla. <\/p>    <p>Ya sea soja, sorgo, trigo u otros cultivos, esta m\u00e1quina proporciona una soluci\u00f3n \u00f3ptima para cada uno, haciendo que la producci\u00f3n agr\u00edcola sea m\u00e1s conveniente y eficiente. La adaptabilidad y versatilidad del dise\u00f1o est\u00e1n destinadas a satisfacer las necesidades de diferentes granjas y cultivos, mejorando en \u00faltima instancia la eficiencia y la calidad del procesamiento agr\u00edcola.<\/p>    <figure class=\"wp-block-gallery has-nested-images columns-default is-cropped wp-block-gallery-3 is-layout-flex wp-block-gallery-is-layout-flex\"> <figure class=\"wp-block-image size-large\"><img loading=\"lazy\" decoding=\"async\" width=\"720\" height=\"540\" data-id=\"4210\" src=\"https:\/\/taizyfarmequipment.com\/wp-content\/uploads\/2023\/11\/different-materials-of-rice-and-wheat-threshing-machine.webp\" alt=\"Diferentes materiales de trilladora de arroz y trigo.\" class=\"wp-image-4210\" srcset=\"https:\/\/taizyfarmequipment.com\/wp-content\/uploads\/2023\/11\/different-materials-of-rice-and-wheat-threshing-machine.webp 720w, https:\/\/taizyfarmequipment.com\/wp-content\/uploads\/2023\/11\/different-materials-of-rice-and-wheat-threshing-machine-300x225.webp 300w\" sizes=\"auto, (max-width: 720px) 100vw, 720px\" \/><figcaption class=\"wp-element-caption\">Diferentes materiales de trilladora de arroz y trigo.<\/figcaption><\/figure>    <figure class=\"wp-block-image size-large\"><img loading=\"lazy\" decoding=\"async\" width=\"720\" height=\"540\" data-id=\"4211\" src=\"https:\/\/taizyfarmequipment.com\/wp-content\/uploads\/2023\/11\/raw-materials-of-rice-and-wheat-threshing-machine.webp\" alt=\"Materias primas de la m\u00e1quina trilladora de arroz y trigo.\" class=\"wp-image-4211\" srcset=\"https:\/\/taizyfarmequipment.com\/wp-content\/uploads\/2023\/11\/raw-materials-of-rice-and-wheat-threshing-machine.webp 720w, https:\/\/taizyfarmequipment.com\/wp-content\/uploads\/2023\/11\/raw-materials-of-rice-and-wheat-threshing-machine-300x225.webp 300w\" sizes=\"auto, (max-width: 720px) 100vw, 720px\" \/><figcaption class=\"wp-element-caption\">Materias primas de la m\u00e1quina trilladora de arroz y trigo.<\/figcaption><\/figure> <\/figure>    <h2 class=\"wp-block-heading\">Par\u00e1metros de la m\u00e1quina trilladora de arroz y trigo.<\/h2>    <figure class=\"wp-block-table\"><table><tbody><tr><td>Modelo<\/td><td>velocidad nominal<\/td><td>Capacidad<\/td><td>Cilindro de trilla<\/td><td>Tama\u00f1o del tamiz<\/td><td>Peso<\/td><td>Tama\u00f1o global<\/td><\/tr><tr><td>TZ-90<\/td><td>3600 rpm<\/td><td>600-800kg\/hora<\/td><td>360*900mm<\/td><td>870*610mm<\/td><td>90kg<\/td><td>1640*1640*1280mm<\/td><\/tr><\/tbody><\/table><\/figure>    <h2 class=\"wp-block-heading\">Aplicaci\u00f3n principal de la m\u00e1quina trilladora de arroz y trigo.<\/h2>    <ol class=\"wp-block-list\"> <li><strong>Propietarios de granjas a gran escala:<\/strong> Estas m\u00e1quinas desempe\u00f1an un papel crucial en las granjas a gran escala. Para quienes cultivan extensas \u00e1reas de arroz y trigo, este equipo mejora significativamente la eficiencia de la producci\u00f3n y reduce la necesidad de una gran mano de obra.<\/li>    <li><strong>Peque\u00f1os agricultores:<\/strong> Incluso en explotaciones agr\u00edcolas m\u00e1s peque\u00f1as, la trilladora de arroz y trigo resulta ser una herramienta valiosa. Ayuda a los peque\u00f1os agricultores a manipular los cultivos de manera m\u00e1s eficiente, reduciendo el trabajo f\u00edsico y mejorando la productividad general.<\/li>    <li><strong>Productores de cultivos m\u00faltiples:<\/strong> Debido a la versatilidad de estas trilladoras, son ideales para agricultores que se dedican a cultivos multicultivos. Esto incluye a quienes cultivan diferentes tipos de cultivos, como trigo, arroz, soja, colza y m\u00e1s.<\/li>    <li><strong>Productores Agr\u00edcolas Tecnol\u00f3gicamente Avanzados:<\/strong> Los agricultores que adoptan tecnolog\u00edas agr\u00edcolas modernas y equipos mecanizados consideran indispensable la trilladora de arroz y trigo. Estos productores tienden a invertir en herramientas agr\u00edcolas avanzadas para aumentar la eficiencia y los rendimientos.<\/li>    <li><strong>Regiones con escasez de mano de obra:<\/strong> En algunas zonas rurales que enfrentan escasez de mano de obra, los agricultores se inclinan a adoptar herramientas automatizadas como la trilladora de arroz y trigo para aliviar las presiones laborales.<\/li> <\/ol>    <figure class=\"wp-block-gallery has-nested-images columns-default is-cropped wp-block-gallery-4 is-layout-flex wp-block-gallery-is-layout-flex\"> <figure class=\"wp-block-image size-large\"><img loading=\"lazy\" decoding=\"async\" width=\"720\" height=\"540\" data-id=\"4213\" src=\"https:\/\/taizyfarmequipment.com\/wp-content\/uploads\/2023\/11\/thresher-machine-for-sale.webp\" alt=\"maquina trilladora en venta\" class=\"wp-image-4213\" srcset=\"https:\/\/taizyfarmequipment.com\/wp-content\/uploads\/2023\/11\/thresher-machine-for-sale.webp 720w, https:\/\/taizyfarmequipment.com\/wp-content\/uploads\/2023\/11\/thresher-machine-for-sale-300x225.webp 300w\" sizes=\"auto, (max-width: 720px) 100vw, 720px\" \/><figcaption class=\"wp-element-caption\">maquina trilladora en venta<\/figcaption><\/figure>    <figure class=\"wp-block-image size-large\"><img loading=\"lazy\" decoding=\"async\" width=\"720\" height=\"540\" data-id=\"4212\" src=\"https:\/\/taizyfarmequipment.com\/wp-content\/uploads\/2023\/11\/thresher-machine-for-business.webp\" alt=\"maquina trilladora para negocios\" class=\"wp-image-4212\" srcset=\"https:\/\/taizyfarmequipment.com\/wp-content\/uploads\/2023\/11\/thresher-machine-for-business.webp 720w, https:\/\/taizyfarmequipment.com\/wp-content\/uploads\/2023\/11\/thresher-machine-for-business-300x225.webp 300w\" sizes=\"auto, (max-width: 720px) 100vw, 720px\" \/><figcaption class=\"wp-element-caption\">maquina trilladora para negocios<\/figcaption><\/figure> <\/figure>    <h2 class=\"wp-block-heading\">\u00bfPor qu\u00e9 elegir comprar nuestra m\u00e1quina trilladora de arroz y trigo?<\/h2>    <p>Como proveedor de trilladoras de arroz y trigo, estamos orgullosos de ofrecer productos y servicios excepcionales. Nuestra capacidad de inventario es un factor clave de nuestro \u00e9xito, ya que garantiza nuestra capacidad para responder r\u00e1pidamente a las necesidades de los clientes y cumplir con pedidos de diferentes escalas y tipos.<\/p>    <p>Tener un inventario amplio significa que podemos brindar soluciones flexibles y satisfacer r\u00e1pidamente los requisitos personalizados de nuestros clientes. Nuestro inventario abarca no solo modelos est\u00e1ndar sino tambi\u00e9n una amplia gama de tama\u00f1os y configuraciones, que satisfacen las necesidades de diferentes regiones y operaciones agr\u00edcolas.<\/p>    <p>Como su socio de confianza, estamos comprometidos a brindarle m\u00e1quinas trilladoras de arroz y trigo de alto rendimiento, duraderas y rentables. Ya sea usted propietario de una granja a gran escala, un peque\u00f1o agricultor o una empresa agr\u00edcola, nuestra capacidad de inventario nos permite satisfacer sus diversas necesidades, contribuyendo al avance de su producci\u00f3n agr\u00edcola. Esperamos establecer una asociaci\u00f3n a largo plazo con usted, impulsando colectivamente el crecimiento y la prosperidad en el sector agr\u00edcola.<\/p>    <figure class=\"wp-block-gallery has-nested-images columns-default is-cropped wp-block-gallery-5 is-layout-flex wp-block-gallery-is-layout-flex\"> <figure class=\"wp-block-image size-large\"><img loading=\"lazy\" decoding=\"async\" width=\"720\" height=\"540\" data-id=\"4214\" src=\"https:\/\/taizyfarmequipment.com\/wp-content\/uploads\/2023\/11\/rice-and-wheat-threshing-machine-in-stock.webp\" alt=\"Trilladora de arroz y trigo en stock.\" class=\"wp-image-4214\" srcset=\"https:\/\/taizyfarmequipment.com\/wp-content\/uploads\/2023\/11\/rice-and-wheat-threshing-machine-in-stock.webp 720w, https:\/\/taizyfarmequipment.com\/wp-content\/uploads\/2023\/11\/rice-and-wheat-threshing-machine-in-stock-300x225.webp 300w\" sizes=\"auto, (max-width: 720px) 100vw, 720px\" \/><figcaption class=\"wp-element-caption\">Trilladora de arroz y trigo en stock.<\/figcaption><\/figure>    <figure class=\"wp-block-image size-large\"><img loading=\"lazy\" decoding=\"async\" width=\"720\" height=\"540\" data-id=\"4215\" src=\"https:\/\/taizyfarmequipment.com\/wp-content\/uploads\/2023\/11\/transportation-of-rice-and-wheat-threshing-machine.webp\" alt=\"Transporte de trilladora de arroz y trigo.\" class=\"wp-image-4215\" srcset=\"https:\/\/taizyfarmequipment.com\/wp-content\/uploads\/2023\/11\/transportation-of-rice-and-wheat-threshing-machine.webp 720w, https:\/\/taizyfarmequipment.com\/wp-content\/uploads\/2023\/11\/transportation-of-rice-and-wheat-threshing-machine-300x225.webp 300w\" sizes=\"auto, (max-width: 720px) 100vw, 720px\" \/><figcaption class=\"wp-element-caption\">Transporte de trilladora de arroz y trigo.<\/figcaption><\/figure> <\/figure>","protected":false},"excerpt":{"rendered":"<p>La m\u00e1quina trilladora de arroz y trigo es adecuada para trillar una variedad de cultivos, incluidos trigo, arroz, soja, colza, mijo, sorgo y otros. <\/p>","protected":false},"author":1,"featured_media":4207,"parent":0,"template":"","tags":[],"product-type":[129],"class_list":["post-4206","product","type-product","status-publish","has-post-thumbnail","hentry","product-type-thresher-and-sheller"],"_links":{"self":[{"href":"https:\/\/taizyfarmequipment.com\/es\/wp-json\/wp\/v2\/product\/4206","targetHints":{"allow":["GET"]}}],"collection":[{"href":"https:\/\/taizyfarmequipment.com\/es\/wp-json\/wp\/v2\/product"}],"about":[{"href":"https:\/\/taizyfarmequipment.com\/es\/wp-json\/wp\/v2\/types\/product"}],"author":[{"embeddable":true,"href":"https:\/\/taizyfarmequipment.com\/es\/wp-json\/wp\/v2\/users\/1"}],"wp:featuredmedia":[{"embeddable":true,"href":"https:\/\/taizyfarmequipment.com\/es\/wp-json\/wp\/v2\/media\/4207"}],"wp:attachment":[{"href":"https:\/\/taizyfarmequipment.com\/es\/wp-json\/wp\/v2\/media?parent=4206"}],"wp:term":[{"taxonomy":"post_tag","embeddable":true,"href":"https:\/\/taizyfarmequipment.com\/es\/wp-json\/wp\/v2\/tags?post=4206"},{"taxonomy":"product-type","embeddable":true,"href":"https:\/\/taizyfarmequipment.com\/es\/wp-json\/wp\/v2\/product-type?post=4206"}],"curies":[{"name":"wp","href":"https:\/\/api.w.org\/{rel}","templated":true}]}}