{"id":4345,"date":"2024-02-05T16:24:51","date_gmt":"2024-02-05T08:24:51","guid":{"rendered":"https:\/\/taizyfarmequipment.com\/?post_type=product&#038;p=4345"},"modified":"2025-11-25T15:47:22","modified_gmt":"2025-11-25T07:47:22","slug":"cortadora-de-paja","status":"publish","type":"product","link":"https:\/\/taizyfarmequipment.com\/es\/product\/straw-cutting-machine\/","title":{"rendered":"M\u00e1quina cortadora de paja \u4e28 Equipo cortador de paja"},"content":{"rendered":"<div class=\"kk-star-ratings kksr-auto kksr-align-left kksr-valign-top\"     data-payload='{&quot;align&quot;:&quot;left&quot;,&quot;id&quot;:&quot;4345&quot;,&quot;slug&quot;:&quot;default&quot;,&quot;valign&quot;:&quot;top&quot;,&quot;ignore&quot;:&quot;&quot;,&quot;reference&quot;:&quot;auto&quot;,&quot;class&quot;:&quot;&quot;,&quot;count&quot;:&quot;12&quot;,&quot;legendonly&quot;:&quot;&quot;,&quot;readonly&quot;:&quot;&quot;,&quot;score&quot;:&quot;4.9&quot;,&quot;starsonly&quot;:&quot;&quot;,&quot;best&quot;:&quot;5&quot;,&quot;gap&quot;:&quot;5&quot;,&quot;greet&quot;:&quot;Rate this product&quot;,&quot;legend&quot;:&quot;4.9\\\/5 - (12 votos)&quot;,&quot;size&quot;:&quot;24&quot;,&quot;title&quot;:&quot;Straw cutting machine\u4e28Chaff cutter equipment&quot;,&quot;width&quot;:&quot;139.6&quot;,&quot;_legend&quot;:&quot;{score}\\\/{best} - ({count} {votes})&quot;,&quot;font_factor&quot;:&quot;1.25&quot;}'>              <div class=\"kksr-stars\">      <div class=\"kksr-stars-inactive\">             <div class=\"kksr-star\" data-star=\"1\" style=\"padding-right: 5px\">               <div class=\"kksr-icon\" style=\"width: 24px; height: 24px;\"><\/div>         <\/div>             <div class=\"kksr-star\" data-star=\"2\" style=\"padding-right: 5px\">               <div class=\"kksr-icon\" style=\"width: 24px; height: 24px;\"><\/div>         <\/div>             <div class=\"kksr-star\" data-star=\"3\" style=\"padding-right: 5px\">               <div class=\"kksr-icon\" style=\"width: 24px; height: 24px;\"><\/div>         <\/div>             <div class=\"kksr-star\" data-star=\"4\" style=\"padding-right: 5px\">               <div class=\"kksr-icon\" style=\"width: 24px; height: 24px;\"><\/div>         <\/div>             <div class=\"kksr-star\" data-star=\"5\" style=\"padding-right: 5px\">               <div class=\"kksr-icon\" style=\"width: 24px; height: 24px;\"><\/div>         <\/div>     <\/div>      <div class=\"kksr-stars-active\" style=\"width: 139.6px;\">             <div class=\"kksr-star\" style=\"padding-right: 5px\">               <div class=\"kksr-icon\" style=\"width: 24px; height: 24px;\"><\/div>         <\/div>             <div class=\"kksr-star\" style=\"padding-right: 5px\">               <div class=\"kksr-icon\" style=\"width: 24px; height: 24px;\"><\/div>         <\/div>             <div class=\"kksr-star\" style=\"padding-right: 5px\">               <div class=\"kksr-icon\" style=\"width: 24px; height: 24px;\"><\/div>         <\/div>             <div class=\"kksr-star\" style=\"padding-right: 5px\">               <div class=\"kksr-icon\" style=\"width: 24px; height: 24px;\"><\/div>         <\/div>             <div class=\"kksr-star\" style=\"padding-right: 5px\">               <div class=\"kksr-icon\" style=\"width: 24px; height: 24px;\"><\/div>         <\/div>     <\/div> <\/div>                   <div class=\"kksr-legend\" style=\"font-size: 19.2px;\">             4,9\/5 - (12 votos)    <\/div>     <\/div>  <p>La m\u00e1quina cortadora de paja sirve para cortar y pulverizar diversos materiales como paja, paja, tallos de ma\u00edz, sorgo, ensilaje y pr\u00e1cticamente cualquier tipo de paja para obtener pasto finamente procesado, adecuado para alimentar a los animales. <\/p>    <p>Esta hierba finamente procesada se puede utilizar como alimento para una variedad de animales, incluidos ganado vacuno, vacas, caballos, cabras, ovejas, pollos, patos, conejos, etc., facilitando una f\u00e1cil digesti\u00f3n para los animales. <\/p>    <p>La m\u00e1quina est\u00e1 construida con una estructura de hoja de martillo robusta y duradera. Adem\u00e1s, incorpora una cinta transportadora para una alimentaci\u00f3n eficiente del c\u00e9sped, asegurando un rendimiento m\u00ednimo de trabajo de al menos 4t\/h.<\/p>    <figure class=\"wp-block-embed is-type-video is-provider-youtube wp-block-embed-youtube wp-embed-aspect-16-9 wp-has-aspect-ratio\"><div class=\"wp-block-embed__wrapper\"> <iframe loading=\"lazy\" title=\"Mejore su cosecha: los beneficios de utilizar una m\u00e1quina cortadora de paja #chaff #chaffcutter #cutting\" width=\"500\" height=\"281\" src=\"https:\/\/www.youtube.com\/embed\/KO3jyxd94Rk?feature=oembed\" frameborder=\"0\" allow=\"accelerometer; autoplay; clipboard-write; encrypted-media; gyroscope; picture-in-picture; web-share\" referrerpolicy=\"strict-origin-when-cross-origin\" allowfullscreen><\/iframe> <\/div><figcaption class=\"wp-element-caption\">V\u00eddeo de funcionamiento de la m\u00e1quina cortadora de paja.<\/figcaption><\/figure>    <h2 class=\"wp-block-heading\">Par\u00e1metros de la m\u00e1quina cortadora de paja.<\/h2>    <figure class=\"wp-block-table\"><table><tbody><tr><td>Modelo<\/td><td>RSJ-6<\/td><td>RSJ-10<\/td><td>RSJ-15<\/td><\/tr><tr><td>Fuerza<\/td><td>15+1,5 kw<\/td><td>22+2,2 kw<\/td><td>30+4kw<\/td><\/tr><tr><td>Velocidad del eje principal<\/td><td>1750 rpm<\/td><td>1750 rpm<\/td><td>1750 rpm<\/td><\/tr><tr><td>Capacidad<\/td><td>4-7t\/h<\/td><td>7-10t\/h<\/td><td>15t\/h<\/td><\/tr><tr><td>Cantidad de cuchillas<\/td><td>40 piezas<\/td><td>48 piezas<\/td><td>80 piezas<\/td><\/tr><tr><td>Dimensi\u00f3n (largo* ancho* alto)<\/td><td>2750*950*1500mm<\/td><td>3130*890*1230mm<\/td><td>3900*1400*1200mm<\/td><\/tr><\/tbody><\/table><figcaption class=\"wp-element-caption\">Par\u00e1metros del equipo cortador de paja<\/figcaption><\/figure>    <h2 class=\"wp-block-heading\">Materiales adecuados para la cortadora de ensilaje.<\/h2>    <figure class=\"wp-block-image size-full\"><img loading=\"lazy\" decoding=\"async\" width=\"720\" height=\"540\" src=\"https:\/\/taizyfarmequipment.com\/wp-content\/uploads\/2024\/02\/Chaff-cutter-equipment-in-display.webp\" alt=\"Equipo cortador de paja en exhibici\u00f3n\" class=\"wp-image-4350\" srcset=\"https:\/\/taizyfarmequipment.com\/wp-content\/uploads\/2024\/02\/Chaff-cutter-equipment-in-display.webp 720w, https:\/\/taizyfarmequipment.com\/wp-content\/uploads\/2024\/02\/Chaff-cutter-equipment-in-display-300x225.webp 300w\" sizes=\"auto, (max-width: 720px) 100vw, 720px\" \/><figcaption class=\"wp-element-caption\">Equipo cortador de paja en exhibici\u00f3n<\/figcaption><\/figure>    <p>La m\u00e1quina cortadora de ensilaje es un equipo vers\u00e1til adecuado para procesar diversos materiales. Sus principales materiales aplicables incluyen pasto y paja, abarcando una variedad de fuentes de origen vegetal. <\/p>    <p>Esto incluye, entre otros, diferentes tipos de pasto, como pasto verde y heno, as\u00ed como varios tipos de paja, como tallos de ma\u00edz, tallos de sorgo y m\u00e1s.<\/p>    <h2 class=\"wp-block-heading\">\u00bfC\u00f3mo funciona el equipo cortador de paja?<\/h2>   <div id=\"rank-math-howto\" class=\"rank-math-block\" > <div class=\"rank-math-howto-description\">  <\/div>  <div class=\"rank-math-steps\"> <div id=\"howto-step-1707115707591\" class=\"rank-math-step\"> <h3 class=\"rank-math-step-title\">1. <strong>Material de alimentaci\u00f3n:<\/strong><\/h3> <div class=\"rank-math-step-content\"><p>La materia prima, que puede ser paja, heno u otros tipos de forraje, se introduce manual o mec\u00e1nicamente en la cortadora de granza. El cortador de paja dispone de una cinta transportadora para facilitar este proceso.<\/p> <\/div> <\/div> <div id=\"howto-step-1707115737529\" class=\"rank-math-step\"> <h3 class=\"rank-math-step-title\">2. <strong>Mecanismo de corte:<\/strong><\/h3> <div class=\"rank-math-step-content\"><img loading=\"lazy\" decoding=\"async\" width=\"720\" height=\"540\" src=\"https:\/\/taizyfarmequipment.com\/wp-content\/uploads\/2024\/02\/blades-of-Straw-cutting-machine.webp\" class=\"attachment-full size-full\" alt=\"Cuchillas de m\u00e1quina cortadora de paja.\" srcset=\"https:\/\/taizyfarmequipment.com\/wp-content\/uploads\/2024\/02\/blades-of-Straw-cutting-machine.webp 720w, https:\/\/taizyfarmequipment.com\/wp-content\/uploads\/2024\/02\/blades-of-Straw-cutting-machine-300x225.webp 300w\" sizes=\"auto, (max-width: 720px) 100vw, 720px\" \/><p>En el interior del cortador de paja hay un mecanismo de corte que consta de cuchillas o cuchillas giratorias. Estas cuchillas est\u00e1n dise\u00f1adas para cortar la materia prima en trozos m\u00e1s peque\u00f1os y manejables.<\/p> <\/div> <\/div> <div id=\"howto-step-1707116108921\" class=\"rank-math-step\"> <h3 class=\"rank-math-step-title\">3. <strong>Fuente de alimentaci\u00f3n:<\/strong><\/h3> <div class=\"rank-math-step-content\"><p>Las cortadoras de paja pueden funcionar con diversas fuentes, incluidos electricidad y motores di\u00e9sel. La fuente de energ\u00eda impulsa el mecanismo de corte para realizar la acci\u00f3n de corte.<\/p> <\/div> <\/div> <div id=\"howto-step-1707116499877\" class=\"rank-math-step\"> <h3 class=\"rank-math-step-title\">4. <strong>Recolecci\u00f3n o Alta:<\/strong><\/h3> <div class=\"rank-math-step-content\"><p>A continuaci\u00f3n, el material cortado se descarga a trav\u00e9s de un pico. El m\u00e9todo de recogida depende del uso previsto.<\/p> <\/div> <\/div> <div id=\"howto-step-1707116871593\" class=\"rank-math-step\"> <h3 class=\"rank-math-step-title\">5. <strong>Caracteristicas de seguridad:<\/strong><\/h3> <div class=\"rank-math-step-content\"><p>Las cortadoras de paja modernas incluyen caracter\u00edsticas de seguridad como botones de parada de emergencia, protectores alrededor de las piezas m\u00f3viles y protecci\u00f3n contra sobrecargas para garantizar la seguridad del operador.<\/p> <\/div> <\/div> <\/div> <\/div>       <figure class=\"wp-block-image size-full\"><img loading=\"lazy\" decoding=\"async\" width=\"720\" height=\"540\" src=\"https:\/\/taizyfarmequipment.com\/wp-content\/uploads\/2024\/02\/commercial-Chaff-cutter-equipment.webp\" alt=\"equipo cortador de paja comercial\" class=\"wp-image-4356\" srcset=\"https:\/\/taizyfarmequipment.com\/wp-content\/uploads\/2024\/02\/commercial-Chaff-cutter-equipment.webp 720w, https:\/\/taizyfarmequipment.com\/wp-content\/uploads\/2024\/02\/commercial-Chaff-cutter-equipment-300x225.webp 300w\" sizes=\"auto, (max-width: 720px) 100vw, 720px\" \/><figcaption class=\"wp-element-caption\">equipo cortador de paja comercial<\/figcaption><\/figure>    <h2 class=\"wp-block-heading\">Ventajas clave de la cortadora de paja<\/h2>    <ol class=\"wp-block-list\"> <li><strong>Versatilidad:<\/strong> La m\u00e1quina est\u00e1 dise\u00f1ada para cortar y triturar diversos materiales, incluidos paja, paja, tallos de ma\u00edz, sorgo y ensilaje. Esta versatilidad lo hace adecuado para procesar una amplia gama de residuos agr\u00edcolas.<\/li>    <li><strong>Estructura duradera de las hojas de martillo:<\/strong> La adopci\u00f3n de una estructura de hoja de martillo mejora la durabilidad y la resistencia. Este dise\u00f1o garantiza que la m\u00e1quina pueda soportar los rigores del uso continuo en operaciones agr\u00edcolas.<\/li>    <li><strong>Cinta transportadora para una alimentaci\u00f3n eficiente:<\/strong> La inclusi\u00f3n de una cinta transportadora facilita el proceso de alimentaci\u00f3n, contribuyendo a una mayor eficiencia de trabajo. Esta caracter\u00edstica garantiza un flujo constante y optimizado de materiales a trav\u00e9s de la m\u00e1quina.<\/li>    <li><strong>Alto rendimiento laboral:<\/strong> La m\u00e1quina es capaz de alcanzar una eficiencia de trabajo de al menos 4 toneladas por hora. Esta alta eficiencia es crucial para las operaciones agr\u00edcolas a gran escala, ya que ahorra tiempo y mano de obra.<\/li> <\/ol>    <figure class=\"wp-block-image size-full\"><img loading=\"lazy\" decoding=\"async\" width=\"720\" height=\"540\" src=\"https:\/\/taizyfarmequipment.com\/wp-content\/uploads\/2024\/02\/Chaff-cutter-equipment-for-business.webp\" alt=\"Equipos cortadores de paja para empresas.\" class=\"wp-image-4351\" srcset=\"https:\/\/taizyfarmequipment.com\/wp-content\/uploads\/2024\/02\/Chaff-cutter-equipment-for-business.webp 720w, https:\/\/taizyfarmequipment.com\/wp-content\/uploads\/2024\/02\/Chaff-cutter-equipment-for-business-300x225.webp 300w\" sizes=\"auto, (max-width: 720px) 100vw, 720px\" \/><figcaption class=\"wp-element-caption\">Equipos cortadores de paja para empresas.<\/figcaption><\/figure>    <h2 class=\"wp-block-heading\">Diferencias entre cortadora de paja y picadora de c\u00e9sped<\/h2>    <p>La diferencia entre una cortadora de paja y una picadora de c\u00e9sped reside en su dise\u00f1o y en las caracter\u00edsticas del material procesado. Una diferencia principal es la cantidad de cuchillas empleadas en cada m\u00e1quina. La m\u00e1quina cortadora de paja est\u00e1 equipada con m\u00faltiples cuchillas, lo que ofrece un mecanismo de corte m\u00e1s complejo. Por el contrario, la m\u00e1quina picadora de c\u00e9sped utiliza una sola cuchilla, lo que simplifica su estructura de corte.<\/p>    <p>Otra diferencia notable es la forma del producto final producido por cada m\u00e1quina. La m\u00e1quina cortadora de paja produce como resultado final piezas alargadas con forma de hilo. Estas finas hebras son muy adecuadas para aplicaciones como la alimentaci\u00f3n de ganado vacuno, vacas, caballos y otros animales debido a su f\u00e1cil digestibilidad.<\/p>    <p>Por el contrario, la m\u00e1quina picadora de c\u00e9sped crea productos finales en forma de bloques. Este dise\u00f1o es particularmente ventajoso para ciertas aplicaciones donde se prefieren trozos de pasto m\u00e1s gruesos, atendiendo a las preferencias alimentarias de diferentes animales.<\/p>    <figure class=\"wp-block-image size-full\"><img loading=\"lazy\" decoding=\"async\" width=\"720\" height=\"540\" src=\"https:\/\/taizyfarmequipment.com\/wp-content\/uploads\/2024\/02\/automatic-Chaff-cutter-equipment.webp\" alt=\"equipo cortador autom\u00e1tico de paja\" class=\"wp-image-4352\" srcset=\"https:\/\/taizyfarmequipment.com\/wp-content\/uploads\/2024\/02\/automatic-Chaff-cutter-equipment.webp 720w, https:\/\/taizyfarmequipment.com\/wp-content\/uploads\/2024\/02\/automatic-Chaff-cutter-equipment-300x225.webp 300w\" sizes=\"auto, (max-width: 720px) 100vw, 720px\" \/><figcaption class=\"wp-element-caption\">equipo cortador autom\u00e1tico de paja<\/figcaption><\/figure>    <h2 class=\"wp-block-heading\">Equipo de soporte del cortador de paja.<\/h2>    <p class=\"translation-block\">Nuestra cortadora de paja no solo ofrece una funcionalidad de corte avanzada, sino que tambi\u00e9n puede combinarse con una empacadora de ensilado para ofrecer una soluci\u00f3n integral para el procesamiento de alimentos. Combinar la cortadora de paja con una <a href=\"https:\/\/taizyfarmequipment.com\/es\/producto-2\/rotoempacadora-de-ensilaje\/\">empacadora de ensilado<\/a> permite una preservaci\u00f3n m\u00e1s eficiente del alimento, prolongando su vida \u00fatil y facilitando su transporte cuando sea necesario.<\/p>    <p>La integraci\u00f3n de una empacadora de ensilaje facilita la compactaci\u00f3n de los materiales cortados en paquetes bien envueltos, lo que aumenta la densidad del alimento y reduce efectivamente los requisitos de espacio de almacenamiento. Esto no s\u00f3lo ayuda a reducir los costos de almacenamiento, sino que tambi\u00e9n garantiza que el alimento se mantenga fresco y nutritivo durante un per\u00edodo prolongado.<\/p>    <p>Adem\u00e1s, el sistema cortador de paja, cuando se combina con una empacadora de ensilado, agiliza el proceso de transporte del pienso. Los piensos envasados \u200b\u200bson m\u00e1s manejables para el apilamiento y la manipulaci\u00f3n, lo que mejora la comodidad del transporte y hace que la producci\u00f3n agr\u00edcola sea m\u00e1s eficiente.<\/p>    <figure class=\"wp-block-image size-full\"><img loading=\"lazy\" decoding=\"async\" width=\"720\" height=\"540\" src=\"https:\/\/taizyfarmequipment.com\/wp-content\/uploads\/2022\/05\/3.8A-garss-chopper-.jpg\" alt=\"picadora de c\u00e9sped 3.8A\" class=\"wp-image-3459\"\/><figcaption class=\"wp-element-caption\">picadora de c\u00e9sped 3.8A<\/figcaption><\/figure>    <h2 class=\"wp-block-heading\">Invierta en nuestra cortadora de paja<\/h2>    <p class=\"translation-block\">Como proveedor l\u00edder de <a href=\"https:\/\/en.wikipedia.org\/wiki\/Straw\" data-type=\"link\" data-id=\"https:\/\/en.wikipedia.org\/wiki\/Straw\" target=\"_blank\" rel=\"noopener\">paja<\/a>, nos comprometemos a ofrecer equipos que destaquen por su rendimiento y fiabilidad para satisfacer sus necesidades agr\u00edcolas. Reconocida por nuestra tecnolog\u00eda avanzada, dise\u00f1o duradero y capacidad de producci\u00f3n eficiente, nuestra empresa proporciona soluciones fiables que mejoran la eficiencia del procesamiento de alimentos.<\/p>    <p>Al mismo tiempo, la satisfacci\u00f3n del cliente siempre ha sido nuestra m\u00e1xima prioridad. Nuestro equipo profesional est\u00e1 dedicado a brindar servicios de preventa y posventa de alta calidad, garantizando un soporte integral durante su compra, instalaci\u00f3n y uso.<\/p>    <p>Le invitamos calurosamente a realizar consultas y visitarnos para comprender mejor nuestras avanzadas m\u00e1quinas cortadoras de paja. Al elegir nuestros productos, obtiene acceso a un alto rendimiento, durabilidad y una eficiencia operativa excepcional. <\/p>    <p>No dude en contactarnos en cualquier momento; Esperamos brindarle las mejores soluciones y contribuir juntos al avance de la producci\u00f3n agr\u00edcola.<\/p>    <figure class=\"wp-block-image size-full\"><img loading=\"lazy\" decoding=\"async\" width=\"720\" height=\"540\" src=\"https:\/\/taizyfarmequipment.com\/wp-content\/uploads\/2024\/02\/Straw-cutting-machine-with-a-good-price-1.webp\" alt=\"Cortadora de paja a buen precio.\" class=\"wp-image-4943\" srcset=\"https:\/\/taizyfarmequipment.com\/wp-content\/uploads\/2024\/02\/Straw-cutting-machine-with-a-good-price-1.webp 720w, https:\/\/taizyfarmequipment.com\/wp-content\/uploads\/2024\/02\/Straw-cutting-machine-with-a-good-price-1-300x225.webp 300w, https:\/\/taizyfarmequipment.com\/wp-content\/uploads\/2024\/02\/Straw-cutting-machine-with-a-good-price-1-16x12.webp 16w\" sizes=\"auto, (max-width: 720px) 100vw, 720px\" \/><figcaption class=\"wp-element-caption\">Cortadora de paja a buen precio.<\/figcaption><\/figure>","protected":false},"excerpt":{"rendered":"<p>La m\u00e1quina cortadora de paja sirve para cortar y pulverizar diversos materiales como paja, paja, tallos de ma\u00edz, sorgo, ensilaje y pr\u00e1cticamente cualquier tipo de paja para obtener pasto finamente procesado, adecuado para alimentar a los animales.<\/p>","protected":false},"author":1,"featured_media":4346,"parent":0,"template":"","tags":[],"product-type":[133],"class_list":["post-4345","product","type-product","status-publish","has-post-thumbnail","hentry","product-type-silage-machine"],"_links":{"self":[{"href":"https:\/\/taizyfarmequipment.com\/es\/wp-json\/wp\/v2\/product\/4345","targetHints":{"allow":["GET"]}}],"collection":[{"href":"https:\/\/taizyfarmequipment.com\/es\/wp-json\/wp\/v2\/product"}],"about":[{"href":"https:\/\/taizyfarmequipment.com\/es\/wp-json\/wp\/v2\/types\/product"}],"author":[{"embeddable":true,"href":"https:\/\/taizyfarmequipment.com\/es\/wp-json\/wp\/v2\/users\/1"}],"wp:featuredmedia":[{"embeddable":true,"href":"https:\/\/taizyfarmequipment.com\/es\/wp-json\/wp\/v2\/media\/4346"}],"wp:attachment":[{"href":"https:\/\/taizyfarmequipment.com\/es\/wp-json\/wp\/v2\/media?parent=4345"}],"wp:term":[{"taxonomy":"post_tag","embeddable":true,"href":"https:\/\/taizyfarmequipment.com\/es\/wp-json\/wp\/v2\/tags?post=4345"},{"taxonomy":"product-type","embeddable":true,"href":"https:\/\/taizyfarmequipment.com\/es\/wp-json\/wp\/v2\/product-type?post=4345"}],"curies":[{"name":"wp","href":"https:\/\/api.w.org\/{rel}","templated":true}]}}