{"id":4458,"date":"2024-03-20T09:49:30","date_gmt":"2024-03-20T01:49:30","guid":{"rendered":"https:\/\/taizyfarmequipment.com\/?post_type=product&#038;p=4458"},"modified":"2025-02-07T17:11:30","modified_gmt":"2025-02-07T09:11:30","slug":"maquina-de-siembra-de-vivero","status":"publish","type":"product","link":"https:\/\/taizyfarmequipment.com\/es\/product\/nursery-seeding-machine\/","title":{"rendered":"M\u00e1quina de siembra de guarder\u00eda | M\u00e1quina de plantaci\u00f3n de pl\u00e1ntulas de \u00e1rboles"},"content":{"rendered":"<div class=\"kk-star-ratings kksr-auto kksr-align-left kksr-valign-top\"     data-payload='{&quot;align&quot;:&quot;left&quot;,&quot;id&quot;:&quot;4458&quot;,&quot;slug&quot;:&quot;default&quot;,&quot;valign&quot;:&quot;top&quot;,&quot;ignore&quot;:&quot;&quot;,&quot;reference&quot;:&quot;auto&quot;,&quot;class&quot;:&quot;&quot;,&quot;count&quot;:&quot;22&quot;,&quot;legendonly&quot;:&quot;&quot;,&quot;readonly&quot;:&quot;&quot;,&quot;score&quot;:&quot;4.8&quot;,&quot;starsonly&quot;:&quot;&quot;,&quot;best&quot;:&quot;5&quot;,&quot;gap&quot;:&quot;5&quot;,&quot;greet&quot;:&quot;Rate this product&quot;,&quot;legend&quot;:&quot;4.8\\\/5 - (22 votos)&quot;,&quot;size&quot;:&quot;24&quot;,&quot;title&quot;:&quot;Nursery seeding machine | Tree seedling planting machine&quot;,&quot;width&quot;:&quot;136.7&quot;,&quot;_legend&quot;:&quot;{score}\\\/{best} - ({count} {votes})&quot;,&quot;font_factor&quot;:&quot;1.25&quot;}'>              <div class=\"kksr-stars\">      <div class=\"kksr-stars-inactive\">             <div class=\"kksr-star\" data-star=\"1\" style=\"padding-right: 5px\">               <div class=\"kksr-icon\" style=\"width: 24px; height: 24px;\"><\/div>         <\/div>             <div class=\"kksr-star\" data-star=\"2\" style=\"padding-right: 5px\">               <div class=\"kksr-icon\" style=\"width: 24px; height: 24px;\"><\/div>         <\/div>             <div class=\"kksr-star\" data-star=\"3\" style=\"padding-right: 5px\">               <div class=\"kksr-icon\" style=\"width: 24px; height: 24px;\"><\/div>         <\/div>             <div class=\"kksr-star\" data-star=\"4\" style=\"padding-right: 5px\">               <div class=\"kksr-icon\" style=\"width: 24px; height: 24px;\"><\/div>         <\/div>             <div class=\"kksr-star\" data-star=\"5\" style=\"padding-right: 5px\">               <div class=\"kksr-icon\" style=\"width: 24px; height: 24px;\"><\/div>         <\/div>     <\/div>      <div class=\"kksr-stars-active\" style=\"width: 136.7px;\">             <div class=\"kksr-star\" style=\"padding-right: 5px\">               <div class=\"kksr-icon\" style=\"width: 24px; height: 24px;\"><\/div>         <\/div>             <div class=\"kksr-star\" style=\"padding-right: 5px\">               <div class=\"kksr-icon\" style=\"width: 24px; height: 24px;\"><\/div>         <\/div>             <div class=\"kksr-star\" style=\"padding-right: 5px\">               <div class=\"kksr-icon\" style=\"width: 24px; height: 24px;\"><\/div>         <\/div>             <div class=\"kksr-star\" style=\"padding-right: 5px\">               <div class=\"kksr-icon\" style=\"width: 24px; height: 24px;\"><\/div>         <\/div>             <div class=\"kksr-star\" style=\"padding-right: 5px\">               <div class=\"kksr-icon\" style=\"width: 24px; height: 24px;\"><\/div>         <\/div>     <\/div> <\/div>                   <div class=\"kksr-legend\" style=\"font-size: 19.2px;\">             4,8\/5 - (22 votos)    <\/div>     <\/div>  <p class=\"translation-block\">Nuestra <strong>m\u00e1quina de siembra en vivero con PLC<\/strong> puede mejorar la precisi\u00f3n y la eficiencia en el cultivo moderno de viveros. Equipada con un avanzado <strong>sistema de controlador l\u00f3gico programable (PLC)<\/strong>, esta m\u00e1quina ofrece <strong>control y personalizaci\u00f3n incomparables<\/strong> para las operaciones de siembra. <\/p>    <p class=\"translation-block\">Garantiza <strong>colocaci\u00f3n precisa de semillas y gesti\u00f3n \u00f3ptima del suelo<\/strong>, maximizando el rendimiento mientras reduce los costos de mano de obra. Ya sea para <strong>lechuga, tomates u otros cultivos<\/strong>, nuestra m\u00e1quina de siembra para vivero ofrece un <strong>rendimiento constante y de alta velocidad<\/strong>, lo que la convierte en una opci\u00f3n ideal para los cultivadores profesionales de viveros.<\/p>    <figure class=\"wp-block-embed is-type-video is-provider-youtube wp-block-embed-youtube wp-embed-aspect-16-9 wp-has-aspect-ratio\"><div class=\"wp-block-embed__wrapper\"> <iframe loading=\"lazy\" title=\"Impulse las operaciones de su vivero: \u00a1presentamos nuestra m\u00e1quina sembradora de viveros! #agricultura #agricultura\" width=\"500\" height=\"281\" src=\"https:\/\/www.youtube.com\/embed\/mzOvl9zySyg?feature=oembed\" frameborder=\"0\" allow=\"accelerometer; autoplay; clipboard-write; encrypted-media; gyroscope; picture-in-picture; web-share\" referrerpolicy=\"strict-origin-when-cross-origin\" allowfullscreen><\/iframe> <\/div><figcaption class=\"wp-element-caption\">Video de trabajo de la m\u00e1quina sembradora de vivero.<\/figcaption><\/figure>    <h2 class=\"wp-block-heading\">Caracter\u00edsticas clave de la sembradora de vivero<\/h2>    <div class=\"wp-block-media-text is-stacked-on-mobile\"><figure class=\"wp-block-media-text__media\"><img loading=\"lazy\" decoding=\"async\" width=\"720\" height=\"540\" src=\"https:\/\/taizyfarmequipment.com\/wp-content\/uploads\/2024\/03\/Nursery-seeding-machine-with-a-good-price.webp\" alt=\"Sembradora de viveros a buen precio.\" class=\"wp-image-4460 size-full\" srcset=\"https:\/\/taizyfarmequipment.com\/wp-content\/uploads\/2024\/03\/Nursery-seeding-machine-with-a-good-price.webp 720w, https:\/\/taizyfarmequipment.com\/wp-content\/uploads\/2024\/03\/Nursery-seeding-machine-with-a-good-price-300x225.webp 300w, https:\/\/taizyfarmequipment.com\/wp-content\/uploads\/2024\/03\/Nursery-seeding-machine-with-a-good-price-16x12.webp 16w\" sizes=\"auto, (max-width: 720px) 100vw, 720px\" \/><\/figure><div class=\"wp-block-media-text__content\"> <ul class=\"wp-block-list\"> <li><strong>Bandejas negras personalizadas.<\/strong> Dise\u00f1ado para bandejas negras especializadas sin huecos inferiores, evitando la siembra de doble fila para una colocaci\u00f3n precisa de semillas.<\/li>    <li><strong><a href=\"https:\/\/en.wikipedia.org\/wiki\/Programmable_logic_controller\" data-type=\"link\" data-id=\"https:\/\/en.wikipedia.org\/wiki\/Programmable_logic_controller\" target=\"_blank\" rel=\"noopener\">SOCIEDAD AN\u00d3NIMA<\/a> integraci\u00f3n.<\/strong> Reemplaza las placas de circuito tradicionales con un controlador l\u00f3gico programable (PLC) para una mayor confiabilidad, personalizaci\u00f3n y rendimiento consistente.<\/li>    <li><strong>Compatibilidad de la bandeja vers\u00e1til.<\/strong> Admite bandejas negras est\u00e1ndar con sensores inferiores para siembra de doble fila y bandejas blancas con configuraciones espec\u00edficas para acomodar limitaciones del sensor.<\/li> <\/ul> <\/div><\/div>    <div class=\"wp-block-media-text has-media-on-the-right is-stacked-on-mobile\"><div class=\"wp-block-media-text__content\"> <ul class=\"wp-block-list\"> <li><strong>Interfaz de pantalla t\u00e1ctil.<\/strong> El dise\u00f1o f\u00e1cil de usar permite ajustes de configuraci\u00f3n f\u00e1ciles, incluidas las configuraciones para bandejas blancas. La configuraci\u00f3n debe volver a aprender despu\u00e9s de una interrupci\u00f3n de potencia.<\/li>    <li><strong>Colocaci\u00f3n de semillas de m\u00faltiples agujas.<\/strong> Cada tubo tiene tres agujas, lo que permite la colocaci\u00f3n simult\u00e1nea de tres semillas para una siembra m\u00e1s r\u00e1pida y eficiente.<\/li> <\/ul> <\/div><figure class=\"wp-block-media-text__media\"><img loading=\"lazy\" decoding=\"async\" width=\"720\" height=\"540\" src=\"https:\/\/taizyfarmequipment.com\/wp-content\/uploads\/2024\/03\/high-capacity-tree-nursery-machine.webp\" alt=\"m\u00e1quina de vivero de \u00e1rboles de alta capacidad\" class=\"wp-image-4466 size-full\" srcset=\"https:\/\/taizyfarmequipment.com\/wp-content\/uploads\/2024\/03\/high-capacity-tree-nursery-machine.webp 720w, https:\/\/taizyfarmequipment.com\/wp-content\/uploads\/2024\/03\/high-capacity-tree-nursery-machine-300x225.webp 300w, https:\/\/taizyfarmequipment.com\/wp-content\/uploads\/2024\/03\/high-capacity-tree-nursery-machine-16x12.webp 16w\" sizes=\"auto, (max-width: 720px) 100vw, 720px\" \/><\/figure><\/div>    <p>Con estas caracter\u00edsticas clave, nuestra m\u00e1quina sembradora para viveros ofrece una soluci\u00f3n integral para la colocaci\u00f3n de semillas eficiente y precisa, atendiendo a una amplia gama de tipos de bandejas y requisitos de plantaci\u00f3n.<\/p>    <h2 class=\"wp-block-heading\">\u00bfC\u00f3mo funciona la m\u00e1quina de siembra de la guarder\u00eda?<\/h2>    <p>El flujo de trabajo de nuestra m\u00e1quina sembradora Nursery implica varios pasos secuenciales para garantizar una siembra eficiente y precisa. As\u00ed es como funciona:<\/p>    <div class=\"wp-block-media-text is-stacked-on-mobile\"><figure class=\"wp-block-media-text__media\"><img loading=\"lazy\" decoding=\"async\" width=\"720\" height=\"540\" src=\"https:\/\/taizyfarmequipment.com\/wp-content\/uploads\/2024\/03\/commercial-nursery-seedling-machine.webp\" alt=\"m\u00e1quina de pl\u00e1ntulas de vivero comercial\" class=\"wp-image-4461 size-full\" srcset=\"https:\/\/taizyfarmequipment.com\/wp-content\/uploads\/2024\/03\/commercial-nursery-seedling-machine.webp 720w, https:\/\/taizyfarmequipment.com\/wp-content\/uploads\/2024\/03\/commercial-nursery-seedling-machine-300x225.webp 300w, https:\/\/taizyfarmequipment.com\/wp-content\/uploads\/2024\/03\/commercial-nursery-seedling-machine-16x12.webp 16w\" sizes=\"auto, (max-width: 720px) 100vw, 720px\" \/><\/figure><div class=\"wp-block-media-text__content\"> <ul class=\"wp-block-list\"> <li><strong>Cubierta del suelo.<\/strong> Uniformemente dispensa una capa de suelo a trav\u00e9s de bandejas, creando un medio de crecimiento \u00f3ptimo para la germinaci\u00f3n de semillas.<\/li>    <li><strong>Perforaci\u00f3n de agujeros.<\/strong> Utiliza mecanismos especializados para crear agujeros espaciados uniformemente en el suelo, asegurando la colocaci\u00f3n uniforme de las semillas.<\/li>    <li><strong>Siembra.<\/strong> Deposita con precisi\u00f3n las semillas en los agujeros preparados utilizando mecanismos de precisi\u00f3n como la succi\u00f3n al vac\u00edo.<\/li>    <li><strong>Cubierta de suelo secundario.<\/strong> Aplica otra capa de suelo sobre las semillas, protegi\u00e9ndolas y promoviendo la germinaci\u00f3n estable.<\/li> <\/ul> <\/div><\/div>    <p>Siguiendo este flujo de trabajo integral, nuestra m\u00e1quina sembradora Nursery garantiza una siembra eficiente y uniforme al tiempo que optimiza las condiciones de crecimiento de las semillas. Este proceso continuo mejora la productividad y los rendimientos en el cultivo en viveros, facilitando la propagaci\u00f3n de plantas sanas y vigorosas.<\/p>    <h2 class=\"wp-block-heading\">Par\u00e1metros de la m\u00e1quina de siembra de guarder\u00eda<\/h2>    <figure class=\"wp-block-table\"><table class=\"has-fixed-layout\"><tbody><tr><td>Modelo<\/td><td>KMR-100<\/td><\/tr><tr><td>Capacidad<\/td><td>500-1200 bandejas\/hora<\/td><\/tr><tr><td>Precisi\u00f3n<\/td><td>&gt;97-98%<\/td><\/tr><tr><td>Sistema<\/td><td>Sistema PLC de detecci\u00f3n de sensor fotoel\u00e9ctrico autom\u00e1tico<\/td><\/tr><tr><td>Material de la m\u00e1quina<\/td><td>Acero inoxidable<\/td><\/tr><tr><td>Fuerza<\/td><td>650kw<\/td><\/tr><tr><td>Tama\u00f1o para semilla<\/td><td>0.3-15 mm<\/td><\/tr><tr><td>Tama\u00f1o de la bandeja<\/td><td>El est\u00e1ndar normal es 540*280 mm<\/td><\/tr><tr><td>Tama\u00f1o<\/td><td>4800*950*1600 mm<\/td><\/tr><tr><td>Peso<\/td><td>400 kilos<\/td><\/tr><\/tbody><\/table><figcaption class=\"wp-element-caption\">Par\u00e1metros de la m\u00e1quina de plantas para la guarder\u00eda de la guarder\u00eda<\/figcaption><\/figure>    <h2 class=\"wp-block-heading\">Equipo complementario de la m\u00e1quina plantadora de pl\u00e1ntulas de \u00e1rboles.<\/h2>    <p>Nuestra m\u00e1quina plantadora de pl\u00e1ntulas de \u00e1rboles viene equipada con equipos complementarios que incluyen un sistema de riego y un elevador de suelo, lo que mejora a\u00fan m\u00e1s la eficiencia de la plantaci\u00f3n y la comodidad operativa.<\/p>    <div class=\"wp-block-media-text has-media-on-the-right is-stacked-on-mobile\"><div class=\"wp-block-media-text__content\"> <h3 class=\"wp-block-heading\"><strong>Ascensor del suelo<\/strong><\/h3>    <p>Su funci\u00f3n es transmitir la cantidad necesaria de suelo o medio al \u00e1rea de siembra, proporcionando condiciones de crecimiento adecuadas para las pl\u00e1ntulas de los \u00e1rboles. <\/p>    <p>Este proceso reduce la necesidad de mano de obra manual, mejorando la eficiencia y la precisi\u00f3n de la siembra.<\/p> <\/div><figure class=\"wp-block-media-text__media\"><img loading=\"lazy\" decoding=\"async\" width=\"720\" height=\"540\" src=\"https:\/\/taizyfarmequipment.com\/wp-content\/uploads\/2024\/03\/Soil-Elevator.webp\" alt=\"Elevador de suelo\" class=\"wp-image-4463 size-full\" srcset=\"https:\/\/taizyfarmequipment.com\/wp-content\/uploads\/2024\/03\/Soil-Elevator.webp 720w, https:\/\/taizyfarmequipment.com\/wp-content\/uploads\/2024\/03\/Soil-Elevator-300x225.webp 300w, https:\/\/taizyfarmequipment.com\/wp-content\/uploads\/2024\/03\/Soil-Elevator-16x12.webp 16w\" sizes=\"auto, (max-width: 720px) 100vw, 720px\" \/><\/figure><\/div>    <div class=\"wp-block-media-text is-stacked-on-mobile\"><figure class=\"wp-block-media-text__media\"><img loading=\"lazy\" decoding=\"async\" width=\"720\" height=\"540\" src=\"https:\/\/taizyfarmequipment.com\/wp-content\/uploads\/2024\/03\/Watering-System.webp\" alt=\"Sistema de riego\" class=\"wp-image-4464 size-full\" srcset=\"https:\/\/taizyfarmequipment.com\/wp-content\/uploads\/2024\/03\/Watering-System.webp 720w, https:\/\/taizyfarmequipment.com\/wp-content\/uploads\/2024\/03\/Watering-System-300x225.webp 300w, https:\/\/taizyfarmequipment.com\/wp-content\/uploads\/2024\/03\/Watering-System-16x12.webp 16w\" sizes=\"auto, (max-width: 720px) 100vw, 720px\" \/><\/figure><div class=\"wp-block-media-text__content\"> <h3 class=\"wp-block-heading\"><strong>Sistema de riego<\/strong><\/h3>    <p>La inclusi\u00f3n de un sistema de riego garantiza un proceso integral de plantaci\u00f3n de pl\u00e1ntulas de \u00e1rboles. <\/p>    <p>Despu\u00e9s de plantar las pl\u00e1ntulas de los \u00e1rboles, el sistema de riego ramera autom\u00e1ticamente el agua, asegurando que el suelo en el \u00e1rea de plantaci\u00f3n mantenga el nivel de humedad apropiado. <\/p>    <p>Esto promueve el crecimiento de las pl\u00e1ntulas de \u00e1rboles y las tasas de supervivencia.<\/p> <\/div><\/div>    <p>Estas caracter\u00edsticas adicionales del equipo hacen que nuestra m\u00e1quina plantadora de pl\u00e1ntulas de \u00e1rboles sea m\u00e1s completa y vers\u00e1til, capaz de satisfacer diversas necesidades de plantaci\u00f3n en diferentes escenarios. Proporcionan a los usuarios una soluci\u00f3n de plantaci\u00f3n m\u00e1s conveniente y eficiente.<\/p>    <h2 class=\"wp-block-heading\">Accesorios de la m\u00e1quina de siembra de la guarder\u00eda<\/h2>    <p>Nuestra m\u00e1quina de siembra de vivero viene con un conjunto de accesorios integral, que proporciona herramientas esenciales para la siembra sin problemas y el mantenimiento eficiente de la m\u00e1quina. Para mejorar la conveniencia del usuario, cada compra de la m\u00e1quina incluye un juego de herramientas de cortes\u00eda, asegurando un funcionamiento sin problemas y un f\u00e1cil mantenimiento.<\/p>    <div class=\"wp-block-media-text has-media-on-the-right is-stacked-on-mobile\"><div class=\"wp-block-media-text__content\"> <ul class=\"wp-block-list\"> <li><strong>Variedad de agujas de succi\u00f3n.<\/strong> Cinco modelos diferentes para acomodar varios tipos de semillas.<\/li>    <li><strong>Agujas de limpieza.<\/strong> Ayuda a eliminar bloqueos y mantener un funcionamiento suave.<\/li>    <li><strong>Pistola de aire.<\/strong> Ayuda a limpiar y limpiar los escombros de la m\u00e1quina.<\/li>    <li><strong>Pantallas de tamiz.<\/strong> Asegura la selecci\u00f3n adecuada de semillas y evita la obstrucci\u00f3n.<\/li>    <li><strong>Tazas de succi\u00f3n.<\/strong> Mejora la precisi\u00f3n en la recolecci\u00f3n y colocaci\u00f3n de semillas.<\/li> <\/ul> <\/div><figure class=\"wp-block-media-text__media\"><img loading=\"lazy\" decoding=\"async\" width=\"720\" height=\"540\" src=\"https:\/\/taizyfarmequipment.com\/wp-content\/uploads\/2024\/03\/Accessories-of-nursery-seedling-machine.webp\" alt=\"Accesorios de la m\u00e1quina de pl\u00e1ntulas de vivero.\" class=\"wp-image-4465 size-full\" srcset=\"https:\/\/taizyfarmequipment.com\/wp-content\/uploads\/2024\/03\/Accessories-of-nursery-seedling-machine.webp 720w, https:\/\/taizyfarmequipment.com\/wp-content\/uploads\/2024\/03\/Accessories-of-nursery-seedling-machine-300x225.webp 300w, https:\/\/taizyfarmequipment.com\/wp-content\/uploads\/2024\/03\/Accessories-of-nursery-seedling-machine-16x12.webp 16w\" sizes=\"auto, (max-width: 720px) 100vw, 720px\" \/><\/figure><\/div>    <h2 class=\"wp-block-heading\">\u00bfC\u00f3mo mantener la m\u00e1quina de siembra de la guarder\u00eda?<\/h2>    <div class=\"wp-block-media-text is-stacked-on-mobile\"><figure class=\"wp-block-media-text__media\"><img loading=\"lazy\" decoding=\"async\" width=\"720\" height=\"540\" src=\"https:\/\/taizyfarmequipment.com\/wp-content\/uploads\/2024\/03\/Nursery-seeding-machine-1.webp\" alt=\"Sembradora para viveros\" class=\"wp-image-4462 size-full\" srcset=\"https:\/\/taizyfarmequipment.com\/wp-content\/uploads\/2024\/03\/Nursery-seeding-machine-1.webp 720w, https:\/\/taizyfarmequipment.com\/wp-content\/uploads\/2024\/03\/Nursery-seeding-machine-1-300x225.webp 300w, https:\/\/taizyfarmequipment.com\/wp-content\/uploads\/2024\/03\/Nursery-seeding-machine-1-16x12.webp 16w\" sizes=\"auto, (max-width: 720px) 100vw, 720px\" \/><\/figure><div class=\"wp-block-media-text__content\"> <ul class=\"wp-block-list\"> <li>Almacene las semillas excedentes correctamente y limpie la m\u00e1quina despu\u00e9s de cada sesi\u00f3n de plantaci\u00f3n.<\/li>    <li>Si la m\u00e1quina permanece sin usar durante mucho tiempo, limpia bien antes del almacenamiento.<\/li>    <li>Aplique aceite de motor a los componentes de enlace y se engrase a la cadena y la rueda para evitar el desgaste.<\/li>    <li>Mantenga la m\u00e1quina en un \u00e1rea seca y bien ventilada para evitar da\u00f1os por humedad.<\/li>    <li>Lubrique regularmente el \u00e1rbol de levas y el enlace en el \u00e1rea de siembra para garantizar un funcionamiento suave.<\/li> <\/ul> <\/div><\/div>    <h2 class=\"wp-block-heading\">Invierta en nuestra m\u00e1quina de pl\u00e1ntulas para viveros<\/h2>    <p>Si est\u00e1 buscando una m\u00e1quina plantadora confiable, lo invitamos sinceramente a contactarnos para obtener m\u00e1s informaci\u00f3n sobre nuestra m\u00e1quina plantadora de viveros y solicitar una cotizaci\u00f3n. \u00a1Trabajemos juntos para crear una soluci\u00f3n de plantaci\u00f3n eficiente y sostenible, ayud\u00e1ndole a lograr un mayor \u00e9xito!<\/p>    <p class=\"translation-block\">Adem\u00e1s, ofrecemos otros modelos de <a href=\"https:\/\/taizyfarmequipment.com\/es\/producto-2\/maquina-de-crianza-de-viveros\/\" data-type=\"link\" data-id=\"https:\/\/taizyfarmequipment.com\/product\/nursery-raising-machine\/\">M\u00e1quinas de Semillero para Vivero<\/a> para atender distintas necesidades de los clientes. Ya necesite mayor capacidad, mayor velocidad o funcionalidades espec\u00edficas, tenemos opciones adecuadas para usted. No dude en consultar a nuestro equipo de ventas para m\u00e1s opciones y recomendaciones personalizadas.<\/p>","protected":false},"excerpt":{"rendered":"<p>Nuestra m\u00e1quina de siembra de vivero habilitada para PLC puede mejorar la precisi\u00f3n y la eficiencia en el cultivo de vivero moderno.<\/p>","protected":false},"author":1,"featured_media":4467,"parent":0,"template":"","tags":[339],"product-type":[134],"class_list":["post-4458","product","type-product","status-publish","has-post-thumbnail","hentry","tag-nursery-seeding-machine","product-type-nursery-transplanter"],"_links":{"self":[{"href":"https:\/\/taizyfarmequipment.com\/es\/wp-json\/wp\/v2\/product\/4458","targetHints":{"allow":["GET"]}}],"collection":[{"href":"https:\/\/taizyfarmequipment.com\/es\/wp-json\/wp\/v2\/product"}],"about":[{"href":"https:\/\/taizyfarmequipment.com\/es\/wp-json\/wp\/v2\/types\/product"}],"author":[{"embeddable":true,"href":"https:\/\/taizyfarmequipment.com\/es\/wp-json\/wp\/v2\/users\/1"}],"wp:featuredmedia":[{"embeddable":true,"href":"https:\/\/taizyfarmequipment.com\/es\/wp-json\/wp\/v2\/media\/4467"}],"wp:attachment":[{"href":"https:\/\/taizyfarmequipment.com\/es\/wp-json\/wp\/v2\/media?parent=4458"}],"wp:term":[{"taxonomy":"post_tag","embeddable":true,"href":"https:\/\/taizyfarmequipment.com\/es\/wp-json\/wp\/v2\/tags?post=4458"},{"taxonomy":"product-type","embeddable":true,"href":"https:\/\/taizyfarmequipment.com\/es\/wp-json\/wp\/v2\/product-type?post=4458"}],"curies":[{"name":"wp","href":"https:\/\/api.w.org\/{rel}","templated":true}]}}