{"id":5074,"date":"2026-04-21T17:43:26","date_gmt":"2026-04-21T09:43:26","guid":{"rendered":"https:\/\/taizyfarmequipment.com\/?post_type=product&#038;p=5074"},"modified":"2026-04-21T17:59:49","modified_gmt":"2026-04-21T09:59:49","slug":"feed-pellet-making-machine-plant","status":"publish","type":"product","link":"https:\/\/taizyfarmequipment.com\/es\/product\/feed-pellet-making-machine-plant\/","title":{"rendered":"Planta de fabricaci\u00f3n de piensos en pellet"},"content":{"rendered":"<div class=\"kk-star-ratings kksr-auto kksr-align-left kksr-valign-top\"     data-payload='{&quot;align&quot;:&quot;left&quot;,&quot;id&quot;:&quot;5074&quot;,&quot;slug&quot;:&quot;default&quot;,&quot;valign&quot;:&quot;top&quot;,&quot;ignore&quot;:&quot;&quot;,&quot;reference&quot;:&quot;auto&quot;,&quot;class&quot;:&quot;&quot;,&quot;count&quot;:&quot;0&quot;,&quot;legendonly&quot;:&quot;&quot;,&quot;readonly&quot;:&quot;&quot;,&quot;score&quot;:&quot;0&quot;,&quot;starsonly&quot;:&quot;&quot;,&quot;best&quot;:&quot;5&quot;,&quot;gap&quot;:&quot;5&quot;,&quot;greet&quot;:&quot;Rate this product&quot;,&quot;legend&quot;:&quot;0\\\/5 - (0 votos)&quot;,&quot;size&quot;:&quot;24&quot;,&quot;title&quot;:&quot;Feed pellet making machine plant&quot;,&quot;width&quot;:&quot;0&quot;,&quot;_legend&quot;:&quot;{score}\\\/{best} - ({count} {votes})&quot;,&quot;font_factor&quot;:&quot;1.25&quot;}'>              <div class=\"kksr-stars\">      <div class=\"kksr-stars-inactive\">             <div class=\"kksr-star\" data-star=\"1\" style=\"padding-right: 5px\">               <div class=\"kksr-icon\" style=\"width: 24px; height: 24px;\"><\/div>         <\/div>             <div class=\"kksr-star\" data-star=\"2\" style=\"padding-right: 5px\">               <div class=\"kksr-icon\" style=\"width: 24px; height: 24px;\"><\/div>         <\/div>             <div class=\"kksr-star\" data-star=\"3\" style=\"padding-right: 5px\">               <div class=\"kksr-icon\" style=\"width: 24px; height: 24px;\"><\/div>         <\/div>             <div class=\"kksr-star\" data-star=\"4\" style=\"padding-right: 5px\">               <div class=\"kksr-icon\" style=\"width: 24px; height: 24px;\"><\/div>         <\/div>             <div class=\"kksr-star\" data-star=\"5\" style=\"padding-right: 5px\">               <div class=\"kksr-icon\" style=\"width: 24px; height: 24px;\"><\/div>         <\/div>     <\/div>      <div class=\"kksr-stars-active\" style=\"width: 0px;\">             <div class=\"kksr-star\" style=\"padding-right: 5px\">               <div class=\"kksr-icon\" style=\"width: 24px; height: 24px;\"><\/div>         <\/div>             <div class=\"kksr-star\" style=\"padding-right: 5px\">               <div class=\"kksr-icon\" style=\"width: 24px; height: 24px;\"><\/div>         <\/div>             <div class=\"kksr-star\" style=\"padding-right: 5px\">               <div class=\"kksr-icon\" style=\"width: 24px; height: 24px;\"><\/div>         <\/div>             <div class=\"kksr-star\" style=\"padding-right: 5px\">               <div class=\"kksr-icon\" style=\"width: 24px; height: 24px;\"><\/div>         <\/div>             <div class=\"kksr-star\" style=\"padding-right: 5px\">               <div class=\"kksr-icon\" style=\"width: 24px; height: 24px;\"><\/div>         <\/div>     <\/div> <\/div>                   <div class=\"kksr-legend\" style=\"font-size: 19.2px;\">             <span class=\"kksr-muted\">Califica este producto<\/span>     <\/div>     <\/div>  <p class=\"translation-block\">La planta de fabricaci\u00f3n de pellets de alimentaci\u00f3n es un sistema de producci\u00f3n autom\u00e1tico avanzado ampliamente utilizado en el procesamiento de pellets de alimentaci\u00f3n para ganado y aves de corral. Es especialmente adecuada para f\u00e1bricas de alimentos medianas y grandes y granjas de cr\u00eda debido a su alta eficiencia, rendimiento estable y fuerte adaptabilidad a diferentes materias primas. La capacidad de producci\u00f3n var\u00eda de <strong>80\u20131200 kg\/h<\/strong>, cumpliendo con varios requisitos de escala de producci\u00f3n.<\/p>    <p>La l\u00ednea de producci\u00f3n puede procesar ma\u00edz, trigo, frijoles y harina de semillas oleaginosas, asegurando una excelente versatilidad de materias primas y calidad de pellets consistente para diversas formulaciones de alimentos. Con su alto nivel de automatizaci\u00f3n y bajo consumo de energ\u00eda, mejora significativamente la eficiencia de producci\u00f3n mientras reduce los requisitos laborales.<\/p>    <p>El sistema completo integra cuatro procesos clave: trituraci\u00f3n, mezcla, pelletizaci\u00f3n y empaquetado. Esta planta de fabricaci\u00f3n de pellets de alimentaci\u00f3n es una soluci\u00f3n ideal para la producci\u00f3n moderna de alimentos, ofreciendo capacidades de procesamiento tanto en polvo como en pellets, mientras ayuda a las empresas a aumentar la producci\u00f3n y reducir los costos operativos.<\/p>    <figure class=\"wp-block-embed is-type-video is-provider-youtube wp-block-embed-youtube wp-embed-aspect-9-16 wp-has-aspect-ratio\"><div class=\"wp-block-embed__wrapper\"> <iframe loading=\"lazy\" title=\"L\u00ednea de producci\u00f3n completa de fabricaci\u00f3n de pellets de alimentaci\u00f3n para una agricultura de alta eficiencia #feed #pelletmill #farming\" width=\"422\" height=\"750\" src=\"https:\/\/www.youtube.com\/embed\/7M5dzyUklzo?feature=oembed\" frameborder=\"0\" allow=\"accelerometer; autoplay; clipboard-write; encrypted-media; gyroscope; picture-in-picture; web-share\" referrerpolicy=\"strict-origin-when-cross-origin\" allowfullscreen><\/iframe> <\/div><figcaption class=\"wp-element-caption\">Video de trabajo de la planta de fabricaci\u00f3n de pellets de alimentaci\u00f3n<\/figcaption><\/figure>    <h2 class=\"wp-block-heading\">Aplicaciones de la planta de fabricaci\u00f3n de pellets de alimentaci\u00f3n<\/h2>    <p class=\"translation-block\">La <strong>planta de fabricaci\u00f3n de pellets de alimentaci\u00f3n<\/strong> puede producir pellets de alimentaci\u00f3n de alta calidad adecuados para una amplia gama de animales, lo que la hace altamente vers\u00e1til para diferentes necesidades agr\u00edcolas. Se utiliza com\u00fanmente para producir alimentos para aves de corral como pollos, patos y gansos, as\u00ed como para ganado, incluyendo vacas, ovejas, cabras y cerdos. <\/p>    <p>Adem\u00e1s, al ajustar la f\u00f3rmula y el tama\u00f1o de los pellets, la l\u00ednea de producci\u00f3n tambi\u00e9n se puede utilizar para fabricar alimentos para animales acu\u00e1ticos como peces y camarones. Esta flexibilidad permite a los agricultores y productores de alimentos satisfacer los requisitos nutricionales de diferentes animales mientras mejoran la eficiencia de los alimentos y la productividad general de la granja.<\/p>    <figure class=\"wp-block-gallery has-nested-images columns-default is-cropped wp-block-gallery-2 is-layout-flex wp-block-gallery-is-layout-flex\"> <figure class=\"wp-block-image size-large\"><img loading=\"lazy\" decoding=\"async\" width=\"720\" height=\"540\" data-id=\"5077\" src=\"https:\/\/taizyfarmequipment.com\/wp-content\/uploads\/2026\/04\/chickens.webp\" alt=\"pollos\" class=\"wp-image-5077\" srcset=\"https:\/\/taizyfarmequipment.com\/wp-content\/uploads\/2026\/04\/chickens.webp 720w, https:\/\/taizyfarmequipment.com\/wp-content\/uploads\/2026\/04\/chickens-300x225.webp 300w, https:\/\/taizyfarmequipment.com\/wp-content\/uploads\/2026\/04\/chickens-16x12.webp 16w\" sizes=\"auto, (max-width: 720px) 100vw, 720px\" \/><figcaption class=\"wp-element-caption\">pollos<\/figcaption><\/figure>    <figure class=\"wp-block-image size-large\"><img loading=\"lazy\" decoding=\"async\" width=\"720\" height=\"540\" data-id=\"5078\" src=\"https:\/\/taizyfarmequipment.com\/wp-content\/uploads\/2026\/04\/ducks.webp\" alt=\"patos\" class=\"wp-image-5078\" srcset=\"https:\/\/taizyfarmequipment.com\/wp-content\/uploads\/2026\/04\/ducks.webp 720w, https:\/\/taizyfarmequipment.com\/wp-content\/uploads\/2026\/04\/ducks-300x225.webp 300w, https:\/\/taizyfarmequipment.com\/wp-content\/uploads\/2026\/04\/ducks-16x12.webp 16w\" sizes=\"auto, (max-width: 720px) 100vw, 720px\" \/><figcaption class=\"wp-element-caption\">patos<\/figcaption><\/figure> <\/figure>    <h2 class=\"wp-block-heading\">Componentes de la planta de m\u00e1quina de fabricaci\u00f3n de pellets de alimentaci\u00f3n<\/h2>    <p class=\"translation-block\">La <strong>planta de fabricaci\u00f3n de pellets de alimentaci\u00f3n<\/strong> incluye t\u00edpicamente una m\u00e1quina trituradora para reducir las materias primas a part\u00edculas finas, una m\u00e1quina de mezcla para lograr una mezcla uniforme de ingredientes, una m\u00e1quina de pellets para comprimir la mezcla en pellets de alimentaci\u00f3n de alta densidad, una m\u00e1quina de enfriamiento para bajar la temperatura de los pellets y mejorar la dureza, y una m\u00e1quina de empaquetado para pesar y empaquetar los productos finales. <\/p>    <p>Juntos, estos componentes trabajan en coordinaci\u00f3n para garantizar una producci\u00f3n estable, alta eficiencia y calidad de alimentaci\u00f3n consistente.<\/p>    <div class=\"wp-block-media-text is-stacked-on-mobile\"><figure class=\"wp-block-media-text__media\"><img loading=\"lazy\" decoding=\"async\" width=\"720\" height=\"540\" src=\"https:\/\/taizyfarmequipment.com\/wp-content\/uploads\/2026\/04\/grain-crusher.webp\" alt=\"trituradora de granos\" class=\"wp-image-5079 size-full\" srcset=\"https:\/\/taizyfarmequipment.com\/wp-content\/uploads\/2026\/04\/grain-crusher.webp 720w, https:\/\/taizyfarmequipment.com\/wp-content\/uploads\/2026\/04\/grain-crusher-300x225.webp 300w, https:\/\/taizyfarmequipment.com\/wp-content\/uploads\/2026\/04\/grain-crusher-16x12.webp 16w\" sizes=\"auto, (max-width: 720px) 100vw, 720px\" \/><\/figure><div class=\"wp-block-media-text__content\"> <h3 class=\"wp-block-heading\"><a href=\"https:\/\/taizyfarmequipment.com\/es\/producto-2\/molino-de-martillos\/\" data-type=\"link\" data-id=\"https:\/\/taizyfarmequipment.com\/product\/hammer-mill-grinder\/\">Triturador de granos<\/a><\/h3>    <p class=\"translation-block\">El <strong>triturador de granos<\/strong> combina un molino y una astilladora en una sola unidad. <\/p>    <p>Adem\u00e1s de ser adecuada para moler alimentos concentrados como ma\u00edz y soja, as\u00ed como varios tipos de paja, tallos de ma\u00edz, c\u00e1scaras de cacahuete, malezas y ramas, tambi\u00e9n es adecuada para moler materias primas como madera y ramas.<\/p>    <p>Con tama\u00f1os de pantalla ajustables, la m\u00e1quina puede controlar la finura de la salida para satisfacer diferentes requisitos de alimentaci\u00f3n. <\/p> <\/div><\/div>    <figure class=\"wp-block-table\"><table class=\"has-fixed-layout\"><thead><tr><th>Modelo<\/th><th>Fuerza<\/th><th>Producci\u00f3n<\/th><th>Dimensi\u00f3n global<\/th><th>Peso<\/th><\/tr><\/thead><tbody><tr><td>MGDP-420B<\/td><td>11kW<\/td><td>500-800kg\/h<\/td><td>1600\u00d7600\u00d71200mm<\/td><td>360kg<\/td><\/tr><tr><td>MGDP-500B<\/td><td>22kW<\/td><td>800-1200kg\/h<\/td><td>2200\u00d71300\u00d71450mm<\/td><td>600 kilos<\/td><\/tr><tr><td>MGDP-600B<\/td><td>30kW<\/td><td>1200-1800kg\/h<\/td><td>2300\u00d71450\u00d71450mm<\/td><td>780kg<\/td><\/tr><tr><td>MGDP-700B<\/td><td>37kW<\/td><td>1800-2500kg\/h<\/td><td>2450\u00d71500\u00d71450mm<\/td><td>900 kilos<\/td><\/tr><\/tbody><\/table><figcaption class=\"wp-element-caption\">Par\u00e1metros del triturador de granos<\/figcaption><\/figure>    <div class=\"wp-block-media-text has-media-on-the-right is-stacked-on-mobile\"><div class=\"wp-block-media-text__content\"> <h3 class=\"wp-block-heading\">M\u00e1quina de mezcla<\/h3>    <p class=\"translation-block\">La <strong>m\u00e1quina de mezcla<\/strong> es responsable de mezclar uniformemente las materias primas trituradas con aditivos. Asegura que los nutrientes, vitaminas y minerales est\u00e9n distribuidos uniformemente en cada lote.<\/p>    <p>Cuando se abre la puerta de descarga, este equipo asegura que todo el material en el tambor de mezcla se descargue completamente. Con un tiempo de descarga corto y sin material residual, mejora efectivamente la eficiencia de producci\u00f3n.<\/p> <\/div><figure class=\"wp-block-media-text__media\"><img loading=\"lazy\" decoding=\"async\" width=\"720\" height=\"540\" src=\"https:\/\/taizyfarmequipment.com\/wp-content\/uploads\/2026\/04\/mixing-machine.webp\" alt=\"m\u00e1quina de mezcla\" class=\"wp-image-5080 size-full\" srcset=\"https:\/\/taizyfarmequipment.com\/wp-content\/uploads\/2026\/04\/mixing-machine.webp 720w, https:\/\/taizyfarmequipment.com\/wp-content\/uploads\/2026\/04\/mixing-machine-300x225.webp 300w, https:\/\/taizyfarmequipment.com\/wp-content\/uploads\/2026\/04\/mixing-machine-16x12.webp 16w\" sizes=\"auto, (max-width: 720px) 100vw, 720px\" \/><\/figure><\/div>    <figure class=\"wp-block-table\"><table class=\"has-fixed-layout\"><thead><tr><th>Modelo<\/th><th>Fuerza<\/th><th>Producci\u00f3n<\/th><th>Dimensi\u00f3n global<\/th><th>Peso<\/th><\/tr><\/thead><tbody><tr><td>MGWJ-250<\/td><td>4kW<\/td><td>0.5-1.2T\/h<\/td><td>2100\u00d7800\u00d71550mm<\/td><td>210kg<\/td><\/tr><tr><td>MGWJ-500<\/td><td>7.5kW<\/td><td>1.3-1.8T\/h<\/td><td>2800\u00d71200\u00d72000mm<\/td><td>900 kilos<\/td><\/tr><tr><td>MGWJ-1000<\/td><td>11kW<\/td><td>1.5-2.5T\/h<\/td><td>3200\u00d71200\u00d72300mm<\/td><td>1200kg<\/td><\/tr><tr><td>MGWJ-2000<\/td><td>18.5kW<\/td><td>1.5-2.5T\/h<\/td><td>3800\u00d71400\u00d72350mm<\/td><td>1500 kilos<\/td><\/tr><\/tbody><\/table><figcaption class=\"wp-element-caption\">Par\u00e1metros de la m\u00e1quina de mezcla<\/figcaption><\/figure>    <div class=\"wp-block-media-text is-stacked-on-mobile\"><figure class=\"wp-block-media-text__media\"><img loading=\"lazy\" decoding=\"async\" width=\"720\" height=\"540\" src=\"https:\/\/taizyfarmequipment.com\/wp-content\/uploads\/2026\/04\/feed-pellet-making-machine.webp\" alt=\"m\u00e1quina de fabricaci\u00f3n de pellets de alimentaci\u00f3n\" class=\"wp-image-5081 size-full\" srcset=\"https:\/\/taizyfarmequipment.com\/wp-content\/uploads\/2026\/04\/feed-pellet-making-machine.webp 720w, https:\/\/taizyfarmequipment.com\/wp-content\/uploads\/2026\/04\/feed-pellet-making-machine-300x225.webp 300w, https:\/\/taizyfarmequipment.com\/wp-content\/uploads\/2026\/04\/feed-pellet-making-machine-16x12.webp 16w\" sizes=\"auto, (max-width: 720px) 100vw, 720px\" \/><\/figure><div class=\"wp-block-media-text__content\"> <h3 class=\"wp-block-heading\">M\u00e1quina de fabricaci\u00f3n de pellets de alimentaci\u00f3n<\/h3>    <p class=\"translation-block\">La <strong>m\u00e1quina de fabricaci\u00f3n de pellets de alimentaci\u00f3n<\/strong> es responsable de comprimir materiales mezclados en pellets de alimentaci\u00f3n uniformes. Utiliza presi\u00f3n y calor generados por rodillos y matrices para formar pellets densos y duraderos con buena dureza.<\/p>    <p>La m\u00e1quina asegura un tama\u00f1o y calidad de pellet consistentes, mejorando la palatabilidad y digestibilidad de los alimentos para el ganado y las aves de corral. <\/p>    <p>Con matrices ajustables, puede producir pellets adecuados para diferentes animales.<\/p> <\/div><\/div>    <figure class=\"wp-block-table\"><table class=\"has-fixed-layout\"><thead><tr><th>Modelo<\/th><th>Fuerza<\/th><th>Producci\u00f3n<\/th><th>Dimensiones generales (mm)<\/th><th>Peso (kg)<\/th><\/tr><\/thead><tbody><tr><td>MGPM-150A<\/td><td>10 HP<\/td><td>80-120kg\/h<\/td><td>950\u00d7600\u00d7800<\/td><td>165\/190<\/td><\/tr><tr><td>MGPM-200A<\/td><td>15 HP<\/td><td>200-300kg\/h<\/td><td>1240\u00d7800\u00d7900<\/td><td>350\/380<\/td><\/tr><tr><td>MGPM-260A<\/td><td>30 HP<\/td><td>400-600kg\/h<\/td><td>2000\u00d7770\u00d71100<\/td><td>480\/520<\/td><\/tr><tr><td>MGPM-300A<\/td><td>41 HP<\/td><td>600-800kg\/hora<\/td><td>2300\u00d7700\u00d71250<\/td><td>850\/890<\/td><\/tr><tr><td>MGPM-400A<\/td><td>55 HP<\/td><td>800-1200kg\/h<\/td><td>2300\u00d7700\u00d71250<\/td><td>1050\/1100<\/td><\/tr><\/tbody><\/table><figcaption class=\"wp-element-caption\">Par\u00e1metros de la m\u00e1quina de fabricaci\u00f3n de pellets de alimentaci\u00f3n<\/figcaption><\/figure>    <div class=\"wp-block-media-text has-media-on-the-right is-stacked-on-mobile\"><div class=\"wp-block-media-text__content\"> <h3 class=\"wp-block-heading\">M\u00e1quina de enfriamiento<\/h3>    <p class=\"translation-block\">La <strong>m\u00e1quina de enfriamiento<\/strong> se utiliza para reducir la temperatura y la humedad de los pellets reci\u00e9n producidos. Despu\u00e9s de la pelletizaci\u00f3n, el alimento est\u00e1 caliente y blando, por lo que el enfriamiento es necesario para mejorar la dureza y la estabilidad.<\/p>    <p>Al usar flujo de aire para bajar r\u00e1pidamente la temperatura, la m\u00e1quina ayuda a prevenir deformaciones y asegura una mejor calidad de los pellets.<\/p> <\/div><figure class=\"wp-block-media-text__media\"><img loading=\"lazy\" decoding=\"async\" width=\"720\" height=\"540\" src=\"https:\/\/taizyfarmequipment.com\/wp-content\/uploads\/2026\/04\/cooling-machine.webp\" alt=\"m\u00e1quina de enfriamiento\" class=\"wp-image-5082 size-full\" srcset=\"https:\/\/taizyfarmequipment.com\/wp-content\/uploads\/2026\/04\/cooling-machine.webp 720w, https:\/\/taizyfarmequipment.com\/wp-content\/uploads\/2026\/04\/cooling-machine-300x225.webp 300w, https:\/\/taizyfarmequipment.com\/wp-content\/uploads\/2026\/04\/cooling-machine-16x12.webp 16w\" sizes=\"auto, (max-width: 720px) 100vw, 720px\" \/><\/figure><\/div>    <figure class=\"wp-block-table\"><table class=\"has-fixed-layout\"><thead><tr><th>Modelo<\/th><th>Fuerza<\/th><th>Producci\u00f3n<\/th><th>Dimensiones generales (mm)<\/th><th>Peso (kg)<\/th><\/tr><\/thead><tbody><tr><td>MGLQ-50<\/td><td>0.75 2.2kW<\/td><td>0-500kg\/h<\/td><td>1800\u00d7750\u00d71100<\/td><td>220+65<\/td><\/tr><tr><td>MGLQ-70<\/td><td>0.75 2.2 2.2kW<\/td><td>0-1000kg\/h<\/td><td>1800\u00d7750\u00d71100<\/td><td>220+120<\/td><\/tr><\/tbody><\/table><figcaption class=\"wp-element-caption\">Par\u00e1metros de la m\u00e1quina de enfriamiento<\/figcaption><\/figure>    <div class=\"wp-block-media-text is-stacked-on-mobile\"><figure class=\"wp-block-media-text__media\"><img loading=\"lazy\" decoding=\"async\" width=\"720\" height=\"540\" src=\"https:\/\/taizyfarmequipment.com\/wp-content\/uploads\/2026\/04\/packing-machine.webp\" alt=\"m\u00e1quina de empaquetado\" class=\"wp-image-5083 size-full\" srcset=\"https:\/\/taizyfarmequipment.com\/wp-content\/uploads\/2026\/04\/packing-machine.webp 720w, https:\/\/taizyfarmequipment.com\/wp-content\/uploads\/2026\/04\/packing-machine-300x225.webp 300w, https:\/\/taizyfarmequipment.com\/wp-content\/uploads\/2026\/04\/packing-machine-16x12.webp 16w\" sizes=\"auto, (max-width: 720px) 100vw, 720px\" \/><\/figure><div class=\"wp-block-media-text__content\"> <h3 class=\"wp-block-heading\">M\u00e1quina de empaquetado<\/h3>    <p class=\"translation-block\">La <strong>m\u00e1quina de empaquetado<\/strong> es la unidad final en la planta de fabricaci\u00f3n de pellets de alimentaci\u00f3n, responsable de pesar y empaquetar los pellets de alimentaci\u00f3n terminados. Asegura una medici\u00f3n precisa y un envasado consistente, mejorando la eficiencia y reduciendo el trabajo manual.<\/p>    <p>Equipado con funciones autom\u00e1ticas de pesaje y sellado, la m\u00e1quina ofrece un rendimiento de empaquetado r\u00e1pido y confiable. <\/p>    <p>Ayuda a mantener la calidad del producto, simplifica el almacenamiento y el transporte, y apoya la producci\u00f3n continua y a gran escala de alimentos.<\/p> <\/div><\/div>    <figure class=\"wp-block-table\"><table class=\"has-fixed-layout\"><thead><tr><th>Modelo<\/th><th>Fuerza<\/th><th>Rango de empaquetado<\/th><th>Dimensiones generales (mm)<\/th><th>Peso (kg)<\/th><\/tr><\/thead><tbody><tr><td>MGBZ-50<\/td><td>1kW<\/td><td>10-50kg\/bolsa<\/td><td>1200\u00d71200\u00d724001200\u00d71200\u00d712002400\u00d7700\u00d7400<\/td><td>600<\/td><\/tr><\/tbody><\/table><figcaption class=\"wp-element-caption\">Par\u00e1metros de la m\u00e1quina de empaquetado<\/figcaption><\/figure>    <h2 class=\"wp-block-heading\">Ventajas de la l\u00ednea de producci\u00f3n de la m\u00e1quina de fabricaci\u00f3n de pellets de alimentaci\u00f3n<\/h2>    <ul class=\"wp-block-list\"> <li>F\u00e1cil operaci\u00f3n y mantenimiento conveniente, reduciendo los requisitos de habilidad laboral y los costos de mantenimiento diario.<\/li>    <li>Procesamiento a alta temperatura durante la operaci\u00f3n (80\u201390\u00b0C), lo que ayuda a la maduraci\u00f3n de los pellets y proporciona efectos de esterilizaci\u00f3n. <\/li>    <li>Los pellets terminados son m\u00e1s f\u00e1ciles de almacenar, empaquetar y transportar, mejorando la eficiencia log\u00edstica general. <\/li>    <li>El dise\u00f1o de la estructura del rodillo asegura una fuerte compactaci\u00f3n, operaci\u00f3n de bajo ruido y alta eficiencia de producci\u00f3n. <\/li>    <li>Fuerte adaptabilidad de materiales, adecuada para procesar diversas materias primas con un amplio rango de aplicaci\u00f3n. <\/li>    <li>Sistema de molde ajustable, que permite la producci\u00f3n flexible de pellets de alimentaci\u00f3n para diferentes especies de aves de corral y ganado.<\/li> <\/ul>    <figure class=\"wp-block-gallery has-nested-images columns-default is-cropped wp-block-gallery-3 is-layout-flex wp-block-gallery-is-layout-flex\"> <figure class=\"wp-block-image size-large\"><img loading=\"lazy\" decoding=\"async\" width=\"720\" height=\"540\" data-id=\"5084\" src=\"https:\/\/taizyfarmequipment.com\/wp-content\/uploads\/2026\/04\/feed-pellet-maker-production-line.webp\" alt=\"l\u00ednea de producci\u00f3n de fabricaci\u00f3n de pellets de alimentaci\u00f3n\" class=\"wp-image-5084\" srcset=\"https:\/\/taizyfarmequipment.com\/wp-content\/uploads\/2026\/04\/feed-pellet-maker-production-line.webp 720w, https:\/\/taizyfarmequipment.com\/wp-content\/uploads\/2026\/04\/feed-pellet-maker-production-line-300x225.webp 300w, https:\/\/taizyfarmequipment.com\/wp-content\/uploads\/2026\/04\/feed-pellet-maker-production-line-16x12.webp 16w\" sizes=\"auto, (max-width: 720px) 100vw, 720px\" \/><figcaption class=\"wp-element-caption\">l\u00ednea de producci\u00f3n de fabricaci\u00f3n de pellets de alimentaci\u00f3n<\/figcaption><\/figure>    <figure class=\"wp-block-image size-large\"><img loading=\"lazy\" decoding=\"async\" width=\"720\" height=\"540\" data-id=\"5085\" src=\"https:\/\/taizyfarmequipment.com\/wp-content\/uploads\/2026\/04\/Feed-pellet-making-machine-plant-price.webp\" alt=\"Precio de la planta de fabricaci\u00f3n de pellets de alimentaci\u00f3n\" class=\"wp-image-5085\" srcset=\"https:\/\/taizyfarmequipment.com\/wp-content\/uploads\/2026\/04\/Feed-pellet-making-machine-plant-price.webp 720w, https:\/\/taizyfarmequipment.com\/wp-content\/uploads\/2026\/04\/Feed-pellet-making-machine-plant-price-300x225.webp 300w, https:\/\/taizyfarmequipment.com\/wp-content\/uploads\/2026\/04\/Feed-pellet-making-machine-plant-price-16x12.webp 16w\" sizes=\"auto, (max-width: 720px) 100vw, 720px\" \/><figcaption class=\"wp-element-caption\">Precio de la planta de fabricaci\u00f3n de pellets de alimentaci\u00f3n<\/figcaption><\/figure> <\/figure>    <h2 class=\"wp-block-heading\">Conclusi\u00f3n<\/h2>    <p class=\"translation-block\">En conclusi\u00f3n, la <strong>planta de fabricaci\u00f3n de pellets de alimentaci\u00f3n<\/strong> ofrece una soluci\u00f3n completa, eficiente y flexible para la producci\u00f3n moderna de alimentos. Con su alto nivel de automatizaci\u00f3n, rendimiento estable y amplia adaptabilidad a materias primas, ayuda a las empresas a mejorar la productividad mientras reduce costos. <\/p>    <p>Cont\u00e1ctenos hoy para obtener especificaciones detalladas, precios y una soluci\u00f3n personalizada para aumentar la eficiencia de su producci\u00f3n de alimentos.<\/p>    <figure class=\"wp-block-image size-full\"><img loading=\"lazy\" decoding=\"async\" width=\"720\" height=\"540\" src=\"https:\/\/taizyfarmequipment.com\/wp-content\/uploads\/2026\/04\/Feed-pellet-making-machine-plant-in-stock.webp\" alt=\"Planta de m\u00e1quina de fabricaci\u00f3n de pellets de alimentaci\u00f3n en stock\" class=\"wp-image-5086\" srcset=\"https:\/\/taizyfarmequipment.com\/wp-content\/uploads\/2026\/04\/Feed-pellet-making-machine-plant-in-stock.webp 720w, https:\/\/taizyfarmequipment.com\/wp-content\/uploads\/2026\/04\/Feed-pellet-making-machine-plant-in-stock-300x225.webp 300w, https:\/\/taizyfarmequipment.com\/wp-content\/uploads\/2026\/04\/Feed-pellet-making-machine-plant-in-stock-16x12.webp 16w\" sizes=\"auto, (max-width: 720px) 100vw, 720px\" \/><figcaption class=\"wp-element-caption\">Planta de m\u00e1quina de fabricaci\u00f3n de pellets de alimentaci\u00f3n en stock<\/figcaption><\/figure>","protected":false},"excerpt":{"rendered":"<p>La planta de fabricaci\u00f3n de pellets de alimentaci\u00f3n es un sistema de producci\u00f3n autom\u00e1tico avanzado ampliamente utilizado en el procesamiento de pellets de alimentaci\u00f3n para ganado y aves de corral.<\/p>","protected":false},"author":1,"featured_media":5087,"parent":0,"template":"","tags":[346],"product-type":[234],"class_list":["post-5074","product","type-product","status-publish","has-post-thumbnail","hentry","tag-feed-pellet-making-machine-plant","product-type-other"],"_links":{"self":[{"href":"https:\/\/taizyfarmequipment.com\/es\/wp-json\/wp\/v2\/product\/5074","targetHints":{"allow":["GET"]}}],"collection":[{"href":"https:\/\/taizyfarmequipment.com\/es\/wp-json\/wp\/v2\/product"}],"about":[{"href":"https:\/\/taizyfarmequipment.com\/es\/wp-json\/wp\/v2\/types\/product"}],"author":[{"embeddable":true,"href":"https:\/\/taizyfarmequipment.com\/es\/wp-json\/wp\/v2\/users\/1"}],"wp:featuredmedia":[{"embeddable":true,"href":"https:\/\/taizyfarmequipment.com\/es\/wp-json\/wp\/v2\/media\/5087"}],"wp:attachment":[{"href":"https:\/\/taizyfarmequipment.com\/es\/wp-json\/wp\/v2\/media?parent=5074"}],"wp:term":[{"taxonomy":"post_tag","embeddable":true,"href":"https:\/\/taizyfarmequipment.com\/es\/wp-json\/wp\/v2\/tags?post=5074"},{"taxonomy":"product-type","embeddable":true,"href":"https:\/\/taizyfarmequipment.com\/es\/wp-json\/wp\/v2\/product-type?post=5074"}],"curies":[{"name":"wp","href":"https:\/\/api.w.org\/{rel}","templated":true}]}}