{"id":5089,"date":"2026-04-28T16:36:51","date_gmt":"2026-04-28T08:36:51","guid":{"rendered":"https:\/\/taizyfarmequipment.com\/?post_type=product&#038;p=5089"},"modified":"2026-04-28T16:38:20","modified_gmt":"2026-04-28T08:38:20","slug":"dual-film-silage-wrapping-machine","status":"publish","type":"product","link":"https:\/\/taizyfarmequipment.com\/es\/product\/dual-film-silage-wrapping-machine\/","title":{"rendered":"M\u00e1quina de envasado de pel\u00edcula doble 9YDB-60"},"content":{"rendered":"<div class=\"kk-star-ratings kksr-auto kksr-align-left kksr-valign-top\"     data-payload='{&quot;align&quot;:&quot;left&quot;,&quot;id&quot;:&quot;5089&quot;,&quot;slug&quot;:&quot;default&quot;,&quot;valign&quot;:&quot;top&quot;,&quot;ignore&quot;:&quot;&quot;,&quot;reference&quot;:&quot;auto&quot;,&quot;class&quot;:&quot;&quot;,&quot;count&quot;:&quot;25&quot;,&quot;legendonly&quot;:&quot;&quot;,&quot;readonly&quot;:&quot;&quot;,&quot;score&quot;:&quot;4.9&quot;,&quot;starsonly&quot;:&quot;&quot;,&quot;best&quot;:&quot;5&quot;,&quot;gap&quot;:&quot;5&quot;,&quot;greet&quot;:&quot;Rate this product&quot;,&quot;legend&quot;:&quot;4.9\\\/5 - (25 votos)&quot;,&quot;size&quot;:&quot;24&quot;,&quot;title&quot;:&quot;9YDB-60 dual film silage wrapping machine&quot;,&quot;width&quot;:&quot;139.6&quot;,&quot;_legend&quot;:&quot;{score}\\\/{best} - ({count} {votes})&quot;,&quot;font_factor&quot;:&quot;1.25&quot;}'>              <div class=\"kksr-stars\">      <div class=\"kksr-stars-inactive\">             <div class=\"kksr-star\" data-star=\"1\" style=\"padding-right: 5px\">               <div class=\"kksr-icon\" style=\"width: 24px; height: 24px;\"><\/div>         <\/div>             <div class=\"kksr-star\" data-star=\"2\" style=\"padding-right: 5px\">               <div class=\"kksr-icon\" style=\"width: 24px; height: 24px;\"><\/div>         <\/div>             <div class=\"kksr-star\" data-star=\"3\" style=\"padding-right: 5px\">               <div class=\"kksr-icon\" style=\"width: 24px; height: 24px;\"><\/div>         <\/div>             <div class=\"kksr-star\" data-star=\"4\" style=\"padding-right: 5px\">               <div class=\"kksr-icon\" style=\"width: 24px; height: 24px;\"><\/div>         <\/div>             <div class=\"kksr-star\" data-star=\"5\" style=\"padding-right: 5px\">               <div class=\"kksr-icon\" style=\"width: 24px; height: 24px;\"><\/div>         <\/div>     <\/div>      <div class=\"kksr-stars-active\" style=\"width: 139.6px;\">             <div class=\"kksr-star\" style=\"padding-right: 5px\">               <div class=\"kksr-icon\" style=\"width: 24px; height: 24px;\"><\/div>         <\/div>             <div class=\"kksr-star\" style=\"padding-right: 5px\">               <div class=\"kksr-icon\" style=\"width: 24px; height: 24px;\"><\/div>         <\/div>             <div class=\"kksr-star\" style=\"padding-right: 5px\">               <div class=\"kksr-icon\" style=\"width: 24px; height: 24px;\"><\/div>         <\/div>             <div class=\"kksr-star\" style=\"padding-right: 5px\">               <div class=\"kksr-icon\" style=\"width: 24px; height: 24px;\"><\/div>         <\/div>             <div class=\"kksr-star\" style=\"padding-right: 5px\">               <div class=\"kksr-icon\" style=\"width: 24px; height: 24px;\"><\/div>         <\/div>     <\/div> <\/div>                   <div class=\"kksr-legend\" style=\"font-size: 19.2px;\">             4,9\/5 - (25 votos)    <\/div>     <\/div>  <p class=\"translation-block\">La <strong>m\u00e1quina de envoltura de ensilaje de doble pel\u00edcula 9YDB-60<\/strong> es una m\u00e1quina totalmente autom\u00e1tica para un eficiente empacado y envoltura de ensilaje. Se usa ampliamente en explotaciones agr\u00edcolas, operaciones ganaderas y plantas de procesamiento de alimentos. Con su tecnolog\u00eda de envoltura simult\u00e1nea de doble pel\u00edcula, la m\u00e1quina puede completar r\u00e1pidamente el proceso de compresi\u00f3n y sellado de materiales de forraje, mejorando significativamente la calidad de conservaci\u00f3n y reduciendo la p\u00e9rdida de nutrientes. Su alto nivel de automatizaci\u00f3n garantiza un funcionamiento estable y un rendimiento continuo, ahorrando mucho en costos laborales y aumentando la productividad general. Con una <strong>capacidad de 60\u201385 fardos\/hora<\/strong>, es una excelente opci\u00f3n para la producci\u00f3n de ensilaje de tama\u00f1o medio y grande.<\/p>    <p class=\"translation-block\">La <strong>m\u00e1quina de envoltura de ensilaje de doble pel\u00edcula 9YDB-60<\/strong> es adecuada para procesar tallos de ma\u00edz, hierba de pastoreo y varios tipos de materiales de ensilaje. Produce fardos comprimidos de forma compacta con un <strong>tama\u00f1o de fardo de \u03a6550 \u00d7 550 mm<\/strong> y un <strong>peso de fardo de 80\u2013120 kg<\/strong>, dependiendo de la densidad y contenido de humedad del material. La m\u00e1quina proporciona envoltura uniforme y duradera con pel\u00edcula, aislando eficazmente el aire y la humedad para extender la vida de almacenamiento. Con un dise\u00f1o estructural razonable y f\u00e1cil mantenimiento, esta m\u00e1quina tambi\u00e9n puede personalizarse seg\u00fan diferentes requisitos del usuario, siendo una soluci\u00f3n ideal para explotaciones ganaderas modernas de gran escala que buscan equipos eficientes de procesamiento de ensilaje.<\/p>    <figure class=\"wp-block-embed is-type-video is-provider-youtube wp-block-embed-youtube wp-embed-aspect-9-16 wp-has-aspect-ratio\"><div class=\"wp-block-embed__wrapper\"> <iframe loading=\"lazy\" title=\"M\u00e1quina autom\u00e1tica de envoltura de ensilaje de doble pel\u00edcula 9YDB-60 para uso agr\u00edcola #ensilaje #agricultura\" width=\"422\" height=\"750\" src=\"https:\/\/www.youtube.com\/embed\/v2LZRjeVWTM?feature=oembed\" frameborder=\"0\" allow=\"accelerometer; autoplay; clipboard-write; encrypted-media; gyroscope; picture-in-picture; web-share\" referrerpolicy=\"strict-origin-when-cross-origin\" allowfullscreen><\/iframe> <\/div><figcaption class=\"wp-element-caption\">Video de funcionamiento de la m\u00e1quina de envoltura de ensilaje<\/figcaption><\/figure>    <h2 class=\"wp-block-heading\">Estructura de la m\u00e1quina empacadora de paja<\/h2>    <figure class=\"wp-block-image size-full\"><img loading=\"lazy\" decoding=\"async\" width=\"720\" height=\"540\" src=\"https:\/\/taizyfarmequipment.com\/wp-content\/uploads\/2026\/04\/9YDB-60-dual-film-silage-wrapping-machine-structure.webp\" alt=\"Estructura de la m\u00e1quina de envoltura de ensilaje de doble pel\u00edcula 9YDB-60\" class=\"wp-image-5093\" srcset=\"https:\/\/taizyfarmequipment.com\/wp-content\/uploads\/2026\/04\/9YDB-60-dual-film-silage-wrapping-machine-structure.webp 720w, https:\/\/taizyfarmequipment.com\/wp-content\/uploads\/2026\/04\/9YDB-60-dual-film-silage-wrapping-machine-structure-300x225.webp 300w, https:\/\/taizyfarmequipment.com\/wp-content\/uploads\/2026\/04\/9YDB-60-dual-film-silage-wrapping-machine-structure-16x12.webp 16w\" sizes=\"auto, (max-width: 720px) 100vw, 720px\" \/><figcaption class=\"wp-element-caption\">Estructura de la m\u00e1quina de envoltura de ensilaje de doble pel\u00edcula 9YDB-60<\/figcaption><\/figure>    <h2 class=\"wp-block-heading\">Detalles de la m\u00e1quina de envoltura de ensilaje 9YDB-60<\/h2>    <figure class=\"wp-block-gallery has-nested-images columns-2 is-cropped wp-block-gallery-2 is-layout-flex wp-block-gallery-is-layout-flex\"> <figure class=\"wp-block-image size-large\"><img loading=\"lazy\" decoding=\"async\" width=\"720\" height=\"540\" data-id=\"5095\" src=\"https:\/\/taizyfarmequipment.com\/wp-content\/uploads\/2026\/04\/fully-automatic-silage-baler-plc-control-panel.webp\" alt=\"Panel de control PLC de empacadora de ensilaje totalmente autom\u00e1tica\" class=\"wp-image-5095\" srcset=\"https:\/\/taizyfarmequipment.com\/wp-content\/uploads\/2026\/04\/fully-automatic-silage-baler-plc-control-panel.webp 720w, https:\/\/taizyfarmequipment.com\/wp-content\/uploads\/2026\/04\/fully-automatic-silage-baler-plc-control-panel-300x225.webp 300w, https:\/\/taizyfarmequipment.com\/wp-content\/uploads\/2026\/04\/fully-automatic-silage-baler-plc-control-panel-16x12.webp 16w\" sizes=\"auto, (max-width: 720px) 100vw, 720px\" \/><figcaption class=\"wp-element-caption\">Panel de control PLC de empacadora de ensilaje totalmente autom\u00e1tica<\/figcaption><\/figure>    <figure class=\"wp-block-image size-large\"><img loading=\"lazy\" decoding=\"async\" width=\"720\" height=\"540\" data-id=\"5094\" src=\"https:\/\/taizyfarmequipment.com\/wp-content\/uploads\/2026\/04\/automatic-recycling-protection-device-for-silage-baler.webp\" alt=\"Dispositivo de protecci\u00f3n de reciclaje autom\u00e1tico para la empacadora de ensilaje\" class=\"wp-image-5094\" srcset=\"https:\/\/taizyfarmequipment.com\/wp-content\/uploads\/2026\/04\/automatic-recycling-protection-device-for-silage-baler.webp 720w, https:\/\/taizyfarmequipment.com\/wp-content\/uploads\/2026\/04\/automatic-recycling-protection-device-for-silage-baler-300x225.webp 300w, https:\/\/taizyfarmequipment.com\/wp-content\/uploads\/2026\/04\/automatic-recycling-protection-device-for-silage-baler-16x12.webp 16w\" sizes=\"auto, (max-width: 720px) 100vw, 720px\" \/><figcaption class=\"wp-element-caption\">Dispositivo de protecci\u00f3n de reciclaje autom\u00e1tico para la empacadora de ensilaje<\/figcaption><\/figure>    <figure class=\"wp-block-image size-large\"><img loading=\"lazy\" decoding=\"async\" width=\"720\" height=\"540\" data-id=\"5096\" src=\"https:\/\/taizyfarmequipment.com\/wp-content\/uploads\/2026\/04\/high-efficiency-dual-film-silage-wrapper.webp\" alt=\"Envoltorio de doble pel\u00edcula para ensilaje de alta eficiencia\" class=\"wp-image-5096\" srcset=\"https:\/\/taizyfarmequipment.com\/wp-content\/uploads\/2026\/04\/high-efficiency-dual-film-silage-wrapper.webp 720w, https:\/\/taizyfarmequipment.com\/wp-content\/uploads\/2026\/04\/high-efficiency-dual-film-silage-wrapper-300x225.webp 300w, https:\/\/taizyfarmequipment.com\/wp-content\/uploads\/2026\/04\/high-efficiency-dual-film-silage-wrapper-16x12.webp 16w\" sizes=\"auto, (max-width: 720px) 100vw, 720px\" \/><figcaption class=\"wp-element-caption\">Envoltorio de doble pel\u00edcula para ensilaje de alta eficiencia<\/figcaption><\/figure>    <figure class=\"wp-block-image size-large\"><img loading=\"lazy\" decoding=\"async\" width=\"720\" height=\"540\" data-id=\"5097\" src=\"https:\/\/taizyfarmequipment.com\/wp-content\/uploads\/2026\/04\/silage-baler-power-unit-and-air-compressor.webp\" alt=\"Unidad de potencia de la empacadora de ensilaje y compresor de aire\" class=\"wp-image-5097\" srcset=\"https:\/\/taizyfarmequipment.com\/wp-content\/uploads\/2026\/04\/silage-baler-power-unit-and-air-compressor.webp 720w, https:\/\/taizyfarmequipment.com\/wp-content\/uploads\/2026\/04\/silage-baler-power-unit-and-air-compressor-300x225.webp 300w, https:\/\/taizyfarmequipment.com\/wp-content\/uploads\/2026\/04\/silage-baler-power-unit-and-air-compressor-16x12.webp 16w\" sizes=\"auto, (max-width: 720px) 100vw, 720px\" \/><figcaption class=\"wp-element-caption\">Unidad de potencia de la empacadora de ensilaje y compresor de aire<\/figcaption><\/figure> <\/figure>    <h2 class=\"wp-block-heading\">Ventajas de la m\u00e1quina de envoltura de ensilaje<\/h2>    <div class=\"wp-block-media-text is-stacked-on-mobile\"><figure class=\"wp-block-media-text__media\"><img loading=\"lazy\" decoding=\"async\" width=\"720\" height=\"540\" src=\"https:\/\/taizyfarmequipment.com\/wp-content\/uploads\/2026\/04\/dual-film-silage-wrapping-machine.webp\" alt=\"M\u00e1quina de envoltura de ensilaje de doble pel\u00edcula\" class=\"wp-image-5098 size-full\" srcset=\"https:\/\/taizyfarmequipment.com\/wp-content\/uploads\/2026\/04\/dual-film-silage-wrapping-machine.webp 720w, https:\/\/taizyfarmequipment.com\/wp-content\/uploads\/2026\/04\/dual-film-silage-wrapping-machine-300x225.webp 300w, https:\/\/taizyfarmequipment.com\/wp-content\/uploads\/2026\/04\/dual-film-silage-wrapping-machine-16x12.webp 16w\" sizes=\"auto, (max-width: 720px) 100vw, 720px\" \/><\/figure><div class=\"wp-block-media-text__content\"> <ul class=\"wp-block-list\"> <li>Proceso de trabajo totalmente autom\u00e1tico, integrando empacado y envoltura para ahorrar tiempo y costos laborales manuales. <\/li>    <li>El dise\u00f1o de sellado de doble pel\u00edcula a\u00edsla el aire y la humedad, previniendo eficazmente el moho y la deterioraci\u00f3n del forraje. <\/li>    <li>La compactaci\u00f3n de alta densidad mejora la calidad de fermentaci\u00f3n del ensilaje y prolonga el per\u00edodo de almacenamiento del alimento. <\/li>    <li>Operaci\u00f3n sencilla con sistema de control inteligente, f\u00e1cil de dominar y mantener para los agricultores. <\/li>    <li>Dise\u00f1o m\u00f3vil flexible, adaptable a diversas explotaciones, pastos y sitios de trabajo complejos. <\/li>    <li>Amplia compatibilidad, adecuada para paja de ma\u00edz, alfalfa, ryegrass y m\u00faltiples materiales de forraje. <\/li>    <li>Rendimiento estable y bajo consumo de energ\u00eda, aportando beneficios econ\u00f3micos a largo plazo. <\/li>    <li>Modelos de m\u00e1quinas m\u00faltiples opcionales, para satisfacer diferentes escalas de producci\u00f3n y demandas del sitio.<\/li> <\/ul> <\/div><\/div>    <h2 class=\"wp-block-heading\">Preguntas frecuentes sobre la empacadora de ensilaje de doble pel\u00edcula<\/h2>   <div id=\"rank-math-faq\" class=\"rank-math-block\"> <div class=\"rank-math-list\"> <div id=\"faq-question-1777356741442\" class=\"rank-math-list-item\"> <h3 class=\"rank-math-question\">\u00bfQu\u00e9 materiales puede procesar la m\u00e1quina de envoltura de ensilaje de doble pel\u00edcula 9YDB-60?<\/h3> <div class=\"rank-math-answer\">  <p>La m\u00e1quina de envoltura de ensilaje de doble pel\u00edcula 9YDB-60 es adecuada para tallos de ma\u00edz, hierba fresca, alfalfa, paja, forraje y otros materiales de ensilaje h\u00famedo.<\/p>  <\/div> <\/div> <div id=\"faq-question-1777356755955\" class=\"rank-math-list-item\"> <h3 class=\"rank-math-question\">\u00bfCu\u00e1l es la ventaja del sistema de envoltura de doble pel\u00edcula?<\/h3> <div class=\"rank-math-answer\">  <p>El sistema de envoltura de doble pel\u00edcula mejora el rendimiento del sellado, reduce la exposici\u00f3n al ox\u00edgeno, preserva los nutrientes y prolonga el tiempo de almacenamiento del ensilaje.<\/p>  <\/div> <\/div> <div id=\"faq-question-1777356776314\" class=\"rank-math-list-item\"> <h3 class=\"rank-math-question\">\u00bfLa m\u00e1quina es totalmente autom\u00e1tica?<\/h3> <div class=\"rank-math-answer\">  <p>S\u00ed, la m\u00e1quina de envoltura de ensilaje de doble pel\u00edcula 9YDB-60 cuenta con alimentaci\u00f3n autom\u00e1tica, empacado, atado, envoltura, apertura de c\u00e1mara, giro del fardo y funciones de reinicio.<\/p>  <\/div> <\/div> <div id=\"faq-question-1777356803066\" class=\"rank-math-list-item\"> <h3 class=\"rank-math-question\">\u00bfEs f\u00e1cil de operar la m\u00e1quina?<\/h3> <div class=\"rank-math-answer\">  <p class=\"translation-block\">S\u00ed, est\u00e1 equipado con un <strong>armario de control LCD<\/strong>, que permite a los usuarios monitorear y ajustar las operaciones c\u00f3modamente.<\/p>  <\/div> <\/div> <div id=\"faq-question-1777356820307\" class=\"rank-math-list-item\"> <h3 class=\"rank-math-question\">\u00bfQu\u00e9 tal la densidad de compactaci\u00f3n de los fardos de ensilaje envueltos?<\/h3> <div class=\"rank-math-answer\">  <p>Adoptando una estructura de compresi\u00f3n de banda optimizada, la densidad del fardo puede superar los 800kg\/m\u00b3. La agrupaci\u00f3n de alta densidad ahorra espacio de almacenamiento y transporte, y mejora a\u00fan m\u00e1s el efecto de conservaci\u00f3n general del ensilaje.<\/p>  <\/div> <\/div> <\/div> <\/div>   <figure class=\"wp-block-gallery has-nested-images columns-default is-cropped wp-block-gallery-3 is-layout-flex wp-block-gallery-is-layout-flex\"> <figure class=\"wp-block-image size-large\"><img loading=\"lazy\" decoding=\"async\" width=\"720\" height=\"540\" data-id=\"5099\" src=\"https:\/\/taizyfarmequipment.com\/wp-content\/uploads\/2026\/04\/forage-baler.webp\" alt=\"Empacadora de forraje\" class=\"wp-image-5099\" srcset=\"https:\/\/taizyfarmequipment.com\/wp-content\/uploads\/2026\/04\/forage-baler.webp 720w, https:\/\/taizyfarmequipment.com\/wp-content\/uploads\/2026\/04\/forage-baler-300x225.webp 300w, https:\/\/taizyfarmequipment.com\/wp-content\/uploads\/2026\/04\/forage-baler-16x12.webp 16w\" sizes=\"auto, (max-width: 720px) 100vw, 720px\" \/><figcaption class=\"wp-element-caption\">Empacadora de forraje<\/figcaption><\/figure>    <figure class=\"wp-block-image size-large\"><img loading=\"lazy\" decoding=\"async\" width=\"720\" height=\"540\" data-id=\"5100\" src=\"https:\/\/taizyfarmequipment.com\/wp-content\/uploads\/2026\/04\/hay-wrapper.webp\" alt=\"envolvedora de heno\" class=\"wp-image-5100\" srcset=\"https:\/\/taizyfarmequipment.com\/wp-content\/uploads\/2026\/04\/hay-wrapper.webp 720w, https:\/\/taizyfarmequipment.com\/wp-content\/uploads\/2026\/04\/hay-wrapper-300x225.webp 300w, https:\/\/taizyfarmequipment.com\/wp-content\/uploads\/2026\/04\/hay-wrapper-16x12.webp 16w\" sizes=\"auto, (max-width: 720px) 100vw, 720px\" \/><figcaption class=\"wp-element-caption\">envolvedora de heno<\/figcaption><\/figure> <\/figure>    <h2 class=\"wp-block-heading\">Par\u00e1metros de la m\u00e1quina de envoltura de ensilaje de doble pel\u00edcula 9YDB-60<\/h2>    <figure class=\"wp-block-table\"><table class=\"has-fixed-layout\"><tbody><tr><td>Modelo<\/td><td>9YDB-60<\/td><\/tr><tr><td>Tama\u00f1o de la paca<\/td><td>\u03a6550 \u00d7 550 mm<\/td><\/tr><tr><td>Peso de la paca<\/td><td>80\u2013120 kg<\/td><\/tr><tr><td>Eficiencia de producci\u00f3n<\/td><td>60\u201385 fardos\/hora<\/td><\/tr><tr><td>Potencia de soporte<\/td><td>7.5 kW \u00d7 6<\/td><\/tr><tr><td>Motor de envoltura<\/td><td>0.75 kW<\/td><\/tr><tr><td>Motor del compresor de aire<\/td><td>3 kW<\/td><\/tr><tr><td>M\u00e9todo de atado<\/td><td>Autom\u00e1tico<\/td><\/tr><tr><td>M\u00e9todo de estiramiento de pel\u00edcula<\/td><td>Autom\u00e1tico<\/td><\/tr><tr><td>Tama\u00f1o de la cinta de alimentaci\u00f3n<\/td><td>2500 \u00d7 63 mm<\/td><\/tr><tr><td>Dimensiones de la m\u00e1quina<\/td><td>5100 \u00d7 1700 \u00d7 1950 mm<\/td><\/tr><tr><td>Peso total<\/td><td>1200 kg<\/td><\/tr><tr><td>Ancho de pel\u00edcula interior<\/td><td>600 mm<\/td><\/tr><tr><td>Especificaci\u00f3n de pel\u00edcula de ensilaje<\/td><td>1800 m \u00d7 250 mm \u00d7 25 \u03bcm<\/td><\/tr><tr><td>Sistema de control<\/td><td>Pantalla LCD<\/td><\/tr><\/tbody><\/table><figcaption class=\"wp-element-caption\">Par\u00e1metros de la m\u00e1quina de envoltura de ensilaje<\/figcaption><\/figure>    <figure class=\"wp-block-image size-full\"><img loading=\"lazy\" decoding=\"async\" width=\"720\" height=\"540\" src=\"https:\/\/taizyfarmequipment.com\/wp-content\/uploads\/2026\/04\/straw-wrapping-machine.webp\" alt=\"M\u00e1quina de envoltura de paja\" class=\"wp-image-5103\" srcset=\"https:\/\/taizyfarmequipment.com\/wp-content\/uploads\/2026\/04\/straw-wrapping-machine.webp 720w, https:\/\/taizyfarmequipment.com\/wp-content\/uploads\/2026\/04\/straw-wrapping-machine-300x225.webp 300w, https:\/\/taizyfarmequipment.com\/wp-content\/uploads\/2026\/04\/straw-wrapping-machine-16x12.webp 16w\" sizes=\"auto, (max-width: 720px) 100vw, 720px\" \/><figcaption class=\"wp-element-caption\">M\u00e1quina de envoltura de paja<\/figcaption><\/figure>    <h2 class=\"wp-block-heading\">Caso de \u00e9xito de la m\u00e1quina empacadora de heno<\/h2>    <p>Una granja lechera en Vietnam utiliz\u00f3 la m\u00e1quina de envoltura de ensilaje de doble pel\u00edcula 9YDB-60 para resolver problemas de escasez de mano de obra y moho en el forraje. La operaci\u00f3n totalmente autom\u00e1tica redujo en gran medida la demanda de mano de obra, mientras que la envoltura herm\u00e9tica de doble pel\u00edcula con film aislante redujo eficazmente el deterioro del ensilaje y prolong\u00f3 el tiempo de almacenamiento. La producci\u00f3n estable y el empacado de alta densidad ayudaron a la granja a reducir costos de producci\u00f3n y mejorar la eficiencia en la alimentaci\u00f3n.<\/p>    <p>Una cooperativa agr\u00edcola en Kenia adopt\u00f3 esta empacadora de heno para procesar diversos materiales de forraje. Con movimiento flexible y control inteligente, la m\u00e1quina ofrece una producci\u00f3n diaria estable y una calidad uniforme del fardo. Permite la producci\u00f3n a gran escala de ensilaje, ayuda a la cooperativa a expandir las ventas en el mercado local y aporta beneficios econ\u00f3micos notables.<\/p>    <figure class=\"wp-block-gallery has-nested-images columns-default is-cropped wp-block-gallery-4 is-layout-flex wp-block-gallery-is-layout-flex\"> <figure class=\"wp-block-image size-large\"><img loading=\"lazy\" decoding=\"async\" width=\"720\" height=\"540\" data-id=\"5101\" src=\"https:\/\/taizyfarmequipment.com\/wp-content\/uploads\/2026\/04\/silage-baler-and-wrapper.webp\" alt=\"Empacadora y envolvedora de ensilaje\" class=\"wp-image-5101\" srcset=\"https:\/\/taizyfarmequipment.com\/wp-content\/uploads\/2026\/04\/silage-baler-and-wrapper.webp 720w, https:\/\/taizyfarmequipment.com\/wp-content\/uploads\/2026\/04\/silage-baler-and-wrapper-300x225.webp 300w, https:\/\/taizyfarmequipment.com\/wp-content\/uploads\/2026\/04\/silage-baler-and-wrapper-16x12.webp 16w\" sizes=\"auto, (max-width: 720px) 100vw, 720px\" \/><figcaption class=\"wp-element-caption\">Empacadora y envolvedora de ensilaje<\/figcaption><\/figure>    <figure class=\"wp-block-image size-large\"><img loading=\"lazy\" decoding=\"async\" width=\"720\" height=\"540\" data-id=\"5102\" src=\"https:\/\/taizyfarmequipment.com\/wp-content\/uploads\/2026\/04\/silage-wrapper.webp\" alt=\"envoltura de ensilaje\" class=\"wp-image-5102\" srcset=\"https:\/\/taizyfarmequipment.com\/wp-content\/uploads\/2026\/04\/silage-wrapper.webp 720w, https:\/\/taizyfarmequipment.com\/wp-content\/uploads\/2026\/04\/silage-wrapper-300x225.webp 300w, https:\/\/taizyfarmequipment.com\/wp-content\/uploads\/2026\/04\/silage-wrapper-16x12.webp 16w\" sizes=\"auto, (max-width: 720px) 100vw, 720px\" \/><figcaption class=\"wp-element-caption\">envoltura de ensilaje<\/figcaption><\/figure> <\/figure>    <h2 class=\"wp-block-heading\">Conclusi\u00f3n<\/h2>    <p>Mejora la eficiencia de procesamiento de forraje con nuestra m\u00e1quina de envoltura de ensilaje de doble pel\u00edcula 9YDB-60. Con rendimiento estable, operaci\u00f3n totalmente autom\u00e1tica y conservaci\u00f3n superior del ensilaje, se adapta perfectamente a peque\u00f1as y medianas explotaciones para reducir costos y aumentar beneficios. <\/p>    <p class=\"translation-block\">Tambi\u00e9n ofrecemos una amplia gama de <a href=\"https:\/\/taizyfarmequipment.com\/es\/producto-2\/rotoempacadora-de-ensilaje\/\" data-type=\"link\" data-id=\"https:\/\/taizyfarmequipment.com\/product\/silage-round-baler\/\">otros modelos de empacadoras y m\u00e1quinas de envoltura de heno<\/a>, disponibles para seleccionar seg\u00fan diferentes escenarios de uso y necesidades de producci\u00f3n. \u00a1No dudes en contactarnos para cotizaciones competitivas y soluciones profesionales hoy mismo!<\/p>    <p><\/p>","protected":false},"excerpt":{"rendered":"<p>La m\u00e1quina de envoltura de ensilaje de doble pel\u00edcula 9YDB-60 es una m\u00e1quina totalmente autom\u00e1tica para un eficiente empacado y envoltura de ensilaje.<\/p>","protected":false},"author":1,"featured_media":5092,"parent":0,"template":"","tags":[347],"product-type":[133],"class_list":["post-5089","product","type-product","status-publish","has-post-thumbnail","hentry","tag-silage-wrapping-machine","product-type-silage-machine"],"_links":{"self":[{"href":"https:\/\/taizyfarmequipment.com\/es\/wp-json\/wp\/v2\/product\/5089","targetHints":{"allow":["GET"]}}],"collection":[{"href":"https:\/\/taizyfarmequipment.com\/es\/wp-json\/wp\/v2\/product"}],"about":[{"href":"https:\/\/taizyfarmequipment.com\/es\/wp-json\/wp\/v2\/types\/product"}],"author":[{"embeddable":true,"href":"https:\/\/taizyfarmequipment.com\/es\/wp-json\/wp\/v2\/users\/1"}],"wp:featuredmedia":[{"embeddable":true,"href":"https:\/\/taizyfarmequipment.com\/es\/wp-json\/wp\/v2\/media\/5092"}],"wp:attachment":[{"href":"https:\/\/taizyfarmequipment.com\/es\/wp-json\/wp\/v2\/media?parent=5089"}],"wp:term":[{"taxonomy":"post_tag","embeddable":true,"href":"https:\/\/taizyfarmequipment.com\/es\/wp-json\/wp\/v2\/tags?post=5089"},{"taxonomy":"product-type","embeddable":true,"href":"https:\/\/taizyfarmequipment.com\/es\/wp-json\/wp\/v2\/product-type?post=5089"}],"curies":[{"name":"wp","href":"https:\/\/api.w.org\/{rel}","templated":true}]}}