{"id":2505,"date":"2022-01-28T09:02:54","date_gmt":"2022-01-28T09:02:54","guid":{"rendered":"https:\/\/taizyfarmequipment.com\/?page_id=2505"},"modified":"2022-02-28T09:47:13","modified_gmt":"2022-02-28T09:47:13","slug":"apercu-de-lusine","status":"publish","type":"page","link":"https:\/\/taizyfarmequipment.com\/fr\/factory-overview\/","title":{"rendered":"Aper\u00e7u de l'usine"},"content":{"rendered":"<p>Depuis la cr\u00e9ation de l'entreprise, nous avons construit plus de 30 000 m\u00e8tres carr\u00e9s d'usines. Notre usine dispose de diff\u00e9rents d\u00e9partements, notamment un d\u00e9partement R&amp;D, un d\u00e9partement de conception, un d\u00e9partement de fabrication, un d\u00e9partement d'assemblage et un d\u00e9partement d'emballage. <\/p>    <p>De la production \u00e0 la fabrication, chaque \u00e9tape est prise en charge par des techniciens professionnels. Cela garantit une transition en douceur entre chaque \u00e9tape de production. De plus, nos installations de production sont avanc\u00e9es et pr\u00e9cises, garantissant ainsi la pr\u00e9cision et la compacit\u00e9 des machines.<\/p>    <p>Notre usine produit des machines selon les normes internationales depuis sa cr\u00e9ation. Toutes les machines sont fabriqu\u00e9es avec des mat\u00e9riaux de haute qualit\u00e9. Par cons\u00e9quent, la machine produite est r\u00e9sistante \u00e0 l\u2019usure et a une longue dur\u00e9e de vie.<\/p>    <h2 class=\"wp-block-heading\" id=\"h-what-agricultural-machinery-do-we-produce\">Quelles machines agricoles produisons-nous ?<\/h2>    <p>Notre usine produit une gamme compl\u00e8te de machines agricoles pour r\u00e9pondre aux divers besoins agricoles. Il comprend principalement une unit\u00e9 de d\u00e9corticage d'arachide, une machine de mise en balles et d'emballage, une machine de granulation d'aliments pour poissons, une batteuse multifonctionnelle, une fraiseuse \u00e0 riz, une machine de culture de semis, etc. D'autres sont une batteuse, une d\u00e9cortiqueuse, un coupe-paille, un cultivateur, un broyeur de grains, un broyeur de riz, machines \u00e0 ma\u00efs, moissonneuse, moissonneuse-lieuse, semoir, transplanteuse, machines \u00e0 granul\u00e9s, etc.<\/p>    <figure class=\"wp-block-gallery has-nested-images columns-default is-cropped wp-block-gallery-2 is-layout-flex wp-block-gallery-is-layout-flex\"> <figure class=\"wp-block-image size-large\"><img loading=\"lazy\" decoding=\"async\" width=\"720\" height=\"540\" data-id=\"2779\" src=\"https:\/\/taizyfarmequipment.com\/wp-content\/uploads\/2022\/02\/factory-1-720_540.jpg\" alt=\"stock de machines\" class=\"wp-image-2779\" title=\"stock de machines\" srcset=\"https:\/\/taizyfarmequipment.com\/wp-content\/uploads\/2022\/02\/factory-1-720_540.jpg 720w, https:\/\/taizyfarmequipment.com\/wp-content\/uploads\/2022\/02\/factory-1-720_540-300x225.jpg 300w\" sizes=\"auto, (max-width: 720px) 100vw, 720px\" \/><figcaption>stock de machines<\/figcaption><\/figure>    <figure class=\"wp-block-image size-large\"><img loading=\"lazy\" decoding=\"async\" width=\"720\" height=\"540\" data-id=\"2778\" src=\"https:\/\/taizyfarmequipment.com\/wp-content\/uploads\/2022\/02\/factory-720_540.jpg\" alt=\"machine agricole emball\u00e9e\" class=\"wp-image-2778\" title=\"machine agricole emball\u00e9e\" srcset=\"https:\/\/taizyfarmequipment.com\/wp-content\/uploads\/2022\/02\/factory-720_540.jpg 720w, https:\/\/taizyfarmequipment.com\/wp-content\/uploads\/2022\/02\/factory-720_540-300x225.jpg 300w\" sizes=\"auto, (max-width: 720px) 100vw, 720px\" \/><figcaption>machine agricole emball\u00e9e<\/figcaption><\/figure> <figcaption class=\"blocks-gallery-caption\">machines agricoles<\/figcaption><\/figure>    <h2 class=\"wp-block-heading\">Quels sont les principaux pays vers lesquels nous vendons ?<\/h2>    <p>Avec le d\u00e9veloppement continu de l'entreprise, nos produits ont \u00e9t\u00e9 vendus dans de nombreux pays, tels que l'Afrique, l'Asie du Sud-Est et l'Am\u00e9rique du Sud, comme le Nigeria, le Ghana, le P\u00e9rou, l'Indon\u00e9sie, etc.<\/p>    <h2 class=\"wp-block-heading\">Une riche exp\u00e9rience d'exportation<\/h2>    <p>Dans le processus d'exportation continue, nous avons accumul\u00e9 beaucoup d'exp\u00e9rience en mati\u00e8re d'exportation.<\/p>    <p>1. \u00catre capable de recommander des machines adapt\u00e9es \u00e0 la situation du client.<\/p>    <p>2. Nous pouvons \u00e9galement personnaliser les machines pour les clients en fonction de besoins sp\u00e9cifiques.<\/p>    <p>3. Nous acceptons diverses m\u00e9thodes de paiement, telles que Trade Assurance, T\/T, Western Union, Money Gram, L\/C, Pay Pal, Cash, etc. Les clients peuvent choisir une m\u00e9thode de paiement qui leur convient.<\/p>    <p>4. Nous avons des certificats complets. Notre soci\u00e9t\u00e9 a obtenu le certificat ISO 9001 et la plupart des produits ont un certificat CE. Nous pouvons \u00e9galement obtenir des PVOC, SONCAP, SABRE et Preferential C\/O pour aider les clients \u00e0 effectuer facilement le d\u00e9douanement des importations.<\/p>    <p>5. De plus, nous disposons d\u2019un syst\u00e8me logistique complet, qui peut fournir aux clients diff\u00e9rents modes de transport. Par exemple LCL ou FCL par mer, ou par air, international express.<\/p>    <p>Depuis la cr\u00e9ation de l'usine, nous avons \u00e9tabli des relations de coop\u00e9ration avec de nombreux pays \u00e9trangers. Et nous avons une riche exp\u00e9rience dans la r\u00e9alisation de projets d'appel d'offres aupr\u00e8s d'ONG, de la FAO, du PNUD et des march\u00e9s publics.\u00a0<\/p>    <h2 class=\"wp-block-heading\">Notre slogan<\/h2>    <p>Pour les agriculteurs, pour l\u2019agriculture, pour une vie meilleure.<\/p>","protected":false},"excerpt":{"rendered":"<p>Since the establishment of the company, we have built more than 30,000 square meters of factories. Our factory has different departments, including R&amp;D department, design department, manufacturing department, assembly department and packing department. From production to manufacturing, every step is handled by professional technicians. This ensures a smooth transition between each production step. Besides, our [&hellip;]<\/p>\n","protected":false},"author":1,"featured_media":2772,"parent":0,"menu_order":0,"comment_status":"closed","ping_status":"closed","template":"","meta":{"footnotes":""},"class_list":["post-2505","page","type-page","status-publish","has-post-thumbnail","hentry"],"_links":{"self":[{"href":"https:\/\/taizyfarmequipment.com\/fr\/wp-json\/wp\/v2\/pages\/2505","targetHints":{"allow":["GET"]}}],"collection":[{"href":"https:\/\/taizyfarmequipment.com\/fr\/wp-json\/wp\/v2\/pages"}],"about":[{"href":"https:\/\/taizyfarmequipment.com\/fr\/wp-json\/wp\/v2\/types\/page"}],"author":[{"embeddable":true,"href":"https:\/\/taizyfarmequipment.com\/fr\/wp-json\/wp\/v2\/users\/1"}],"replies":[{"embeddable":true,"href":"https:\/\/taizyfarmequipment.com\/fr\/wp-json\/wp\/v2\/comments?post=2505"}],"version-history":[{"count":0,"href":"https:\/\/taizyfarmequipment.com\/fr\/wp-json\/wp\/v2\/pages\/2505\/revisions"}],"wp:featuredmedia":[{"embeddable":true,"href":"https:\/\/taizyfarmequipment.com\/fr\/wp-json\/wp\/v2\/media\/2772"}],"wp:attachment":[{"href":"https:\/\/taizyfarmequipment.com\/fr\/wp-json\/wp\/v2\/media?parent=2505"}],"curies":[{"name":"wp","href":"https:\/\/api.w.org\/{rel}","templated":true}]}}