{"id":7,"date":"2021-12-10T07:35:19","date_gmt":"2021-12-10T07:35:19","guid":{"rendered":"http:\/\/taizyfarmequipment.local\/?page_id=7"},"modified":"2022-03-23T03:23:16","modified_gmt":"2022-03-23T03:23:16","slug":"a-propos-de-nous","status":"publish","type":"page","link":"https:\/\/taizyfarmequipment.com\/fr\/about-us\/","title":{"rendered":"\u00c0 propos de nous"},"content":{"rendered":"<p><\/p>    <h2 class=\"wp-block-heading\" id=\"h-who-we-are\">Qui nous sommes  <\/h2>    <p class=\"translation-block\">Zhengzhou Taizy Machinery Co., Ltd est une entreprise sp\u00e9cialis\u00e9e dans la recherche, la fabrication, le d\u00e9veloppement et la vente de <a href=\"\/fr\/produit-2\/\">machines agricoles<\/a>. Avec l'augmentation continue de l'\u00e9chelle des cultures agricoles et l'am\u00e9lioration constante des rendements, les machines agricoles sont devenues des besoins quotidiens des populations de tous les pays. Par cons\u00e9quent, notre soci\u00e9t\u00e9 a \u00e9t\u00e9 cr\u00e9\u00e9e en 2011 avec pour mission d'entreprise \u00ab\u202fpermettre aux machines chinoises de transformer chaque coin du monde\u202f\u00bb. Depuis la cr\u00e9ation de notre entreprise, nous avons construit plus de 30 000 m\u00e8tres carr\u00e9s d'ateliers et disposons de 200 techniciens professionnels. Ils s'engagent \u00e0 cr\u00e9er de meilleures machines et \u00e9quipements. En m\u00eame temps, nos machines agricoles ont \u00e9galement \u00e9t\u00e9 bien accueillies tant au niveau national qu'\u00e0 l'\u00e9tranger. De nos jours, nos produits jouissent d'une grande popularit\u00e9 en Afrique ,Asie du Sud-Est et Am\u00e9rique du Sud ,comme le Nigeria, le Ghana ,le P\u00e9rou ,l'Indon\u00e9sie etc. Par ailleurs, nous avons une riche exp\u00e9rience dans la r\u00e9alisation de projets d'appel d'offres pour des ONG ,FAO, UNDP et des march\u00e9s publics.<\/p>    <figure class=\"wp-block-gallery has-nested-images columns-default is-cropped wp-block-gallery-2 is-layout-flex wp-block-gallery-is-layout-flex\"> <figure class=\"wp-block-image size-large\"><img loading=\"lazy\" decoding=\"async\" width=\"720\" height=\"540\" data-id=\"2736\" src=\"https:\/\/taizyfarmequipment.com\/wp-content\/uploads\/2022\/02\/55-tuya-tuya-tuya_720_540.jpg\" alt=\"notre usine\" class=\"wp-image-2736\" title=\"notre usine\" srcset=\"https:\/\/taizyfarmequipment.com\/wp-content\/uploads\/2022\/02\/55-tuya-tuya-tuya_720_540.jpg 720w, https:\/\/taizyfarmequipment.com\/wp-content\/uploads\/2022\/02\/55-tuya-tuya-tuya_720_540-300x225.jpg 300w\" sizes=\"auto, (max-width: 720px) 100vw, 720px\" \/><figcaption>notre usine<\/figcaption><\/figure>    <figure class=\"wp-block-image size-large\"><img loading=\"lazy\" decoding=\"async\" width=\"720\" height=\"540\" data-id=\"2737\" src=\"https:\/\/taizyfarmequipment.com\/wp-content\/uploads\/2022\/02\/53-tuya_720_540.jpg\" alt=\"production de machines\" class=\"wp-image-2737\" title=\"production de machines\" srcset=\"https:\/\/taizyfarmequipment.com\/wp-content\/uploads\/2022\/02\/53-tuya_720_540.jpg 720w, https:\/\/taizyfarmequipment.com\/wp-content\/uploads\/2022\/02\/53-tuya_720_540-300x225.jpg 300w\" sizes=\"auto, (max-width: 720px) 100vw, 720px\" \/><figcaption>production de machines<\/figcaption><\/figure> <figcaption class=\"blocks-gallery-caption\">affichage d'usine<\/figcaption><\/figure>    <h2 class=\"wp-block-heading\" id=\"h-our-main-products\">Nos principaux produits<\/h2>    <p class=\"translation-block\">Nos principaux produits incluent Thresher, Sheller,\u00a0<a href=\"https:\/\/www.agriculture-machine.com\/the-functions-uses-and-prices-of-the-combined-chaff-cutter-and-grain-grinder\/\" target=\"_blank\" rel=\"noopener\">Chaff cutter<\/a>, Cultivator, Grain Crusher,\u00a0Rice Miller,\u00a0<a href=\"https:\/\/cornmachines.com\/\" target=\"_blank\" rel=\"noopener\">Corn Machinery<\/a>, Harvester, Reaper Binder, Seeder,Transplanter,\u00a0<a href=\"https:\/\/pelletmillmachine.com\/\" target=\"_blank\" rel=\"noopener\">pllet mill machines<\/a>, etc. De nos jours, nos produits sont pris\u00e9s sur les march\u00e9s d'Afrique et d'Asie du Sud-Est, comme le Nigeria, le Kenya, l'Afrique du Sud, le Ghana, le Congo, l'\u00c9thiopie, la Namibie, le Maroc, le Botswana, le Zimbabwe, l'Ouganda, l'Alg\u00e9rie, le Cameroun etc.<\/p>    <h2 class=\"wp-block-heading\" id=\"h-our-address\">Notre adresse<\/h2>    <p>Notre soci\u00e9t\u00e9 est situ\u00e9e sur la place Zhengshang Jingkai, East Hanghai Road, ETDZ, Zhengzhou, Henan, Chine. La r\u00e9gion est un centre \u00e9conomique et commercial important. Nous disposons ici d'abondantes ressources humaines et mat\u00e9rielles.<\/p>    <figure class=\"wp-block-gallery has-nested-images columns-default is-cropped wp-block-gallery-3 is-layout-flex wp-block-gallery-is-layout-flex\"> <figure class=\"wp-block-image size-large\"><img loading=\"lazy\" decoding=\"async\" width=\"720\" height=\"540\" data-id=\"2738\" src=\"https:\/\/taizyfarmequipment.com\/wp-content\/uploads\/2022\/02\/44_720_540.jpg\" alt=\"notre bureau\" class=\"wp-image-2738\" title=\"notre bureau\" srcset=\"https:\/\/taizyfarmequipment.com\/wp-content\/uploads\/2022\/02\/44_720_540.jpg 720w, https:\/\/taizyfarmequipment.com\/wp-content\/uploads\/2022\/02\/44_720_540-300x225.jpg 300w\" sizes=\"auto, (max-width: 720px) 100vw, 720px\" \/><figcaption>notre bureau<\/figcaption><\/figure>    <figure class=\"wp-block-image size-large\"><img loading=\"lazy\" decoding=\"async\" width=\"720\" height=\"540\" data-id=\"2739\" src=\"https:\/\/taizyfarmequipment.com\/wp-content\/uploads\/2022\/02\/88-tuya_720_540.jpg\" alt=\"immeuble de bureaux\" class=\"wp-image-2739\" title=\"immeuble de bureaux\" srcset=\"https:\/\/taizyfarmequipment.com\/wp-content\/uploads\/2022\/02\/88-tuya_720_540.jpg 720w, https:\/\/taizyfarmequipment.com\/wp-content\/uploads\/2022\/02\/88-tuya_720_540-300x225.jpg 300w\" sizes=\"auto, (max-width: 720px) 100vw, 720px\" \/><figcaption>immeuble de bureaux<\/figcaption><\/figure> <figcaption class=\"blocks-gallery-caption\">Notre adresse<\/figcaption><\/figure>    <h2 class=\"wp-block-heading\" id=\"h-our-service\">Notre service<\/h2>    <p>Nous avons des gestionnaires professionnels pour communiquer avec vous. Ils peuvent r\u00e9pondre rapidement \u00e0 diverses questions, fournir des informations compl\u00e8tes sur la machine et des solutions raisonnables sur la machine. Voici le contenu de notre service\u00a0:<\/p>    <p>Pr\u00e9-vente<\/p>    <ol class=\"wp-block-list\" type=\"1\"><li>Comprenez pleinement vos besoins. Nous vous poserons des questions sur vos mati\u00e8res premi\u00e8res, la quantit\u00e9 de mati\u00e8res premi\u00e8res que vous souhaitez traiter, votre budget et bien plus encore. Afin de vous recommander la machine qui vous convient.<\/li><li>Apr\u00e8s avoir confirm\u00e9 vos besoins, nous vous \u00e9tablirons un devis. Le devis contient les param\u00e8tres et les d\u00e9tails de la machine. Nous listerons \u00e9galement d'autres machines qui r\u00e9pondent \u00e0 vos exigences pour votre r\u00e9f\u00e9rence.<\/li><\/ol>    <p>En soldes<\/p>    <ol class=\"wp-block-list\" type=\"1\"><li>Nous proposons des m\u00e9thodes de paiement s\u00fbres et rapides. Nous acceptons l'assurance commerciale, T\/T, Money Gram, L\/C, Pay Pal, Western Union, Cash, etc. Vous pouvez choisir en fonction de votre convenance.<\/li><li>Emballage visuel et transport. Nous vous enverrons des photos de la machine avant et apr\u00e8s l'emballage. Nous pouvons \u00e9galement fournir une vid\u00e9o de votre machine au ralenti si n\u00e9cessaire.<\/li><\/ol>    <p>Apr\u00e8s vente<\/p>    <ol class=\"wp-block-list\" type=\"1\"><li>Informer les informations logistiques en temps opportun. Nous v\u00e9rifierons les informations d'exp\u00e9dition de la machine et vous informerons de la progression de l'exp\u00e9dition.<\/li><li>Service d'installation sur site. Si tu as besoin. Nous pouvons envoyer un ing\u00e9nieur professionnel chez vous et fournir des instructions d'installation et d'utilisation.<\/li><li>Guide en ligne. Nous fournissons \u00e9galement le guide en ligne. Nous nous engageons \u00e0 vous aider \u00e0 bien utiliser la machine apr\u00e8s avoir achet\u00e9 notre machine.<\/li><\/ol>    <figure class=\"wp-block-gallery has-nested-images columns-default is-cropped wp-block-gallery-4 is-layout-flex wp-block-gallery-is-layout-flex\"> <figure class=\"wp-block-image size-large\"><img loading=\"lazy\" decoding=\"async\" width=\"720\" height=\"540\" data-id=\"2741\" src=\"https:\/\/taizyfarmequipment.com\/wp-content\/uploads\/2022\/02\/11-tuya_720_540.jpg\" alt=\"Exposition \u00e0 l&#039;\u00e9tranger\" class=\"wp-image-2741\" title=\"Exposition \u00e0 l&#039;\u00e9tranger\" srcset=\"https:\/\/taizyfarmequipment.com\/wp-content\/uploads\/2022\/02\/11-tuya_720_540.jpg 720w, https:\/\/taizyfarmequipment.com\/wp-content\/uploads\/2022\/02\/11-tuya_720_540-300x225.jpg 300w\" sizes=\"auto, (max-width: 720px) 100vw, 720px\" \/><figcaption>Exposition \u00e0 l'\u00e9tranger<\/figcaption><\/figure>    <figure class=\"wp-block-image size-large\"><img loading=\"lazy\" decoding=\"async\" width=\"720\" height=\"540\" data-id=\"2743\" src=\"https:\/\/taizyfarmequipment.com\/wp-content\/uploads\/2022\/02\/08-tuya-tuya_720_540.jpg\" alt=\"Visite d&#039;usine\" class=\"wp-image-2743\" title=\"Visite d&#039;usine\" srcset=\"https:\/\/taizyfarmequipment.com\/wp-content\/uploads\/2022\/02\/08-tuya-tuya_720_540.jpg 720w, https:\/\/taizyfarmequipment.com\/wp-content\/uploads\/2022\/02\/08-tuya-tuya_720_540-300x225.jpg 300w\" sizes=\"auto, (max-width: 720px) 100vw, 720px\" \/><figcaption>Visite d'usine<\/figcaption><\/figure> <figcaption class=\"blocks-gallery-caption\">Exposition \u00e0 l'\u00e9tranger et visite d'usine<\/figcaption><\/figure>    <p><\/p>    <p><\/p>    <p><\/p>    <p><\/p>    <p><\/p>    <p><\/p>","protected":false},"excerpt":{"rendered":"<p>Who we are Zhengzhou Taizy Machinery Co., Ltd is a company specializing in the research, manufacture, development and sale of agricultural machinery. With the continuous increase in the scale of agricultural planting and the constant improvement of crop yields, agricultural machinery has become the daily needs of people in all countries. Therefore, our company was [&hellip;]<\/p>\n","protected":false},"author":1,"featured_media":2747,"parent":0,"menu_order":0,"comment_status":"closed","ping_status":"closed","template":"","meta":{"footnotes":""},"class_list":["post-7","page","type-page","status-publish","has-post-thumbnail","hentry"],"_links":{"self":[{"href":"https:\/\/taizyfarmequipment.com\/fr\/wp-json\/wp\/v2\/pages\/7","targetHints":{"allow":["GET"]}}],"collection":[{"href":"https:\/\/taizyfarmequipment.com\/fr\/wp-json\/wp\/v2\/pages"}],"about":[{"href":"https:\/\/taizyfarmequipment.com\/fr\/wp-json\/wp\/v2\/types\/page"}],"author":[{"embeddable":true,"href":"https:\/\/taizyfarmequipment.com\/fr\/wp-json\/wp\/v2\/users\/1"}],"replies":[{"embeddable":true,"href":"https:\/\/taizyfarmequipment.com\/fr\/wp-json\/wp\/v2\/comments?post=7"}],"version-history":[{"count":0,"href":"https:\/\/taizyfarmequipment.com\/fr\/wp-json\/wp\/v2\/pages\/7\/revisions"}],"wp:featuredmedia":[{"embeddable":true,"href":"https:\/\/taizyfarmequipment.com\/fr\/wp-json\/wp\/v2\/media\/2747"}],"wp:attachment":[{"href":"https:\/\/taizyfarmequipment.com\/fr\/wp-json\/wp\/v2\/media?parent=7"}],"curies":[{"name":"wp","href":"https:\/\/api.w.org\/{rel}","templated":true}]}}