{"id":2542,"date":"2022-02-08T08:27:48","date_gmt":"2022-02-08T08:27:48","guid":{"rendered":"https:\/\/taizyfarmequipment.com\/"},"modified":"2025-11-26T15:25:32","modified_gmt":"2025-11-26T07:25:32","slug":"decortiqueuse-automatique-depluchage-de-graines-de-sesame","status":"publish","type":"product","link":"https:\/\/taizyfarmequipment.com\/fr\/product\/automatic-sesame-seeds-peeling-hulling-machine\/","title":{"rendered":"Grande machine \u00e0 d\u00e9cortiquer automatique les graines de s\u00e9same"},"content":{"rendered":"<div class=\"kk-star-ratings kksr-auto kksr-align-left kksr-valign-top\"     data-payload='{&quot;align&quot;:&quot;left&quot;,&quot;id&quot;:&quot;2542&quot;,&quot;slug&quot;:&quot;default&quot;,&quot;valign&quot;:&quot;top&quot;,&quot;ignore&quot;:&quot;&quot;,&quot;reference&quot;:&quot;auto&quot;,&quot;class&quot;:&quot;&quot;,&quot;count&quot;:&quot;26&quot;,&quot;legendonly&quot;:&quot;&quot;,&quot;readonly&quot;:&quot;&quot;,&quot;score&quot;:&quot;4.8&quot;,&quot;starsonly&quot;:&quot;&quot;,&quot;best&quot;:&quot;5&quot;,&quot;gap&quot;:&quot;5&quot;,&quot;greet&quot;:&quot;Rate this product&quot;,&quot;legend&quot;:&quot;4.8\\\/5 - (26 votes)&quot;,&quot;size&quot;:&quot;24&quot;,&quot;title&quot;:&quot;Great automatic sesame seeds peeling hulling machine&quot;,&quot;width&quot;:&quot;136.7&quot;,&quot;_legend&quot;:&quot;{score}\\\/{best} - ({count} {votes})&quot;,&quot;font_factor&quot;:&quot;1.25&quot;}'>              <div class=\"kksr-stars\">      <div class=\"kksr-stars-inactive\">             <div class=\"kksr-star\" data-star=\"1\" style=\"padding-right: 5px\">               <div class=\"kksr-icon\" style=\"width: 24px; height: 24px;\"><\/div>         <\/div>             <div class=\"kksr-star\" data-star=\"2\" style=\"padding-right: 5px\">               <div class=\"kksr-icon\" style=\"width: 24px; height: 24px;\"><\/div>         <\/div>             <div class=\"kksr-star\" data-star=\"3\" style=\"padding-right: 5px\">               <div class=\"kksr-icon\" style=\"width: 24px; height: 24px;\"><\/div>         <\/div>             <div class=\"kksr-star\" data-star=\"4\" style=\"padding-right: 5px\">               <div class=\"kksr-icon\" style=\"width: 24px; height: 24px;\"><\/div>         <\/div>             <div class=\"kksr-star\" data-star=\"5\" style=\"padding-right: 5px\">               <div class=\"kksr-icon\" style=\"width: 24px; height: 24px;\"><\/div>         <\/div>     <\/div>      <div class=\"kksr-stars-active\" style=\"width: 136.7px;\">             <div class=\"kksr-star\" style=\"padding-right: 5px\">               <div class=\"kksr-icon\" style=\"width: 24px; height: 24px;\"><\/div>         <\/div>             <div class=\"kksr-star\" style=\"padding-right: 5px\">               <div class=\"kksr-icon\" style=\"width: 24px; height: 24px;\"><\/div>         <\/div>             <div class=\"kksr-star\" style=\"padding-right: 5px\">               <div class=\"kksr-icon\" style=\"width: 24px; height: 24px;\"><\/div>         <\/div>             <div class=\"kksr-star\" style=\"padding-right: 5px\">               <div class=\"kksr-icon\" style=\"width: 24px; height: 24px;\"><\/div>         <\/div>             <div class=\"kksr-star\" style=\"padding-right: 5px\">               <div class=\"kksr-icon\" style=\"width: 24px; height: 24px;\"><\/div>         <\/div>     <\/div> <\/div>                   <div class=\"kksr-legend\" style=\"font-size: 19.2px;\">             4,8\/5 - (26 votes)    <\/div>     <\/div>  <p>La d\u00e9cortiqueuse automatique de graines de s\u00e9same est un \u00e9quipement qui peut peler proprement la peau externe du s\u00e9same. Sa fonction principale est de tremper, peler et s\u00e9parer la peau et le noyau apr\u00e8s pelage.<\/p>    <p class=\"translation-block\">Lorsque le s\u00e9same est utilis\u00e9 comme aliment pour fournir des ressources prot\u00e9iques \u00e0 l\u2019homme, il n\u00e9cessite g\u00e9n\u00e9ralement un pelage. Et le s\u00e9same pel\u00e9 a un go\u00fbt plus lisse et est plus facilement absorb\u00e9 par nos corps. Pour le traitement ult\u00e9rieur, nous pelons de nombreuses graines. Et nous avons aussi des <a href=\"https:\/\/taizyfarmequipment.com\/fr\/produit-2\/machine-a-eplucher-le-soja\/\">pelailleurs de f\u00e8ves<\/a> pour peler le soja. <\/p>    <p>La machine est simple \u00e0 utiliser, abordable et permet d'\u00e9conomiser de la main d'\u0153uvre. C'est donc une aide indispensable pour les gens.<\/p>    <h2 class=\"wp-block-heading\" id=\"h-introduction-of-the-sesame-peeling-machine\">Introduction de la d\u00e9cortiqueuse automatique de graines de s\u00e9same<\/h2>    <p class=\"translation-block\">La <a href=\"https:\/\/www.agriculture-machine.com\/corn-grits-making-machine\/\" target=\"_blank\" rel=\"noopener\">machine automatique d'\u00e9pluchage et de d\u00e9corticage des graines de s\u00e9same<\/a> a une structure verticale qui nous permet d'exploiter pleinement l'espace int\u00e9rieur. En m\u00eame temps, le volume est r\u00e9duit, la structure est simple, l'utilisation est pratique et le taux d'entretien est faible.<\/p>    <p>La d\u00e9cortiqueuse automatique de graines de s\u00e9same adopte un agitateur compos\u00e9. Ce type d'agitateur peut produire une d\u00e9viation axiale, une d\u00e9viation radiale et une d\u00e9viation circulaire. Ainsi, il peut retourner compl\u00e8tement le mat\u00e9riau sans coins morts et a un taux de pelage \u00e9lev\u00e9.<\/p>    <p>L'utilisation d'un agitateur compos\u00e9 r\u00e9duit le temps de trempage, d'\u00e9pluchage et de s\u00e9paration des graines de s\u00e9same. Cela am\u00e9liore donc l\u2019efficacit\u00e9 de la production et am\u00e9liore la qualit\u00e9 du produit.<\/p>    <figure class=\"wp-block-image aligncenter size-full\"><img loading=\"lazy\" decoding=\"async\" width=\"720\" height=\"540\" src=\"https:\/\/taizyfarmequipment.com\/wp-content\/uploads\/2022\/02\/AUTOMATIC-SESAME-SEEDS-PEELING-HULLING-MACHINE.webp\" alt=\"MACHINE AUTOMATIQUE DE PE\u00c9L\u00c9AGE ET D\u00c9PELAGE DES GRAINES DE S\u00c9SAME\" class=\"wp-image-4966\" title=\"Machine \u00e0 d\u00e9cortiquer automatique les graines de s\u00e9same\" srcset=\"https:\/\/taizyfarmequipment.com\/wp-content\/uploads\/2022\/02\/AUTOMATIC-SESAME-SEEDS-PEELING-HULLING-MACHINE.webp 720w, https:\/\/taizyfarmequipment.com\/wp-content\/uploads\/2022\/02\/AUTOMATIC-SESAME-SEEDS-PEELING-HULLING-MACHINE-300x225.webp 300w, https:\/\/taizyfarmequipment.com\/wp-content\/uploads\/2022\/02\/AUTOMATIC-SESAME-SEEDS-PEELING-HULLING-MACHINE-16x12.webp 16w\" sizes=\"auto, (max-width: 720px) 100vw, 720px\" \/><figcaption class=\"wp-element-caption\">MACHINE AUTOMATIQUE DE PE\u00c9L\u00c9AGE ET D\u00c9PELAGE DES GRAINES DE S\u00c9SAME<\/figcaption><\/figure>    <h2 class=\"wp-block-heading\" id=\"structure-of-the-sesame-seeds-peeling-machine\">Structure de la d\u00e9cortiqueuse automatique de graines de s\u00e9same<\/h2>    <p>La d\u00e9cortiqueuse automatique de graines de s\u00e9same comprend principalement un r\u00e9ducteur, un r\u00e9servoir, un agitateur composite, un s\u00e9parateur, un chauffage, un dispositif de positionnement et divers tuyaux d'entr\u00e9e et de sortie.<\/p>    <h2 class=\"wp-block-heading\" id=\"the-working-process-of-automatic-sesame-peeling-machine\">Le processus de travail de la machine automatique \u00e0 \u00e9plucher le s\u00e9same<\/h2>    <p>Tout d\u2019abord, allumez la machine et versez les graines de s\u00e9same filtr\u00e9es dans le premier baril de la machine \u00e0 \u00e9plucher. Et le temps de pelage est d'environ 3 \u00e0 5 minutes.<\/p>    <p>Avant d\u2019introduire les graines de s\u00e9same pel\u00e9es dans le deuxi\u00e8me baril s\u00e9parateur, ajoutez un tiers de l\u2019eau au s\u00e9parateur pour \u00e9viter que les pelures de s\u00e9same ne bouchent le maillage.<\/p>    <p>Lors de la s\u00e9paration, assurez-vous qu'un tiers du rapport (eau 3 s\u00e9same 1) est utilis\u00e9 pour s\u00e9parer les grains et les peaux, et en m\u00eame temps, ouvrez la vanne inf\u00e9rieure pour \u00e9goutter les peaux de s\u00e9same avec de l'eau. La quantit\u00e9 d\u2019eau entrante est \u00e9gale \u00e0 la quantit\u00e9 d\u2019eau rejet\u00e9e.<\/p>    <p>Apr\u00e8s environ 5 \u00e0 10 minutes de s\u00e9paration, \u00e9gouttez et nettoyez les graines de s\u00e9same.<\/p>    <figure class=\"wp-block-image size-full\"><img loading=\"lazy\" decoding=\"async\" width=\"720\" height=\"540\" src=\"https:\/\/taizyfarmequipment.com\/wp-content\/uploads\/2022\/02\/AUTOMATIC-SESAME-SEEDS-PEELING-HULLING-MACHINE-for-sale.webp\" alt=\"MACHINE AUTOMATIQUE DE PE\u00c9L\u00c9AGE ET D\u00c9PELAGE DES GRAINES DE S\u00c9SAME \u00e0 vendre\" class=\"wp-image-4967\" srcset=\"https:\/\/taizyfarmequipment.com\/wp-content\/uploads\/2022\/02\/AUTOMATIC-SESAME-SEEDS-PEELING-HULLING-MACHINE-for-sale.webp 720w, https:\/\/taizyfarmequipment.com\/wp-content\/uploads\/2022\/02\/AUTOMATIC-SESAME-SEEDS-PEELING-HULLING-MACHINE-for-sale-300x225.webp 300w, https:\/\/taizyfarmequipment.com\/wp-content\/uploads\/2022\/02\/AUTOMATIC-SESAME-SEEDS-PEELING-HULLING-MACHINE-for-sale-16x12.webp 16w\" sizes=\"auto, (max-width: 720px) 100vw, 720px\" \/><figcaption class=\"wp-element-caption\">MACHINE AUTOMATIQUE DE PE\u00c9L\u00c9AGE ET D\u00c9PELAGE DES GRAINES DE S\u00c9SAME \u00e0 vendre<\/figcaption><\/figure>    <h2 class=\"wp-block-heading\" id=\"the-working-principle-of-sesame-seed-hulling-machine\">Le principe de fonctionnement de la d\u00e9cortiqueuse de graines de s\u00e9same<\/h2>    <h3 class=\"wp-block-heading\" id=\"overview\">Aper\u00e7u:<\/h3>    <p>La machine automatique de pelage et d\u00e9pelage des graines de s\u00e9same est entra\u00een\u00e9e par l\u2019arbre d\u2019engrenage et l\u2019agitateur pour tourner et remuer afin que le s\u00e9same tremp\u00e9 dans le seau puisse \u00eatre rapidement retourn\u00e9 et secou\u00e9. Et le frottement entre les graines de s\u00e9same est coordonn\u00e9 avec la force de rotation de l\u2019agitateur pour s\u00e9parer l\u2019enveloppe du s\u00e9same du noyau.<\/p>    <p>Apr\u00e8s avoir fonctionn\u00e9 pendant un certain temps, les graines de s\u00e9same ont \u00e9t\u00e9 pel\u00e9es pour atteindre la cible, le d\u00e9flecteur de porte a \u00e9t\u00e9 ouvert et le m\u00e9lange de pelures de graines de s\u00e9same a \u00e9t\u00e9 d\u00e9charg\u00e9 de la machine avec la rotation du m\u00e9langeur.<\/p>    <h3 class=\"wp-block-heading\" id=\"principle-of-soaking-process\">Principe du processus de trempage\u00a0:<\/h3>    <p>Mettez les graines de s\u00e9same dans de l'eau chaude avec un peu de soude caustique. Faites ensuite tremper les graines de s\u00e9same pendant quelques minutes.<\/p>    <p>Ensuite, d\u00e9marrez l'\u00e9quipement, le r\u00e9ducteur entra\u00eene la rotation de l'agitateur. En raison des caract\u00e9ristiques structurelles de l'agitateur composite, le mat\u00e9riau circule de haut en bas et le s\u00e9same et le liquide de trempage sont m\u00e9lang\u00e9s uniform\u00e9ment et enti\u00e8rement.<\/p>    <h3 class=\"wp-block-heading\" id=\"working-principle-of-black-sesame-peeling-process\">Principe de fonctionnement du processus de pelage du s\u00e9same noir\u00a0:<\/h3>    <p>Le frottement relatif entre l'agitateur et le s\u00e9same, entre le s\u00e9same et le s\u00e9same, s\u00e9pare la peau et le noyau du s\u00e9same, de mani\u00e8re \u00e0 atteindre l'objectif de peler le s\u00e9same.<\/p>    <figure class=\"wp-block-image size-full\"><img loading=\"lazy\" decoding=\"async\" width=\"720\" height=\"540\" src=\"https:\/\/taizyfarmequipment.com\/wp-content\/uploads\/2022\/02\/AUTOMATIC-SESAME-SEEDS-PEELING-HULLING-MACHINE-price.webp\" alt=\"MACHINE AUTOMATIQUE DE PE\u00c9L\u00c9AGE ET D\u00c9PELAGE DES GRAINES DE S\u00c9SAME prix\" class=\"wp-image-4968\" srcset=\"https:\/\/taizyfarmequipment.com\/wp-content\/uploads\/2022\/02\/AUTOMATIC-SESAME-SEEDS-PEELING-HULLING-MACHINE-price.webp 720w, https:\/\/taizyfarmequipment.com\/wp-content\/uploads\/2022\/02\/AUTOMATIC-SESAME-SEEDS-PEELING-HULLING-MACHINE-price-300x225.webp 300w, https:\/\/taizyfarmequipment.com\/wp-content\/uploads\/2022\/02\/AUTOMATIC-SESAME-SEEDS-PEELING-HULLING-MACHINE-price-16x12.webp 16w\" sizes=\"auto, (max-width: 720px) 100vw, 720px\" \/><figcaption class=\"wp-element-caption\">MACHINE AUTOMATIQUE DE PE\u00c9L\u00c9AGE ET D\u00c9PELAGE DES GRAINES DE S\u00c9SAME prix<\/figcaption><\/figure>    <h2 class=\"wp-block-heading\" id=\"parameter-of-the-sesame-seeds-peeling-machine\">Param\u00e8tre de la machine \u00e0 \u00e9plucher les graines de s\u00e9same<\/h2>    <figure class=\"wp-block-table\"><table><tbody><tr><td>Pouvoir<\/td><td>moteur de d\u00e9corticage 2,2 kW, moteur de s\u00e9paration 1,5 kW<\/td><\/tr><tr><td>Capacit\u00e9<\/td><td>400-500kg\/h, 30-50kg\/baril<\/td><\/tr><tr><td>Taux de d\u00e9corticage<\/td><td>80%-85%<\/td><\/tr><tr><td>Poids<\/td><td>250 kg<\/td><\/tr><tr><td>Taille<\/td><td>1400*700*2000mm<\/td><\/tr><tr><td>Mat\u00e9riel<\/td><td>en acier inoxydable<\/td><\/tr><\/tbody><\/table><figcaption class=\"wp-element-caption\">Param\u00e8tre de la machine \u00e0 \u00e9plucher les graines de s\u00e9same<\/figcaption><\/figure>    <h2 class=\"wp-block-heading\" id=\"advantages-of-the-sesame-peeling-machine\">Avantages de la d\u00e9cortiqueuse automatique de graines de s\u00e9same\u00a0:<\/h2>    <p>1. Pelez soigneusement. Les graines de s\u00e9same trait\u00e9es ne contiennent aucune autre impuret\u00e9.<\/p>    <p>2. Le s\u00e9same trait\u00e9 est blanc et brillant, de haute qualit\u00e9. <\/p>    <p>3. La m\u00eame chose sans peau a bon go\u00fbt.<\/p>    <p>2. Haute qualit\u00e9.  De nombreux clients de Tanzanie, du Nigeria, du Qatar, du Ghana, du Y\u00e9men, etc. sont satisfaits de la qualit\u00e9 de nos machines.<\/p>","protected":false},"excerpt":{"rendered":"<p>La d\u00e9cortiqueuse automatique de graines de s\u00e9same\u00a0est un \u00e9quipement qui peut peler proprement la peau ext\u00e9rieure du s\u00e9same. Sa fonction principale est de tremper, peler et s\u00e9parer la peau et le noyau apr\u00e8s pelage.<\/p>","protected":false},"author":1,"featured_media":2543,"parent":0,"template":"","tags":[162,161,163,164],"product-type":[131],"class_list":["post-2542","product","type-product","status-publish","has-post-thumbnail","hentry","tag-automatic-sesame-peeling-machine","tag-sesame-peeling-machine","tag-sesame-seed-hulling-machine","tag-sesame-washing-and-peeling-machine","product-type-grains-peeling-machine"],"_links":{"self":[{"href":"https:\/\/taizyfarmequipment.com\/fr\/wp-json\/wp\/v2\/product\/2542","targetHints":{"allow":["GET"]}}],"collection":[{"href":"https:\/\/taizyfarmequipment.com\/fr\/wp-json\/wp\/v2\/product"}],"about":[{"href":"https:\/\/taizyfarmequipment.com\/fr\/wp-json\/wp\/v2\/types\/product"}],"author":[{"embeddable":true,"href":"https:\/\/taizyfarmequipment.com\/fr\/wp-json\/wp\/v2\/users\/1"}],"wp:featuredmedia":[{"embeddable":true,"href":"https:\/\/taizyfarmequipment.com\/fr\/wp-json\/wp\/v2\/media\/2543"}],"wp:attachment":[{"href":"https:\/\/taizyfarmequipment.com\/fr\/wp-json\/wp\/v2\/media?parent=2542"}],"wp:term":[{"taxonomy":"post_tag","embeddable":true,"href":"https:\/\/taizyfarmequipment.com\/fr\/wp-json\/wp\/v2\/tags?post=2542"},{"taxonomy":"product-type","embeddable":true,"href":"https:\/\/taizyfarmequipment.com\/fr\/wp-json\/wp\/v2\/product-type?post=2542"}],"curies":[{"name":"wp","href":"https:\/\/api.w.org\/{rel}","templated":true}]}}