{"id":2562,"date":"2022-02-14T08:28:39","date_gmt":"2022-02-14T08:28:39","guid":{"rendered":"https:\/\/taizyfarmequipment.com\/"},"modified":"2025-11-26T16:09:13","modified_gmt":"2025-11-26T08:09:13","slug":"tracteur-a-marche-2","status":"publish","type":"product","link":"https:\/\/taizyfarmequipment.com\/fr\/product\/walking-tractor-2\/","title":{"rendered":"Tracteur ambulant | Tracteur \u00e0 deux roues arri\u00e8re-pens\u00e9es"},"content":{"rendered":"<div class=\"kk-star-ratings kksr-auto kksr-align-left kksr-valign-top\"     data-payload='{&quot;align&quot;:&quot;left&quot;,&quot;id&quot;:&quot;2562&quot;,&quot;slug&quot;:&quot;default&quot;,&quot;valign&quot;:&quot;top&quot;,&quot;ignore&quot;:&quot;&quot;,&quot;reference&quot;:&quot;auto&quot;,&quot;class&quot;:&quot;&quot;,&quot;count&quot;:&quot;16&quot;,&quot;legendonly&quot;:&quot;&quot;,&quot;readonly&quot;:&quot;&quot;,&quot;score&quot;:&quot;4.6&quot;,&quot;starsonly&quot;:&quot;&quot;,&quot;best&quot;:&quot;5&quot;,&quot;gap&quot;:&quot;5&quot;,&quot;greet&quot;:&quot;Rate this product&quot;,&quot;legend&quot;:&quot;4.6\\\/5 - (16 votes)&quot;,&quot;size&quot;:&quot;24&quot;,&quot;title&quot;:&quot;Walking tractor | Two wheel walk behind tractor&quot;,&quot;width&quot;:&quot;130.9&quot;,&quot;_legend&quot;:&quot;{score}\\\/{best} - ({count} {votes})&quot;,&quot;font_factor&quot;:&quot;1.25&quot;}'>              <div class=\"kksr-stars\">      <div class=\"kksr-stars-inactive\">             <div class=\"kksr-star\" data-star=\"1\" style=\"padding-right: 5px\">               <div class=\"kksr-icon\" style=\"width: 24px; height: 24px;\"><\/div>         <\/div>             <div class=\"kksr-star\" data-star=\"2\" style=\"padding-right: 5px\">               <div class=\"kksr-icon\" style=\"width: 24px; height: 24px;\"><\/div>         <\/div>             <div class=\"kksr-star\" data-star=\"3\" style=\"padding-right: 5px\">               <div class=\"kksr-icon\" style=\"width: 24px; height: 24px;\"><\/div>         <\/div>             <div class=\"kksr-star\" data-star=\"4\" style=\"padding-right: 5px\">               <div class=\"kksr-icon\" style=\"width: 24px; height: 24px;\"><\/div>         <\/div>             <div class=\"kksr-star\" data-star=\"5\" style=\"padding-right: 5px\">               <div class=\"kksr-icon\" style=\"width: 24px; height: 24px;\"><\/div>         <\/div>     <\/div>      <div class=\"kksr-stars-active\" style=\"width: 130.9px;\">             <div class=\"kksr-star\" style=\"padding-right: 5px\">               <div class=\"kksr-icon\" style=\"width: 24px; height: 24px;\"><\/div>         <\/div>             <div class=\"kksr-star\" style=\"padding-right: 5px\">               <div class=\"kksr-icon\" style=\"width: 24px; height: 24px;\"><\/div>         <\/div>             <div class=\"kksr-star\" style=\"padding-right: 5px\">               <div class=\"kksr-icon\" style=\"width: 24px; height: 24px;\"><\/div>         <\/div>             <div class=\"kksr-star\" style=\"padding-right: 5px\">               <div class=\"kksr-icon\" style=\"width: 24px; height: 24px;\"><\/div>         <\/div>             <div class=\"kksr-star\" style=\"padding-right: 5px\">               <div class=\"kksr-icon\" style=\"width: 24px; height: 24px;\"><\/div>         <\/div>     <\/div> <\/div>                   <div class=\"kksr-legend\" style=\"font-size: 19.2px;\">             4,6\/5 - (16 votes)    <\/div>     <\/div>  <p>Le motoculteur \u00e0 deux roues avec accessoire est un \u00e9quipement simple qui peut fonctionner avec diverses machines agricoles. Ce tracteur \u00e0 conducteur marchant est dot\u00e9 de deux roues, id\u00e9ales pour aller n'importe o\u00f9. Et le moteur diesel est la puissance du motoculteur \u00e0 deux roues. Habituellement, le moteur diesel est de 15 ou 18 ch. Les clients peuvent choisir la bonne puissance en fonction de leurs besoins.<\/p>    <p>Afin d'\u00e9conomiser de la main d'\u0153uvre, le moteur diesel de grande puissance est g\u00e9n\u00e9ralement d\u00e9marr\u00e9 via le bo\u00eetier \u00e9lectrique. Vous pouvez facilement d\u00e9marrer le tracteur manuel avec la cl\u00e9. Ainsi, avec les avantages d\u2019\u00eatre facile \u00e0 utiliser, bon march\u00e9 et de pouvoir \u00eatre associ\u00e9 \u00e0 une vari\u00e9t\u00e9 de machines, il est bien accueilli par de nombreux pays. <\/p>    <figure class=\"wp-block-image size-full\"><img loading=\"lazy\" decoding=\"async\" width=\"720\" height=\"540\" src=\"https:\/\/taizyfarmequipment.com\/wp-content\/uploads\/2022\/02\/walking-tractor-2.jpg\" alt=\"\" class=\"wp-image-2604\" srcset=\"https:\/\/taizyfarmequipment.com\/wp-content\/uploads\/2022\/02\/walking-tractor-2.jpg 720w, https:\/\/taizyfarmequipment.com\/wp-content\/uploads\/2022\/02\/walking-tractor-2-300x225.jpg 300w\" sizes=\"auto, (max-width: 720px) 100vw, 720px\" \/><figcaption class=\"wp-element-caption\">Tracteur marcheur<\/figcaption><\/figure>    <h2 class=\"wp-block-heading\" id=\"h-what-equipment-can-work-with-a-walking-tractor\">Quel \u00e9quipement peut fonctionner avec un motoculteur ?<\/h2>    <p class=\"translation-block\">Il existe une fraise rotative, un butteur, un niveauur de drainage, un planteur de ma\u00efs, une charrue, une charrue double, une charrue \u00e0 disques, une pompe, une faucheuse, une roue \u00e0 boue, une remorque, une moissonneuse, une arracheuse de pommes de terre, <a href=\"https:\/\/www.agriculture-machine.com\/peanut-harvester\/\" target=\"_blank\" rel=\"noopener\">arracheuse d'arachides<\/a>, etc., qui peuvent fonctionner avec le tracteur \u00e0 marche arri\u00e8re. Vous pouvez choisir n'importe lequel des \u00e9quipements agricoles ci-dessus pour l'associer \u00e0 votre tracteur manuel. Nous vous recommanderons \u00e9galement le tracteur \u00e0 main motoris\u00e9 appropri\u00e9 en fonction de vos besoins.<\/p>    <figure class=\"wp-block-image size-full is-resized\"><img loading=\"lazy\" decoding=\"async\" src=\"https:\/\/taizyfarmequipment.com\/wp-content\/uploads\/2022\/02\/small-tractor-_02_14_2022-1.jpg\" alt=\"accessoires avec mototracteur\" class=\"wp-image-2609\" width=\"720\" height=\"541\" title=\"accessoires avec mototracteur\" srcset=\"https:\/\/taizyfarmequipment.com\/wp-content\/uploads\/2022\/02\/small-tractor-_02_14_2022-1.jpg 720w, https:\/\/taizyfarmequipment.com\/wp-content\/uploads\/2022\/02\/small-tractor-_02_14_2022-1-300x225.jpg 300w\" sizes=\"auto, (max-width: 720px) 100vw, 720px\" \/><figcaption class=\"wp-element-caption\">accessoires avec mototracteur<\/figcaption><\/figure>    <figure class=\"wp-block-image size-full is-resized\"><img loading=\"lazy\" decoding=\"async\" src=\"https:\/\/taizyfarmequipment.com\/wp-content\/uploads\/2022\/02\/small-tractor1_02_14_2022-1.jpg\" alt=\"accessoires avec tracteur \u00e0 deux roues\" class=\"wp-image-2610\" width=\"720\" height=\"540\" title=\"accessoires avec tracteur \u00e0 deux roues\" srcset=\"https:\/\/taizyfarmequipment.com\/wp-content\/uploads\/2022\/02\/small-tractor1_02_14_2022-1.jpg 720w, https:\/\/taizyfarmequipment.com\/wp-content\/uploads\/2022\/02\/small-tractor1_02_14_2022-1-300x225.jpg 300w\" sizes=\"auto, (max-width: 720px) 100vw, 720px\" \/><figcaption class=\"wp-element-caption\">accessoires avec tracteur \u00e0 deux roues<\/figcaption><\/figure>    <h2 class=\"wp-block-heading\" id=\"what-type-of-fields-can-two-wheel-walking-tractor-work-on\">Sur quels types de champs le motoculteur \u00e0 deux roues peut-il travailler\u00a0?<\/h2>    <p>L'applicabilit\u00e9 des mototracteurs \u00e0 deux roues est large. Ainsi, cela peut fonctionner dans tous types de domaines. Par exemple,\u00a0l'agriculture dans les plaines, les montagnes, les collines, les rizi\u00e8res, les terres arides, les vergers et les potagers. De plus, avec les machines agricoles correspondantes, un tracteur manuel peut effectuer diverses op\u00e9rations telles que le labour, le travail rotatif, la r\u00e9colte, le semis, les jeux sur le terrain et le pompage de l'eau.<\/p>    <h2 class=\"wp-block-heading\" id=\"structure-of-walk-behind-tractor\">Structure du tracteur \u00e0 conducteur marchant<\/h2>    <p>Les tracteurs \u00e0 conducteur marchant comprennent principalement un ch\u00e2ssis, un moteur diesel, un syst\u00e8me de transmission, un dispositif de marche, un syst\u00e8me de direction, un frein et un m\u00e9canisme de commande. Les tracteurs agricoles sont \u00e9galement des machines \u00e0 marcher polyvalentes principalement utilis\u00e9es pour la traction et le transport.<\/p>    <figure class=\"wp-block-gallery has-nested-images columns-default is-cropped wp-block-gallery-2 is-layout-flex wp-block-gallery-is-layout-flex\"> <figure class=\"wp-block-image size-large\"><img loading=\"lazy\" decoding=\"async\" width=\"720\" height=\"540\" data-id=\"2611\" src=\"https:\/\/taizyfarmequipment.com\/wp-content\/uploads\/2022\/02\/\u7ed3\u67841_720_540.jpg\" alt=\"tracteur marcheur simple\" class=\"wp-image-2611\" title=\"tracteur marcheur simple\" srcset=\"https:\/\/taizyfarmequipment.com\/wp-content\/uploads\/2022\/02\/\u7ed3\u67841_720_540.jpg 720w, https:\/\/taizyfarmequipment.com\/wp-content\/uploads\/2022\/02\/\u7ed3\u67841_720_540-300x225.jpg 300w\" sizes=\"auto, (max-width: 720px) 100vw, 720px\" \/><\/figure>    <figure class=\"wp-block-image size-large\"><img loading=\"lazy\" decoding=\"async\" width=\"720\" height=\"540\" data-id=\"2612\" src=\"https:\/\/taizyfarmequipment.com\/wp-content\/uploads\/2022\/02\/\u7ed3\u67842_720_540.jpg\" alt=\"marcher derri\u00e8re le tracteur\" class=\"wp-image-2612\" title=\"marcher derri\u00e8re le tracteur\" srcset=\"https:\/\/taizyfarmequipment.com\/wp-content\/uploads\/2022\/02\/\u7ed3\u67842_720_540.jpg 720w, https:\/\/taizyfarmequipment.com\/wp-content\/uploads\/2022\/02\/\u7ed3\u67842_720_540-300x225.jpg 300w\" sizes=\"auto, (max-width: 720px) 100vw, 720px\" \/><\/figure> <figcaption class=\"blocks-gallery-caption wp-element-caption\">Structure du tracteur \u00e0 conducteur marchant<\/figcaption><\/figure>    <h2 class=\"wp-block-heading\" id=\"how-does-a-walking-tractor-with-attachments-work\">Comment fonctionne un motoculteur avec accessoires ?<\/h2>    <p>Le tracteur marcheur\u00a0avec accessoires\u00a0peut se d\u00e9placer gr\u00e2ce \u00e0 la puissance du moteur \u00e0 combustion interne via le syst\u00e8me de transmission. Les roues motrices qui entra\u00eenent poussent le tracteur vers l'avant en donnant au sol une force vers l'arri\u00e8re \u00e0 travers la bande de roulement et la surface du pneu. Le conducteur tient le cadre de la main courante pour tirer ou conduire les outils agricoles de support pour le fonctionnement.<\/p>    <p>La puissance est transmise \u00e0 la transmission par la courroie trap\u00e9zo\u00efdale. Et l'embrayage\u00a0contr\u00f4le\u00a0la vitesse de la puissance. La bo\u00eete de vitesses est \u00e0 engrenages.<\/p>    <p>Le m\u00e9canisme de commande est mont\u00e9 sur la main courante pour contr\u00f4ler l'acc\u00e9l\u00e9rateur, le changement de vitesse, la direction, le freinage et la puissance de sortie.<\/p>    <h2 class=\"wp-block-heading\" id=\"working-video-of-walking-behind-tractor\">Vid\u00e9o de travail montrant la marche derri\u00e8re un tracteur<\/h2>    <figure class=\"wp-block-embed is-type-video is-provider-youtube wp-block-embed-youtube wp-embed-aspect-16-9 wp-has-aspect-ratio\"><div class=\"wp-block-embed__wrapper\"> <iframe loading=\"lazy\" title=\"Que peut-on faire avec un motoculteur\u00a0?#tracteur \u00e0 marche, #laboureuse, #tracteurs \u00e0 deux roues\" width=\"500\" height=\"281\" src=\"https:\/\/www.youtube.com\/embed\/fxYFIychRc4?feature=oembed\" frameborder=\"0\" allow=\"accelerometer; autoplay; clipboard-write; encrypted-media; gyroscope; picture-in-picture; web-share\" referrerpolicy=\"strict-origin-when-cross-origin\" allowfullscreen><\/iframe> <\/div><\/figure>    <h2 class=\"wp-block-heading\" id=\"parameter-of-walking-tractor-with-plough\">Param\u00e8tre du tracteur ambulant avec charrue<\/h2>    <figure class=\"wp-block-table\"><table><tbody><tr><td>Mod\u00e8le<\/td><td>15 CV<\/td><\/tr><tr><td>Mod\u00e8le de moteur<\/td><td>ZS1100<\/td><\/tr><tr><td>Mani\u00e8re de refroidissement<\/td><td>\u00c9vaporatif\/condensation<\/td><\/tr><tr><td>Dimensions<\/td><td>2680\u00d7960\u00d71250mm<\/td><\/tr><tr><td>Distance minimale au sol<\/td><td>185mm<\/td><\/tr><tr><td>Empattement<\/td><td>580-600mm<\/td><\/tr><tr><td>Poids<\/td><td>350 kg<\/td><\/tr><tr><td>M\u00e9thode de d\u00e9marrage<\/td><td>d\u00e9marrage manuel \/ d\u00e9marrage \u00e9lectrique<\/td><\/tr><\/tbody><\/table><figcaption class=\"wp-element-caption\">Param\u00e8tre du tracteur ambulant avec charrue<\/figcaption><\/figure>    <h2 class=\"wp-block-heading\" id=\"advantages-of-two-wheel-walk-behind-tractor\">Avantages du tracteur \u00e0 conducteur marchant \u00e0 deux roues<\/h2>    <ol class=\"wp-block-list\" type=\"1\"> <li>Structure simple et compacte, fonctionnement l\u00e9ger et flexible. Ce tracteur \u00e0 deux roues \u00e0 conducteur marchant a un faible encombrement global. Et il peut se d\u00e9placer avec souplesse sur le terrain.<\/li>    <li>L\u00e9ger, d\u00e9marrage facile et faible consommation de carburant. La m\u00e9thode de d\u00e9marrage peut \u00eatre un d\u00e9marrage manuel ou un d\u00e9marrage \u00e9lectrique. Les deux m\u00e9thodes sont simples.<\/li>    <li>Bonne fiabilit\u00e9, entretien pratique, bonne praticabilit\u00e9 et forte adaptabilit\u00e9.<\/li>    <li>Le motoculteur avec accessoires peut remorquer une remorque pour un transport court. Le tracteur manuel est \u00e9galement \u00e9quip\u00e9 d'un \u00e9clairage et peut \u00eatre conduit la nuit.<\/li> <\/ol>    <figure class=\"wp-block-gallery has-nested-images columns-default is-cropped wp-block-gallery-3 is-layout-flex wp-block-gallery-is-layout-flex\"> <figure class=\"wp-block-image size-large\"><img loading=\"lazy\" decoding=\"async\" width=\"720\" height=\"540\" data-id=\"2607\" src=\"https:\/\/taizyfarmequipment.com\/wp-content\/uploads\/2022\/02\/manual-tractor.jpg\" alt=\"\" class=\"wp-image-2607\" srcset=\"https:\/\/taizyfarmequipment.com\/wp-content\/uploads\/2022\/02\/manual-tractor.jpg 720w, https:\/\/taizyfarmequipment.com\/wp-content\/uploads\/2022\/02\/manual-tractor-300x225.jpg 300w\" sizes=\"auto, (max-width: 720px) 100vw, 720px\" \/><\/figure>    <figure class=\"wp-block-image size-large\"><img loading=\"lazy\" decoding=\"async\" width=\"720\" height=\"540\" data-id=\"2608\" src=\"https:\/\/taizyfarmequipment.com\/wp-content\/uploads\/2022\/02\/two-wheel-tractor-.jpg\" alt=\"\" class=\"wp-image-2608\" srcset=\"https:\/\/taizyfarmequipment.com\/wp-content\/uploads\/2022\/02\/two-wheel-tractor-.jpg 720w, https:\/\/taizyfarmequipment.com\/wp-content\/uploads\/2022\/02\/two-wheel-tractor--300x225.jpg 300w\" sizes=\"auto, (max-width: 720px) 100vw, 720px\" \/><\/figure> <figcaption class=\"blocks-gallery-caption wp-element-caption\">deux roues marchent derri\u00e8re un tracteur<\/figcaption><\/figure>","protected":false},"excerpt":{"rendered":"<p>Le motoculteur \u00e0 deux roues avec accessoire est un \u00e9quipement pouvant fonctionner avec diverses machines agricoles.<\/p>","protected":false},"author":1,"featured_media":2603,"parent":0,"template":"","tags":[223,224,222,225],"product-type":[135],"class_list":["post-2562","product","type-product","status-publish","has-post-thumbnail","hentry","tag-two-wheel-walking-tractor","tag-walk-behind-tractor","tag-walking-tractor","tag-walking-tractor-with-plough","product-type-manual-tractor"],"_links":{"self":[{"href":"https:\/\/taizyfarmequipment.com\/fr\/wp-json\/wp\/v2\/product\/2562","targetHints":{"allow":["GET"]}}],"collection":[{"href":"https:\/\/taizyfarmequipment.com\/fr\/wp-json\/wp\/v2\/product"}],"about":[{"href":"https:\/\/taizyfarmequipment.com\/fr\/wp-json\/wp\/v2\/types\/product"}],"author":[{"embeddable":true,"href":"https:\/\/taizyfarmequipment.com\/fr\/wp-json\/wp\/v2\/users\/1"}],"wp:featuredmedia":[{"embeddable":true,"href":"https:\/\/taizyfarmequipment.com\/fr\/wp-json\/wp\/v2\/media\/2603"}],"wp:attachment":[{"href":"https:\/\/taizyfarmequipment.com\/fr\/wp-json\/wp\/v2\/media?parent=2562"}],"wp:term":[{"taxonomy":"post_tag","embeddable":true,"href":"https:\/\/taizyfarmequipment.com\/fr\/wp-json\/wp\/v2\/tags?post=2562"},{"taxonomy":"product-type","embeddable":true,"href":"https:\/\/taizyfarmequipment.com\/fr\/wp-json\/wp\/v2\/product-type?post=2562"}],"curies":[{"name":"wp","href":"https:\/\/api.w.org\/{rel}","templated":true}]}}