{"id":2565,"date":"2022-03-24T10:05:46","date_gmt":"2022-03-24T10:05:46","guid":{"rendered":"https:\/\/taizyfarmequipment.com\/"},"modified":"2025-11-26T17:23:34","modified_gmt":"2025-11-26T09:23:34","slug":"semoir-de-graines-de-ble","status":"publish","type":"product","link":"https:\/\/taizyfarmequipment.com\/fr\/product\/wheat-seed-planter\/","title":{"rendered":"Semoir de semences de bl\u00e9 avec machine de plantation de bl\u00e9 \u00e0 engrais"},"content":{"rendered":"<div class=\"kk-star-ratings kksr-auto kksr-align-left kksr-valign-top\"     data-payload='{&quot;align&quot;:&quot;left&quot;,&quot;id&quot;:&quot;2565&quot;,&quot;slug&quot;:&quot;default&quot;,&quot;valign&quot;:&quot;top&quot;,&quot;ignore&quot;:&quot;&quot;,&quot;reference&quot;:&quot;auto&quot;,&quot;class&quot;:&quot;&quot;,&quot;count&quot;:&quot;19&quot;,&quot;legendonly&quot;:&quot;&quot;,&quot;readonly&quot;:&quot;&quot;,&quot;score&quot;:&quot;4.8&quot;,&quot;starsonly&quot;:&quot;&quot;,&quot;best&quot;:&quot;5&quot;,&quot;gap&quot;:&quot;5&quot;,&quot;greet&quot;:&quot;Rate this product&quot;,&quot;legend&quot;:&quot;4.8\\\/5 - (19 votes)&quot;,&quot;size&quot;:&quot;24&quot;,&quot;title&quot;:&quot;Wheat seed planter with fertilizer wheat planting machine&quot;,&quot;width&quot;:&quot;136.7&quot;,&quot;_legend&quot;:&quot;{score}\\\/{best} - ({count} {votes})&quot;,&quot;font_factor&quot;:&quot;1.25&quot;}'>              <div class=\"kksr-stars\">      <div class=\"kksr-stars-inactive\">             <div class=\"kksr-star\" data-star=\"1\" style=\"padding-right: 5px\">               <div class=\"kksr-icon\" style=\"width: 24px; height: 24px;\"><\/div>         <\/div>             <div class=\"kksr-star\" data-star=\"2\" style=\"padding-right: 5px\">               <div class=\"kksr-icon\" style=\"width: 24px; height: 24px;\"><\/div>         <\/div>             <div class=\"kksr-star\" data-star=\"3\" style=\"padding-right: 5px\">               <div class=\"kksr-icon\" style=\"width: 24px; height: 24px;\"><\/div>         <\/div>             <div class=\"kksr-star\" data-star=\"4\" style=\"padding-right: 5px\">               <div class=\"kksr-icon\" style=\"width: 24px; height: 24px;\"><\/div>         <\/div>             <div class=\"kksr-star\" data-star=\"5\" style=\"padding-right: 5px\">               <div class=\"kksr-icon\" style=\"width: 24px; height: 24px;\"><\/div>         <\/div>     <\/div>      <div class=\"kksr-stars-active\" style=\"width: 136.7px;\">             <div class=\"kksr-star\" style=\"padding-right: 5px\">               <div class=\"kksr-icon\" style=\"width: 24px; height: 24px;\"><\/div>         <\/div>             <div class=\"kksr-star\" style=\"padding-right: 5px\">               <div class=\"kksr-icon\" style=\"width: 24px; height: 24px;\"><\/div>         <\/div>             <div class=\"kksr-star\" style=\"padding-right: 5px\">               <div class=\"kksr-icon\" style=\"width: 24px; height: 24px;\"><\/div>         <\/div>             <div class=\"kksr-star\" style=\"padding-right: 5px\">               <div class=\"kksr-icon\" style=\"width: 24px; height: 24px;\"><\/div>         <\/div>             <div class=\"kksr-star\" style=\"padding-right: 5px\">               <div class=\"kksr-icon\" style=\"width: 24px; height: 24px;\"><\/div>         <\/div>     <\/div> <\/div>                   <div class=\"kksr-legend\" style=\"font-size: 19.2px;\">             4,8\/5 - (19 votes)    <\/div>     <\/div>  <p>Avec l\u2019automatisation de la production agricole, l\u2019utilisation des semoirs de bl\u00e9 s\u2019est g\u00e9n\u00e9ralis\u00e9e. Et comme les gens plantent principalement du bl\u00e9 dans les plaines et les collines, la zone de plantation est vaste. Ainsi, si les gens plantent du bl\u00e9, l'efficacit\u00e9 est faible et l'intensit\u00e9 de travail est \u00e9lev\u00e9e. En outre, l\u2019effet des plantations peut ne pas r\u00e9pondre aux attentes des gens.<\/p>    <p class=\"translation-block\">Le semoir \u00e0 bl\u00e9 est tr\u00e8s efficace et \u00e9conomique, avec une bonne qualit\u00e9 de semis et une haute efficacit\u00e9, ce qui fait gagner beaucoup de temps et de main-d'\u0153uvre. Nous disposons aussi de <a href=\"https:\/\/www.agriculture-machine.com\/multifunctional-thresher-mt-860-for-corn-wheat-sorghum-rice\/\" target=\"_blank\" rel=\"noopener\">batteuses \u00e0 bl\u00e9<\/a> pour \u00e9conomiser temps et \u00e9nergie. <\/p>    <h2 class=\"wp-block-heading\" id=\"h-brief-introduction-of-the-wheat-planter\">Br\u00e8ve introduction du semoir \u00e0 bl\u00e9<\/h2>    <p>Le planteur de bl\u00e9 est une sorte d'\u00e9quipement m\u00e9canique qui plante des graines de bl\u00e9 dans le sol gr\u00e2ce \u00e0 un syst\u00e8me m\u00e9canique de plantation. Et le semoir \u00e0 bl\u00e9 convient \u00e0 la fertilisation et au semis du bl\u00e9 dans les plaines et les zones vallonn\u00e9es. En outre, il pr\u00e9sente les caract\u00e9ristiques d\u2019une bonne performance g\u00e9n\u00e9rale, d\u2019une large gamme d\u2019applications et d\u2019un semis uniforme. <\/p>    <p>Le semoir \u00e0 bl\u00e9 peut \u00eatre utilis\u00e9 directement apr\u00e8s le labour rotatif, sans pr\u00e9paration du sol, ce qui permet d'\u00e9conomiser du temps et des efforts. Une seule op\u00e9ration peut r\u00e9aliser des op\u00e9rations telles que le nivellement, la combinaison de l'humidit\u00e9, le semis, le recouvrement, la suppression et l'\u00e9rection de bordures verticales.<\/p>    <p class=\"translation-block\">Les tracteurs fournissent la puissance aux semoirs \u00e0 bl\u00e9 par le biais d\u2019un attelage trois points. Selon les besoins des clients, il existe principalement des mod\u00e8les 12 rangs, 14 rangs, 16 rangs et 20 rangs. Nous avons \u00e9galement d\u2019autres mod\u00e8les pour r\u00e9pondre \u00e0 diff\u00e9rents besoins de plantation. Nous pouvons aussi assortir la machine avec diff\u00e9rentes fonctions telles que le labour rotatif et la fertilisation pour satisfaire vos diff\u00e9rentes exigences. De plus, nous disposons de <a href=\"https:\/\/www.agriculture-machine.com\/multifunctional-thresher-mt-860-for-corn-wheat-sorghum-rice\/\" target=\"_blank\" rel=\"noopener\">batteuses multifonctions<\/a> qui peuvent aider l\u2019agriculteur \u00e0 \u00e9conomiser beaucoup d\u2019\u00e9nergie.  <\/p>    <figure class=\"wp-block-gallery has-nested-images columns-2 is-cropped wp-block-gallery-2 is-layout-flex wp-block-gallery-is-layout-flex\"> <figure class=\"wp-block-image size-large\"><img loading=\"lazy\" decoding=\"async\" width=\"720\" height=\"540\" data-id=\"3071\" src=\"https:\/\/taizyfarmequipment.com\/wp-content\/uploads\/2022\/03\/wheat-planting-machine1.jpg\" alt=\"planteuse de bl\u00e9\" class=\"wp-image-3071\" title=\"planteuse de bl\u00e9\"\/><figcaption class=\"wp-element-caption\">planteuse de bl\u00e9<\/figcaption><\/figure>    <figure class=\"wp-block-image size-large\"><img loading=\"lazy\" decoding=\"async\" width=\"720\" height=\"540\" data-id=\"3073\" src=\"https:\/\/taizyfarmequipment.com\/wp-content\/uploads\/2022\/03\/three-row-wheat-planter1.jpg\" alt=\"semoir de bl\u00e9 \u00e0 trois rangs\" class=\"wp-image-3073\" title=\"semoir de bl\u00e9 \u00e0 trois rangs\"\/><figcaption class=\"wp-element-caption\">semoir de bl\u00e9 \u00e0 trois rangs<\/figcaption><\/figure> <figcaption class=\"blocks-gallery-caption wp-element-caption\">semoir de bl\u00e9<\/figcaption><\/figure>    <h2 class=\"wp-block-heading\" id=\"structure-of-the-multi-row-wheat-seed-planter\">Structure du semoir de semences de bl\u00e9 multi-rangs<\/h2>    <p>Le semoir de bl\u00e9 comprend un cadre, une tr\u00e9mie \u00e0 semences, une bo\u00eete \u00e0 engrais, un ouvre-disque, un tambour rotatif de pressage, une planche de recouvrement du sol, et analogue.<\/p>    <p>Le cadre adopte des tubes carr\u00e9s de haute qualit\u00e9 qui relient toutes les pi\u00e8ces fonctionnelles. Et nous le connectons au tracteur via les bras de suspension sup\u00e9rieur et inf\u00e9rieur du ch\u00e2ssis. Fiez-vous au contr\u00f4le du relevage du tracteur pour terminer la plantation et le transfert des parcelles.<\/p>    <p>(1) Le cadre est principalement de type monopoutre. Nous y installerons toutes les pi\u00e8ces fonctionnelles et prendrons en charge l\u2019ensemble de la machine.<\/p>    <p>(2) Composants d'ensemencement. Un doseur de graines m\u00e9canique ou pneumatique connect\u00e9 \u00e0 la tr\u00e9mie peut r\u00e9aliser un semis pr\u00e9cis. Il se connecte \u00e0 un grattoir \u00e0 graines r\u00e9glable et \u00e0 un poussoir \u00e0 graines.<\/p>    <p>(3) Pi\u00e8ces de d\u00e9chargement d'engrais, y compris bo\u00eete de d\u00e9chargement, dispositif de d\u00e9chargement, tuyau d'engrais et ouvre-fertilisant.<\/p>    <p>(4) Pi\u00e8ces travaillant le sol. Il comprend un ouvre-foss\u00e9, un couvre-sol, une roue de profilage, une roue de pressage, une roue de pressage des graines, son m\u00e9canisme de liaison, etc.<\/p>    <figure class=\"wp-block-image size-full is-resized\"><img loading=\"lazy\" decoding=\"async\" width=\"720\" height=\"540\" src=\"https:\/\/taizyfarmequipment.com\/wp-content\/uploads\/2022\/03\/wheat-planters-structure-.jpg\" alt=\"structure du semoir de bl\u00e9 \u00e0 plusieurs rangs\" class=\"wp-image-3078\" style=\"width:720px;height:540px\" title=\"structure du semoir de bl\u00e9 \u00e0 plusieurs rangs\"\/><figcaption class=\"wp-element-caption\">structure du semoir de bl\u00e9 multi-rangs<\/figcaption><\/figure>    <h2 class=\"wp-block-heading\" id=\"work-flow-of-the-wheat-planting-machine\">Flux de travail de la planteuse de bl\u00e9<\/h2>    <p>Le tracteur tire le dispositif de semis et le dispositif de fertilisation du semoir de bl\u00e9 pour fertiliser et semer la terre.<\/p>    <p>Tout d'abord, le tracteur entra\u00eene le soc pour ouvrir le sol, et le tuyau d'engrais entre dans l'ouvreur pour commencer \u00e0 fertiliser la tranch\u00e9e d\u00e9j\u00e0 ouverte. Il active ensuite le dispositif semeur pour semer dans le sol. La roue de compactage ameublit ensuite le sol dans la tranch\u00e9e et le compacte pour terminer l'op\u00e9ration de plantation du bl\u00e9.<\/p>    <h2 class=\"wp-block-heading\" id=\"parameter-of-the-6-rows-wheat-planter\">Param\u00e8tre du semoir \u00e0 bl\u00e9 6 rangs<\/h2>    <figure class=\"wp-block-table\"><table><tbody><tr><td>Taille (mm)<\/td><td>Poids (kg)<\/td><td>HP<\/td><td>Num\u00e9ro de ligne<\/td><td>Volume de la tr\u00e9mie (L)<\/td><td>Volume du r\u00e9servoir d'engrais (L)<\/td><td>Efficacit\u00e9 de travail pure (hm\u00b2\/h)<\/td><\/tr><tr><td><br>1650*3600*1300<\/td><td>900<\/td><td>85 ch-130 ch<\/td><td>6<\/td><td>20*6<\/td><td>390<\/td><td>1-1.2<\/td><\/tr><\/tbody><\/table><figcaption class=\"wp-element-caption\">Param\u00e8tre du semoir de bl\u00e9<\/figcaption><\/figure>    <h2 class=\"wp-block-heading\" id=\"advantages-of-the-wheat-planter-equipment\">Avantages de l'\u00e9quipement semoir \u00e0 bl\u00e9<\/h2>    <ol class=\"wp-block-list\"> <li>Assurez-vous que les graines sont r\u00e9parties de la mani\u00e8re la plus raisonnable possible dans le champ et que la quantit\u00e9 sem\u00e9e est exacte.<\/li>    <li>La profondeur de semis est la m\u00eame, cr\u00e9ant ainsi les meilleures conditions pour la croissance et le d\u00e9veloppement des graines. Ainsi, cela peut \u00e9conomiser beaucoup de graines, r\u00e9duire le travail des semis au champ et assurer un rendement stable et \u00e9lev\u00e9 des cultures.<\/li>    <li>L'espacement des rangs est stable, couvre bien le sol, \u00e9conomise les graines et l'efficacit\u00e9 du travail est \u00e9lev\u00e9e.<\/li> <\/ol>    <h2 class=\"wp-block-heading\" id=\"features-of-the-multi-rows-wheat-planter\">Caract\u00e9ristiques du semoir \u00e0 bl\u00e9 multi-rangs <\/h2>    <ol class=\"wp-block-list\"> <li>Les deux jeux de disques rainur\u00e9s constituent un ensemble de corps de liaison, et nous pouvons simuler chaque disque individuellement.<\/li>    <li>L'extr\u00e9mit\u00e9 sup\u00e9rieure de chaque disque de foss\u00e9 est \u00e9quip\u00e9e de poign\u00e9es de r\u00e9glage, ce qui est pratique et rapide.<\/li>    <li>Afin de garantir une profondeur constante, nous \u00e9quipons le disque de foss\u00e9 sur la machine.<\/li>    <li>Il existe un ensemble de poign\u00e9es de r\u00e9glage pour la roue de concassage de terre et le panneau de couverture de terre, ce qui est pratique et rapide. Chaque jeu de dalles de rev\u00eatement est muni d'un jeu de ressorts. La largeur est \u00e9gale \u00e0 la largeur des semis et l'espacement est petit, et l'effet de couverture du sol et de suppression est bon.<\/li>    <li>La poutre \u00e9tendue est facile \u00e0 installer et \u00e0 utiliser.<\/li> <\/ol>    <figure class=\"wp-block-gallery has-nested-images columns-default is-cropped wp-block-gallery-3 is-layout-flex wp-block-gallery-is-layout-flex\"> <figure class=\"wp-block-image size-large\"><img loading=\"lazy\" decoding=\"async\" width=\"720\" height=\"540\" data-id=\"3075\" src=\"https:\/\/taizyfarmequipment.com\/wp-content\/uploads\/2022\/03\/grain-planter-.jpg\" alt=\"planteur de c\u00e9r\u00e9ales\" class=\"wp-image-3075\" title=\"planteur de c\u00e9r\u00e9ales\"\/><figcaption class=\"wp-element-caption\">planteur de c\u00e9r\u00e9ales<\/figcaption><\/figure>    <figure class=\"wp-block-image size-large\"><img loading=\"lazy\" decoding=\"async\" width=\"720\" height=\"540\" data-id=\"3076\" src=\"https:\/\/taizyfarmequipment.com\/wp-content\/uploads\/2022\/03\/manufacture-of-wheat-planter1.jpg\" alt=\"fabrication de semoir \u00e0 bl\u00e9\" class=\"wp-image-3076\" title=\"fabrication de semoir \u00e0 bl\u00e9\"\/><figcaption class=\"wp-element-caption\">fabrication de semoir \u00e0 bl\u00e9<\/figcaption><\/figure> <\/figure>    <h2 class=\"wp-block-heading\" id=\"maintenance-of-wheat-planter-with-fertilizer\">Entretien du semoir \u00e0 bl\u00e9 avec engrais<\/h2>    <p>L\u2019utilisation de jardini\u00e8res pr\u00e9sente une forte saisonnalit\u00e9. La maintenance de l'\u00e9quipement consiste \u00e0 lui assurer un bon \u00e9tat de fonctionnement, \u00e0 r\u00e9duire les pannes et \u00e0 am\u00e9liorer l'efficacit\u00e9 du travail.<\/p>    <p> 1. Lorsque la machine roule \u00e0 grande vitesse sur route, le releveur du tracteur doit \u00eatre verrouill\u00e9. Il est strictement interdit de conduire en tirant la machine.<\/p>    <p>2. V\u00e9rifiez toutes les fixations et connecteurs avant de planter. S'il y a du jeu, resserrez-le \u00e0 temps.<\/p>    <p>3. Pendant le fonctionnement, l'op\u00e9rateur doit suivre strictement les proc\u00e9dures d'exploitation s\u00fbres afin de r\u00e9duire l'usure inutile de la machine.<\/p>    <p>4. Apr\u00e8s chaque quart de travail, nous devons enlever la terre sur toutes les pi\u00e8ces de la machine.<\/p>    <p>5. V\u00e9rifiez fr\u00e9quemment le mouvement de chaque paire rotative. Si l'usure est grave, nous devons remplacer les pi\u00e8ces correspondantes \u00e0 temps. Et peindre les pi\u00e8ces d\u00e9cap\u00e9es.<\/p>    <p>6. Apr\u00e8s utilisation chaque saison, nous devons nettoyer et entretenir \u00e0 temps. Assurez-vous de rincer l'engrais, de v\u00e9rifier toutes les pi\u00e8ces et d'ajouter de l'huile antirouille. Et puis mettez-le dans l'inventaire.<\/p>","protected":false},"excerpt":{"rendered":"<p>Les planteurs de bl\u00e9 peuvent planter des graines de bl\u00e9 gr\u00e2ce \u00e0 un syst\u00e8me m\u00e9canique de plantation. Il convient \u00e0 la plantation dans les plaines et les zones vallonn\u00e9es.<\/p>","protected":false},"author":1,"featured_media":3070,"parent":0,"template":"","tags":[],"product-type":[235],"class_list":["post-2565","product","type-product","status-publish","has-post-thumbnail","hentry","product-type-planter"],"_links":{"self":[{"href":"https:\/\/taizyfarmequipment.com\/fr\/wp-json\/wp\/v2\/product\/2565","targetHints":{"allow":["GET"]}}],"collection":[{"href":"https:\/\/taizyfarmequipment.com\/fr\/wp-json\/wp\/v2\/product"}],"about":[{"href":"https:\/\/taizyfarmequipment.com\/fr\/wp-json\/wp\/v2\/types\/product"}],"author":[{"embeddable":true,"href":"https:\/\/taizyfarmequipment.com\/fr\/wp-json\/wp\/v2\/users\/1"}],"wp:featuredmedia":[{"embeddable":true,"href":"https:\/\/taizyfarmequipment.com\/fr\/wp-json\/wp\/v2\/media\/3070"}],"wp:attachment":[{"href":"https:\/\/taizyfarmequipment.com\/fr\/wp-json\/wp\/v2\/media?parent=2565"}],"wp:term":[{"taxonomy":"post_tag","embeddable":true,"href":"https:\/\/taizyfarmequipment.com\/fr\/wp-json\/wp\/v2\/tags?post=2565"},{"taxonomy":"product-type","embeddable":true,"href":"https:\/\/taizyfarmequipment.com\/fr\/wp-json\/wp\/v2\/product-type?post=2565"}],"curies":[{"name":"wp","href":"https:\/\/api.w.org\/{rel}","templated":true}]}}